{"id":38208,"date":"2025-07-30T11:50:18","date_gmt":"2025-07-30T18:50:18","guid":{"rendered":"https:\/\/www.anyload.com\/?page_id=38208"},"modified":"2026-01-06T11:42:32","modified_gmt":"2026-01-06T19:42:32","slug":"road-line-painting-vehicle","status":"publish","type":"page","link":"https:\/\/www.anyload.com\/fr\/etudes-de-cas\/road-line-painting-vehicle\/","title":{"rendered":"V\u00e9hicule de peinture de lignes routi\u00e8res"},"content":{"rendered":"<div data-elementor-type=\"wp-page\" data-elementor-id=\"38208\" class=\"elementor elementor-38208\" data-elementor-post-type=\"page\">\n\t\t\t\t<div class=\"elementor-element elementor-element-2d330d6 e-flex e-con-boxed e-con e-parent\" data-id=\"2d330d6\" data-element_type=\"container\">\n\t\t\t\t\t<div class=\"e-con-inner\">\n\t\t<div class=\"elementor-element elementor-element-2a80b84 e-con-full e-flex e-con e-child\" data-id=\"2a80b84\" data-element_type=\"container\">\n\t\t\t\t<div class=\"elementor-element elementor-element-99e36d6 elementor-widget elementor-widget-woocommerce-breadcrumb\" data-id=\"99e36d6\" data-element_type=\"widget\" data-widget_type=\"woocommerce-breadcrumb.default\">\n\t\t\t\t<div class=\"elementor-widget-container\">\n\t\t\t\t\t<nav class=\"woocommerce-breadcrumb\" aria-label=\"Breadcrumb\" data-no-translation=\"\" data-trp-gettext=\"\">Accueil<\/nav>\t\t\t\t<\/div>\n\t\t\t\t<\/div>\n\t\t\t\t<\/div>\n\t\t\t\t\t<\/div>\n\t\t\t\t<\/div>\n\t\t<div class=\"elementor-element elementor-element-cb1f4b0 e-grid e-con-boxed e-con e-parent\" data-id=\"cb1f4b0\" data-element_type=\"container\">\n\t\t\t\t\t<div class=\"e-con-inner\">\n\t\t<div class=\"elementor-element elementor-element-bf98186 e-con-full e-flex e-con e-child\" data-id=\"bf98186\" data-element_type=\"container\">\n\t\t\t\t<div class=\"elementor-element elementor-element-05f8a61 elementor-widget elementor-widget-heading\" data-id=\"05f8a61\" data-element_type=\"widget\" data-widget_type=\"heading.default\">\n\t\t\t\t<div class=\"elementor-widget-container\">\n\t\t\t\t\t<h1 class=\"elementor-heading-title elementor-size-xxl\">V\u00e9hicule de peinture de lignes routi\u00e8res<\/h1>\t\t\t\t<\/div>\n\t\t\t\t<\/div>\n\t\t\t\t<div class=\"elementor-element elementor-element-f3f98d4 elementor-widget elementor-widget-text-editor\" data-id=\"f3f98d4\" data-element_type=\"widget\" data-widget_type=\"text-editor.default\">\n\t\t\t\t<div class=\"elementor-widget-container\">\n\t\t\t\t\t\t\t\t\t<p><span data-teams=\"true\"><span class=\"ui-provider a b c d e f g h i j k l m n o p q r s t u v w x y z ab ac ae af ag ah ai aj ak\" dir=\"ltr\">Pesage de tambour de peinture mobile pour le mat\u00e9riel de marquage des lignes routi\u00e8res<\/span><\/span><\/p>\t\t\t\t\t\t\t\t<\/div>\n\t\t\t\t<\/div>\n\t\t\t\t<div class=\"elementor-element elementor-element-da33201 elementor-widget elementor-widget-text-editor\" data-id=\"da33201\" data-element_type=\"widget\" data-widget_type=\"text-editor.default\">\n\t\t\t\t<div class=\"elementor-widget-container\">\n\t\t\t\t\t\t\t\t\t<p>Line painting vehicles play a vital role in maintaining traffic safety with consistent markings across roads and highways. Monitoring paint usage is critical to ensure consistent line density during operations, especially in a dynamic environment. To address this, ANYLOAD 563YH single ended shear beam load cells are integrated into the mobile paint striper to track the live weight of the mounted paint drum during operation.<\/p>\t\t\t\t\t\t\t\t<\/div>\n\t\t\t\t<\/div>\n\t\t\t\t<div class=\"elementor-element elementor-element-6e46c79 elementor-widget elementor-widget-heading\" data-id=\"6e46c79\" data-element_type=\"widget\" data-widget_type=\"heading.default\">\n\t\t\t\t<div class=\"elementor-widget-container\">\n\t\t\t\t\t<h2 class=\"elementor-heading-title elementor-size-default\">D\u00e9fi<\/h2>\t\t\t\t<\/div>\n\t\t\t\t<\/div>\n\t\t\t\t<div class=\"elementor-element elementor-element-3b62c10 elementor-widget elementor-widget-text-editor\" data-id=\"3b62c10\" data-element_type=\"widget\" data-widget_type=\"text-editor.default\">\n\t\t\t\t<div class=\"elementor-widget-container\">\n\t\t\t\t\t\t\t\t\t<ol><li><strong>Weight Monitoring in Motion:<\/strong> The system needs to continuously monitor paint volume while the vehicle is in motion, requiring a stiff and high accuracy setup to record stable weight data without vibrations and shifting loads.<\/li><li><strong>Low-Profile, Outdoor Mounting:<\/strong> The load cell must fit within a small area underneath the paint drum without affecting the operation of the system (i.e. notably increasing the vehicle\u2019s center of gravity). The sensor must also be able to perform reliably in outdoor environments with exposure to water, temperature swings, chemical overspray, and road debris.<\/li><li><strong>High Linearity:<\/strong> The tank\u2019s weight must remain accurate at all fill volumes as the paint container will frequently be drained and filled, requiring the load cell to maintain precision throughout the whole measurement range.<\/li><\/ol>\t\t\t\t\t\t\t\t<\/div>\n\t\t\t\t<\/div>\n\t\t\t\t<div class=\"elementor-element elementor-element-2a920aa elementor-widget elementor-widget-heading\" data-id=\"2a920aa\" data-element_type=\"widget\" data-widget_type=\"heading.default\">\n\t\t\t\t<div class=\"elementor-widget-container\">\n\t\t\t\t\t<h2 class=\"elementor-heading-title elementor-size-default\">Solution<\/h2>\t\t\t\t<\/div>\n\t\t\t\t<\/div>\n\t\t\t\t<div class=\"elementor-element elementor-element-bd55d4e elementor-widget elementor-widget-text-editor\" data-id=\"bd55d4e\" data-element_type=\"widget\" data-widget_type=\"text-editor.default\">\n\t\t\t\t<div class=\"elementor-widget-container\">\n\t\t\t\t\t\t\t\t\t<p>1. The 563YH single ended shear beam load cell was chosen for its compact form factor, high resistance to off-axis and side loading, and stiffness, ideal for mobile use and installations in demanding and dynamic conditions.<\/p><p>2. The load cell provides continuous real-time weight data with minimal structural changes to the vehicle by mounting directly beneath the paint drum platform.<\/p><p>3. The IP67 or higher environmental rating ensures the sensor will operate reliably while withstanding road spray and debris during painting.<\/p><p>4. The load cell is calibrated for the full weight range of the drum, ensuring accurate monitoring as the paint level decreases throughout the jobs performed.<\/p><p>5. Integrated signal output allows the driver to see the paint levels in real time and plan refills without major workflow interruptions.<\/p>\t\t\t\t\t\t\t\t<\/div>\n\t\t\t\t<\/div>\n\t\t\t\t<div class=\"elementor-element elementor-element-09dd477 elementor-button-warning elementor-align-justify elementor-widget__width-initial elementor-widget elementor-widget-button\" data-id=\"09dd477\" data-element_type=\"widget\" data-widget_type=\"button.default\">\n\t\t\t\t<div class=\"elementor-widget-container\">\n\t\t\t\t\t\t\t\t\t<div class=\"elementor-button-wrapper\">\n\t\t\t\t\t<a class=\"elementor-button elementor-button-link elementor-size-sm\" href=\"https:\/\/www.anyload.com\/fr\/solutions-sur-mesure\/demander-des-solutions-personnalisees\/\">\n\t\t\t\t\t\t<span class=\"elementor-button-content-wrapper\">\n\t\t\t\t\t\t\t\t\t<span class=\"elementor-button-text\">SOUMETTRE UNE DEMANDE<\/span>\n\t\t\t\t\t<\/span>\n\t\t\t\t\t<\/a>\n\t\t\t\t<\/div>\n\t\t\t\t\t\t\t\t<\/div>\n\t\t\t\t<\/div>\n\t\t\t\t<div class=\"elementor-element elementor-element-75343be elementor-widget elementor-widget-heading\" data-id=\"75343be\" data-element_type=\"widget\" data-widget_type=\"heading.default\">\n\t\t\t\t<div class=\"elementor-widget-container\">\n\t\t\t\t\t<h2 class=\"elementor-heading-title elementor-size-default\">Conclusion<\/h2>\t\t\t\t<\/div>\n\t\t\t\t<\/div>\n\t\t\t\t<div class=\"elementor-element elementor-element-35b7d8a elementor-widget elementor-widget-text-editor\" data-id=\"35b7d8a\" data-element_type=\"widget\" data-widget_type=\"text-editor.default\">\n\t\t\t\t<div class=\"elementor-widget-container\">\n\t\t\t\t\t\t\t\t\t<p>The integration of the 563YH single-ended shear beam load cell enables real-time monitoring of the paint usage in Core Equipment\u2019s road line painting vehicle, reducing downtime from unexpected refills and ensuring consistently laid road lines, crucial for driver safety. The compact and durable design make it ideal for dynamic, mobile applications such as on top of a vehicle. For more information on sensors and custom applications, please contact ANYLOAD.<\/p>\t\t\t\t\t\t\t\t<\/div>\n\t\t\t\t<\/div>\n\t\t\t\t<\/div>\n\t\t<div class=\"elementor-element elementor-element-6edbe71 e-con-full e-flex e-con e-child\" data-id=\"6edbe71\" data-element_type=\"container\">\n\t\t\t\t<div class=\"elementor-element elementor-element-c994d8e elementor-widget elementor-widget-image\" data-id=\"c994d8e\" data-element_type=\"widget\" data-widget_type=\"image.default\">\n\t\t\t\t<div class=\"elementor-widget-container\">\n\t\t\t\t\t\t\t\t\t\t\t\t<figure class=\"wp-caption\">\n\t\t\t\t\t\t\t\t\t\t<img decoding=\"async\" src=\"https:\/\/www.anyload.com\/wp-content\/uploads\/2025\/07\/Painting-Roadtruck-CallOut-Verticle-scaled.jpg\" title=\"Painting-Roadtruck-CallOut-Verticle\" alt=\"Painting-Roadtruck-CallOut-Verticle\" loading=\"lazy\" \/>\t\t\t\t\t\t\t\t\t\t\t<figcaption class=\"widget-image-caption wp-caption-text\"><\/figcaption>\n\t\t\t\t\t\t\t\t\t\t<\/figure>\n\t\t\t\t\t\t\t\t\t<\/div>\n\t\t\t\t<\/div>\n\t\t\t\t<div class=\"elementor-element elementor-element-434e718 elementor-widget elementor-widget-image\" data-id=\"434e718\" data-element_type=\"widget\" data-widget_type=\"image.default\">\n\t\t\t\t<div class=\"elementor-widget-container\">\n\t\t\t\t\t\t\t\t\t\t\t\t\t\t\t<img fetchpriority=\"high\" decoding=\"async\" width=\"1024\" height=\"576\" src=\"https:\/\/www.anyload.com\/wp-content\/uploads\/2025\/07\/563YH-PaintTruck-Grid-1024x576.jpg\" class=\"attachment-large size-large wp-image-38953\" alt=\"\" srcset=\"https:\/\/www.anyload.com\/wp-content\/uploads\/2025\/07\/563YH-PaintTruck-Grid-1024x576.jpg 1024w, https:\/\/www.anyload.com\/wp-content\/uploads\/2025\/07\/563YH-PaintTruck-Grid-450x253.jpg 450w, https:\/\/www.anyload.com\/wp-content\/uploads\/2025\/07\/563YH-PaintTruck-Grid-768x432.jpg 768w, https:\/\/www.anyload.com\/wp-content\/uploads\/2025\/07\/563YH-PaintTruck-Grid-1536x864.jpg 1536w, https:\/\/www.anyload.com\/wp-content\/uploads\/2025\/07\/563YH-PaintTruck-Grid-2048x1152.jpg 2048w, https:\/\/www.anyload.com\/wp-content\/uploads\/2025\/07\/563YH-PaintTruck-Grid-500x281.jpg 500w\" sizes=\"(max-width: 1024px) 100vw, 1024px\" \/>\t\t\t\t\t\t\t\t\t\t\t\t\t\t\t<\/div>\n\t\t\t\t<\/div>\n\t\t\t\t<\/div>\n\t\t\t\t\t<\/div>\n\t\t\t\t<\/div>\n\t\t<div class=\"elementor-element elementor-element-48b47f9 e-con-full e-flex e-con e-parent\" data-id=\"48b47f9\" data-element_type=\"container\">\n\t\t<div class=\"elementor-element elementor-element-06f3943 e-flex e-con-boxed e-con e-child\" data-id=\"06f3943\" data-element_type=\"container\">\n\t\t\t\t\t<div class=\"e-con-inner\">\n\t\t\t\t<div class=\"elementor-element elementor-element-b2b8791 elementor-widget elementor-widget-heading\" data-id=\"b2b8791\" data-element_type=\"widget\" data-widget_type=\"heading.default\">\n\t\t\t\t<div class=\"elementor-widget-container\">\n\t\t\t\t\t<h3 class=\"elementor-heading-title elementor-size-default\">Produits vedettes<\/h3>\t\t\t\t<\/div>\n\t\t\t\t<\/div>\n\t\t\t\t\t<\/div>\n\t\t\t\t<\/div>\n\t\t\t\t<\/div>\n\t\t<div class=\"elementor-element elementor-element-764358f e-con-full e-flex e-con e-parent\" data-id=\"764358f\" data-element_type=\"container\">\n\t\t<div class=\"elementor-element elementor-element-18eddef e-con-full e-flex e-con e-child\" data-id=\"18eddef\" data-element_type=\"container\">\n\t\t\t\t<div class=\"elementor-element elementor-element-3ada190 elementor-widget elementor-widget-heading\" data-id=\"3ada190\" data-element_type=\"widget\" data-widget_type=\"heading.default\">\n\t\t\t\t<div class=\"elementor-widget-container\">\n\t\t\t\t\t<h3 class=\"elementor-heading-title elementor-size-default\"><a href=\"https:\/\/www.anyload.com\/fr\/product\/563yh-23-single-ended-beam-load-cell\/\" style=\"font-family: Pilat;font-size: 36px;color: #D52B1E;font-weight: 800\">563YH-23<\/a><br>\n\n<span style=\"font-family: Pilat;font-size: 28px;font-weight: 300;color: #2D2F36\">Capteur de pesage \u00e0 simple effet<\/span> \n\n\n<br>\n\n<a href=\"https:\/\/www.anyload.com\/fr\/product\/563yh-23-single-ended-beam-load-cell\/\" style=\"font-size: 15px;color: #1D4289;font-weight: normal\">Voir la version standard.<\/a><br>\n\n\n<\/h3>\t\t\t\t<\/div>\n\t\t\t\t<\/div>\n\t\t\t\t<\/div>\n\t\t<div class=\"elementor-element elementor-element-82f9675 e-con-full e-flex e-con e-child\" data-id=\"82f9675\" data-element_type=\"container\">\n\t\t\t\t<div class=\"elementor-element elementor-element-fb6e7db elementor-widget elementor-widget-image\" data-id=\"fb6e7db\" data-element_type=\"widget\" data-widget_type=\"image.default\">\n\t\t\t\t<div class=\"elementor-widget-container\">\n\t\t\t\t\t\t\t\t\t\t\t\t\t\t\t\t<a href=\"https:\/\/www.anyload.com\/fr\/product\/563yh-23-single-ended-beam-load-cell\/\">\n\t\t\t\t\t\t\t<img decoding=\"async\" width=\"450\" height=\"450\" src=\"https:\/\/www.anyload.com\/wp-content\/uploads\/2020\/05\/Anyload-563YH-23-load-cell-transducer-450x450.webp\" class=\"attachment-medium size-medium wp-image-34231\" alt=\"\" srcset=\"https:\/\/www.anyload.com\/wp-content\/uploads\/2020\/05\/Anyload-563YH-23-load-cell-transducer-450x450.webp 450w, https:\/\/www.anyload.com\/wp-content\/uploads\/2020\/05\/Anyload-563YH-23-load-cell-transducer-1024x1024.webp 1024w, https:\/\/www.anyload.com\/wp-content\/uploads\/2020\/05\/Anyload-563YH-23-load-cell-transducer-150x150.webp 150w, https:\/\/www.anyload.com\/wp-content\/uploads\/2020\/05\/Anyload-563YH-23-load-cell-transducer-768x768.webp 768w, https:\/\/www.anyload.com\/wp-content\/uploads\/2020\/05\/Anyload-563YH-23-load-cell-transducer-1536x1536.webp 1536w, https:\/\/www.anyload.com\/wp-content\/uploads\/2020\/05\/Anyload-563YH-23-load-cell-transducer-2048x2048.webp 2048w, https:\/\/www.anyload.com\/wp-content\/uploads\/2020\/05\/Anyload-563YH-23-load-cell-transducer-500x500.webp 500w, https:\/\/www.anyload.com\/wp-content\/uploads\/2020\/05\/Anyload-563YH-23-load-cell-transducer-100x100.webp 100w\" sizes=\"(max-width: 450px) 100vw, 450px\" \/>\t\t\t\t\t\t\t\t<\/a>\n\t\t\t\t\t\t\t\t\t\t\t\t\t\t\t<\/div>\n\t\t\t\t<\/div>\n\t\t\t\t<\/div>\n\t\t<div class=\"elementor-element elementor-element-0f763d2 e-con-full e-flex e-con e-child\" data-id=\"0f763d2\" data-element_type=\"container\">\n\t\t\t\t<div class=\"elementor-element elementor-element-62830db elementor-widget elementor-widget-text-editor\" data-id=\"62830db\" data-element_type=\"widget\" data-widget_type=\"text-editor.default\">\n\t\t\t\t<div class=\"elementor-widget-container\">\n\t\t\t\t\t\t\t\t\t<ul><li>Mat\u00e9riau : Acier alli\u00e9<\/li><li>Capacit\u00e9s nominales : 250lb, 500lb, 750lb, 1Klb, 1.5Klb, 2Klb, 2.5Klb, 4Klb, SE5Klb, 5Klb, 10Klb, 15Klb, 20Klb<\/li><li>Certifi\u00e9 CE, RoHS et Ex<br \/><br \/>\u00c9conomique et robuste, le 563YH-23 est un capteur de pesage \u00e0 faisceau unique. Son profil bas, sa r\u00e9sistance \u00e0 l'eau IP67 et sa haute r\u00e9sistance \u00e0 la surcharge, aux chocs et aux charges lat\u00e9rales en font un capteur tr\u00e8s appr\u00e9ci\u00e9 pour les applications de haute pr\u00e9cision. Ce mod\u00e8le est populaire dans les applications de haute pr\u00e9cision, y compris les balances \u00e0 plate-forme, les p\u00e8se-palettes, le pesage de processus, et plus encore.<\/li><\/ul>\t\t\t\t\t\t\t\t<\/div>\n\t\t\t\t<\/div>\n\t\t\t\t<\/div>\n\t\t\t\t<\/div>\n\t\t<div class=\"elementor-element elementor-element-e4f22fd e-flex e-con-boxed e-con e-parent\" data-id=\"e4f22fd\" data-element_type=\"container\" data-settings=\"{&quot;background_background&quot;:&quot;classic&quot;}\">\n\t\t\t\t\t<div class=\"e-con-inner\">\n\t\t<div class=\"elementor-element elementor-element-5ba5fba e-flex e-con-boxed e-con e-child\" data-id=\"5ba5fba\" data-element_type=\"container\">\n\t\t\t\t\t<div class=\"e-con-inner\">\n\t\t\t\t<div class=\"elementor-element elementor-element-e49e170 elementor-widget elementor-widget-heading\" data-id=\"e49e170\" data-element_type=\"widget\" data-widget_type=\"heading.default\">\n\t\t\t\t<div class=\"elementor-widget-container\">\n\t\t\t\t\t<h4 class=\"elementor-heading-title elementor-size-xxl\"><a href=\"https:\/\/www.anyload.com\/fr\/etudes-de-cas\/\" style=\"font-family: Pilat;font-weight: 600;font-size: 50px;text-decoration: none;color: inherit\">\n    Explorer les \u00e9tudes de cas\n<\/a><\/h4>\t\t\t\t<\/div>\n\t\t\t\t<\/div>\n\t\t\t\t\t<\/div>\n\t\t\t\t<\/div>\n\t\t<div class=\"elementor-element elementor-element-3aa123d e-grid e-con-boxed e-con e-child\" data-id=\"3aa123d\" data-element_type=\"container\">\n\t\t\t\t\t<div class=\"e-con-inner\">\n\t\t\t\t<div class=\"elementor-element elementor-element-3243e25 elementor-position-top elementor-widget elementor-widget-image-box\" data-id=\"3243e25\" data-element_type=\"widget\" data-widget_type=\"image-box.default\">\n\t\t\t\t<div class=\"elementor-widget-container\">\n\t\t\t\t\t<div class=\"elementor-image-box-wrapper\"><figure class=\"elementor-image-box-img\"><a href=\"https:\/\/www.anyload.com\/fr\/etudes-de-cas\/pesage-de-chariots-dengrais\/\" tabindex=\"-1\"><img decoding=\"async\" width=\"500\" height=\"330\" src=\"https:\/\/www.anyload.com\/wp-content\/uploads\/2024\/04\/Pull-Type-Fertilizer-Cart-Load-Cells-ANYLOAD-03-scaled-500x330.jpg\" class=\"attachment-woocommerce_single size-woocommerce_single wp-image-29072\" alt=\"Un chariot d&#039;engrais utilisant la cellule de charge 563YS Single Ended Beam d&#039;Anyload.\" srcset=\"https:\/\/www.anyload.com\/wp-content\/uploads\/2024\/04\/Pull-Type-Fertilizer-Cart-Load-Cells-ANYLOAD-03-scaled-500x330.jpg 500w, https:\/\/www.anyload.com\/wp-content\/uploads\/2024\/04\/Pull-Type-Fertilizer-Cart-Load-Cells-ANYLOAD-03-scaled-450x297.jpg 450w, https:\/\/www.anyload.com\/wp-content\/uploads\/2024\/04\/Pull-Type-Fertilizer-Cart-Load-Cells-ANYLOAD-03-scaled-1024x677.jpg 1024w, https:\/\/www.anyload.com\/wp-content\/uploads\/2024\/04\/Pull-Type-Fertilizer-Cart-Load-Cells-ANYLOAD-03-scaled-768x508.jpg 768w, https:\/\/www.anyload.com\/wp-content\/uploads\/2024\/04\/Pull-Type-Fertilizer-Cart-Load-Cells-ANYLOAD-03-scaled-1536x1015.jpg 1536w, https:\/\/www.anyload.com\/wp-content\/uploads\/2024\/04\/Pull-Type-Fertilizer-Cart-Load-Cells-ANYLOAD-03-scaled-2048x1354.jpg 2048w\" sizes=\"(max-width: 500px) 100vw, 500px\" \/><\/a><\/figure><div class=\"elementor-image-box-content\"><h3 class=\"elementor-image-box-title\"><a href=\"https:\/\/www.anyload.com\/fr\/etudes-de-cas\/pesage-de-chariots-dengrais\/\"><a href=\"https:\/\/www.anyload.com\/fr\/etudes-de-cas\/pesage-de-chariots-dengrais\/\" style=\"font-family: Pilat;font-size: 20px;font-weight: 600\">Solutions de pesage agricole<\/a><\/a><\/h3><p class=\"elementor-image-box-description\">Comment l'industrie agricole utilise notre cellule de charge pour les chariots et les \u00e9quipements mobiles afin d'obtenir des r\u00e9sultats optimaux<\/p><\/div><\/div>\t\t\t\t<\/div>\n\t\t\t\t<\/div>\n\t\t\t\t<div class=\"elementor-element elementor-element-ca32d98 elementor-position-top elementor-widget elementor-widget-image-box\" data-id=\"ca32d98\" data-element_type=\"widget\" data-widget_type=\"image-box.default\">\n\t\t\t\t<div class=\"elementor-widget-container\">\n\t\t\t\t\t<div class=\"elementor-image-box-wrapper\"><figure class=\"elementor-image-box-img\"><a href=\"https:\/\/www.anyload.com\/fr\/etudes-de-cas\/pales-deoliennes\/\" tabindex=\"-1\"><img loading=\"lazy\" decoding=\"async\" width=\"500\" height=\"329\" src=\"https:\/\/www.anyload.com\/wp-content\/uploads\/2024\/02\/Wind-Turbine-Weighing-Thumbnail-72-scaled.png\" class=\"attachment-woocommerce_single size-woocommerce_single wp-image-27878\" alt=\"\" srcset=\"https:\/\/www.anyload.com\/wp-content\/uploads\/2024\/02\/Wind-Turbine-Weighing-Thumbnail-72-scaled.png 2560w, https:\/\/www.anyload.com\/wp-content\/uploads\/2024\/02\/Wind-Turbine-Weighing-Thumbnail-72-450x296.png 450w\" sizes=\"(max-width: 500px) 100vw, 500px\" \/><\/a><\/figure><div class=\"elementor-image-box-content\"><h3 class=\"elementor-image-box-title\"><a href=\"https:\/\/www.anyload.com\/fr\/etudes-de-cas\/pales-deoliennes\/\"><a href=\"https:\/\/www.anyload.com\/fr\/etudes-de-cas\/pales-deoliennes\/\" style=\"font-family: Pilat;font-size: 20px;font-weight: 600\">Augmenter la dur\u00e9e de vie des turbines<\/a><\/a><\/h3><p class=\"elementor-image-box-description\">Solution d'assurance qualit\u00e9 gravim\u00e9trique pour les \u00e9tudes sur les pales d'\u00e9oliennes<\/p><\/div><\/div>\t\t\t\t<\/div>\n\t\t\t\t<\/div>\n\t\t\t\t<div class=\"elementor-element elementor-element-c39cac7 elementor-position-top elementor-widget elementor-widget-image-box\" data-id=\"c39cac7\" data-element_type=\"widget\" data-widget_type=\"image-box.default\">\n\t\t\t\t<div class=\"elementor-widget-container\">\n\t\t\t\t\t<div class=\"elementor-image-box-wrapper\"><figure class=\"elementor-image-box-img\"><a href=\"https:\/\/www.anyload.com\/fr\/etudes-de-cas\/machines-densachage\/\" tabindex=\"-1\"><img loading=\"lazy\" decoding=\"async\" width=\"2560\" height=\"1683\" src=\"https:\/\/www.anyload.com\/wp-content\/uploads\/2024\/02\/Explore-BaggingMachine.png\" class=\"attachment-full size-full wp-image-27886\" alt=\"\" srcset=\"https:\/\/www.anyload.com\/wp-content\/uploads\/2024\/02\/Explore-BaggingMachine.png 2560w, https:\/\/www.anyload.com\/wp-content\/uploads\/2024\/02\/Explore-BaggingMachine-500x329.png 500w, https:\/\/www.anyload.com\/wp-content\/uploads\/2024\/02\/Explore-BaggingMachine-450x296.png 450w, https:\/\/www.anyload.com\/wp-content\/uploads\/2024\/02\/Explore-BaggingMachine-1024x673.png 1024w, https:\/\/www.anyload.com\/wp-content\/uploads\/2024\/02\/Explore-BaggingMachine-768x505.png 768w, https:\/\/www.anyload.com\/wp-content\/uploads\/2024\/02\/Explore-BaggingMachine-1536x1010.png 1536w, https:\/\/www.anyload.com\/wp-content\/uploads\/2024\/02\/Explore-BaggingMachine-2048x1346.png 2048w\" sizes=\"(max-width: 2560px) 100vw, 2560px\" \/><\/a><\/figure><div class=\"elementor-image-box-content\"><h3 class=\"elementor-image-box-title\"><a href=\"https:\/\/www.anyload.com\/fr\/etudes-de-cas\/machines-densachage\/\"><a href=\"https:\/\/www.anyload.com\/fr\/etudes-de-cas\/machines-densachage\/\" style=\"font-family: Pilat;font-size: 20px;font-weight: 600\">Cellules de charge pour machines de remplissage de sacs<\/a><\/a><\/h3><p class=\"elementor-image-box-description\">Syst\u00e8me de pesage et de contr\u00f4le du remplissage des sacs et d'autres processus pour une efficacit\u00e9 maximale<\/p><\/div><\/div>\t\t\t\t<\/div>\n\t\t\t\t<\/div>\n\t\t\t\t<div class=\"elementor-element elementor-element-1b1b962 elementor-widget elementor-widget-spacer\" data-id=\"1b1b962\" data-element_type=\"widget\" data-widget_type=\"spacer.default\">\n\t\t\t\t<div class=\"elementor-widget-container\">\n\t\t\t\t\t\t\t<div class=\"elementor-spacer\">\n\t\t\t<div class=\"elementor-spacer-inner\"><\/div>\n\t\t<\/div>\n\t\t\t\t\t\t<\/div>\n\t\t\t\t<\/div>\n\t\t\t\t\t<\/div>\n\t\t\t\t<\/div>\n\t\t\t\t\t<\/div>\n\t\t\t\t<\/div>\n\t\t\t\t<\/div>","protected":false},"excerpt":{"rendered":"<p>Road Line Painting Vehicle Mobile Paint Drum Weighing for Road Line Striping Equipment Line painting vehicles play a vital role [&hellip;]<\/p>","protected":false},"author":4,"featured_media":0,"parent":23213,"menu_order":0,"comment_status":"closed","ping_status":"closed","template":"","meta":{"_acf_changed":false,"site-sidebar-layout":"no-sidebar","site-content-layout":"page-builder","ast-site-content-layout":"full-width-container","site-content-style":"unboxed","site-sidebar-style":"unboxed","ast-global-header-display":"","ast-banner-title-visibility":"","ast-main-header-display":"","ast-hfb-above-header-display":"","ast-hfb-below-header-display":"","ast-hfb-mobile-header-display":"","site-post-title":"disabled","ast-breadcrumbs-content":"","ast-featured-img":"","footer-sml-layout":"","ast-disable-related-posts":"","theme-transparent-header-meta":"","adv-header-id-meta":"","stick-header-meta":"","header-above-stick-meta":"","header-main-stick-meta":"","header-below-stick-meta":"","astra-migrate-meta-layouts":"set","ast-page-background-enabled":"default","ast-page-background-meta":{"desktop":{"background-color":"var(--ast-global-color-4)","background-image":"","background-repeat":"repeat","background-position":"center center","background-size":"auto","background-attachment":"scroll","background-type":"","background-media":"","overlay-type":"","overlay-color":"","overlay-opacity":"","overlay-gradient":""},"tablet":{"background-color":"","background-image":"","background-repeat":"repeat","background-position":"center center","background-size":"auto","background-attachment":"scroll","background-type":"","background-media":"","overlay-type":"","overlay-color":"","overlay-opacity":"","overlay-gradient":""},"mobile":{"background-color":"","background-image":"","background-repeat":"repeat","background-position":"center center","background-size":"auto","background-attachment":"scroll","background-type":"","background-media":"","overlay-type":"","overlay-color":"","overlay-opacity":"","overlay-gradient":""}},"ast-content-background-meta":{"desktop":{"background-color":"var(--ast-global-color-5)","background-image":"","background-repeat":"repeat","background-position":"center center","background-size":"auto","background-attachment":"scroll","background-type":"","background-media":"","overlay-type":"","overlay-color":"","overlay-opacity":"","overlay-gradient":""},"tablet":{"background-color":"var(--ast-global-color-5)","background-image":"","background-repeat":"repeat","background-position":"center center","background-size":"auto","background-attachment":"scroll","background-type":"","background-media":"","overlay-type":"","overlay-color":"","overlay-opacity":"","overlay-gradient":""},"mobile":{"background-color":"var(--ast-global-color-5)","background-image":"","background-repeat":"repeat","background-position":"center center","background-size":"auto","background-attachment":"scroll","background-type":"","background-media":"","overlay-type":"","overlay-color":"","overlay-opacity":"","overlay-gradient":""}},"footnotes":""},"class_list":["post-38208","page","type-page","status-publish","hentry"],"acf":[],"_links":{"self":[{"href":"https:\/\/www.anyload.com\/fr\/wp-json\/wp\/v2\/pages\/38208","targetHints":{"allow":["GET"]}}],"collection":[{"href":"https:\/\/www.anyload.com\/fr\/wp-json\/wp\/v2\/pages"}],"about":[{"href":"https:\/\/www.anyload.com\/fr\/wp-json\/wp\/v2\/types\/page"}],"author":[{"embeddable":true,"href":"https:\/\/www.anyload.com\/fr\/wp-json\/wp\/v2\/users\/4"}],"replies":[{"embeddable":true,"href":"https:\/\/www.anyload.com\/fr\/wp-json\/wp\/v2\/comments?post=38208"}],"version-history":[{"count":3,"href":"https:\/\/www.anyload.com\/fr\/wp-json\/wp\/v2\/pages\/38208\/revisions"}],"predecessor-version":[{"id":41812,"href":"https:\/\/www.anyload.com\/fr\/wp-json\/wp\/v2\/pages\/38208\/revisions\/41812"}],"up":[{"embeddable":true,"href":"https:\/\/www.anyload.com\/fr\/wp-json\/wp\/v2\/pages\/23213"}],"wp:attachment":[{"href":"https:\/\/www.anyload.com\/fr\/wp-json\/wp\/v2\/media?parent=38208"}],"curies":[{"name":"wp","href":"https:\/\/api.w.org\/{rel}","templated":true}]}}