{"id":3703,"date":"2014-03-24T12:07:56","date_gmt":"2014-03-24T19:07:56","guid":{"rendered":"http:\/\/anyloadgroup.com\/?page_id=3703"},"modified":"2025-07-02T14:21:46","modified_gmt":"2025-07-02T21:21:46","slug":"politiques-de-garantie","status":"publish","type":"page","link":"https:\/\/www.anyload.com\/fr\/politiques-de-garantie\/","title":{"rendered":"Politiques de garantie"},"content":{"rendered":"<div data-elementor-type=\"wp-page\" data-elementor-id=\"3703\" class=\"elementor elementor-3703\" data-elementor-post-type=\"page\">\n\t\t\t\t\t\t<section class=\"elementor-section elementor-top-section elementor-element elementor-element-54d16f1e elementor-section-boxed elementor-section-height-default elementor-section-height-default\" data-id=\"54d16f1e\" data-element_type=\"section\">\n\t\t\t\t\t\t<div class=\"elementor-container elementor-column-gap-default\">\n\t\t\t\t\t<div class=\"elementor-column elementor-col-100 elementor-top-column elementor-element elementor-element-1d9a9475\" data-id=\"1d9a9475\" data-element_type=\"column\">\n\t\t\t<div class=\"elementor-widget-wrap elementor-element-populated\">\n\t\t\t\t\t\t<div class=\"elementor-element elementor-element-b73afb6 elementor-widget elementor-widget-heading\" data-id=\"b73afb6\" data-element_type=\"widget\" data-widget_type=\"heading.default\">\n\t\t\t\t<div class=\"elementor-widget-container\">\n\t\t\t\t\t<h5 class=\"elementor-heading-title elementor-size-default\">Exclusions de la garantie<\/h5>\t\t\t\t<\/div>\n\t\t\t\t<\/div>\n\t\t\t\t<div class=\"elementor-element elementor-element-7c545d7 elementor-widget-divider--view-line elementor-widget elementor-widget-divider\" data-id=\"7c545d7\" data-element_type=\"widget\" data-widget_type=\"divider.default\">\n\t\t\t\t<div class=\"elementor-widget-container\">\n\t\t\t\t\t\t\t<div class=\"elementor-divider\">\n\t\t\t<span class=\"elementor-divider-separator\">\n\t\t\t\t\t\t<\/span>\n\t\t<\/div>\n\t\t\t\t\t\t<\/div>\n\t\t\t\t<\/div>\n\t\t\t\t<div class=\"elementor-element elementor-element-b749c55 elementor-widget elementor-widget-text-editor\" data-id=\"b749c55\" data-element_type=\"widget\" data-widget_type=\"text-editor.default\">\n\t\t\t\t<div class=\"elementor-widget-container\">\n\t\t\t\t\t\t\t\t\t<p style=\"font-size: 14px; font-style: normal; font-weight: 300; color: #000000; font-family: AvenirLTStd, sans-serif;\">Les dommages caus\u00e9s aux produits pendant le transport ne sont pas couverts par notre garantie.  Toute perte d'activit\u00e9, interruption d'activit\u00e9, b\u00e9n\u00e9fice, retard ou frais li\u00e9s \u00e0 des marchandises endommag\u00e9es doit \u00eatre adress\u00e9e \u00e0 la soci\u00e9t\u00e9 de transport.<\/p>\n<p style=\"font-size: 14px; font-style: normal; font-weight: 300; color: #000000; font-family: AvenirLTStd, sans-serif;\">Nous nous r\u00e9servons le droit d'annuler la garantie du produit si notre examen et nos tests des produits retourn\u00e9s concluent que :<\/p>\n\n<ul style=\"font-size: 14px; font-style: normal; font-weight: 300; color: #000000; font-family: AvenirLTStd, sans-serif;\">\n \t<li style=\"font-size: 14px;\">Des modifications ou des alt\u00e9rations non autoris\u00e9es ont \u00e9t\u00e9 apport\u00e9es au produit.<\/li>\n \t<li style=\"font-size: 14px;\">Il n'y a pas eu d'entretien ad\u00e9quat<\/li>\n \t<li style=\"font-size: 14px;\">Utilisation, op\u00e9rations et\/ou stockage inappropri\u00e9s<\/li>\n<\/ul>\n<p style=\"font-size: 14px; font-style: normal; font-weight: 300; color: #000000; font-family: AvenirLTStd, sans-serif;\">\u00c0 notre discr\u00e9tion et uniquement apr\u00e8s que les produits d\u00e9fectueux ont \u00e9t\u00e9 renvoy\u00e9s et se sont av\u00e9r\u00e9s d\u00e9fectueux \u00e0 l'issue de nos tests et examens, nous r\u00e9parerons, remplacerons ou rembourserons la valeur initiale du produit ou le remplacerons par un produit de valeur \u00e9gale ou inf\u00e9rieure.  Veuillez noter qu'ANYLOAD n'est pas responsable de la perte d'activit\u00e9, de l'interruption d'activit\u00e9, des b\u00e9n\u00e9fices, des retards, des d\u00e9penses ou de tout autre dommage cons\u00e9cutif r\u00e9sultant de la d\u00e9faillance de nos produits.<\/p>\t\t\t\t\t\t\t\t<\/div>\n\t\t\t\t<\/div>\n\t\t\t\t<div class=\"elementor-element elementor-element-e2234a8 elementor-widget elementor-widget-heading\" data-id=\"e2234a8\" data-element_type=\"widget\" data-widget_type=\"heading.default\">\n\t\t\t\t<div class=\"elementor-widget-container\">\n\t\t\t\t\t<h5 class=\"elementor-heading-title elementor-size-default\">Garantie limit\u00e9e du produit de remplacement ou des pi\u00e8ces<\/h5>\t\t\t\t<\/div>\n\t\t\t\t<\/div>\n\t\t\t\t<div class=\"elementor-element elementor-element-5ac9ff3 elementor-widget-divider--view-line elementor-widget elementor-widget-divider\" data-id=\"5ac9ff3\" data-element_type=\"widget\" data-widget_type=\"divider.default\">\n\t\t\t\t<div class=\"elementor-widget-container\">\n\t\t\t\t\t\t\t<div class=\"elementor-divider\">\n\t\t\t<span class=\"elementor-divider-separator\">\n\t\t\t\t\t\t<\/span>\n\t\t<\/div>\n\t\t\t\t\t\t<\/div>\n\t\t\t\t<\/div>\n\t\t\t\t<div class=\"elementor-element elementor-element-2de1d7b elementor-widget elementor-widget-text-editor\" data-id=\"2de1d7b\" data-element_type=\"widget\" data-widget_type=\"text-editor.default\">\n\t\t\t\t<div class=\"elementor-widget-container\">\n\t\t\t\t\t\t\t\t\t<p style=\"font-size: 14px; font-style: normal; font-weight: 300; color: #000000; font-family: AvenirLTStd, sans-serif;\">Les produits ou pi\u00e8ces de remplacement seront couverts par la p\u00e9riode de garantie restante du ou des produit(s) original(aux) achet\u00e9(s).  Veuillez noter que nous ne garantissons pas que les produits et\/ou pi\u00e8ces de remplacement seront en stock ou feront partie de la gamme de produits actuelle et que nous ne sommes donc pas responsables des pertes commerciales, des interruptions d'activit\u00e9, des b\u00e9n\u00e9fices, des retards ou des d\u00e9penses qui en r\u00e9sulteraient.<\/p>\t\t\t\t\t\t\t\t<\/div>\n\t\t\t\t<\/div>\n\t\t\t\t<div class=\"elementor-element elementor-element-65af644 elementor-widget elementor-widget-heading\" data-id=\"65af644\" data-element_type=\"widget\" data-widget_type=\"heading.default\">\n\t\t\t\t<div class=\"elementor-widget-container\">\n\t\t\t\t\t<h5 class=\"elementor-heading-title elementor-size-default\">Garantie limit\u00e9e des capteurs de pesage<\/h5>\t\t\t\t<\/div>\n\t\t\t\t<\/div>\n\t\t\t\t<div class=\"elementor-element elementor-element-faa0c6b elementor-widget-divider--view-line elementor-widget elementor-widget-divider\" data-id=\"faa0c6b\" data-element_type=\"widget\" data-widget_type=\"divider.default\">\n\t\t\t\t<div class=\"elementor-widget-container\">\n\t\t\t\t\t\t\t<div class=\"elementor-divider\">\n\t\t\t<span class=\"elementor-divider-separator\">\n\t\t\t\t\t\t<\/span>\n\t\t<\/div>\n\t\t\t\t\t\t<\/div>\n\t\t\t\t<\/div>\n\t\t\t\t<div class=\"elementor-element elementor-element-2d66dfe elementor-widget elementor-widget-text-editor\" data-id=\"2d66dfe\" data-element_type=\"widget\" data-widget_type=\"text-editor.default\">\n\t\t\t\t<div class=\"elementor-widget-container\">\n\t\t\t\t\t\t\t\t\t<p style=\"font-size: 14px; font-style: normal; font-weight: 300; font-family: AvenirLTStd, sans-serif;\">Sauf indication contraire ou accord de ANYLOAD, les capteurs de pesage sont garantis exempts de tout d\u00e9faut de mat\u00e9riau et de fabrication \u00e0 compter de la date d'exp\u00e9dition par ANYLOAD pour une p\u00e9riode de :<\/p><ul style=\"font-size: 14px; font-style: normal; font-weight: 300; font-family: AvenirLTStd, sans-serif;\"><li style=\"font-size: 14px;\">1 an pour notre gamme de capteurs de pesage standard<\/li><li style=\"font-size: 14px;\">1 an pour les capteurs de pesage con\u00e7us et fabriqu\u00e9s sur mesure<\/li><\/ul><p style=\"font-size: 14px; font-style: normal; font-weight: 300; font-family: AvenirLTStd, sans-serif;\">Le c\u00e2ble du capteur doit \u00eatre de la longueur originale. Nous\u00a0<span style=\"font-weight: bold;\">NE PAS<\/span>\u00a0Il est recommand\u00e9 de couper le c\u00e2ble car il a sa propre r\u00e9sistance \u00e9lectrique et le capteur a \u00e9t\u00e9 compens\u00e9 en fonction de la longueur de c\u00e2ble install\u00e9e lors de la fabrication. Couper le c\u00e2ble rend \u00e9galement plus difficile, voire impossible, la d\u00e9termination de la cause de la d\u00e9faillance lors de l'analyse. Pour les raisons susmentionn\u00e9es, la garantie sera\u00a0<span style=\"font-weight: bold;\">annul\u00e9<\/span>\u00a0si le c\u00e2ble du capteur est coup\u00e9<\/p>\t\t\t\t\t\t\t\t<\/div>\n\t\t\t\t<\/div>\n\t\t\t\t<div class=\"elementor-element elementor-element-82d0405 elementor-widget elementor-widget-heading\" data-id=\"82d0405\" data-element_type=\"widget\" data-widget_type=\"heading.default\">\n\t\t\t\t<div class=\"elementor-widget-container\">\n\t\t\t\t\t<h5 class=\"elementor-heading-title elementor-size-default\">Garantie limit\u00e9e de la balance<\/h5>\t\t\t\t<\/div>\n\t\t\t\t<\/div>\n\t\t\t\t<div class=\"elementor-element elementor-element-cd72cef elementor-widget-divider--view-line elementor-widget elementor-widget-divider\" data-id=\"cd72cef\" data-element_type=\"widget\" data-widget_type=\"divider.default\">\n\t\t\t\t<div class=\"elementor-widget-container\">\n\t\t\t\t\t\t\t<div class=\"elementor-divider\">\n\t\t\t<span class=\"elementor-divider-separator\">\n\t\t\t\t\t\t<\/span>\n\t\t<\/div>\n\t\t\t\t\t\t<\/div>\n\t\t\t\t<\/div>\n\t\t\t\t<div class=\"elementor-element elementor-element-8d98137 elementor-widget elementor-widget-text-editor\" data-id=\"8d98137\" data-element_type=\"widget\" data-widget_type=\"text-editor.default\">\n\t\t\t\t<div class=\"elementor-widget-container\">\n\t\t\t\t\t\t\t\t\t<p style=\"font-size: 14px; font-style: normal; font-weight: 300; font-family: AvenirLTStd, sans-serif;\">Sauf indication contraire ou accord de ANYLOAD, les balances sont garanties exemptes de tout d\u00e9faut de mat\u00e9riau et de fabrication \u00e0 compter de la date d'exp\u00e9dition de ANYLOAD pour une p\u00e9riode de.. :<\/p>\n\n<ul style=\"font-size: 14px; font-style: normal; font-weight: 300; font-family: AvenirLTStd, sans-serif;\">\n \t<li style=\"font-size: 14px;\">1 an pour les balances, les balances de table, les balances de comptage, les balances \u00e0 grue, les p\u00e8se-palettes, les balances \u00e0 colis et les balances v\u00e9t\u00e9rinaires<\/li>\n \t<li style=\"font-size: 14px;\">3 ans pour les balances au sol de la s\u00e9rie FSP construites en acier doux ou inoxydable, \u00e0 l'exclusion des capteurs et de la bo\u00eete de jonction.<\/li>\n \t<li style=\"font-size: 14px;\">5 ans pour l'enveloppe du p\u00e8se-personne de la s\u00e9rie Heavy Duty FSP, \u00e0 l'exclusion des capteurs et de la bo\u00eete de jonction.<\/li>\n<\/ul>\t\t\t\t\t\t\t\t<\/div>\n\t\t\t\t<\/div>\n\t\t\t\t<div class=\"elementor-element elementor-element-f75795f elementor-widget elementor-widget-heading\" data-id=\"f75795f\" data-element_type=\"widget\" data-widget_type=\"heading.default\">\n\t\t\t\t<div class=\"elementor-widget-container\">\n\t\t\t\t\t<h5 class=\"elementor-heading-title elementor-size-default\">Garantie \u00e9lectronique limit\u00e9e<\/h5>\t\t\t\t<\/div>\n\t\t\t\t<\/div>\n\t\t\t\t<div class=\"elementor-element elementor-element-4a807e2 elementor-widget-divider--view-line elementor-widget elementor-widget-divider\" data-id=\"4a807e2\" data-element_type=\"widget\" data-widget_type=\"divider.default\">\n\t\t\t\t<div class=\"elementor-widget-container\">\n\t\t\t\t\t\t\t<div class=\"elementor-divider\">\n\t\t\t<span class=\"elementor-divider-separator\">\n\t\t\t\t\t\t<\/span>\n\t\t<\/div>\n\t\t\t\t\t\t<\/div>\n\t\t\t\t<\/div>\n\t\t\t\t<div class=\"elementor-element elementor-element-ac086a1 elementor-widget elementor-widget-text-editor\" data-id=\"ac086a1\" data-element_type=\"widget\" data-widget_type=\"text-editor.default\">\n\t\t\t\t<div class=\"elementor-widget-container\">\n\t\t\t\t\t\t\t\t\t<p style=\"font-size: 14px; font-style: normal; font-weight: 300; font-family: AvenirLTStd, sans-serif;\">Sauf indication contraire ou accord de ANYLOAD, les produits \u00e9lectroniques sont garantis exempts de tout d\u00e9faut de mat\u00e9riau et de fabrication \u00e0 compter de la date d'exp\u00e9dition par ANYLOAD pour une p\u00e9riode de.. :<\/p>\n\n<ul style=\"font-size: 14px; font-style: normal; font-weight: 300; font-family: AvenirLTStd, sans-serif;\">\n \t<li style=\"font-size: 14px;\">1 an pour les amplificateurs, les bo\u00eetes de jonction, les indicateurs et les imprimantes<\/li>\n \t<li style=\"font-size: 14px;\">2 ans pour les afficheurs \u00e0 distance de la s\u00e9rie 808 (808AH, 808BH &amp; 808CH)<\/li>\n<\/ul>\t\t\t\t\t\t\t\t<\/div>\n\t\t\t\t<\/div>\n\t\t\t\t<div class=\"elementor-element elementor-element-fb902ee elementor-widget elementor-widget-heading\" data-id=\"fb902ee\" data-element_type=\"widget\" data-widget_type=\"heading.default\">\n\t\t\t\t<div class=\"elementor-widget-container\">\n\t\t\t\t\t<h5 class=\"elementor-heading-title elementor-size-default\">Garantie limit\u00e9e du module de pesage et du mat\u00e9riel<\/h5>\t\t\t\t<\/div>\n\t\t\t\t<\/div>\n\t\t\t\t<div class=\"elementor-element elementor-element-f336ce3 elementor-widget-divider--view-line elementor-widget elementor-widget-divider\" data-id=\"f336ce3\" data-element_type=\"widget\" data-widget_type=\"divider.default\">\n\t\t\t\t<div class=\"elementor-widget-container\">\n\t\t\t\t\t\t\t<div class=\"elementor-divider\">\n\t\t\t<span class=\"elementor-divider-separator\">\n\t\t\t\t\t\t<\/span>\n\t\t<\/div>\n\t\t\t\t\t\t<\/div>\n\t\t\t\t<\/div>\n\t\t\t\t<div class=\"elementor-element elementor-element-e6341a8 elementor-widget elementor-widget-text-editor\" data-id=\"e6341a8\" data-element_type=\"widget\" data-widget_type=\"text-editor.default\">\n\t\t\t\t<div class=\"elementor-widget-container\">\n\t\t\t\t\t\t\t\t\t<p style=\"font-size: 14px; font-style: normal; font-weight: 300; font-family: AvenirLTStd, sans-serif;\">Sauf indication contraire ou accord de ANYLOAD, les modules de pesage sont garantis exempts de tout d\u00e9faut de mat\u00e9riau et de fabrication \u00e0 compter de la date d'exp\u00e9dition par ANYLOAD pendant une p\u00e9riode d'un an.<\/p>\t\t\t\t\t\t\t\t<\/div>\n\t\t\t\t<\/div>\n\t\t\t\t\t<\/div>\n\t\t<\/div>\n\t\t\t\t\t<\/div>\n\t\t<\/section>\n\t\t\t\t<\/div>","protected":false},"excerpt":{"rendered":"<p>Warranty Exclusions Damages to products during shipping are not covered under our warranty.\u00a0 Any loss of business, business interruption, profit, [&hellip;]<\/p>","protected":false},"author":3,"featured_media":0,"parent":0,"menu_order":0,"comment_status":"closed","ping_status":"open","template":"","meta":{"_acf_changed":false,"site-sidebar-layout":"left-sidebar","site-content-layout":"","ast-site-content-layout":"default","site-content-style":"default","site-sidebar-style":"default","ast-global-header-display":"","ast-banner-title-visibility":"","ast-main-header-display":"","ast-hfb-above-header-display":"","ast-hfb-below-header-display":"","ast-hfb-mobile-header-display":"","site-post-title":"","ast-breadcrumbs-content":"","ast-featured-img":"","footer-sml-layout":"","ast-disable-related-posts":"","theme-transparent-header-meta":"","adv-header-id-meta":"","stick-header-meta":"","header-above-stick-meta":"","header-main-stick-meta":"","header-below-stick-meta":"","astra-migrate-meta-layouts":"default","ast-page-background-enabled":"default","ast-page-background-meta":{"desktop":{"background-color":"var(--ast-global-color-4)","background-image":"","background-repeat":"repeat","background-position":"center center","background-size":"auto","background-attachment":"scroll","background-type":"","background-media":"","overlay-type":"","overlay-color":"","overlay-opacity":"","overlay-gradient":""},"tablet":{"background-color":"","background-image":"","background-repeat":"repeat","background-position":"center center","background-size":"auto","background-attachment":"scroll","background-type":"","background-media":"","overlay-type":"","overlay-color":"","overlay-opacity":"","overlay-gradient":""},"mobile":{"background-color":"","background-image":"","background-repeat":"repeat","background-position":"center center","background-size":"auto","background-attachment":"scroll","background-type":"","background-media":"","overlay-type":"","overlay-color":"","overlay-opacity":"","overlay-gradient":""}},"ast-content-background-meta":{"desktop":{"background-color":"var(--ast-global-color-5)","background-image":"","background-repeat":"repeat","background-position":"center center","background-size":"auto","background-attachment":"scroll","background-type":"","background-media":"","overlay-type":"","overlay-color":"","overlay-opacity":"","overlay-gradient":""},"tablet":{"background-color":"var(--ast-global-color-5)","background-image":"","background-repeat":"repeat","background-position":"center center","background-size":"auto","background-attachment":"scroll","background-type":"","background-media":"","overlay-type":"","overlay-color":"","overlay-opacity":"","overlay-gradient":""},"mobile":{"background-color":"var(--ast-global-color-5)","background-image":"","background-repeat":"repeat","background-position":"center center","background-size":"auto","background-attachment":"scroll","background-type":"","background-media":"","overlay-type":"","overlay-color":"","overlay-opacity":"","overlay-gradient":""}},"footnotes":""},"class_list":["post-3703","page","type-page","status-publish","hentry"],"acf":[],"_links":{"self":[{"href":"https:\/\/www.anyload.com\/fr\/wp-json\/wp\/v2\/pages\/3703","targetHints":{"allow":["GET"]}}],"collection":[{"href":"https:\/\/www.anyload.com\/fr\/wp-json\/wp\/v2\/pages"}],"about":[{"href":"https:\/\/www.anyload.com\/fr\/wp-json\/wp\/v2\/types\/page"}],"author":[{"embeddable":true,"href":"https:\/\/www.anyload.com\/fr\/wp-json\/wp\/v2\/users\/3"}],"replies":[{"embeddable":true,"href":"https:\/\/www.anyload.com\/fr\/wp-json\/wp\/v2\/comments?post=3703"}],"version-history":[{"count":0,"href":"https:\/\/www.anyload.com\/fr\/wp-json\/wp\/v2\/pages\/3703\/revisions"}],"wp:attachment":[{"href":"https:\/\/www.anyload.com\/fr\/wp-json\/wp\/v2\/media?parent=3703"}],"curies":[{"name":"wp","href":"https:\/\/api.w.org\/{rel}","templated":true}]}}