{"id":33488,"date":"2024-10-08T11:52:12","date_gmt":"2024-10-08T18:52:12","guid":{"rendered":"https:\/\/www.anyload.com\/?page_id=33488"},"modified":"2024-10-09T16:34:34","modified_gmt":"2024-10-09T23:34:34","slug":"privacy-and-confidentiality","status":"publish","type":"page","link":"https:\/\/www.anyload.com\/fr\/privacy-and-confidentiality\/","title":{"rendered":"Vie priv\u00e9e et confidentialit\u00e9"},"content":{"rendered":"<div data-elementor-type=\"wp-page\" data-elementor-id=\"33488\" class=\"elementor elementor-33488\" data-elementor-post-type=\"page\">\n\t\t\t\t\t\t<section class=\"elementor-section elementor-top-section elementor-element elementor-element-7a15f99 elementor-section-boxed elementor-section-height-default elementor-section-height-default\" data-id=\"7a15f99\" data-element_type=\"section\">\n\t\t\t\t\t\t<div class=\"elementor-container elementor-column-gap-default\">\n\t\t\t\t\t<div class=\"elementor-column elementor-col-100 elementor-top-column elementor-element elementor-element-9757185\" data-id=\"9757185\" data-element_type=\"column\">\n\t\t\t<div class=\"elementor-widget-wrap elementor-element-populated\">\n\t\t\t\t<div class=\"elementor-element elementor-element-6dc1270 e-con-full e-flex e-con e-parent\" data-id=\"6dc1270\" data-element_type=\"container\">\n\t\t\t\t<div class=\"elementor-element elementor-element-da5f424 elementor-view-stacked elementor-shape-square elementor-widget__width-initial elementor-position-inline-start elementor-mobile-position-block-start elementor-widget elementor-widget-icon-box\" data-id=\"da5f424\" data-element_type=\"widget\" data-widget_type=\"icon-box.default\">\n\t\t\t\t<div class=\"elementor-widget-container\">\n\t\t\t\t\t\t\t<div class=\"elementor-icon-box-wrapper\">\n\n\t\t\t\t\t\t<div class=\"elementor-icon-box-icon\">\n\t\t\t\t<a href=\"https:\/\/www.anyload.com\/wp-content\/uploads\/2024\/10\/Anyload-Privacy-and-GDPR-Policy-09-2024.pdf\" class=\"elementor-icon elementor-animation-shrink\" tabindex=\"-1\">\n\t\t\t\t<svg aria-hidden=\"true\" class=\"e-font-icon-svg e-fas-book\" viewbox=\"0 0 448 512\" xmlns=\"http:\/\/www.w3.org\/2000\/svg\"><path d=\"M448 360V24c0-13.3-10.7-24-24-24H96C43 0 0 43 0 96v320c0 53 43 96 96 96h328c13.3 0 24-10.7 24-24v-16c0-7.5-3.5-14.3-8.9-18.7-4.2-15.4-4.2-59.3 0-74.7 5.4-4.3 8.9-11.1 8.9-18.6zM128 134c0-3.3 2.7-6 6-6h212c3.3 0 6 2.7 6 6v20c0 3.3-2.7 6-6 6H134c-3.3 0-6-2.7-6-6v-20zm0 64c0-3.3 2.7-6 6-6h212c3.3 0 6 2.7 6 6v20c0 3.3-2.7 6-6 6H134c-3.3 0-6-2.7-6-6v-20zm253.4 250H96c-17.7 0-32-14.3-32-32 0-17.6 14.4-32 32-32h285.4c-1.9 17.1-1.9 46.9 0 64z\"><\/path><\/svg>\t\t\t\t<\/a>\n\t\t\t<\/div>\n\t\t\t\n\t\t\t\t\t\t<div class=\"elementor-icon-box-content\">\n\n\t\t\t\t\n\t\t\t\t\t\t\t\t\t<p class=\"elementor-icon-box-description\">\n\t\t\t\t\t\t<a href=\"https:\/\/www.anyload.com\/wp-content\/uploads\/2024\/10\/Anyload-Privacy-and-GDPR-Policy-09-2024.pdf\" style=\"font-size: 16px;text-decoration: none\">\n   T\u00e9l\u00e9charger la politique de confidentialit\u00e9 et de GDPR (09\/2024)\n<\/a>\t\t\t\t\t<\/p>\n\t\t\t\t\n\t\t\t<\/div>\n\t\t\t\n\t\t<\/div>\n\t\t\t\t\t\t<\/div>\n\t\t\t\t<\/div>\n\t\t\t\t<\/div>\n\t\t\t\t<div class=\"elementor-element elementor-element-efd948b elementor-widget-divider--view-line elementor-widget elementor-widget-divider\" data-id=\"efd948b\" data-element_type=\"widget\" data-widget_type=\"divider.default\">\n\t\t\t\t<div class=\"elementor-widget-container\">\n\t\t\t\t\t\t\t<div class=\"elementor-divider\">\n\t\t\t<span class=\"elementor-divider-separator\">\n\t\t\t\t\t\t<\/span>\n\t\t<\/div>\n\t\t\t\t\t\t<\/div>\n\t\t\t\t<\/div>\n\t\t\t\t\t<\/div>\n\t\t<\/div>\n\t\t\t\t\t<\/div>\n\t\t<\/section>\n\t\t<div class=\"elementor-element elementor-element-c98cd21 e-flex e-con-boxed e-con e-parent\" data-id=\"c98cd21\" data-element_type=\"container\">\n\t\t\t\t\t<div class=\"e-con-inner\">\n\t\t\t\t<div class=\"elementor-element elementor-element-be4827a elementor-widget elementor-widget-text-editor\" data-id=\"be4827a\" data-element_type=\"widget\" data-widget_type=\"text-editor.default\">\n\t\t\t\t<div class=\"elementor-widget-container\">\n\t\t\t\t\t\t\t\t\t<p><span class=\"TextRun SCXO215388944 BCX0\" lang=\"EN-CA\" xml:lang=\"EN-CA\" data-contrast=\"auto\"><span class=\"NormalTextRun SCXO215388944 BCX0\">Chez Anyload, nous nous engageons \u00e0 respecter les normes les plus strictes en mati\u00e8re de confidentialit\u00e9 et de protection des donn\u00e9es dans l'industrie des cellules de charge et des syst\u00e8mes de pesage. Notre politique de confidentialit\u00e9 est con\u00e7ue pour prot\u00e9ger les informations sensibles et exclusives, en garantissant leur confidentialit\u00e9 et leur s\u00e9curit\u00e9 dans toutes les facettes de notre activit\u00e9.<\/span><\/span><span class=\"EOP SCXO215388944 BCX0\">\u00a0<\/span><\/p>\t\t\t\t\t\t\t\t<\/div>\n\t\t\t\t<\/div>\n\t\t\t\t\t<\/div>\n\t\t\t\t<\/div>\n\t\t<div class=\"elementor-element elementor-element-37c5d28 e-flex e-con-boxed e-con e-parent\" data-id=\"37c5d28\" data-element_type=\"container\">\n\t\t\t\t\t<div class=\"e-con-inner\">\n\t\t\t\t<div class=\"elementor-element elementor-element-48151af elementor-widget elementor-widget-text-editor\" data-id=\"48151af\" data-element_type=\"widget\" data-widget_type=\"text-editor.default\">\n\t\t\t\t<div class=\"elementor-widget-container\">\n\t\t\t\t\t\t\t\t\t<ul><li><span data-contrast=\"auto\">Nous avons mis en place des programmes de formation pour notre \u00e9quipe, ax\u00e9s sur la manipulation et la protection des documents sensibles. Cette formation est continuellement mise \u00e0 jour afin de refl\u00e9ter les derni\u00e8res avanc\u00e9es de la l\u00e9gislation en mati\u00e8re de protection des donn\u00e9es et de la vie priv\u00e9e, ce qui garantit que notre personnel dispose des connaissances et des comp\u00e9tences n\u00e9cessaires pour respecter nos normes strictes en mati\u00e8re de protection de la vie priv\u00e9e.<\/span>\u00a0<\/li><li><span class=\"TextRun SCXO228502005 BCX0\" lang=\"EN-CA\" xml:lang=\"EN-CA\" data-contrast=\"auto\"><span class=\"NormalTextRun SCXO228502005 BCX0\">Un aspect fondamental de notre approche de la gestion des projets sensibles implique l'utilisation syst\u00e9matique d'accords de non-divulgation (NDA). Nous consid\u00e9rons que ces accords sont essentiels pour \u00e9tablir une base de confiance et de confidentialit\u00e9 avec nos clients, en particulier lorsqu'il s'agit d'informations exclusives concernant la conception et la fabrication de capteurs de pesage et de syst\u00e8mes de pesage sur mesure.<\/span><\/span><span class=\"EOP SCXO228502005 BCX0\">\u00a0<\/span><\/li><li><span data-contrast=\"auto\">Nous utilisons une strat\u00e9gie de cloisonnement des donn\u00e9es pour contr\u00f4ler et restreindre l'acc\u00e8s aux informations sensibles. Cette approche m\u00e9thodique garantit que les informations ne sont divulgu\u00e9es qu'en cas de besoin au sein de notre organisation, ce qui r\u00e9duit consid\u00e9rablement le risque d'acc\u00e8s non autoris\u00e9 ou de fuite d'informations.<\/span>\u00a0<\/li><li>Dans le cadre de notre engagement \u00e0 maintenir les normes les plus \u00e9lev\u00e9es en mati\u00e8re de s\u00e9curit\u00e9 des donn\u00e9es, nous faisons appel \u00e0 un tiers en mati\u00e8re de conformit\u00e9 \u00e0 la s\u00e9curit\u00e9 informatique pour \u00e9valuer r\u00e9guli\u00e8rement nos syst\u00e8mes et processus par rapport \u00e0 la publication sp\u00e9ciale 800-53 du National Institute of Standards and Technology (NIST), un cadre largement reconnu pour la gestion et la protection des syst\u00e8mes d'information. Cette \u00e9valuation permet de s'assurer que nos pratiques en mati\u00e8re de protection des donn\u00e9es sont solides, actualis\u00e9es et conformes aux normes internationalement reconnues.<\/li><li><p><span class=\"TextRun SCXO22609234 BCX0\" lang=\"EN-CA\" style=\"font-style: inherit; font-weight: inherit; color: var( --e-global-color-text ); font-family: var( --e-global-typography-text-font-family ), Sans-serif; text-align: var(--text-align); background-color: var(--ast-global-color-5);\" xml:lang=\"EN-CA\" data-contrast=\"auto\"><span class=\"NormalTextRun SCXO22609234 BCX0\">Nos mesures de s\u00e9curit\u00e9 incluent des technologies de cryptage avanc\u00e9es et des solutions de stockage de donn\u00e9es s\u00e9curis\u00e9es, refl\u00e9tant notre position proactive dans la protection des donn\u00e9es de nos clients contre les cyber-menaces et les violations potentielles. Nous nous engageons \u00e0 faire preuve de transparence, estimant qu'une communication ouverte est essentielle pour renforcer la confiance que nos clients placent dans notre capacit\u00e9 \u00e0 prot\u00e9ger leurs informations sensibles.\u00a0<\/span><\/span><span class=\"EOP SCXO22609234 BCX0\" style=\"font-style: inherit; font-weight: inherit; color: var( --e-global-color-text ); font-family: var( --e-global-typography-text-font-family ), Sans-serif; text-align: var(--text-align); background-color: var(--ast-global-color-5);\">\u00a0<\/span><\/p><\/li><\/ul>\t\t\t\t\t\t\t\t<\/div>\n\t\t\t\t<\/div>\n\t\t\t\t\t<\/div>\n\t\t\t\t<\/div>\n\t\t<div class=\"elementor-element elementor-element-4adf6aa e-flex e-con-boxed e-con e-parent\" data-id=\"4adf6aa\" data-element_type=\"container\">\n\t\t\t\t\t<div class=\"e-con-inner\">\n\t\t\t\t<div class=\"elementor-element elementor-element-f809e0f elementor-widget elementor-widget-text-editor\" data-id=\"f809e0f\" data-element_type=\"widget\" data-widget_type=\"text-editor.default\">\n\t\t\t\t<div class=\"elementor-widget-container\">\n\t\t\t\t\t\t\t\t\t<p><span class=\"TextRun SCXO7997747 BCX0\" lang=\"EN-CA\" xml:lang=\"EN-CA\" data-contrast=\"auto\"><span class=\"NormalTextRun SCXO7997747 BCX0\">Anyload accueille volontiers les demandes de renseignements sur ses pratiques en mati\u00e8re de protection de la vie priv\u00e9e. Pour plus d'informations, veuillez contacter <span style=\"text-decoration: underline;\"><span style=\"color: #3366ff;\"><a style=\"color: #3366ff; text-decoration: underline;\" href=\"http:\/\/www.anyload.com\/fr\/contact\/\">soumettre une demande de renseignements.<\/a><\/span><\/span><\/span><\/span><\/p>\t\t\t\t\t\t\t\t<\/div>\n\t\t\t\t<\/div>\n\t\t\t\t\t<\/div>\n\t\t\t\t<\/div>\n\t\t\t\t<\/div>","protected":false},"excerpt":{"rendered":"<p>Download Privacy and GDPR Policy(09\/2024) At Anyload, we are committed to the highest standards of privacy and data protection in [&hellip;]<\/p>","protected":false},"author":4,"featured_media":0,"parent":0,"menu_order":0,"comment_status":"closed","ping_status":"closed","template":"","meta":{"_acf_changed":false,"site-sidebar-layout":"left-sidebar","site-content-layout":"","ast-site-content-layout":"default","site-content-style":"default","site-sidebar-style":"default","ast-global-header-display":"","ast-banner-title-visibility":"","ast-main-header-display":"","ast-hfb-above-header-display":"","ast-hfb-below-header-display":"","ast-hfb-mobile-header-display":"","site-post-title":"","ast-breadcrumbs-content":"","ast-featured-img":"","footer-sml-layout":"","ast-disable-related-posts":"","theme-transparent-header-meta":"","adv-header-id-meta":"","stick-header-meta":"","header-above-stick-meta":"","header-main-stick-meta":"","header-below-stick-meta":"","astra-migrate-meta-layouts":"default","ast-page-background-enabled":"default","ast-page-background-meta":{"desktop":{"background-color":"var(--ast-global-color-4)","background-image":"","background-repeat":"repeat","background-position":"center center","background-size":"auto","background-attachment":"scroll","background-type":"","background-media":"","overlay-type":"","overlay-color":"","overlay-opacity":"","overlay-gradient":""},"tablet":{"background-color":"","background-image":"","background-repeat":"repeat","background-position":"center center","background-size":"auto","background-attachment":"scroll","background-type":"","background-media":"","overlay-type":"","overlay-color":"","overlay-opacity":"","overlay-gradient":""},"mobile":{"background-color":"","background-image":"","background-repeat":"repeat","background-position":"center center","background-size":"auto","background-attachment":"scroll","background-type":"","background-media":"","overlay-type":"","overlay-color":"","overlay-opacity":"","overlay-gradient":""}},"ast-content-background-meta":{"desktop":{"background-color":"var(--ast-global-color-5)","background-image":"","background-repeat":"repeat","background-position":"center center","background-size":"auto","background-attachment":"scroll","background-type":"","background-media":"","overlay-type":"","overlay-color":"","overlay-opacity":"","overlay-gradient":""},"tablet":{"background-color":"var(--ast-global-color-5)","background-image":"","background-repeat":"repeat","background-position":"center center","background-size":"auto","background-attachment":"scroll","background-type":"","background-media":"","overlay-type":"","overlay-color":"","overlay-opacity":"","overlay-gradient":""},"mobile":{"background-color":"var(--ast-global-color-5)","background-image":"","background-repeat":"repeat","background-position":"center center","background-size":"auto","background-attachment":"scroll","background-type":"","background-media":"","overlay-type":"","overlay-color":"","overlay-opacity":"","overlay-gradient":""}},"footnotes":""},"class_list":["post-33488","page","type-page","status-publish","hentry"],"acf":[],"_links":{"self":[{"href":"https:\/\/www.anyload.com\/fr\/wp-json\/wp\/v2\/pages\/33488","targetHints":{"allow":["GET"]}}],"collection":[{"href":"https:\/\/www.anyload.com\/fr\/wp-json\/wp\/v2\/pages"}],"about":[{"href":"https:\/\/www.anyload.com\/fr\/wp-json\/wp\/v2\/types\/page"}],"author":[{"embeddable":true,"href":"https:\/\/www.anyload.com\/fr\/wp-json\/wp\/v2\/users\/4"}],"replies":[{"embeddable":true,"href":"https:\/\/www.anyload.com\/fr\/wp-json\/wp\/v2\/comments?post=33488"}],"version-history":[{"count":0,"href":"https:\/\/www.anyload.com\/fr\/wp-json\/wp\/v2\/pages\/33488\/revisions"}],"wp:attachment":[{"href":"https:\/\/www.anyload.com\/fr\/wp-json\/wp\/v2\/media?parent=33488"}],"curies":[{"name":"wp","href":"https:\/\/api.w.org\/{rel}","templated":true}]}}