{"id":33463,"date":"2024-10-08T10:49:30","date_gmt":"2024-10-08T17:49:30","guid":{"rendered":"https:\/\/www.anyload.com\/?page_id=33463"},"modified":"2025-03-06T10:11:46","modified_gmt":"2025-03-06T18:11:46","slug":"normes-de-durabilite","status":"publish","type":"page","link":"https:\/\/www.anyload.com\/fr\/sustainability-standards\/","title":{"rendered":"Normes de durabilit\u00e9"},"content":{"rendered":"<div data-elementor-type=\"wp-page\" data-elementor-id=\"33463\" class=\"elementor elementor-33463\" data-elementor-post-type=\"page\">\n\t\t\t\t\t\t<section class=\"elementor-section elementor-top-section elementor-element elementor-element-25bd5459 elementor-section-boxed elementor-section-height-default elementor-section-height-default\" data-id=\"25bd5459\" data-element_type=\"section\" data-e-type=\"section\">\n\t\t\t\t\t\t<div class=\"elementor-container elementor-column-gap-default\">\n\t\t\t\t\t<div class=\"elementor-column elementor-col-100 elementor-top-column elementor-element elementor-element-2d184a75\" data-id=\"2d184a75\" data-element_type=\"column\" data-e-type=\"column\">\n\t\t\t<div class=\"elementor-widget-wrap elementor-element-populated\">\n\t\t\t\t\t\t<div class=\"elementor-element elementor-element-34ef36df elementor-widget elementor-widget-text-editor\" data-id=\"34ef36df\" data-element_type=\"widget\" data-e-type=\"widget\" data-widget_type=\"text-editor.default\">\n\t\t\t\t<div class=\"elementor-widget-container\">\n\t\t\t\t\t\t\t\t\t<p><span data-contrast=\"auto\">Chez Anyload, leader dans le secteur des cellules de charge et des syst\u00e8mes de pesage, notre engagement en faveur de la durabilit\u00e9 environnementale est un aspect fondamental de nos activit\u00e9s. Nous nous engageons \u00e0 mettre en \u0153uvre et \u00e0 respecter des normes environnementales qui refl\u00e8tent notre responsabilit\u00e9 \u00e0 l'\u00e9gard de la plan\u00e8te et de nos clients.<\/span><\/p>\t\t\t\t\t\t\t\t<\/div>\n\t\t\t\t<\/div>\n\t\t\t\t<div class=\"elementor-element elementor-element-372872d elementor-widget elementor-widget-image\" data-id=\"372872d\" data-element_type=\"widget\" data-e-type=\"widget\" data-widget_type=\"image.default\">\n\t\t\t\t<div class=\"elementor-widget-container\">\n\t\t\t\t\t\t\t\t\t\t\t\t\t\t\t<img fetchpriority=\"high\" decoding=\"async\" width=\"1024\" height=\"205\" src=\"https:\/\/www.anyload.com\/wp-content\/uploads\/2024\/10\/AL-SolarPower-WindTurbineFarm-1024x205.jpg\" class=\"attachment-large size-large wp-image-33465\" alt=\"\" srcset=\"https:\/\/www.anyload.com\/wp-content\/uploads\/2024\/10\/AL-SolarPower-WindTurbineFarm-1024x205.jpg 1024w, https:\/\/www.anyload.com\/wp-content\/uploads\/2024\/10\/AL-SolarPower-WindTurbineFarm-450x90.jpg 450w, https:\/\/www.anyload.com\/wp-content\/uploads\/2024\/10\/AL-SolarPower-WindTurbineFarm-768x154.jpg 768w, https:\/\/www.anyload.com\/wp-content\/uploads\/2024\/10\/AL-SolarPower-WindTurbineFarm-1536x307.jpg 1536w, https:\/\/www.anyload.com\/wp-content\/uploads\/2024\/10\/AL-SolarPower-WindTurbineFarm-500x100.jpg 500w, https:\/\/www.anyload.com\/wp-content\/uploads\/2024\/10\/AL-SolarPower-WindTurbineFarm.jpg 2000w\" sizes=\"(max-width: 1024px) 100vw, 1024px\" \/>\t\t\t\t\t\t\t\t\t\t\t\t\t\t\t<\/div>\n\t\t\t\t<\/div>\n\t\t\t\t\t<\/div>\n\t\t<\/div>\n\t\t\t\t\t<\/div>\n\t\t<\/section>\n\t\t<div class=\"elementor-element elementor-element-0da72d2 e-flex e-con-boxed e-con e-parent\" data-id=\"0da72d2\" data-element_type=\"container\" data-e-type=\"container\">\n\t\t\t\t\t<div class=\"e-con-inner\">\n\t\t\t\t<div class=\"elementor-element elementor-element-6181245 elementor-widget elementor-widget-heading\" data-id=\"6181245\" data-element_type=\"widget\" data-e-type=\"widget\" data-widget_type=\"heading.default\">\n\t\t\t\t<div class=\"elementor-widget-container\">\n\t\t\t\t\t<h2 class=\"elementor-heading-title elementor-size-default\">Durabilit\u00e9 et accr\u00e9ditation ISO 14001:2015<\/h2>\t\t\t\t<\/div>\n\t\t\t\t<\/div>\n\t\t\t\t<div class=\"elementor-element elementor-element-b30b21f elementor-widget elementor-widget-text-editor\" data-id=\"b30b21f\" data-element_type=\"widget\" data-e-type=\"widget\" data-widget_type=\"text-editor.default\">\n\t\t\t\t<div class=\"elementor-widget-container\">\n\t\t\t\t\t\t\t\t\t<p><span data-teams=\"true\">Chez Anyload, leader dans le secteur des cellules de charge et des syst\u00e8mes de pesage, notre engagement en faveur de la durabilit\u00e9 environnementale est un aspect fondamental de nos activit\u00e9s. La responsabilit\u00e9 environnementale n'est pas une simple d\u00e9claration, c'est notre fa\u00e7on de faire des affaires. Nous sommes fiers de d\u00e9tenir l'accr\u00e9ditation ISO 14001, qui souligne notre engagement \u00e0 mettre en \u0153uvre et \u00e0 maintenir un syst\u00e8me efficace de gestion de l'environnement. Nous nous engageons \u00e0 mettre en \u0153uvre et \u00e0 respecter des normes environnementales qui refl\u00e8tent notre responsabilit\u00e9 \u00e0 l'\u00e9gard de la plan\u00e8te et de nos clients.\u00a0<\/span><\/p>\t\t\t\t\t\t\t\t<\/div>\n\t\t\t\t<\/div>\n\t\t\t\t\t<\/div>\n\t\t\t\t<\/div>\n\t\t<div class=\"elementor-element elementor-element-893a7ae e-flex e-con-boxed e-con e-parent\" data-id=\"893a7ae\" data-element_type=\"container\" data-e-type=\"container\">\n\t\t\t\t\t<div class=\"e-con-inner\">\n\t\t\t\t<div class=\"elementor-element elementor-element-4597f24 elementor-widget elementor-widget-heading\" data-id=\"4597f24\" data-element_type=\"widget\" data-e-type=\"widget\" data-widget_type=\"heading.default\">\n\t\t\t\t<div class=\"elementor-widget-container\">\n\t\t\t\t\t<h2 class=\"elementor-heading-title elementor-size-default\">Construit pour durer<\/h2>\t\t\t\t<\/div>\n\t\t\t\t<\/div>\n\t\t\t\t<div class=\"elementor-element elementor-element-155661b elementor-widget elementor-widget-text-editor\" data-id=\"155661b\" data-element_type=\"widget\" data-e-type=\"widget\" data-widget_type=\"text-editor.default\">\n\t\t\t\t<div class=\"elementor-widget-container\">\n\t\t\t\t\t\t\t\t\t<p>Nous commen\u00e7ons par cr\u00e9er des produits durables et fiables qui r\u00e9sistent \u00e0 l'\u00e9preuve du temps. En concevant des cellules de pesage et des syst\u00e8mes de pesage avec des taux de d\u00e9faillance les plus bas de l'industrie, nous r\u00e9duisons les d\u00e9chets et la consommation de ressources \u00e0 long terme. Cet engagement en faveur de la long\u00e9vit\u00e9 des produits est non seulement b\u00e9n\u00e9fique pour l'environnement, mais il permet \u00e9galement \u00e0 nos clients de r\u00e9aliser des \u00e9conomies et d'avoir l'esprit tranquille. En respectant ces accr\u00e9ditations, nous nous assurons \u00e9galement que nous travaillons avec des fournisseurs r\u00e9put\u00e9s qui respectent les m\u00eames normes \u00e9lev\u00e9es de qualit\u00e9 et de durabilit\u00e9.<\/p><p>Si vous souhaitez en savoir plus sur nos processus de fabrication, d\u00e9couvrez comment nous proc\u00e9dons \u00e0 l'assurance qualit\u00e9 pour mieux comprendre pourquoi la fabrication de nos produits selon nos normes raffin\u00e9es est si essentielle pour obtenir performance et fiabilit\u00e9.<\/p>\t\t\t\t\t\t\t\t<\/div>\n\t\t\t\t<\/div>\n\t\t\t\t\t<\/div>\n\t\t\t\t<\/div>\n\t\t<div class=\"elementor-element elementor-element-02f1b1e e-grid e-con-boxed e-con e-parent\" data-id=\"02f1b1e\" data-element_type=\"container\" data-e-type=\"container\">\n\t\t\t\t\t<div class=\"e-con-inner\">\n\t\t\t\t<div class=\"elementor-element elementor-element-c2708b0 elementor-widget elementor-widget-heading\" data-id=\"c2708b0\" data-element_type=\"widget\" data-e-type=\"widget\" data-widget_type=\"heading.default\">\n\t\t\t\t<div class=\"elementor-widget-container\">\n\t\t\t\t\t<h2 class=\"elementor-heading-title elementor-size-default\">Recyclage et gestion des d\u00e9chets<\/h2>\t\t\t\t<\/div>\n\t\t\t\t<\/div>\n\t\t\t\t<div class=\"elementor-element elementor-element-0c1e333 elementor-widget elementor-widget-heading\" data-id=\"0c1e333\" data-element_type=\"widget\" data-e-type=\"widget\" data-widget_type=\"heading.default\">\n\t\t\t\t<div class=\"elementor-widget-container\">\n\t\t\t\t\t<h2 class=\"elementor-heading-title elementor-size-default\">Produits chimiques nocifs<\/h2>\t\t\t\t<\/div>\n\t\t\t\t<\/div>\n\t\t\t\t<div class=\"elementor-element elementor-element-8b4a3e9 elementor-widget elementor-widget-text-editor\" data-id=\"8b4a3e9\" data-element_type=\"widget\" data-e-type=\"widget\" data-widget_type=\"text-editor.default\">\n\t\t\t\t<div class=\"elementor-widget-container\">\n\t\t\t\t\t\t\t\t\t<p>Nous adoptons une approche proactive du recyclage et de la r\u00e9duction des d\u00e9chets tout au long de nos processus de fabrication, de l'usinage CNC au traitement thermique et de surface des m\u00e9taux. Gr\u00e2ce \u00e0 un filtrage avanc\u00e9, \u00e0 la r\u00e9cup\u00e9ration des mat\u00e9riaux et \u00e0 des audits r\u00e9guliers des d\u00e9chets et des eaux us\u00e9es, nous nous effor\u00e7ons de respecter des normes environnementales strictes. Ces mesures rigoureuses nous aident \u00e0 optimiser l'utilisation des ressources, \u00e0 r\u00e9duire notre empreinte \u00e9cologique et \u00e0 maintenir des installations s\u00fbres et conformes.<\/p><p>Cette approche apporte une valeur mesurable gr\u00e2ce \u00e0 la r\u00e9duction des d\u00e9chets de mat\u00e9riaux et \u00e0 l'am\u00e9lioration de l'efficacit\u00e9 op\u00e9rationnelle. En minimisant la consommation de ressources \u00e0 chaque \u00e9tape, nous r\u00e9duisons les co\u00fbts pour nous-m\u00eames et pour nos clients, d\u00e9montrant ainsi que des pratiques respectueuses de l'environnement peuvent \u00e9galement contribuer \u00e0 un r\u00e9sultat net plus sain pour toutes les parties prenantes.<\/p>\t\t\t\t\t\t\t\t<\/div>\n\t\t\t\t<\/div>\n\t\t\t\t<div class=\"elementor-element elementor-element-e9ea510 elementor-widget elementor-widget-text-editor\" data-id=\"e9ea510\" data-element_type=\"widget\" data-e-type=\"widget\" data-widget_type=\"text-editor.default\">\n\t\t\t\t<div class=\"elementor-widget-container\">\n\t\t\t\t\t\t\t\t\t<p>La gestion s\u00fbre des mati\u00e8res dangereuses est primordiale. Nos processus d'utilisation et d'\u00e9limination des produits chimiques sont conformes aux r\u00e9glementations internationales et aux meilleures pratiques, ce qui garantit le bien-\u00eatre de nos employ\u00e9s, des communaut\u00e9s et de l'environnement. Nous exigeons \u00e9galement de nos fournisseurs qu'ils respectent les normes RoHS et REACH, \u00e9tendant ainsi notre engagement en faveur du d\u00e9veloppement durable \u00e0 l'ensemble de la cha\u00eene d'approvisionnement.<\/p><p>Nos capteurs et nos solutions de pesage jouent un r\u00f4le essentiel dans des secteurs tels que l'agroalimentaire, les appareils m\u00e9dicaux et la production pharmaceutique, o\u00f9 la sant\u00e9 et la s\u00e9curit\u00e9 publiques sont des pr\u00e9occupations majeures. En donnant la priorit\u00e9 \u00e0 des mesures de conformit\u00e9 strictes, nous r\u00e9pondons non seulement aux exigences r\u00e9glementaires, mais nous aidons \u00e9galement nos clients \u00e0 prot\u00e9ger les consommateurs et \u00e0 maintenir l'int\u00e9grit\u00e9 de leurs produits finis, en leur apportant une valeur tangible qui va bien au-del\u00e0 du simple respect des normes.\u00a0<\/p>\t\t\t\t\t\t\t\t<\/div>\n\t\t\t\t<\/div>\n\t\t\t\t\t<\/div>\n\t\t\t\t<\/div>\n\t\t<div class=\"elementor-element elementor-element-9fa433f e-flex e-con-boxed e-con e-parent\" data-id=\"9fa433f\" data-element_type=\"container\" data-e-type=\"container\">\n\t\t\t\t\t<div class=\"e-con-inner\">\n\t\t\t\t<div class=\"elementor-element elementor-element-7cc5e0d elementor-widget elementor-widget-heading\" data-id=\"7cc5e0d\" data-element_type=\"widget\" data-e-type=\"widget\" data-widget_type=\"heading.default\">\n\t\t\t\t<div class=\"elementor-widget-container\">\n\t\t\t\t\t<h2 class=\"elementor-heading-title elementor-size-default\">Aller de l'avant ensemble<\/h2>\t\t\t\t<\/div>\n\t\t\t\t<\/div>\n\t\t\t\t<div class=\"elementor-element elementor-element-66a7b50 elementor-widget elementor-widget-text-editor\" data-id=\"66a7b50\" data-element_type=\"widget\" data-e-type=\"widget\" data-widget_type=\"text-editor.default\">\n\t\t\t\t<div class=\"elementor-widget-container\">\n\t\t\t\t\t\t\t\t\t<p>Chez ANYLOAD, notre certification ISO 14001 renforce notre engagement \u00e0 am\u00e9liorer en permanence les performances environnementales. En combinant une conception robuste, une fabrication efficace et des pratiques de cha\u00eene d'approvisionnement responsables, nous r\u00e9pondons aux besoins de nos clients tout en prot\u00e9geant la plan\u00e8te.<\/p><p>Pour en savoir plus sur la norme ISO14001:2015, veuillez consulter le site officiel de l'ISO : <span style=\"color: #3366ff;\"><a id=\"menur1at\" class=\"fui-Link ___1q1shib f2hkw1w f3rmtva f1ewtqcl fyind8e f1k6fduh f1w7gpdv fk6fouc fjoy568 figsok6 f1s184ao f1mk8lai fnbmjn9 f1o700av f13mvf36 f1cmlufx f9n3di6 f1ids18y f1tx3yz7 f1deo86v f1eh06m1 f1iescvh fhgqx19 f1olyrje f1p93eir f1nev41a f1h8hb77 f1lqvz6u f10aw75t fsle3fq f17ae5zn\" style=\"color: #3366ff;\" title=\"https:\/\/www.iso.org\/standard\/60857.html\" href=\"https:\/\/www.iso.org\/standard\/60857.html\" target=\"_blank\" rel=\"noreferrer noopener\" aria-label=\"Lien https:\/\/www.iso.org\/standard\/60857.html\">https:\/\/www.iso.org\/standard\/60857.html<\/a><\/span><\/p><p>Pour plus d'informations sur nos initiatives en mati\u00e8re de d\u00e9veloppement durable, veuillez consulter <span style=\"color: #3366ff;\"><a style=\"color: #3366ff;\" href=\"https:\/\/www.anyload.com\/fr\/contact\/\" target=\"_blank\" rel=\"noreferrer noopener\">nous contacter<\/a><\/span>. Nous nous r\u00e9jouissons de travailler en partenariat avec vous pour construire un avenir plus durable.<\/p>\t\t\t\t\t\t\t\t<\/div>\n\t\t\t\t<\/div>\n\t\t\t\t\t<\/div>\n\t\t\t\t<\/div>\n\t\t\t\t<\/div>","protected":false},"excerpt":{"rendered":"<p>At Anyload, a leader in the load cell and weighing systems sector, our commitment to environmental sustainability is a foundational [&hellip;]<\/p>\n","protected":false},"author":4,"featured_media":0,"parent":0,"menu_order":0,"comment_status":"closed","ping_status":"closed","template":"","meta":{"_acf_changed":false,"site-sidebar-layout":"left-sidebar","site-content-layout":"","ast-site-content-layout":"default","site-content-style":"default","site-sidebar-style":"default","ast-global-header-display":"","ast-banner-title-visibility":"","ast-main-header-display":"","ast-hfb-above-header-display":"","ast-hfb-below-header-display":"","ast-hfb-mobile-header-display":"","site-post-title":"","ast-breadcrumbs-content":"","ast-featured-img":"","footer-sml-layout":"","ast-disable-related-posts":"","theme-transparent-header-meta":"","adv-header-id-meta":"","stick-header-meta":"","header-above-stick-meta":"","header-main-stick-meta":"","header-below-stick-meta":"","astra-migrate-meta-layouts":"default","ast-page-background-enabled":"default","ast-page-background-meta":{"desktop":{"background-color":"var(--ast-global-color-4)","background-image":"","background-repeat":"repeat","background-position":"center center","background-size":"auto","background-attachment":"scroll","background-type":"","background-media":"","overlay-type":"","overlay-color":"","overlay-opacity":"","overlay-gradient":""},"tablet":{"background-color":"","background-image":"","background-repeat":"repeat","background-position":"center center","background-size":"auto","background-attachment":"scroll","background-type":"","background-media":"","overlay-type":"","overlay-color":"","overlay-opacity":"","overlay-gradient":""},"mobile":{"background-color":"","background-image":"","background-repeat":"repeat","background-position":"center center","background-size":"auto","background-attachment":"scroll","background-type":"","background-media":"","overlay-type":"","overlay-color":"","overlay-opacity":"","overlay-gradient":""}},"ast-content-background-meta":{"desktop":{"background-color":"var(--ast-global-color-5)","background-image":"","background-repeat":"repeat","background-position":"center center","background-size":"auto","background-attachment":"scroll","background-type":"","background-media":"","overlay-type":"","overlay-color":"","overlay-opacity":"","overlay-gradient":""},"tablet":{"background-color":"var(--ast-global-color-5)","background-image":"","background-repeat":"repeat","background-position":"center center","background-size":"auto","background-attachment":"scroll","background-type":"","background-media":"","overlay-type":"","overlay-color":"","overlay-opacity":"","overlay-gradient":""},"mobile":{"background-color":"var(--ast-global-color-5)","background-image":"","background-repeat":"repeat","background-position":"center center","background-size":"auto","background-attachment":"scroll","background-type":"","background-media":"","overlay-type":"","overlay-color":"","overlay-opacity":"","overlay-gradient":""}},"footnotes":""},"class_list":["post-33463","page","type-page","status-publish","hentry"],"acf":[],"_links":{"self":[{"href":"https:\/\/www.anyload.com\/fr\/wp-json\/wp\/v2\/pages\/33463","targetHints":{"allow":["GET"]}}],"collection":[{"href":"https:\/\/www.anyload.com\/fr\/wp-json\/wp\/v2\/pages"}],"about":[{"href":"https:\/\/www.anyload.com\/fr\/wp-json\/wp\/v2\/types\/page"}],"author":[{"embeddable":true,"href":"https:\/\/www.anyload.com\/fr\/wp-json\/wp\/v2\/users\/4"}],"replies":[{"embeddable":true,"href":"https:\/\/www.anyload.com\/fr\/wp-json\/wp\/v2\/comments?post=33463"}],"version-history":[{"count":0,"href":"https:\/\/www.anyload.com\/fr\/wp-json\/wp\/v2\/pages\/33463\/revisions"}],"wp:attachment":[{"href":"https:\/\/www.anyload.com\/fr\/wp-json\/wp\/v2\/media?parent=33463"}],"curies":[{"name":"wp","href":"https:\/\/api.w.org\/{rel}","templated":true}]}}