{"id":32142,"date":"2024-06-24T10:12:41","date_gmt":"2024-06-24T17:12:41","guid":{"rendered":"https:\/\/www.anyload.com\/?page_id=32142"},"modified":"2026-01-06T12:29:35","modified_gmt":"2026-01-06T20:29:35","slug":"crochet-damarrage-a-degagement-rapide","status":"publish","type":"page","link":"https:\/\/www.anyload.com\/fr\/etudes-de-cas\/crochet-damarrage-a-degagement-rapide\/","title":{"rendered":"Crochet d'amarrage \u00e0 d\u00e9gagement rapide"},"content":{"rendered":"<div data-elementor-type=\"wp-page\" data-elementor-id=\"32142\" class=\"elementor elementor-32142\" data-elementor-post-type=\"page\">\n\t\t\t\t<div class=\"elementor-element elementor-element-2d330d6 e-flex e-con-boxed e-con e-parent\" data-id=\"2d330d6\" data-element_type=\"container\">\n\t\t\t\t\t<div class=\"e-con-inner\">\n\t\t<div class=\"elementor-element elementor-element-2a80b84 e-con-full e-flex e-con e-child\" data-id=\"2a80b84\" data-element_type=\"container\">\n\t\t\t\t<div class=\"elementor-element elementor-element-99e36d6 elementor-widget elementor-widget-woocommerce-breadcrumb\" data-id=\"99e36d6\" data-element_type=\"widget\" data-widget_type=\"woocommerce-breadcrumb.default\">\n\t\t\t\t<div class=\"elementor-widget-container\">\n\t\t\t\t\t<nav class=\"woocommerce-breadcrumb\" aria-label=\"Breadcrumb\" data-no-translation=\"\" data-trp-gettext=\"\">Accueil<\/nav>\t\t\t\t<\/div>\n\t\t\t\t<\/div>\n\t\t\t\t<\/div>\n\t\t\t\t\t<\/div>\n\t\t\t\t<\/div>\n\t\t<div class=\"elementor-element elementor-element-cb1f4b0 e-grid e-con-boxed e-con e-parent\" data-id=\"cb1f4b0\" data-element_type=\"container\">\n\t\t\t\t\t<div class=\"e-con-inner\">\n\t\t<div class=\"elementor-element elementor-element-bf98186 e-con-full e-flex e-con e-child\" data-id=\"bf98186\" data-element_type=\"container\">\n\t\t\t\t<div class=\"elementor-element elementor-element-05f8a61 elementor-widget elementor-widget-heading\" data-id=\"05f8a61\" data-element_type=\"widget\" data-widget_type=\"heading.default\">\n\t\t\t\t<div class=\"elementor-widget-container\">\n\t\t\t\t\t<h1 class=\"elementor-heading-title elementor-size-xxl\">Crochets d'amarrage \u00e0 d\u00e9gagement rapide<\/h1>\t\t\t\t<\/div>\n\t\t\t\t<\/div>\n\t\t\t\t<div class=\"elementor-element elementor-element-82a1b4e elementor-widget elementor-widget-heading\" data-id=\"82a1b4e\" data-element_type=\"widget\" data-widget_type=\"heading.default\">\n\t\t\t\t<div class=\"elementor-widget-container\">\n\t\t\t\t\t<h2 class=\"elementor-heading-title elementor-size-default\">Solution de broche de charge maritime pour les syst\u00e8mes de s\u00e9curit\u00e9<\/h2>\t\t\t\t<\/div>\n\t\t\t\t<\/div>\n\t\t\t\t<div class=\"elementor-element elementor-element-da33201 elementor-widget elementor-widget-text-editor\" data-id=\"da33201\" data-element_type=\"widget\" data-widget_type=\"text-editor.default\">\n\t\t\t\t<div class=\"elementor-widget-container\">\n\t\t\t\t\t\t\t\t\t<p>Les cellules de charge int\u00e9gr\u00e9es aux crochets d'amarrage \u00e0 largage rapide garantissent qu'elles ne sont pas surcharg\u00e9es et qu'elles peuvent lib\u00e9rer l'amarrage pour assurer la s\u00e9curit\u00e9.<\/p>\t\t\t\t\t\t\t\t<\/div>\n\t\t\t\t<\/div>\n\t\t\t\t<div class=\"elementor-element elementor-element-6e46c79 elementor-widget elementor-widget-heading\" data-id=\"6e46c79\" data-element_type=\"widget\" data-widget_type=\"heading.default\">\n\t\t\t\t<div class=\"elementor-widget-container\">\n\t\t\t\t\t<h2 class=\"elementor-heading-title elementor-size-default\">Comment cela fonctionne-t-il ?<\/h2>\t\t\t\t<\/div>\n\t\t\t\t<\/div>\n\t\t\t\t<div class=\"elementor-element elementor-element-3ba86e1 elementor-widget elementor-widget-text-editor\" data-id=\"3ba86e1\" data-element_type=\"widget\" data-widget_type=\"text-editor.default\">\n\t\t\t\t<div class=\"elementor-widget-container\">\n\t\t\t\t\t\t\t\t\t<ol><li><span style=\"color: #2d2f36;\">Les courants de mar\u00e9e, les vents, les pannes d'\u00e9lectricit\u00e9 et les ph\u00e9nom\u00e8nes m\u00e9t\u00e9orologiques extr\u00eames peuvent entra\u00eener le glissement ou le d\u00e9tachement complet des amarres des grands navires de croisi\u00e8re, des porte-conteneurs et des vraquiers, causant ainsi des dommages importants et un risque de dommages collat\u00e9raux.<\/span><\/li><li><span style=\"color: #2d2f36;\">Les crochets \u00e0 largage rapide (QRH) des syst\u00e8mes d'amarrage modernes permettent d'attacher les amarres en toute s\u00e9curit\u00e9 et de les larguer rapidement.<\/span><\/li><li>L'int\u00e9gration de cellules de charge personnalis\u00e9es dans ces QRH garantit que les crochets ne sont pas surcharg\u00e9s et qu'ils peuvent lib\u00e9rer l'amarre pour maintenir la s\u00e9curit\u00e9.<\/li><\/ol>\t\t\t\t\t\t\t\t<\/div>\n\t\t\t\t<\/div>\n\t\t\t\t<div class=\"elementor-element elementor-element-00a973a elementor-widget elementor-widget-heading\" data-id=\"00a973a\" data-element_type=\"widget\" data-widget_type=\"heading.default\">\n\t\t\t\t<div class=\"elementor-widget-container\">\n\t\t\t\t\t<h2 class=\"elementor-heading-title elementor-size-default\">Caract\u00e9ristiques principales<\/h2>\t\t\t\t<\/div>\n\t\t\t\t<\/div>\n\t\t\t\t<div class=\"elementor-element elementor-element-ddb57c1 elementor-widget elementor-widget-text-editor\" data-id=\"ddb57c1\" data-element_type=\"widget\" data-widget_type=\"text-editor.default\">\n\t\t\t\t<div class=\"elementor-widget-container\">\n\t\t\t\t\t\t\t\t\t<ul><li><span style=\"color: #2d2f36;\"><strong>S\u00e9curit\u00e9 et fiabilit\u00e9 accrues<\/strong>: Les cellules de charge int\u00e9gr\u00e9es \u00e0 l'axe de chargement surveillent la charge sur les crochets, emp\u00eachant toute surcharge et garantissant que les crochets peuvent lib\u00e9rer les lignes d'amarrage en toute s\u00e9curit\u00e9. Ceci est essentiel pour maintenir la s\u00e9curit\u00e9 op\u00e9rationnelle dans les installations p\u00e9troli\u00e8res, gazi\u00e8res, p\u00e9trochimiques, de manutention en vrac et dans les ports commerciaux.<\/span><\/li><li><span style=\"color: #2d2f36;\"><strong>Durabilit\u00e9<\/strong>: Con\u00e7us pour r\u00e9sister aux environnements marins difficiles, les capteurs de pesage sont r\u00e9sistants \u00e0 la corrosion et durables, ce qui garantit une fiabilit\u00e9 \u00e0 long terme.<\/span><\/li><li><span style=\"color: #2d2f36;\"><strong>Facilit\u00e9 d'utilisation<\/strong>: Les capteurs de pesage sont dot\u00e9s de connecteurs de c\u00e2ble sp\u00e9ciaux et de sorties num\u00e9riques qui simplifient l'int\u00e9gration dans les syst\u00e8mes de contr\u00f4le existants. <\/span><\/li><\/ul>\t\t\t\t\t\t\t\t<\/div>\n\t\t\t\t<\/div>\n\t\t\t\t<div class=\"elementor-element elementor-element-2b9b7d2 elementor-widget elementor-widget-heading\" data-id=\"2b9b7d2\" data-element_type=\"widget\" data-widget_type=\"heading.default\">\n\t\t\t\t<div class=\"elementor-widget-container\">\n\t\t\t\t\t<h2 class=\"elementor-heading-title elementor-size-default\">Solution sur mesure<\/h2>\t\t\t\t<\/div>\n\t\t\t\t<\/div>\n\t\t\t\t<div class=\"elementor-element elementor-element-bd55d4e elementor-widget elementor-widget-text-editor\" data-id=\"bd55d4e\" data-element_type=\"widget\" data-widget_type=\"text-editor.default\">\n\t\t\t\t<div class=\"elementor-widget-container\">\n\t\t\t\t\t\t\t\t\t<p>L'int\u00e9gration de capteurs de charge personnalis\u00e9s dans les crochets d'amarrage \u00e0 d\u00e9gagement rapide illustre notre engagement \u00e0 am\u00e9liorer la s\u00e9curit\u00e9 et la fiabilit\u00e9 des applications portuaires. En fournissant des solutions de contr\u00f4le de charge robustes, pr\u00e9cises et durables, nous veillons \u00e0 ce que les op\u00e9rations d'amarrage restent s\u00fbres et efficaces dans toutes les conditions.<\/p>\t\t\t\t\t\t\t\t<\/div>\n\t\t\t\t<\/div>\n\t\t\t\t<div class=\"elementor-element elementor-element-09dd477 elementor-button-warning elementor-align-justify elementor-widget__width-initial elementor-widget elementor-widget-button\" data-id=\"09dd477\" data-element_type=\"widget\" data-widget_type=\"button.default\">\n\t\t\t\t<div class=\"elementor-widget-container\">\n\t\t\t\t\t\t\t\t\t<div class=\"elementor-button-wrapper\">\n\t\t\t\t\t<a class=\"elementor-button elementor-button-link elementor-size-sm\" href=\"https:\/\/www.anyload.com\/fr\/solutions-sur-mesure\/demander-des-solutions-personnalisees\/\">\n\t\t\t\t\t\t<span class=\"elementor-button-content-wrapper\">\n\t\t\t\t\t\t\t\t\t<span class=\"elementor-button-text\">SOUMETTRE UNE DEMANDE<\/span>\n\t\t\t\t\t<\/span>\n\t\t\t\t\t<\/a>\n\t\t\t\t<\/div>\n\t\t\t\t\t\t\t\t<\/div>\n\t\t\t\t<\/div>\n\t\t\t\t<\/div>\n\t\t<div class=\"elementor-element elementor-element-6edbe71 e-con-full e-flex e-con e-child\" data-id=\"6edbe71\" data-element_type=\"container\" data-settings=\"{&quot;sticky&quot;:&quot;top&quot;,&quot;sticky_parent&quot;:&quot;yes&quot;,&quot;sticky_on&quot;:[&quot;desktop&quot;,&quot;tablet&quot;,&quot;mobile&quot;],&quot;sticky_offset&quot;:0,&quot;sticky_effects_offset&quot;:0,&quot;sticky_anchor_link_offset&quot;:0}\">\n\t\t\t\t<div class=\"elementor-element elementor-element-c994d8e elementor-widget elementor-widget-image\" data-id=\"c994d8e\" data-element_type=\"widget\" data-widget_type=\"image.default\">\n\t\t\t\t<div class=\"elementor-widget-container\">\n\t\t\t\t\t\t\t\t\t\t\t\t\t\t\t<img decoding=\"async\" src=\"https:\/\/www.anyload.com\/wp-content\/uploads\/2024\/07\/Mooring-Hook-Quick-Release.png\" title=\"Amarrage - crochet - largage rapide\" alt=\"Amarrage - crochet - largage rapide\" loading=\"lazy\" \/>\t\t\t\t\t\t\t\t\t\t\t\t\t\t\t<\/div>\n\t\t\t\t<\/div>\n\t\t\t\t<div class=\"elementor-element elementor-element-bf55d3b elementor-widget elementor-widget-image\" data-id=\"bf55d3b\" data-element_type=\"widget\" data-widget_type=\"image.default\">\n\t\t\t\t<div class=\"elementor-widget-container\">\n\t\t\t\t\t\t\t\t\t\t\t\t\t\t\t<img fetchpriority=\"high\" decoding=\"async\" width=\"1024\" height=\"576\" src=\"https:\/\/www.anyload.com\/wp-content\/uploads\/2025\/07\/Quick-Release-Hook-Grid-1024x576.webp\" class=\"attachment-large size-large wp-image-38555\" alt=\"\" srcset=\"https:\/\/www.anyload.com\/wp-content\/uploads\/2025\/07\/Quick-Release-Hook-Grid-1024x576.webp 1024w, https:\/\/www.anyload.com\/wp-content\/uploads\/2025\/07\/Quick-Release-Hook-Grid-450x253.webp 450w, https:\/\/www.anyload.com\/wp-content\/uploads\/2025\/07\/Quick-Release-Hook-Grid-768x432.webp 768w, https:\/\/www.anyload.com\/wp-content\/uploads\/2025\/07\/Quick-Release-Hook-Grid-1536x864.webp 1536w, https:\/\/www.anyload.com\/wp-content\/uploads\/2025\/07\/Quick-Release-Hook-Grid-2048x1152.webp 2048w, https:\/\/www.anyload.com\/wp-content\/uploads\/2025\/07\/Quick-Release-Hook-Grid-500x281.webp 500w\" sizes=\"(max-width: 1024px) 100vw, 1024px\" \/>\t\t\t\t\t\t\t\t\t\t\t\t\t\t\t<\/div>\n\t\t\t\t<\/div>\n\t\t\t\t<\/div>\n\t\t\t\t\t<\/div>\n\t\t\t\t<\/div>\n\t\t<div class=\"elementor-element elementor-element-48b47f9 e-con-full e-flex e-con e-parent\" data-id=\"48b47f9\" data-element_type=\"container\">\n\t\t<div class=\"elementor-element elementor-element-06f3943 e-flex e-con-boxed e-con e-child\" data-id=\"06f3943\" data-element_type=\"container\">\n\t\t\t\t\t<div class=\"e-con-inner\">\n\t\t\t\t<div class=\"elementor-element elementor-element-b2b8791 elementor-widget elementor-widget-heading\" data-id=\"b2b8791\" data-element_type=\"widget\" data-widget_type=\"heading.default\">\n\t\t\t\t<div class=\"elementor-widget-container\">\n\t\t\t\t\t<h3 class=\"elementor-heading-title elementor-size-default\">Produits vedettes<\/h3>\t\t\t\t<\/div>\n\t\t\t\t<\/div>\n\t\t\t\t\t<\/div>\n\t\t\t\t<\/div>\n\t\t\t\t<\/div>\n\t\t<div class=\"elementor-element elementor-element-764358f e-con-full e-flex e-con e-parent\" data-id=\"764358f\" data-element_type=\"container\">\n\t\t<div class=\"elementor-element elementor-element-18eddef e-con-full e-flex e-con e-child\" data-id=\"18eddef\" data-element_type=\"container\">\n\t\t\t\t<div class=\"elementor-element elementor-element-3ada190 elementor-widget elementor-widget-heading\" data-id=\"3ada190\" data-element_type=\"widget\" data-widget_type=\"heading.default\">\n\t\t\t\t<div class=\"elementor-widget-container\">\n\t\t\t\t\t<h3 class=\"elementor-heading-title elementor-size-default\"><a href=\"https:\/\/www.anyload.com\/fr\/product\/535ts-load-pin\/\"><a href=\"https:\/\/www.anyload.com\/fr\/product\/custom-made-load-pins\/\" style=\"font-family: Pilat;font-size: 36px;color: #D52B1E;font-weight: 800\">BROCHE DE CHARGEMENT PERSONNALIS\u00c9E<\/a><br>\n\n<span style=\"font-family: Pilat;font-size: 28px;font-weight: 300;color: #2D2F36\">Goupille de charge d'amarrage maritime<\/span> \n\n\n<br>\n\n<a href=\"https:\/\/www.anyload.com\/fr\/product\/535ts-load-pin\/\" style=\"font-family: Open Sans;font-size: 15px;color: #1D4289;font-weight: normal\">Voir la version standard.<\/a><br>\n\n\n<\/a><\/h3>\t\t\t\t<\/div>\n\t\t\t\t<\/div>\n\t\t\t\t<\/div>\n\t\t<div class=\"elementor-element elementor-element-82f9675 e-con-full e-flex e-con e-child\" data-id=\"82f9675\" data-element_type=\"container\">\n\t\t\t\t<div class=\"elementor-element elementor-element-fb6e7db elementor-widget elementor-widget-image\" data-id=\"fb6e7db\" data-element_type=\"widget\" data-widget_type=\"image.default\">\n\t\t\t\t<div class=\"elementor-widget-container\">\n\t\t\t\t\t\t\t\t\t\t\t\t\t\t\t\t<a href=\"https:\/\/www.anyload.com\/fr\/product\/535ts-load-pin\/\">\n\t\t\t\t\t\t\t<img decoding=\"async\" width=\"450\" height=\"450\" src=\"https:\/\/www.anyload.com\/wp-content\/uploads\/2024\/07\/Custom-LoadPin-450x450.jpg\" class=\"attachment-medium size-medium wp-image-32340\" alt=\"\" srcset=\"https:\/\/www.anyload.com\/wp-content\/uploads\/2024\/07\/Custom-LoadPin-450x450.jpg 450w, https:\/\/www.anyload.com\/wp-content\/uploads\/2024\/07\/Custom-LoadPin-1024x1024.jpg 1024w, https:\/\/www.anyload.com\/wp-content\/uploads\/2024\/07\/Custom-LoadPin-150x150.jpg 150w, https:\/\/www.anyload.com\/wp-content\/uploads\/2024\/07\/Custom-LoadPin-768x768.jpg 768w, https:\/\/www.anyload.com\/wp-content\/uploads\/2024\/07\/Custom-LoadPin-500x500.jpg 500w, https:\/\/www.anyload.com\/wp-content\/uploads\/2024\/07\/Custom-LoadPin-100x100.jpg 100w, https:\/\/www.anyload.com\/wp-content\/uploads\/2024\/07\/Custom-LoadPin.jpg 1080w\" sizes=\"(max-width: 450px) 100vw, 450px\" \/>\t\t\t\t\t\t\t\t<\/a>\n\t\t\t\t\t\t\t\t\t\t\t\t\t\t\t<\/div>\n\t\t\t\t<\/div>\n\t\t\t\t<\/div>\n\t\t<div class=\"elementor-element elementor-element-0f763d2 e-con-full e-flex e-con e-child\" data-id=\"0f763d2\" data-element_type=\"container\">\n\t\t\t\t<div class=\"elementor-element elementor-element-62830db elementor-widget elementor-widget-text-editor\" data-id=\"62830db\" data-element_type=\"widget\" data-widget_type=\"text-editor.default\">\n\t\t\t\t<div class=\"elementor-widget-container\">\n\t\t\t\t\t\t\t\t\t<ul>\n \t<li style=\"text-align: left;\"><span style=\"white-space-collapse: preserve;\">Construction en acier inoxydable r\u00e9sistant \u00e0 la corrosion<\/span><\/li>\n \t<li style=\"text-align: left;\">Usin\u00e9 avec pr\u00e9cision pour s'int\u00e9grer parfaitement au produit final<\/li>\n \t<li style=\"text-align: left;\">Facteur de s\u00e9curit\u00e9 \u00e9lev\u00e9 <\/li>\n\n<\/ul>\n<p style=\"text-align: left;\">Les axes de chargement sur mesure d'ANYLOAD sont con\u00e7us et fabriqu\u00e9s selon des normes rigoureuses afin de r\u00e9pondre aux normes strictes de s\u00e9curit\u00e9 et de performance que nous respectons. Nous travaillons en \u00e9troite collaboration avec nos clients pour nous assurer que toutes les sp\u00e9cifications sont conformes aux exigences de chaque application unique. <\/p>\t\t\t\t\t\t\t\t<\/div>\n\t\t\t\t<\/div>\n\t\t\t\t<\/div>\n\t\t\t\t<\/div>\n\t\t<div class=\"elementor-element elementor-element-7164c90 e-flex e-con-boxed e-con e-parent\" data-id=\"7164c90\" data-element_type=\"container\">\n\t\t\t\t\t<div class=\"e-con-inner\">\n\t\t\t\t\t<\/div>\n\t\t\t\t<\/div>\n\t\t<div class=\"elementor-element elementor-element-e4f22fd e-flex e-con-boxed e-con e-parent\" data-id=\"e4f22fd\" data-element_type=\"container\" data-settings=\"{&quot;background_background&quot;:&quot;classic&quot;}\">\n\t\t\t\t\t<div class=\"e-con-inner\">\n\t\t<div class=\"elementor-element elementor-element-5ba5fba e-flex e-con-boxed e-con e-child\" data-id=\"5ba5fba\" data-element_type=\"container\">\n\t\t\t\t\t<div class=\"e-con-inner\">\n\t\t\t\t<div class=\"elementor-element elementor-element-e49e170 elementor-widget elementor-widget-heading\" data-id=\"e49e170\" data-element_type=\"widget\" data-widget_type=\"heading.default\">\n\t\t\t\t<div class=\"elementor-widget-container\">\n\t\t\t\t\t<h4 class=\"elementor-heading-title elementor-size-xxl\"><a href=\"https:\/\/www.anyload.com\/fr\/etudes-de-cas\/\" style=\"font-family: Pilat;font-weight: 600;font-size: 50px;text-decoration: none;color: inherit\">\n    Explorer les \u00e9tudes de cas\n<\/a><\/h4>\t\t\t\t<\/div>\n\t\t\t\t<\/div>\n\t\t\t\t\t<\/div>\n\t\t\t\t<\/div>\n\t\t<div class=\"elementor-element elementor-element-3aa123d e-grid e-con-boxed e-con e-child\" data-id=\"3aa123d\" data-element_type=\"container\">\n\t\t\t\t\t<div class=\"e-con-inner\">\n\t\t\t\t<div class=\"elementor-element elementor-element-3243e25 elementor-position-top elementor-widget elementor-widget-image-box\" data-id=\"3243e25\" data-element_type=\"widget\" data-widget_type=\"image-box.default\">\n\t\t\t\t<div class=\"elementor-widget-container\">\n\t\t\t\t\t<div class=\"elementor-image-box-wrapper\"><figure class=\"elementor-image-box-img\"><a href=\"https:\/\/www.anyload.com\/fr\/etudes-de-cas\/pesage-de-chariots-dengrais\/\" tabindex=\"-1\"><img decoding=\"async\" width=\"500\" height=\"330\" src=\"https:\/\/www.anyload.com\/wp-content\/uploads\/2024\/04\/Pull-Type-Fertilizer-Cart-Load-Cells-ANYLOAD-03-scaled-500x330.jpg\" class=\"attachment-woocommerce_single size-woocommerce_single wp-image-29072\" alt=\"Un chariot d&#039;engrais utilisant la cellule de charge 563YS Single Ended Beam d&#039;Anyload.\" srcset=\"https:\/\/www.anyload.com\/wp-content\/uploads\/2024\/04\/Pull-Type-Fertilizer-Cart-Load-Cells-ANYLOAD-03-scaled-500x330.jpg 500w, https:\/\/www.anyload.com\/wp-content\/uploads\/2024\/04\/Pull-Type-Fertilizer-Cart-Load-Cells-ANYLOAD-03-scaled-450x297.jpg 450w, https:\/\/www.anyload.com\/wp-content\/uploads\/2024\/04\/Pull-Type-Fertilizer-Cart-Load-Cells-ANYLOAD-03-scaled-1024x677.jpg 1024w, https:\/\/www.anyload.com\/wp-content\/uploads\/2024\/04\/Pull-Type-Fertilizer-Cart-Load-Cells-ANYLOAD-03-scaled-768x508.jpg 768w, https:\/\/www.anyload.com\/wp-content\/uploads\/2024\/04\/Pull-Type-Fertilizer-Cart-Load-Cells-ANYLOAD-03-scaled-1536x1015.jpg 1536w, https:\/\/www.anyload.com\/wp-content\/uploads\/2024\/04\/Pull-Type-Fertilizer-Cart-Load-Cells-ANYLOAD-03-scaled-2048x1354.jpg 2048w\" sizes=\"(max-width: 500px) 100vw, 500px\" \/><\/a><\/figure><div class=\"elementor-image-box-content\"><h3 class=\"elementor-image-box-title\"><a href=\"https:\/\/www.anyload.com\/fr\/etudes-de-cas\/pesage-de-chariots-dengrais\/\"><a href=\"https:\/\/www.anyload.com\/fr\/etudes-de-cas\/pesage-de-chariots-dengrais\/\" style=\"font-family: Pilat;font-size: 20px;font-weight: 600\">Solutions de pesage agricole<\/a><\/a><\/h3><p class=\"elementor-image-box-description\">Comment l'industrie agricole utilise notre cellule de charge pour les chariots et les \u00e9quipements mobiles afin d'obtenir des r\u00e9sultats optimaux<\/p><\/div><\/div>\t\t\t\t<\/div>\n\t\t\t\t<\/div>\n\t\t\t\t<div class=\"elementor-element elementor-element-ca32d98 elementor-position-top elementor-widget elementor-widget-image-box\" data-id=\"ca32d98\" data-element_type=\"widget\" data-widget_type=\"image-box.default\">\n\t\t\t\t<div class=\"elementor-widget-container\">\n\t\t\t\t\t<div class=\"elementor-image-box-wrapper\"><figure class=\"elementor-image-box-img\"><a href=\"https:\/\/www.anyload.com\/fr\/etudes-de-cas\/pales-deoliennes\/\" tabindex=\"-1\"><img loading=\"lazy\" decoding=\"async\" width=\"500\" height=\"329\" src=\"https:\/\/www.anyload.com\/wp-content\/uploads\/2024\/02\/Wind-Turbine-Weighing-Thumbnail-72-scaled.png\" class=\"attachment-woocommerce_single size-woocommerce_single wp-image-27878\" alt=\"\" srcset=\"https:\/\/www.anyload.com\/wp-content\/uploads\/2024\/02\/Wind-Turbine-Weighing-Thumbnail-72-scaled.png 2560w, https:\/\/www.anyload.com\/wp-content\/uploads\/2024\/02\/Wind-Turbine-Weighing-Thumbnail-72-450x296.png 450w\" sizes=\"(max-width: 500px) 100vw, 500px\" \/><\/a><\/figure><div class=\"elementor-image-box-content\"><h3 class=\"elementor-image-box-title\"><a href=\"https:\/\/www.anyload.com\/fr\/etudes-de-cas\/pales-deoliennes\/\"><a href=\"https:\/\/www.anyload.com\/fr\/etudes-de-cas\/pales-deoliennes\/\" style=\"font-family: Pilat;font-size: 20px;font-weight: 600\">Augmenter la dur\u00e9e de vie des turbines<\/a><\/a><\/h3><p class=\"elementor-image-box-description\">Solution d'assurance qualit\u00e9 gravim\u00e9trique pour les \u00e9tudes sur les pales d'\u00e9oliennes<\/p><\/div><\/div>\t\t\t\t<\/div>\n\t\t\t\t<\/div>\n\t\t\t\t<div class=\"elementor-element elementor-element-c39cac7 elementor-position-top elementor-widget elementor-widget-image-box\" data-id=\"c39cac7\" data-element_type=\"widget\" data-widget_type=\"image-box.default\">\n\t\t\t\t<div class=\"elementor-widget-container\">\n\t\t\t\t\t<div class=\"elementor-image-box-wrapper\"><figure class=\"elementor-image-box-img\"><a href=\"https:\/\/www.anyload.com\/fr\/etudes-de-cas\/machines-densachage\/\" tabindex=\"-1\"><img loading=\"lazy\" decoding=\"async\" width=\"2560\" height=\"1683\" src=\"https:\/\/www.anyload.com\/wp-content\/uploads\/2024\/02\/Explore-BaggingMachine.png\" class=\"attachment-full size-full wp-image-27886\" alt=\"\" srcset=\"https:\/\/www.anyload.com\/wp-content\/uploads\/2024\/02\/Explore-BaggingMachine.png 2560w, https:\/\/www.anyload.com\/wp-content\/uploads\/2024\/02\/Explore-BaggingMachine-500x329.png 500w, https:\/\/www.anyload.com\/wp-content\/uploads\/2024\/02\/Explore-BaggingMachine-450x296.png 450w, https:\/\/www.anyload.com\/wp-content\/uploads\/2024\/02\/Explore-BaggingMachine-1024x673.png 1024w, https:\/\/www.anyload.com\/wp-content\/uploads\/2024\/02\/Explore-BaggingMachine-768x505.png 768w, https:\/\/www.anyload.com\/wp-content\/uploads\/2024\/02\/Explore-BaggingMachine-1536x1010.png 1536w, https:\/\/www.anyload.com\/wp-content\/uploads\/2024\/02\/Explore-BaggingMachine-2048x1346.png 2048w\" sizes=\"(max-width: 2560px) 100vw, 2560px\" \/><\/a><\/figure><div class=\"elementor-image-box-content\"><h3 class=\"elementor-image-box-title\"><a href=\"https:\/\/www.anyload.com\/fr\/etudes-de-cas\/machines-densachage\/\"><a href=\"https:\/\/www.anyload.com\/fr\/etudes-de-cas\/machines-densachage\/\" style=\"font-family: Pilat;font-size: 20px;font-weight: 600\">Cellules de charge pour machines de remplissage de sacs<\/a><\/a><\/h3><p class=\"elementor-image-box-description\">Syst\u00e8me de pesage et de contr\u00f4le du remplissage des sacs et d'autres processus pour une efficacit\u00e9 maximale<\/p><\/div><\/div>\t\t\t\t<\/div>\n\t\t\t\t<\/div>\n\t\t\t\t<div class=\"elementor-element elementor-element-1b1b962 elementor-widget elementor-widget-spacer\" data-id=\"1b1b962\" data-element_type=\"widget\" data-widget_type=\"spacer.default\">\n\t\t\t\t<div class=\"elementor-widget-container\">\n\t\t\t\t\t\t\t<div class=\"elementor-spacer\">\n\t\t\t<div class=\"elementor-spacer-inner\"><\/div>\n\t\t<\/div>\n\t\t\t\t\t\t<\/div>\n\t\t\t\t<\/div>\n\t\t\t\t\t<\/div>\n\t\t\t\t<\/div>\n\t\t\t\t\t<\/div>\n\t\t\t\t<\/div>\n\t\t\t\t<\/div>","protected":false},"excerpt":{"rendered":"<p>Quick Release Mooring Hooks Maritime Load Pin Solution for Safety Systems Custom load pin load cells integrated into quick release [&hellip;]<\/p>","protected":false},"author":4,"featured_media":0,"parent":23213,"menu_order":0,"comment_status":"closed","ping_status":"closed","template":"","meta":{"_acf_changed":false,"site-sidebar-layout":"no-sidebar","site-content-layout":"page-builder","ast-site-content-layout":"full-width-container","site-content-style":"unboxed","site-sidebar-style":"unboxed","ast-global-header-display":"","ast-banner-title-visibility":"","ast-main-header-display":"","ast-hfb-above-header-display":"","ast-hfb-below-header-display":"","ast-hfb-mobile-header-display":"","site-post-title":"disabled","ast-breadcrumbs-content":"","ast-featured-img":"","footer-sml-layout":"","ast-disable-related-posts":"","theme-transparent-header-meta":"","adv-header-id-meta":"","stick-header-meta":"","header-above-stick-meta":"","header-main-stick-meta":"","header-below-stick-meta":"","astra-migrate-meta-layouts":"set","ast-page-background-enabled":"default","ast-page-background-meta":{"desktop":{"background-color":"var(--ast-global-color-4)","background-image":"","background-repeat":"repeat","background-position":"center center","background-size":"auto","background-attachment":"scroll","background-type":"","background-media":"","overlay-type":"","overlay-color":"","overlay-opacity":"","overlay-gradient":""},"tablet":{"background-color":"","background-image":"","background-repeat":"repeat","background-position":"center center","background-size":"auto","background-attachment":"scroll","background-type":"","background-media":"","overlay-type":"","overlay-color":"","overlay-opacity":"","overlay-gradient":""},"mobile":{"background-color":"","background-image":"","background-repeat":"repeat","background-position":"center center","background-size":"auto","background-attachment":"scroll","background-type":"","background-media":"","overlay-type":"","overlay-color":"","overlay-opacity":"","overlay-gradient":""}},"ast-content-background-meta":{"desktop":{"background-color":"var(--ast-global-color-5)","background-image":"","background-repeat":"repeat","background-position":"center center","background-size":"auto","background-attachment":"scroll","background-type":"","background-media":"","overlay-type":"","overlay-color":"","overlay-opacity":"","overlay-gradient":""},"tablet":{"background-color":"var(--ast-global-color-5)","background-image":"","background-repeat":"repeat","background-position":"center center","background-size":"auto","background-attachment":"scroll","background-type":"","background-media":"","overlay-type":"","overlay-color":"","overlay-opacity":"","overlay-gradient":""},"mobile":{"background-color":"var(--ast-global-color-5)","background-image":"","background-repeat":"repeat","background-position":"center center","background-size":"auto","background-attachment":"scroll","background-type":"","background-media":"","overlay-type":"","overlay-color":"","overlay-opacity":"","overlay-gradient":""}},"footnotes":""},"class_list":["post-32142","page","type-page","status-publish","hentry"],"acf":[],"_links":{"self":[{"href":"https:\/\/www.anyload.com\/fr\/wp-json\/wp\/v2\/pages\/32142","targetHints":{"allow":["GET"]}}],"collection":[{"href":"https:\/\/www.anyload.com\/fr\/wp-json\/wp\/v2\/pages"}],"about":[{"href":"https:\/\/www.anyload.com\/fr\/wp-json\/wp\/v2\/types\/page"}],"author":[{"embeddable":true,"href":"https:\/\/www.anyload.com\/fr\/wp-json\/wp\/v2\/users\/4"}],"replies":[{"embeddable":true,"href":"https:\/\/www.anyload.com\/fr\/wp-json\/wp\/v2\/comments?post=32142"}],"version-history":[{"count":3,"href":"https:\/\/www.anyload.com\/fr\/wp-json\/wp\/v2\/pages\/32142\/revisions"}],"predecessor-version":[{"id":41859,"href":"https:\/\/www.anyload.com\/fr\/wp-json\/wp\/v2\/pages\/32142\/revisions\/41859"}],"up":[{"embeddable":true,"href":"https:\/\/www.anyload.com\/fr\/wp-json\/wp\/v2\/pages\/23213"}],"wp:attachment":[{"href":"https:\/\/www.anyload.com\/fr\/wp-json\/wp\/v2\/media?parent=32142"}],"curies":[{"name":"wp","href":"https:\/\/api.w.org\/{rel}","templated":true}]}}