{"id":27807,"date":"2024-02-16T10:24:00","date_gmt":"2024-02-16T18:24:00","guid":{"rendered":"https:\/\/www.anyload.com\/?page_id=27807"},"modified":"2026-01-06T12:33:04","modified_gmt":"2026-01-06T20:33:04","slug":"machines-densachage","status":"publish","type":"page","link":"https:\/\/www.anyload.com\/fr\/etudes-de-cas\/machines-densachage\/","title":{"rendered":"Machines de remplissage de sacs"},"content":{"rendered":"<div data-elementor-type=\"wp-page\" data-elementor-id=\"27807\" class=\"elementor elementor-27807\" data-elementor-post-type=\"page\">\n\t\t\t\t<div class=\"elementor-element elementor-element-2d330d6 e-flex e-con-boxed e-con e-parent\" data-id=\"2d330d6\" data-element_type=\"container\" data-e-type=\"container\">\n\t\t\t\t\t<div class=\"e-con-inner\">\n\t\t<div class=\"elementor-element elementor-element-2a80b84 e-con-full e-flex e-con e-child\" data-id=\"2a80b84\" data-element_type=\"container\" data-e-type=\"container\">\n\t\t\t\t<div class=\"elementor-element elementor-element-99e36d6 elementor-widget elementor-widget-woocommerce-breadcrumb\" data-id=\"99e36d6\" data-element_type=\"widget\" data-e-type=\"widget\" data-widget_type=\"woocommerce-breadcrumb.default\">\n\t\t\t\t<div class=\"elementor-widget-container\">\n\t\t\t\t\t<nav class=\"woocommerce-breadcrumb\" aria-label=\"Breadcrumb\" data-no-translation=\"\" data-trp-gettext=\"\">Accueil<\/nav>\t\t\t\t<\/div>\n\t\t\t\t<\/div>\n\t\t\t\t<\/div>\n\t\t\t\t\t<\/div>\n\t\t\t\t<\/div>\n\t\t<div class=\"elementor-element elementor-element-cb1f4b0 e-grid e-con-boxed e-con e-parent\" data-id=\"cb1f4b0\" data-element_type=\"container\" data-e-type=\"container\">\n\t\t\t\t\t<div class=\"e-con-inner\">\n\t\t<div class=\"elementor-element elementor-element-bf98186 e-con-full e-flex e-con e-child\" data-id=\"bf98186\" data-element_type=\"container\" data-e-type=\"container\">\n\t\t\t\t<div class=\"elementor-element elementor-element-05f8a61 elementor-widget elementor-widget-heading\" data-id=\"05f8a61\" data-element_type=\"widget\" data-e-type=\"widget\" data-widget_type=\"heading.default\">\n\t\t\t\t<div class=\"elementor-widget-container\">\n\t\t\t\t\t<h1 class=\"elementor-heading-title elementor-size-xxl\">Machines de remplissage de sacs<\/h1>\t\t\t\t<\/div>\n\t\t\t\t<\/div>\n\t\t\t\t<div class=\"elementor-element elementor-element-da33201 elementor-widget elementor-widget-text-editor\" data-id=\"da33201\" data-element_type=\"widget\" data-e-type=\"widget\" data-widget_type=\"text-editor.default\">\n\t\t\t\t<div class=\"elementor-widget-container\">\n\t\t\t\t\t\t\t\t\t<p><span style=\"color: #535763;\">Les syst\u00e8mes de remplissage de sacs et autres syst\u00e8mes de pesage et de contr\u00f4le des processus n\u00e9cessitent des cellules de charge de haute pr\u00e9cision qui ont \u00e9galement des temps de r\u00e9ponse rapides pour assurer une efficacit\u00e9 maximale lors du portionnement des mat\u00e9riaux. <\/span><\/p>\t\t\t\t\t\t\t\t<\/div>\n\t\t\t\t<\/div>\n\t\t\t\t<div class=\"elementor-element elementor-element-6e46c79 elementor-widget elementor-widget-heading\" data-id=\"6e46c79\" data-element_type=\"widget\" data-e-type=\"widget\" data-widget_type=\"heading.default\">\n\t\t\t\t<div class=\"elementor-widget-container\">\n\t\t\t\t\t<h2 class=\"elementor-heading-title elementor-size-default\">Comment cela fonctionne-t-il ?<\/h2>\t\t\t\t<\/div>\n\t\t\t\t<\/div>\n\t\t\t\t<div class=\"elementor-element elementor-element-3ba86e1 elementor-widget elementor-widget-text-editor\" data-id=\"3ba86e1\" data-element_type=\"widget\" data-e-type=\"widget\" data-widget_type=\"text-editor.default\">\n\t\t\t\t<div class=\"elementor-widget-container\">\n\t\t\t\t\t\t\t\t\t<ol>\n \t<li><span style=\"color: #2d2f36;\">Les \u00e9quipements de contr\u00f4le des processus d\u00e9pendent de cellules de charge tr\u00e8s performantes pour garantir que les portions correctes sont distribu\u00e9es.<\/span><\/li><br>\n \t<li>La tr\u00e9mie de remplissage est \u00e9quip\u00e9e de 3 \u00e0 4 cellules de charge qui surveillent le poids de la charge \u00e0 une fr\u00e9quence \u00e9lev\u00e9e afin de garantir des temps de r\u00e9ponse rapides.<\/li><br>\n \t<li>Le syst\u00e8me de contr\u00f4le du processus peut contr\u00f4ler avec pr\u00e9cision le remplissage afin de minimiser le remplissage excessif ou insuffisant.<\/li><br>\n \t<li>Lorsque la tr\u00e9mie de remplissage contient une quantit\u00e9 suffisante de produit, un relais la d\u00e9clenche pour qu'elle se vide dans le conteneur situ\u00e9 en dessous.<\/li>\n<\/ol>\t\t\t\t\t\t\t\t<\/div>\n\t\t\t\t<\/div>\n\t\t\t\t<div class=\"elementor-element elementor-element-2b9b7d2 elementor-widget elementor-widget-heading\" data-id=\"2b9b7d2\" data-element_type=\"widget\" data-e-type=\"widget\" data-widget_type=\"heading.default\">\n\t\t\t\t<div class=\"elementor-widget-container\">\n\t\t\t\t\t<h2 class=\"elementor-heading-title elementor-size-default\">Solution sur mesure<\/h2>\t\t\t\t<\/div>\n\t\t\t\t<\/div>\n\t\t\t\t<div class=\"elementor-element elementor-element-bd55d4e elementor-widget elementor-widget-text-editor\" data-id=\"bd55d4e\" data-element_type=\"widget\" data-e-type=\"widget\" data-widget_type=\"text-editor.default\">\n\t\t\t\t<div class=\"elementor-widget-container\">\n\t\t\t\t\t\t\t\t\t<p><span style=\"color: #535763;\">Les capteurs \u00e0 jauges de contrainte permettent un contr\u00f4le pr\u00e9cis du processus d'automatisation, am\u00e9liorent l'homog\u00e9n\u00e9it\u00e9 des produits et assurent l'efficacit\u00e9 op\u00e9rationnelle. Les capteurs \u00e0 jauges de contrainte ANYLOAD permettent aux fabricants de syst\u00e8mes de contr\u00f4le des processus et aux op\u00e9rateurs de maintenir une vitesse \u00e9lev\u00e9e de portionnement et de remplissage sans compromettre la pr\u00e9cision du pesage.<\/span><\/p>\t\t\t\t\t\t\t\t<\/div>\n\t\t\t\t<\/div>\n\t\t\t\t<div class=\"elementor-element elementor-element-09dd477 elementor-button-warning elementor-align-justify elementor-widget__width-initial elementor-widget elementor-widget-button\" data-id=\"09dd477\" data-element_type=\"widget\" data-e-type=\"widget\" data-widget_type=\"button.default\">\n\t\t\t\t<div class=\"elementor-widget-container\">\n\t\t\t\t\t\t\t\t\t<div class=\"elementor-button-wrapper\">\n\t\t\t\t\t<a class=\"elementor-button elementor-button-link elementor-size-sm\" href=\"https:\/\/www.anyload.com\/fr\/solutions-sur-mesure\/demander-des-solutions-personnalisees\/\">\n\t\t\t\t\t\t<span class=\"elementor-button-content-wrapper\">\n\t\t\t\t\t\t\t\t\t<span class=\"elementor-button-text\">SOUMETTRE UNE DEMANDE<\/span>\n\t\t\t\t\t<\/span>\n\t\t\t\t\t<\/a>\n\t\t\t\t<\/div>\n\t\t\t\t\t\t\t\t<\/div>\n\t\t\t\t<\/div>\n\t\t\t\t<\/div>\n\t\t<div class=\"elementor-element elementor-element-6edbe71 e-con-full e-flex e-con e-child\" data-id=\"6edbe71\" data-element_type=\"container\" data-e-type=\"container\">\n\t\t\t\t<div class=\"elementor-element elementor-element-c994d8e elementor-widget elementor-widget-image\" data-id=\"c994d8e\" data-element_type=\"widget\" data-e-type=\"widget\" data-widget_type=\"image.default\">\n\t\t\t\t<div class=\"elementor-widget-container\">\n\t\t\t\t\t\t\t\t\t\t\t\t<figure class=\"wp-caption\">\n\t\t\t\t\t\t\t\t\t\t<img decoding=\"async\" src=\"https:\/\/www.anyload.com\/wp-content\/uploads\/2024\/02\/Bagging-Machine-Load-Cell-72.png\" title=\"Bagging-Machine-Load-Cell-72\" alt=\"Bagging-Machine-Load-Cell-72\" loading=\"lazy\" \/>\t\t\t\t\t\t\t\t\t\t\t<figcaption class=\"widget-image-caption wp-caption-text\">Les \u00e9tudes de cas Anyload sont conceptuelles. S'il vous pla\u00eet <a href=\"https:\/\/www.anyload.com\/fr\/contact\/\" style=\"color: red\">Nous contacter<\/a> pour toute question.<\/figcaption>\n\t\t\t\t\t\t\t\t\t\t<\/figure>\n\t\t\t\t\t\t\t\t\t<\/div>\n\t\t\t\t<\/div>\n\t\t\t\t<\/div>\n\t\t\t\t\t<\/div>\n\t\t\t\t<\/div>\n\t\t<div class=\"elementor-element elementor-element-48b47f9 e-con-full e-flex e-con e-parent\" data-id=\"48b47f9\" data-element_type=\"container\" data-e-type=\"container\">\n\t\t<div class=\"elementor-element elementor-element-06f3943 e-flex e-con-boxed e-con e-child\" data-id=\"06f3943\" data-element_type=\"container\" data-e-type=\"container\">\n\t\t\t\t\t<div class=\"e-con-inner\">\n\t\t\t\t<div class=\"elementor-element elementor-element-b2b8791 elementor-widget elementor-widget-heading\" data-id=\"b2b8791\" data-element_type=\"widget\" data-e-type=\"widget\" data-widget_type=\"heading.default\">\n\t\t\t\t<div class=\"elementor-widget-container\">\n\t\t\t\t\t<h3 class=\"elementor-heading-title elementor-size-default\">Produits vedettes<\/h3>\t\t\t\t<\/div>\n\t\t\t\t<\/div>\n\t\t\t\t\t<\/div>\n\t\t\t\t<\/div>\n\t\t\t\t<\/div>\n\t\t<div class=\"elementor-element elementor-element-764358f e-con-full e-flex e-con e-parent\" data-id=\"764358f\" data-element_type=\"container\" data-e-type=\"container\">\n\t\t<div class=\"elementor-element elementor-element-18eddef e-con-full e-flex e-con e-child\" data-id=\"18eddef\" data-element_type=\"container\" data-e-type=\"container\">\n\t\t\t\t<div class=\"elementor-element elementor-element-3ada190 elementor-widget elementor-widget-heading\" data-id=\"3ada190\" data-element_type=\"widget\" data-e-type=\"widget\" data-widget_type=\"heading.default\">\n\t\t\t\t<div class=\"elementor-widget-container\">\n\t\t\t\t\t<h3 class=\"elementor-heading-title elementor-size-default\"><a href=\"https:\/\/www.anyload.com\/fr\/product\/563rs-single-ended-beam-load-cell\/\" style=\"font-family: Pilat;font-size: 36px;color: #D52B1E;font-weight: 800\">563RS<\/a><br>\n\n<span style=\"font-family: Pilat;font-size: 28px;font-weight: 300;color: #2D2F36\">Faisceau simple<\/span> \n\n\n<br>\n\n<a href=\"https:\/\/www.anyload.com\/fr\/product\/563rs-single-ended-beam-load-cell\/\" style=\"font-family: Open Sans;font-size: 15px;color: #1D4289;font-weight: normal\">Voir la version standard.<\/a><br>\n\n\n<\/h3>\t\t\t\t<\/div>\n\t\t\t\t<\/div>\n\t\t\t\t<\/div>\n\t\t<div class=\"elementor-element elementor-element-82f9675 e-con-full e-flex e-con e-child\" data-id=\"82f9675\" data-element_type=\"container\" data-e-type=\"container\">\n\t\t\t\t<div class=\"elementor-element elementor-element-fb6e7db elementor-widget elementor-widget-image\" data-id=\"fb6e7db\" data-element_type=\"widget\" data-e-type=\"widget\" data-widget_type=\"image.default\">\n\t\t\t\t<div class=\"elementor-widget-container\">\n\t\t\t\t\t\t\t\t\t\t\t\t\t\t\t\t<a href=\"https:\/\/www.anyload.com\/fr\/product\/563rs-single-ended-beam-load-cell\/\">\n\t\t\t\t\t\t\t<img fetchpriority=\"high\" decoding=\"async\" width=\"450\" height=\"450\" src=\"https:\/\/www.anyload.com\/wp-content\/uploads\/2017\/02\/563RS-30kg-Side-450x450.webp\" class=\"attachment-medium size-medium wp-image-34250\" alt=\"\" srcset=\"https:\/\/www.anyload.com\/wp-content\/uploads\/2017\/02\/563RS-30kg-Side-450x450.webp 450w, https:\/\/www.anyload.com\/wp-content\/uploads\/2017\/02\/563RS-30kg-Side-500x500.webp 500w, https:\/\/www.anyload.com\/wp-content\/uploads\/2017\/02\/563RS-30kg-Side-100x100.webp 100w, https:\/\/www.anyload.com\/wp-content\/uploads\/2017\/02\/563RS-30kg-Side-1024x1024.webp 1024w, https:\/\/www.anyload.com\/wp-content\/uploads\/2017\/02\/563RS-30kg-Side-150x150.webp 150w, https:\/\/www.anyload.com\/wp-content\/uploads\/2017\/02\/563RS-30kg-Side-768x768.webp 768w, https:\/\/www.anyload.com\/wp-content\/uploads\/2017\/02\/563RS-30kg-Side-1536x1536.webp 1536w, https:\/\/www.anyload.com\/wp-content\/uploads\/2017\/02\/563RS-30kg-Side-2048x2048.webp 2048w\" sizes=\"(max-width: 450px) 100vw, 450px\" \/>\t\t\t\t\t\t\t\t<\/a>\n\t\t\t\t\t\t\t\t\t\t\t\t\t\t\t<\/div>\n\t\t\t\t<\/div>\n\t\t\t\t<\/div>\n\t\t<div class=\"elementor-element elementor-element-0f763d2 e-con-full e-flex e-con e-child\" data-id=\"0f763d2\" data-element_type=\"container\" data-e-type=\"container\">\n\t\t\t\t<div class=\"elementor-element elementor-element-62830db elementor-widget elementor-widget-text-editor\" data-id=\"62830db\" data-element_type=\"widget\" data-e-type=\"widget\" data-widget_type=\"text-editor.default\">\n\t\t\t\t<div class=\"elementor-widget-container\">\n\t\t\t\t\t\t\t\t\t<ul><li style=\"text-align: left;\"><span style=\"white-space-collapse: preserve;\">Conception compacte et discr\u00e8te<\/span><\/li><li style=\"text-align: left;\">Acier inoxydable IP68 r\u00e9sistant \u00e0 l'eau et \u00e0 la corrosion<\/li><li style=\"text-align: left;\">Installation simple<\/li><\/ul><p style=\"text-align: left;\">Le 563RS, qui a fait ses preuves, offre un haut degr\u00e9 de fiabilit\u00e9 et de polyvalence pour le contr\u00f4le des processus industriels et les besoins de pesage, en particulier pour le remplissage de poudres et de produits en vrac, le pesage de convoyeurs et d'autres applications de pesage de processus.<\/p>\t\t\t\t\t\t\t\t<\/div>\n\t\t\t\t<\/div>\n\t\t\t\t<\/div>\n\t\t\t\t<\/div>\n\t\t<div class=\"elementor-element elementor-element-7164c90 e-flex e-con-boxed e-con e-parent\" data-id=\"7164c90\" data-element_type=\"container\" data-e-type=\"container\">\n\t\t\t\t\t<div class=\"e-con-inner\">\n\t\t\t\t\t<\/div>\n\t\t\t\t<\/div>\n\t\t<div class=\"elementor-element elementor-element-e4f22fd e-flex e-con-boxed e-con e-parent\" data-id=\"e4f22fd\" data-element_type=\"container\" data-e-type=\"container\" data-settings=\"{&quot;background_background&quot;:&quot;classic&quot;}\">\n\t\t\t\t\t<div class=\"e-con-inner\">\n\t\t<div class=\"elementor-element elementor-element-5ba5fba e-flex e-con-boxed e-con e-child\" data-id=\"5ba5fba\" data-element_type=\"container\" data-e-type=\"container\">\n\t\t\t\t\t<div class=\"e-con-inner\">\n\t\t\t\t<div class=\"elementor-element elementor-element-e49e170 elementor-widget elementor-widget-heading\" data-id=\"e49e170\" data-element_type=\"widget\" data-e-type=\"widget\" data-widget_type=\"heading.default\">\n\t\t\t\t<div class=\"elementor-widget-container\">\n\t\t\t\t\t<h4 class=\"elementor-heading-title elementor-size-xxl\"><a href=\"https:\/\/www.anyload.com\/fr\/etudes-de-cas\/\" style=\"font-family: Pilat;font-weight: 600;font-size: 50px;text-decoration: none;color: inherit\">\n    Explorer les \u00e9tudes de cas\n<\/a><\/h4>\t\t\t\t<\/div>\n\t\t\t\t<\/div>\n\t\t\t\t\t<\/div>\n\t\t\t\t<\/div>\n\t\t<div class=\"elementor-element elementor-element-3aa123d e-grid e-con-boxed e-con e-child\" data-id=\"3aa123d\" data-element_type=\"container\" data-e-type=\"container\">\n\t\t\t\t\t<div class=\"e-con-inner\">\n\t\t\t\t<div class=\"elementor-element elementor-element-3243e25 elementor-position-top elementor-widget elementor-widget-image-box\" data-id=\"3243e25\" data-element_type=\"widget\" data-e-type=\"widget\" data-widget_type=\"image-box.default\">\n\t\t\t\t<div class=\"elementor-widget-container\">\n\t\t\t\t\t<div class=\"elementor-image-box-wrapper\"><figure class=\"elementor-image-box-img\"><a href=\"https:\/\/www.anyload.com\/fr\/etudes-de-cas\/pesage-de-chariots-dengrais\/\" tabindex=\"-1\"><img decoding=\"async\" width=\"500\" height=\"330\" src=\"https:\/\/www.anyload.com\/wp-content\/uploads\/2024\/04\/Pull-Type-Fertilizer-Cart-Load-Cells-ANYLOAD-03-scaled-500x330.jpg\" class=\"attachment-woocommerce_single size-woocommerce_single wp-image-29072\" alt=\"Un chariot d&#039;engrais utilisant la cellule de charge 563YS Single Ended Beam d&#039;Anyload.\" srcset=\"https:\/\/www.anyload.com\/wp-content\/uploads\/2024\/04\/Pull-Type-Fertilizer-Cart-Load-Cells-ANYLOAD-03-scaled-500x330.jpg 500w, https:\/\/www.anyload.com\/wp-content\/uploads\/2024\/04\/Pull-Type-Fertilizer-Cart-Load-Cells-ANYLOAD-03-scaled-450x297.jpg 450w, https:\/\/www.anyload.com\/wp-content\/uploads\/2024\/04\/Pull-Type-Fertilizer-Cart-Load-Cells-ANYLOAD-03-scaled-1024x677.jpg 1024w, https:\/\/www.anyload.com\/wp-content\/uploads\/2024\/04\/Pull-Type-Fertilizer-Cart-Load-Cells-ANYLOAD-03-scaled-768x508.jpg 768w, https:\/\/www.anyload.com\/wp-content\/uploads\/2024\/04\/Pull-Type-Fertilizer-Cart-Load-Cells-ANYLOAD-03-scaled-1536x1015.jpg 1536w, https:\/\/www.anyload.com\/wp-content\/uploads\/2024\/04\/Pull-Type-Fertilizer-Cart-Load-Cells-ANYLOAD-03-scaled-2048x1354.jpg 2048w\" sizes=\"(max-width: 500px) 100vw, 500px\" \/><\/a><\/figure><div class=\"elementor-image-box-content\"><h3 class=\"elementor-image-box-title\"><a href=\"https:\/\/www.anyload.com\/fr\/etudes-de-cas\/pesage-de-chariots-dengrais\/\"><a href=\"https:\/\/www.anyload.com\/fr\/etudes-de-cas\/pesage-de-chariots-dengrais\/\" style=\"font-family: Pilat;font-size: 20px;font-weight: 600\">Solutions de pesage agricole<\/a><\/a><\/h3><p class=\"elementor-image-box-description\">Comment l'industrie agricole utilise notre cellule de charge pour les chariots et les \u00e9quipements mobiles afin d'obtenir des r\u00e9sultats optimaux<\/p><\/div><\/div>\t\t\t\t<\/div>\n\t\t\t\t<\/div>\n\t\t\t\t<div class=\"elementor-element elementor-element-ca32d98 elementor-position-top elementor-widget elementor-widget-image-box\" data-id=\"ca32d98\" data-element_type=\"widget\" data-e-type=\"widget\" data-widget_type=\"image-box.default\">\n\t\t\t\t<div class=\"elementor-widget-container\">\n\t\t\t\t\t<div class=\"elementor-image-box-wrapper\"><figure class=\"elementor-image-box-img\"><a href=\"https:\/\/www.anyload.com\/fr\/etudes-de-cas\/pales-deoliennes\/\" tabindex=\"-1\"><img decoding=\"async\" width=\"500\" height=\"329\" src=\"https:\/\/www.anyload.com\/wp-content\/uploads\/2024\/02\/Wind-Turbine-Weighing-Thumbnail-72-scaled.png\" class=\"attachment-woocommerce_single size-woocommerce_single wp-image-27878\" alt=\"\" srcset=\"https:\/\/www.anyload.com\/wp-content\/uploads\/2024\/02\/Wind-Turbine-Weighing-Thumbnail-72-scaled.png 2560w, https:\/\/www.anyload.com\/wp-content\/uploads\/2024\/02\/Wind-Turbine-Weighing-Thumbnail-72-450x296.png 450w\" sizes=\"(max-width: 500px) 100vw, 500px\" \/><\/a><\/figure><div class=\"elementor-image-box-content\"><h3 class=\"elementor-image-box-title\"><a href=\"https:\/\/www.anyload.com\/fr\/etudes-de-cas\/pales-deoliennes\/\"><a href=\"https:\/\/www.anyload.com\/fr\/etudes-de-cas\/pales-deoliennes\/\" style=\"font-family: Pilat;font-size: 20px;font-weight: 600\">Augmenter la dur\u00e9e de vie des turbines<\/a><\/a><\/h3><p class=\"elementor-image-box-description\">Solution d'assurance qualit\u00e9 gravim\u00e9trique pour les \u00e9tudes sur les pales d'\u00e9oliennes<\/p><\/div><\/div>\t\t\t\t<\/div>\n\t\t\t\t<\/div>\n\t\t\t\t<div class=\"elementor-element elementor-element-c39cac7 elementor-position-top elementor-widget elementor-widget-image-box\" data-id=\"c39cac7\" data-element_type=\"widget\" data-e-type=\"widget\" data-widget_type=\"image-box.default\">\n\t\t\t\t<div class=\"elementor-widget-container\">\n\t\t\t\t\t<div class=\"elementor-image-box-wrapper\"><figure class=\"elementor-image-box-img\"><a href=\"https:\/\/www.anyload.com\/fr\/etudes-de-cas\/machines-densachage\/\" tabindex=\"-1\"><img loading=\"lazy\" decoding=\"async\" width=\"2560\" height=\"1683\" src=\"https:\/\/www.anyload.com\/wp-content\/uploads\/2024\/02\/Explore-BaggingMachine.png\" class=\"attachment-full size-full wp-image-27886\" alt=\"\" srcset=\"https:\/\/www.anyload.com\/wp-content\/uploads\/2024\/02\/Explore-BaggingMachine.png 2560w, https:\/\/www.anyload.com\/wp-content\/uploads\/2024\/02\/Explore-BaggingMachine-500x329.png 500w, https:\/\/www.anyload.com\/wp-content\/uploads\/2024\/02\/Explore-BaggingMachine-450x296.png 450w, https:\/\/www.anyload.com\/wp-content\/uploads\/2024\/02\/Explore-BaggingMachine-1024x673.png 1024w, https:\/\/www.anyload.com\/wp-content\/uploads\/2024\/02\/Explore-BaggingMachine-768x505.png 768w, https:\/\/www.anyload.com\/wp-content\/uploads\/2024\/02\/Explore-BaggingMachine-1536x1010.png 1536w, https:\/\/www.anyload.com\/wp-content\/uploads\/2024\/02\/Explore-BaggingMachine-2048x1346.png 2048w\" sizes=\"(max-width: 2560px) 100vw, 2560px\" \/><\/a><\/figure><div class=\"elementor-image-box-content\"><h3 class=\"elementor-image-box-title\"><a href=\"https:\/\/www.anyload.com\/fr\/etudes-de-cas\/machines-densachage\/\"><a href=\"https:\/\/www.anyload.com\/fr\/etudes-de-cas\/machines-densachage\/\" style=\"font-family: Pilat;font-size: 20px;font-weight: 600\">Cellules de charge pour machines de remplissage de sacs<\/a><\/a><\/h3><p class=\"elementor-image-box-description\">Syst\u00e8me de pesage et de contr\u00f4le du remplissage des sacs et d'autres processus pour une efficacit\u00e9 maximale<\/p><\/div><\/div>\t\t\t\t<\/div>\n\t\t\t\t<\/div>\n\t\t\t\t<div class=\"elementor-element elementor-element-1b1b962 elementor-widget elementor-widget-spacer\" data-id=\"1b1b962\" data-element_type=\"widget\" data-e-type=\"widget\" data-widget_type=\"spacer.default\">\n\t\t\t\t<div class=\"elementor-widget-container\">\n\t\t\t\t\t\t\t<div class=\"elementor-spacer\">\n\t\t\t<div class=\"elementor-spacer-inner\"><\/div>\n\t\t<\/div>\n\t\t\t\t\t\t<\/div>\n\t\t\t\t<\/div>\n\t\t\t\t\t<\/div>\n\t\t\t\t<\/div>\n\t\t\t\t\t<\/div>\n\t\t\t\t<\/div>\n\t\t\t\t<\/div>","protected":false},"excerpt":{"rendered":"<p>Bag Filling Machines Bag filling and other process weighing and control systems require high precision load cells that also have [&hellip;]<\/p>","protected":false},"author":4,"featured_media":0,"parent":23213,"menu_order":0,"comment_status":"closed","ping_status":"closed","template":"","meta":{"_acf_changed":false,"site-sidebar-layout":"no-sidebar","site-content-layout":"page-builder","ast-site-content-layout":"full-width-container","site-content-style":"unboxed","site-sidebar-style":"unboxed","ast-global-header-display":"","ast-banner-title-visibility":"","ast-main-header-display":"","ast-hfb-above-header-display":"","ast-hfb-below-header-display":"","ast-hfb-mobile-header-display":"","site-post-title":"disabled","ast-breadcrumbs-content":"","ast-featured-img":"","footer-sml-layout":"","ast-disable-related-posts":"","theme-transparent-header-meta":"","adv-header-id-meta":"","stick-header-meta":"","header-above-stick-meta":"","header-main-stick-meta":"","header-below-stick-meta":"","astra-migrate-meta-layouts":"set","ast-page-background-enabled":"default","ast-page-background-meta":{"desktop":{"background-color":"var(--ast-global-color-4)","background-image":"","background-repeat":"repeat","background-position":"center center","background-size":"auto","background-attachment":"scroll","background-type":"","background-media":"","overlay-type":"","overlay-color":"","overlay-opacity":"","overlay-gradient":""},"tablet":{"background-color":"","background-image":"","background-repeat":"repeat","background-position":"center center","background-size":"auto","background-attachment":"scroll","background-type":"","background-media":"","overlay-type":"","overlay-color":"","overlay-opacity":"","overlay-gradient":""},"mobile":{"background-color":"","background-image":"","background-repeat":"repeat","background-position":"center center","background-size":"auto","background-attachment":"scroll","background-type":"","background-media":"","overlay-type":"","overlay-color":"","overlay-opacity":"","overlay-gradient":""}},"ast-content-background-meta":{"desktop":{"background-color":"var(--ast-global-color-5)","background-image":"","background-repeat":"repeat","background-position":"center center","background-size":"auto","background-attachment":"scroll","background-type":"","background-media":"","overlay-type":"","overlay-color":"","overlay-opacity":"","overlay-gradient":""},"tablet":{"background-color":"var(--ast-global-color-5)","background-image":"","background-repeat":"repeat","background-position":"center center","background-size":"auto","background-attachment":"scroll","background-type":"","background-media":"","overlay-type":"","overlay-color":"","overlay-opacity":"","overlay-gradient":""},"mobile":{"background-color":"var(--ast-global-color-5)","background-image":"","background-repeat":"repeat","background-position":"center center","background-size":"auto","background-attachment":"scroll","background-type":"","background-media":"","overlay-type":"","overlay-color":"","overlay-opacity":"","overlay-gradient":""}},"footnotes":""},"class_list":["post-27807","page","type-page","status-publish","hentry"],"acf":[],"_links":{"self":[{"href":"https:\/\/www.anyload.com\/fr\/wp-json\/wp\/v2\/pages\/27807","targetHints":{"allow":["GET"]}}],"collection":[{"href":"https:\/\/www.anyload.com\/fr\/wp-json\/wp\/v2\/pages"}],"about":[{"href":"https:\/\/www.anyload.com\/fr\/wp-json\/wp\/v2\/types\/page"}],"author":[{"embeddable":true,"href":"https:\/\/www.anyload.com\/fr\/wp-json\/wp\/v2\/users\/4"}],"replies":[{"embeddable":true,"href":"https:\/\/www.anyload.com\/fr\/wp-json\/wp\/v2\/comments?post=27807"}],"version-history":[{"count":3,"href":"https:\/\/www.anyload.com\/fr\/wp-json\/wp\/v2\/pages\/27807\/revisions"}],"predecessor-version":[{"id":41862,"href":"https:\/\/www.anyload.com\/fr\/wp-json\/wp\/v2\/pages\/27807\/revisions\/41862"}],"up":[{"embeddable":true,"href":"https:\/\/www.anyload.com\/fr\/wp-json\/wp\/v2\/pages\/23213"}],"wp:attachment":[{"href":"https:\/\/www.anyload.com\/fr\/wp-json\/wp\/v2\/media?parent=27807"}],"curies":[{"name":"wp","href":"https:\/\/api.w.org\/{rel}","templated":true}]}}