{"id":25723,"date":"2024-01-08T12:04:11","date_gmt":"2024-01-08T20:04:11","guid":{"rendered":"https:\/\/www.anyload.com\/?page_id=25723"},"modified":"2024-07-30T16:14:36","modified_gmt":"2024-07-30T23:14:36","slug":"load-cells-categories","status":"publish","type":"page","link":"https:\/\/www.anyload.com\/fr\/load-cells-categories\/","title":{"rendered":"CELLULES DE CHARGE"},"content":{"rendered":"<div data-elementor-type=\"wp-page\" data-elementor-id=\"25723\" class=\"elementor elementor-25723\" data-elementor-post-type=\"page\">\n\t\t\t\t<div class=\"elementor-element elementor-element-1b3ba07 e-flex e-con-boxed e-con e-parent\" data-id=\"1b3ba07\" data-element_type=\"container\">\n\t\t\t\t\t<div class=\"e-con-inner\">\n\t\t\t\t<div class=\"elementor-element elementor-element-6a02d67 elementor-widget elementor-widget-woocommerce-breadcrumb\" data-id=\"6a02d67\" data-element_type=\"widget\" data-widget_type=\"woocommerce-breadcrumb.default\">\n\t\t\t\t<div class=\"elementor-widget-container\">\n\t\t\t\t\t<nav class=\"woocommerce-breadcrumb\" aria-label=\"Breadcrumb\" data-no-translation=\"\" data-trp-gettext=\"\">Accueil<\/nav>\t\t\t\t<\/div>\n\t\t\t\t<\/div>\n\t\t\t\t<div class=\"elementor-element elementor-element-0252b02 elementor-widget elementor-widget-text-editor\" data-id=\"0252b02\" data-element_type=\"widget\" data-widget_type=\"text-editor.default\">\n\t\t\t\t<div class=\"elementor-widget-container\">\n\t\t\t\t\t\t\t\t\t<p>ANYLOAD dispose d'une grande vari\u00e9t\u00e9 de cellules de charge standard, notamment : cellule de cisaillement \u00e0 simple extr\u00e9mit\u00e9, cellule de cisaillement \u00e0 double extr\u00e9mit\u00e9, cellule de cisaillement en S (type S), cellule de charge \u00e0 point unique, cellule de charge \u00e0 canister et \u00e0 disque, cellule planaire, goupille de charge, bouton de charge et lien de tension.<\/p>\t\t\t\t\t\t\t\t<\/div>\n\t\t\t\t<\/div>\n\t\t\t\t\t<\/div>\n\t\t\t\t<\/div>\n\t\t<div class=\"elementor-element elementor-element-ae5e873 e-grid e-con-boxed e-con e-parent\" data-id=\"ae5e873\" data-element_type=\"container\">\n\t\t\t\t\t<div class=\"e-con-inner\">\n\t\t\t\t<div class=\"elementor-element elementor-element-93c378c elementor-widget elementor-widget-image\" data-id=\"93c378c\" data-element_type=\"widget\" data-settings=\"{&quot;_animation&quot;:&quot;none&quot;}\" data-widget_type=\"image.default\">\n\t\t\t\t<div class=\"elementor-widget-container\">\n\t\t\t\t\t\t\t\t\t\t\t\t<figure class=\"wp-caption\">\n\t\t\t\t\t\t\t\t\t\t\t<a href=\"https:\/\/www.anyload.com\/fr\/produits\/?swoof=1&#038;product_cat=single-ended-shear-beams\">\n\t\t\t\t\t\t\t<img fetchpriority=\"high\" decoding=\"async\" width=\"1024\" height=\"1024\" src=\"https:\/\/www.anyload.com\/wp-content\/uploads\/2024\/07\/Single-Ended-Shear-Beam-Category-1024x1024.jpg\" class=\"elementor-animation-float attachment-large size-large wp-image-32873\" alt=\"\" srcset=\"https:\/\/www.anyload.com\/wp-content\/uploads\/2024\/07\/Single-Ended-Shear-Beam-Category-1024x1024.jpg 1024w, https:\/\/www.anyload.com\/wp-content\/uploads\/2024\/07\/Single-Ended-Shear-Beam-Category-450x450.jpg 450w, https:\/\/www.anyload.com\/wp-content\/uploads\/2024\/07\/Single-Ended-Shear-Beam-Category-150x150.jpg 150w, https:\/\/www.anyload.com\/wp-content\/uploads\/2024\/07\/Single-Ended-Shear-Beam-Category-768x768.jpg 768w, https:\/\/www.anyload.com\/wp-content\/uploads\/2024\/07\/Single-Ended-Shear-Beam-Category-500x500.jpg 500w, https:\/\/www.anyload.com\/wp-content\/uploads\/2024\/07\/Single-Ended-Shear-Beam-Category-100x100.jpg 100w, https:\/\/www.anyload.com\/wp-content\/uploads\/2024\/07\/Single-Ended-Shear-Beam-Category.jpg 1081w\" sizes=\"(max-width: 1024px) 100vw, 1024px\" \/>\t\t\t\t\t\t\t\t<\/a>\n\t\t\t\t\t\t\t\t\t\t\t<figcaption class=\"widget-image-caption wp-caption-text\">Poutres de cisaillement \u00e0 simple extr\u00e9mit\u00e9<\/figcaption>\n\t\t\t\t\t\t\t\t\t\t<\/figure>\n\t\t\t\t\t\t\t\t\t<\/div>\n\t\t\t\t<\/div>\n\t\t\t\t<div class=\"elementor-element elementor-element-3eadb13 elementor-widget elementor-widget-image\" data-id=\"3eadb13\" data-element_type=\"widget\" data-widget_type=\"image.default\">\n\t\t\t\t<div class=\"elementor-widget-container\">\n\t\t\t\t\t\t\t\t\t\t\t\t<figure class=\"wp-caption\">\n\t\t\t\t\t\t\t\t\t\t\t<a href=\"https:\/\/www.anyload.com\/fr\/produits\/?swoof=1&#038;product_cat=double-ended-shear-beams\">\n\t\t\t\t\t\t\t<img decoding=\"async\" width=\"1024\" height=\"1024\" src=\"https:\/\/www.anyload.com\/wp-content\/uploads\/2024\/07\/Double-Ended-Shear-Beam-Category-1024x1024.jpg\" class=\"elementor-animation-float attachment-large size-large wp-image-32874\" alt=\"\" srcset=\"https:\/\/www.anyload.com\/wp-content\/uploads\/2024\/07\/Double-Ended-Shear-Beam-Category-1024x1024.jpg 1024w, https:\/\/www.anyload.com\/wp-content\/uploads\/2024\/07\/Double-Ended-Shear-Beam-Category-450x450.jpg 450w, https:\/\/www.anyload.com\/wp-content\/uploads\/2024\/07\/Double-Ended-Shear-Beam-Category-150x150.jpg 150w, https:\/\/www.anyload.com\/wp-content\/uploads\/2024\/07\/Double-Ended-Shear-Beam-Category-768x768.jpg 768w, https:\/\/www.anyload.com\/wp-content\/uploads\/2024\/07\/Double-Ended-Shear-Beam-Category-500x500.jpg 500w, https:\/\/www.anyload.com\/wp-content\/uploads\/2024\/07\/Double-Ended-Shear-Beam-Category-100x100.jpg 100w, https:\/\/www.anyload.com\/wp-content\/uploads\/2024\/07\/Double-Ended-Shear-Beam-Category.jpg 1081w\" sizes=\"(max-width: 1024px) 100vw, 1024px\" \/>\t\t\t\t\t\t\t\t<\/a>\n\t\t\t\t\t\t\t\t\t\t\t<figcaption class=\"widget-image-caption wp-caption-text\">Poutres de cisaillement \u00e0 double extr\u00e9mit\u00e9<\/figcaption>\n\t\t\t\t\t\t\t\t\t\t<\/figure>\n\t\t\t\t\t\t\t\t\t<\/div>\n\t\t\t\t<\/div>\n\t\t\t\t<div class=\"elementor-element elementor-element-c8e2200 elementor-widget elementor-widget-image\" data-id=\"c8e2200\" data-element_type=\"widget\" data-widget_type=\"image.default\">\n\t\t\t\t<div class=\"elementor-widget-container\">\n\t\t\t\t\t\t\t\t\t\t\t\t<figure class=\"wp-caption\">\n\t\t\t\t\t\t\t\t\t\t\t<a href=\"https:\/\/www.anyload.com\/fr\/produits\/?swoof=1&#038;product_cat=s-beam\">\n\t\t\t\t\t\t\t<img decoding=\"async\" width=\"1024\" height=\"1024\" src=\"https:\/\/www.anyload.com\/wp-content\/uploads\/2024\/07\/S-Beam-Category-1024x1024.jpg\" class=\"elementor-animation-float attachment-large size-large wp-image-32875\" alt=\"\" srcset=\"https:\/\/www.anyload.com\/wp-content\/uploads\/2024\/07\/S-Beam-Category-1024x1024.jpg 1024w, https:\/\/www.anyload.com\/wp-content\/uploads\/2024\/07\/S-Beam-Category-450x450.jpg 450w, https:\/\/www.anyload.com\/wp-content\/uploads\/2024\/07\/S-Beam-Category-150x150.jpg 150w, https:\/\/www.anyload.com\/wp-content\/uploads\/2024\/07\/S-Beam-Category-768x768.jpg 768w, https:\/\/www.anyload.com\/wp-content\/uploads\/2024\/07\/S-Beam-Category-500x500.jpg 500w, https:\/\/www.anyload.com\/wp-content\/uploads\/2024\/07\/S-Beam-Category-100x100.jpg 100w, https:\/\/www.anyload.com\/wp-content\/uploads\/2024\/07\/S-Beam-Category.jpg 1081w\" sizes=\"(max-width: 1024px) 100vw, 1024px\" \/>\t\t\t\t\t\t\t\t<\/a>\n\t\t\t\t\t\t\t\t\t\t\t<figcaption class=\"widget-image-caption wp-caption-text\">Poutre en S<\/figcaption>\n\t\t\t\t\t\t\t\t\t\t<\/figure>\n\t\t\t\t\t\t\t\t\t<\/div>\n\t\t\t\t<\/div>\n\t\t\t\t<div class=\"elementor-element elementor-element-d217ab3 elementor-widget elementor-widget-image\" data-id=\"d217ab3\" data-element_type=\"widget\" data-widget_type=\"image.default\">\n\t\t\t\t<div class=\"elementor-widget-container\">\n\t\t\t\t\t\t\t\t\t\t\t\t<figure class=\"wp-caption\">\n\t\t\t\t\t\t\t\t\t\t\t<a href=\"https:\/\/www.anyload.com\/fr\/produits\/?swoof=1&#038;product_cat=single-point\">\n\t\t\t\t\t\t\t<img loading=\"lazy\" decoding=\"async\" width=\"1024\" height=\"1024\" src=\"https:\/\/www.anyload.com\/wp-content\/uploads\/2024\/07\/Single-Point-Category-1024x1024.jpg\" class=\"elementor-animation-float attachment-large size-large wp-image-32876\" alt=\"\" srcset=\"https:\/\/www.anyload.com\/wp-content\/uploads\/2024\/07\/Single-Point-Category-1024x1024.jpg 1024w, https:\/\/www.anyload.com\/wp-content\/uploads\/2024\/07\/Single-Point-Category-450x450.jpg 450w, https:\/\/www.anyload.com\/wp-content\/uploads\/2024\/07\/Single-Point-Category-150x150.jpg 150w, https:\/\/www.anyload.com\/wp-content\/uploads\/2024\/07\/Single-Point-Category-768x768.jpg 768w, https:\/\/www.anyload.com\/wp-content\/uploads\/2024\/07\/Single-Point-Category-500x500.jpg 500w, https:\/\/www.anyload.com\/wp-content\/uploads\/2024\/07\/Single-Point-Category-100x100.jpg 100w, https:\/\/www.anyload.com\/wp-content\/uploads\/2024\/07\/Single-Point-Category.jpg 1081w\" sizes=\"(max-width: 1024px) 100vw, 1024px\" \/>\t\t\t\t\t\t\t\t<\/a>\n\t\t\t\t\t\t\t\t\t\t\t<figcaption class=\"widget-image-caption wp-caption-text\">Point unique<\/figcaption>\n\t\t\t\t\t\t\t\t\t\t<\/figure>\n\t\t\t\t\t\t\t\t\t<\/div>\n\t\t\t\t<\/div>\n\t\t\t\t<div class=\"elementor-element elementor-element-0cb2fa9 elementor-widget elementor-widget-image\" data-id=\"0cb2fa9\" data-element_type=\"widget\" data-widget_type=\"image.default\">\n\t\t\t\t<div class=\"elementor-widget-container\">\n\t\t\t\t\t\t\t\t\t\t\t\t<figure class=\"wp-caption\">\n\t\t\t\t\t\t\t\t\t\t\t<a href=\"https:\/\/www.anyload.com\/fr\/produits\/?swoof=1&#038;product_cat=canister-and-disk\">\n\t\t\t\t\t\t\t<img loading=\"lazy\" decoding=\"async\" width=\"1024\" height=\"1024\" src=\"https:\/\/www.anyload.com\/wp-content\/uploads\/2024\/07\/Canister-Disk-Category-1024x1024.jpg\" class=\"elementor-animation-float attachment-large size-large wp-image-32877\" alt=\"\" srcset=\"https:\/\/www.anyload.com\/wp-content\/uploads\/2024\/07\/Canister-Disk-Category-1024x1024.jpg 1024w, https:\/\/www.anyload.com\/wp-content\/uploads\/2024\/07\/Canister-Disk-Category-450x450.jpg 450w, https:\/\/www.anyload.com\/wp-content\/uploads\/2024\/07\/Canister-Disk-Category-150x150.jpg 150w, https:\/\/www.anyload.com\/wp-content\/uploads\/2024\/07\/Canister-Disk-Category-768x768.jpg 768w, https:\/\/www.anyload.com\/wp-content\/uploads\/2024\/07\/Canister-Disk-Category-500x500.jpg 500w, https:\/\/www.anyload.com\/wp-content\/uploads\/2024\/07\/Canister-Disk-Category-100x100.jpg 100w, https:\/\/www.anyload.com\/wp-content\/uploads\/2024\/07\/Canister-Disk-Category.jpg 1081w\" sizes=\"(max-width: 1024px) 100vw, 1024px\" \/>\t\t\t\t\t\t\t\t<\/a>\n\t\t\t\t\t\t\t\t\t\t\t<figcaption class=\"widget-image-caption wp-caption-text\">Bo\u00eete et disque<\/figcaption>\n\t\t\t\t\t\t\t\t\t\t<\/figure>\n\t\t\t\t\t\t\t\t\t<\/div>\n\t\t\t\t<\/div>\n\t\t\t\t<div class=\"elementor-element elementor-element-f7532c5 elementor-widget elementor-widget-image\" data-id=\"f7532c5\" data-element_type=\"widget\" data-widget_type=\"image.default\">\n\t\t\t\t<div class=\"elementor-widget-container\">\n\t\t\t\t\t\t\t\t\t\t\t\t<figure class=\"wp-caption\">\n\t\t\t\t\t\t\t\t\t\t\t<a href=\"https:\/\/www.anyload.com\/fr\/produits\/?swoof=1&#038;product_cat=planar\">\n\t\t\t\t\t\t\t<img loading=\"lazy\" decoding=\"async\" width=\"450\" height=\"450\" src=\"https:\/\/www.anyload.com\/wp-content\/uploads\/2021\/04\/Planar-Load-Cells.jpg\" class=\"elementor-animation-float attachment-large size-large wp-image-18406\" alt=\"Capteurs de pesage planaires\" srcset=\"https:\/\/www.anyload.com\/wp-content\/uploads\/2021\/04\/Planar-Load-Cells.jpg 450w, https:\/\/www.anyload.com\/wp-content\/uploads\/2021\/04\/Planar-Load-Cells-100x100.jpg 100w, https:\/\/www.anyload.com\/wp-content\/uploads\/2021\/04\/Planar-Load-Cells-300x300.jpg 300w, https:\/\/www.anyload.com\/wp-content\/uploads\/2021\/04\/Planar-Load-Cells-150x150.jpg 150w, https:\/\/www.anyload.com\/wp-content\/uploads\/2021\/04\/Planar-Load-Cells-421x421.jpg 421w\" sizes=\"(max-width: 450px) 100vw, 450px\" \/>\t\t\t\t\t\t\t\t<\/a>\n\t\t\t\t\t\t\t\t\t\t\t<figcaption class=\"widget-image-caption wp-caption-text\">Planaire<\/figcaption>\n\t\t\t\t\t\t\t\t\t\t<\/figure>\n\t\t\t\t\t\t\t\t\t<\/div>\n\t\t\t\t<\/div>\n\t\t\t\t<div class=\"elementor-element elementor-element-7c494e4 elementor-widget elementor-widget-image\" data-id=\"7c494e4\" data-element_type=\"widget\" data-widget_type=\"image.default\">\n\t\t\t\t<div class=\"elementor-widget-container\">\n\t\t\t\t\t\t\t\t\t\t\t\t<figure class=\"wp-caption\">\n\t\t\t\t\t\t\t\t\t\t\t<a href=\"https:\/\/www.anyload.com\/fr\/produits\/?swoof=1&#038;product_cat=load-pins\">\n\t\t\t\t\t\t\t<img loading=\"lazy\" decoding=\"async\" width=\"450\" height=\"450\" src=\"https:\/\/www.anyload.com\/wp-content\/uploads\/2023\/08\/tailor-made-load-pins.jpg\" class=\"elementor-animation-float attachment-large size-large wp-image-22314\" alt=\"\" srcset=\"https:\/\/www.anyload.com\/wp-content\/uploads\/2023\/08\/tailor-made-load-pins.jpg 450w, https:\/\/www.anyload.com\/wp-content\/uploads\/2023\/08\/tailor-made-load-pins-100x100.jpg 100w, https:\/\/www.anyload.com\/wp-content\/uploads\/2023\/08\/tailor-made-load-pins-300x300.jpg 300w, https:\/\/www.anyload.com\/wp-content\/uploads\/2023\/08\/tailor-made-load-pins-150x150.jpg 150w, https:\/\/www.anyload.com\/wp-content\/uploads\/2023\/08\/tailor-made-load-pins-421x421.jpg 421w\" sizes=\"(max-width: 450px) 100vw, 450px\" \/>\t\t\t\t\t\t\t\t<\/a>\n\t\t\t\t\t\t\t\t\t\t\t<figcaption class=\"widget-image-caption wp-caption-text\">Broches de charge<\/figcaption>\n\t\t\t\t\t\t\t\t\t\t<\/figure>\n\t\t\t\t\t\t\t\t\t<\/div>\n\t\t\t\t<\/div>\n\t\t\t\t<div class=\"elementor-element elementor-element-da357f9 elementor-widget elementor-widget-image\" data-id=\"da357f9\" data-element_type=\"widget\" data-widget_type=\"image.default\">\n\t\t\t\t<div class=\"elementor-widget-container\">\n\t\t\t\t\t\t\t\t\t\t\t\t<figure class=\"wp-caption\">\n\t\t\t\t\t\t\t\t\t\t\t<a href=\"https:\/\/www.anyload.com\/fr\/produits\/?swoof=1&#038;product_cat=load-buttons\">\n\t\t\t\t\t\t\t<img loading=\"lazy\" decoding=\"async\" width=\"1024\" height=\"1024\" src=\"https:\/\/www.anyload.com\/wp-content\/uploads\/2024\/07\/Load-Pin-Category-1024x1024.jpg\" class=\"elementor-animation-float attachment-large size-large wp-image-32882\" alt=\"\" srcset=\"https:\/\/www.anyload.com\/wp-content\/uploads\/2024\/07\/Load-Pin-Category-1024x1024.jpg 1024w, https:\/\/www.anyload.com\/wp-content\/uploads\/2024\/07\/Load-Pin-Category-450x450.jpg 450w, https:\/\/www.anyload.com\/wp-content\/uploads\/2024\/07\/Load-Pin-Category-150x150.jpg 150w, https:\/\/www.anyload.com\/wp-content\/uploads\/2024\/07\/Load-Pin-Category-768x768.jpg 768w, https:\/\/www.anyload.com\/wp-content\/uploads\/2024\/07\/Load-Pin-Category-500x500.jpg 500w, https:\/\/www.anyload.com\/wp-content\/uploads\/2024\/07\/Load-Pin-Category-100x100.jpg 100w, https:\/\/www.anyload.com\/wp-content\/uploads\/2024\/07\/Load-Pin-Category.jpg 1081w\" sizes=\"(max-width: 1024px) 100vw, 1024px\" \/>\t\t\t\t\t\t\t\t<\/a>\n\t\t\t\t\t\t\t\t\t\t\t<figcaption class=\"widget-image-caption wp-caption-text\">Boutons de chargement<\/figcaption>\n\t\t\t\t\t\t\t\t\t\t<\/figure>\n\t\t\t\t\t\t\t\t\t<\/div>\n\t\t\t\t<\/div>\n\t\t\t\t<div class=\"elementor-element elementor-element-655c0d8 elementor-widget elementor-widget-image\" data-id=\"655c0d8\" data-element_type=\"widget\" data-widget_type=\"image.default\">\n\t\t\t\t<div class=\"elementor-widget-container\">\n\t\t\t\t\t\t\t\t\t\t\t\t<figure class=\"wp-caption\">\n\t\t\t\t\t\t\t\t\t\t\t<a href=\"https:\/\/www.anyload.com\/fr\/produits\/?swoof=1&#038;product_cat=tension-links\">\n\t\t\t\t\t\t\t<img loading=\"lazy\" decoding=\"async\" width=\"450\" height=\"450\" src=\"https:\/\/www.anyload.com\/wp-content\/uploads\/2014\/06\/tension-link-group.jpg\" class=\"elementor-animation-float attachment-large size-large wp-image-6663\" alt=\"\" srcset=\"https:\/\/www.anyload.com\/wp-content\/uploads\/2014\/06\/tension-link-group.jpg 450w, https:\/\/www.anyload.com\/wp-content\/uploads\/2014\/06\/tension-link-group-100x100.jpg 100w, https:\/\/www.anyload.com\/wp-content\/uploads\/2014\/06\/tension-link-group-300x300.jpg 300w, https:\/\/www.anyload.com\/wp-content\/uploads\/2014\/06\/tension-link-group-421x421.jpg 421w, https:\/\/www.anyload.com\/wp-content\/uploads\/2014\/06\/tension-link-group-150x150.jpg 150w\" sizes=\"(max-width: 450px) 100vw, 450px\" \/>\t\t\t\t\t\t\t\t<\/a>\n\t\t\t\t\t\t\t\t\t\t\t<figcaption class=\"widget-image-caption wp-caption-text\">Liens de tension<\/figcaption>\n\t\t\t\t\t\t\t\t\t\t<\/figure>\n\t\t\t\t\t\t\t\t\t<\/div>\n\t\t\t\t<\/div>\n\t\t\t\t<div class=\"elementor-element elementor-element-121d224 elementor-widget elementor-widget-image\" data-id=\"121d224\" data-element_type=\"widget\" data-widget_type=\"image.default\">\n\t\t\t\t<div class=\"elementor-widget-container\">\n\t\t\t\t\t\t\t\t\t\t\t\t<figure class=\"wp-caption\">\n\t\t\t\t\t\t\t\t\t\t\t<a href=\"https:\/\/www.anyload.com\/fr\/produits\/?swoof=1&#038;product_cat=wire-rope\">\n\t\t\t\t\t\t\t<img decoding=\"async\" src=\"https:\/\/www.anyload.com\/wp-content\/uploads\/2023\/08\/Anyload-107CH-load-cell-transducer.jpg\" title=\"\" alt=\"\" class=\"elementor-animation-float\" loading=\"lazy\" \/>\t\t\t\t\t\t\t\t<\/a>\n\t\t\t\t\t\t\t\t\t\t\t<figcaption class=\"widget-image-caption wp-caption-text\">C\u00e2ble m\u00e9tallique<\/figcaption>\n\t\t\t\t\t\t\t\t\t\t<\/figure>\n\t\t\t\t\t\t\t\t\t<\/div>\n\t\t\t\t<\/div>\n\t\t\t\t<div class=\"elementor-element elementor-element-112aa59 elementor-widget elementor-widget-spacer\" data-id=\"112aa59\" data-element_type=\"widget\" data-widget_type=\"spacer.default\">\n\t\t\t\t<div class=\"elementor-widget-container\">\n\t\t\t\t\t\t\t<div class=\"elementor-spacer\">\n\t\t\t<div class=\"elementor-spacer-inner\"><\/div>\n\t\t<\/div>\n\t\t\t\t\t\t<\/div>\n\t\t\t\t<\/div>\n\t\t\t\t\t<\/div>\n\t\t\t\t<\/div>\n\t\t<div class=\"elementor-element elementor-element-f9465c0 e-grid e-con-boxed e-con e-parent\" data-id=\"f9465c0\" data-element_type=\"container\">\n\t\t\t\t\t<div class=\"e-con-inner\">\n\t\t\t\t<div class=\"elementor-element elementor-element-48383ce elementor-widget elementor-widget-sidebar\" data-id=\"48383ce\" data-element_type=\"widget\" data-widget_type=\"sidebar.default\">\n\t\t\t\t<div class=\"elementor-widget-container\">\n\t\t\t\t\t<div id=\"modelsearch_widget-8\" class=\"widget widget_modelsearch_widget\"><div class=\"form-wrap\"><h2 class=\"widget-title\">Cellule de charge<\/h2><div class=\"inner-wrap\"><select id=\"make-drop\"><option>Marque<\/option><option>ET<\/option><option>Toute charge<\/option><option>Artech<\/option><option>Avery Weigh-Tronix<\/option><option>Bilanciai<\/option><option>BIM<\/option><option>Cardinal<\/option><option>CAS<\/option><option>Coti Global<\/option><option>Epelsa<\/option><option>Fairbanks<\/option><option>Flintec<\/option><option>HBM<\/option><option>Kelba<\/option><option>Mettler Toledo<\/option><option>PT Global<\/option><option>Lac Rice<\/option><option>Sartorius<\/option><option>Totalcomp<\/option><option>Vishay Sensortronics<\/option><option>Vishay Celtron<\/option><option>Vishay Tedea-Huntleigh<\/option><option>Vishay Revere<\/option><option>Yamato<\/option><option>Charge de masse<\/option><\/select><div id=\"model-wrap\"><select id=\"model-drop\"><option>Mod\u00e8le<\/option><\/select><\/div><button id=\"reset\">Remise \u00e0 z\u00e9ro<\/button><\/div><\/div><div id=\"result-wrap\"><div id=\"model-link\"><\/div><\/div><\/div>\t\t\t\t<\/div>\n\t\t\t\t<\/div>\n\t\t\t\t<div class=\"elementor-element elementor-element-2f72561 elementor-widget elementor-widget-spacer\" data-id=\"2f72561\" data-element_type=\"widget\" data-widget_type=\"spacer.default\">\n\t\t\t\t<div class=\"elementor-widget-container\">\n\t\t\t\t\t\t\t<div class=\"elementor-spacer\">\n\t\t\t<div class=\"elementor-spacer-inner\"><\/div>\n\t\t<\/div>\n\t\t\t\t\t\t<\/div>\n\t\t\t\t<\/div>\n\t\t\t\t<div class=\"elementor-element elementor-element-fa26e36 elementor-widget elementor-widget-spacer\" data-id=\"fa26e36\" data-element_type=\"widget\" data-widget_type=\"spacer.default\">\n\t\t\t\t<div class=\"elementor-widget-container\">\n\t\t\t\t\t\t\t<div class=\"elementor-spacer\">\n\t\t\t<div class=\"elementor-spacer-inner\"><\/div>\n\t\t<\/div>\n\t\t\t\t\t\t<\/div>\n\t\t\t\t<\/div>\n\t\t\t\t\t<\/div>\n\t\t\t\t<\/div>\n\t\t\t\t<\/div>","protected":false},"excerpt":{"rendered":"<p>ANYLOAD has a comprehensive variety of standard load cells including: single ended shear beam, double ended shear beam, s-beam (s [&hellip;]<\/p>","protected":false},"author":4,"featured_media":0,"parent":0,"menu_order":3,"comment_status":"closed","ping_status":"closed","template":"","meta":{"_acf_changed":false,"site-sidebar-layout":"no-sidebar","site-content-layout":"page-builder","ast-site-content-layout":"default","site-content-style":"default","site-sidebar-style":"default","ast-global-header-display":"","ast-banner-title-visibility":"","ast-main-header-display":"","ast-hfb-above-header-display":"","ast-hfb-below-header-display":"","ast-hfb-mobile-header-display":"","site-post-title":"disabled","ast-breadcrumbs-content":"","ast-featured-img":"disabled","footer-sml-layout":"","ast-disable-related-posts":"","theme-transparent-header-meta":"","adv-header-id-meta":"","stick-header-meta":"","header-above-stick-meta":"","header-main-stick-meta":"","header-below-stick-meta":"","astra-migrate-meta-layouts":"default","ast-page-background-enabled":"default","ast-page-background-meta":{"desktop":{"background-color":"var(--ast-global-color-4)","background-image":"","background-repeat":"repeat","background-position":"center center","background-size":"auto","background-attachment":"scroll","background-type":"","background-media":"","overlay-type":"","overlay-color":"","overlay-opacity":"","overlay-gradient":""},"tablet":{"background-color":"","background-image":"","background-repeat":"repeat","background-position":"center center","background-size":"auto","background-attachment":"scroll","background-type":"","background-media":"","overlay-type":"","overlay-color":"","overlay-opacity":"","overlay-gradient":""},"mobile":{"background-color":"","background-image":"","background-repeat":"repeat","background-position":"center center","background-size":"auto","background-attachment":"scroll","background-type":"","background-media":"","overlay-type":"","overlay-color":"","overlay-opacity":"","overlay-gradient":""}},"ast-content-background-meta":{"desktop":{"background-color":"var(--ast-global-color-5)","background-image":"","background-repeat":"repeat","background-position":"center center","background-size":"auto","background-attachment":"scroll","background-type":"","background-media":"","overlay-type":"","overlay-color":"","overlay-opacity":"","overlay-gradient":""},"tablet":{"background-color":"var(--ast-global-color-5)","background-image":"","background-repeat":"repeat","background-position":"center center","background-size":"auto","background-attachment":"scroll","background-type":"","background-media":"","overlay-type":"","overlay-color":"","overlay-opacity":"","overlay-gradient":""},"mobile":{"background-color":"var(--ast-global-color-5)","background-image":"","background-repeat":"repeat","background-position":"center center","background-size":"auto","background-attachment":"scroll","background-type":"","background-media":"","overlay-type":"","overlay-color":"","overlay-opacity":"","overlay-gradient":""}},"footnotes":""},"class_list":["post-25723","page","type-page","status-publish","hentry"],"acf":[],"_links":{"self":[{"href":"https:\/\/www.anyload.com\/fr\/wp-json\/wp\/v2\/pages\/25723","targetHints":{"allow":["GET"]}}],"collection":[{"href":"https:\/\/www.anyload.com\/fr\/wp-json\/wp\/v2\/pages"}],"about":[{"href":"https:\/\/www.anyload.com\/fr\/wp-json\/wp\/v2\/types\/page"}],"author":[{"embeddable":true,"href":"https:\/\/www.anyload.com\/fr\/wp-json\/wp\/v2\/users\/4"}],"replies":[{"embeddable":true,"href":"https:\/\/www.anyload.com\/fr\/wp-json\/wp\/v2\/comments?post=25723"}],"version-history":[{"count":0,"href":"https:\/\/www.anyload.com\/fr\/wp-json\/wp\/v2\/pages\/25723\/revisions"}],"wp:attachment":[{"href":"https:\/\/www.anyload.com\/fr\/wp-json\/wp\/v2\/media?parent=25723"}],"curies":[{"name":"wp","href":"https:\/\/api.w.org\/{rel}","templated":true}]}}