{"id":23683,"date":"2023-11-06T13:45:56","date_gmt":"2023-11-06T21:45:56","guid":{"rendered":"https:\/\/www.anyload.com\/?page_id=23683"},"modified":"2026-03-26T14:04:40","modified_gmt":"2026-03-26T21:04:40","slug":"chimique","status":"publish","type":"page","link":"https:\/\/www.anyload.com\/fr\/secteurs-dactivite\/chimique\/","title":{"rendered":"CHIMIQUE"},"content":{"rendered":"<div data-elementor-type=\"wp-page\" data-elementor-id=\"23683\" class=\"elementor elementor-23683\" data-elementor-post-type=\"page\">\n\t\t\t\t<div class=\"elementor-element elementor-element-2d330d6 e-flex e-con-boxed e-con e-parent\" data-id=\"2d330d6\" data-element_type=\"container\">\n\t\t\t\t\t<div class=\"e-con-inner\">\n\t\t<div class=\"elementor-element elementor-element-2a80b84 e-con-full e-flex e-con e-child\" data-id=\"2a80b84\" data-element_type=\"container\">\n\t\t\t\t<div class=\"elementor-element elementor-element-6081e58 elementor-widget elementor-widget-woocommerce-breadcrumb\" data-id=\"6081e58\" data-element_type=\"widget\" data-widget_type=\"woocommerce-breadcrumb.default\">\n\t\t\t\t<div class=\"elementor-widget-container\">\n\t\t\t\t\t<nav class=\"woocommerce-breadcrumb\" aria-label=\"Breadcrumb\" data-no-translation=\"\" data-trp-gettext=\"\">Accueil<\/nav>\t\t\t\t<\/div>\n\t\t\t\t<\/div>\n\t\t\t\t<div class=\"elementor-element elementor-element-05f8a61 elementor-widget elementor-widget-heading\" data-id=\"05f8a61\" data-element_type=\"widget\" data-widget_type=\"heading.default\">\n\t\t\t\t<div class=\"elementor-widget-container\">\n\t\t\t\t\t<h1 class=\"elementor-heading-title elementor-size-xxl\">Chimique<\/h1>\t\t\t\t<\/div>\n\t\t\t\t<\/div>\n\t\t\t\t<\/div>\n\t\t\t\t\t<\/div>\n\t\t\t\t<\/div>\n\t\t<div class=\"elementor-element elementor-element-cb1f4b0 e-grid e-con-boxed e-con e-parent\" data-id=\"cb1f4b0\" data-element_type=\"container\">\n\t\t\t\t\t<div class=\"e-con-inner\">\n\t\t<div class=\"elementor-element elementor-element-bf98186 e-con-full e-flex e-con e-child\" data-id=\"bf98186\" data-element_type=\"container\">\n\t\t\t\t<div class=\"elementor-element elementor-element-ba54f90 elementor-widget elementor-widget-heading\" data-id=\"ba54f90\" data-element_type=\"widget\" data-widget_type=\"heading.default\">\n\t\t\t\t<div class=\"elementor-widget-container\">\n\t\t\t\t\t<h2 class=\"elementor-heading-title elementor-size-default\">Dans l'industrie chimique, la pr\u00e9cision, la fiabilit\u00e9 et la s\u00e9curit\u00e9 sont des n\u00e9cessit\u00e9s. Chez ANYLOAD, nous comprenons les d\u00e9fis uniques que pr\u00e9sente ce secteur, qu'il s'agisse de mat\u00e9riaux corrosifs, de temp\u00e9ratures \u00e9lev\u00e9es ou de r\u00e9glementations de s\u00e9curit\u00e9 strictes. Nos solutions de pesage sont con\u00e7ues et test\u00e9es pour r\u00e9pondre \u00e0 ces exigences sp\u00e9cifiques, garantissant des mesures pr\u00e9cises et une efficacit\u00e9 op\u00e9rationnelle.<br>\n\n<ol>\n<li><b> Syst\u00e8mes de dosage\/m\u00e9lange :<\/b> Les cellules de charge fournissent des donn\u00e9es de poids pr\u00e9cises pour un m\u00e9lange exact des compos\u00e9s chimiques, garantissant ainsi l'homog\u00e9n\u00e9it\u00e9 et la qualit\u00e9 des produits.<\/li>\n<li><b> Contr\u00f4le des stocks : <\/b>Gardez la trace des mati\u00e8res premi\u00e8res et des produits finis gr\u00e2ce \u00e0 des syst\u00e8mes de pesage fiables, optimis\u00e9s pour les environnements de stockage de produits chimiques.<\/li>\n<li><b>Manipulation des mati\u00e8res dangereuses : <\/b>Les syst\u00e8mes certifi\u00e9s \u00e0 s\u00e9curit\u00e9 intrins\u00e8que sont con\u00e7us pour les environnements o\u00f9 des mati\u00e8res explosives ou dangereuses sont pr\u00e9sentes, ce qui garantit la s\u00e9curit\u00e9 et la conformit\u00e9.<\/li>\n<li><b>Contr\u00f4le de la qualit\u00e9 :<\/b> Des mati\u00e8res premi\u00e8res entrantes aux exp\u00e9ditions sortantes, les solutions de pesage offrent la pr\u00e9cision n\u00e9cessaire pour des contr\u00f4les de qualit\u00e9 rigoureux.<\/li>\n\n<li><b>Pesage de r\u00e9servoirs et de silos :<\/b> Contr\u00f4ler le poids des produits chimiques liquides ou solides dans les r\u00e9servoirs et les silos : des cellules de charge con\u00e7ues pour r\u00e9sister aux environnements corrosifs.<\/li>\n\n<\/ol>\n\nQuelques \u00e9quipements de pesage fr\u00e9quemment utilis\u00e9s dans les secteurs de la chimie :\n<ol>\n<li><b> Balance de banc lavable : <\/b>Nos cellules de charge sont con\u00e7ues pour fonctionner de mani\u00e8re fiable \u00e0 des temp\u00e9ratures extr\u00eames, garantissant des mesures pr\u00e9cises dans les processus impliquant une chaleur \u00e9lev\u00e9e.<\/li>\n\n<li><b> P\u00e8se-personne en acier inoxydable : <\/b>Fabriqu\u00e9 en acier inoxydable 17-4PH et 304, le design industriel robuste est con\u00e7u pour r\u00e9sister \u00e0 des conditions corrosives et de lavage difficiles.  <\/li>\n\n<li><b>Modules de pesage de tr\u00e9mies\/r\u00e9servoirs : <\/b>Con\u00e7us sp\u00e9cifiquement pour simplifier l'installation, fournir une protection contre le soul\u00e8vement\/la charge lat\u00e9rale\/les vibrations et garantir la pr\u00e9cision, les syst\u00e8mes de modules de pesage ANYLOAD offrent un pesage optimal pour une large gamme d'applications lourdes. <\/li>\n\n<li><b> Modules ThinWeigh\u00ae \u00e0 profil bas : <\/b>Nos modules de pesage \u00e0 profil bas IP69K brevet\u00e9s de la s\u00e9rie 363TSM fournissent des r\u00e9sultats fiables dans des conditions difficiles pour une fraction de la hauteur d'un module de pesage standard.<\/li>\n\n<li><b> Solutions personnalis\u00e9es : <\/b>Les applications pr\u00e9sentent g\u00e9n\u00e9ralement des d\u00e9fis multiples en mati\u00e8re de temp\u00e9ratures extr\u00eames, de corrosion et d'\u00e9tanch\u00e9it\u00e9, de vibrations, de s\u00e9curit\u00e9 intrins\u00e8que, etc. ANYLOAD con\u00e7oit et fabrique des solutions pour le secteur chimique qui sont adapt\u00e9es \u00e0 leurs exigences sp\u00e9cifiques. <\/li>\n\n\n<\/ol>\n\nSi vous travaillez dans le secteur du vrac et des agr\u00e9gats et que vous recherchez des solutions de pesage fiables, n'h\u00e9sitez pas \u00e0 nous contacter pour des solutions personnalis\u00e9es et des conseils. Notre \u00e9quipe peut vous aider \u00e0 trouver les cellules de charge adapt\u00e9es \u00e0 vos besoins sp\u00e9cifiques.\n\n\n\n\n<\/h2>\t\t\t\t<\/div>\n\t\t\t\t<\/div>\n\t\t\t\t<\/div>\n\t\t<div class=\"elementor-element elementor-element-6edbe71 e-con-full e-flex e-con e-child\" data-id=\"6edbe71\" data-element_type=\"container\">\n\t\t\t\t<div class=\"elementor-element elementor-element-c994d8e elementor-widget elementor-widget-image\" data-id=\"c994d8e\" data-element_type=\"widget\" data-widget_type=\"image.default\">\n\t\t\t\t<div class=\"elementor-widget-container\">\n\t\t\t\t\t\t\t\t\t\t\t\t\t\t\t<img decoding=\"async\" src=\"https:\/\/www.anyload.com\/wp-content\/uploads\/2023\/11\/Chemical.png\" title=\"Chimique\" alt=\"Chimique\" loading=\"lazy\" \/>\t\t\t\t\t\t\t\t\t\t\t\t\t\t\t<\/div>\n\t\t\t\t<\/div>\n\t\t\t\t<\/div>\n\t\t\t\t\t<\/div>\n\t\t\t\t<\/div>\n\t\t<div class=\"elementor-element elementor-element-9cb52c9 e-flex e-con-boxed e-con e-parent\" data-id=\"9cb52c9\" data-element_type=\"container\">\n\t\t\t\t\t<div class=\"e-con-inner\">\n\t\t<div class=\"elementor-element elementor-element-a8012bf e-con-full e-flex e-con e-child\" data-id=\"a8012bf\" data-element_type=\"container\">\n\t\t<div class=\"elementor-element elementor-element-82627d3 e-con-full e-flex e-con e-child\" data-id=\"82627d3\" data-element_type=\"container\">\n\t\t\t\t<div class=\"elementor-element elementor-element-85f3a95 elementor-widget elementor-widget-heading\" data-id=\"85f3a95\" data-element_type=\"widget\" data-widget_type=\"heading.default\">\n\t\t\t\t<div class=\"elementor-widget-container\">\n\t\t\t\t\t<h2 class=\"elementor-heading-title elementor-size-default\">Produits industriels<\/h2>\t\t\t\t<\/div>\n\t\t\t\t<\/div>\n\t\t\t\t<\/div>\n\t\t<div class=\"elementor-element elementor-element-e19937c e-con-full e-flex e-con e-child\" data-id=\"e19937c\" data-element_type=\"container\">\n\t\t\t\t<div class=\"elementor-element elementor-element-f4f3672 elementor-widget-divider--view-line elementor-widget elementor-widget-divider\" data-id=\"f4f3672\" data-element_type=\"widget\" data-widget_type=\"divider.default\">\n\t\t\t\t<div class=\"elementor-widget-container\">\n\t\t\t\t\t\t\t<div class=\"elementor-divider\">\n\t\t\t<span class=\"elementor-divider-separator\">\n\t\t\t\t\t\t<\/span>\n\t\t<\/div>\n\t\t\t\t\t\t<\/div>\n\t\t\t\t<\/div>\n\t\t\t\t<\/div>\n\t\t\t\t<\/div>\n\t\t\t\t\t<\/div>\n\t\t\t\t<\/div>\n\t\t<div class=\"elementor-element elementor-element-97a2de7 e-flex e-con-boxed e-con e-parent\" data-id=\"97a2de7\" data-element_type=\"container\">\n\t\t\t\t\t<div class=\"e-con-inner\">\n\t\t\t\t<div class=\"elementor-element elementor-element-4e170b3 elementor-pagination-type-bullets elementor-arrows-position-inside elementor-pagination-position-outside elementor-widget elementor-widget-n-carousel\" data-id=\"4e170b3\" data-element_type=\"widget\" data-settings=\"{&quot;carousel_items&quot;:[{&quot;slide_title&quot;:&quot;Slide 1&quot;,&quot;_id&quot;:&quot;005d05f&quot;},{&quot;slide_title&quot;:&quot;Slide #2&quot;,&quot;_id&quot;:&quot;2480561&quot;},{&quot;slide_title&quot;:&quot;Slide #3&quot;,&quot;_id&quot;:&quot;99f56d7&quot;},{&quot;_id&quot;:&quot;bbfc768&quot;,&quot;slide_title&quot;:&quot;Slide #4&quot;},{&quot;_id&quot;:&quot;ec2f44e&quot;,&quot;slide_title&quot;:&quot;Slide #5&quot;}],&quot;slides_to_show&quot;:&quot;4&quot;,&quot;slides_to_scroll&quot;:&quot;1&quot;,&quot;slides_to_show_tablet&quot;:&quot;2&quot;,&quot;slides_to_show_mobile&quot;:&quot;1&quot;,&quot;autoplay&quot;:&quot;yes&quot;,&quot;autoplay_speed&quot;:5000,&quot;pause_on_hover&quot;:&quot;yes&quot;,&quot;pause_on_interaction&quot;:&quot;yes&quot;,&quot;infinite&quot;:&quot;yes&quot;,&quot;speed&quot;:500,&quot;offset_sides&quot;:&quot;none&quot;,&quot;arrows&quot;:&quot;yes&quot;,&quot;pagination&quot;:&quot;bullets&quot;,&quot;image_spacing_custom&quot;:{&quot;unit&quot;:&quot;px&quot;,&quot;size&quot;:10,&quot;sizes&quot;:[]},&quot;image_spacing_custom_tablet&quot;:{&quot;unit&quot;:&quot;px&quot;,&quot;size&quot;:&quot;&quot;,&quot;sizes&quot;:[]},&quot;image_spacing_custom_mobile&quot;:{&quot;unit&quot;:&quot;px&quot;,&quot;size&quot;:&quot;&quot;,&quot;sizes&quot;:[]}}\" data-widget_type=\"nested-carousel.default\">\n\t\t\t\t<div class=\"elementor-widget-container\">\n\t\t\t\t\t\t\t<div class=\"e-n-carousel swiper\" role=\"region\" aria-roledescription=\"carousel\" aria-label=\"Carrousel\" dir=\"ltr\">\n\t\t\t<div class=\"swiper-wrapper\" aria-live=\"off\">\n\t\t\t\t\t\t\t\t\t\t<div class=\"swiper-slide\" data-slide=\"1\" role=\"group\" aria-roledescription=\"slide\" aria-label=\"1 de 5\">\n\t\t\t\t\t\t\t<div class=\"elementor-element elementor-element-3cab5c4 e-flex e-con-boxed e-con e-child\" data-id=\"3cab5c4\" data-element_type=\"container\">\n\t\t\t\t\t<div class=\"e-con-inner\">\n\t\t<div class=\"elementor-element elementor-element-7cf7e21 e-flex e-con-boxed e-con e-child\" data-id=\"7cf7e21\" data-element_type=\"container\" data-settings=\"{&quot;background_background&quot;:&quot;slideshow&quot;,&quot;background_slideshow_gallery&quot;:[],&quot;background_slideshow_loop&quot;:&quot;yes&quot;,&quot;background_slideshow_slide_duration&quot;:5000,&quot;background_slideshow_slide_transition&quot;:&quot;fade&quot;,&quot;background_slideshow_transition_duration&quot;:500}\">\n\t\t\t\t\t<div class=\"e-con-inner\">\n\t\t\t\t<div class=\"elementor-element elementor-element-fb36877 elementor-position-top elementor-widget elementor-widget-image-box\" data-id=\"fb36877\" data-element_type=\"widget\" data-widget_type=\"image-box.default\">\n\t\t\t\t<div class=\"elementor-widget-container\">\n\t\t\t\t\t<div class=\"elementor-image-box-wrapper\"><figure class=\"elementor-image-box-img\"><a href=\"https:\/\/www.anyload.com\/fr\/product\/102es-double-ended-beam-load-cell\/\" tabindex=\"-1\"><img decoding=\"async\" src=\"https:\/\/www.anyload.com\/wp-content\/uploads\/2023\/08\/102ES-load-cell-transducer.jpg\" title=\"102ES-cellule-de-charge-transducteur.jpg\" alt=\"102ES-cellule-de-charge-transducteur.jpg\" loading=\"lazy\" \/><\/a><\/figure><div class=\"elementor-image-box-content\"><p class=\"elementor-image-box-description\"><a href=\"https:\/\/www.anyload.com\/fr\/product\/102es-double-ended-beam-load-cell\/\" style=\"font-family: PilatWide;font-size: 17px;text-decoration: none\">     <span style=\"color: #D52B15;font-weight: normal\">102ES<\/span> Cellule de charge<\/a><\/p><\/div><\/div>\t\t\t\t<\/div>\n\t\t\t\t<\/div>\n\t\t\t\t\t<\/div>\n\t\t\t\t<\/div>\n\t\t\t\t\t<\/div>\n\t\t\t\t<\/div>\n\t\t\t\t\t\t\t\t<\/div>\n\t\t\t\t\t\t\t\t\t\t\t<div class=\"swiper-slide\" data-slide=\"2\" role=\"group\" aria-roledescription=\"slide\" aria-label=\"2 sur 5\">\n\t\t\t\t\t\t\t<div class=\"elementor-element elementor-element-b9628e7 e-flex e-con-boxed e-con e-child\" data-id=\"b9628e7\" data-element_type=\"container\" data-settings=\"{&quot;background_background&quot;:&quot;classic&quot;}\">\n\t\t\t\t\t<div class=\"e-con-inner\">\n\t\t<div class=\"elementor-element elementor-element-b2a84be e-flex e-con-boxed e-con e-child\" data-id=\"b2a84be\" data-element_type=\"container\" data-settings=\"{&quot;background_background&quot;:&quot;slideshow&quot;,&quot;background_slideshow_gallery&quot;:[],&quot;background_slideshow_loop&quot;:&quot;yes&quot;,&quot;background_slideshow_slide_duration&quot;:5000,&quot;background_slideshow_slide_transition&quot;:&quot;fade&quot;,&quot;background_slideshow_transition_duration&quot;:500}\">\n\t\t\t\t\t<div class=\"e-con-inner\">\n\t\t\t\t<div class=\"elementor-element elementor-element-a264975 elementor-position-top elementor-widget elementor-widget-image-box\" data-id=\"a264975\" data-element_type=\"widget\" data-widget_type=\"image-box.default\">\n\t\t\t\t<div class=\"elementor-widget-container\">\n\t\t\t\t\t<div class=\"elementor-image-box-wrapper\"><figure class=\"elementor-image-box-img\"><a href=\"https:\/\/www.anyload.com\/fr\/product\/102ds-double-ended-beam-load-cell\/\" tabindex=\"-1\"><img decoding=\"async\" src=\"https:\/\/www.anyload.com\/wp-content\/uploads\/2016\/03\/102DS-5Klb.webp\" title=\"102DS-5Klb\" alt=\"102DS-5Klb\" loading=\"lazy\" \/><\/a><\/figure><div class=\"elementor-image-box-content\"><p class=\"elementor-image-box-description\"><a href=\"https:\/\/www.anyload.com\/fr\/product\/102ds-double-ended-beam-load-cell\/\" style=\"font-family: PilatWide;font-size: 17px;text-decoration: none\">     <span style=\"color: #D52B15;font-weight: normal\">102DS<\/span> Cellule de charge<\/a><\/p><\/div><\/div>\t\t\t\t<\/div>\n\t\t\t\t<\/div>\n\t\t\t\t\t<\/div>\n\t\t\t\t<\/div>\n\t\t\t\t\t<\/div>\n\t\t\t\t<\/div>\n\t\t\t\t\t\t\t\t<\/div>\n\t\t\t\t\t\t\t\t\t\t\t<div class=\"swiper-slide\" data-slide=\"3\" role=\"group\" aria-roledescription=\"slide\" aria-label=\"3 sur 5\">\n\t\t\t\t\t\t\t<div class=\"elementor-element elementor-element-e533cde e-flex e-con-boxed e-con e-child\" data-id=\"e533cde\" data-element_type=\"container\">\n\t\t\t\t\t<div class=\"e-con-inner\">\n\t\t<div class=\"elementor-element elementor-element-4e5e841 e-flex e-con-boxed e-con e-child\" data-id=\"4e5e841\" data-element_type=\"container\" data-settings=\"{&quot;background_background&quot;:&quot;slideshow&quot;,&quot;background_slideshow_gallery&quot;:[],&quot;background_slideshow_loop&quot;:&quot;yes&quot;,&quot;background_slideshow_slide_duration&quot;:5000,&quot;background_slideshow_slide_transition&quot;:&quot;fade&quot;,&quot;background_slideshow_transition_duration&quot;:500}\">\n\t\t\t\t\t<div class=\"e-con-inner\">\n\t\t\t\t<div class=\"elementor-element elementor-element-4d4affc elementor-position-top elementor-widget elementor-widget-image-box\" data-id=\"4d4affc\" data-element_type=\"widget\" data-widget_type=\"image-box.default\">\n\t\t\t\t<div class=\"elementor-widget-container\">\n\t\t\t\t\t<div class=\"elementor-image-box-wrapper\"><figure class=\"elementor-image-box-img\"><a href=\"https:\/\/www.anyload.com\/fr\/product\/651js-single-point-load-cell\/\" tabindex=\"-1\"><img decoding=\"async\" src=\"https:\/\/www.anyload.com\/wp-content\/uploads\/2024\/01\/651JS-1.png\" title=\"651JS\" alt=\"651JS\" loading=\"lazy\" \/><\/a><\/figure><div class=\"elementor-image-box-content\"><p class=\"elementor-image-box-description\"><a href=\"https:\/\/www.anyload.com\/fr\/product\/651js-single-point-load-cell\/\" style=\"font-family: PilatWide;font-size: 17px;text-decoration: none\">     <span style=\"color: #D52B15;font-weight: normal\">651JS<\/span> Cellule de charge<\/a><\/p><\/div><\/div>\t\t\t\t<\/div>\n\t\t\t\t<\/div>\n\t\t\t\t\t<\/div>\n\t\t\t\t<\/div>\n\t\t\t\t\t<\/div>\n\t\t\t\t<\/div>\n\t\t\t\t\t\t\t\t<\/div>\n\t\t\t\t\t\t\t\t\t\t\t<div class=\"swiper-slide\" data-slide=\"4\" role=\"group\" aria-roledescription=\"slide\" aria-label=\"4 sur 5\">\n\t\t\t\t\t\t\t<div class=\"elementor-element elementor-element-6e402ad e-flex e-con-boxed e-con e-child\" data-id=\"6e402ad\" data-element_type=\"container\">\n\t\t\t\t\t<div class=\"e-con-inner\">\n\t\t<div class=\"elementor-element elementor-element-4e9f90d e-flex e-con-boxed e-con e-child\" data-id=\"4e9f90d\" data-element_type=\"container\" data-settings=\"{&quot;background_background&quot;:&quot;slideshow&quot;,&quot;background_slideshow_gallery&quot;:[],&quot;background_slideshow_loop&quot;:&quot;yes&quot;,&quot;background_slideshow_slide_duration&quot;:5000,&quot;background_slideshow_slide_transition&quot;:&quot;fade&quot;,&quot;background_slideshow_transition_duration&quot;:500}\">\n\t\t\t\t\t<div class=\"e-con-inner\">\n\t\t\t\t<div class=\"elementor-element elementor-element-cadd43d elementor-position-top elementor-widget elementor-widget-image-box\" data-id=\"cadd43d\" data-element_type=\"widget\" data-widget_type=\"image-box.default\">\n\t\t\t\t<div class=\"elementor-widget-container\">\n\t\t\t\t\t<div class=\"elementor-image-box-wrapper\"><figure class=\"elementor-image-box-img\"><a href=\"https:\/\/www.anyload.com\/fr\/product\/363tsm1-compression-weigh-module\/\" tabindex=\"-1\"><img decoding=\"async\" src=\"https:\/\/www.anyload.com\/wp-content\/uploads\/2018\/01\/363TSM1.png\" title=\"363TSM1\" alt=\"363TSM1\" loading=\"lazy\" \/><\/a><\/figure><div class=\"elementor-image-box-content\"><p class=\"elementor-image-box-description\"><a href=\"https:\/\/www.anyload.com\/fr\/product\/363tsm1-compression-weigh-module\/\" style=\"font-family: PilatWide;font-size: 17px;text-decoration: none\">     <span style=\"color: #D52B15;font-weight: normal\">363TSM1<\/span> Module de pesage<\/a><\/p><\/div><\/div>\t\t\t\t<\/div>\n\t\t\t\t<\/div>\n\t\t\t\t\t<\/div>\n\t\t\t\t<\/div>\n\t\t\t\t\t<\/div>\n\t\t\t\t<\/div>\n\t\t\t\t\t\t\t\t<\/div>\n\t\t\t\t\t\t\t\t\t\t\t<div class=\"swiper-slide\" data-slide=\"5\" role=\"group\" aria-roledescription=\"slide\" aria-label=\"5 sur 5\">\n\t\t\t\t\t\t\t<div class=\"elementor-element elementor-element-a3420ce e-flex e-con-boxed e-con e-child\" data-id=\"a3420ce\" data-element_type=\"container\">\n\t\t\t\t\t<div class=\"e-con-inner\">\n\t\t<div class=\"elementor-element elementor-element-b740d8b e-flex e-con-boxed e-con e-child\" data-id=\"b740d8b\" data-element_type=\"container\" data-settings=\"{&quot;background_background&quot;:&quot;slideshow&quot;,&quot;background_slideshow_gallery&quot;:[],&quot;background_slideshow_loop&quot;:&quot;yes&quot;,&quot;background_slideshow_slide_duration&quot;:5000,&quot;background_slideshow_slide_transition&quot;:&quot;fade&quot;,&quot;background_slideshow_transition_duration&quot;:500}\">\n\t\t\t\t\t<div class=\"e-con-inner\">\n\t\t\t\t<div class=\"elementor-element elementor-element-b2d8187 elementor-position-top elementor-widget elementor-widget-image-box\" data-id=\"b2d8187\" data-element_type=\"widget\" data-widget_type=\"image-box.default\">\n\t\t\t\t<div class=\"elementor-widget-container\">\n\t\t\t\t\t<div class=\"elementor-image-box-wrapper\"><figure class=\"elementor-image-box-img\"><a href=\"https:\/\/www.anyload.com\/fr\/product\/563ys-single-ended-beam-load-cell\/\" tabindex=\"-1\"><img decoding=\"async\" src=\"https:\/\/www.anyload.com\/wp-content\/uploads\/2014\/03\/563YS-ISO.webp\" title=\"563YS-ISO\" alt=\"563YS-ISO\" loading=\"lazy\" \/><\/a><\/figure><div class=\"elementor-image-box-content\"><p class=\"elementor-image-box-description\"><a href=\"https:\/\/www.anyload.com\/fr\/product\/563ys-single-ended-beam-load-cell\/\" style=\"font-family: PilatWide;font-size: 17px;text-decoration: none\">     <span style=\"color: #D52B15;font-weight: normal\">563YS<\/span> Cellule de charge<\/a><\/p><\/div><\/div>\t\t\t\t<\/div>\n\t\t\t\t<\/div>\n\t\t\t\t\t<\/div>\n\t\t\t\t<\/div>\n\t\t\t\t\t<\/div>\n\t\t\t\t<\/div>\n\t\t\t\t\t\t\t\t<\/div>\n\t\t\t\t\t\t\t\t<\/div>\n\t\t<\/div>\n\t\t\t\t\t<div class=\"elementor-swiper-button elementor-swiper-button-prev\" role=\"button\" tabindex=\"0\" aria-label=\"Pr\u00e9c\u00e9dent\">\n\t\t\t\t<svg aria-hidden=\"true\" class=\"e-font-icon-svg e-eicon-chevron-left\" viewbox=\"0 0 1000 1000\" xmlns=\"http:\/\/www.w3.org\/2000\/svg\"><path d=\"M646 125C629 125 613 133 604 142L308 442C296 454 292 471 292 487 292 504 296 521 308 533L604 854C617 867 629 875 646 875 663 875 679 871 692 858 704 846 713 829 713 812 713 796 708 779 692 767L438 487 692 225C700 217 708 204 708 187 708 171 704 154 692 142 675 129 663 125 646 125Z\"><\/path><\/svg>\t\t\t<\/div>\n\t\t\t<div class=\"elementor-swiper-button elementor-swiper-button-next\" role=\"button\" tabindex=\"0\" aria-label=\"Suivant\">\n\t\t\t\t<svg aria-hidden=\"true\" class=\"e-font-icon-svg e-eicon-chevron-right\" viewbox=\"0 0 1000 1000\" xmlns=\"http:\/\/www.w3.org\/2000\/svg\"><path d=\"M696 533C708 521 713 504 713 487 713 471 708 454 696 446L400 146C388 133 375 125 354 125 338 125 325 129 313 142 300 154 292 171 292 187 292 204 296 221 308 233L563 492 304 771C292 783 288 800 288 817 288 833 296 850 308 863 321 871 338 875 354 875 371 875 388 867 400 854L696 533Z\"><\/path><\/svg>\t\t\t<\/div>\n\t\t\t\t\t<div class=\"swiper-pagination\"><\/div>\n\t\t\t\t\t\t<\/div>\n\t\t\t\t<\/div>\n\t\t\t\t<div class=\"elementor-element elementor-element-683b328 elementor-widget elementor-widget-spacer\" data-id=\"683b328\" data-element_type=\"widget\" data-widget_type=\"spacer.default\">\n\t\t\t\t<div class=\"elementor-widget-container\">\n\t\t\t\t\t\t\t<div class=\"elementor-spacer\">\n\t\t\t<div class=\"elementor-spacer-inner\"><\/div>\n\t\t<\/div>\n\t\t\t\t\t\t<\/div>\n\t\t\t\t<\/div>\n\t\t\t\t\t<\/div>\n\t\t\t\t<\/div>\n\t\t\t\t<\/div>","protected":false},"excerpt":{"rendered":"<p>Chemical In the chemical industry, precision, reliability, and safety are necessities. At ANYLOAD, we understand the unique challenges this sector [&hellip;]<\/p>","protected":false},"author":4,"featured_media":0,"parent":22930,"menu_order":0,"comment_status":"closed","ping_status":"closed","template":"","meta":{"_acf_changed":false,"site-sidebar-layout":"no-sidebar","site-content-layout":"page-builder","ast-site-content-layout":"full-width-container","site-content-style":"unboxed","site-sidebar-style":"unboxed","ast-global-header-display":"","ast-banner-title-visibility":"","ast-main-header-display":"","ast-hfb-above-header-display":"","ast-hfb-below-header-display":"","ast-hfb-mobile-header-display":"","site-post-title":"disabled","ast-breadcrumbs-content":"","ast-featured-img":"","footer-sml-layout":"","ast-disable-related-posts":"","theme-transparent-header-meta":"","adv-header-id-meta":"","stick-header-meta":"","header-above-stick-meta":"","header-main-stick-meta":"","header-below-stick-meta":"","astra-migrate-meta-layouts":"set","ast-page-background-enabled":"default","ast-page-background-meta":{"desktop":{"background-color":"var(--ast-global-color-4)","background-image":"","background-repeat":"repeat","background-position":"center center","background-size":"auto","background-attachment":"scroll","background-type":"","background-media":"","overlay-type":"","overlay-color":"","overlay-opacity":"","overlay-gradient":""},"tablet":{"background-color":"","background-image":"","background-repeat":"repeat","background-position":"center center","background-size":"auto","background-attachment":"scroll","background-type":"","background-media":"","overlay-type":"","overlay-color":"","overlay-opacity":"","overlay-gradient":""},"mobile":{"background-color":"","background-image":"","background-repeat":"repeat","background-position":"center center","background-size":"auto","background-attachment":"scroll","background-type":"","background-media":"","overlay-type":"","overlay-color":"","overlay-opacity":"","overlay-gradient":""}},"ast-content-background-meta":{"desktop":{"background-color":"var(--ast-global-color-5)","background-image":"","background-repeat":"repeat","background-position":"center center","background-size":"auto","background-attachment":"scroll","background-type":"","background-media":"","overlay-type":"","overlay-color":"","overlay-opacity":"","overlay-gradient":""},"tablet":{"background-color":"var(--ast-global-color-5)","background-image":"","background-repeat":"repeat","background-position":"center center","background-size":"auto","background-attachment":"scroll","background-type":"","background-media":"","overlay-type":"","overlay-color":"","overlay-opacity":"","overlay-gradient":""},"mobile":{"background-color":"var(--ast-global-color-5)","background-image":"","background-repeat":"repeat","background-position":"center center","background-size":"auto","background-attachment":"scroll","background-type":"","background-media":"","overlay-type":"","overlay-color":"","overlay-opacity":"","overlay-gradient":""}},"footnotes":""},"class_list":["post-23683","page","type-page","status-publish","hentry"],"acf":[],"_links":{"self":[{"href":"https:\/\/www.anyload.com\/fr\/wp-json\/wp\/v2\/pages\/23683","targetHints":{"allow":["GET"]}}],"collection":[{"href":"https:\/\/www.anyload.com\/fr\/wp-json\/wp\/v2\/pages"}],"about":[{"href":"https:\/\/www.anyload.com\/fr\/wp-json\/wp\/v2\/types\/page"}],"author":[{"embeddable":true,"href":"https:\/\/www.anyload.com\/fr\/wp-json\/wp\/v2\/users\/4"}],"replies":[{"embeddable":true,"href":"https:\/\/www.anyload.com\/fr\/wp-json\/wp\/v2\/comments?post=23683"}],"version-history":[{"count":1,"href":"https:\/\/www.anyload.com\/fr\/wp-json\/wp\/v2\/pages\/23683\/revisions"}],"predecessor-version":[{"id":43873,"href":"https:\/\/www.anyload.com\/fr\/wp-json\/wp\/v2\/pages\/23683\/revisions\/43873"}],"up":[{"embeddable":true,"href":"https:\/\/www.anyload.com\/fr\/wp-json\/wp\/v2\/pages\/22930"}],"wp:attachment":[{"href":"https:\/\/www.anyload.com\/fr\/wp-json\/wp\/v2\/media?parent=23683"}],"curies":[{"name":"wp","href":"https:\/\/api.w.org\/{rel}","templated":true}]}}