{"id":23313,"date":"2023-10-25T12:09:07","date_gmt":"2023-10-25T19:09:07","guid":{"rendered":"https:\/\/www.anyload.com\/?page_id=23313"},"modified":"2024-11-26T17:06:45","modified_gmt":"2024-11-27T01:06:45","slug":"emballage","status":"publish","type":"page","link":"https:\/\/www.anyload.com\/fr\/secteurs-dactivite\/emballage\/","title":{"rendered":"EMBALLAGE"},"content":{"rendered":"<div data-elementor-type=\"wp-page\" data-elementor-id=\"23313\" class=\"elementor elementor-23313\" data-elementor-post-type=\"page\">\n\t\t\t\t<div class=\"elementor-element elementor-element-2d330d6 e-flex e-con-boxed e-con e-parent\" data-id=\"2d330d6\" data-element_type=\"container\">\n\t\t\t\t\t<div class=\"e-con-inner\">\n\t\t<div class=\"elementor-element elementor-element-2a80b84 e-con-full e-flex e-con e-child\" data-id=\"2a80b84\" data-element_type=\"container\">\n\t\t\t\t<div class=\"elementor-element elementor-element-4d90344 elementor-widget elementor-widget-woocommerce-breadcrumb\" data-id=\"4d90344\" data-element_type=\"widget\" data-widget_type=\"woocommerce-breadcrumb.default\">\n\t\t\t\t<div class=\"elementor-widget-container\">\n\t\t\t\t\t<nav class=\"woocommerce-breadcrumb\" aria-label=\"Breadcrumb\" data-no-translation=\"\" data-trp-gettext=\"\">Accueil<\/nav>\t\t\t\t<\/div>\n\t\t\t\t<\/div>\n\t\t\t\t<div class=\"elementor-element elementor-element-05f8a61 elementor-widget elementor-widget-heading\" data-id=\"05f8a61\" data-element_type=\"widget\" data-widget_type=\"heading.default\">\n\t\t\t\t<div class=\"elementor-widget-container\">\n\t\t\t\t\t<h1 class=\"elementor-heading-title elementor-size-xxl\">Emballage<\/h1>\t\t\t\t<\/div>\n\t\t\t\t<\/div>\n\t\t\t\t<\/div>\n\t\t\t\t\t<\/div>\n\t\t\t\t<\/div>\n\t\t<div class=\"elementor-element elementor-element-cb1f4b0 e-grid e-con-boxed e-con e-parent\" data-id=\"cb1f4b0\" data-element_type=\"container\">\n\t\t\t\t\t<div class=\"e-con-inner\">\n\t\t<div class=\"elementor-element elementor-element-bf98186 e-con-full e-flex e-con e-child\" data-id=\"bf98186\" data-element_type=\"container\">\n\t\t\t\t<div class=\"elementor-element elementor-element-ba54f90 elementor-widget elementor-widget-heading\" data-id=\"ba54f90\" data-element_type=\"widget\" data-widget_type=\"heading.default\">\n\t\t\t\t<div class=\"elementor-widget-container\">\n\t\t\t\t\t<h2 class=\"elementor-heading-title elementor-size-default\">Dans le monde de l'emballage, qui \u00e9volue rapidement, l'efficacit\u00e9, la pr\u00e9cision et la fiabilit\u00e9 sont primordiales. ANYLOAD comprend le r\u00f4le critique que jouent le pesage pr\u00e9cis et la mesure de la force dans diverses applications d'emballage. Voici quelques-unes des applications des cellules de charge :<br>\n\n<ol>\n<li><b>Syst\u00e8mes de remplissage :<\/b> Nos capteurs de pesage sont utilis\u00e9s dans les machines de remplissage automatis\u00e9es pour les produits liquides et solides. Ils garantissent des niveaux de remplissage pr\u00e9cis et constants dans les conteneurs, r\u00e9duisant ainsi les d\u00e9chets et am\u00e9liorant l'efficacit\u00e9.<\/li>\n<li><b>Emballage :<\/b> Dans les applications d'emballage, nos capteurs aident \u00e0 mesurer la tension des mat\u00e9riaux d'emballage, garantissant ainsi un emballage s\u00fbr et coh\u00e9rent.<\/li>\n<li><b>Remplissage de la bouteille : <\/b>Des cellules de charge sp\u00e9cialis\u00e9es sont utilis\u00e9es dans les lignes de remplissage de bouteilles pour s'assurer que chaque bouteille est remplie au niveau exact requis, conform\u00e9ment aux normes de contr\u00f4le de la qualit\u00e9.<\/li>\n<li><b>Manutention des mat\u00e9riaux :<\/b> Nos cellules de charge sont int\u00e9gr\u00e9es dans les syst\u00e8mes de convoyage et autres \u00e9quipements de manutention, fournissant des donn\u00e9es de poids en temps r\u00e9el pour le contr\u00f4le des stocks et l'optimisation des processus.<\/li>\n\n<\/ol>\n\nQuelques produits fr\u00e9quemment utilis\u00e9s dans l'industrie de l'emballage :\n<ol>\n<li><b>Balances d'\u00e9tabli : <\/b>Ils sont utilis\u00e9s pour les t\u00e2ches d'emballage plus petites et offrent une grande pr\u00e9cision dans un format compact.<\/li>\n\n<li><b>Poutres de cisaillement : <\/b>Ces capteurs sont couramment utilis\u00e9s dans des applications d'emballage de grande taille, \u00e0 l'\u00e9chelle industrielle, o\u00f9 la durabilit\u00e9 et la capacit\u00e9 \u00e9lev\u00e9e sont requises. <\/li>\n\n<li><b>Perte dans le remplissage des points uniques :<\/b> Ces cellules de charge sp\u00e9cialis\u00e9es sont utilis\u00e9es dans les applications de remplissage pour mesurer le poids des mat\u00e9riaux lorsqu'ils sont ajout\u00e9s ou retir\u00e9s des conteneurs, garantissant ainsi des niveaux de remplissage pr\u00e9cis.<\/li>\n\n<li><b> Trieuses pond\u00e9rales : <\/b>Int\u00e9gr\u00e9s aux lignes d'emballage, ces syst\u00e8mes utilisent nos capteurs pour v\u00e9rifier automatiquement le poids des articles emball\u00e9s et s'assurer qu'ils respectent les plages de poids sp\u00e9cifi\u00e9es.<\/li>\n\n<li><b> Les cas de figure :<\/b> Utilisant des poutres de cisaillement, ces syst\u00e8mes sont utilis\u00e9s pour peser des caisses ou des palettes de marchandises emball\u00e9es de grande taille, garantissant ainsi la pr\u00e9cision des exp\u00e9ditions et du contr\u00f4le des stocks.<\/li>\n\n<\/ol>\n\nSi vous travaillez dans l'industrie de l'emballage et recherchez des solutions de pesage fiables, ANYLOAD est votre partenaire id\u00e9al. Contactez-nous pour obtenir des solutions personnalis\u00e9es adapt\u00e9es aux exigences uniques de vos applications d'emballage.<br><br>\n\n\n\n\n\n<\/h2>\t\t\t\t<\/div>\n\t\t\t\t<\/div>\n\t\t\t\t<\/div>\n\t\t<div class=\"elementor-element elementor-element-6edbe71 e-con-full e-flex e-con e-child\" data-id=\"6edbe71\" data-element_type=\"container\">\n\t\t\t\t<div class=\"elementor-element elementor-element-c994d8e elementor-widget elementor-widget-image\" data-id=\"c994d8e\" data-element_type=\"widget\" data-widget_type=\"image.default\">\n\t\t\t\t<div class=\"elementor-widget-container\">\n\t\t\t\t\t\t\t\t\t\t\t\t\t\t\t<img decoding=\"async\" src=\"https:\/\/www.anyload.com\/wp-content\/uploads\/2023\/11\/Packaging-Vertical.png\" title=\"Emballage vertical\" alt=\"Emballage vertical\" loading=\"lazy\" \/>\t\t\t\t\t\t\t\t\t\t\t\t\t\t\t<\/div>\n\t\t\t\t<\/div>\n\t\t\t\t<\/div>\n\t\t\t\t\t<\/div>\n\t\t\t\t<\/div>\n\t\t<div class=\"elementor-element elementor-element-9cb52c9 e-flex e-con-boxed e-con e-parent\" data-id=\"9cb52c9\" data-element_type=\"container\">\n\t\t\t\t\t<div class=\"e-con-inner\">\n\t\t<div class=\"elementor-element elementor-element-6761e7f e-con-full e-flex e-con e-child\" data-id=\"6761e7f\" data-element_type=\"container\">\n\t\t<div class=\"elementor-element elementor-element-a2b8c14 e-con-full e-flex e-con e-child\" data-id=\"a2b8c14\" data-element_type=\"container\">\n\t\t\t\t<div class=\"elementor-element elementor-element-bf17a4f elementor-widget elementor-widget-heading\" data-id=\"bf17a4f\" data-element_type=\"widget\" data-widget_type=\"heading.default\">\n\t\t\t\t<div class=\"elementor-widget-container\">\n\t\t\t\t\t<h2 class=\"elementor-heading-title elementor-size-default\">Produits industriels<\/h2>\t\t\t\t<\/div>\n\t\t\t\t<\/div>\n\t\t\t\t<\/div>\n\t\t<div class=\"elementor-element elementor-element-0cb7ac2 e-con-full e-flex e-con e-child\" data-id=\"0cb7ac2\" data-element_type=\"container\">\n\t\t\t\t<div class=\"elementor-element elementor-element-9127024 elementor-widget-divider--view-line elementor-widget elementor-widget-divider\" data-id=\"9127024\" data-element_type=\"widget\" data-widget_type=\"divider.default\">\n\t\t\t\t<div class=\"elementor-widget-container\">\n\t\t\t\t\t\t\t<div class=\"elementor-divider\">\n\t\t\t<span class=\"elementor-divider-separator\">\n\t\t\t\t\t\t<\/span>\n\t\t<\/div>\n\t\t\t\t\t\t<\/div>\n\t\t\t\t<\/div>\n\t\t\t\t<\/div>\n\t\t\t\t<\/div>\n\t\t\t\t\t<\/div>\n\t\t\t\t<\/div>\n\t\t<div class=\"elementor-element elementor-element-b5fb0b7 e-flex e-con-boxed e-con e-parent\" data-id=\"b5fb0b7\" data-element_type=\"container\">\n\t\t\t\t\t<div class=\"e-con-inner\">\n\t\t\t\t<div class=\"elementor-element elementor-element-df144aa elementor-pagination-type-bullets elementor-arrows-position-inside elementor-pagination-position-outside elementor-widget elementor-widget-n-carousel\" data-id=\"df144aa\" data-element_type=\"widget\" data-settings=\"{&quot;carousel_items&quot;:[{&quot;slide_title&quot;:&quot;Slide 1&quot;,&quot;_id&quot;:&quot;005d05f&quot;},{&quot;slide_title&quot;:&quot;Slide #2&quot;,&quot;_id&quot;:&quot;2480561&quot;},{&quot;slide_title&quot;:&quot;Slide #3&quot;,&quot;_id&quot;:&quot;99f56d7&quot;},{&quot;_id&quot;:&quot;bbfc768&quot;,&quot;slide_title&quot;:&quot;Slide #4&quot;},{&quot;_id&quot;:&quot;57500a6&quot;,&quot;slide_title&quot;:&quot;Slide #5&quot;}],&quot;slides_to_show&quot;:&quot;4&quot;,&quot;slides_to_scroll&quot;:&quot;1&quot;,&quot;slides_to_show_tablet&quot;:&quot;2&quot;,&quot;slides_to_show_mobile&quot;:&quot;1&quot;,&quot;autoplay&quot;:&quot;yes&quot;,&quot;autoplay_speed&quot;:5000,&quot;pause_on_hover&quot;:&quot;yes&quot;,&quot;pause_on_interaction&quot;:&quot;yes&quot;,&quot;infinite&quot;:&quot;yes&quot;,&quot;speed&quot;:500,&quot;offset_sides&quot;:&quot;none&quot;,&quot;arrows&quot;:&quot;yes&quot;,&quot;pagination&quot;:&quot;bullets&quot;,&quot;image_spacing_custom&quot;:{&quot;unit&quot;:&quot;px&quot;,&quot;size&quot;:10,&quot;sizes&quot;:[]},&quot;image_spacing_custom_tablet&quot;:{&quot;unit&quot;:&quot;px&quot;,&quot;size&quot;:&quot;&quot;,&quot;sizes&quot;:[]},&quot;image_spacing_custom_mobile&quot;:{&quot;unit&quot;:&quot;px&quot;,&quot;size&quot;:&quot;&quot;,&quot;sizes&quot;:[]}}\" data-widget_type=\"nested-carousel.default\">\n\t\t\t\t<div class=\"elementor-widget-container\">\n\t\t\t\t\t\t\t<div class=\"e-n-carousel swiper\" role=\"region\" aria-roledescription=\"carousel\" aria-label=\"Carousel\" dir=\"ltr\" data-no-translation-aria-label=\"\">\n\t\t\t<div class=\"swiper-wrapper\" aria-live=\"off\">\n\t\t\t\t\t\t\t\t\t\t<div class=\"swiper-slide\" data-slide=\"1\" role=\"group\" aria-roledescription=\"slide\" aria-label=\"1 of 5\" data-no-translation-aria-label=\"\">\n\t\t\t\t\t\t\t<div class=\"elementor-element elementor-element-6caf837 e-flex e-con-boxed e-con e-child\" data-id=\"6caf837\" data-element_type=\"container\">\n\t\t\t\t\t<div class=\"e-con-inner\">\n\t\t<div class=\"elementor-element elementor-element-d49462c e-flex e-con-boxed e-con e-child\" data-id=\"d49462c\" data-element_type=\"container\" data-settings=\"{&quot;background_background&quot;:&quot;slideshow&quot;,&quot;background_slideshow_gallery&quot;:[],&quot;background_slideshow_loop&quot;:&quot;yes&quot;,&quot;background_slideshow_slide_duration&quot;:5000,&quot;background_slideshow_slide_transition&quot;:&quot;fade&quot;,&quot;background_slideshow_transition_duration&quot;:500}\">\n\t\t\t\t\t<div class=\"e-con-inner\">\n\t\t\t\t<div class=\"elementor-element elementor-element-d62ca2d elementor-position-top elementor-widget elementor-widget-image-box\" data-id=\"d62ca2d\" data-element_type=\"widget\" data-widget_type=\"image-box.default\">\n\t\t\t\t<div class=\"elementor-widget-container\">\n\t\t\t\t\t<div class=\"elementor-image-box-wrapper\"><figure class=\"elementor-image-box-img\"><a href=\"https:\/\/www.anyload.com\/fr\/product\/563rs-single-ended-beam-load-cell\/\" tabindex=\"-1\"><img decoding=\"async\" src=\"https:\/\/www.anyload.com\/wp-content\/uploads\/2017\/02\/563RS-30kg-Side.webp\" title=\"563RS-30kg-C\u00f4t\u00e9\" alt=\"563RS-30kg-C\u00f4t\u00e9\" loading=\"lazy\" \/><\/a><\/figure><div class=\"elementor-image-box-content\"><p class=\"elementor-image-box-description\"><a href=\"https:\/\/www.anyload.com\/fr\/product\/563rs-single-ended-beam-load-cell\/\" style=\"font-family: PilatWide;font-size: 17px;text-decoration: none\">     <span style=\"color: #D52B15;font-weight: normal\">563RS<\/span> Cellule de charge<\/a><\/p><\/div><\/div>\t\t\t\t<\/div>\n\t\t\t\t<\/div>\n\t\t\t\t\t<\/div>\n\t\t\t\t<\/div>\n\t\t\t\t\t<\/div>\n\t\t\t\t<\/div>\n\t\t\t\t\t\t\t\t<\/div>\n\t\t\t\t\t\t\t\t\t\t\t<div class=\"swiper-slide\" data-slide=\"2\" role=\"group\" aria-roledescription=\"slide\" aria-label=\"2 of 5\" data-no-translation-aria-label=\"\">\n\t\t\t\t\t\t\t<div class=\"elementor-element elementor-element-2e5fe65 e-flex e-con-boxed e-con e-child\" data-id=\"2e5fe65\" data-element_type=\"container\" data-settings=\"{&quot;background_background&quot;:&quot;classic&quot;}\">\n\t\t\t\t\t<div class=\"e-con-inner\">\n\t\t<div class=\"elementor-element elementor-element-0a1551e e-flex e-con-boxed e-con e-child\" data-id=\"0a1551e\" data-element_type=\"container\" data-settings=\"{&quot;background_background&quot;:&quot;slideshow&quot;,&quot;background_slideshow_gallery&quot;:[],&quot;background_slideshow_loop&quot;:&quot;yes&quot;,&quot;background_slideshow_slide_duration&quot;:5000,&quot;background_slideshow_slide_transition&quot;:&quot;fade&quot;,&quot;background_slideshow_transition_duration&quot;:500}\">\n\t\t\t\t\t<div class=\"e-con-inner\">\n\t\t\t\t<div class=\"elementor-element elementor-element-9575e76 elementor-position-top elementor-widget elementor-widget-image-box\" data-id=\"9575e76\" data-element_type=\"widget\" data-widget_type=\"image-box.default\">\n\t\t\t\t<div class=\"elementor-widget-container\">\n\t\t\t\t\t<div class=\"elementor-image-box-wrapper\"><figure class=\"elementor-image-box-img\"><a href=\"https:\/\/www.anyload.com\/fr\/product\/108qsfl-single-point-load-cell\/\" tabindex=\"-1\"><img decoding=\"async\" src=\"https:\/\/www.anyload.com\/wp-content\/uploads\/2023\/08\/108QSFL.jpg\" title=\"108QSFL.jpg\" alt=\"108QSFL.jpg\" loading=\"lazy\" \/><\/a><\/figure><div class=\"elementor-image-box-content\"><p class=\"elementor-image-box-description\"><a href=\"https:\/\/www.anyload.com\/fr\/product\/108qsfl-single-point-load-cell\/\" style=\"font-family: PilatWide;font-size: 17px;text-decoration: none\">     <span style=\"color: #D52B15;font-weight: normal\">108QSFL<\/span> Cellule de charge<\/a><\/p><\/div><\/div>\t\t\t\t<\/div>\n\t\t\t\t<\/div>\n\t\t\t\t\t<\/div>\n\t\t\t\t<\/div>\n\t\t\t\t\t<\/div>\n\t\t\t\t<\/div>\n\t\t\t\t\t\t\t\t<\/div>\n\t\t\t\t\t\t\t\t\t\t\t<div class=\"swiper-slide\" data-slide=\"3\" role=\"group\" aria-roledescription=\"slide\" aria-label=\"3 of 5\" data-no-translation-aria-label=\"\">\n\t\t\t\t\t\t\t<div class=\"elementor-element elementor-element-c73c6ab e-flex e-con-boxed e-con e-child\" data-id=\"c73c6ab\" data-element_type=\"container\">\n\t\t\t\t\t<div class=\"e-con-inner\">\n\t\t<div class=\"elementor-element elementor-element-cc34893 e-flex e-con-boxed e-con e-child\" data-id=\"cc34893\" data-element_type=\"container\" data-settings=\"{&quot;background_background&quot;:&quot;slideshow&quot;,&quot;background_slideshow_gallery&quot;:[],&quot;background_slideshow_loop&quot;:&quot;yes&quot;,&quot;background_slideshow_slide_duration&quot;:5000,&quot;background_slideshow_slide_transition&quot;:&quot;fade&quot;,&quot;background_slideshow_transition_duration&quot;:500}\">\n\t\t\t\t\t<div class=\"e-con-inner\">\n\t\t\t\t<div class=\"elementor-element elementor-element-cef4878 elementor-position-top elementor-widget elementor-widget-image-box\" data-id=\"cef4878\" data-element_type=\"widget\" data-widget_type=\"image-box.default\">\n\t\t\t\t<div class=\"elementor-widget-container\">\n\t\t\t\t\t<div class=\"elementor-image-box-wrapper\"><figure class=\"elementor-image-box-img\"><a href=\"https:\/\/www.anyload.com\/fr\/product\/651ks66-single-point-load-cell\/\" tabindex=\"-1\"><img decoding=\"async\" src=\"https:\/\/www.anyload.com\/wp-content\/uploads\/2023\/08\/Anyload-651KS66-load-cell-transducer-1.jpg\" title=\"Anyload-651KS66-cellule-de-charge-transducteur.jpg\" alt=\"Anyload-651KS66-cellule-de-charge-transducteur.jpg\" loading=\"lazy\" \/><\/a><\/figure><div class=\"elementor-image-box-content\"><p class=\"elementor-image-box-description\"><a href=\"https:\/\/www.anyload.com\/fr\/product\/651ks66-single-point-load-cell\/\" style=\"font-family: PilatWide;font-size: 17px;text-decoration: none\">     <span style=\"color: #D52B15;font-weight: normal\">651KS66<\/span> Cellule de charge<\/a><\/p><\/div><\/div>\t\t\t\t<\/div>\n\t\t\t\t<\/div>\n\t\t\t\t\t<\/div>\n\t\t\t\t<\/div>\n\t\t\t\t\t<\/div>\n\t\t\t\t<\/div>\n\t\t\t\t\t\t\t\t<\/div>\n\t\t\t\t\t\t\t\t\t\t\t<div class=\"swiper-slide\" data-slide=\"4\" role=\"group\" aria-roledescription=\"slide\" aria-label=\"4 of 5\" data-no-translation-aria-label=\"\">\n\t\t\t\t\t\t\t<div class=\"elementor-element elementor-element-3ad86a7 e-flex e-con-boxed e-con e-child\" data-id=\"3ad86a7\" data-element_type=\"container\">\n\t\t\t\t\t<div class=\"e-con-inner\">\n\t\t<div class=\"elementor-element elementor-element-d62fa64 e-flex e-con-boxed e-con e-child\" data-id=\"d62fa64\" data-element_type=\"container\" data-settings=\"{&quot;background_background&quot;:&quot;slideshow&quot;,&quot;background_slideshow_gallery&quot;:[],&quot;background_slideshow_loop&quot;:&quot;yes&quot;,&quot;background_slideshow_slide_duration&quot;:5000,&quot;background_slideshow_slide_transition&quot;:&quot;fade&quot;,&quot;background_slideshow_transition_duration&quot;:500}\">\n\t\t\t\t\t<div class=\"e-con-inner\">\n\t\t\t\t<div class=\"elementor-element elementor-element-e055c41 elementor-position-top elementor-widget elementor-widget-image-box\" data-id=\"e055c41\" data-element_type=\"widget\" data-widget_type=\"image-box.default\">\n\t\t\t\t<div class=\"elementor-widget-container\">\n\t\t\t\t\t<div class=\"elementor-image-box-wrapper\"><figure class=\"elementor-image-box-img\"><a href=\"https:\/\/www.anyload.com\/fr\/product\/108aa-single-point-load-cell\/\" tabindex=\"-1\"><img decoding=\"async\" src=\"https:\/\/www.anyload.com\/wp-content\/uploads\/2023\/08\/108AA-load-cell-transducer.jpg\" title=\"108AA-cellule-de-charge-transducteur.jpg\" alt=\"108AA-cellule-de-charge-transducteur.jpg\" loading=\"lazy\" \/><\/a><\/figure><div class=\"elementor-image-box-content\"><p class=\"elementor-image-box-description\"><a href=\"https:\/\/www.anyload.com\/fr\/product\/108aa-single-point-load-cell\/\" style=\"font-family: PilatWide;font-size: 17px;text-decoration: none\">     <span style=\"color: #D52B15;font-weight: normal\">108AA<\/span> Cellule de charge<\/a><\/p><\/div><\/div>\t\t\t\t<\/div>\n\t\t\t\t<\/div>\n\t\t\t\t\t<\/div>\n\t\t\t\t<\/div>\n\t\t\t\t\t<\/div>\n\t\t\t\t<\/div>\n\t\t\t\t\t\t\t\t<\/div>\n\t\t\t\t\t\t\t\t\t\t\t<div class=\"swiper-slide\" data-slide=\"5\" role=\"group\" aria-roledescription=\"slide\" aria-label=\"5 of 5\" data-no-translation-aria-label=\"\">\n\t\t\t\t\t\t\t<div class=\"elementor-element elementor-element-6175ca4 e-flex e-con-boxed e-con e-child\" data-id=\"6175ca4\" data-element_type=\"container\">\n\t\t\t\t\t<div class=\"e-con-inner\">\n\t\t<div class=\"elementor-element elementor-element-c7a0207 e-flex e-con-boxed e-con e-child\" data-id=\"c7a0207\" data-element_type=\"container\" data-settings=\"{&quot;background_background&quot;:&quot;slideshow&quot;,&quot;background_slideshow_gallery&quot;:[],&quot;background_slideshow_loop&quot;:&quot;yes&quot;,&quot;background_slideshow_slide_duration&quot;:5000,&quot;background_slideshow_slide_transition&quot;:&quot;fade&quot;,&quot;background_slideshow_transition_duration&quot;:500}\">\n\t\t\t\t\t<div class=\"e-con-inner\">\n\t\t\t\t<div class=\"elementor-element elementor-element-9a3b9b1 elementor-position-top elementor-widget elementor-widget-image-box\" data-id=\"9a3b9b1\" data-element_type=\"widget\" data-widget_type=\"image-box.default\">\n\t\t\t\t<div class=\"elementor-widget-container\">\n\t\t\t\t\t<div class=\"elementor-image-box-wrapper\"><figure class=\"elementor-image-box-img\"><a href=\"https:\/\/www.anyload.com\/fr\/product\/563yh-23-single-ended-beam-load-cell\/\" tabindex=\"-1\"><img decoding=\"async\" src=\"https:\/\/www.anyload.com\/wp-content\/uploads\/2020\/05\/Anyload-563YH-23-load-cell-transducer.jpg\" title=\"ANYLOAD | 563YH-23 Capteur de pesage \u00e0 poutre simple extr\u00e9mit\u00e9\" alt=\"ANYLOAD | 563YH-23 Capteur de pesage \u00e0 poutre simple extr\u00e9mit\u00e9\" loading=\"lazy\" \/><\/a><\/figure><div class=\"elementor-image-box-content\"><p class=\"elementor-image-box-description\"><a href=\"https:\/\/www.anyload.com\/fr\/product\/563yh-23-single-ended-beam-load-cell\/\" style=\"font-family: PilatWide;font-size: 17px;text-decoration: none\">     <span style=\"color: #D52B15;font-weight: normal\">563YH-23<\/span> Cellule de charge<\/a><\/p><\/div><\/div>\t\t\t\t<\/div>\n\t\t\t\t<\/div>\n\t\t\t\t\t<\/div>\n\t\t\t\t<\/div>\n\t\t\t\t\t<\/div>\n\t\t\t\t<\/div>\n\t\t\t\t\t\t\t\t<\/div>\n\t\t\t\t\t\t\t\t<\/div>\n\t\t<\/div>\n\t\t\t\t\t<div class=\"elementor-swiper-button elementor-swiper-button-prev\" role=\"button\" tabindex=\"0\" aria-label=\"Pr\u00e9c\u00e9dent\" data-no-translation-aria-label=\"\">\n\t\t\t\t<svg aria-hidden=\"true\" class=\"e-font-icon-svg e-eicon-chevron-left\" viewbox=\"0 0 1000 1000\" xmlns=\"http:\/\/www.w3.org\/2000\/svg\"><path d=\"M646 125C629 125 613 133 604 142L308 442C296 454 292 471 292 487 292 504 296 521 308 533L604 854C617 867 629 875 646 875 663 875 679 871 692 858 704 846 713 829 713 812 713 796 708 779 692 767L438 487 692 225C700 217 708 204 708 187 708 171 704 154 692 142 675 129 663 125 646 125Z\"><\/path><\/svg>\t\t\t<\/div>\n\t\t\t<div class=\"elementor-swiper-button elementor-swiper-button-next\" role=\"button\" tabindex=\"0\" aria-label=\"Suivant\" data-no-translation-aria-label=\"\">\n\t\t\t\t<svg aria-hidden=\"true\" class=\"e-font-icon-svg e-eicon-chevron-right\" viewbox=\"0 0 1000 1000\" xmlns=\"http:\/\/www.w3.org\/2000\/svg\"><path d=\"M696 533C708 521 713 504 713 487 713 471 708 454 696 446L400 146C388 133 375 125 354 125 338 125 325 129 313 142 300 154 292 171 292 187 292 204 296 221 308 233L563 492 304 771C292 783 288 800 288 817 288 833 296 850 308 863 321 871 338 875 354 875 371 875 388 867 400 854L696 533Z\"><\/path><\/svg>\t\t\t<\/div>\n\t\t\t\t\t<div class=\"swiper-pagination\"><\/div>\n\t\t\t\t\t\t<\/div>\n\t\t\t\t<\/div>\n\t\t\t\t<div class=\"elementor-element elementor-element-3bdfe20 elementor-widget elementor-widget-spacer\" data-id=\"3bdfe20\" data-element_type=\"widget\" data-widget_type=\"spacer.default\">\n\t\t\t\t<div class=\"elementor-widget-container\">\n\t\t\t\t\t\t\t<div class=\"elementor-spacer\">\n\t\t\t<div class=\"elementor-spacer-inner\"><\/div>\n\t\t<\/div>\n\t\t\t\t\t\t<\/div>\n\t\t\t\t<\/div>\n\t\t\t\t\t<\/div>\n\t\t\t\t<\/div>\n\t\t\t\t<\/div>","protected":false},"excerpt":{"rendered":"<p>Packaging In the fast-paced world of packaging, efficiency, accuracy, and reliability are paramount. ANYLOAD understands the critical role that precise [&hellip;]<\/p>","protected":false},"author":4,"featured_media":0,"parent":22930,"menu_order":0,"comment_status":"closed","ping_status":"closed","template":"","meta":{"_acf_changed":false,"site-sidebar-layout":"no-sidebar","site-content-layout":"page-builder","ast-site-content-layout":"default","site-content-style":"default","site-sidebar-style":"default","ast-global-header-display":"","ast-banner-title-visibility":"","ast-main-header-display":"","ast-hfb-above-header-display":"","ast-hfb-below-header-display":"","ast-hfb-mobile-header-display":"","site-post-title":"disabled","ast-breadcrumbs-content":"","ast-featured-img":"","footer-sml-layout":"","ast-disable-related-posts":"","theme-transparent-header-meta":"","adv-header-id-meta":"","stick-header-meta":"","header-above-stick-meta":"","header-main-stick-meta":"","header-below-stick-meta":"","astra-migrate-meta-layouts":"default","ast-page-background-enabled":"default","ast-page-background-meta":{"desktop":{"background-color":"var(--ast-global-color-4)","background-image":"","background-repeat":"repeat","background-position":"center center","background-size":"auto","background-attachment":"scroll","background-type":"","background-media":"","overlay-type":"","overlay-color":"","overlay-opacity":"","overlay-gradient":""},"tablet":{"background-color":"","background-image":"","background-repeat":"repeat","background-position":"center center","background-size":"auto","background-attachment":"scroll","background-type":"","background-media":"","overlay-type":"","overlay-color":"","overlay-opacity":"","overlay-gradient":""},"mobile":{"background-color":"","background-image":"","background-repeat":"repeat","background-position":"center center","background-size":"auto","background-attachment":"scroll","background-type":"","background-media":"","overlay-type":"","overlay-color":"","overlay-opacity":"","overlay-gradient":""}},"ast-content-background-meta":{"desktop":{"background-color":"var(--ast-global-color-5)","background-image":"","background-repeat":"repeat","background-position":"center center","background-size":"auto","background-attachment":"scroll","background-type":"","background-media":"","overlay-type":"","overlay-color":"","overlay-opacity":"","overlay-gradient":""},"tablet":{"background-color":"var(--ast-global-color-5)","background-image":"","background-repeat":"repeat","background-position":"center center","background-size":"auto","background-attachment":"scroll","background-type":"","background-media":"","overlay-type":"","overlay-color":"","overlay-opacity":"","overlay-gradient":""},"mobile":{"background-color":"var(--ast-global-color-5)","background-image":"","background-repeat":"repeat","background-position":"center center","background-size":"auto","background-attachment":"scroll","background-type":"","background-media":"","overlay-type":"","overlay-color":"","overlay-opacity":"","overlay-gradient":""}},"footnotes":""},"class_list":["post-23313","page","type-page","status-publish","hentry"],"acf":[],"_links":{"self":[{"href":"https:\/\/www.anyload.com\/fr\/wp-json\/wp\/v2\/pages\/23313","targetHints":{"allow":["GET"]}}],"collection":[{"href":"https:\/\/www.anyload.com\/fr\/wp-json\/wp\/v2\/pages"}],"about":[{"href":"https:\/\/www.anyload.com\/fr\/wp-json\/wp\/v2\/types\/page"}],"author":[{"embeddable":true,"href":"https:\/\/www.anyload.com\/fr\/wp-json\/wp\/v2\/users\/4"}],"replies":[{"embeddable":true,"href":"https:\/\/www.anyload.com\/fr\/wp-json\/wp\/v2\/comments?post=23313"}],"version-history":[{"count":0,"href":"https:\/\/www.anyload.com\/fr\/wp-json\/wp\/v2\/pages\/23313\/revisions"}],"up":[{"embeddable":true,"href":"https:\/\/www.anyload.com\/fr\/wp-json\/wp\/v2\/pages\/22930"}],"wp:attachment":[{"href":"https:\/\/www.anyload.com\/fr\/wp-json\/wp\/v2\/media?parent=23313"}],"curies":[{"name":"wp","href":"https:\/\/api.w.org\/{rel}","templated":true}]}}