{"id":23311,"date":"2023-10-25T12:08:25","date_gmt":"2023-10-25T19:08:25","guid":{"rendered":"https:\/\/www.anyload.com\/?page_id=23311"},"modified":"2024-11-26T17:06:19","modified_gmt":"2024-11-27T01:06:19","slug":"medical","status":"publish","type":"page","link":"https:\/\/www.anyload.com\/fr\/secteurs-dactivite\/medical\/","title":{"rendered":"MEDICAL"},"content":{"rendered":"<div data-elementor-type=\"wp-page\" data-elementor-id=\"23311\" class=\"elementor elementor-23311\" data-elementor-post-type=\"page\">\n\t\t\t\t<div class=\"elementor-element elementor-element-2d330d6 e-flex e-con-boxed e-con e-parent\" data-id=\"2d330d6\" data-element_type=\"container\">\n\t\t\t\t\t<div class=\"e-con-inner\">\n\t\t<div class=\"elementor-element elementor-element-2a80b84 e-con-full e-flex e-con e-child\" data-id=\"2a80b84\" data-element_type=\"container\">\n\t\t\t\t<div class=\"elementor-element elementor-element-121265e elementor-widget elementor-widget-woocommerce-breadcrumb\" data-id=\"121265e\" data-element_type=\"widget\" data-widget_type=\"woocommerce-breadcrumb.default\">\n\t\t\t\t<div class=\"elementor-widget-container\">\n\t\t\t\t\t<nav class=\"woocommerce-breadcrumb\" aria-label=\"Breadcrumb\" data-no-translation=\"\" data-trp-gettext=\"\">Accueil<\/nav>\t\t\t\t<\/div>\n\t\t\t\t<\/div>\n\t\t\t\t<div class=\"elementor-element elementor-element-05f8a61 elementor-widget elementor-widget-heading\" data-id=\"05f8a61\" data-element_type=\"widget\" data-widget_type=\"heading.default\">\n\t\t\t\t<div class=\"elementor-widget-container\">\n\t\t\t\t\t<h1 class=\"elementor-heading-title elementor-size-xxl\">M\u00e9dical<\/h1>\t\t\t\t<\/div>\n\t\t\t\t<\/div>\n\t\t\t\t<\/div>\n\t\t\t\t\t<\/div>\n\t\t\t\t<\/div>\n\t\t<div class=\"elementor-element elementor-element-cb1f4b0 e-grid e-con-boxed e-con e-parent\" data-id=\"cb1f4b0\" data-element_type=\"container\">\n\t\t\t\t\t<div class=\"e-con-inner\">\n\t\t<div class=\"elementor-element elementor-element-bf98186 e-con-full e-flex e-con e-child\" data-id=\"bf98186\" data-element_type=\"container\">\n\t\t\t\t<div class=\"elementor-element elementor-element-ba54f90 elementor-widget elementor-widget-heading\" data-id=\"ba54f90\" data-element_type=\"widget\" data-widget_type=\"heading.default\">\n\t\t\t\t<div class=\"elementor-widget-container\">\n\t\t\t\t\t<h2 class=\"elementor-heading-title elementor-size-default\">Dans les secteurs m\u00e9dical et pharmaceutique, la n\u00e9cessit\u00e9 d'un pesage pr\u00e9cis et d'une mesure de la force n'est pas seulement une exigence, mais aussi une question de s\u00e9curit\u00e9 des patients et de conformit\u00e9 aux r\u00e9glementations. Voici quelques exemples d'applications :<br>\n\n<ol>\n<li><b> Formulation du m\u00e9dicament :<\/b> Nos cellules de pes\u00e9e assurent un pesage pr\u00e9cis des ingr\u00e9dients pour une formulation exacte des m\u00e9dicaments, r\u00e9pondant ainsi \u00e0 des mesures strictes de contr\u00f4le de la qualit\u00e9.<\/li>\n<li><b> \u00c9talonnage d'\u00e9quipements m\u00e9dicaux : <\/b>Les cellules de charge sont utilis\u00e9es pour l'\u00e9talonnage des dispositifs m\u00e9dicaux tels que les pompes \u00e0 perfusion et les ventilateurs, afin de garantir l'administration pr\u00e9cise des m\u00e9dicaments et des gaz n\u00e9cessaires \u00e0 la survie.<\/li>\n<li><b>Syst\u00e8mes de soins aux patients : <\/b>Les cellules de charge sont int\u00e9gr\u00e9es dans les \u00e9quipements de soins aux patients, tels que les incubateurs pour b\u00e9b\u00e9s et les lits d'h\u00f4pitaux avec des balances int\u00e9gr\u00e9es, afin de fournir des mesures pr\u00e9cises cruciales pour le suivi de la sant\u00e9 des patients, les mesures de croissance dans les soins n\u00e9onatals, et pour assurer la s\u00e9curit\u00e9 des patients. <\/li>\n<li><b>Syst\u00e8mes de mobilit\u00e9 des patients :<\/b> Ces syst\u00e8mes int\u00e8grent des cellules de charge pour garantir un levage s\u00fbr et \u00e9quilibr\u00e9, r\u00e9duisant ainsi le risque de blessures pour les patients et le personnel soignant. Ils sont con\u00e7us pour r\u00e9sister aux contraintes m\u00e9caniques li\u00e9es au levage et au d\u00e9placement des patients, et offrent des performances fiables dans les situations de soins critiques<\/li>\n<li><b>Analyse de la composition corporelle :<\/b> Nos capteurs sont int\u00e9gr\u00e9s dans des balances avanc\u00e9es qui fournissent des mesures d\u00e9taill\u00e9es telles que le pourcentage de graisse, la masse musculaire, la teneur en eau et les os, utilis\u00e9es dans le domaine de la sant\u00e9 et de la remise en forme.<\/li>\n\n\n\n<\/ol>\n\n\u00c9quipements sp\u00e9cifiques \u00e0 l'industrie m\u00e9dicale et pharmaceutique :\n<ol>\n<li><b> Cellules de charge hygi\u00e9niques : <\/b>Con\u00e7us pour les environnements n\u00e9cessitant une d\u00e9sinfection fr\u00e9quente, ces capteurs sont id\u00e9aux pour la fabrication de produits pharmaceutiques et les applications m\u00e9dicales.<\/li>\n\n<li><b> Cellules de charge miniatures : <\/b>Utilis\u00e9s dans les dispositifs m\u00e9dicaux compacts, ces capteurs offrent une grande pr\u00e9cision dans un faible encombrement. <\/li>\n\n<li><b> Cellules de charge multiaxiale : <\/b>Ils sont utilis\u00e9s dans la recherche en biom\u00e9canique et dans le d\u00e9veloppement de proth\u00e8ses, car ils permettent de comprendre les interactions complexes entre les forces.<\/li>\n\n\n<\/ol>\n\nSi vous travaillez dans l'industrie m\u00e9dicale ou pharmaceutique et que vous recherchez des solutions de pesage r\u00e9pondant aux normes les plus strictes en mati\u00e8re de pr\u00e9cision et de fiabilit\u00e9, ANYLOAD est votre partenaire de confiance. Contactez-nous pour des consultations sur des solutions de haute performance con\u00e7ues pour r\u00e9pondre aux exigences uniques de vos applications m\u00e9dicales, pharmaceutiques et de soins de sant\u00e9.<br><br>\n\nNous disposons d'une \u00e9quipe d'experts qui peut vous aider \u00e0 trouver ou \u00e0 produire les capteurs de pesage adapt\u00e9s \u00e0 vos besoins sp\u00e9cifiques, et nous sommes toujours heureux de r\u00e9pondre \u00e0 vos questions.\n\n\n\n\n\n<\/h2>\t\t\t\t<\/div>\n\t\t\t\t<\/div>\n\t\t\t\t<\/div>\n\t\t<div class=\"elementor-element elementor-element-6edbe71 e-con-full e-flex e-con e-child\" data-id=\"6edbe71\" data-element_type=\"container\">\n\t\t\t\t<div class=\"elementor-element elementor-element-c994d8e elementor-widget elementor-widget-image\" data-id=\"c994d8e\" data-element_type=\"widget\" data-widget_type=\"image.default\">\n\t\t\t\t<div class=\"elementor-widget-container\">\n\t\t\t\t\t\t\t\t\t\t\t\t\t\t\t<img fetchpriority=\"high\" decoding=\"async\" width=\"1015\" height=\"1536\" src=\"https:\/\/www.anyload.com\/wp-content\/uploads\/2023\/10\/Pharmaceutical-Vertical-1015x1536.png\" class=\"attachment-1536x1536 size-1536x1536 wp-image-23355\" alt=\"\" srcset=\"https:\/\/www.anyload.com\/wp-content\/uploads\/2023\/10\/Pharmaceutical-Vertical-1015x1536.png 1015w, https:\/\/www.anyload.com\/wp-content\/uploads\/2023\/10\/Pharmaceutical-Vertical-297x450.png 297w, https:\/\/www.anyload.com\/wp-content\/uploads\/2023\/10\/Pharmaceutical-Vertical-676x1024.png 676w, https:\/\/www.anyload.com\/wp-content\/uploads\/2023\/10\/Pharmaceutical-Vertical-768x1163.png 768w, https:\/\/www.anyload.com\/wp-content\/uploads\/2023\/10\/Pharmaceutical-Vertical-500x757.png 500w, https:\/\/www.anyload.com\/wp-content\/uploads\/2023\/10\/Pharmaceutical-Vertical.png 1316w\" sizes=\"(max-width: 1015px) 100vw, 1015px\" \/>\t\t\t\t\t\t\t\t\t\t\t\t\t\t\t<\/div>\n\t\t\t\t<\/div>\n\t\t\t\t<\/div>\n\t\t\t\t\t<\/div>\n\t\t\t\t<\/div>\n\t\t<div class=\"elementor-element elementor-element-9cb52c9 e-flex e-con-boxed e-con e-parent\" data-id=\"9cb52c9\" data-element_type=\"container\">\n\t\t\t\t\t<div class=\"e-con-inner\">\n\t\t<div class=\"elementor-element elementor-element-13e54f2 e-con-full e-flex e-con e-child\" data-id=\"13e54f2\" data-element_type=\"container\">\n\t\t<div class=\"elementor-element elementor-element-c9db8d4 e-con-full e-flex e-con e-child\" data-id=\"c9db8d4\" data-element_type=\"container\">\n\t\t\t\t<div class=\"elementor-element elementor-element-f62d705 elementor-widget elementor-widget-heading\" data-id=\"f62d705\" data-element_type=\"widget\" data-widget_type=\"heading.default\">\n\t\t\t\t<div class=\"elementor-widget-container\">\n\t\t\t\t\t<h2 class=\"elementor-heading-title elementor-size-default\">Produits industriels<\/h2>\t\t\t\t<\/div>\n\t\t\t\t<\/div>\n\t\t\t\t<\/div>\n\t\t<div class=\"elementor-element elementor-element-b91d790 e-con-full e-flex e-con e-child\" data-id=\"b91d790\" data-element_type=\"container\">\n\t\t\t\t<div class=\"elementor-element elementor-element-b8e1bde elementor-widget-divider--view-line elementor-widget elementor-widget-divider\" data-id=\"b8e1bde\" data-element_type=\"widget\" data-widget_type=\"divider.default\">\n\t\t\t\t<div class=\"elementor-widget-container\">\n\t\t\t\t\t\t\t<div class=\"elementor-divider\">\n\t\t\t<span class=\"elementor-divider-separator\">\n\t\t\t\t\t\t<\/span>\n\t\t<\/div>\n\t\t\t\t\t\t<\/div>\n\t\t\t\t<\/div>\n\t\t\t\t<\/div>\n\t\t\t\t<\/div>\n\t\t\t\t\t<\/div>\n\t\t\t\t<\/div>\n\t\t<div class=\"elementor-element elementor-element-1b527d1 e-flex e-con-boxed e-con e-parent\" data-id=\"1b527d1\" data-element_type=\"container\">\n\t\t\t\t\t<div class=\"e-con-inner\">\n\t\t\t\t<div class=\"elementor-element elementor-element-6cc768d elementor-pagination-type-bullets elementor-arrows-position-inside elementor-pagination-position-outside elementor-widget elementor-widget-n-carousel\" data-id=\"6cc768d\" data-element_type=\"widget\" data-settings=\"{&quot;carousel_items&quot;:[{&quot;slide_title&quot;:&quot;Slide 1&quot;,&quot;_id&quot;:&quot;005d05f&quot;},{&quot;slide_title&quot;:&quot;Slide #2&quot;,&quot;_id&quot;:&quot;2480561&quot;},{&quot;slide_title&quot;:&quot;Slide #3&quot;,&quot;_id&quot;:&quot;99f56d7&quot;},{&quot;_id&quot;:&quot;bbfc768&quot;,&quot;slide_title&quot;:&quot;Slide #4&quot;}],&quot;slides_to_show&quot;:&quot;4&quot;,&quot;slides_to_scroll&quot;:&quot;1&quot;,&quot;slides_to_show_tablet&quot;:&quot;2&quot;,&quot;slides_to_show_mobile&quot;:&quot;1&quot;,&quot;autoplay&quot;:&quot;yes&quot;,&quot;autoplay_speed&quot;:5000,&quot;pause_on_hover&quot;:&quot;yes&quot;,&quot;pause_on_interaction&quot;:&quot;yes&quot;,&quot;infinite&quot;:&quot;yes&quot;,&quot;speed&quot;:500,&quot;offset_sides&quot;:&quot;none&quot;,&quot;arrows&quot;:&quot;yes&quot;,&quot;pagination&quot;:&quot;bullets&quot;,&quot;image_spacing_custom&quot;:{&quot;unit&quot;:&quot;px&quot;,&quot;size&quot;:10,&quot;sizes&quot;:[]},&quot;image_spacing_custom_tablet&quot;:{&quot;unit&quot;:&quot;px&quot;,&quot;size&quot;:&quot;&quot;,&quot;sizes&quot;:[]},&quot;image_spacing_custom_mobile&quot;:{&quot;unit&quot;:&quot;px&quot;,&quot;size&quot;:&quot;&quot;,&quot;sizes&quot;:[]}}\" data-widget_type=\"nested-carousel.default\">\n\t\t\t\t<div class=\"elementor-widget-container\">\n\t\t\t\t\t\t\t<div class=\"e-n-carousel swiper\" role=\"region\" aria-roledescription=\"carousel\" aria-label=\"Carrousel\" dir=\"ltr\">\n\t\t\t<div class=\"swiper-wrapper\" aria-live=\"off\">\n\t\t\t\t\t\t\t\t\t\t<div class=\"swiper-slide\" data-slide=\"1\" role=\"group\" aria-roledescription=\"slide\" aria-label=\"1 of 4\">\n\t\t\t\t\t\t\t<div class=\"elementor-element elementor-element-5a5e338 e-flex e-con-boxed e-con e-child\" data-id=\"5a5e338\" data-element_type=\"container\">\n\t\t\t\t\t<div class=\"e-con-inner\">\n\t\t<div class=\"elementor-element elementor-element-7017e68 e-flex e-con-boxed e-con e-child\" data-id=\"7017e68\" data-element_type=\"container\" data-settings=\"{&quot;background_background&quot;:&quot;slideshow&quot;,&quot;background_slideshow_gallery&quot;:[],&quot;background_slideshow_loop&quot;:&quot;yes&quot;,&quot;background_slideshow_slide_duration&quot;:5000,&quot;background_slideshow_slide_transition&quot;:&quot;fade&quot;,&quot;background_slideshow_transition_duration&quot;:500}\">\n\t\t\t\t\t<div class=\"e-con-inner\">\n\t\t\t\t<div class=\"elementor-element elementor-element-264a1c1 elementor-position-top elementor-widget elementor-widget-image-box\" data-id=\"264a1c1\" data-element_type=\"widget\" data-widget_type=\"image-box.default\">\n\t\t\t\t<div class=\"elementor-widget-container\">\n\t\t\t\t\t<div class=\"elementor-image-box-wrapper\"><figure class=\"elementor-image-box-img\"><a href=\"https:\/\/www.anyload.com\/fr\/product\/563rs-single-ended-beam-load-cell\/\" tabindex=\"-1\"><img decoding=\"async\" src=\"https:\/\/www.anyload.com\/wp-content\/uploads\/2017\/02\/563RS-30kg-Side.webp\" title=\"563RS-30kg-C\u00f4t\u00e9\" alt=\"563RS-30kg-C\u00f4t\u00e9\" loading=\"lazy\" \/><\/a><\/figure><div class=\"elementor-image-box-content\"><p class=\"elementor-image-box-description\"><a href=\"https:\/\/www.anyload.com\/fr\/product\/563rs-single-ended-beam-load-cell\/\" style=\"font-family: PilatWide;font-size: 17px;text-decoration: none\">     <span style=\"color: #D52B15;font-weight: normal\">563RS<\/span> Cellule de charge<\/a><\/p><\/div><\/div>\t\t\t\t<\/div>\n\t\t\t\t<\/div>\n\t\t\t\t\t<\/div>\n\t\t\t\t<\/div>\n\t\t\t\t\t<\/div>\n\t\t\t\t<\/div>\n\t\t\t\t\t\t\t\t<\/div>\n\t\t\t\t\t\t\t\t\t\t\t<div class=\"swiper-slide\" data-slide=\"2\" role=\"group\" aria-roledescription=\"slide\" aria-label=\"2 of 4\">\n\t\t\t\t\t\t\t<div class=\"elementor-element elementor-element-5130440 e-flex e-con-boxed e-con e-child\" data-id=\"5130440\" data-element_type=\"container\" data-settings=\"{&quot;background_background&quot;:&quot;classic&quot;}\">\n\t\t\t\t\t<div class=\"e-con-inner\">\n\t\t<div class=\"elementor-element elementor-element-d28d0d4 e-flex e-con-boxed e-con e-child\" data-id=\"d28d0d4\" data-element_type=\"container\" data-settings=\"{&quot;background_background&quot;:&quot;slideshow&quot;,&quot;background_slideshow_gallery&quot;:[],&quot;background_slideshow_loop&quot;:&quot;yes&quot;,&quot;background_slideshow_slide_duration&quot;:5000,&quot;background_slideshow_slide_transition&quot;:&quot;fade&quot;,&quot;background_slideshow_transition_duration&quot;:500}\">\n\t\t\t\t\t<div class=\"e-con-inner\">\n\t\t\t\t<div class=\"elementor-element elementor-element-46acf98 elementor-position-top elementor-widget elementor-widget-image-box\" data-id=\"46acf98\" data-element_type=\"widget\" data-widget_type=\"image-box.default\">\n\t\t\t\t<div class=\"elementor-widget-container\">\n\t\t\t\t\t<div class=\"elementor-image-box-wrapper\"><figure class=\"elementor-image-box-img\"><a href=\"https:\/\/www.anyload.com\/fr\/product\/108qsfl-single-point-load-cell\/\" tabindex=\"-1\"><img decoding=\"async\" src=\"https:\/\/www.anyload.com\/wp-content\/uploads\/2023\/08\/108QSFL.jpg\" title=\"108QSFL.jpg\" alt=\"108QSFL.jpg\" loading=\"lazy\" \/><\/a><\/figure><div class=\"elementor-image-box-content\"><p class=\"elementor-image-box-description\"><a href=\"https:\/\/www.anyload.com\/fr\/product\/108qsfl-single-point-load-cell\/\" style=\"font-family: PilatWide;font-size: 17px;text-decoration: none\">     <span style=\"color: #D52B15;font-weight: normal\">108QSFL<\/span> Cellule de charge<\/a><\/p><\/div><\/div>\t\t\t\t<\/div>\n\t\t\t\t<\/div>\n\t\t\t\t\t<\/div>\n\t\t\t\t<\/div>\n\t\t\t\t\t<\/div>\n\t\t\t\t<\/div>\n\t\t\t\t\t\t\t\t<\/div>\n\t\t\t\t\t\t\t\t\t\t\t<div class=\"swiper-slide\" data-slide=\"3\" role=\"group\" aria-roledescription=\"slide\" aria-label=\"3 of 4\">\n\t\t\t\t\t\t\t<div class=\"elementor-element elementor-element-934c4e0 e-flex e-con-boxed e-con e-child\" data-id=\"934c4e0\" data-element_type=\"container\">\n\t\t\t\t\t<div class=\"e-con-inner\">\n\t\t<div class=\"elementor-element elementor-element-6031416 e-flex e-con-boxed e-con e-child\" data-id=\"6031416\" data-element_type=\"container\" data-settings=\"{&quot;background_background&quot;:&quot;slideshow&quot;,&quot;background_slideshow_gallery&quot;:[],&quot;background_slideshow_loop&quot;:&quot;yes&quot;,&quot;background_slideshow_slide_duration&quot;:5000,&quot;background_slideshow_slide_transition&quot;:&quot;fade&quot;,&quot;background_slideshow_transition_duration&quot;:500}\">\n\t\t\t\t\t<div class=\"e-con-inner\">\n\t\t\t\t<div class=\"elementor-element elementor-element-871f82e elementor-position-top elementor-widget elementor-widget-image-box\" data-id=\"871f82e\" data-element_type=\"widget\" data-widget_type=\"image-box.default\">\n\t\t\t\t<div class=\"elementor-widget-container\">\n\t\t\t\t\t<div class=\"elementor-image-box-wrapper\"><figure class=\"elementor-image-box-img\"><a href=\"https:\/\/www.anyload.com\/fr\/product\/651ks66-single-point-load-cell\/\" tabindex=\"-1\"><img decoding=\"async\" src=\"https:\/\/www.anyload.com\/wp-content\/uploads\/2023\/08\/Anyload-651KS66-load-cell-transducer-1.jpg\" title=\"Anyload-651KS66-cellule-de-charge-transducteur.jpg\" alt=\"Anyload-651KS66-cellule-de-charge-transducteur.jpg\" loading=\"lazy\" \/><\/a><\/figure><div class=\"elementor-image-box-content\"><p class=\"elementor-image-box-description\"><a href=\"https:\/\/www.anyload.com\/fr\/product\/651ks66-single-point-load-cell\/\" style=\"font-family: PilatWide;font-size: 17px;text-decoration: none\">     <span style=\"color: #D52B15;font-weight: normal\">651KS66<\/span> Cellule de charge<\/a><\/p><\/div><\/div>\t\t\t\t<\/div>\n\t\t\t\t<\/div>\n\t\t\t\t\t<\/div>\n\t\t\t\t<\/div>\n\t\t\t\t\t<\/div>\n\t\t\t\t<\/div>\n\t\t\t\t\t\t\t\t<\/div>\n\t\t\t\t\t\t\t\t\t\t\t<div class=\"swiper-slide\" data-slide=\"4\" role=\"group\" aria-roledescription=\"slide\" aria-label=\"4 of 4\">\n\t\t\t\t\t\t\t<div class=\"elementor-element elementor-element-640d650 e-flex e-con-boxed e-con e-child\" data-id=\"640d650\" data-element_type=\"container\">\n\t\t\t\t\t<div class=\"e-con-inner\">\n\t\t<div class=\"elementor-element elementor-element-d90d047 e-flex e-con-boxed e-con e-child\" data-id=\"d90d047\" data-element_type=\"container\" data-settings=\"{&quot;background_background&quot;:&quot;slideshow&quot;,&quot;background_slideshow_gallery&quot;:[],&quot;background_slideshow_loop&quot;:&quot;yes&quot;,&quot;background_slideshow_slide_duration&quot;:5000,&quot;background_slideshow_slide_transition&quot;:&quot;fade&quot;,&quot;background_slideshow_transition_duration&quot;:500}\">\n\t\t\t\t\t<div class=\"e-con-inner\">\n\t\t\t\t<div class=\"elementor-element elementor-element-0071a97 elementor-position-top elementor-widget elementor-widget-image-box\" data-id=\"0071a97\" data-element_type=\"widget\" data-widget_type=\"image-box.default\">\n\t\t\t\t<div class=\"elementor-widget-container\">\n\t\t\t\t\t<div class=\"elementor-image-box-wrapper\"><figure class=\"elementor-image-box-img\"><a href=\"https:\/\/www.anyload.com\/fr\/product\/108aa-single-point-load-cell\/\" tabindex=\"-1\"><img decoding=\"async\" src=\"https:\/\/www.anyload.com\/wp-content\/uploads\/2023\/08\/108AA-load-cell-transducer.jpg\" title=\"108AA-cellule-de-charge-transducteur.jpg\" alt=\"108AA-cellule-de-charge-transducteur.jpg\" loading=\"lazy\" \/><\/a><\/figure><div class=\"elementor-image-box-content\"><p class=\"elementor-image-box-description\"><a href=\"https:\/\/www.anyload.com\/fr\/product\/108aa-single-point-load-cell\/\" style=\"font-family: PilatWide;font-size: 17px;text-decoration: none\">     <span style=\"color: #D52B15;font-weight: normal\">108AA<\/span> Cellule de charge<\/a><\/p><\/div><\/div>\t\t\t\t<\/div>\n\t\t\t\t<\/div>\n\t\t\t\t\t<\/div>\n\t\t\t\t<\/div>\n\t\t\t\t\t<\/div>\n\t\t\t\t<\/div>\n\t\t\t\t\t\t\t\t<\/div>\n\t\t\t\t\t\t\t\t<\/div>\n\t\t<\/div>\n\t\t\t\t\t<div class=\"elementor-swiper-button elementor-swiper-button-prev\" role=\"button\" tabindex=\"0\" aria-label=\"Pr\u00e9c\u00e9dent\">\n\t\t\t\t<svg aria-hidden=\"true\" class=\"e-font-icon-svg e-eicon-chevron-left\" viewbox=\"0 0 1000 1000\" xmlns=\"http:\/\/www.w3.org\/2000\/svg\"><path d=\"M646 125C629 125 613 133 604 142L308 442C296 454 292 471 292 487 292 504 296 521 308 533L604 854C617 867 629 875 646 875 663 875 679 871 692 858 704 846 713 829 713 812 713 796 708 779 692 767L438 487 692 225C700 217 708 204 708 187 708 171 704 154 692 142 675 129 663 125 646 125Z\"><\/path><\/svg>\t\t\t<\/div>\n\t\t\t<div class=\"elementor-swiper-button elementor-swiper-button-next\" role=\"button\" tabindex=\"0\" aria-label=\"Suivant\">\n\t\t\t\t<svg aria-hidden=\"true\" class=\"e-font-icon-svg e-eicon-chevron-right\" viewbox=\"0 0 1000 1000\" xmlns=\"http:\/\/www.w3.org\/2000\/svg\"><path d=\"M696 533C708 521 713 504 713 487 713 471 708 454 696 446L400 146C388 133 375 125 354 125 338 125 325 129 313 142 300 154 292 171 292 187 292 204 296 221 308 233L563 492 304 771C292 783 288 800 288 817 288 833 296 850 308 863 321 871 338 875 354 875 371 875 388 867 400 854L696 533Z\"><\/path><\/svg>\t\t\t<\/div>\n\t\t\t\t\t<div class=\"swiper-pagination\"><\/div>\n\t\t\t\t\t\t<\/div>\n\t\t\t\t<\/div>\n\t\t\t\t<div class=\"elementor-element elementor-element-daa7bfc elementor-widget elementor-widget-spacer\" data-id=\"daa7bfc\" data-element_type=\"widget\" data-widget_type=\"spacer.default\">\n\t\t\t\t<div class=\"elementor-widget-container\">\n\t\t\t\t\t\t\t<div class=\"elementor-spacer\">\n\t\t\t<div class=\"elementor-spacer-inner\"><\/div>\n\t\t<\/div>\n\t\t\t\t\t\t<\/div>\n\t\t\t\t<\/div>\n\t\t\t\t\t<\/div>\n\t\t\t\t<\/div>\n\t\t\t\t<\/div>","protected":false},"excerpt":{"rendered":"<p>Medical In the medical and pharmaceutical sectors, the need for precise weighing and force measurement is not just a requrement [&hellip;]<\/p>","protected":false},"author":4,"featured_media":0,"parent":22930,"menu_order":0,"comment_status":"closed","ping_status":"closed","template":"","meta":{"_acf_changed":false,"site-sidebar-layout":"no-sidebar","site-content-layout":"page-builder","ast-site-content-layout":"default","site-content-style":"default","site-sidebar-style":"default","ast-global-header-display":"","ast-banner-title-visibility":"","ast-main-header-display":"","ast-hfb-above-header-display":"","ast-hfb-below-header-display":"","ast-hfb-mobile-header-display":"","site-post-title":"disabled","ast-breadcrumbs-content":"","ast-featured-img":"","footer-sml-layout":"","ast-disable-related-posts":"","theme-transparent-header-meta":"","adv-header-id-meta":"","stick-header-meta":"","header-above-stick-meta":"","header-main-stick-meta":"","header-below-stick-meta":"","astra-migrate-meta-layouts":"default","ast-page-background-enabled":"default","ast-page-background-meta":{"desktop":{"background-color":"var(--ast-global-color-4)","background-image":"","background-repeat":"repeat","background-position":"center center","background-size":"auto","background-attachment":"scroll","background-type":"","background-media":"","overlay-type":"","overlay-color":"","overlay-opacity":"","overlay-gradient":""},"tablet":{"background-color":"","background-image":"","background-repeat":"repeat","background-position":"center center","background-size":"auto","background-attachment":"scroll","background-type":"","background-media":"","overlay-type":"","overlay-color":"","overlay-opacity":"","overlay-gradient":""},"mobile":{"background-color":"","background-image":"","background-repeat":"repeat","background-position":"center center","background-size":"auto","background-attachment":"scroll","background-type":"","background-media":"","overlay-type":"","overlay-color":"","overlay-opacity":"","overlay-gradient":""}},"ast-content-background-meta":{"desktop":{"background-color":"var(--ast-global-color-5)","background-image":"","background-repeat":"repeat","background-position":"center center","background-size":"auto","background-attachment":"scroll","background-type":"","background-media":"","overlay-type":"","overlay-color":"","overlay-opacity":"","overlay-gradient":""},"tablet":{"background-color":"var(--ast-global-color-5)","background-image":"","background-repeat":"repeat","background-position":"center center","background-size":"auto","background-attachment":"scroll","background-type":"","background-media":"","overlay-type":"","overlay-color":"","overlay-opacity":"","overlay-gradient":""},"mobile":{"background-color":"var(--ast-global-color-5)","background-image":"","background-repeat":"repeat","background-position":"center center","background-size":"auto","background-attachment":"scroll","background-type":"","background-media":"","overlay-type":"","overlay-color":"","overlay-opacity":"","overlay-gradient":""}},"footnotes":""},"class_list":["post-23311","page","type-page","status-publish","hentry"],"acf":[],"_links":{"self":[{"href":"https:\/\/www.anyload.com\/fr\/wp-json\/wp\/v2\/pages\/23311","targetHints":{"allow":["GET"]}}],"collection":[{"href":"https:\/\/www.anyload.com\/fr\/wp-json\/wp\/v2\/pages"}],"about":[{"href":"https:\/\/www.anyload.com\/fr\/wp-json\/wp\/v2\/types\/page"}],"author":[{"embeddable":true,"href":"https:\/\/www.anyload.com\/fr\/wp-json\/wp\/v2\/users\/4"}],"replies":[{"embeddable":true,"href":"https:\/\/www.anyload.com\/fr\/wp-json\/wp\/v2\/comments?post=23311"}],"version-history":[{"count":0,"href":"https:\/\/www.anyload.com\/fr\/wp-json\/wp\/v2\/pages\/23311\/revisions"}],"up":[{"embeddable":true,"href":"https:\/\/www.anyload.com\/fr\/wp-json\/wp\/v2\/pages\/22930"}],"wp:attachment":[{"href":"https:\/\/www.anyload.com\/fr\/wp-json\/wp\/v2\/media?parent=23311"}],"curies":[{"name":"wp","href":"https:\/\/api.w.org\/{rel}","templated":true}]}}