{"id":23165,"date":"2023-10-23T14:33:14","date_gmt":"2023-10-23T21:33:14","guid":{"rendered":"https:\/\/www.anyload.com\/?page_id=23165"},"modified":"2026-03-26T14:25:37","modified_gmt":"2026-03-26T21:25:37","slug":"fabrication","status":"publish","type":"page","link":"https:\/\/www.anyload.com\/fr\/secteurs-dactivite\/fabrication\/","title":{"rendered":"FABRICATION"},"content":{"rendered":"<div data-elementor-type=\"wp-page\" data-elementor-id=\"23165\" class=\"elementor elementor-23165\" data-elementor-post-type=\"page\">\n\t\t\t\t<div class=\"elementor-element elementor-element-2d330d6 e-flex e-con-boxed e-con e-parent\" data-id=\"2d330d6\" data-element_type=\"container\">\n\t\t\t\t\t<div class=\"e-con-inner\">\n\t\t<div class=\"elementor-element elementor-element-2a80b84 e-con-full e-flex e-con e-child\" data-id=\"2a80b84\" data-element_type=\"container\">\n\t\t\t\t<div class=\"elementor-element elementor-element-0f35238 elementor-widget elementor-widget-woocommerce-breadcrumb\" data-id=\"0f35238\" data-element_type=\"widget\" data-widget_type=\"woocommerce-breadcrumb.default\">\n\t\t\t\t<div class=\"elementor-widget-container\">\n\t\t\t\t\t<nav class=\"woocommerce-breadcrumb\" aria-label=\"Breadcrumb\" data-no-translation=\"\" data-trp-gettext=\"\">Accueil<\/nav>\t\t\t\t<\/div>\n\t\t\t\t<\/div>\n\t\t\t\t<\/div>\n\t\t\t\t\t<\/div>\n\t\t\t\t<\/div>\n\t\t<div class=\"elementor-element elementor-element-cb1f4b0 e-grid e-con-boxed e-con e-parent\" data-id=\"cb1f4b0\" data-element_type=\"container\">\n\t\t\t\t\t<div class=\"e-con-inner\">\n\t\t<div class=\"elementor-element elementor-element-bf98186 e-con-full e-flex e-con e-child\" data-id=\"bf98186\" data-element_type=\"container\">\n\t\t\t\t<div class=\"elementor-element elementor-element-05f8a61 elementor-widget elementor-widget-heading\" data-id=\"05f8a61\" data-element_type=\"widget\" data-widget_type=\"heading.default\">\n\t\t\t\t<div class=\"elementor-widget-container\">\n\t\t\t\t\t<h1 class=\"elementor-heading-title elementor-size-xxl\">Fabrication<\/h1>\t\t\t\t<\/div>\n\t\t\t\t<\/div>\n\t\t\t\t<div class=\"elementor-element elementor-element-ef75af5 elementor-widget elementor-widget-text-editor\" data-id=\"ef75af5\" data-element_type=\"widget\" data-widget_type=\"text-editor.default\">\n\t\t\t\t<div class=\"elementor-widget-container\">\n\t\t\t\t\t\t\t\t\t<p><span style=\"color: #000000; white-space-collapse: preserve;\">Dans l'industrie manufacturi\u00e8re, l'efficacit\u00e9, la pr\u00e9cision et la fiabilit\u00e9 sont les pierres angulaires d'une op\u00e9ration r\u00e9ussie. ANYLOAD comprend les d\u00e9fis \u00e0 multiples facettes de ce secteur, depuis la n\u00e9cessit\u00e9 de taux de production rapides jusqu'aux mesures strictes de contr\u00f4le de la qualit\u00e9. Nos solutions de pesage sont con\u00e7ues pour r\u00e9pondre \u00e0 ces divers besoins, garantissant que vos processus de fabrication sont \u00e0 la fois efficaces et conformes. <\/span><\/p><p><span style=\"color: #000000; white-space-collapse: preserve;\"> Applications de pesage dans le secteur manufacturier : <\/span><\/p><ol style=\"font-size: 17px; font-style: normal; font-weight: 400; color: #000000; white-space-collapse: preserve;\"><li style=\"font-size: 17px;\"><span style=\"font-weight: bold;\">Mise en lots et assemblage :<\/span> Nos cellules de charge fournissent des donn\u00e9es de poids pr\u00e9cises pour l'assemblage de composants et la mise en lots de mat\u00e9riaux.<\/li><li style=\"font-size: 17px;\"><span style=\"font-weight: bold;\">Gestion des stocks et des entrep\u00f4ts :<\/span> Gardez la trace des mati\u00e8res premi\u00e8res, des produits semi-finis et des produits finis gr\u00e2ce \u00e0 nos syst\u00e8mes de pesage fiables, optimis\u00e9s pour les conditions dynamiques des environnements de fabrication.<\/li><li style=\"font-size: 17px;\"><span style=\"font-weight: bold;\">Contr\u00f4le de la qualit\u00e9 :<\/span> Des mati\u00e8res premi\u00e8res aux produits finis, nos solutions de pesage offrent la pr\u00e9cision n\u00e9cessaire pour des contr\u00f4les de qualit\u00e9 rigoureux, vous aidant ainsi \u00e0 respecter les normes de conformit\u00e9.<\/li><li style=\"font-size: 17px;\"><span style=\"font-weight: bold;\">Emballage et exp\u00e9dition :<\/span> Nos cellules de pesage durables et fiables permettent de peser avec pr\u00e9cision les paquets afin de r\u00e9duire les co\u00fbts d'exp\u00e9dition et de respecter les restrictions de poids.<\/li><li style=\"font-size: 17px;\"><span style=\"font-weight: bold;\">Lignes de production automatis\u00e9es :<\/span> Nos capteurs s'int\u00e8grent parfaitement dans les syst\u00e8mes automatis\u00e9s, fournissant des donn\u00e9es de mesure de poids et de force en temps r\u00e9el qui peuvent d\u00e9clencher d'autres processus, am\u00e9liorant ainsi l'efficacit\u00e9 et la productivit\u00e9, et garantissant la qualit\u00e9 et la s\u00e9curit\u00e9.<\/li><\/ol><p><span style=\"color: #000000; white-space-collapse: preserve;\">\u00c9quipements sp\u00e9cifiques au secteur manufacturier : <\/span><br><\/p><ol style=\"font-size: 17px; font-style: normal; font-weight: 400; color: #000000; white-space-collapse: preserve;\"><li style=\"font-size: 17px;\"><span style=\"font-weight: bold;\">P\u00e8se-personnes : <\/span>Couramment utilis\u00e9es pour le pesage de produits en vrac et de produits finis, ces balances sont con\u00e7ues pour durer et \u00eatre pr\u00e9cises.<\/li><li style=\"font-size: 17px;\"><span style=\"font-weight: bold;\">Balances pour ponts roulants : <\/span>Notre gamme de bascules pour grues et de liens de tension de pr\u00e9cision garantit la s\u00e9curit\u00e9 et la pr\u00e9cision du levage et de la manutention de mat\u00e9riaux lourds.<\/li><li style=\"font-size: 17px;\"><span style=\"font-weight: bold;\">Cellules de charge pour chariots \u00e9l\u00e9vateurs :<\/span> Int\u00e9gr\u00e9es aux chariots \u00e9l\u00e9vateurs, ces balances permettent un pesage rapide et pr\u00e9cis lors de la manutention des mat\u00e9riaux.<\/li><li style=\"font-size: 17px;\"><span style=\"font-weight: bold;\">Cellules de charge multiaxiale :<\/span> Int\u00e9gr\u00e9 dans des syst\u00e8mes automatis\u00e9s pour mesurer les forces le long de plusieurs axes, ce qui am\u00e9liore le contr\u00f4le et la pr\u00e9cision.<\/li><li style=\"font-size: 17px;\"><span style=\"font-weight: bold;\">Capteurs de couple : <\/span>Utilis\u00e9es dans les testeurs de couple et les applications robotiques, ces cellules de charge fournissent une mesure pr\u00e9cise du couple.<\/li><\/ol><p><span style=\"color: #000000; white-space-collapse: preserve;\">If you&#8217;re in the manufacturing sector and are looking for robust, reliable, and efficient weighing solutions, ANYLOAD is your go-to source. Contact us for custom solutions tailored to meet the specific demands of your manufacturing applications. <\/span><\/p>\t\t\t\t\t\t\t\t<\/div>\n\t\t\t\t<\/div>\n\t\t\t\t<div class=\"elementor-element elementor-element-01f35d3 elementor-mobile-align-justify elementor-tablet-align-justify elementor-widget elementor-widget-button\" data-id=\"01f35d3\" data-element_type=\"widget\" data-widget_type=\"button.default\">\n\t\t\t\t<div class=\"elementor-widget-container\">\n\t\t\t\t\t\t\t\t\t<div class=\"elementor-button-wrapper\">\n\t\t\t\t\t<a class=\"elementor-button elementor-button-link elementor-size-sm\" href=\"https:\/\/www.anyload.com\/fr\/contact\/\">\n\t\t\t\t\t\t<span class=\"elementor-button-content-wrapper\">\n\t\t\t\t\t\t\t\t\t<span class=\"elementor-button-text\">Nous contacter<\/span>\n\t\t\t\t\t<\/span>\n\t\t\t\t\t<\/a>\n\t\t\t\t<\/div>\n\t\t\t\t\t\t\t\t<\/div>\n\t\t\t\t<\/div>\n\t\t\t\t<\/div>\n\t\t<div class=\"elementor-element elementor-element-6edbe71 e-con-full e-flex e-con e-child\" data-id=\"6edbe71\" data-element_type=\"container\">\n\t\t\t\t<div class=\"elementor-element elementor-element-c994d8e elementor-widget elementor-widget-image\" data-id=\"c994d8e\" data-element_type=\"widget\" data-widget_type=\"image.default\">\n\t\t\t\t<div class=\"elementor-widget-container\">\n\t\t\t\t\t\t\t\t\t\t\t\t\t\t\t<img fetchpriority=\"high\" decoding=\"async\" width=\"1015\" height=\"1536\" src=\"https:\/\/www.anyload.com\/wp-content\/uploads\/2023\/10\/Logitstic-1015x1536.png\" class=\"attachment-1536x1536 size-1536x1536 wp-image-23166\" alt=\"Usine logistique\" srcset=\"https:\/\/www.anyload.com\/wp-content\/uploads\/2023\/10\/Logitstic-1015x1536.png 1015w, https:\/\/www.anyload.com\/wp-content\/uploads\/2023\/10\/Logitstic-297x450.png 297w, https:\/\/www.anyload.com\/wp-content\/uploads\/2023\/10\/Logitstic-676x1024.png 676w, https:\/\/www.anyload.com\/wp-content\/uploads\/2023\/10\/Logitstic-768x1163.png 768w, https:\/\/www.anyload.com\/wp-content\/uploads\/2023\/10\/Logitstic-500x757.png 500w, https:\/\/www.anyload.com\/wp-content\/uploads\/2023\/10\/Logitstic.png 1316w\" sizes=\"(max-width: 1015px) 100vw, 1015px\" \/>\t\t\t\t\t\t\t\t\t\t\t\t\t\t\t<\/div>\n\t\t\t\t<\/div>\n\t\t\t\t<\/div>\n\t\t\t\t\t<\/div>\n\t\t\t\t<\/div>\n\t\t<div class=\"elementor-element elementor-element-9cb52c9 e-flex e-con-boxed e-con e-parent\" data-id=\"9cb52c9\" data-element_type=\"container\">\n\t\t\t\t\t<div class=\"e-con-inner\">\n\t\t<div class=\"elementor-element elementor-element-6461bca e-con-full e-flex e-con e-child\" data-id=\"6461bca\" data-element_type=\"container\">\n\t\t<div class=\"elementor-element elementor-element-656dd8c e-con-full e-flex e-con e-child\" data-id=\"656dd8c\" data-element_type=\"container\">\n\t\t\t\t<div class=\"elementor-element elementor-element-c90a899 elementor-widget elementor-widget-heading\" data-id=\"c90a899\" data-element_type=\"widget\" data-widget_type=\"heading.default\">\n\t\t\t\t<div class=\"elementor-widget-container\">\n\t\t\t\t\t<h2 class=\"elementor-heading-title elementor-size-default\">Produits industriels<\/h2>\t\t\t\t<\/div>\n\t\t\t\t<\/div>\n\t\t\t\t<\/div>\n\t\t<div class=\"elementor-element elementor-element-ef52c68 e-con-full e-flex e-con e-child\" data-id=\"ef52c68\" data-element_type=\"container\">\n\t\t\t\t<div class=\"elementor-element elementor-element-218d280 elementor-widget-divider--view-line elementor-widget elementor-widget-divider\" data-id=\"218d280\" data-element_type=\"widget\" data-widget_type=\"divider.default\">\n\t\t\t\t<div class=\"elementor-widget-container\">\n\t\t\t\t\t\t\t<div class=\"elementor-divider\">\n\t\t\t<span class=\"elementor-divider-separator\">\n\t\t\t\t\t\t<\/span>\n\t\t<\/div>\n\t\t\t\t\t\t<\/div>\n\t\t\t\t<\/div>\n\t\t\t\t<\/div>\n\t\t\t\t<\/div>\n\t\t\t\t\t<\/div>\n\t\t\t\t<\/div>\n\t\t<div class=\"elementor-element elementor-element-22bf649 e-flex e-con-boxed e-con e-parent\" data-id=\"22bf649\" data-element_type=\"container\">\n\t\t\t\t\t<div class=\"e-con-inner\">\n\t\t\t\t<div class=\"elementor-element elementor-element-d774221 elementor-pagination-type-bullets elementor-arrows-position-inside elementor-pagination-position-outside elementor-widget elementor-widget-n-carousel\" data-id=\"d774221\" data-element_type=\"widget\" data-settings=\"{&quot;carousel_items&quot;:[{&quot;slide_title&quot;:&quot;Slide 1&quot;,&quot;_id&quot;:&quot;005d05f&quot;},{&quot;slide_title&quot;:&quot;Slide #2&quot;,&quot;_id&quot;:&quot;2480561&quot;},{&quot;slide_title&quot;:&quot;Slide #3&quot;,&quot;_id&quot;:&quot;99f56d7&quot;},{&quot;_id&quot;:&quot;bbfc768&quot;,&quot;slide_title&quot;:&quot;Slide #4&quot;}],&quot;slides_to_show&quot;:&quot;4&quot;,&quot;slides_to_scroll&quot;:&quot;1&quot;,&quot;slides_to_show_tablet&quot;:&quot;2&quot;,&quot;slides_to_show_mobile&quot;:&quot;1&quot;,&quot;autoplay&quot;:&quot;yes&quot;,&quot;autoplay_speed&quot;:5000,&quot;pause_on_hover&quot;:&quot;yes&quot;,&quot;pause_on_interaction&quot;:&quot;yes&quot;,&quot;infinite&quot;:&quot;yes&quot;,&quot;speed&quot;:500,&quot;offset_sides&quot;:&quot;none&quot;,&quot;arrows&quot;:&quot;yes&quot;,&quot;pagination&quot;:&quot;bullets&quot;,&quot;image_spacing_custom&quot;:{&quot;unit&quot;:&quot;px&quot;,&quot;size&quot;:10,&quot;sizes&quot;:[]},&quot;image_spacing_custom_tablet&quot;:{&quot;unit&quot;:&quot;px&quot;,&quot;size&quot;:&quot;&quot;,&quot;sizes&quot;:[]},&quot;image_spacing_custom_mobile&quot;:{&quot;unit&quot;:&quot;px&quot;,&quot;size&quot;:&quot;&quot;,&quot;sizes&quot;:[]}}\" data-widget_type=\"nested-carousel.default\">\n\t\t\t\t<div class=\"elementor-widget-container\">\n\t\t\t\t\t\t\t<div class=\"e-n-carousel swiper\" role=\"region\" aria-roledescription=\"carousel\" aria-label=\"Carrousel\" dir=\"ltr\">\n\t\t\t<div class=\"swiper-wrapper\" aria-live=\"off\">\n\t\t\t\t\t\t\t\t\t\t<div class=\"swiper-slide\" data-slide=\"1\" role=\"group\" aria-roledescription=\"slide\" aria-label=\"1 of 4\">\n\t\t\t\t\t\t\t<div class=\"elementor-element elementor-element-ee2f8bc e-flex e-con-boxed e-con e-child\" data-id=\"ee2f8bc\" data-element_type=\"container\">\n\t\t\t\t\t<div class=\"e-con-inner\">\n\t\t<div class=\"elementor-element elementor-element-0065c47 e-flex e-con-boxed e-con e-child\" data-id=\"0065c47\" data-element_type=\"container\" data-settings=\"{&quot;background_background&quot;:&quot;slideshow&quot;,&quot;background_slideshow_gallery&quot;:[],&quot;background_slideshow_loop&quot;:&quot;yes&quot;,&quot;background_slideshow_slide_duration&quot;:5000,&quot;background_slideshow_slide_transition&quot;:&quot;fade&quot;,&quot;background_slideshow_transition_duration&quot;:500}\">\n\t\t\t\t\t<div class=\"e-con-inner\">\n\t\t\t\t<div class=\"elementor-element elementor-element-8c80bac elementor-position-top elementor-widget elementor-widget-image-box\" data-id=\"8c80bac\" data-element_type=\"widget\" data-widget_type=\"image-box.default\">\n\t\t\t\t<div class=\"elementor-widget-container\">\n\t\t\t\t\t<div class=\"elementor-image-box-wrapper\"><figure class=\"elementor-image-box-img\"><a href=\"https:\/\/www.anyload.com\/fr\/product\/363tsm1-compression-weigh-module\/\" tabindex=\"-1\"><img decoding=\"async\" src=\"https:\/\/www.anyload.com\/wp-content\/uploads\/2018\/01\/363TSM1.png\" title=\"363TSM1\" alt=\"363TSM1\" loading=\"lazy\" \/><\/a><\/figure><div class=\"elementor-image-box-content\"><p class=\"elementor-image-box-description\"><a href=\"https:\/\/www.anyload.com\/fr\/product\/363tsm1-compression-weigh-module\/\" style=\"font-family: PilatWide;font-size: 17px;text-decoration: none\">     <span style=\"color: #D52B15;font-weight: normal\">363TSM1<\/span> Module de pesage<\/a><\/p><\/div><\/div>\t\t\t\t<\/div>\n\t\t\t\t<\/div>\n\t\t\t\t\t<\/div>\n\t\t\t\t<\/div>\n\t\t\t\t\t<\/div>\n\t\t\t\t<\/div>\n\t\t\t\t\t\t\t\t<\/div>\n\t\t\t\t\t\t\t\t\t\t\t<div class=\"swiper-slide\" data-slide=\"2\" role=\"group\" aria-roledescription=\"slide\" aria-label=\"2 of 4\">\n\t\t\t\t\t\t\t<div class=\"elementor-element elementor-element-2958654 e-flex e-con-boxed e-con e-child\" data-id=\"2958654\" data-element_type=\"container\" data-settings=\"{&quot;background_background&quot;:&quot;classic&quot;}\">\n\t\t\t\t\t<div class=\"e-con-inner\">\n\t\t<div class=\"elementor-element elementor-element-a177840 e-flex e-con-boxed e-con e-child\" data-id=\"a177840\" data-element_type=\"container\" data-settings=\"{&quot;background_background&quot;:&quot;slideshow&quot;,&quot;background_slideshow_gallery&quot;:[],&quot;background_slideshow_loop&quot;:&quot;yes&quot;,&quot;background_slideshow_slide_duration&quot;:5000,&quot;background_slideshow_slide_transition&quot;:&quot;fade&quot;,&quot;background_slideshow_transition_duration&quot;:500}\">\n\t\t\t\t\t<div class=\"e-con-inner\">\n\t\t\t\t<div class=\"elementor-element elementor-element-a5565e5 elementor-position-top elementor-widget elementor-widget-image-box\" data-id=\"a5565e5\" data-element_type=\"widget\" data-widget_type=\"image-box.default\">\n\t\t\t\t<div class=\"elementor-widget-container\">\n\t\t\t\t\t<div class=\"elementor-image-box-wrapper\"><figure class=\"elementor-image-box-img\"><a href=\"https:\/\/www.anyload.com\/fr\/product\/102bh-double-ended-beam-load-cell\/\" tabindex=\"-1\"><img decoding=\"async\" src=\"https:\/\/www.anyload.com\/wp-content\/uploads\/2014\/03\/102BH-scaled-1.webp\" title=\"102BH \u00e0 l&#039;\u00e9chelle\" alt=\"102BH \u00e0 l&#039;\u00e9chelle\" loading=\"lazy\" \/><\/a><\/figure><div class=\"elementor-image-box-content\"><p class=\"elementor-image-box-description\"><a href=\"https:\/\/www.anyload.com\/fr\/product\/102bh-double-ended-beam-load-cell\/\" style=\"font-family: PilatWide;font-size: 17px;text-decoration: none\">     <span style=\"color: #D52B15;font-weight: normal\">102BH<\/span> Cellule de charge<\/a><\/p><\/div><\/div>\t\t\t\t<\/div>\n\t\t\t\t<\/div>\n\t\t\t\t\t<\/div>\n\t\t\t\t<\/div>\n\t\t\t\t\t<\/div>\n\t\t\t\t<\/div>\n\t\t\t\t\t\t\t\t<\/div>\n\t\t\t\t\t\t\t\t\t\t\t<div class=\"swiper-slide\" data-slide=\"3\" role=\"group\" aria-roledescription=\"slide\" aria-label=\"3 of 4\">\n\t\t\t\t\t\t\t<div class=\"elementor-element elementor-element-b570bb6 e-flex e-con-boxed e-con e-child\" data-id=\"b570bb6\" data-element_type=\"container\">\n\t\t\t\t\t<div class=\"e-con-inner\">\n\t\t<div class=\"elementor-element elementor-element-fdb5e3d e-flex e-con-boxed e-con e-child\" data-id=\"fdb5e3d\" data-element_type=\"container\" data-settings=\"{&quot;background_background&quot;:&quot;slideshow&quot;,&quot;background_slideshow_gallery&quot;:[],&quot;background_slideshow_loop&quot;:&quot;yes&quot;,&quot;background_slideshow_slide_duration&quot;:5000,&quot;background_slideshow_slide_transition&quot;:&quot;fade&quot;,&quot;background_slideshow_transition_duration&quot;:500}\">\n\t\t\t\t\t<div class=\"e-con-inner\">\n\t\t\t\t<div class=\"elementor-element elementor-element-6753545 elementor-position-top elementor-widget elementor-widget-image-box\" data-id=\"6753545\" data-element_type=\"widget\" data-widget_type=\"image-box.default\">\n\t\t\t\t<div class=\"elementor-widget-container\">\n\t\t\t\t\t<div class=\"elementor-image-box-wrapper\"><figure class=\"elementor-image-box-img\"><a href=\"https:\/\/www.anyload.com\/fr\/product\/563ws-single-ended-beam-load-cell\/\" tabindex=\"-1\"><img decoding=\"async\" src=\"https:\/\/www.anyload.com\/wp-content\/uploads\/2014\/03\/563WS30-75Klb-scaled-1.webp\" title=\"563WS30-75Klb-\u00e9chelle\" alt=\"563WS30-75Klb-\u00e9chelle\" loading=\"lazy\" \/><\/a><\/figure><div class=\"elementor-image-box-content\"><p class=\"elementor-image-box-description\"><a href=\"https:\/\/www.anyload.com\/fr\/product\/563ws-single-ended-beam-load-cell\/\" style=\"font-family: PilatWide;font-size: 17px;text-decoration: none\">     <span style=\"color: #D52B15;font-weight: normal\">563WS, 563WS30<\/span> Cellule de charge<\/a><\/p><\/div><\/div>\t\t\t\t<\/div>\n\t\t\t\t<\/div>\n\t\t\t\t\t<\/div>\n\t\t\t\t<\/div>\n\t\t\t\t\t<\/div>\n\t\t\t\t<\/div>\n\t\t\t\t\t\t\t\t<\/div>\n\t\t\t\t\t\t\t\t\t\t\t<div class=\"swiper-slide\" data-slide=\"4\" role=\"group\" aria-roledescription=\"slide\" aria-label=\"4 of 4\">\n\t\t\t\t\t\t\t<div class=\"elementor-element elementor-element-4f2b0da e-flex e-con-boxed e-con e-child\" data-id=\"4f2b0da\" data-element_type=\"container\">\n\t\t\t\t\t<div class=\"e-con-inner\">\n\t\t<div class=\"elementor-element elementor-element-8b3fc54 e-flex e-con-boxed e-con e-child\" data-id=\"8b3fc54\" data-element_type=\"container\" data-settings=\"{&quot;background_background&quot;:&quot;slideshow&quot;,&quot;background_slideshow_gallery&quot;:[],&quot;background_slideshow_loop&quot;:&quot;yes&quot;,&quot;background_slideshow_slide_duration&quot;:5000,&quot;background_slideshow_slide_transition&quot;:&quot;fade&quot;,&quot;background_slideshow_transition_duration&quot;:500}\">\n\t\t\t\t\t<div class=\"e-con-inner\">\n\t\t\t\t<div class=\"elementor-element elementor-element-af009cd elementor-position-top elementor-widget elementor-widget-image-box\" data-id=\"af009cd\" data-element_type=\"widget\" data-widget_type=\"image-box.default\">\n\t\t\t\t<div class=\"elementor-widget-container\">\n\t\t\t\t\t<div class=\"elementor-image-box-wrapper\"><figure class=\"elementor-image-box-img\"><a href=\"https:\/\/www.anyload.com\/fr\/product\/563ysgs-single-ended-beam-load-cell-draft\/\" tabindex=\"-1\"><img decoding=\"async\" src=\"https:\/\/www.anyload.com\/wp-content\/uploads\/2015\/08\/563YSGS-ISO.webp\" title=\"563YSGS-ISO\" alt=\"563YSGS-ISO\" loading=\"lazy\" \/><\/a><\/figure><div class=\"elementor-image-box-content\"><p class=\"elementor-image-box-description\"><a href=\"https:\/\/www.anyload.com\/fr\/product\/563ysgs-single-ended-beam-load-cell-draft\/\" style=\"font-family: PilatWide;font-size: 17px;text-decoration: none\">     <span style=\"color: #D52B15;font-weight: normal\">563YSGS<\/span> Cellule de charge<\/a><\/p><\/div><\/div>\t\t\t\t<\/div>\n\t\t\t\t<\/div>\n\t\t\t\t\t<\/div>\n\t\t\t\t<\/div>\n\t\t\t\t\t<\/div>\n\t\t\t\t<\/div>\n\t\t\t\t\t\t\t\t<\/div>\n\t\t\t\t\t\t\t\t<\/div>\n\t\t<\/div>\n\t\t\t\t\t<div class=\"elementor-swiper-button elementor-swiper-button-prev\" role=\"button\" tabindex=\"0\" aria-label=\"Pr\u00e9c\u00e9dent\">\n\t\t\t\t<svg aria-hidden=\"true\" class=\"e-font-icon-svg e-eicon-chevron-left\" viewbox=\"0 0 1000 1000\" xmlns=\"http:\/\/www.w3.org\/2000\/svg\"><path d=\"M646 125C629 125 613 133 604 142L308 442C296 454 292 471 292 487 292 504 296 521 308 533L604 854C617 867 629 875 646 875 663 875 679 871 692 858 704 846 713 829 713 812 713 796 708 779 692 767L438 487 692 225C700 217 708 204 708 187 708 171 704 154 692 142 675 129 663 125 646 125Z\"><\/path><\/svg>\t\t\t<\/div>\n\t\t\t<div class=\"elementor-swiper-button elementor-swiper-button-next\" role=\"button\" tabindex=\"0\" aria-label=\"Suivant\">\n\t\t\t\t<svg aria-hidden=\"true\" class=\"e-font-icon-svg e-eicon-chevron-right\" viewbox=\"0 0 1000 1000\" xmlns=\"http:\/\/www.w3.org\/2000\/svg\"><path d=\"M696 533C708 521 713 504 713 487 713 471 708 454 696 446L400 146C388 133 375 125 354 125 338 125 325 129 313 142 300 154 292 171 292 187 292 204 296 221 308 233L563 492 304 771C292 783 288 800 288 817 288 833 296 850 308 863 321 871 338 875 354 875 371 875 388 867 400 854L696 533Z\"><\/path><\/svg>\t\t\t<\/div>\n\t\t\t\t\t<div class=\"swiper-pagination\"><\/div>\n\t\t\t\t\t\t<\/div>\n\t\t\t\t<\/div>\n\t\t\t\t<div class=\"elementor-element elementor-element-091cd7c elementor-widget elementor-widget-spacer\" data-id=\"091cd7c\" data-element_type=\"widget\" data-widget_type=\"spacer.default\">\n\t\t\t\t<div class=\"elementor-widget-container\">\n\t\t\t\t\t\t\t<div class=\"elementor-spacer\">\n\t\t\t<div class=\"elementor-spacer-inner\"><\/div>\n\t\t<\/div>\n\t\t\t\t\t\t<\/div>\n\t\t\t\t<\/div>\n\t\t\t\t\t<\/div>\n\t\t\t\t<\/div>\n\t\t\t\t<\/div>","protected":false},"excerpt":{"rendered":"<p>Manufacturing In the manufacturing industry, efficiency, accuracy, and reliability are the cornerstones of a successful operation. ANYLOAD understands the multifaceted [&hellip;]<\/p>","protected":false},"author":4,"featured_media":0,"parent":22930,"menu_order":0,"comment_status":"closed","ping_status":"closed","template":"","meta":{"_acf_changed":false,"site-sidebar-layout":"no-sidebar","site-content-layout":"page-builder","ast-site-content-layout":"default","site-content-style":"default","site-sidebar-style":"default","ast-global-header-display":"","ast-banner-title-visibility":"","ast-main-header-display":"","ast-hfb-above-header-display":"","ast-hfb-below-header-display":"","ast-hfb-mobile-header-display":"","site-post-title":"disabled","ast-breadcrumbs-content":"","ast-featured-img":"","footer-sml-layout":"","ast-disable-related-posts":"","theme-transparent-header-meta":"","adv-header-id-meta":"","stick-header-meta":"","header-above-stick-meta":"","header-main-stick-meta":"","header-below-stick-meta":"","astra-migrate-meta-layouts":"default","ast-page-background-enabled":"default","ast-page-background-meta":{"desktop":{"background-color":"var(--ast-global-color-4)","background-image":"","background-repeat":"repeat","background-position":"center center","background-size":"auto","background-attachment":"scroll","background-type":"","background-media":"","overlay-type":"","overlay-color":"","overlay-opacity":"","overlay-gradient":""},"tablet":{"background-color":"","background-image":"","background-repeat":"repeat","background-position":"center center","background-size":"auto","background-attachment":"scroll","background-type":"","background-media":"","overlay-type":"","overlay-color":"","overlay-opacity":"","overlay-gradient":""},"mobile":{"background-color":"","background-image":"","background-repeat":"repeat","background-position":"center center","background-size":"auto","background-attachment":"scroll","background-type":"","background-media":"","overlay-type":"","overlay-color":"","overlay-opacity":"","overlay-gradient":""}},"ast-content-background-meta":{"desktop":{"background-color":"var(--ast-global-color-5)","background-image":"","background-repeat":"repeat","background-position":"center center","background-size":"auto","background-attachment":"scroll","background-type":"","background-media":"","overlay-type":"","overlay-color":"","overlay-opacity":"","overlay-gradient":""},"tablet":{"background-color":"var(--ast-global-color-5)","background-image":"","background-repeat":"repeat","background-position":"center center","background-size":"auto","background-attachment":"scroll","background-type":"","background-media":"","overlay-type":"","overlay-color":"","overlay-opacity":"","overlay-gradient":""},"mobile":{"background-color":"var(--ast-global-color-5)","background-image":"","background-repeat":"repeat","background-position":"center center","background-size":"auto","background-attachment":"scroll","background-type":"","background-media":"","overlay-type":"","overlay-color":"","overlay-opacity":"","overlay-gradient":""}},"footnotes":""},"class_list":["post-23165","page","type-page","status-publish","hentry"],"acf":[],"_links":{"self":[{"href":"https:\/\/www.anyload.com\/fr\/wp-json\/wp\/v2\/pages\/23165","targetHints":{"allow":["GET"]}}],"collection":[{"href":"https:\/\/www.anyload.com\/fr\/wp-json\/wp\/v2\/pages"}],"about":[{"href":"https:\/\/www.anyload.com\/fr\/wp-json\/wp\/v2\/types\/page"}],"author":[{"embeddable":true,"href":"https:\/\/www.anyload.com\/fr\/wp-json\/wp\/v2\/users\/4"}],"replies":[{"embeddable":true,"href":"https:\/\/www.anyload.com\/fr\/wp-json\/wp\/v2\/comments?post=23165"}],"version-history":[{"count":3,"href":"https:\/\/www.anyload.com\/fr\/wp-json\/wp\/v2\/pages\/23165\/revisions"}],"predecessor-version":[{"id":43891,"href":"https:\/\/www.anyload.com\/fr\/wp-json\/wp\/v2\/pages\/23165\/revisions\/43891"}],"up":[{"embeddable":true,"href":"https:\/\/www.anyload.com\/fr\/wp-json\/wp\/v2\/pages\/22930"}],"wp:attachment":[{"href":"https:\/\/www.anyload.com\/fr\/wp-json\/wp\/v2\/media?parent=23165"}],"curies":[{"name":"wp","href":"https:\/\/api.w.org\/{rel}","templated":true}]}}