{"id":23152,"date":"2023-10-23T13:43:46","date_gmt":"2023-10-23T20:43:46","guid":{"rendered":"https:\/\/www.anyload.com\/?page_id=23152"},"modified":"2026-03-26T14:05:27","modified_gmt":"2026-03-26T21:05:27","slug":"automobile","status":"publish","type":"page","link":"https:\/\/www.anyload.com\/fr\/secteurs-dactivite\/automobile\/","title":{"rendered":"AUTOMOTIVE"},"content":{"rendered":"<div data-elementor-type=\"wp-page\" data-elementor-id=\"23152\" class=\"elementor elementor-23152\" data-elementor-post-type=\"page\">\n\t\t\t\t<div class=\"elementor-element elementor-element-2d330d6 e-flex e-con-boxed e-con e-parent\" data-id=\"2d330d6\" data-element_type=\"container\">\n\t\t\t\t\t<div class=\"e-con-inner\">\n\t\t<div class=\"elementor-element elementor-element-2a80b84 e-con-full e-flex e-con e-child\" data-id=\"2a80b84\" data-element_type=\"container\">\n\t\t\t\t<div class=\"elementor-element elementor-element-89d7597 elementor-widget elementor-widget-woocommerce-breadcrumb\" data-id=\"89d7597\" data-element_type=\"widget\" data-widget_type=\"woocommerce-breadcrumb.default\">\n\t\t\t\t<div class=\"elementor-widget-container\">\n\t\t\t\t\t<nav class=\"woocommerce-breadcrumb\" aria-label=\"Breadcrumb\" data-no-translation=\"\" data-trp-gettext=\"\">Accueil<\/nav>\t\t\t\t<\/div>\n\t\t\t\t<\/div>\n\t\t\t\t<div class=\"elementor-element elementor-element-05f8a61 elementor-widget elementor-widget-heading\" data-id=\"05f8a61\" data-element_type=\"widget\" data-widget_type=\"heading.default\">\n\t\t\t\t<div class=\"elementor-widget-container\">\n\t\t\t\t\t<h1 class=\"elementor-heading-title elementor-size-xxl\">Automobile<\/h1>\t\t\t\t<\/div>\n\t\t\t\t<\/div>\n\t\t\t\t<\/div>\n\t\t\t\t\t<\/div>\n\t\t\t\t<\/div>\n\t\t<div class=\"elementor-element elementor-element-cb1f4b0 e-grid e-con-boxed e-con e-parent\" data-id=\"cb1f4b0\" data-element_type=\"container\">\n\t\t\t\t\t<div class=\"e-con-inner\">\n\t\t<div class=\"elementor-element elementor-element-bf98186 e-con-full e-flex e-con e-child\" data-id=\"bf98186\" data-element_type=\"container\">\n\t\t\t\t<div class=\"elementor-element elementor-element-ba54f90 elementor-widget elementor-widget-heading\" data-id=\"ba54f90\" data-element_type=\"widget\" data-widget_type=\"heading.default\">\n\t\t\t\t<div class=\"elementor-widget-container\">\n\t\t\t\t\t<h2 class=\"elementor-heading-title elementor-size-default\">Dans l'industrie automobile, le r\u00f4le d'un pesage et d'une mesure de force pr\u00e9cis ne peut \u00eatre surestim\u00e9. Les cellules de charge font partie int\u00e9grante de diverses applications essentielles pour la course, la fabrication et la s\u00e9curit\u00e9 op\u00e9rationnelle : <br>\n\n<ol>\n<li><b> Course :<\/b> Lorsque les performances se mesurent en millisecondes, les \u00e9quipes de course utilisent toute une gamme d'\u00e9quipements de couple et de pesage pour maximiser les performances.<\/li>\n<li><b> Mesure de la force :<\/b> Les capteurs de mesure de force en ligne permettent d'optimiser les v\u00e9hicules pour toute une s\u00e9rie de conditions et d'applications.<\/li>\n<li><b> Test des freins :<\/b> Les cellules de charge sont utilis\u00e9es pour mesurer la force exerc\u00e9e lors des essais de freinage et de choc, garantissant ainsi la conformit\u00e9 avec les r\u00e9glementations en mati\u00e8re de s\u00e9curit\u00e9.<\/li>\n<li><b> Syst\u00e8me de suspension :<\/b> Les cellules de charge permettent de tester et de calibrer les syst\u00e8mes de suspension automobile afin d'en optimiser les performances, la durabilit\u00e9 et la s\u00e9curit\u00e9.<\/li>\n<li><b> Essai de traction :<\/b> Utilis\u00e9 dans les \u00e9quipements d'essai des mat\u00e9riaux pour \u00e9valuer la r\u00e9sistance et la durabilit\u00e9 des mat\u00e9riaux tels que les m\u00e9taux, les plastiques et les composites.<\/li>\n\n<\/ol>\n\nProduits couramment utilis\u00e9s dans les \u00e9quipements d'essai et les lignes d'assemblage du secteur automobile :\n\n<ol>\n<li><b> Syst\u00e8mes de pesage ferroviaire : <\/b>Les trains et les syst\u00e8mes ferroviaires n\u00e9cessitent un large \u00e9ventail de syst\u00e8mes de test et de mesure pour faciliter la R&amp;D, la s\u00e9curit\u00e9 et la conformit\u00e9 industrielle.<\/li>\n\n<li><b>Cellules de charge multiaxiale : <\/b>Ces cellules sont utilis\u00e9es dans divers \u00e9quipements d'essai pour mesurer les forces le long de plusieurs axes, ce qui permet d'obtenir une compr\u00e9hension globale de la dynamique du v\u00e9hicule. <\/li>\n\n<li><b> Capteurs de couple : <\/b>Int\u00e9gr\u00e9s aux testeurs de couple et \u00e0 d'autres applications automobiles sp\u00e9cialis\u00e9es, ces capteurs offrent une mesure pr\u00e9cise du couple, contribuant ainsi au contr\u00f4le de la qualit\u00e9 et \u00e0 l'optimisation des syst\u00e8mes.<\/li>\n\n\n<li><b> Capteurs de force personnalis\u00e9s : <\/b>ANYLOAD collabore r\u00e9guli\u00e8rement avec des acteurs de l'industrie pour concevoir et fabriquer des capteurs personnalis\u00e9s adapt\u00e9s aux exigences uniques des secteurs de l'automobile et de la course automobile.<\/li>\n\n\n<\/ol>\n\nSi vous \u00eates dans l'industrie automobile et que vous cherchez une solution de pesage fiable, n'h\u00e9sitez pas \u00e0 nous contacter.<br><br>\n\nNous disposons d'une \u00e9quipe d'experts qui peut vous aider \u00e0 trouver ou \u00e0 produire les capteurs de pesage adapt\u00e9s \u00e0 vos besoins sp\u00e9cifiques, et nous sommes toujours heureux de r\u00e9pondre \u00e0 vos questions.\n\n\n\n\n\n<\/h2>\t\t\t\t<\/div>\n\t\t\t\t<\/div>\n\t\t\t\t<\/div>\n\t\t<div class=\"elementor-element elementor-element-6edbe71 e-con-full e-flex e-con e-child\" data-id=\"6edbe71\" data-element_type=\"container\">\n\t\t\t\t<div class=\"elementor-element elementor-element-c994d8e elementor-widget elementor-widget-image\" data-id=\"c994d8e\" data-element_type=\"widget\" data-widget_type=\"image.default\">\n\t\t\t\t<div class=\"elementor-widget-container\">\n\t\t\t\t\t\t\t\t\t\t\t\t\t\t\t<img decoding=\"async\" src=\"https:\/\/www.anyload.com\/wp-content\/uploads\/2023\/10\/Automotive.png\" title=\"Automobile\" alt=\"Automobile\" loading=\"lazy\" \/>\t\t\t\t\t\t\t\t\t\t\t\t\t\t\t<\/div>\n\t\t\t\t<\/div>\n\t\t\t\t<\/div>\n\t\t\t\t\t<\/div>\n\t\t\t\t<\/div>\n\t\t<div class=\"elementor-element elementor-element-9cb52c9 e-flex e-con-boxed e-con e-parent\" data-id=\"9cb52c9\" data-element_type=\"container\">\n\t\t\t\t\t<div class=\"e-con-inner\">\n\t\t<div class=\"elementor-element elementor-element-be414ae e-con-full e-flex e-con e-child\" data-id=\"be414ae\" data-element_type=\"container\">\n\t\t<div class=\"elementor-element elementor-element-46a1305 e-con-full e-flex e-con e-child\" data-id=\"46a1305\" data-element_type=\"container\">\n\t\t\t\t<div class=\"elementor-element elementor-element-bdf1e88 elementor-widget elementor-widget-heading\" data-id=\"bdf1e88\" data-element_type=\"widget\" data-widget_type=\"heading.default\">\n\t\t\t\t<div class=\"elementor-widget-container\">\n\t\t\t\t\t<h2 class=\"elementor-heading-title elementor-size-default\">Produits industriels<\/h2>\t\t\t\t<\/div>\n\t\t\t\t<\/div>\n\t\t\t\t<\/div>\n\t\t<div class=\"elementor-element elementor-element-f770ba1 e-con-full e-flex e-con e-child\" data-id=\"f770ba1\" data-element_type=\"container\">\n\t\t\t\t<div class=\"elementor-element elementor-element-74b72a7 elementor-widget-divider--view-line elementor-widget elementor-widget-divider\" data-id=\"74b72a7\" data-element_type=\"widget\" data-widget_type=\"divider.default\">\n\t\t\t\t<div class=\"elementor-widget-container\">\n\t\t\t\t\t\t\t<div class=\"elementor-divider\">\n\t\t\t<span class=\"elementor-divider-separator\">\n\t\t\t\t\t\t<\/span>\n\t\t<\/div>\n\t\t\t\t\t\t<\/div>\n\t\t\t\t<\/div>\n\t\t\t\t<\/div>\n\t\t\t\t<\/div>\n\t\t\t\t\t<\/div>\n\t\t\t\t<\/div>\n\t\t<div class=\"elementor-element elementor-element-420ad26 e-flex e-con-boxed e-con e-parent\" data-id=\"420ad26\" data-element_type=\"container\">\n\t\t\t\t\t<div class=\"e-con-inner\">\n\t\t\t\t<div class=\"elementor-element elementor-element-87ba7dc elementor-pagination-type-bullets elementor-arrows-position-inside elementor-pagination-position-outside elementor-widget elementor-widget-n-carousel\" data-id=\"87ba7dc\" data-element_type=\"widget\" data-settings=\"{&quot;carousel_items&quot;:[{&quot;slide_title&quot;:&quot;Slide 1&quot;,&quot;_id&quot;:&quot;005d05f&quot;},{&quot;slide_title&quot;:&quot;Slide #2&quot;,&quot;_id&quot;:&quot;2480561&quot;},{&quot;slide_title&quot;:&quot;Slide #3&quot;,&quot;_id&quot;:&quot;99f56d7&quot;},{&quot;_id&quot;:&quot;bbfc768&quot;,&quot;slide_title&quot;:&quot;Slide #4&quot;}],&quot;slides_to_show&quot;:&quot;4&quot;,&quot;slides_to_scroll&quot;:&quot;1&quot;,&quot;slides_to_show_tablet&quot;:&quot;2&quot;,&quot;slides_to_show_mobile&quot;:&quot;1&quot;,&quot;autoplay&quot;:&quot;yes&quot;,&quot;autoplay_speed&quot;:5000,&quot;pause_on_hover&quot;:&quot;yes&quot;,&quot;pause_on_interaction&quot;:&quot;yes&quot;,&quot;infinite&quot;:&quot;yes&quot;,&quot;speed&quot;:500,&quot;offset_sides&quot;:&quot;none&quot;,&quot;arrows&quot;:&quot;yes&quot;,&quot;pagination&quot;:&quot;bullets&quot;,&quot;image_spacing_custom&quot;:{&quot;unit&quot;:&quot;px&quot;,&quot;size&quot;:10,&quot;sizes&quot;:[]},&quot;image_spacing_custom_tablet&quot;:{&quot;unit&quot;:&quot;px&quot;,&quot;size&quot;:&quot;&quot;,&quot;sizes&quot;:[]},&quot;image_spacing_custom_mobile&quot;:{&quot;unit&quot;:&quot;px&quot;,&quot;size&quot;:&quot;&quot;,&quot;sizes&quot;:[]}}\" data-widget_type=\"nested-carousel.default\">\n\t\t\t\t<div class=\"elementor-widget-container\">\n\t\t\t\t\t\t\t<div class=\"e-n-carousel swiper\" role=\"region\" aria-roledescription=\"carousel\" aria-label=\"Carrousel\" dir=\"ltr\">\n\t\t\t<div class=\"swiper-wrapper\" aria-live=\"off\">\n\t\t\t\t\t\t\t\t\t\t<div class=\"swiper-slide\" data-slide=\"1\" role=\"group\" aria-roledescription=\"slide\" aria-label=\"1 of 4\">\n\t\t\t\t\t\t\t<div class=\"elementor-element elementor-element-39b618d e-flex e-con-boxed e-con e-child\" data-id=\"39b618d\" data-element_type=\"container\">\n\t\t\t\t\t<div class=\"e-con-inner\">\n\t\t<div class=\"elementor-element elementor-element-2cb1692 e-flex e-con-boxed e-con e-child\" data-id=\"2cb1692\" data-element_type=\"container\" data-settings=\"{&quot;background_background&quot;:&quot;slideshow&quot;,&quot;background_slideshow_gallery&quot;:[],&quot;background_slideshow_loop&quot;:&quot;yes&quot;,&quot;background_slideshow_slide_duration&quot;:5000,&quot;background_slideshow_slide_transition&quot;:&quot;fade&quot;,&quot;background_slideshow_transition_duration&quot;:500}\">\n\t\t\t\t\t<div class=\"e-con-inner\">\n\t\t\t\t<div class=\"elementor-element elementor-element-d4a7358 elementor-position-top elementor-widget elementor-widget-image-box\" data-id=\"d4a7358\" data-element_type=\"widget\" data-widget_type=\"image-box.default\">\n\t\t\t\t<div class=\"elementor-widget-container\">\n\t\t\t\t\t<div class=\"elementor-image-box-wrapper\"><figure class=\"elementor-image-box-img\"><a href=\"https:\/\/www.anyload.com\/fr\/product\/108haun-single-point-load-cell\/\" tabindex=\"-1\"><img decoding=\"async\" src=\"https:\/\/www.anyload.com\/wp-content\/uploads\/2023\/08\/108HAUN-load-cell-transducer.jpg\" title=\"\" alt=\"\" loading=\"lazy\" \/><\/a><\/figure><div class=\"elementor-image-box-content\"><p class=\"elementor-image-box-description\"><a href=\"https:\/\/www.anyload.com\/fr\/product\/108haun-single-point-load-cell\/\" style=\"font-family: PilatWide;font-size: 17px;text-decoration: none\">     <span style=\"color: #D52B15;font-weight: normal\">108HAUN<\/span> Cellule de charge<\/a><\/p><\/div><\/div>\t\t\t\t<\/div>\n\t\t\t\t<\/div>\n\t\t\t\t\t<\/div>\n\t\t\t\t<\/div>\n\t\t\t\t\t<\/div>\n\t\t\t\t<\/div>\n\t\t\t\t\t\t\t\t<\/div>\n\t\t\t\t\t\t\t\t\t\t\t<div class=\"swiper-slide\" data-slide=\"2\" role=\"group\" aria-roledescription=\"slide\" aria-label=\"2 of 4\">\n\t\t\t\t\t\t\t<div class=\"elementor-element elementor-element-09b9fde e-flex e-con-boxed e-con e-child\" data-id=\"09b9fde\" data-element_type=\"container\" data-settings=\"{&quot;background_background&quot;:&quot;classic&quot;}\">\n\t\t\t\t\t<div class=\"e-con-inner\">\n\t\t<div class=\"elementor-element elementor-element-1358719 e-flex e-con-boxed e-con e-child\" data-id=\"1358719\" data-element_type=\"container\" data-settings=\"{&quot;background_background&quot;:&quot;slideshow&quot;,&quot;background_slideshow_gallery&quot;:[],&quot;background_slideshow_loop&quot;:&quot;yes&quot;,&quot;background_slideshow_slide_duration&quot;:5000,&quot;background_slideshow_slide_transition&quot;:&quot;fade&quot;,&quot;background_slideshow_transition_duration&quot;:500}\">\n\t\t\t\t\t<div class=\"e-con-inner\">\n\t\t\t\t<div class=\"elementor-element elementor-element-fb2347c elementor-position-top elementor-widget elementor-widget-image-box\" data-id=\"fb2347c\" data-element_type=\"widget\" data-widget_type=\"image-box.default\">\n\t\t\t\t<div class=\"elementor-widget-container\">\n\t\t\t\t\t<div class=\"elementor-image-box-wrapper\"><figure class=\"elementor-image-box-img\"><a href=\"https:\/\/www.anyload.com\/fr\/product\/363yh-load-cell\/\" tabindex=\"-1\"><img decoding=\"async\" src=\"https:\/\/www.anyload.com\/wp-content\/uploads\/2023\/08\/363YH-load-cell-transducer.jpg\" title=\"363YH-cellule-de-charge-transducteur.jpg\" alt=\"363YH-cellule-de-charge-transducteur.jpg\" loading=\"lazy\" \/><\/a><\/figure><div class=\"elementor-image-box-content\"><p class=\"elementor-image-box-description\"><a href=\"https:\/\/www.anyload.com\/fr\/product\/363yh-load-cell\/\" style=\"font-family: PilatWide;font-size: 17px;text-decoration: none\">     <span style=\"color: #D52B15;font-weight: normal\">363YH<\/span> Capteur de tension<\/a><\/p><\/div><\/div>\t\t\t\t<\/div>\n\t\t\t\t<\/div>\n\t\t\t\t\t<\/div>\n\t\t\t\t<\/div>\n\t\t\t\t\t<\/div>\n\t\t\t\t<\/div>\n\t\t\t\t\t\t\t\t<\/div>\n\t\t\t\t\t\t\t\t\t\t\t<div class=\"swiper-slide\" data-slide=\"3\" role=\"group\" aria-roledescription=\"slide\" aria-label=\"3 of 4\">\n\t\t\t\t\t\t\t<div class=\"elementor-element elementor-element-eabf2c0 e-flex e-con-boxed e-con e-child\" data-id=\"eabf2c0\" data-element_type=\"container\">\n\t\t\t\t\t<div class=\"e-con-inner\">\n\t\t<div class=\"elementor-element elementor-element-5239228 e-flex e-con-boxed e-con e-child\" data-id=\"5239228\" data-element_type=\"container\" data-settings=\"{&quot;background_background&quot;:&quot;slideshow&quot;,&quot;background_slideshow_gallery&quot;:[],&quot;background_slideshow_loop&quot;:&quot;yes&quot;,&quot;background_slideshow_slide_duration&quot;:5000,&quot;background_slideshow_slide_transition&quot;:&quot;fade&quot;,&quot;background_slideshow_transition_duration&quot;:500}\">\n\t\t\t\t\t<div class=\"e-con-inner\">\n\t\t\t\t<div class=\"elementor-element elementor-element-a0f7ac3 elementor-position-top elementor-widget elementor-widget-image-box\" data-id=\"a0f7ac3\" data-element_type=\"widget\" data-widget_type=\"image-box.default\">\n\t\t\t\t<div class=\"elementor-widget-container\">\n\t\t\t\t\t<div class=\"elementor-image-box-wrapper\"><figure class=\"elementor-image-box-img\"><a href=\"https:\/\/www.anyload.com\/fr\/product\/563ws-single-ended-beam-load-cell\/\" tabindex=\"-1\"><img decoding=\"async\" src=\"https:\/\/www.anyload.com\/wp-content\/uploads\/2014\/03\/563WS30-75Klb-scaled-1.webp\" title=\"563WS30-75Klb-\u00e9chelle\" alt=\"563WS30-75Klb-\u00e9chelle\" loading=\"lazy\" \/><\/a><\/figure><div class=\"elementor-image-box-content\"><p class=\"elementor-image-box-description\"><a href=\"https:\/\/www.anyload.com\/fr\/product\/563ws-single-ended-beam-load-cell\/\" style=\"font-family: PilatWide;font-size: 17px;text-decoration: none\">     <span style=\"color: #D52B15;font-weight: normal\">563WS, 563WS30<\/span> Cellule de charge<\/a><\/p><\/div><\/div>\t\t\t\t<\/div>\n\t\t\t\t<\/div>\n\t\t\t\t\t<\/div>\n\t\t\t\t<\/div>\n\t\t\t\t\t<\/div>\n\t\t\t\t<\/div>\n\t\t\t\t\t\t\t\t<\/div>\n\t\t\t\t\t\t\t\t\t\t\t<div class=\"swiper-slide\" data-slide=\"4\" role=\"group\" aria-roledescription=\"slide\" aria-label=\"4 of 4\">\n\t\t\t\t\t\t\t<div class=\"elementor-element elementor-element-7875c31 e-flex e-con-boxed e-con e-child\" data-id=\"7875c31\" data-element_type=\"container\">\n\t\t\t\t\t<div class=\"e-con-inner\">\n\t\t<div class=\"elementor-element elementor-element-01b52fb e-flex e-con-boxed e-con e-child\" data-id=\"01b52fb\" data-element_type=\"container\" data-settings=\"{&quot;background_background&quot;:&quot;slideshow&quot;,&quot;background_slideshow_gallery&quot;:[],&quot;background_slideshow_loop&quot;:&quot;yes&quot;,&quot;background_slideshow_slide_duration&quot;:5000,&quot;background_slideshow_slide_transition&quot;:&quot;fade&quot;,&quot;background_slideshow_transition_duration&quot;:500}\">\n\t\t\t\t\t<div class=\"e-con-inner\">\n\t\t\t\t<div class=\"elementor-element elementor-element-507cbc5 elementor-position-top elementor-widget elementor-widget-image-box\" data-id=\"507cbc5\" data-element_type=\"widget\" data-widget_type=\"image-box.default\">\n\t\t\t\t<div class=\"elementor-widget-container\">\n\t\t\t\t\t<div class=\"elementor-image-box-wrapper\"><figure class=\"elementor-image-box-img\"><a href=\"https:\/\/www.anyload.com\/fr\/product\/563fsas-single-ended-beam-load-cell\/\" tabindex=\"-1\"><img decoding=\"async\" src=\"https:\/\/www.anyload.com\/wp-content\/uploads\/2023\/09\/101NHM3-1.png\" title=\"101NHM3\" alt=\"101NHM3\" loading=\"lazy\" \/><\/a><\/figure><div class=\"elementor-image-box-content\"><p class=\"elementor-image-box-description\"><a href=\"https:\/\/www.anyload.com\/fr\/product\/563fsas-single-ended-beam-load-cell\/\" style=\"font-family: PilatWide;font-size: 17px;text-decoration: none\">     <span style=\"color: #D52B15;font-weight: normal\">101NHM3<\/span> Tension Pes\u00e9e<\/a><\/p><\/div><\/div>\t\t\t\t<\/div>\n\t\t\t\t<\/div>\n\t\t\t\t\t<\/div>\n\t\t\t\t<\/div>\n\t\t\t\t\t<\/div>\n\t\t\t\t<\/div>\n\t\t\t\t\t\t\t\t<\/div>\n\t\t\t\t\t\t\t\t<\/div>\n\t\t<\/div>\n\t\t\t\t\t<div class=\"elementor-swiper-button elementor-swiper-button-prev\" role=\"button\" tabindex=\"0\" aria-label=\"Pr\u00e9c\u00e9dent\">\n\t\t\t\t<svg aria-hidden=\"true\" class=\"e-font-icon-svg e-eicon-chevron-left\" viewbox=\"0 0 1000 1000\" xmlns=\"http:\/\/www.w3.org\/2000\/svg\"><path d=\"M646 125C629 125 613 133 604 142L308 442C296 454 292 471 292 487 292 504 296 521 308 533L604 854C617 867 629 875 646 875 663 875 679 871 692 858 704 846 713 829 713 812 713 796 708 779 692 767L438 487 692 225C700 217 708 204 708 187 708 171 704 154 692 142 675 129 663 125 646 125Z\"><\/path><\/svg>\t\t\t<\/div>\n\t\t\t<div class=\"elementor-swiper-button elementor-swiper-button-next\" role=\"button\" tabindex=\"0\" aria-label=\"Suivant\">\n\t\t\t\t<svg aria-hidden=\"true\" class=\"e-font-icon-svg e-eicon-chevron-right\" viewbox=\"0 0 1000 1000\" xmlns=\"http:\/\/www.w3.org\/2000\/svg\"><path d=\"M696 533C708 521 713 504 713 487 713 471 708 454 696 446L400 146C388 133 375 125 354 125 338 125 325 129 313 142 300 154 292 171 292 187 292 204 296 221 308 233L563 492 304 771C292 783 288 800 288 817 288 833 296 850 308 863 321 871 338 875 354 875 371 875 388 867 400 854L696 533Z\"><\/path><\/svg>\t\t\t<\/div>\n\t\t\t\t\t<div class=\"swiper-pagination\"><\/div>\n\t\t\t\t\t\t<\/div>\n\t\t\t\t<\/div>\n\t\t\t\t<div class=\"elementor-element elementor-element-9373228 elementor-widget elementor-widget-spacer\" data-id=\"9373228\" data-element_type=\"widget\" data-widget_type=\"spacer.default\">\n\t\t\t\t<div class=\"elementor-widget-container\">\n\t\t\t\t\t\t\t<div class=\"elementor-spacer\">\n\t\t\t<div class=\"elementor-spacer-inner\"><\/div>\n\t\t<\/div>\n\t\t\t\t\t\t<\/div>\n\t\t\t\t<\/div>\n\t\t\t\t\t<\/div>\n\t\t\t\t<\/div>\n\t\t\t\t<\/div>","protected":false},"excerpt":{"rendered":"<p>Automotive In the automotive industry, the role of precise weighing and force measurement cannot be overstated. Load cells are integral [&hellip;]<\/p>","protected":false},"author":4,"featured_media":0,"parent":22930,"menu_order":0,"comment_status":"closed","ping_status":"closed","template":"","meta":{"_acf_changed":false,"site-sidebar-layout":"no-sidebar","site-content-layout":"page-builder","ast-site-content-layout":"full-width-container","site-content-style":"unboxed","site-sidebar-style":"unboxed","ast-global-header-display":"","ast-banner-title-visibility":"","ast-main-header-display":"","ast-hfb-above-header-display":"","ast-hfb-below-header-display":"","ast-hfb-mobile-header-display":"","site-post-title":"disabled","ast-breadcrumbs-content":"","ast-featured-img":"","footer-sml-layout":"","ast-disable-related-posts":"","theme-transparent-header-meta":"","adv-header-id-meta":"","stick-header-meta":"","header-above-stick-meta":"","header-main-stick-meta":"","header-below-stick-meta":"","astra-migrate-meta-layouts":"set","ast-page-background-enabled":"default","ast-page-background-meta":{"desktop":{"background-color":"var(--ast-global-color-4)","background-image":"","background-repeat":"repeat","background-position":"center center","background-size":"auto","background-attachment":"scroll","background-type":"","background-media":"","overlay-type":"","overlay-color":"","overlay-opacity":"","overlay-gradient":""},"tablet":{"background-color":"","background-image":"","background-repeat":"repeat","background-position":"center center","background-size":"auto","background-attachment":"scroll","background-type":"","background-media":"","overlay-type":"","overlay-color":"","overlay-opacity":"","overlay-gradient":""},"mobile":{"background-color":"","background-image":"","background-repeat":"repeat","background-position":"center center","background-size":"auto","background-attachment":"scroll","background-type":"","background-media":"","overlay-type":"","overlay-color":"","overlay-opacity":"","overlay-gradient":""}},"ast-content-background-meta":{"desktop":{"background-color":"var(--ast-global-color-5)","background-image":"","background-repeat":"repeat","background-position":"center center","background-size":"auto","background-attachment":"scroll","background-type":"","background-media":"","overlay-type":"","overlay-color":"","overlay-opacity":"","overlay-gradient":""},"tablet":{"background-color":"var(--ast-global-color-5)","background-image":"","background-repeat":"repeat","background-position":"center center","background-size":"auto","background-attachment":"scroll","background-type":"","background-media":"","overlay-type":"","overlay-color":"","overlay-opacity":"","overlay-gradient":""},"mobile":{"background-color":"var(--ast-global-color-5)","background-image":"","background-repeat":"repeat","background-position":"center center","background-size":"auto","background-attachment":"scroll","background-type":"","background-media":"","overlay-type":"","overlay-color":"","overlay-opacity":"","overlay-gradient":""}},"footnotes":""},"class_list":["post-23152","page","type-page","status-publish","hentry"],"acf":[],"_links":{"self":[{"href":"https:\/\/www.anyload.com\/fr\/wp-json\/wp\/v2\/pages\/23152","targetHints":{"allow":["GET"]}}],"collection":[{"href":"https:\/\/www.anyload.com\/fr\/wp-json\/wp\/v2\/pages"}],"about":[{"href":"https:\/\/www.anyload.com\/fr\/wp-json\/wp\/v2\/types\/page"}],"author":[{"embeddable":true,"href":"https:\/\/www.anyload.com\/fr\/wp-json\/wp\/v2\/users\/4"}],"replies":[{"embeddable":true,"href":"https:\/\/www.anyload.com\/fr\/wp-json\/wp\/v2\/comments?post=23152"}],"version-history":[{"count":1,"href":"https:\/\/www.anyload.com\/fr\/wp-json\/wp\/v2\/pages\/23152\/revisions"}],"predecessor-version":[{"id":43874,"href":"https:\/\/www.anyload.com\/fr\/wp-json\/wp\/v2\/pages\/23152\/revisions\/43874"}],"up":[{"embeddable":true,"href":"https:\/\/www.anyload.com\/fr\/wp-json\/wp\/v2\/pages\/22930"}],"wp:attachment":[{"href":"https:\/\/www.anyload.com\/fr\/wp-json\/wp\/v2\/media?parent=23152"}],"curies":[{"name":"wp","href":"https:\/\/api.w.org\/{rel}","templated":true}]}}