{"id":20718,"date":"2023-03-15T14:44:39","date_gmt":"2023-03-15T21:44:39","guid":{"rendered":"https:\/\/www.anyload.com\/?page_id=20718"},"modified":"2025-07-17T17:02:47","modified_gmt":"2025-07-18T00:02:47","slug":"logo-marque-identite-standard","status":"publish","type":"page","link":"https:\/\/www.anyload.com\/fr\/logo-marque-identite-standard\/","title":{"rendered":"Logo et norme de marque"},"content":{"rendered":"<div data-elementor-type=\"wp-page\" data-elementor-id=\"20718\" class=\"elementor elementor-20718\" data-elementor-post-type=\"page\">\n\t\t\t\t\t\t<section class=\"elementor-section elementor-top-section elementor-element elementor-element-59d4bf81 elementor-section-boxed elementor-section-height-default elementor-section-height-default\" data-id=\"59d4bf81\" data-element_type=\"section\">\n\t\t\t\t\t\t<div class=\"elementor-container elementor-column-gap-default\">\n\t\t\t\t\t<div class=\"elementor-column elementor-col-100 elementor-top-column elementor-element elementor-element-3d8e34dd\" data-id=\"3d8e34dd\" data-element_type=\"column\">\n\t\t\t<div class=\"elementor-widget-wrap elementor-element-populated\">\n\t\t\t\t\t\t<div class=\"elementor-element elementor-element-61d3f421 elementor-widget elementor-widget-text-editor\" data-id=\"61d3f421\" data-element_type=\"widget\" data-widget_type=\"text-editor.default\">\n\t\t\t\t<div class=\"elementor-widget-container\">\n\t\t\t\t\t\t\t\t\t<p>Pour garantir la coh\u00e9rence avec la marque ANYLOAD, il est recommand\u00e9 de n'utiliser que la conception de logo la plus r\u00e9cente pour votre mat\u00e9riel de marketing. Veuillez s\u00e9lectionner la conception de logo appropri\u00e9e parmi les options propos\u00e9es ci-dessous.<\/p><p>Pour les documents Word, Excel ou PowerPoint, veuillez utiliser le format JPG. Pour les documents multim\u00e9dias ou les sites web, les formats JPG et GIF conviennent tous deux. Si vous concevez des documents destin\u00e9s \u00e0 l'impression sur presse offset commerciale \u00e0 l'aide de programmes tels qu'Adobe Illustrator et Adobe InDesign, le format AI est le plus optimal.<\/p><p>Pour l'impression en couleur, nous recommandons d'utiliser la barre rouge et le logo noir sur fond blanc, ou la barre rouge et le logo blanc sur fond noir. En cas d'impression en une couleur (noir sur blanc), veuillez utiliser la barre grise et le logo noir.<\/p><hr \/><p><a href=\"https:\/\/www.anyload.com\/wp-content\/uploads\/2024\/01\/ANYLOAD-MapleRed.svg\"><img decoding=\"async\" class=\"alignnone wp-image-25983\" src=\"https:\/\/www.anyload.com\/wp-content\/uploads\/2024\/01\/ANYLOAD-MapleRed.svg\" alt=\"\" width=\"300\" height=\"62\" \/><\/a> <b>Formats :<\/b> \"jpg, png, ai\" <span style=\"color: #3366ff;\"><a style=\"color: #3366ff;\" href=\"https:\/\/www.anyload.com\/wp-content\/uploads\/2023\/03\/ANYLOAD-Red.zip\">T\u00e9l\u00e9charger Zip<\/a><\/span><\/p><hr \/><hr \/><p><a href=\"https:\/\/www.anyload.com\/wp-content\/uploads\/2024\/01\/ANYLOAD-DeepBlue.svg\"><img decoding=\"async\" class=\"alignnone wp-image-25989\" src=\"https:\/\/www.anyload.com\/wp-content\/uploads\/2024\/01\/ANYLOAD-DeepBlue.svg\" alt=\"\" width=\"300\" height=\"62\" \/><\/a><b>Formats :<\/b> \"jpg, png, ai\" <span style=\"color: #3366ff;\"><a style=\"color: #3366ff;\" href=\"https:\/\/www.anyload.com\/wp-content\/uploads\/2023\/03\/ANYLOAD-Black.zip\">T\u00e9l\u00e9charger Zip<\/a><\/span><\/p><hr \/><hr \/><p><a href=\"https:\/\/www.anyload.com\/wp-content\/uploads\/2023\/03\/AL_Black_550x120.jpg\"> \u00a0 <\/a><a href=\"https:\/\/www.anyload.com\/wp-content\/uploads\/2023\/03\/AL_White_550x120.jpg\"><img decoding=\"async\" class=\"alignnone wp-image-20722 size-medium\" src=\"https:\/\/www.anyload.com\/wp-content\/uploads\/2023\/03\/AL_White_550x120-300x66.jpg\" alt=\"\" width=\"300\" height=\"66\" srcset=\"https:\/\/www.anyload.com\/wp-content\/uploads\/2023\/03\/AL_White_550x120-300x66.jpg 300w, https:\/\/www.anyload.com\/wp-content\/uploads\/2023\/03\/AL_White_550x120-500x110.jpg 500w, https:\/\/www.anyload.com\/wp-content\/uploads\/2023\/03\/AL_White_550x120-421x92.jpg 421w, https:\/\/www.anyload.com\/wp-content\/uploads\/2023\/03\/AL_White_550x120.jpg 551w\" sizes=\"(max-width: 300px) 100vw, 300px\" \/> \u00a0 <\/a><b>Formats :<\/b> \"jpg, png, ai\" <span style=\"color: #3366ff;\"><a style=\"color: #3366ff;\" href=\"https:\/\/www.anyload.com\/wp-content\/uploads\/2023\/03\/ANYLOAD-White.zip\">T\u00e9l\u00e9charger Zip<\/a><\/span><\/p><hr \/>\t\t\t\t\t\t\t\t<\/div>\n\t\t\t\t<\/div>\n\t\t\t\t\t<\/div>\n\t\t<\/div>\n\t\t\t\t\t<\/div>\n\t\t<\/section>\n\t\t\t\t<\/div>","protected":false},"excerpt":{"rendered":"<p>To ensure consistency with the ANYLOAD brand, it is recommended to use only the most up-to-date logo design for your [&hellip;]<\/p>","protected":false},"author":4,"featured_media":0,"parent":0,"menu_order":0,"comment_status":"closed","ping_status":"closed","template":"","meta":{"_acf_changed":false,"site-sidebar-layout":"left-sidebar","site-content-layout":"","ast-site-content-layout":"default","site-content-style":"default","site-sidebar-style":"default","ast-global-header-display":"","ast-banner-title-visibility":"","ast-main-header-display":"","ast-hfb-above-header-display":"","ast-hfb-below-header-display":"","ast-hfb-mobile-header-display":"","site-post-title":"","ast-breadcrumbs-content":"","ast-featured-img":"","footer-sml-layout":"","ast-disable-related-posts":"","theme-transparent-header-meta":"","adv-header-id-meta":"","stick-header-meta":"","header-above-stick-meta":"","header-main-stick-meta":"","header-below-stick-meta":"","astra-migrate-meta-layouts":"default","ast-page-background-enabled":"default","ast-page-background-meta":{"desktop":{"background-color":"var(--ast-global-color-4)","background-image":"","background-repeat":"repeat","background-position":"center center","background-size":"auto","background-attachment":"scroll","background-type":"","background-media":"","overlay-type":"","overlay-color":"","overlay-opacity":"","overlay-gradient":""},"tablet":{"background-color":"","background-image":"","background-repeat":"repeat","background-position":"center center","background-size":"auto","background-attachment":"scroll","background-type":"","background-media":"","overlay-type":"","overlay-color":"","overlay-opacity":"","overlay-gradient":""},"mobile":{"background-color":"","background-image":"","background-repeat":"repeat","background-position":"center center","background-size":"auto","background-attachment":"scroll","background-type":"","background-media":"","overlay-type":"","overlay-color":"","overlay-opacity":"","overlay-gradient":""}},"ast-content-background-meta":{"desktop":{"background-color":"var(--ast-global-color-5)","background-image":"","background-repeat":"repeat","background-position":"center center","background-size":"auto","background-attachment":"scroll","background-type":"","background-media":"","overlay-type":"","overlay-color":"","overlay-opacity":"","overlay-gradient":""},"tablet":{"background-color":"var(--ast-global-color-5)","background-image":"","background-repeat":"repeat","background-position":"center center","background-size":"auto","background-attachment":"scroll","background-type":"","background-media":"","overlay-type":"","overlay-color":"","overlay-opacity":"","overlay-gradient":""},"mobile":{"background-color":"var(--ast-global-color-5)","background-image":"","background-repeat":"repeat","background-position":"center center","background-size":"auto","background-attachment":"scroll","background-type":"","background-media":"","overlay-type":"","overlay-color":"","overlay-opacity":"","overlay-gradient":""}},"footnotes":""},"class_list":["post-20718","page","type-page","status-publish","hentry"],"acf":[],"_links":{"self":[{"href":"https:\/\/www.anyload.com\/fr\/wp-json\/wp\/v2\/pages\/20718","targetHints":{"allow":["GET"]}}],"collection":[{"href":"https:\/\/www.anyload.com\/fr\/wp-json\/wp\/v2\/pages"}],"about":[{"href":"https:\/\/www.anyload.com\/fr\/wp-json\/wp\/v2\/types\/page"}],"author":[{"embeddable":true,"href":"https:\/\/www.anyload.com\/fr\/wp-json\/wp\/v2\/users\/4"}],"replies":[{"embeddable":true,"href":"https:\/\/www.anyload.com\/fr\/wp-json\/wp\/v2\/comments?post=20718"}],"version-history":[{"count":0,"href":"https:\/\/www.anyload.com\/fr\/wp-json\/wp\/v2\/pages\/20718\/revisions"}],"wp:attachment":[{"href":"https:\/\/www.anyload.com\/fr\/wp-json\/wp\/v2\/media?parent=20718"}],"curies":[{"name":"wp","href":"https:\/\/api.w.org\/{rel}","templated":true}]}}