{"id":20629,"date":"2023-02-09T14:36:47","date_gmt":"2023-02-09T22:36:47","guid":{"rendered":"https:\/\/www.anyload.com\/?page_id=20629"},"modified":"2025-03-06T10:24:23","modified_gmt":"2025-03-06T18:24:23","slug":"normes-du-travail","status":"publish","type":"page","link":"https:\/\/www.anyload.com\/fr\/normes-du-travail\/","title":{"rendered":"Normes du travail"},"content":{"rendered":"<div data-elementor-type=\"wp-page\" data-elementor-id=\"20629\" class=\"elementor elementor-20629\" data-elementor-post-type=\"page\">\n\t\t\t\t\t\t<section class=\"elementor-section elementor-top-section elementor-element elementor-element-25bd5459 elementor-section-boxed elementor-section-height-default elementor-section-height-default\" data-id=\"25bd5459\" data-element_type=\"section\">\n\t\t\t\t\t\t<div class=\"elementor-container elementor-column-gap-default\">\n\t\t\t\t\t<div class=\"elementor-column elementor-col-100 elementor-top-column elementor-element elementor-element-2d184a75\" data-id=\"2d184a75\" data-element_type=\"column\">\n\t\t\t<div class=\"elementor-widget-wrap elementor-element-populated\">\n\t\t\t\t\t\t<div class=\"elementor-element elementor-element-372872d elementor-widget elementor-widget-image\" data-id=\"372872d\" data-element_type=\"widget\" data-widget_type=\"image.default\">\n\t\t\t\t<div class=\"elementor-widget-container\">\n\t\t\t\t\t\t\t\t\t\t\t\t\t\t\t<img fetchpriority=\"high\" decoding=\"async\" width=\"1024\" height=\"444\" src=\"https:\/\/www.anyload.com\/wp-content\/uploads\/2023\/12\/industrial-engineer-programming-machine-control-panel-scaled-e1728408019606-1024x444.jpg\" class=\"attachment-large size-large wp-image-24556\" alt=\"\" srcset=\"https:\/\/www.anyload.com\/wp-content\/uploads\/2023\/12\/industrial-engineer-programming-machine-control-panel-scaled-e1728408019606-1024x444.jpg 1024w, https:\/\/www.anyload.com\/wp-content\/uploads\/2023\/12\/industrial-engineer-programming-machine-control-panel-scaled-e1728408019606-500x217.jpg 500w, https:\/\/www.anyload.com\/wp-content\/uploads\/2023\/12\/industrial-engineer-programming-machine-control-panel-scaled-e1728408019606-450x195.jpg 450w, https:\/\/www.anyload.com\/wp-content\/uploads\/2023\/12\/industrial-engineer-programming-machine-control-panel-scaled-e1728408019606-768x333.jpg 768w, https:\/\/www.anyload.com\/wp-content\/uploads\/2023\/12\/industrial-engineer-programming-machine-control-panel-scaled-e1728408019606-1536x665.jpg 1536w, https:\/\/www.anyload.com\/wp-content\/uploads\/2023\/12\/industrial-engineer-programming-machine-control-panel-scaled-e1728408019606-2048x887.jpg 2048w\" sizes=\"(max-width: 1024px) 100vw, 1024px\" \/>\t\t\t\t\t\t\t\t\t\t\t\t\t\t\t<\/div>\n\t\t\t\t<\/div>\n\t\t\t\t<div class=\"elementor-element elementor-element-51d1a45 elementor-widget elementor-widget-text-editor\" data-id=\"51d1a45\" data-element_type=\"widget\" data-widget_type=\"text-editor.default\">\n\t\t\t\t<div class=\"elementor-widget-container\">\n\t\t\t\t\t\t\t\t\t<p><span data-teams=\"true\">Chez ANYLOAD, nous ne nous contentons pas de cr\u00e9er des cellules de charge et des syst\u00e8mes de pesage de haute qualit\u00e9, nous les construisons de mani\u00e8re responsable. Nos pratiques \u00e9thiques en mati\u00e8re de travail font partie int\u00e9grante de notre identit\u00e9, soutenue par la conformit\u00e9 aux normes ISO 9001:2015 et ISO 45001:2018. Ces certifications soulignent non seulement notre engagement en faveur de la qualit\u00e9 et de la s\u00e9curit\u00e9, mais aussi notre volont\u00e9 in\u00e9branlable de favoriser un environnement respectueux et favorable pour chaque employ\u00e9<\/span>. Pour des d\u00e9tails sp\u00e9cifiques sur la conformit\u00e9, <span style=\"text-decoration: underline; color: #3366ff;\"> <a style=\"color: #3366ff; text-decoration: underline;\" href=\"https:\/\/www.anyload.com\/fr\/contact\/\"> cliquez ici pour nous contacter.<\/a><\/span><\/p>\t\t\t\t\t\t\t\t<\/div>\n\t\t\t\t<\/div>\n\t\t\t\t<div class=\"elementor-element elementor-element-ba075ab elementor-widget elementor-widget-heading\" data-id=\"ba075ab\" data-element_type=\"widget\" data-widget_type=\"heading.default\">\n\t\t\t\t<div class=\"elementor-widget-container\">\n\t\t\t\t\t<h2 class=\"elementor-heading-title elementor-size-default\">Des employ\u00e9s heureux, des produits de qualit\u00e9<\/h2>\t\t\t\t<\/div>\n\t\t\t\t<\/div>\n\t\t\t\t<div class=\"elementor-element elementor-element-349e909 elementor-widget elementor-widget-text-editor\" data-id=\"349e909\" data-element_type=\"widget\" data-widget_type=\"text-editor.default\">\n\t\t\t\t<div class=\"elementor-widget-container\">\n\t\t\t\t\t\t\t\t\t<p>Nous sommes convaincus qu'une main-d'\u0153uvre loyale et bien soutenue se traduit directement par des produits de qualit\u00e9 sup\u00e9rieure. En offrant des salaires comp\u00e9titifs, des avantages sociaux complets et des possibilit\u00e9s de d\u00e9veloppement professionnel, nous cultivons une grande satisfaction et maintenons des taux de rotation tr\u00e8s bas. Notre personnel de production a en moyenne plus de cinq ans d'exp\u00e9rience, tandis que nos chefs de service ont souvent plus de dix ans d'exp\u00e9rience au sein de l'entreprise. Ce vaste r\u00e9servoir de comp\u00e9tences et d'exp\u00e9rience garantit l'excellence constante de la fabrication, conform\u00e9ment \u00e0 notre promesse de fournir des produits sans compromis.<\/p>\t\t\t\t\t\t\t\t<\/div>\n\t\t\t\t<\/div>\n\t\t<div class=\"elementor-element elementor-element-4b38473 e-grid e-con-boxed e-con e-child\" data-id=\"4b38473\" data-element_type=\"container\">\n\t\t\t\t\t<div class=\"e-con-inner\">\n\t\t<div class=\"elementor-element elementor-element-6014789 e-flex e-con-boxed e-con e-child\" data-id=\"6014789\" data-element_type=\"container\">\n\t\t\t\t\t<div class=\"e-con-inner\">\n\t\t\t\t<div class=\"elementor-element elementor-element-a043d31 elementor-widget elementor-widget-text-editor\" data-id=\"a043d31\" data-element_type=\"widget\" data-widget_type=\"text-editor.default\">\n\t\t\t\t<div class=\"elementor-widget-container\">\n\t\t\t\t\t\t\t\t\t<p style=\"text-align: center;\">5+ ans<\/p>\t\t\t\t\t\t\t\t<\/div>\n\t\t\t\t<\/div>\n\t\t\t\t<div class=\"elementor-element elementor-element-9b5db2a elementor-widget elementor-widget-text-editor\" data-id=\"9b5db2a\" data-element_type=\"widget\" data-widget_type=\"text-editor.default\">\n\t\t\t\t<div class=\"elementor-widget-container\">\n\t\t\t\t\t\t\t\t\t<p style=\"text-align: center;\"><span data-teams=\"true\">Exp\u00e9rience moyenne d'un travailleur \u00e0 la cha\u00eene chez ANYLOAD<\/span><\/p>\t\t\t\t\t\t\t\t<\/div>\n\t\t\t\t<\/div>\n\t\t\t\t\t<\/div>\n\t\t\t\t<\/div>\n\t\t<div class=\"elementor-element elementor-element-8a55a3d e-flex e-con-boxed e-con e-child\" data-id=\"8a55a3d\" data-element_type=\"container\">\n\t\t\t\t\t<div class=\"e-con-inner\">\n\t\t\t\t<div class=\"elementor-element elementor-element-cf396dd elementor-widget elementor-widget-text-editor\" data-id=\"cf396dd\" data-element_type=\"widget\" data-widget_type=\"text-editor.default\">\n\t\t\t\t<div class=\"elementor-widget-container\">\n\t\t\t\t\t\t\t\t\t<p style=\"text-align: center;\">10 ans et plus<\/p>\t\t\t\t\t\t\t\t<\/div>\n\t\t\t\t<\/div>\n\t\t\t\t<div class=\"elementor-element elementor-element-0ee4997 elementor-widget elementor-widget-text-editor\" data-id=\"0ee4997\" data-element_type=\"widget\" data-widget_type=\"text-editor.default\">\n\t\t\t\t<div class=\"elementor-widget-container\">\n\t\t\t\t\t\t\t\t\t<p style=\"text-align: center;\">Exp\u00e9rience moyenne d'un chef de service chez ANYLOAD<\/p>\t\t\t\t\t\t\t\t<\/div>\n\t\t\t\t<\/div>\n\t\t\t\t\t<\/div>\n\t\t\t\t<\/div>\n\t\t<div class=\"elementor-element elementor-element-6801b43 e-flex e-con-boxed e-con e-child\" data-id=\"6801b43\" data-element_type=\"container\">\n\t\t\t\t\t<div class=\"e-con-inner\">\n\t\t\t\t<div class=\"elementor-element elementor-element-7852a7b elementor-widget elementor-widget-text-editor\" data-id=\"7852a7b\" data-element_type=\"widget\" data-widget_type=\"text-editor.default\">\n\t\t\t\t<div class=\"elementor-widget-container\">\n\t\t\t\t\t\t\t\t\t<p style=\"text-align: center;\">0 Entrepreneurs<\/p>\t\t\t\t\t\t\t\t<\/div>\n\t\t\t\t<\/div>\n\t\t\t\t<div class=\"elementor-element elementor-element-fd3afaf elementor-widget elementor-widget-text-editor\" data-id=\"fd3afaf\" data-element_type=\"widget\" data-widget_type=\"text-editor.default\">\n\t\t\t\t<div class=\"elementor-widget-container\">\n\t\t\t\t\t\t\t\t\t<p style=\"text-align: center;\">Ligne de production avec un personnel complet sans recours \u00e0 des sous-traitants<\/p>\t\t\t\t\t\t\t\t<\/div>\n\t\t\t\t<\/div>\n\t\t\t\t\t<\/div>\n\t\t\t\t<\/div>\n\t\t\t\t\t<\/div>\n\t\t\t\t<\/div>\n\t\t\t\t\t<\/div>\n\t\t<\/div>\n\t\t\t\t\t<\/div>\n\t\t<\/section>\n\t\t<div class=\"elementor-element elementor-element-0da72d2 e-flex e-con-boxed e-con e-parent\" data-id=\"0da72d2\" data-element_type=\"container\">\n\t\t\t\t\t<div class=\"e-con-inner\">\n\t\t\t\t<div class=\"elementor-element elementor-element-6181245 elementor-widget elementor-widget-heading\" data-id=\"6181245\" data-element_type=\"widget\" data-widget_type=\"heading.default\">\n\t\t\t\t<div class=\"elementor-widget-container\">\n\t\t\t\t\t<h2 class=\"elementor-heading-title elementor-size-default\">S\u00e9curit\u00e9 des employ\u00e9s<\/h2>\t\t\t\t<\/div>\n\t\t\t\t<\/div>\n\t\t\t\t<div class=\"elementor-element elementor-element-b30b21f elementor-widget elementor-widget-text-editor\" data-id=\"b30b21f\" data-element_type=\"widget\" data-widget_type=\"text-editor.default\">\n\t\t\t\t<div class=\"elementor-widget-container\">\n\t\t\t\t\t\t\t\t\t<p><span data-teams=\"true\">La formation r\u00e9guli\u00e8re \u00e0 la s\u00e9curit\u00e9 est au c\u0153ur de nos activit\u00e9s. Nous organisons des sessions fr\u00e9quentes et compl\u00e8tes afin de tenir chaque membre de l'\u00e9quipe au courant des protocoles les plus r\u00e9cents et des exigences r\u00e9glementaires. Nous adh\u00e9rons \u00e0 toutes les normes d'audit gouvernementales et externes et traitons rapidement toute constatation. En prot\u00e9geant nos employ\u00e9s, nous prot\u00e9geons nos produits, ce qui renforce la fiabilit\u00e9 \u00e0 tous les niveaux de la production.<\/span><\/p>\t\t\t\t\t\t\t\t<\/div>\n\t\t\t\t<\/div>\n\t\t\t\t\t<\/div>\n\t\t\t\t<\/div>\n\t\t<div class=\"elementor-element elementor-element-893a7ae e-grid e-con-boxed e-con e-parent\" data-id=\"893a7ae\" data-element_type=\"container\">\n\t\t\t\t\t<div class=\"e-con-inner\">\n\t\t\t\t<div class=\"elementor-element elementor-element-4597f24 elementor-widget elementor-widget-heading\" data-id=\"4597f24\" data-element_type=\"widget\" data-widget_type=\"heading.default\">\n\t\t\t\t<div class=\"elementor-widget-container\">\n\t\t\t\t\t<h2 class=\"elementor-heading-title elementor-size-default\">Int\u00e9grit\u00e9 du personnel<\/h2>\t\t\t\t<\/div>\n\t\t\t\t<\/div>\n\t\t\t\t<div class=\"elementor-element elementor-element-693edc7 elementor-widget elementor-widget-heading\" data-id=\"693edc7\" data-element_type=\"widget\" data-widget_type=\"heading.default\">\n\t\t\t\t<div class=\"elementor-widget-container\">\n\t\t\t\t\t<h2 class=\"elementor-heading-title elementor-size-default\">Validation par un tiers<\/h2>\t\t\t\t<\/div>\n\t\t\t\t<\/div>\n\t\t\t\t<div class=\"elementor-element elementor-element-155661b elementor-widget elementor-widget-text-editor\" data-id=\"155661b\" data-element_type=\"widget\" data-widget_type=\"text-editor.default\">\n\t\t\t\t<div class=\"elementor-widget-container\">\n\t\t\t\t\t\t\t\t\t<p>Nous n'employons qu'une main-d'\u0153uvre locale et directe, \u00e9vitant de faire appel \u00e0 des travailleurs migrants ou \u00e0 des sous-traitants. Cette approche permet une surveillance compl\u00e8te de nos pratiques de travail et favorise un fort sentiment d'appartenance \u00e0 la communaut\u00e9 au sein de notre \u00e9quipe. Nous interdisons toute forme de travail forc\u00e9 ou d'emprisonnement et appliquons des politiques transparentes qui d\u00e9passent les normes internationales. Notre taux de r\u00e9tention \u00e9lev\u00e9 souligne la loyaut\u00e9 de notre \u00e9quipe et l'environnement accueillant que nous avons cr\u00e9\u00e9.<\/p>\t\t\t\t\t\t\t\t<\/div>\n\t\t\t\t<\/div>\n\t\t\t\t<div class=\"elementor-element elementor-element-9ad0ca3 elementor-widget elementor-widget-text-editor\" data-id=\"9ad0ca3\" data-element_type=\"widget\" data-widget_type=\"text-editor.default\">\n\t\t\t\t<div class=\"elementor-widget-container\">\n\t\t\t\t\t\t\t\t\t<p>Nos certifications ISO 45001 et ISO 9001 sont v\u00e9rifi\u00e9es chaque ann\u00e9e par des agences d'accr\u00e9ditation ind\u00e9pendantes, ce qui garantit que nous respectons ou d\u00e9passons constamment les normes mondiales en mati\u00e8re de sant\u00e9 et de s\u00e9curit\u00e9 au travail et de gestion de la qualit\u00e9. Nombre de nos clients effectuent \u00e9galement leurs propres audits de fournisseurs, en examinant tous les aspects, de la tra\u00e7abilit\u00e9 de la cha\u00eene d'approvisionnement \u00e0 l'int\u00e9grit\u00e9 de la main-d'\u0153uvre. Ces validations externes confirment notre engagement \u00e0 mener des op\u00e9rations \u00e9thiques et responsables \u00e0 chaque \u00e9tape de la production.<\/p>\t\t\t\t\t\t\t\t<\/div>\n\t\t\t\t<\/div>\n\t\t\t\t\t<\/div>\n\t\t\t\t<\/div>\n\t\t<div class=\"elementor-element elementor-element-02f1b1e e-flex e-con-boxed e-con e-parent\" data-id=\"02f1b1e\" data-element_type=\"container\">\n\t\t\t\t\t<div class=\"e-con-inner\">\n\t\t\t\t<div class=\"elementor-element elementor-element-c2708b0 elementor-widget elementor-widget-heading\" data-id=\"c2708b0\" data-element_type=\"widget\" data-widget_type=\"heading.default\">\n\t\t\t\t<div class=\"elementor-widget-container\">\n\t\t\t\t\t<h2 class=\"elementor-heading-title elementor-size-default\">Valeurs de la gestion du travail<\/h2>\t\t\t\t<\/div>\n\t\t\t\t<\/div>\n\t\t\t\t<div class=\"elementor-element elementor-element-8b4a3e9 elementor-widget elementor-widget-text-editor\" data-id=\"8b4a3e9\" data-element_type=\"widget\" data-widget_type=\"text-editor.default\">\n\t\t\t\t<div class=\"elementor-widget-container\">\n\t\t\t\t\t\t\t\t\t<p>Nos normes de travail vont au-del\u00e0 des exigences l\u00e9gales ; elles incarnent notre engagement en faveur d'une fabrication \u00e9thique. Nous sommes conscients de la confiance que nous accordent nos clients, non seulement pour la qualit\u00e9 de nos produits, mais aussi pour l'int\u00e9grit\u00e9 de nos processus. En investissant dans notre personnel, nous maintenons une main-d'\u0153uvre d\u00e9di\u00e9e \u00e0 l'innovation et \u00e0 l'artisanat, ce qui nous permet de fournir des capteurs de pesage et des syst\u00e8mes de pesage fiables et sans compromis.<\/p><p>Pour plus d'informations sur nos normes de travail ou pour savoir comment nos certifications ISO 45001 et ISO 9001 profitent \u00e0 nos clients, veuillez cliquer ici. <span style=\"color: #3366ff;\"><a style=\"color: #3366ff;\" target=\"_blank\" rel=\"noreferrer noopener\">nous contacter<\/a>.<\/span> Nous nous r\u00e9jouissons de travailler avec vous \u00e0 la construction d'un avenir plus s\u00fbr et plus responsable.<\/p><p>Pour en savoir plus sur la norme ISO45001:2018, veuillez consulter le site officiel de l'ISO : <span style=\"color: #3366ff;\"><a id=\"menur1b2\" class=\"fui-Link ___1q1shib f2hkw1w f3rmtva f1ewtqcl fyind8e f1k6fduh f1w7gpdv fk6fouc fjoy568 figsok6 f1s184ao f1mk8lai fnbmjn9 f1o700av f13mvf36 f1cmlufx f9n3di6 f1ids18y f1tx3yz7 f1deo86v f1eh06m1 f1iescvh fhgqx19 f1olyrje f1p93eir f1nev41a f1h8hb77 f1lqvz6u f10aw75t fsle3fq f17ae5zn\" style=\"color: #3366ff;\" title=\"https:\/\/www.iso.org\/standard\/63787.html\" href=\"https:\/\/www.iso.org\/standard\/63787.html\" target=\"_blank\" rel=\"noreferrer noopener\" aria-label=\"Lien https:\/\/www.iso.org\/standard\/63787.html\">https:\/\/www.iso.org\/standard\/63787.html<\/a><\/span><\/p><p>Pour plus d'informations sur nos initiatives en mati\u00e8re de d\u00e9veloppement durable, veuillez consulter <span style=\"color: #3366ff;\"><a style=\"color: #3366ff;\" href=\"https:\/\/www.anyload.com\/fr\/contact\/\" target=\"_blank\" rel=\"noreferrer noopener\">nous contacter<\/a><\/span>. Nous nous r\u00e9jouissons de travailler en partenariat avec vous pour construire un avenir plus durable.<\/p>\t\t\t\t\t\t\t\t<\/div>\n\t\t\t\t<\/div>\n\t\t\t\t\t<\/div>\n\t\t\t\t<\/div>\n\t\t\t\t<\/div>","protected":false},"excerpt":{"rendered":"<p>At ANYLOAD, we do more than create high-quality load cells and weighing systems\u2014we build them responsibly. Our ethical labor practices [&hellip;]<\/p>","protected":false},"author":4,"featured_media":0,"parent":0,"menu_order":0,"comment_status":"closed","ping_status":"closed","template":"","meta":{"_acf_changed":false,"site-sidebar-layout":"left-sidebar","site-content-layout":"","ast-site-content-layout":"default","site-content-style":"default","site-sidebar-style":"default","ast-global-header-display":"","ast-banner-title-visibility":"","ast-main-header-display":"","ast-hfb-above-header-display":"","ast-hfb-below-header-display":"","ast-hfb-mobile-header-display":"","site-post-title":"","ast-breadcrumbs-content":"","ast-featured-img":"","footer-sml-layout":"","ast-disable-related-posts":"","theme-transparent-header-meta":"","adv-header-id-meta":"","stick-header-meta":"","header-above-stick-meta":"","header-main-stick-meta":"","header-below-stick-meta":"","astra-migrate-meta-layouts":"default","ast-page-background-enabled":"default","ast-page-background-meta":{"desktop":{"background-color":"var(--ast-global-color-4)","background-image":"","background-repeat":"repeat","background-position":"center center","background-size":"auto","background-attachment":"scroll","background-type":"","background-media":"","overlay-type":"","overlay-color":"","overlay-opacity":"","overlay-gradient":""},"tablet":{"background-color":"","background-image":"","background-repeat":"repeat","background-position":"center center","background-size":"auto","background-attachment":"scroll","background-type":"","background-media":"","overlay-type":"","overlay-color":"","overlay-opacity":"","overlay-gradient":""},"mobile":{"background-color":"","background-image":"","background-repeat":"repeat","background-position":"center center","background-size":"auto","background-attachment":"scroll","background-type":"","background-media":"","overlay-type":"","overlay-color":"","overlay-opacity":"","overlay-gradient":""}},"ast-content-background-meta":{"desktop":{"background-color":"var(--ast-global-color-5)","background-image":"","background-repeat":"repeat","background-position":"center center","background-size":"auto","background-attachment":"scroll","background-type":"","background-media":"","overlay-type":"","overlay-color":"","overlay-opacity":"","overlay-gradient":""},"tablet":{"background-color":"var(--ast-global-color-5)","background-image":"","background-repeat":"repeat","background-position":"center center","background-size":"auto","background-attachment":"scroll","background-type":"","background-media":"","overlay-type":"","overlay-color":"","overlay-opacity":"","overlay-gradient":""},"mobile":{"background-color":"var(--ast-global-color-5)","background-image":"","background-repeat":"repeat","background-position":"center center","background-size":"auto","background-attachment":"scroll","background-type":"","background-media":"","overlay-type":"","overlay-color":"","overlay-opacity":"","overlay-gradient":""}},"footnotes":""},"class_list":["post-20629","page","type-page","status-publish","hentry"],"acf":[],"_links":{"self":[{"href":"https:\/\/www.anyload.com\/fr\/wp-json\/wp\/v2\/pages\/20629","targetHints":{"allow":["GET"]}}],"collection":[{"href":"https:\/\/www.anyload.com\/fr\/wp-json\/wp\/v2\/pages"}],"about":[{"href":"https:\/\/www.anyload.com\/fr\/wp-json\/wp\/v2\/types\/page"}],"author":[{"embeddable":true,"href":"https:\/\/www.anyload.com\/fr\/wp-json\/wp\/v2\/users\/4"}],"replies":[{"embeddable":true,"href":"https:\/\/www.anyload.com\/fr\/wp-json\/wp\/v2\/comments?post=20629"}],"version-history":[{"count":0,"href":"https:\/\/www.anyload.com\/fr\/wp-json\/wp\/v2\/pages\/20629\/revisions"}],"wp:attachment":[{"href":"https:\/\/www.anyload.com\/fr\/wp-json\/wp\/v2\/media?parent=20629"}],"curies":[{"name":"wp","href":"https:\/\/api.w.org\/{rel}","templated":true}]}}