{"id":9566,"date":"2015-04-17T09:46:32","date_gmt":"2015-04-17T16:46:32","guid":{"rendered":"http:\/\/anyloadgroup.com\/?post_type=product&#038;p=9566"},"modified":"2025-12-19T13:33:45","modified_gmt":"2025-12-19T21:33:45","slug":"es310-postal-and-shipping-scale","status":"publish","type":"product","link":"https:\/\/www.anyload.com\/es\/producto\/es310-postal-and-shipping-scale\/","title":{"rendered":"ES310 Balanza postal y de env\u00edos"},"content":{"rendered":"<p><span style=\"text-decoration: underline;\"><strong>Descripci\u00f3n:\u00a0<\/strong><\/span><\/p>\n<p>Las b\u00e1sculas postales y de env\u00edos ES310 son un activo excelente para entornos de oficina y almac\u00e9n en los que los env\u00edos diarios son un requisito habitual. La balanza de paqueter\u00eda de la serie ES310 incluye un indicador digital r\u00e1pido y estable con diversas funciones, como apagado autom\u00e1tico, calibraci\u00f3n autom\u00e1tica, seguimiento autom\u00e1tico del cero y un bot\u00f3n de unidades para cambiar entre kilogramos, libras y funci\u00f3n de recuento. La ES310 tiene una plataforma de acero inoxidable.<\/p>\n<p><span style=\"text-decoration: underline;\"><strong>Caracter\u00edsticas:\u00a0<\/strong><\/span><\/p>\n<ul>\n<li>Auto-calibration and stability indication<\/li>\n<li>Capacidad: 150 kg (divisi\u00f3n 50 g)<\/li>\n<li>Fuente de alimentaci\u00f3n: adaptador de CA 110 V 50\/60 Hz (incluido); o 4 pilas AAA (no incluidas)<\/li>\n<li>Pantalla LCD de 5 d\u00edgitos con retroiluminaci\u00f3n autom\u00e1tica de alto contraste<\/li>\n<li>Bandeja extra\u00edble de acero inoxidable<\/li>\n<li>One unit button to switch between kilograms (kg), pounds (lb), and counting function<\/li>\n<\/ul>\n<p>&nbsp;<\/p>\n<table border=\"1\" cellspacing=\"0\" cellpadding=\"0\">\n<tbody>\n<tr>\n<td valign=\"top\" width=\"319\">Capacidad\/Divisi\u00f3n<\/td>\n<td valign=\"top\" width=\"319\">150kg x 50g<\/td>\n<\/tr>\n<tr>\n<td valign=\"top\" width=\"319\">Fuente de alimentaci\u00f3n<\/td>\n<td valign=\"top\" width=\"319\">Adaptador de CA 110 V 50\/60 Hz (incluido), o 4 pilas AAA (no incluidas)<\/td>\n<\/tr>\n<tr>\n<td valign=\"top\" width=\"319\">Unidades de medida<\/td>\n<td valign=\"top\" width=\"319\">kg, lb<\/td>\n<\/tr>\n<tr>\n<td valign=\"top\" width=\"319\">Tipo de pantalla<\/td>\n<td valign=\"top\" width=\"319\">LCD<\/td>\n<\/tr>\n<tr>\n<td valign=\"top\" width=\"319\">D\u00edgitos de la pantalla<\/td>\n<td valign=\"top\" width=\"319\">5 cifras<\/td>\n<\/tr>\n<tr>\n<td valign=\"top\" width=\"319\">D\u00edgitos Altura<\/td>\n<td valign=\"top\" width=\"319\">17,8 mm\/0,7 pulgadas<\/td>\n<\/tr>\n<tr>\n<td valign=\"top\" width=\"319\">Escala Tama\u00f1o del cuerpo<\/td>\n<td valign=\"top\" width=\"319\">40 cm x 35 cm x 4,8 cm\/15,7 pulg. x 13,8 pulg. x 1,89 pulg.<\/td>\n<\/tr>\n<tr>\n<td valign=\"top\" width=\"319\">Tama\u00f1o de la bandeja<\/td>\n<td valign=\"top\" width=\"319\">40cm x 35cm\/15.7in x 13.8in<\/td>\n<\/tr>\n<tr>\n<td valign=\"top\" width=\"319\">Material de la bandeja<\/td>\n<td valign=\"top\" width=\"319\">Acero inoxidable<\/td>\n<\/tr>\n<tr>\n<td valign=\"top\" width=\"319\">Temperatura de trabajo<\/td>\n<td valign=\"top\" width=\"319\">10\u00b0C a 40\u00b0C\/50\u00b0F a 104\u00b0F<\/td>\n<\/tr>\n<\/tbody>\n<\/table>\n<p style=\"text-align: justify;\"><img decoding=\"async\" class=\"alignnone size-full wp-image-3944\" src=\"\/wp-content\/uploads\/2014\/04\/pdf-.png\" alt=\"pdf-\" width=\"25\" height=\"25\" \/> <a title=\"ANYLOAD | ES310 Postal and Shipping Scale\" href=\"http:\/\/www.anyload.com\/wp-content\/uploads\/2017\/05\/Anyload-ES310.pdf\" target=\"_blank\" rel=\"noopener noreferrer\">Descargar ficha t\u00e9cnica<\/a><\/p>\n<p style=\"text-align: justify;\"><img decoding=\"async\" class=\"alignnone size-full wp-image-3944\" src=\"\/wp-content\/uploads\/2014\/04\/pdf-.png\" alt=\"pdf-\" width=\"25\" height=\"25\" \/> <a title=\"ANYLOAD | ES300 Postal and Shipping Scale Manual\" href=\"https:\/\/www.anyload.com\/wp-content\/uploads\/2022\/04\/ES310-postal-shipping-scale-manual-V1611-B.pdf\" target=\"_blank\" rel=\"noopener noreferrer\">Descargar manual<\/a><\/p>","protected":false},"excerpt":{"rendered":"<p><span style=\"text-decoration: underline;\"><strong>Descripci\u00f3n:\u00a0<\/strong><\/span><\/p>\n<p>Las b\u00e1sculas postales y de env\u00edos ES310 son un activo excelente para entornos de oficina y almac\u00e9n en los que los env\u00edos diarios son un requisito habitual. La balanza de paqueter\u00eda de la serie ES310 incluye un indicador digital r\u00e1pido y estable con diversas funciones, como apagado autom\u00e1tico, calibraci\u00f3n autom\u00e1tica, seguimiento autom\u00e1tico del cero y un bot\u00f3n de unidades para cambiar entre kilogramos, libras y funci\u00f3n de recuento. La ES310 tiene una plataforma de acero inoxidable.<\/p>\n<p><span style=\"text-decoration: underline;\"><strong>Caracter\u00edsticas:\u00a0<\/strong><\/span><\/p>\n<ul>\n<li>Capacidad: 150 kg (divisi\u00f3n 50 g)<\/li>\n<li>Fuente de alimentaci\u00f3n: adaptador de CA 110 V 50\/60 Hz (incluido); o 4 pilas AAA (no incluidas)<\/li>\n<li>Pantalla LCD de 5 d\u00edgitos con retroiluminaci\u00f3n autom\u00e1tica de alto contraste<\/li>\n<li>Bandeja extra\u00edble de acero inoxidable<\/li>\n<li>Un bot\u00f3n de unidad para cambiar entre kilogramos, libras y funci\u00f3n de recuento<\/li>\n<\/ul>","protected":false},"featured_media":22285,"template":"","meta":{"_acf_changed":false,"site-sidebar-layout":"default","site-content-layout":"default","ast-site-content-layout":"default","site-content-style":"default","site-sidebar-style":"default","ast-global-header-display":"","ast-banner-title-visibility":"","ast-main-header-display":"","ast-hfb-above-header-display":"","ast-hfb-below-header-display":"","ast-hfb-mobile-header-display":"","site-post-title":"","ast-breadcrumbs-content":"","ast-featured-img":"","footer-sml-layout":"","ast-disable-related-posts":"","theme-transparent-header-meta":"default","adv-header-id-meta":"","stick-header-meta":"default","header-above-stick-meta":"","header-main-stick-meta":"","header-below-stick-meta":"","astra-migrate-meta-layouts":"set","ast-page-background-enabled":"default","ast-page-background-meta":{"desktop":{"background-color":"var(--ast-global-color-4)","background-image":"","background-repeat":"repeat","background-position":"center center","background-size":"auto","background-attachment":"scroll","background-type":"","background-media":"","overlay-type":"","overlay-color":"","overlay-opacity":"","overlay-gradient":""},"tablet":{"background-color":"","background-image":"","background-repeat":"repeat","background-position":"center center","background-size":"auto","background-attachment":"scroll","background-type":"","background-media":"","overlay-type":"","overlay-color":"","overlay-opacity":"","overlay-gradient":""},"mobile":{"background-color":"","background-image":"","background-repeat":"repeat","background-position":"center center","background-size":"auto","background-attachment":"scroll","background-type":"","background-media":"","overlay-type":"","overlay-color":"","overlay-opacity":"","overlay-gradient":""}},"ast-content-background-meta":{"desktop":{"background-color":"var(--ast-global-color-5)","background-image":"","background-repeat":"repeat","background-position":"center center","background-size":"auto","background-attachment":"scroll","background-type":"","background-media":"","overlay-type":"","overlay-color":"","overlay-opacity":"","overlay-gradient":""},"tablet":{"background-color":"var(--ast-global-color-5)","background-image":"","background-repeat":"repeat","background-position":"center center","background-size":"auto","background-attachment":"scroll","background-type":"","background-media":"","overlay-type":"","overlay-color":"","overlay-opacity":"","overlay-gradient":""},"mobile":{"background-color":"var(--ast-global-color-5)","background-image":"","background-repeat":"repeat","background-position":"center center","background-size":"auto","background-attachment":"scroll","background-type":"","background-media":"","overlay-type":"","overlay-color":"","overlay-opacity":"","overlay-gradient":""}}},"product_brand":[],"product_cat":[28,3003],"product_tag":[1512,1513,1516,1517,1514,1515,1508,1509,1510,1511],"industries_product":[],"application_product":[],"class_list":{"0":"post-9566","1":"product","2":"type-product","3":"status-publish","4":"has-post-thumbnail","6":"product_cat-scales","7":"product_cat-other-scales","8":"product_tag-digital-postal-scale","9":"product_tag-digital-postal-scales","10":"product_tag-digital-shipping-scale","11":"product_tag-digital-shipping-scales","12":"product_tag-mailing-scale","13":"product_tag-mailing-scales","14":"product_tag-postal-scale","15":"product_tag-postal-scales","16":"product_tag-shipping-scale","17":"product_tag-shipping-scales","18":"pa_part-number-dd-kc1-indicator","19":"pa_part-number-es310-150kg","20":"desktop-align-center","21":"tablet-align-left","22":"mobile-align-left","23":"ast-product-gallery-layout-horizontal-slider","24":"ast-product-gallery-with-no-image","25":"ast-magnify-disabled","26":"ast-product-single-variable","27":"ast-product-tabs-layout-horizontal","29":"first","30":"instock","31":"shipping-taxable","32":"purchasable","33":"product-type-variable"},"acf":[],"_links":{"self":[{"href":"https:\/\/www.anyload.com\/es\/wp-json\/wp\/v2\/product\/9566","targetHints":{"allow":["GET"]}}],"collection":[{"href":"https:\/\/www.anyload.com\/es\/wp-json\/wp\/v2\/product"}],"about":[{"href":"https:\/\/www.anyload.com\/es\/wp-json\/wp\/v2\/types\/product"}],"wp:featuredmedia":[{"embeddable":true,"href":"https:\/\/www.anyload.com\/es\/wp-json\/wp\/v2\/media\/22285"}],"wp:attachment":[{"href":"https:\/\/www.anyload.com\/es\/wp-json\/wp\/v2\/media?parent=9566"}],"wp:term":[{"taxonomy":"product_brand","embeddable":true,"href":"https:\/\/www.anyload.com\/es\/wp-json\/wp\/v2\/product_brand?post=9566"},{"taxonomy":"product_cat","embeddable":true,"href":"https:\/\/www.anyload.com\/es\/wp-json\/wp\/v2\/product_cat?post=9566"},{"taxonomy":"product_tag","embeddable":true,"href":"https:\/\/www.anyload.com\/es\/wp-json\/wp\/v2\/product_tag?post=9566"},{"taxonomy":"industries_product","embeddable":true,"href":"https:\/\/www.anyload.com\/es\/wp-json\/wp\/v2\/industries_product?post=9566"},{"taxonomy":"application_product","embeddable":true,"href":"https:\/\/www.anyload.com\/es\/wp-json\/wp\/v2\/application_product?post=9566"}],"curies":[{"name":"wp","href":"https:\/\/api.w.org\/{rel}","templated":true}]}}