{"id":8600,"date":"2014-10-09T12:24:55","date_gmt":"2014-10-09T19:24:55","guid":{"rendered":"http:\/\/anyloadgroup.com\/?post_type=product&#038;p=8600"},"modified":"2025-12-19T13:39:22","modified_gmt":"2025-12-19T21:39:22","slug":"es-a-series-precision-balance","status":"publish","type":"product","link":"https:\/\/www.anyload.com\/es\/producto\/es-a-series-precision-balance\/","title":{"rendered":"ES-A Series Precision Balance"},"content":{"rendered":"<ul>\n<li>Capacities: 3kg, 5kg<\/li>\n<li>Power Source: AC adaptor 6V 200mA (included), 4 x AA batteries (not included)<\/li>\n<li>Pantalla LCD de 5 d\u00edgitos con retroiluminaci\u00f3n autom\u00e1tica de alto contraste<\/li>\n<li>Bandeja extra\u00edble de acero inoxidable<\/li>\n<li>ABS scale enclosure<\/li>\n<\/ul>\n<p>ANYLOAD ES-A series precision balance incorporates a fast and stable display with a variety of functions such as auto calibration, auto zero tracking and counting functions. The ES-A digital balance has an ABS enclosure with a stainless steel removable platform for quick and easy clean ups.<\/p>\n<p>\u2022 Auto calibration<br \/>\n\u2022 Auto zero tracking<br \/>\n\u2022 Tare function<br \/>\n\u2022 Counting function<br \/>\n\u2022 Low battery indication<br \/>\n\u2022 Stability indication<\/p>\n<table border=\"1\" cellspacing=\"0\" cellpadding=\"0\">\n<tbody>\n<tr>\n<td valign=\"top\" width=\"319\">ES3000A Capacity\/Division<\/td>\n<td valign=\"top\" width=\"319\">3kg x 0.1g<\/td>\n<\/tr>\n<tr>\n<td valign=\"top\" width=\"319\">ES5000A Capacity\/Division<\/td>\n<td valign=\"top\" width=\"319\">5kg x 0.5g<\/td>\n<\/tr>\n<tr>\n<td valign=\"top\" width=\"319\">Fuente de alimentaci\u00f3n<\/td>\n<td valign=\"top\" width=\"319\">AC adaptor 6V 200mA (included), 4 x AA batteries (not included)<\/td>\n<\/tr>\n<tr>\n<td valign=\"top\" width=\"319\">Unidades de medida<\/td>\n<td valign=\"top\" width=\"319\">g, oz, lb, dwt, ozt, ct conversion<\/td>\n<\/tr>\n<tr>\n<td valign=\"top\" width=\"319\">Tipo de pantalla<\/td>\n<td valign=\"top\" width=\"319\">LCD<\/td>\n<\/tr>\n<tr>\n<td valign=\"top\" width=\"319\">D\u00edgitos de la pantalla<\/td>\n<td valign=\"top\" width=\"319\">5 cifras<\/td>\n<\/tr>\n<tr>\n<td valign=\"top\" width=\"319\">D\u00edgitos Altura<\/td>\n<td valign=\"top\" width=\"319\">12.7mm\/0.5in<\/td>\n<\/tr>\n<tr>\n<td valign=\"top\" width=\"319\">Escala Tama\u00f1o del cuerpo<\/td>\n<td valign=\"top\" width=\"319\">19.5cm x 17.5cm x 6cm\/7.7in x 6.9in x 2.4in<\/td>\n<\/tr>\n<tr>\n<td valign=\"top\" width=\"319\">Platter Size (cm)<\/td>\n<td valign=\"top\" width=\"319\">13cm x 16.5cm\/5in x 6.5in<\/td>\n<\/tr>\n<tr>\n<td valign=\"top\" width=\"319\">Scale Enclosure Material<\/td>\n<td valign=\"top\" width=\"319\">ABS<\/td>\n<\/tr>\n<tr>\n<td valign=\"top\" width=\"319\">Material de la bandeja<\/td>\n<td valign=\"top\" width=\"319\">Acero inoxidable<\/td>\n<\/tr>\n<tr>\n<td valign=\"top\" width=\"319\">Temperatura de trabajo<\/td>\n<td valign=\"top\" width=\"319\">10\u00b0C a 40\u00b0C\/50\u00b0F a 104\u00b0F<\/td>\n<\/tr>\n<\/tbody>\n<\/table>\n<p><img decoding=\"async\" class=\"alignnone size-full wp-image-3944\" src=\"\/wp-content\/uploads\/2014\/04\/pdf-.png\" alt=\"pdf-\" width=\"25\" height=\"25\" \/>\u00a0<a title=\"ANYLOAD | ES-A Series Precision Balance\" href=\"http:\/\/www.anyload.com\/wp-content\/uploads\/2017\/05\/Anyload-ES3000A-ES5000A.pdf\" target=\"_blank\" rel=\"noopener\">Descargar ficha t\u00e9cnica<\/a><\/p>","protected":false},"excerpt":{"rendered":"<p>ANYLOAD ES-A series precision balance incorporates a fast and stable display with a variety of functions such as auto calibration, auto zero tracking and counting functions. The ES-A digital balance has an ABS enclosure with a stainless steel removable platform for quick and easy clean ups.<\/p>\n<ul>\n<li>Capacities: 3kg, 5kg<\/li>\n<li>Power Source: AC adaptor 6V 200mA (included), 4 x AA batteries (not included)<\/li>\n<li>Pantalla LCD de 5 d\u00edgitos con retroiluminaci\u00f3n autom\u00e1tica de alto contraste<\/li>\n<li>Bandeja extra\u00edble de acero inoxidable<\/li>\n<li>ABS scale enclosure<\/li>\n<\/ul>","protected":false},"featured_media":22266,"template":"","meta":{"_acf_changed":false,"site-sidebar-layout":"default","site-content-layout":"default","ast-site-content-layout":"default","site-content-style":"default","site-sidebar-style":"default","ast-global-header-display":"","ast-banner-title-visibility":"","ast-main-header-display":"","ast-hfb-above-header-display":"","ast-hfb-below-header-display":"","ast-hfb-mobile-header-display":"","site-post-title":"","ast-breadcrumbs-content":"","ast-featured-img":"","footer-sml-layout":"","ast-disable-related-posts":"","theme-transparent-header-meta":"default","adv-header-id-meta":"","stick-header-meta":"default","header-above-stick-meta":"","header-main-stick-meta":"","header-below-stick-meta":"","astra-migrate-meta-layouts":"default","ast-page-background-enabled":"default","ast-page-background-meta":{"desktop":{"background-color":"var(--ast-global-color-4)","background-image":"","background-repeat":"repeat","background-position":"center center","background-size":"auto","background-attachment":"scroll","background-type":"","background-media":"","overlay-type":"","overlay-color":"","overlay-opacity":"","overlay-gradient":""},"tablet":{"background-color":"","background-image":"","background-repeat":"repeat","background-position":"center center","background-size":"auto","background-attachment":"scroll","background-type":"","background-media":"","overlay-type":"","overlay-color":"","overlay-opacity":"","overlay-gradient":""},"mobile":{"background-color":"","background-image":"","background-repeat":"repeat","background-position":"center center","background-size":"auto","background-attachment":"scroll","background-type":"","background-media":"","overlay-type":"","overlay-color":"","overlay-opacity":"","overlay-gradient":""}},"ast-content-background-meta":{"desktop":{"background-color":"var(--ast-global-color-5)","background-image":"","background-repeat":"repeat","background-position":"center center","background-size":"auto","background-attachment":"scroll","background-type":"","background-media":"","overlay-type":"","overlay-color":"","overlay-opacity":"","overlay-gradient":""},"tablet":{"background-color":"var(--ast-global-color-5)","background-image":"","background-repeat":"repeat","background-position":"center center","background-size":"auto","background-attachment":"scroll","background-type":"","background-media":"","overlay-type":"","overlay-color":"","overlay-opacity":"","overlay-gradient":""},"mobile":{"background-color":"var(--ast-global-color-5)","background-image":"","background-repeat":"repeat","background-position":"center center","background-size":"auto","background-attachment":"scroll","background-type":"","background-media":"","overlay-type":"","overlay-color":"","overlay-opacity":"","overlay-gradient":""}}},"product_brand":[],"product_cat":[3003,28],"product_tag":[],"industries_product":[],"application_product":[],"class_list":{"0":"post-8600","1":"product","2":"type-product","3":"status-publish","4":"has-post-thumbnail","6":"product_cat-other-scales","7":"product_cat-scales","8":"pa_part-number-es3000a-3kg","9":"pa_part-number-es5000a-5kg","10":"desktop-align-center","11":"tablet-align-left","12":"mobile-align-left","13":"ast-product-gallery-layout-horizontal-slider","14":"ast-product-gallery-with-no-image","15":"ast-magnify-disabled","16":"ast-product-single-variable","17":"ast-product-tabs-layout-horizontal","19":"first","20":"instock","21":"shipping-taxable","22":"purchasable","23":"product-type-variable"},"acf":[],"_links":{"self":[{"href":"https:\/\/www.anyload.com\/es\/wp-json\/wp\/v2\/product\/8600","targetHints":{"allow":["GET"]}}],"collection":[{"href":"https:\/\/www.anyload.com\/es\/wp-json\/wp\/v2\/product"}],"about":[{"href":"https:\/\/www.anyload.com\/es\/wp-json\/wp\/v2\/types\/product"}],"wp:featuredmedia":[{"embeddable":true,"href":"https:\/\/www.anyload.com\/es\/wp-json\/wp\/v2\/media\/22266"}],"wp:attachment":[{"href":"https:\/\/www.anyload.com\/es\/wp-json\/wp\/v2\/media?parent=8600"}],"wp:term":[{"taxonomy":"product_brand","embeddable":true,"href":"https:\/\/www.anyload.com\/es\/wp-json\/wp\/v2\/product_brand?post=8600"},{"taxonomy":"product_cat","embeddable":true,"href":"https:\/\/www.anyload.com\/es\/wp-json\/wp\/v2\/product_cat?post=8600"},{"taxonomy":"product_tag","embeddable":true,"href":"https:\/\/www.anyload.com\/es\/wp-json\/wp\/v2\/product_tag?post=8600"},{"taxonomy":"industries_product","embeddable":true,"href":"https:\/\/www.anyload.com\/es\/wp-json\/wp\/v2\/industries_product?post=8600"},{"taxonomy":"application_product","embeddable":true,"href":"https:\/\/www.anyload.com\/es\/wp-json\/wp\/v2\/application_product?post=8600"}],"curies":[{"name":"wp","href":"https:\/\/api.w.org\/{rel}","templated":true}]}}