{"id":710,"date":"2014-03-03T11:29:47","date_gmt":"2014-03-03T19:29:47","guid":{"rendered":"http:\/\/anyloadgroup.com\/?post_type=product&#038;p=710"},"modified":"2026-03-20T15:36:12","modified_gmt":"2026-03-20T22:36:12","slug":"lb-load-bars","status":"publish","type":"product","link":"https:\/\/www.anyload.com\/es\/producto\/lb-load-bars\/","title":{"rendered":"Barras de carga LB100"},"content":{"rendered":"<p>\u2022 Capacities: 5Klb<br \/>\n\u2022 Alloy steel construction<br \/>\n\u2022 NTEP 1:6 000 Class III Multiple Cell certified load cells from 1Klb-10Klb<br \/>\n\u2022 NTEP 1:3 500 Class III Single Cell certified load cells from 1Klb-10Klb<br \/>\n\u2022 CE, RoHS and ExNepsi certified load cells<br \/>\n\u2022 Measurement Ukraine certified load cells<\/p>\n<p>ANYLOAD load bars are normally used in livestock weighing and agricultural settings in which flexible weighing equipment is necessary. Included in our load bar set are two load bars, a junction box, a pair of NTEP certified single ended shear beam load cells, a built-in junction box, active mounting feet and a rodent protected cable. The LB100 load bars serve as an optimal scale frame ideal for weighing objects of irregular shapes or unfixed dimensions.<br \/>\n<strong>Load bar set includes:<\/strong><\/p>\n<p>\u2022 2 pcs x Load bars<br \/>\n\u2022 1 pc x Separate junction box<br \/>\n\u2022 4 pcs x 563YH-2.5Klb Alloy steel single ended beam load cells<br \/>\n\u2022 2 pcs x Built-in junction boxes<br \/>\n\u2022 2 pcs x 6m rodent protection cable with a female connector<br \/>\n\u2022 4 pcs x Active mounting feet<\/p>\n<p style=\"text-align: justify;\"><img decoding=\"async\" class=\"alignnone size-full wp-image-3944\" src=\"\/wp-content\/uploads\/2014\/04\/pdf-.png\" alt=\"pdf-\" width=\"25\" height=\"25\" \/>\u00a0<a title=\"ANYLOAD | LB100 Load Bars\" href=\"http:\/\/www.anyload.com\/wp-content\/uploads\/2018\/02\/Anyload-LB100-features.pdf\" target=\"_blank\" rel=\"noopener\">Product Features<\/a><\/p>\n<p style=\"text-align: justify;\"><img decoding=\"async\" class=\"alignnone size-full wp-image-3944\" src=\"\/wp-content\/uploads\/2014\/04\/pdf-.png\" alt=\"pdf-\" width=\"25\" height=\"25\" \/>\u00a0<a title=\"ANYLOAD | LB100 Load Bars\" href=\"https:\/\/www.anyload.com\/wp-content\/uploads\/2019\/07\/Anyload-LB100-load-bars.pdf\" target=\"_blank\" rel=\"noopener\">Descargar ficha t\u00e9cnica<\/a><\/p>","protected":false},"excerpt":{"rendered":"<p>Las barras de carga ANYLOAD se utilizan normalmente en el pesaje de ganado y en entornos agr\u00edcolas en los que es necesario un equipo de pesaje flexible. Las barras de carga LB100 sirven como un bastidor de b\u00e1scula \u00f3ptimo ideal para pesar objetos de formas irregulares o dimensiones no fijas.<\/p>\n<ul>\n<li>Each set includes 2 load bars and an external 2-way junction box<\/li>\n<li>Each load bar contains 2 shear beam NTEP certified load cells, 2 mounting swivel feet, 6m rodent protection cable and a 2-way <a style=\"color: #ca0020;\" href=\"http:\/\/www.anyload.com\/en\/product-category\/junction-boxes\/\" target=\"_blank\" rel=\"noopener\">caja de empalmes<\/a> (J02EP)<\/li>\n<li>Portable and easy to carry around with heavy duty handles<\/li>\n<li>Se puede poner una jaula\/tablero encima para formar una b\u00e1scula<\/li>\n<li>Capacidad: 5Klb | Construcci\u00f3n de aleaci\u00f3n de acero<\/li>\n<li>C\u00e9lulas de carga certificadas NTEP 1:6 000 Clase III de c\u00e9lula m\u00faltiple de 1Klb-10Klb | C\u00e9lulas de carga certificadas NTEP 1:3 500 Clase III de c\u00e9lula \u00fanica de 1Klb-10Klb<\/li>\n<li>CE, RoHS, ExNepsi and Measurement Ukraine certified load cells<\/li>\n<li><strong><span style=\"color: #000000;\">OPTIONS: <a style=\"color: #ca0020;\" href=\"https:\/\/www.anyload.com\/es\/producto\/805hp-hand-held-indicator\/\" target=\"_blank\" rel=\"noopener\">805HP Hand Held Indicator<\/a> | <a style=\"color: #ca0020;\" href=\"https:\/\/www.anyload.com\/es\/producto\/815bs-industrial-weight-indicator\/\" target=\"_blank\" rel=\"noopener\">815BS Indicator<\/a> | <a style=\"color: #ca0020;\" href=\"https:\/\/www.anyload.com\/es\/producto\/815ts-digital-weight-indicator\/\" target=\"_blank\" rel=\"noopener\">815TS Indicator<\/a><\/span><\/strong><\/li>\n<\/ul>\n<p><strong>El juego completo incluye:<\/strong><\/p>\n<ul>\n<li>2 piezas de barras de carga<\/li>\n<li>A separate junction box J02EP-1-17 equipped with two male connectors for connecting the two load bars<\/li>\n<\/ul>\n<p><strong>Cada barra de carga consta de lo siguiente<\/strong><\/p>\n<ul>\n<li>2 unidades <a style=\"color: #ca0020;\" href=\"http:\/\/www.anyload.com\/en\/product\/563yh-single-ended-beam-load-cell\/\" target=\"_blank\" rel=\"noopener\">563YH<\/a>C\u00e9lulas de carga de -2,5Klb<\/li>\n<li>Una caja de conexiones J02EP-17 integrada en la barra de carga<\/li>\n<li>6m rodent protection cable with a female connector for connecting to the separate junction box J02EP-1-17<\/li>\n<li>Dos pies de montaje activos especiales<\/li>\n<\/ul>","protected":false},"featured_media":22080,"template":"","meta":{"_acf_changed":false,"site-sidebar-layout":"default","site-content-layout":"default","ast-site-content-layout":"default","site-content-style":"default","site-sidebar-style":"default","ast-global-header-display":"","ast-banner-title-visibility":"","ast-main-header-display":"","ast-hfb-above-header-display":"","ast-hfb-below-header-display":"","ast-hfb-mobile-header-display":"","site-post-title":"","ast-breadcrumbs-content":"","ast-featured-img":"","footer-sml-layout":"","ast-disable-related-posts":"","theme-transparent-header-meta":"default","adv-header-id-meta":"","stick-header-meta":"default","header-above-stick-meta":"","header-main-stick-meta":"","header-below-stick-meta":"","astra-migrate-meta-layouts":"set","ast-page-background-enabled":"default","ast-page-background-meta":{"desktop":{"background-color":"var(--ast-global-color-4)","background-image":"","background-repeat":"repeat","background-position":"center center","background-size":"auto","background-attachment":"scroll","background-type":"","background-media":"","overlay-type":"","overlay-color":"","overlay-opacity":"","overlay-gradient":""},"tablet":{"background-color":"","background-image":"","background-repeat":"repeat","background-position":"center center","background-size":"auto","background-attachment":"scroll","background-type":"","background-media":"","overlay-type":"","overlay-color":"","overlay-opacity":"","overlay-gradient":""},"mobile":{"background-color":"","background-image":"","background-repeat":"repeat","background-position":"center center","background-size":"auto","background-attachment":"scroll","background-type":"","background-media":"","overlay-type":"","overlay-color":"","overlay-opacity":"","overlay-gradient":""}},"ast-content-background-meta":{"desktop":{"background-color":"var(--ast-global-color-5)","background-image":"","background-repeat":"repeat","background-position":"center center","background-size":"auto","background-attachment":"scroll","background-type":"","background-media":"","overlay-type":"","overlay-color":"","overlay-opacity":"","overlay-gradient":""},"tablet":{"background-color":"var(--ast-global-color-5)","background-image":"","background-repeat":"repeat","background-position":"center center","background-size":"auto","background-attachment":"scroll","background-type":"","background-media":"","overlay-type":"","overlay-color":"","overlay-opacity":"","overlay-gradient":""},"mobile":{"background-color":"var(--ast-global-color-5)","background-image":"","background-repeat":"repeat","background-position":"center center","background-size":"auto","background-attachment":"scroll","background-type":"","background-media":"","overlay-type":"","overlay-color":"","overlay-opacity":"","overlay-gradient":""}}},"product_brand":[],"product_cat":[3003,28],"product_tag":[],"industries_product":[3312,3314],"application_product":[3327,3324],"class_list":{"0":"post-710","1":"product","2":"type-product","3":"status-publish","4":"has-post-thumbnail","6":"product_cat-other-scales","7":"product_cat-scales","8":"pa_part-number-lb100-5klb","9":"industries_product-industry-agriculture-products","10":"industries_product-livestock-products","11":"application_product-application-checkweighing-products","12":"application_product-application-platform-products","13":"desktop-align-center","14":"tablet-align-left","15":"mobile-align-left","16":"ast-product-gallery-layout-horizontal-slider","17":"ast-product-gallery-with-no-image","18":"ast-magnify-disabled","19":"ast-product-single-variable","20":"ast-product-tabs-layout-horizontal","22":"first","23":"instock","24":"shipping-taxable","25":"purchasable","26":"product-type-variable"},"acf":[],"_links":{"self":[{"href":"https:\/\/www.anyload.com\/es\/wp-json\/wp\/v2\/product\/710","targetHints":{"allow":["GET"]}}],"collection":[{"href":"https:\/\/www.anyload.com\/es\/wp-json\/wp\/v2\/product"}],"about":[{"href":"https:\/\/www.anyload.com\/es\/wp-json\/wp\/v2\/types\/product"}],"wp:featuredmedia":[{"embeddable":true,"href":"https:\/\/www.anyload.com\/es\/wp-json\/wp\/v2\/media\/22080"}],"wp:attachment":[{"href":"https:\/\/www.anyload.com\/es\/wp-json\/wp\/v2\/media?parent=710"}],"wp:term":[{"taxonomy":"product_brand","embeddable":true,"href":"https:\/\/www.anyload.com\/es\/wp-json\/wp\/v2\/product_brand?post=710"},{"taxonomy":"product_cat","embeddable":true,"href":"https:\/\/www.anyload.com\/es\/wp-json\/wp\/v2\/product_cat?post=710"},{"taxonomy":"product_tag","embeddable":true,"href":"https:\/\/www.anyload.com\/es\/wp-json\/wp\/v2\/product_tag?post=710"},{"taxonomy":"industries_product","embeddable":true,"href":"https:\/\/www.anyload.com\/es\/wp-json\/wp\/v2\/industries_product?post=710"},{"taxonomy":"application_product","embeddable":true,"href":"https:\/\/www.anyload.com\/es\/wp-json\/wp\/v2\/application_product?post=710"}],"curies":[{"name":"wp","href":"https:\/\/api.w.org\/{rel}","templated":true}]}}