{"id":702,"date":"2014-03-03T11:18:10","date_gmt":"2014-03-03T19:18:10","guid":{"rendered":"http:\/\/anyloadgroup.com\/?post_type=product&#038;p=702"},"modified":"2025-12-19T15:37:38","modified_gmt":"2025-12-19T23:37:38","slug":"re-load-cell-rod-end","status":"publish","type":"product","link":"https:\/\/www.anyload.com\/es\/producto\/re-load-cell-rod-end\/","title":{"rendered":"R\u00f3tula de c\u00e9lula de carga RE"},"content":{"rendered":"<p>Las cabezas de r\u00f3tula ANYLOAD se utilizan en el montaje de aplicaciones de pesaje bajo tensi\u00f3n.<br \/>\nLas cabezas de r\u00f3tula RE se fabrican en acero aleado y est\u00e1n disponibles en roscas imperiales y m\u00e9tricas.<\/p>\n<ul>\n<li>Construcci\u00f3n de aleaci\u00f3n de acero<\/li>\n<li>Imperial thread sizes: 1\/4&#8243;, 1\/2&#8243;, 3\/4&#8243;, 1&#8243;, 1<sup>1\/4<\/sup>\u201c<\/li>\n<li>Tama\u00f1os de rosca m\u00e9trica: M6, M12, M16, M18, M20, M24, M30<\/li>\n<\/ul>\n<p style=\"text-align: justify;\"><a title=\"ANYLOAD| RE Load Cell Rod End\" href=\"https:\/\/www.anyload.com\/wp-content\/uploads\/2022\/01\/Anyload-RE-REH-rod-end.pdf\" target=\"_blank\" rel=\"noopener noreferrer\"><img decoding=\"async\" class=\"alignnone size-full wp-image-3944\" src=\"\/wp-content\/uploads\/2014\/04\/pdf-.png\" alt=\"pdf-\" width=\"25\" height=\"25\" \/>\u00a0Descargar ficha t\u00e9cnica<\/a><\/p>","protected":false},"excerpt":{"rendered":"<p>Las cabezas de r\u00f3tula ANYLOAD se utilizan en el montaje de aplicaciones de pesaje bajo tensi\u00f3n.<br \/>\nLas cabezas de r\u00f3tula RE se fabrican en acero aleado y est\u00e1n disponibles en roscas imperiales y m\u00e9tricas.<\/p>\n<ul>\n<li>Construcci\u00f3n de aleaci\u00f3n de acero<\/li>\n<li>Tama\u00f1os de rosca imperial: 1\/4\u2033, 1\/2\u2033, 3\/4\u2033, 1<sup>1\/4<\/sup>\u201c<\/li>\n<li>Tama\u00f1os de rosca m\u00e9trica: M6, M12, M16, M18, M20, M24, M30<\/li>\n<\/ul>","protected":false},"featured_media":22078,"template":"","meta":{"_acf_changed":false,"site-sidebar-layout":"default","site-content-layout":"","ast-site-content-layout":"default","site-content-style":"default","site-sidebar-style":"default","ast-global-header-display":"","ast-banner-title-visibility":"","ast-main-header-display":"","ast-hfb-above-header-display":"","ast-hfb-below-header-display":"","ast-hfb-mobile-header-display":"","site-post-title":"","ast-breadcrumbs-content":"","ast-featured-img":"","footer-sml-layout":"","ast-disable-related-posts":"","theme-transparent-header-meta":"default","adv-header-id-meta":"","stick-header-meta":"default","header-above-stick-meta":"","header-main-stick-meta":"","header-below-stick-meta":"","astra-migrate-meta-layouts":"set","ast-page-background-enabled":"default","ast-page-background-meta":{"desktop":{"background-color":"var(--ast-global-color-4)","background-image":"","background-repeat":"repeat","background-position":"center center","background-size":"auto","background-attachment":"scroll","background-type":"","background-media":"","overlay-type":"","overlay-color":"","overlay-opacity":"","overlay-gradient":""},"tablet":{"background-color":"","background-image":"","background-repeat":"repeat","background-position":"center center","background-size":"auto","background-attachment":"scroll","background-type":"","background-media":"","overlay-type":"","overlay-color":"","overlay-opacity":"","overlay-gradient":""},"mobile":{"background-color":"","background-image":"","background-repeat":"repeat","background-position":"center center","background-size":"auto","background-attachment":"scroll","background-type":"","background-media":"","overlay-type":"","overlay-color":"","overlay-opacity":"","overlay-gradient":""}},"ast-content-background-meta":{"desktop":{"background-color":"var(--ast-global-color-5)","background-image":"","background-repeat":"repeat","background-position":"center center","background-size":"auto","background-attachment":"scroll","background-type":"","background-media":"","overlay-type":"","overlay-color":"","overlay-opacity":"","overlay-gradient":""},"tablet":{"background-color":"var(--ast-global-color-5)","background-image":"","background-repeat":"repeat","background-position":"center center","background-size":"auto","background-attachment":"scroll","background-type":"","background-media":"","overlay-type":"","overlay-color":"","overlay-opacity":"","overlay-gradient":""},"mobile":{"background-color":"var(--ast-global-color-5)","background-image":"","background-repeat":"repeat","background-position":"center center","background-size":"auto","background-attachment":"scroll","background-type":"","background-media":"","overlay-type":"","overlay-color":"","overlay-opacity":"","overlay-gradient":""}}},"product_brand":[],"product_cat":[26,64],"product_tag":[],"industries_product":[],"application_product":[],"class_list":{"0":"post-702","1":"product","2":"type-product","3":"status-publish","4":"has-post-thumbnail","6":"product_cat-hardware-and-accessories-categories","7":"product_cat-hardware-and-miscellaneous","8":"pa_part-number-re-1","9":"pa_part-number-re-1-14","10":"pa_part-number-re-12","11":"pa_part-number-re-14","12":"pa_part-number-re-34","13":"pa_part-number-re-m12","14":"pa_part-number-re-m16","15":"pa_part-number-re-m18","16":"pa_part-number-re-m24","17":"pa_part-number-re-m30","18":"pa_part-number-re-m6","19":"pa_part-number-reh-1","20":"pa_part-number-reh-12","21":"pa_part-number-reh-34","22":"pa_part-number-reh-m12","23":"pa_part-number-reh-m18","24":"pa_part-number-reh-m24","25":"desktop-align-center","26":"tablet-align-left","27":"mobile-align-left","28":"ast-product-gallery-layout-horizontal-slider","29":"ast-product-gallery-with-no-image","30":"ast-magnify-disabled","31":"ast-product-single-variable","32":"ast-product-tabs-layout-horizontal","34":"first","35":"instock","36":"shipping-taxable","37":"purchasable","38":"product-type-variable"},"acf":[],"_links":{"self":[{"href":"https:\/\/www.anyload.com\/es\/wp-json\/wp\/v2\/product\/702","targetHints":{"allow":["GET"]}}],"collection":[{"href":"https:\/\/www.anyload.com\/es\/wp-json\/wp\/v2\/product"}],"about":[{"href":"https:\/\/www.anyload.com\/es\/wp-json\/wp\/v2\/types\/product"}],"wp:featuredmedia":[{"embeddable":true,"href":"https:\/\/www.anyload.com\/es\/wp-json\/wp\/v2\/media\/22078"}],"wp:attachment":[{"href":"https:\/\/www.anyload.com\/es\/wp-json\/wp\/v2\/media?parent=702"}],"wp:term":[{"taxonomy":"product_brand","embeddable":true,"href":"https:\/\/www.anyload.com\/es\/wp-json\/wp\/v2\/product_brand?post=702"},{"taxonomy":"product_cat","embeddable":true,"href":"https:\/\/www.anyload.com\/es\/wp-json\/wp\/v2\/product_cat?post=702"},{"taxonomy":"product_tag","embeddable":true,"href":"https:\/\/www.anyload.com\/es\/wp-json\/wp\/v2\/product_tag?post=702"},{"taxonomy":"industries_product","embeddable":true,"href":"https:\/\/www.anyload.com\/es\/wp-json\/wp\/v2\/industries_product?post=702"},{"taxonomy":"application_product","embeddable":true,"href":"https:\/\/www.anyload.com\/es\/wp-json\/wp\/v2\/application_product?post=702"}],"curies":[{"name":"wp","href":"https:\/\/api.w.org\/{rel}","templated":true}]}}