{"id":700,"date":"2014-03-03T11:11:34","date_gmt":"2014-03-03T19:11:34","guid":{"rendered":"http:\/\/anyloadgroup.com\/?post_type=product&#038;p=700"},"modified":"2025-12-19T15:38:16","modified_gmt":"2025-12-19T23:38:16","slug":"eye-and-eyess-eye-bolt","status":"publish","type":"product","link":"https:\/\/www.anyload.com\/es\/producto\/eye-and-eyess-eye-bolt\/","title":{"rendered":"OJO Perno ocular"},"content":{"rendered":"<p>Los c\u00e1ncamos ANYLOAD se utilizan en el montaje de aplicaciones de pesaje bajo tensi\u00f3n.  Disponibles en roscas imperiales y m\u00e9tricas, los c\u00e1ncamos de la serie EYE est\u00e1n fabricados en acero aleado fundido y se suministran con una contratuerca.<\/p>\n<ul>\n<li>Fundici\u00f3n de acero aleado<\/li>\n<li>Incluye contratuerca<\/li>\n<li>Imperial thread sizes: 1\/4&#8243;, 1\/2&#8243;, 3\/4&#8243;, 1&#8243;, 1<sup>1\/4<\/sup>&#8220;<\/li>\n<li>Tama\u00f1os de rosca m\u00e9trica: M12<\/li>\n<\/ul>\n<p style=\"text-align: justify;\"><img decoding=\"async\" class=\"alignnone size-full wp-image-3944\" src=\"\/wp-content\/uploads\/2014\/04\/pdf-.png\" alt=\"pdf-\" width=\"25\" height=\"25\" \/>\u00a0<a title=\"ANYLOAD | EYE and EYH Eye Bolt\" href=\"https:\/\/www.anyload.com\/wp-content\/uploads\/2021\/05\/Anyload-EYE-EYH-eye-bolt.pdf\" target=\"_blank\" rel=\"noopener noreferrer\">Descargar ficha t\u00e9cnica<\/a><\/p>","protected":false},"excerpt":{"rendered":"<p>Los c\u00e1ncamos ANYLOAD se utilizan en el montaje de aplicaciones de pesaje bajo tensi\u00f3n.  Disponibles en roscas imperiales y m\u00e9tricas, los c\u00e1ncamos de la serie EYE est\u00e1n fabricados en acero aleado fundido y se suministran con una contratuerca.<\/p>\n<ul>\n<li>Fundici\u00f3n de acero aleado<\/li>\n<li>Incluye contratuerca<\/li>\n<li>Tama\u00f1os de rosca imperial: 1\/4\u2033, 1\/2\u2033, M12\u2033<\/li>\n<li>Tama\u00f1os de rosca m\u00e9trica: M12<\/li>\n<\/ul>","protected":false},"featured_media":22077,"template":"","meta":{"_acf_changed":false,"site-sidebar-layout":"default","site-content-layout":"","ast-site-content-layout":"default","site-content-style":"default","site-sidebar-style":"default","ast-global-header-display":"","ast-banner-title-visibility":"","ast-main-header-display":"","ast-hfb-above-header-display":"","ast-hfb-below-header-display":"","ast-hfb-mobile-header-display":"","site-post-title":"","ast-breadcrumbs-content":"","ast-featured-img":"","footer-sml-layout":"","ast-disable-related-posts":"","theme-transparent-header-meta":"default","adv-header-id-meta":"","stick-header-meta":"default","header-above-stick-meta":"","header-main-stick-meta":"","header-below-stick-meta":"","astra-migrate-meta-layouts":"set","ast-page-background-enabled":"default","ast-page-background-meta":{"desktop":{"background-color":"var(--ast-global-color-4)","background-image":"","background-repeat":"repeat","background-position":"center center","background-size":"auto","background-attachment":"scroll","background-type":"","background-media":"","overlay-type":"","overlay-color":"","overlay-opacity":"","overlay-gradient":""},"tablet":{"background-color":"","background-image":"","background-repeat":"repeat","background-position":"center center","background-size":"auto","background-attachment":"scroll","background-type":"","background-media":"","overlay-type":"","overlay-color":"","overlay-opacity":"","overlay-gradient":""},"mobile":{"background-color":"","background-image":"","background-repeat":"repeat","background-position":"center center","background-size":"auto","background-attachment":"scroll","background-type":"","background-media":"","overlay-type":"","overlay-color":"","overlay-opacity":"","overlay-gradient":""}},"ast-content-background-meta":{"desktop":{"background-color":"var(--ast-global-color-5)","background-image":"","background-repeat":"repeat","background-position":"center center","background-size":"auto","background-attachment":"scroll","background-type":"","background-media":"","overlay-type":"","overlay-color":"","overlay-opacity":"","overlay-gradient":""},"tablet":{"background-color":"var(--ast-global-color-5)","background-image":"","background-repeat":"repeat","background-position":"center center","background-size":"auto","background-attachment":"scroll","background-type":"","background-media":"","overlay-type":"","overlay-color":"","overlay-opacity":"","overlay-gradient":""},"mobile":{"background-color":"var(--ast-global-color-5)","background-image":"","background-repeat":"repeat","background-position":"center center","background-size":"auto","background-attachment":"scroll","background-type":"","background-media":"","overlay-type":"","overlay-color":"","overlay-opacity":"","overlay-gradient":""}}},"product_brand":[],"product_cat":[26,64],"product_tag":[],"industries_product":[],"application_product":[],"class_list":{"0":"post-700","1":"product","2":"type-product","3":"status-publish","4":"has-post-thumbnail","6":"product_cat-hardware-and-accessories-categories","7":"product_cat-hardware-and-miscellaneous","8":"pa_part-number-eye-b-1-4","9":"pa_part-number-eye-12","10":"pa_part-number-eye-m12","11":"desktop-align-center","12":"tablet-align-left","13":"mobile-align-left","14":"ast-product-gallery-layout-horizontal-slider","15":"ast-product-gallery-with-no-image","16":"ast-magnify-disabled","17":"ast-product-single-variable","18":"ast-product-tabs-layout-horizontal","20":"first","21":"instock","22":"shipping-taxable","23":"purchasable","24":"product-type-variable"},"acf":[],"_links":{"self":[{"href":"https:\/\/www.anyload.com\/es\/wp-json\/wp\/v2\/product\/700","targetHints":{"allow":["GET"]}}],"collection":[{"href":"https:\/\/www.anyload.com\/es\/wp-json\/wp\/v2\/product"}],"about":[{"href":"https:\/\/www.anyload.com\/es\/wp-json\/wp\/v2\/types\/product"}],"wp:featuredmedia":[{"embeddable":true,"href":"https:\/\/www.anyload.com\/es\/wp-json\/wp\/v2\/media\/22077"}],"wp:attachment":[{"href":"https:\/\/www.anyload.com\/es\/wp-json\/wp\/v2\/media?parent=700"}],"wp:term":[{"taxonomy":"product_brand","embeddable":true,"href":"https:\/\/www.anyload.com\/es\/wp-json\/wp\/v2\/product_brand?post=700"},{"taxonomy":"product_cat","embeddable":true,"href":"https:\/\/www.anyload.com\/es\/wp-json\/wp\/v2\/product_cat?post=700"},{"taxonomy":"product_tag","embeddable":true,"href":"https:\/\/www.anyload.com\/es\/wp-json\/wp\/v2\/product_tag?post=700"},{"taxonomy":"industries_product","embeddable":true,"href":"https:\/\/www.anyload.com\/es\/wp-json\/wp\/v2\/industries_product?post=700"},{"taxonomy":"application_product","embeddable":true,"href":"https:\/\/www.anyload.com\/es\/wp-json\/wp\/v2\/application_product?post=700"}],"curies":[{"name":"wp","href":"https:\/\/api.w.org\/{rel}","templated":true}]}}