{"id":666,"date":"2014-02-28T14:30:51","date_gmt":"2014-02-28T22:30:51","guid":{"rendered":"http:\/\/anyloadgroup.com\/?post_type=product&#038;p=666"},"modified":"2025-12-19T15:39:57","modified_gmt":"2025-12-19T23:39:57","slug":"la2-lightning-arrester-stainless-steel-ip66","status":"publish","type":"product","link":"https:\/\/www.anyload.com\/es\/producto\/la2-lightning-arrester-stainless-steel-ip66\/","title":{"rendered":"LA2 Pararrayos"},"content":{"rendered":"<p>Los pararrayos ANYLOAD est\u00e1n dise\u00f1ados para proteger los dispositivos el\u00e9ctricos contra rayos y descargas de tensi\u00f3n bloqueando o desviando de forma segura las sobretensiones transitorias. Equipados con tubos de descarga de gas, los tubos se activan si un golpe de tensi\u00f3n es superior a 90 VAV y protegen los dispositivos el\u00e9ctricos desviando los picos de tensi\u00f3n a tierra. El pararrayos LA2 tiene un cable de tierra que se conecta a la carcasa de acero inoxidable y debe estar firmemente conectado a tierra para que funcione la protecci\u00f3n del sistema.<\/p>\n<table border=\"1\" cellspacing=\"0\" cellpadding=\"0\">\n<tbody>\n<tr>\n<td valign=\"top\" width=\"319\">Energize DC Voltage<\/td>\n<td valign=\"top\" width=\"319\">90V DC<\/td>\n<\/tr>\n<tr>\n<td valign=\"top\" width=\"319\">Energize DC Voltage Tolerance<\/td>\n<td valign=\"top\" width=\"319\">\u00b125%<\/td>\n<\/tr>\n<tr>\n<td valign=\"top\" width=\"319\">Excitation Voltage<\/td>\n<td valign=\"top\" width=\"319\">\u2264 700V DC<\/td>\n<\/tr>\n<tr>\n<td valign=\"top\" width=\"319\">Excitation Current<\/td>\n<td valign=\"top\" width=\"319\">10 KA<\/td>\n<\/tr>\n<tr>\n<td valign=\"top\" width=\"319\">Maximum Current<\/td>\n<td valign=\"top\" width=\"319\">10 A<\/td>\n<\/tr>\n<tr>\n<td valign=\"top\" width=\"319\">Resistencia del aislamiento<\/td>\n<td valign=\"top\" width=\"319\">\u226510 (50V DC) G\u03a9<\/td>\n<\/tr>\n<tr>\n<td valign=\"top\" width=\"319\">Capacitance<\/td>\n<td valign=\"top\" width=\"319\">\u2264 1 (1KHz) PF<\/td>\n<\/tr>\n<tr>\n<td valign=\"top\" width=\"319\">Surge Voltage Capacity<\/td>\n<td valign=\"top\" width=\"319\">10KV (8\/20\u03bcs)<\/td>\n<\/tr>\n<tr>\n<td valign=\"top\" width=\"319\">Clasificaci\u00f3n IP<\/td>\n<td valign=\"top\" width=\"319\">IP66<\/td>\n<\/tr>\n<\/tbody>\n<\/table>\n<p style=\"text-align: justify;\"><img decoding=\"async\" class=\"alignnone size-full wp-image-3944\" src=\"\/wp-content\/uploads\/2014\/04\/pdf-.png\" alt=\"pdf-\" width=\"25\" height=\"25\" \/>\u00a0<a title=\"ANYLOAD | LA Lightning Arrester\" href=\"https:\/\/www.anyload.com\/wp-content\/uploads\/2021\/03\/Anyload-LA-lightning-arrester.pdf\" target=\"_blank\" rel=\"noopener noreferrer\">Descargar ficha t\u00e9cnica<\/a><\/p>","protected":false},"excerpt":{"rendered":"<p>Los pararrayos ANYLOAD est\u00e1n dise\u00f1ados para proteger los dispositivos el\u00e9ctricos contra rayos y descargas de tensi\u00f3n bloqueando o desviando de forma segura las sobretensiones transitorias. Equipados con tubos de descarga de gas, los tubos se activan si un golpe de tensi\u00f3n es superior a 90 VAV y protegen los dispositivos el\u00e9ctricos desviando los picos de tensi\u00f3n a tierra. El pararrayos LA2 tiene un cable de tierra que se conecta a la carcasa de acero inoxidable y debe estar firmemente conectado a tierra para que funcione la protecci\u00f3n del sistema.<\/p>","protected":false},"featured_media":39339,"template":"","meta":{"_acf_changed":false,"site-sidebar-layout":"default","site-content-layout":"default","ast-site-content-layout":"default","site-content-style":"default","site-sidebar-style":"default","ast-global-header-display":"","ast-banner-title-visibility":"","ast-main-header-display":"","ast-hfb-above-header-display":"","ast-hfb-below-header-display":"","ast-hfb-mobile-header-display":"","site-post-title":"","ast-breadcrumbs-content":"","ast-featured-img":"","footer-sml-layout":"","ast-disable-related-posts":"","theme-transparent-header-meta":"default","adv-header-id-meta":"","stick-header-meta":"default","header-above-stick-meta":"","header-main-stick-meta":"","header-below-stick-meta":"","astra-migrate-meta-layouts":"set","ast-page-background-enabled":"default","ast-page-background-meta":{"desktop":{"background-color":"var(--ast-global-color-4)","background-image":"","background-repeat":"repeat","background-position":"center center","background-size":"auto","background-attachment":"scroll","background-type":"","background-media":"","overlay-type":"","overlay-color":"","overlay-opacity":"","overlay-gradient":""},"tablet":{"background-color":"","background-image":"","background-repeat":"repeat","background-position":"center center","background-size":"auto","background-attachment":"scroll","background-type":"","background-media":"","overlay-type":"","overlay-color":"","overlay-opacity":"","overlay-gradient":""},"mobile":{"background-color":"","background-image":"","background-repeat":"repeat","background-position":"center center","background-size":"auto","background-attachment":"scroll","background-type":"","background-media":"","overlay-type":"","overlay-color":"","overlay-opacity":"","overlay-gradient":""}},"ast-content-background-meta":{"desktop":{"background-color":"var(--ast-global-color-5)","background-image":"","background-repeat":"repeat","background-position":"center center","background-size":"auto","background-attachment":"scroll","background-type":"","background-media":"","overlay-type":"","overlay-color":"","overlay-opacity":"","overlay-gradient":""},"tablet":{"background-color":"var(--ast-global-color-5)","background-image":"","background-repeat":"repeat","background-position":"center center","background-size":"auto","background-attachment":"scroll","background-type":"","background-media":"","overlay-type":"","overlay-color":"","overlay-opacity":"","overlay-gradient":""},"mobile":{"background-color":"var(--ast-global-color-5)","background-image":"","background-repeat":"repeat","background-position":"center center","background-size":"auto","background-attachment":"scroll","background-type":"","background-media":"","overlay-type":"","overlay-color":"","overlay-opacity":"","overlay-gradient":""}}},"product_brand":[],"product_cat":[26,3005],"product_tag":[],"industries_product":[],"application_product":[3321],"class_list":{"0":"post-666","1":"product","2":"type-product","3":"status-publish","4":"has-post-thumbnail","6":"product_cat-hardware-and-accessories-categories","7":"product_cat-other-instruments","8":"pa_part-number-la2","9":"application_product-application-truck-scale-products","10":"desktop-align-center","11":"tablet-align-left","12":"mobile-align-left","13":"ast-product-gallery-layout-horizontal-slider","14":"ast-magnify-disabled","15":"ast-product-single-variable","16":"ast-product-tabs-layout-horizontal","18":"first","19":"instock","20":"shipping-taxable","21":"purchasable","22":"product-type-variable"},"acf":[],"_links":{"self":[{"href":"https:\/\/www.anyload.com\/es\/wp-json\/wp\/v2\/product\/666","targetHints":{"allow":["GET"]}}],"collection":[{"href":"https:\/\/www.anyload.com\/es\/wp-json\/wp\/v2\/product"}],"about":[{"href":"https:\/\/www.anyload.com\/es\/wp-json\/wp\/v2\/types\/product"}],"wp:featuredmedia":[{"embeddable":true,"href":"https:\/\/www.anyload.com\/es\/wp-json\/wp\/v2\/media\/39339"}],"wp:attachment":[{"href":"https:\/\/www.anyload.com\/es\/wp-json\/wp\/v2\/media?parent=666"}],"wp:term":[{"taxonomy":"product_brand","embeddable":true,"href":"https:\/\/www.anyload.com\/es\/wp-json\/wp\/v2\/product_brand?post=666"},{"taxonomy":"product_cat","embeddable":true,"href":"https:\/\/www.anyload.com\/es\/wp-json\/wp\/v2\/product_cat?post=666"},{"taxonomy":"product_tag","embeddable":true,"href":"https:\/\/www.anyload.com\/es\/wp-json\/wp\/v2\/product_tag?post=666"},{"taxonomy":"industries_product","embeddable":true,"href":"https:\/\/www.anyload.com\/es\/wp-json\/wp\/v2\/industries_product?post=666"},{"taxonomy":"application_product","embeddable":true,"href":"https:\/\/www.anyload.com\/es\/wp-json\/wp\/v2\/application_product?post=666"}],"curies":[{"name":"wp","href":"https:\/\/api.w.org\/{rel}","templated":true}]}}