{"id":6059,"date":"2014-05-19T08:56:04","date_gmt":"2014-05-19T15:56:04","guid":{"rendered":"http:\/\/anyloadgroup.com\/?post_type=product&#038;p=6059"},"modified":"2025-12-19T13:41:23","modified_gmt":"2025-12-19T21:41:23","slug":"110rh-dynamometer","status":"publish","type":"product","link":"https:\/\/www.anyload.com\/es\/producto\/110rh-dynamometer\/","title":{"rendered":"110RH, 110RH-ST TENSLINK Eslab\u00f3n de tensi\u00f3n o dinam\u00f3metro"},"content":{"rendered":"<ul>\n<li>Material: Aleaci\u00f3n de acero con protecci\u00f3n de PVC<\/li>\n<li>Capacidades nominales: 500kg, 1t, 2t, 3t, 5t, 10t, 20t, 30t, 50t, 100t<\/li>\n<li>Salida a fondo de escala: 2mV\/V \u00b1 0,25%<\/li>\n<li>Sobrecarga segura: 200% del fondo de escala<\/li>\n<li>Sobrecarga de rotura: 500% del fondo de escala<\/li>\n<li>Clasificaci\u00f3n IP: IP67<\/li>\n<li>NTEP 1:3000 Clase III, certificado de c\u00e9lula \u00fanica de 500kg-3t<\/li>\n<li>NTEP 1:5000 Clase III, certificado de c\u00e9lula m\u00faltiple de 500kg-3t<\/li>\n<li>NTEP 1:3000, hasta 1:6000 Clase III, certificado para c\u00e9lulas m\u00faltiples y c\u00e9lulas individuales de 5t-50t<\/li>\n<li>OIML MAA C3, Y=15 000 certificado de 1t-10t<\/li>\n<li>OIML MAA C3, hasta C6, Y=13 5000 certificados de 10t-50t<\/li>\n<li>Certificado CE y RoHS<\/li>\n<\/ul>\n<table>\n<tbody>\n<tr>\n<td width=\"319\">Capacidad nominal<\/td>\n<td width=\"319\">500kg, 1t, 2t, 3t, 5t, 10t, 20t, 30t, 50t, 100t<\/td>\n<\/tr>\n<tr>\n<td width=\"319\">Salida a fondo de escala<\/td>\n<td width=\"319\">2mV\/V \u00b1 0,25%<\/td>\n<\/tr>\n<tr>\n<td width=\"319\">Saldo cero<\/td>\n<td width=\"319\">\u00b1 0,02mV\/V<\/td>\n<\/tr>\n<tr>\n<td width=\"319\">No linealidad<\/td>\n<td width=\"319\">&lt; \u00b1 0.03%<\/td>\n<\/tr>\n<tr>\n<td width=\"319\">Repetibilidad<\/td>\n<td width=\"319\">&lt; \u00b1 0.03%<\/td>\n<\/tr>\n<tr>\n<td width=\"319\">Error de hist\u00e9resis<\/td>\n<td width=\"319\">&lt; \u00b1 0.03%<\/td>\n<\/tr>\n<tr>\n<td width=\"319\">Creep en 30 minutos<\/td>\n<td width=\"319\">&lt; \u00b1 0.03%<\/td>\n<\/tr>\n<tr>\n<td width=\"319\">Resistencia de entrada<\/td>\n<td width=\"319\">1100\u03a9 \u00b150\u03a9<\/td>\n<\/tr>\n<tr>\n<td width=\"319\">Resistencia de salida<\/td>\n<td width=\"319\">1000\u03a9 \u00b1 10\u03a9<\/td>\n<\/tr>\n<tr>\n<td width=\"319\">Excitaci\u00f3n recomendada<\/td>\n<td width=\"319\">10 V (15 V m\u00e1ximo)<\/td>\n<\/tr>\n<tr>\n<td width=\"319\">Resistencia del aislamiento<\/td>\n<td width=\"319\">&gt; 2G\u03a9 (50V DC)<\/td>\n<\/tr>\n<tr>\n<td width=\"319\">Efecto de la temperatura en la sensibilidad<\/td>\n<td width=\"319\">&lt; \u00b10.004% of Cn\/k<\/td>\n<\/tr>\n<tr>\n<td width=\"319\">Efecto de la temperatura en el balance cero<\/td>\n<td width=\"319\">&lt; \u00b1 0.005% of Cn\/k<\/td>\n<\/tr>\n<tr>\n<td width=\"319\">Rango de temperatura compensado<\/td>\n<td width=\"319\"><strong>&#8211;<\/strong>10\u00b0C a 50\u00b0C\/14\u00b0F a 122\u00b0F<\/td>\n<\/tr>\n<tr>\n<td width=\"319\">Temperatura de servicio<\/td>\n<td width=\"319\"><strong>&#8211;<\/strong>30\u00b0C a 70\u00b0C\/-22\u00b0F a 158\u00b0F<\/td>\n<\/tr>\n<tr>\n<td width=\"319\">Temperatura de almacenamiento<\/td>\n<td width=\"319\">-50\u00b0C a 85\u00b0C\/-58\u00b0F a 185\u00b0F<\/td>\n<\/tr>\n<tr>\n<td width=\"319\">Sobrecarga segura<\/td>\n<td width=\"319\">200% del fondo de escala<\/td>\n<\/tr>\n<tr>\n<td width=\"319\">Romper la sobrecarga<\/td>\n<td width=\"319\">500% del fondo de escala<\/td>\n<\/tr>\n<tr>\n<td width=\"319\">Tipo de junta<\/td>\n<td width=\"319\">Sellado ecol\u00f3gico<\/td>\n<\/tr>\n<tr>\n<td width=\"319\">Clasificaci\u00f3n IP<\/td>\n<td width=\"319\">IP67<\/td>\n<\/tr>\n<\/tbody>\n<\/table>\n<p style=\"text-align: justify;\"><img decoding=\"async\" class=\"alignnone size-full wp-image-3944\" src=\"\/wp-content\/uploads\/2014\/04\/pdf-.png\" alt=\"pdf-\" width=\"25\" height=\"25\" \/><a title=\"ANYLOAD | 110RH Dynamometer and Tension Link Load Cell\" href=\"https:\/\/www.anyload.com\/wp-content\/uploads\/2021\/08\/110RH-ST-load-cell-transducer.pdf\" target=\"_blank\" rel=\"noopener noreferrer\"> Descargar ficha t\u00e9cnica<\/a><\/p>\n<p><img decoding=\"async\" class=\"alignnone size-full wp-image-3944\" src=\"\/wp-content\/uploads\/2014\/04\/pdf-.png\" alt=\"pdf-\" width=\"25\" height=\"25\" \/> <a title=\"ANYLOAD | NTEP Certificate of Conformance\" href=\"http:\/\/www.anyload.com\/es\/approvals\/national-conference-on-weights-and-measures\/\" target=\"_blank\" rel=\"noopener noreferrer\">Certificado de conformidad NTEP<\/a><\/p>\n<p><img decoding=\"async\" class=\"alignnone size-full wp-image-3944\" src=\"\/wp-content\/uploads\/2014\/04\/pdf-.png\" alt=\"pdf-\" width=\"25\" height=\"25\" \/> <a title=\"ANYLOAD | OIML Certificate of Conformity\" href=\"http:\/\/www.anyload.com\/es\/approvals\/international-organization-of-legal-meteorology\/\" target=\"_blank\" rel=\"noopener noreferrer\">Certificado de conformidad de la OIML<\/a><\/p>\n<p><img decoding=\"async\" class=\"alignnone size-full wp-image-3944\" src=\"\/wp-content\/uploads\/2014\/04\/pdf-.png\" alt=\"pdf-\" width=\"25\" height=\"25\" \/> <a title=\"ANYLOAD | CE Certificate of Conformity\" href=\"http:\/\/www.anyload.com\/es\/approvals\/conformite-europeenne\/\" target=\"_blank\" rel=\"noopener noreferrer\">Certificado de conformidad CE<\/a><\/p>\n<p><img decoding=\"async\" class=\"alignnone size-full wp-image-3944\" src=\"\/wp-content\/uploads\/2014\/04\/pdf-.png\" alt=\"pdf-\" width=\"25\" height=\"25\" \/> <a title=\"ANYLOAD | RoHS Certificate of Conformity\" href=\"http:\/\/www.anyload.com\/es\/approvals\/restriction-of-hazardous-substances-directive\/\" target=\"_blank\" rel=\"noopener noreferrer\">Certificado de conformidad RoHS<\/a><\/p>","protected":false},"excerpt":{"rendered":"<ul>\n<li>Material: Aleaci\u00f3n de acero con protecci\u00f3n de PVC<\/li>\n<li>Capacidades nominales: 500kg, 1t, 2t, 3t, 5t, 10t, 20t, 30t, 50t, 100t<\/li>\n<li>Salida a fondo de escala: 2mV\/V \u00b1 0,25%<\/li>\n<li>Sobrecarga segura: 200% del fondo de escala<\/li>\n<li>Sobrecarga de rotura: 500% del fondo de escala<\/li>\n<li>Clasificaci\u00f3n IP: IP67<\/li>\n<li>NTEP 1:3000 Clase III, certificado de c\u00e9lula \u00fanica de 500kg-3t<\/li>\n<li>NTEP 1:5000 Clase III, certificado de c\u00e9lula m\u00faltiple de 500kg-3t<\/li>\n<li>NTEP 1:3000, hasta 1:6000 Clase III, certificado para c\u00e9lulas m\u00faltiples y c\u00e9lulas individuales de 5t-50t<\/li>\n<li>OIML MAA C3, Y=15 000 certificado de 1t-10t<\/li>\n<li>OIML MAA C3, hasta C6, Y=13 5000 certificados de 10t-50t<\/li>\n<li>Certificado CE y RoHS<\/li>\n<\/ul>","protected":false},"featured_media":40042,"template":"","meta":{"_acf_changed":false,"site-sidebar-layout":"default","site-content-layout":"default","ast-site-content-layout":"default","site-content-style":"default","site-sidebar-style":"default","ast-global-header-display":"","ast-banner-title-visibility":"","ast-main-header-display":"","ast-hfb-above-header-display":"","ast-hfb-below-header-display":"","ast-hfb-mobile-header-display":"","site-post-title":"","ast-breadcrumbs-content":"","ast-featured-img":"","footer-sml-layout":"","ast-disable-related-posts":"","theme-transparent-header-meta":"default","adv-header-id-meta":"","stick-header-meta":"default","header-above-stick-meta":"","header-main-stick-meta":"","header-below-stick-meta":"","astra-migrate-meta-layouts":"set","ast-page-background-enabled":"default","ast-page-background-meta":{"desktop":{"background-color":"var(--ast-global-color-4)","background-image":"","background-repeat":"repeat","background-position":"center center","background-size":"auto","background-attachment":"scroll","background-type":"","background-media":"","overlay-type":"","overlay-color":"","overlay-opacity":"","overlay-gradient":""},"tablet":{"background-color":"","background-image":"","background-repeat":"repeat","background-position":"center center","background-size":"auto","background-attachment":"scroll","background-type":"","background-media":"","overlay-type":"","overlay-color":"","overlay-opacity":"","overlay-gradient":""},"mobile":{"background-color":"","background-image":"","background-repeat":"repeat","background-position":"center center","background-size":"auto","background-attachment":"scroll","background-type":"","background-media":"","overlay-type":"","overlay-color":"","overlay-opacity":"","overlay-gradient":""}},"ast-content-background-meta":{"desktop":{"background-color":"var(--ast-global-color-5)","background-image":"","background-repeat":"repeat","background-position":"center center","background-size":"auto","background-attachment":"scroll","background-type":"","background-media":"","overlay-type":"","overlay-color":"","overlay-opacity":"","overlay-gradient":""},"tablet":{"background-color":"var(--ast-global-color-5)","background-image":"","background-repeat":"repeat","background-position":"center center","background-size":"auto","background-attachment":"scroll","background-type":"","background-media":"","overlay-type":"","overlay-color":"","overlay-opacity":"","overlay-gradient":""},"mobile":{"background-color":"var(--ast-global-color-5)","background-image":"","background-repeat":"repeat","background-position":"center center","background-size":"auto","background-attachment":"scroll","background-type":"","background-media":"","overlay-type":"","overlay-color":"","overlay-opacity":"","overlay-gradient":""}}},"product_brand":[],"product_cat":[42,30,19,28,147,38],"product_tag":[1379,1413,1414,1622,1722,1720,1721],"industries_product":[],"application_product":[3325],"class_list":{"0":"post-6059","1":"product","2":"type-product","3":"status-publish","4":"has-post-thumbnail","6":"product_cat-crane-scales","7":"product_cat-force-measurement","8":"product_cat-load-cells-categories","9":"product_cat-scales","10":"product_cat-tension","11":"product_cat-tension-links","12":"product_tag-crane-scale","13":"product_tag-dynamometer","14":"product_tag-dynamometers","15":"product_tag-load-cell","16":"product_tag-load-cells","17":"product_tag-tension-link-load-cell","18":"product_tag-tension-link-load-cells","19":"pa_part-number-110rh-st-t2-10t","20":"pa_part-number-110rh-st-t2-1t","21":"pa_part-number-110rh-st-t2-20t","22":"pa_part-number-110rh-st-t2-2t","23":"pa_part-number-110rh-st-t2-3t","24":"pa_part-number-110rh-st-t2-500kg","25":"pa_part-number-110rh-st-t2-5t","26":"pa_part-number-110rh-t2-100t","27":"pa_part-number-110rh-t2-10t","28":"pa_part-number-110rh-t2-1t","29":"pa_part-number-110rh-t2-20t","30":"pa_part-number-110rh-t2-2t","31":"pa_part-number-110rh-t2-30t","32":"pa_part-number-110rh-t2-3t","33":"pa_part-number-110rh-t2-500kg","34":"pa_part-number-110rh-t2-50t","35":"pa_part-number-110rh-t2-5t","36":"application_product-application-overhead-weighing-products","37":"desktop-align-center","38":"tablet-align-left","39":"mobile-align-left","40":"ast-product-gallery-layout-horizontal-slider","41":"ast-product-gallery-with-no-image","42":"ast-magnify-disabled","43":"ast-product-single-variable","44":"ast-product-tabs-layout-horizontal","46":"first","47":"instock","48":"shipping-taxable","49":"purchasable","50":"product-type-variable"},"acf":[],"_links":{"self":[{"href":"https:\/\/www.anyload.com\/es\/wp-json\/wp\/v2\/product\/6059","targetHints":{"allow":["GET"]}}],"collection":[{"href":"https:\/\/www.anyload.com\/es\/wp-json\/wp\/v2\/product"}],"about":[{"href":"https:\/\/www.anyload.com\/es\/wp-json\/wp\/v2\/types\/product"}],"wp:featuredmedia":[{"embeddable":true,"href":"https:\/\/www.anyload.com\/es\/wp-json\/wp\/v2\/media\/40042"}],"wp:attachment":[{"href":"https:\/\/www.anyload.com\/es\/wp-json\/wp\/v2\/media?parent=6059"}],"wp:term":[{"taxonomy":"product_brand","embeddable":true,"href":"https:\/\/www.anyload.com\/es\/wp-json\/wp\/v2\/product_brand?post=6059"},{"taxonomy":"product_cat","embeddable":true,"href":"https:\/\/www.anyload.com\/es\/wp-json\/wp\/v2\/product_cat?post=6059"},{"taxonomy":"product_tag","embeddable":true,"href":"https:\/\/www.anyload.com\/es\/wp-json\/wp\/v2\/product_tag?post=6059"},{"taxonomy":"industries_product","embeddable":true,"href":"https:\/\/www.anyload.com\/es\/wp-json\/wp\/v2\/industries_product?post=6059"},{"taxonomy":"application_product","embeddable":true,"href":"https:\/\/www.anyload.com\/es\/wp-json\/wp\/v2\/application_product?post=6059"}],"curies":[{"name":"wp","href":"https:\/\/api.w.org\/{rel}","templated":true}]}}