{"id":6018,"date":"2014-05-19T08:24:22","date_gmt":"2014-05-19T15:24:22","guid":{"rendered":"http:\/\/anyloadgroup.com\/?post_type=product&#038;p=6018"},"modified":"2026-02-27T10:09:49","modified_gmt":"2026-02-27T18:09:49","slug":"110es-wl-salt-water-proof-crane-scale-2","status":"publish","type":"product","link":"https:\/\/www.anyload.com\/es\/producto\/110es-wl-salt-water-proof-crane-scale-2\/","title":{"rendered":"110ES-WL B\u00e1scula de gr\u00faa inal\u00e1mbrica impermeable a la sal"},"content":{"rendered":"<p><span style=\"text-decoration: underline;\"><strong>Descripci\u00f3n:\u00a0<\/strong><\/span><\/p>\n<p>Field-tested with Canadian fishermen, the 110ES is the perfect scale for weighing fish at sea or really any other tension weighing need where accurate performance in difficult environments is the top priority. Far more compact than any other tension link of a similar capacity on the market, tougher with 200% safe overload and 400% breaking overload, and more resilient (saltwater corrosion resistant IP68\/IP69K full submersion waterproof), this line of crane scale has few equals. This model may be paired with a moisture-resistant handheld wireless indicator. By every metric, from safety to size to reliability to accuracy, the 110ES blows the competition out of the water, no pun intended.<\/p>\n<p><span style=\"text-decoration: underline;\"><strong>Caracter\u00edsticas:\u00a0<\/strong><\/span><\/p>\n<ul>\n<li>Material de la carcasa: Fundici\u00f3n de acero inoxidable<\/li>\n<li>Accuracy: 1:6,000 maximum divisions<\/li>\n<li>Capacities: 2.5t, 5t, 10t<\/li>\n<li>For more capacities, please check <strong>110ES-WL-HP<\/strong><\/li>\n<li>Sobrecarga segura: 200% del fondo de escala<\/li>\n<li>Sobrecarga de rotura: 400% del fondo de escala<\/li>\n<li>Clasificaci\u00f3n IP: IP68\/IP69K<\/li>\n<li>Frequencies:\u00a0 915 Mhz<\/li>\n<li>Alcance de transmisi\u00f3n de hasta 30 m sin obst\u00e1culos<\/li>\n<li>Interruptor de encendido resistente al agua salada con indicador luminoso<\/li>\n<li>Tapa de la pila resistente al agua salada<\/li>\n<li>Antena protegida por una carcasa de silicona<\/li>\n<li><span style=\"color: #c9252c;\"><strong><a style=\"color: #ca0020; text-decoration: underline;\" href=\"http:\/\/www.anyload.com\/en\/product-category\/indicators-displays-and-printers\/wireless-indicators\/\" target=\"_blank\" rel=\"noopener noreferrer\">Indicador<\/a> y <a style=\"color: #ca0020; text-decoration: underline;\" href=\"http:\/\/www.anyload.com\/en\/product-category\/hardware-and-accessories\/shackles\/\" target=\"_blank\" rel=\"noopener noreferrer\">Grilletes<\/a> se venden por separado<\/strong><\/span><\/li>\n<\/ul>\n<table width=\"638\">\n<tbody>\n<tr>\n<td width=\"319\">Capacidad<\/td>\n<td width=\"319\">2.5t, 5t, 10t ( for more capacities, check <a href=\"https:\/\/www.anyload.com\/es\/producto\/110es-wl-hp-salt-waterproof-wireless-tension-link\/\"><strong>110ES-WL-HP<\/strong><\/a>)<\/td>\n<\/tr>\n<tr>\n<td width=\"319\">Divisi\u00f3n 1t-10t<\/td>\n<td width=\"319\">1:5000<\/td>\n<\/tr>\n<tr>\n<td width=\"319\">Divisi\u00f3n 20t<\/td>\n<td width=\"319\">1:4000<\/td>\n<\/tr>\n<tr>\n<td width=\"319\">Divisi\u00f3n 30t<\/td>\n<td width=\"319\">1:3000<\/td>\n<\/tr>\n<tr>\n<td width=\"319\">Divisi\u00f3n 50t-100t<\/td>\n<td width=\"319\">1:5000<\/td>\n<\/tr>\n<tr>\n<td width=\"319\">Material del recinto<\/td>\n<td width=\"319\">304 Stainless steel<\/td>\n<\/tr>\n<tr>\n<td width=\"319\">Temperatura de trabajo<\/td>\n<td width=\"319\">De -10\u00b0C a 40\u00b0C De 14\u00b0F a 104\u00b0F<\/td>\n<\/tr>\n<tr>\n<td width=\"319\">Sobrecarga segura<\/td>\n<td width=\"319\">200% del fondo de escala<\/td>\n<\/tr>\n<tr>\n<td width=\"319\">Romper la sobrecarga<\/td>\n<td width=\"319\">400% del fondo de escala<\/td>\n<\/tr>\n<tr>\n<td width=\"319\">Fuente de alimentaci\u00f3n<\/td>\n<td width=\"319\">4 x 16340.3 7V (included)<\/td>\n<\/tr>\n<tr>\n<td width=\"319\">Cargador<\/td>\n<td width=\"319\">DC 4.2V\/600mA (included)<\/td>\n<\/tr>\n<tr>\n<td width=\"319\">Tiempo de funcionamiento<\/td>\n<td width=\"319\">8 hours<\/td>\n<\/tr>\n<tr>\n<td width=\"319\">Clasificaci\u00f3n IP<\/td>\n<td width=\"319\">IP68\/69K<\/td>\n<\/tr>\n<\/tbody>\n<\/table>\n<p style=\"text-align: justify;\"><img decoding=\"async\" class=\"alignnone size-full wp-image-3944\" src=\"\/wp-content\/uploads\/2014\/04\/pdf-.png\" alt=\"pdf-\" width=\"25\" height=\"25\" \/>\u00a0<a title=\"ANYLOAD | 110ES-WL Salt Waterproof Wireless Crane Scale\" href=\"http:\/\/www.anyload.com\/wp-content\/uploads\/2018\/01\/Anyload-110ES-WL-load-cell-transducer.pdf\" target=\"_blank\" rel=\"noopener noreferrer\">Descargar ficha t\u00e9cnica<\/a><\/p>\n<p>&nbsp;<\/p>\n<p style=\"text-align: justify;\"><img decoding=\"async\" class=\"alignnone size-full wp-image-3944\" src=\"\/wp-content\/uploads\/2014\/04\/pdf-.png\" alt=\"pdf-\" width=\"25\" height=\"25\" \/>\u00a0<a title=\"ANYLOAD | 110ES-WL Salt Waterproof Wireless Crane Scale\" href=\"http:\/\/www.anyload.com\/wp-content\/uploads\/2014\/09\/P1-wireless-indicator-manual.pdf\" target=\"_blank\" rel=\"noopener noreferrer\">Download manual 110ES with P1<\/a><\/p>","protected":false},"excerpt":{"rendered":"<p><span style=\"text-decoration: underline;\"><strong>Descripci\u00f3n:\u00a0<\/strong><\/span><\/p>\n<p>Field-tested with Canadian fishermen, the 110ES is the perfect scale for weighing fish at sea or really any other tension weighing need where accurate performance in difficult environments is the top priority. Far more compact than any other tension link of a similar capacity on the market, tougher with 200% safe overload and 400% breaking overload, and more resilient (saltwater corrosion resistant IP68\/IP69K full submersion waterproof), this line of crane scale has few equals. This model may be paired with a moisture-resistant handheld wireless indicator. By every metric, from safety to size to reliability to accuracy, the 110ES blows the competition out of the water, no pun intended.<\/p>\n<p>For more capacities, check <strong><a href=\"https:\/\/www.anyload.com\/es\/producto\/110es-wl-hp-salt-waterproof-wireless-tension-link\/\">110ES-WL-HP<\/a><\/strong><\/p>\n<p><span style=\"text-decoration: underline;\"><strong>Caracter\u00edsticas:\u00a0<\/strong><\/span><\/p>\n<ul>\n<li>Material de la carcasa: Fundici\u00f3n de acero inoxidable<\/li>\n<li>Accuracy: 1:6,000 maximum divisions<\/li>\n<li>Capacities: 2.5t, 5t, 10t;<\/li>\n<li><strong>For more capacities, please <\/strong>check <span style=\"color: #c9252c;\"><strong><a href=\"https:\/\/www.anyload.com\/es\/producto\/110es-wl-hp-salt-waterproof-wireless-tension-link\/\">110ES-WL-HP<\/a><\/strong><\/span><\/li>\n<li>Sobrecarga segura: 200% del fondo de escala<\/li>\n<li>Sobrecarga de rotura: 400% del fondo de escala<\/li>\n<li>Clasificaci\u00f3n IP: IP68\/IP69K<\/li>\n<li>Frequencies:\u00a0 915 Mhz<\/li>\n<li>Alcance de transmisi\u00f3n de hasta 30 m sin obst\u00e1culos<\/li>\n<li>Interruptor de encendido resistente al agua salada con indicador luminoso<\/li>\n<li>Tapa de la pila resistente al agua salada<\/li>\n<li>Antena protegida por una carcasa de silicona<\/li>\n<li><span style=\"color: #c9252c;\"><strong><a style=\"color: #ca0020; text-decoration: underline;\" href=\"http:\/\/www.anyload.com\/en\/product-category\/indicators-displays-and-printers\/wireless-indicators\/\" target=\"_blank\" rel=\"noopener noreferrer\">Indicador<\/a> y <a style=\"color: #ca0020; text-decoration: underline;\" href=\"http:\/\/www.anyload.com\/en\/product-category\/hardware-and-accessories\/shackles\/\" target=\"_blank\" rel=\"noopener noreferrer\">Grilletes<\/a> se venden por separado<\/strong><\/span><\/li>\n<\/ul>","protected":false},"featured_media":22255,"template":"","meta":{"_acf_changed":false,"site-sidebar-layout":"default","site-content-layout":"default","ast-site-content-layout":"default","site-content-style":"default","site-sidebar-style":"default","ast-global-header-display":"","ast-banner-title-visibility":"","ast-main-header-display":"","ast-hfb-above-header-display":"","ast-hfb-below-header-display":"","ast-hfb-mobile-header-display":"","site-post-title":"","ast-breadcrumbs-content":"","ast-featured-img":"","footer-sml-layout":"","ast-disable-related-posts":"","theme-transparent-header-meta":"default","adv-header-id-meta":"","stick-header-meta":"default","header-above-stick-meta":"","header-main-stick-meta":"","header-below-stick-meta":"","astra-migrate-meta-layouts":"set","ast-page-background-enabled":"default","ast-page-background-meta":{"desktop":{"background-color":"var(--ast-global-color-4)","background-image":"","background-repeat":"repeat","background-position":"center center","background-size":"auto","background-attachment":"scroll","background-type":"","background-media":"","overlay-type":"","overlay-color":"","overlay-opacity":"","overlay-gradient":""},"tablet":{"background-color":"","background-image":"","background-repeat":"repeat","background-position":"center center","background-size":"auto","background-attachment":"scroll","background-type":"","background-media":"","overlay-type":"","overlay-color":"","overlay-opacity":"","overlay-gradient":""},"mobile":{"background-color":"","background-image":"","background-repeat":"repeat","background-position":"center center","background-size":"auto","background-attachment":"scroll","background-type":"","background-media":"","overlay-type":"","overlay-color":"","overlay-opacity":"","overlay-gradient":""}},"ast-content-background-meta":{"desktop":{"background-color":"var(--ast-global-color-5)","background-image":"","background-repeat":"repeat","background-position":"center center","background-size":"auto","background-attachment":"scroll","background-type":"","background-media":"","overlay-type":"","overlay-color":"","overlay-opacity":"","overlay-gradient":""},"tablet":{"background-color":"var(--ast-global-color-5)","background-image":"","background-repeat":"repeat","background-position":"center center","background-size":"auto","background-attachment":"scroll","background-type":"","background-media":"","overlay-type":"","overlay-color":"","overlay-opacity":"","overlay-gradient":""},"mobile":{"background-color":"var(--ast-global-color-5)","background-image":"","background-repeat":"repeat","background-position":"center center","background-size":"auto","background-attachment":"scroll","background-type":"","background-media":"","overlay-type":"","overlay-color":"","overlay-opacity":"","overlay-gradient":""}}},"product_brand":[],"product_cat":[42,28,147],"product_tag":[1379,1393,1394,1392,1382],"industries_product":[],"application_product":[],"class_list":{"0":"post-6018","1":"product","2":"type-product","3":"status-publish","4":"has-post-thumbnail","6":"product_cat-crane-scales","7":"product_cat-scales","8":"product_cat-tension","9":"product_tag-crane-scale","10":"product_tag-salt-waterproof-crane-scale","11":"product_tag-waterproof-crane-scale","12":"product_tag-waterproof-wireless-crane-scale","13":"product_tag-wireless-crane-scale","14":"pa_part-number-110es-10t-wl01","15":"pa_part-number-110es-2-5t-wl01","16":"pa_part-number-110es-5t-wl01","17":"desktop-align-center","18":"tablet-align-left","19":"mobile-align-left","20":"ast-product-gallery-layout-horizontal-slider","21":"ast-magnify-disabled","22":"ast-product-single-variable","23":"ast-product-tabs-layout-horizontal","25":"first","26":"instock","27":"shipping-taxable","28":"purchasable","29":"product-type-variable"},"acf":[],"_links":{"self":[{"href":"https:\/\/www.anyload.com\/es\/wp-json\/wp\/v2\/product\/6018","targetHints":{"allow":["GET"]}}],"collection":[{"href":"https:\/\/www.anyload.com\/es\/wp-json\/wp\/v2\/product"}],"about":[{"href":"https:\/\/www.anyload.com\/es\/wp-json\/wp\/v2\/types\/product"}],"wp:featuredmedia":[{"embeddable":true,"href":"https:\/\/www.anyload.com\/es\/wp-json\/wp\/v2\/media\/22255"}],"wp:attachment":[{"href":"https:\/\/www.anyload.com\/es\/wp-json\/wp\/v2\/media?parent=6018"}],"wp:term":[{"taxonomy":"product_brand","embeddable":true,"href":"https:\/\/www.anyload.com\/es\/wp-json\/wp\/v2\/product_brand?post=6018"},{"taxonomy":"product_cat","embeddable":true,"href":"https:\/\/www.anyload.com\/es\/wp-json\/wp\/v2\/product_cat?post=6018"},{"taxonomy":"product_tag","embeddable":true,"href":"https:\/\/www.anyload.com\/es\/wp-json\/wp\/v2\/product_tag?post=6018"},{"taxonomy":"industries_product","embeddable":true,"href":"https:\/\/www.anyload.com\/es\/wp-json\/wp\/v2\/industries_product?post=6018"},{"taxonomy":"application_product","embeddable":true,"href":"https:\/\/www.anyload.com\/es\/wp-json\/wp\/v2\/application_product?post=6018"}],"curies":[{"name":"wp","href":"https:\/\/api.w.org\/{rel}","templated":true}]}}