{"id":40322,"date":"2025-11-12T10:54:54","date_gmt":"2025-11-12T18:54:54","guid":{"rendered":"https:\/\/www.anyload.com\/?post_type=product&#038;p=40322"},"modified":"2026-04-15T11:14:18","modified_gmt":"2026-04-15T18:14:18","slug":"orca-steel-deck-truck-scale","status":"publish","type":"product","link":"https:\/\/www.anyload.com\/es\/producto\/orca-steel-deck-truck-scale\/","title":{"rendered":"B\u00e1scula de acero para camiones ORCA"},"content":{"rendered":"<p>La b\u00e1scula de acero para camiones ORCA\u2122 de ANYLOAD est\u00e1 dise\u00f1ada para los entornos norteamericanos m\u00e1s duros que exigen fiabilidad y precisi\u00f3n sin concesiones. Construida con un profundo canal en U ortotr\u00f3pico, ORCA ofrece una integridad estructural excepcional, distribuci\u00f3n de carga y estabilidad de calibraci\u00f3n a largo plazo bajo cargas de ejes pesadas y repetidas. La fabricaci\u00f3n CNC de precisi\u00f3n, los m\u00f3dulos de cubierta prec\u00e1mara y las costuras soldadas continuas garantizan una rigidez y una alineaci\u00f3n inigualables. El sistema de conexi\u00f3n de m\u00f3dulos con soporte en H simplifica la instalaci\u00f3n y permite la ampliaci\u00f3n modular con un mantenimiento m\u00ednimo. ORCA\u2122, que goza de la confianza de todos los sectores, desde el forestal hasta el log\u00edstico, representa el est\u00e1ndar m\u00e1s alto en rendimiento y durabilidad de pesaje de camiones.<\/p>\n<p>The ORCA\u2122\u2019s orthotropic deck design provides a higher strength-to-weight ratio than conventional I-beam systems, reducing deflection and extending service life. Each weigh module integrates top-access load cell pockets for faster service without needing lifting the deck.<\/p>\n<p>Built for harsh environments, every ORCA\u2122 module undergoes bead blasting to SA 2.5, epoxy priming, and dual-coat finishing for maximum corrosion resistance. Optional galvanization or stainless-steel fabrication enhances protection in coastal, chemical, or high-moisture sites. The ORCA\u2122 is Measurement Canada Legal-for-Trade approved with OIML- and NTEP-certified load cells. truck scales<\/p>","protected":false},"excerpt":{"rendered":"<div class=\"product-desc\">\n<p>La b\u00e1scula de acero para camiones ORCA\u2122 de ANYLOAD est\u00e1 dise\u00f1ada para los entornos norteamericanos m\u00e1s duros que exigen fiabilidad y precisi\u00f3n sin concesiones. Construida con un profundo canal en U ortotr\u00f3pico, ORCA ofrece una integridad estructural excepcional, distribuci\u00f3n de carga y estabilidad de calibraci\u00f3n a largo plazo bajo cargas de ejes pesadas y repetidas. La fabricaci\u00f3n CNC de precisi\u00f3n, los m\u00f3dulos de cubierta prec\u00e1mara y las costuras soldadas continuas garantizan una rigidez y una alineaci\u00f3n inigualables. El sistema de conexi\u00f3n de m\u00f3dulos con soporte en H simplifica la instalaci\u00f3n y permite la ampliaci\u00f3n modular con un mantenimiento m\u00ednimo. ORCA\u2122, que goza de la confianza de todos los sectores, desde el forestal hasta el log\u00edstico, representa el est\u00e1ndar m\u00e1s alto en rendimiento y durabilidad de pesaje de camiones.  <\/p>\n<div id=\"otter-more\" class=\"see-more-content\">\n<p>El dise\u00f1o ortotr\u00f3pico de la plataforma ORCA\u2122 proporciona una mayor relaci\u00f3n resistencia-peso que los sistemas convencionales de vigas en I, lo que reduce la deflexi\u00f3n y prolonga la vida \u00fatil. Cada m\u00f3dulo de pesaje integra bolsillos para c\u00e9lulas de carga de acceso superior para un servicio m\u00e1s r\u00e1pido sin necesidad de levantar la plataforma. Fabricado para entornos dif\u00edciles, cada m\u00f3dulo ORCA\u2122 se somete a un proceso de granallado SA 2.5, imprimaci\u00f3n epoxi y acabado de doble capa para una m\u00e1xima resistencia a la corrosi\u00f3n. La galvanizaci\u00f3n opcional o la fabricaci\u00f3n en acero inoxidable mejoran la protecci\u00f3n en zonas costeras, qu\u00edmicas o de alta humedad. ORCA\u2122 cuenta con la aprobaci\u00f3n Measurement Canada Legal-for-Trade con c\u00e9lulas de carga certificadas por OIML y NTEP.  <\/p>\n<\/div>\n<p>  <a id=\"otter-toggle\" class=\"see-more-toggle\">M\u00e1s informaci\u00f3n<\/a><\/p>\n<\/div>\n<div class=\"ds-btn-row\">\n<a class=\"ds-btn\" href=\"https:\/\/www.anyload.com\/wp-content\/uploads\/2025\/11\/ORCA-Datasheet-2026.pdf\" target=\"_blank\" rel=\"noopener\">Ficha de datos<\/a><br \/>\n<a class=\"ds-btn\" href=\"https:\/\/www.anyload.com\/wp-content\/uploads\/2025\/12\/PN-240601-D4-WEB-ORCA.pdf\" target=\"_blank\" rel=\"noopener\">Folleto<\/a><\/div>","protected":false},"featured_media":40522,"template":"","meta":{"_acf_changed":false,"site-sidebar-layout":"default","site-content-layout":"default","ast-site-content-layout":"default","site-content-style":"default","site-sidebar-style":"default","ast-global-header-display":"","ast-banner-title-visibility":"","ast-main-header-display":"","ast-hfb-above-header-display":"","ast-hfb-below-header-display":"","ast-hfb-mobile-header-display":"","site-post-title":"","ast-breadcrumbs-content":"","ast-featured-img":"","footer-sml-layout":"","ast-disable-related-posts":"","theme-transparent-header-meta":"default","adv-header-id-meta":"","stick-header-meta":"default","header-above-stick-meta":"","header-main-stick-meta":"","header-below-stick-meta":"","astra-migrate-meta-layouts":"set","ast-page-background-enabled":"default","ast-page-background-meta":{"desktop":{"background-color":"var(--ast-global-color-4)","background-image":"","background-repeat":"repeat","background-position":"center center","background-size":"auto","background-attachment":"scroll","background-type":"","background-media":"","overlay-type":"","overlay-color":"","overlay-opacity":"","overlay-gradient":""},"tablet":{"background-color":"","background-image":"","background-repeat":"repeat","background-position":"center center","background-size":"auto","background-attachment":"scroll","background-type":"","background-media":"","overlay-type":"","overlay-color":"","overlay-opacity":"","overlay-gradient":""},"mobile":{"background-color":"","background-image":"","background-repeat":"repeat","background-position":"center center","background-size":"auto","background-attachment":"scroll","background-type":"","background-media":"","overlay-type":"","overlay-color":"","overlay-opacity":"","overlay-gradient":""}},"ast-content-background-meta":{"desktop":{"background-color":"var(--ast-global-color-5)","background-image":"","background-repeat":"repeat","background-position":"center center","background-size":"auto","background-attachment":"scroll","background-type":"","background-media":"","overlay-type":"","overlay-color":"","overlay-opacity":"","overlay-gradient":""},"tablet":{"background-color":"var(--ast-global-color-5)","background-image":"","background-repeat":"repeat","background-position":"center center","background-size":"auto","background-attachment":"scroll","background-type":"","background-media":"","overlay-type":"","overlay-color":"","overlay-opacity":"","overlay-gradient":""},"mobile":{"background-color":"var(--ast-global-color-5)","background-image":"","background-repeat":"repeat","background-position":"center center","background-size":"auto","background-attachment":"scroll","background-type":"","background-media":"","overlay-type":"","overlay-color":"","overlay-opacity":"","overlay-gradient":""}}},"product_brand":[],"product_cat":[3468,3369],"product_tag":[3467],"industries_product":[],"application_product":[3321],"class_list":{"0":"post-40322","1":"product","2":"type-product","3":"status-publish","4":"has-post-thumbnail","6":"product_cat-truck-scales","7":"product_cat-vehicle-scales","8":"product_tag-truck","9":"pa_part-number-3228","10":"pa_part-number-orca-10x100","11":"pa_part-number-orca-10x120","12":"pa_part-number-orca-10x60","13":"pa_part-number-orca-10x70","14":"pa_part-number-orca-10x80","15":"pa_part-number-orca-10x90","16":"pa_part-number-orca-11x100","17":"pa_part-number-orca-11x120","18":"pa_part-number-orca-11x60","19":"pa_part-number-orca-11x70","20":"pa_part-number-orca-11x80","21":"pa_part-number-orca-11x90","22":"pa_part-number-other-configurations-available","23":"application_product-application-truck-scale-products","24":"desktop-align-center","25":"tablet-align-left","26":"mobile-align-left","27":"ast-product-gallery-layout-horizontal-slider","28":"ast-magnify-disabled","29":"ast-product-single-variable","30":"ast-product-tabs-layout-horizontal","32":"first","33":"instock","34":"shipping-taxable","35":"purchasable","36":"product-type-variable"},"acf":[],"_links":{"self":[{"href":"https:\/\/www.anyload.com\/es\/wp-json\/wp\/v2\/product\/40322","targetHints":{"allow":["GET"]}}],"collection":[{"href":"https:\/\/www.anyload.com\/es\/wp-json\/wp\/v2\/product"}],"about":[{"href":"https:\/\/www.anyload.com\/es\/wp-json\/wp\/v2\/types\/product"}],"wp:featuredmedia":[{"embeddable":true,"href":"https:\/\/www.anyload.com\/es\/wp-json\/wp\/v2\/media\/40522"}],"wp:attachment":[{"href":"https:\/\/www.anyload.com\/es\/wp-json\/wp\/v2\/media?parent=40322"}],"wp:term":[{"taxonomy":"product_brand","embeddable":true,"href":"https:\/\/www.anyload.com\/es\/wp-json\/wp\/v2\/product_brand?post=40322"},{"taxonomy":"product_cat","embeddable":true,"href":"https:\/\/www.anyload.com\/es\/wp-json\/wp\/v2\/product_cat?post=40322"},{"taxonomy":"product_tag","embeddable":true,"href":"https:\/\/www.anyload.com\/es\/wp-json\/wp\/v2\/product_tag?post=40322"},{"taxonomy":"industries_product","embeddable":true,"href":"https:\/\/www.anyload.com\/es\/wp-json\/wp\/v2\/industries_product?post=40322"},{"taxonomy":"application_product","embeddable":true,"href":"https:\/\/www.anyload.com\/es\/wp-json\/wp\/v2\/application_product?post=40322"}],"curies":[{"name":"wp","href":"https:\/\/api.w.org\/{rel}","templated":true}]}}