{"id":39715,"date":"2025-09-17T09:35:48","date_gmt":"2025-09-17T16:35:48","guid":{"rendered":"https:\/\/www.anyload.com\/?post_type=product&#038;p=39715"},"modified":"2025-12-17T15:29:02","modified_gmt":"2025-12-17T23:29:02","slug":"563yx-as-vac-single-ended-beam-load-cell","status":"publish","type":"product","link":"https:\/\/www.anyload.com\/es\/producto\/563yx-as-vac-single-ended-beam-load-cell\/","title":{"rendered":"563YX-AS-VAC Single Ended Beam Load Cell"},"content":{"rendered":"<p>Las c\u00e9lulas de carga Shear Beam de alta temperatura y vac\u00edo de ANYLOAD est\u00e1n dise\u00f1adas para entornos en los que los sensores est\u00e1ndar se quedan cortos. Construidas para la industria aeroespacial, la fabricaci\u00f3n de semiconductores, la metalurgia y la investigaci\u00f3n avanzada, proporcionan la precisi\u00f3n y la estabilidad necesarias en condiciones t\u00e9rmicas y de presi\u00f3n extremas, al tiempo que ofrecen la flexibilidad necesaria para ser configuradas seg\u00fan los requisitos espec\u00edficos de cada proyecto.<\/p>\n<ul>\n<li>Aplicaciones: aeroespacial, fabricaci\u00f3n de semiconductores, metalurgia, investigaci\u00f3n avanzada, etc.<\/li>\n<li>Configuraci\u00f3n especial basada en la probada plataforma de c\u00e9lula de carga 563YH, dise\u00f1ada para aplicaciones exigentes de vac\u00edo y alta temperatura.<\/li>\n<li>Compatible con vac\u00edo (opcional): Cavidades internas selladas y construcci\u00f3n de baja desgasificaci\u00f3n para entornos de vac\u00edo din\u00e1mico de hasta 1 Pa (~1 x 10-\u00b2 Torr)*, apto para ciclos de vac\u00edo repetidos.<\/li>\n<li>Resistencia a altas temperaturas (opcional): Rango compensado* -10\u00b0C a 150\u00b0C, operativo hasta 200\u00b0C<\/li>\n<\/ul>\n<p><em>Without material effect on weighing accuracy for most applications. Please contact us for more info.<\/em><\/p>","protected":false},"excerpt":{"rendered":"<p>Las c\u00e9lulas de carga Shear Beam de alta temperatura y vac\u00edo de ANYLOAD est\u00e1n dise\u00f1adas para entornos en los que los sensores est\u00e1ndar se quedan cortos. Construidas para la industria aeroespacial, la fabricaci\u00f3n de semiconductores, la metalurgia y la investigaci\u00f3n avanzada, proporcionan la precisi\u00f3n y la estabilidad necesarias en condiciones t\u00e9rmicas y de presi\u00f3n extremas, al tiempo que ofrecen la flexibilidad necesaria para ser configuradas seg\u00fan los requisitos espec\u00edficos de cada proyecto.<\/p>\n<ul>\n<li>Aplicaciones: aeroespacial, fabricaci\u00f3n de semiconductores, metalurgia, investigaci\u00f3n avanzada, etc.<\/li>\n<li>Configuraci\u00f3n especial basada en la probada plataforma de c\u00e9lula de carga 563YH, dise\u00f1ada para aplicaciones exigentes de vac\u00edo y alta temperatura.<\/li>\n<li>Compatible con vac\u00edo (opcional): Cavidades internas selladas y construcci\u00f3n de baja desgasificaci\u00f3n para entornos de vac\u00edo din\u00e1mico de hasta 1 Pa (~1 x 10-\u00b2 Torr)*, apto para ciclos de vac\u00edo repetidos.<\/li>\n<li>Resistencia a altas temperaturas (opcional): Rango compensado* -10\u00b0C a 150\u00b0C, operativo hasta 200\u00b0C<\/li>\n<\/ul>\n<p><em>Sin efecto material en la precisi\u00f3n de pesaje para la mayor\u00eda de las aplicaciones. Por favor <strong><span style=\"color: #0000ff;\"><a style=\"color: #0000ff;\" href=\"https:\/\/www.anyload.com\/es\/contact\/\">Contacto<\/a><\/span><\/strong> para obtener m\u00e1s informaci\u00f3n sobre el n\u00famero de pieza.<\/em><\/p>","protected":false},"featured_media":39722,"template":"","meta":{"_acf_changed":false,"site-sidebar-layout":"default","site-content-layout":"default","ast-site-content-layout":"default","site-content-style":"default","site-sidebar-style":"default","ast-global-header-display":"","ast-banner-title-visibility":"","ast-main-header-display":"","ast-hfb-above-header-display":"","ast-hfb-below-header-display":"","ast-hfb-mobile-header-display":"","site-post-title":"","ast-breadcrumbs-content":"","ast-featured-img":"","footer-sml-layout":"","ast-disable-related-posts":"","theme-transparent-header-meta":"default","adv-header-id-meta":"","stick-header-meta":"default","header-above-stick-meta":"","header-main-stick-meta":"","header-below-stick-meta":"","astra-migrate-meta-layouts":"set","ast-page-background-enabled":"default","ast-page-background-meta":{"desktop":{"background-color":"var(--ast-global-color-4)","background-image":"","background-repeat":"repeat","background-position":"center center","background-size":"auto","background-attachment":"scroll","background-type":"","background-media":"","overlay-type":"","overlay-color":"","overlay-opacity":"","overlay-gradient":""},"tablet":{"background-color":"","background-image":"","background-repeat":"repeat","background-position":"center center","background-size":"auto","background-attachment":"scroll","background-type":"","background-media":"","overlay-type":"","overlay-color":"","overlay-opacity":"","overlay-gradient":""},"mobile":{"background-color":"","background-image":"","background-repeat":"repeat","background-position":"center center","background-size":"auto","background-attachment":"scroll","background-type":"","background-media":"","overlay-type":"","overlay-color":"","overlay-opacity":"","overlay-gradient":""}},"ast-content-background-meta":{"desktop":{"background-color":"var(--ast-global-color-5)","background-image":"","background-repeat":"repeat","background-position":"center center","background-size":"auto","background-attachment":"scroll","background-type":"","background-media":"","overlay-type":"","overlay-color":"","overlay-opacity":"","overlay-gradient":""},"tablet":{"background-color":"var(--ast-global-color-5)","background-image":"","background-repeat":"repeat","background-position":"center center","background-size":"auto","background-attachment":"scroll","background-type":"","background-media":"","overlay-type":"","overlay-color":"","overlay-opacity":"","overlay-gradient":""},"mobile":{"background-color":"var(--ast-global-color-5)","background-image":"","background-repeat":"repeat","background-position":"center center","background-size":"auto","background-attachment":"scroll","background-type":"","background-media":"","overlay-type":"","overlay-color":"","overlay-opacity":"","overlay-gradient":""}}},"product_brand":[],"product_cat":[19,20],"product_tag":[],"industries_product":[],"application_product":[],"class_list":{"0":"post-39715","1":"product","2":"type-product","3":"status-publish","4":"has-post-thumbnail","6":"product_cat-load-cells-categories","7":"product_cat-single-ended-shear-beams","8":"pa_part-number-563yx-as-vac","9":"desktop-align-center","10":"tablet-align-left","11":"mobile-align-left","12":"ast-product-gallery-layout-horizontal-slider","13":"ast-product-gallery-with-no-image","14":"ast-magnify-disabled","15":"ast-product-single-variable","16":"ast-product-tabs-layout-horizontal","18":"first","19":"instock","20":"shipping-taxable","21":"product-type-variable"},"acf":[],"_links":{"self":[{"href":"https:\/\/www.anyload.com\/es\/wp-json\/wp\/v2\/product\/39715","targetHints":{"allow":["GET"]}}],"collection":[{"href":"https:\/\/www.anyload.com\/es\/wp-json\/wp\/v2\/product"}],"about":[{"href":"https:\/\/www.anyload.com\/es\/wp-json\/wp\/v2\/types\/product"}],"wp:featuredmedia":[{"embeddable":true,"href":"https:\/\/www.anyload.com\/es\/wp-json\/wp\/v2\/media\/39722"}],"wp:attachment":[{"href":"https:\/\/www.anyload.com\/es\/wp-json\/wp\/v2\/media?parent=39715"}],"wp:term":[{"taxonomy":"product_brand","embeddable":true,"href":"https:\/\/www.anyload.com\/es\/wp-json\/wp\/v2\/product_brand?post=39715"},{"taxonomy":"product_cat","embeddable":true,"href":"https:\/\/www.anyload.com\/es\/wp-json\/wp\/v2\/product_cat?post=39715"},{"taxonomy":"product_tag","embeddable":true,"href":"https:\/\/www.anyload.com\/es\/wp-json\/wp\/v2\/product_tag?post=39715"},{"taxonomy":"industries_product","embeddable":true,"href":"https:\/\/www.anyload.com\/es\/wp-json\/wp\/v2\/industries_product?post=39715"},{"taxonomy":"application_product","embeddable":true,"href":"https:\/\/www.anyload.com\/es\/wp-json\/wp\/v2\/application_product?post=39715"}],"curies":[{"name":"wp","href":"https:\/\/api.w.org\/{rel}","templated":true}]}}