{"id":39060,"date":"2025-08-05T15:14:10","date_gmt":"2025-08-05T22:14:10","guid":{"rendered":"https:\/\/www.anyload.com\/?post_type=product&#038;p=39060"},"modified":"2025-12-17T15:43:19","modified_gmt":"2025-12-17T23:43:19","slug":"an560-axle-weighing-indicator","status":"publish","type":"product","link":"https:\/\/www.anyload.com\/es\/producto\/an560-axle-weighing-indicator\/","title":{"rendered":"Indicador de pesaje por ejes AN560"},"content":{"rendered":"<div class=\"page\" title=\"P\u00e1gina 1\">\n<div class=\"section\">\n<div class=\"layoutArea\">\n<div class=\"column\">\n<div class=\"page\" title=\"P\u00e1gina 1\">\n<div class=\"section\">\n<div class=\"layoutArea\">\n<div class=\"page\" title=\"P\u00e1gina 1\">\n<div class=\"section\">\n<div class=\"layoutArea\">\n<p>El ANYLOAD AN560 es un indicador inal\u00e1mbrico robusto y port\u00e1til dise\u00f1ado para aplicaciones de pesaje de ejes. Con una pantalla de tinta electr\u00f3nica de 4,2\u2033, impresora t\u00e9rmica integrada y conectividad inal\u00e1mbrica con hasta 8 b\u00e1sculas, es ideal para su uso sobre el terreno en entornos exigentes. Funciones integradas de pesaje en movimiento y equilibrado (cuando se empareja con las b\u00e1sculas correspondientes). Conexi\u00f3n inal\u00e1mbrica con <a id=\"menurbh\" class=\"fui-Link ___1q1shib f2hkw1w f3rmtva f1ewtqcl fyind8e f1k6fduh f1w7gpdv fk6fouc fjoy568 figsok6 f1s184ao f1mk8lai fnbmjn9 f1o700av f13mvf36 f1cmlufx f9n3di6 f1ids18y f1tx3yz7 f1deo86v f1eh06m1 f1iescvh fhgqx19 f1olyrje f1p93eir f1nev41a f1h8hb77 f1lqvz6u f10aw75t fsle3fq f17ae5zn\" title=\"https:\/\/www.anyload.com\/product\/axa-axle-weigh-pads\/\" href=\"https:\/\/www.anyload.com\/es\/producto\/axa-axle-weigh-pads\/\" target=\"_blank\" rel=\"noreferrer noopener\" aria-label=\"Enlace ANYLOAD AXA Axle Weigh Pads,\">ANYLOAD AXA Axle Weigh Pads,<\/a> balanzas digitales compactas dise\u00f1adas para aplicaciones de pesaje de veh\u00edculos.<\/p>\n<p><strong>Caracter\u00edsticas:<\/strong><\/p>\n<ul>\n<li>Bater\u00eda recargable de larga duraci\u00f3n (~600 horas de funcionamiento continuo por carga)<\/li>\n<li>Pantalla E-ink de 4,2\u2033 de alto contraste con luz LED frontal para una excelente visibilidad en todas las condiciones de iluminaci\u00f3n.<\/li>\n<li>Admite la conexi\u00f3n inal\u00e1mbrica de hasta 8 almohadillas de ejes o b\u00e1sculas simult\u00e1neamente<\/li>\n<li>Teclado de silicona resistente para un uso prolongado sobre el terreno y respuesta t\u00e1ctil<\/li>\n<li>Puerto USB-A para copia de seguridad de datos en unidades flash USB<\/li>\n<li>Puerto USB-C para carga y comunicaci\u00f3n COM virtual<\/li>\n<li>Impresora de tickets integrada con formato configurable<\/li>\n<li>Carcasa con clasificaci\u00f3n IP-67 para condiciones duras<\/li>\n<li>Dise\u00f1o compacto y port\u00e1til (s\u00f3lo 6Ib \/ 2,7kg)<\/li>\n<\/ul>\n<\/div>\n<\/div>\n<\/div>\n<\/div>\n<\/div>\n<\/div>\n<\/div>\n<\/div>\n<\/div>\n<\/div>","protected":false},"excerpt":{"rendered":"<div class=\"page\" title=\"P\u00e1gina 1\">\n<div class=\"section\">\n<div class=\"layoutArea\">\n<p>El ANYLOAD AN560 es un indicador inal\u00e1mbrico robusto y port\u00e1til dise\u00f1ado para aplicaciones de pesaje de ejes. Con una pantalla de tinta electr\u00f3nica de 4,2\u2033, impresora t\u00e9rmica integrada y conectividad inal\u00e1mbrica con hasta 8 b\u00e1sculas, es ideal para su uso sobre el terreno en entornos exigentes. Funciones integradas de pesaje en movimiento y equilibrado (cuando se empareja con las b\u00e1sculas correspondientes). Conexi\u00f3n inal\u00e1mbrica con <a id=\"menurbh\" class=\"fui-Link ___1q1shib f2hkw1w f3rmtva f1ewtqcl fyind8e f1k6fduh f1w7gpdv fk6fouc fjoy568 figsok6 f1s184ao f1mk8lai fnbmjn9 f1o700av f13mvf36 f1cmlufx f9n3di6 f1ids18y f1tx3yz7 f1deo86v f1eh06m1 f1iescvh fhgqx19 f1olyrje f1p93eir f1nev41a f1h8hb77 f1lqvz6u f10aw75t fsle3fq f17ae5zn\" title=\"https:\/\/www.anyload.com\/product\/axa-axle-weigh-pads\/\" href=\"https:\/\/www.anyload.com\/es\/producto\/axa-axle-weigh-pads\/\" target=\"_blank\" rel=\"noreferrer noopener\" aria-label=\"Enlace ANYLOAD AXA Axle Weigh Pads,\"><span style=\"color: #3366ff;\">Placas de pesaje para ejes AXA ANYLOAD<\/span>,<\/a> balanzas digitales compactas dise\u00f1adas para aplicaciones de pesaje de veh\u00edculos.<\/p>\n<p><strong>Caracter\u00edsticas:<\/strong><\/p>\n<ul>\n<li>Bater\u00eda recargable de larga duraci\u00f3n (~600 horas de funcionamiento continuo por carga)<\/li>\n<li>Pantalla E-ink de 4,2\u2033 de alto contraste con luz LED frontal para una excelente visibilidad en todas las condiciones de iluminaci\u00f3n.<\/li>\n<li>Admite la conexi\u00f3n inal\u00e1mbrica de hasta 8 almohadillas de ejes o b\u00e1sculas simult\u00e1neamente<\/li>\n<li>Teclado de silicona resistente para un uso prolongado sobre el terreno y respuesta t\u00e1ctil<\/li>\n<li>Puerto USB-A para copia de seguridad de datos en unidades flash USB<\/li>\n<li>Puerto USB-C para carga y comunicaci\u00f3n COM virtual<\/li>\n<li>Impresora de tickets integrada con formato configurable<\/li>\n<li>Carcasa con clasificaci\u00f3n IP-67 para condiciones duras<\/li>\n<li>Dise\u00f1o compacto y port\u00e1til (s\u00f3lo 6Ib \/ 2,7kg)<\/li>\n<\/ul>\n<\/div>\n<\/div>\n<\/div>","protected":false},"featured_media":39213,"template":"","meta":{"_acf_changed":false,"site-sidebar-layout":"default","site-content-layout":"default","ast-site-content-layout":"default","site-content-style":"default","site-sidebar-style":"default","ast-global-header-display":"","ast-banner-title-visibility":"","ast-main-header-display":"","ast-hfb-above-header-display":"","ast-hfb-below-header-display":"","ast-hfb-mobile-header-display":"","site-post-title":"","ast-breadcrumbs-content":"","ast-featured-img":"","footer-sml-layout":"","ast-disable-related-posts":"","theme-transparent-header-meta":"default","adv-header-id-meta":"","stick-header-meta":"default","header-above-stick-meta":"","header-main-stick-meta":"","header-below-stick-meta":"","astra-migrate-meta-layouts":"set","ast-page-background-enabled":"default","ast-page-background-meta":{"desktop":{"background-color":"var(--ast-global-color-4)","background-image":"","background-repeat":"repeat","background-position":"center center","background-size":"auto","background-attachment":"scroll","background-type":"","background-media":"","overlay-type":"","overlay-color":"","overlay-opacity":"","overlay-gradient":""},"tablet":{"background-color":"","background-image":"","background-repeat":"repeat","background-position":"center center","background-size":"auto","background-attachment":"scroll","background-type":"","background-media":"","overlay-type":"","overlay-color":"","overlay-opacity":"","overlay-gradient":""},"mobile":{"background-color":"","background-image":"","background-repeat":"repeat","background-position":"center center","background-size":"auto","background-attachment":"scroll","background-type":"","background-media":"","overlay-type":"","overlay-color":"","overlay-opacity":"","overlay-gradient":""}},"ast-content-background-meta":{"desktop":{"background-color":"var(--ast-global-color-5)","background-image":"","background-repeat":"repeat","background-position":"center center","background-size":"auto","background-attachment":"scroll","background-type":"","background-media":"","overlay-type":"","overlay-color":"","overlay-opacity":"","overlay-gradient":""},"tablet":{"background-color":"var(--ast-global-color-5)","background-image":"","background-repeat":"repeat","background-position":"center center","background-size":"auto","background-attachment":"scroll","background-type":"","background-media":"","overlay-type":"","overlay-color":"","overlay-opacity":"","overlay-gradient":""},"mobile":{"background-color":"var(--ast-global-color-5)","background-image":"","background-repeat":"repeat","background-position":"center center","background-size":"auto","background-attachment":"scroll","background-type":"","background-media":"","overlay-type":"","overlay-color":"","overlay-opacity":"","overlay-gradient":""}}},"product_brand":[],"product_cat":[150,2386,28,3369],"product_tag":[],"industries_product":[],"application_product":[],"class_list":{"0":"post-39060","1":"product","2":"type-product","3":"status-publish","4":"has-post-thumbnail","6":"product_cat-indicators","7":"product_cat-instrumentation","8":"product_cat-scales","9":"product_cat-vehicle-scales","10":"pa_part-number-an560-25a","11":"desktop-align-center","12":"tablet-align-left","13":"mobile-align-left","14":"ast-product-gallery-layout-horizontal-slider","15":"ast-magnify-disabled","16":"ast-product-single-variable","17":"ast-product-tabs-layout-horizontal","19":"first","20":"instock","21":"shipping-taxable","22":"purchasable","23":"product-type-variable"},"acf":[],"_links":{"self":[{"href":"https:\/\/www.anyload.com\/es\/wp-json\/wp\/v2\/product\/39060","targetHints":{"allow":["GET"]}}],"collection":[{"href":"https:\/\/www.anyload.com\/es\/wp-json\/wp\/v2\/product"}],"about":[{"href":"https:\/\/www.anyload.com\/es\/wp-json\/wp\/v2\/types\/product"}],"wp:featuredmedia":[{"embeddable":true,"href":"https:\/\/www.anyload.com\/es\/wp-json\/wp\/v2\/media\/39213"}],"wp:attachment":[{"href":"https:\/\/www.anyload.com\/es\/wp-json\/wp\/v2\/media?parent=39060"}],"wp:term":[{"taxonomy":"product_brand","embeddable":true,"href":"https:\/\/www.anyload.com\/es\/wp-json\/wp\/v2\/product_brand?post=39060"},{"taxonomy":"product_cat","embeddable":true,"href":"https:\/\/www.anyload.com\/es\/wp-json\/wp\/v2\/product_cat?post=39060"},{"taxonomy":"product_tag","embeddable":true,"href":"https:\/\/www.anyload.com\/es\/wp-json\/wp\/v2\/product_tag?post=39060"},{"taxonomy":"industries_product","embeddable":true,"href":"https:\/\/www.anyload.com\/es\/wp-json\/wp\/v2\/industries_product?post=39060"},{"taxonomy":"application_product","embeddable":true,"href":"https:\/\/www.anyload.com\/es\/wp-json\/wp\/v2\/application_product?post=39060"}],"curies":[{"name":"wp","href":"https:\/\/api.w.org\/{rel}","templated":true}]}}