{"id":38729,"date":"2025-07-22T11:04:01","date_gmt":"2025-07-22T18:04:01","guid":{"rendered":"https:\/\/www.anyload.com\/?post_type=product&#038;p=38729"},"modified":"2026-03-26T10:29:10","modified_gmt":"2026-03-26T17:29:10","slug":"axa-axle-weigh-pads","status":"publish","type":"product","link":"https:\/\/www.anyload.com\/es\/producto\/axa-axle-weigh-pads\/","title":{"rendered":"Almohadillas de pesaje para ejes AXA"},"content":{"rendered":"<p>AXA Axle Weigh Pads provide fast, convenient vehicle weighing in any location. The rugged, low-profile design is IP68-rated, exceptionally durable, and engineered for long-term field performance. Paired with the <a href=\"https:\/\/www.anyload.com\/es\/producto\/an560-axle-weighing-indicator\/\">ANYLOAD AN560<\/a><strong>,<\/strong> el sistema admite pesaje en movimiento, modo de centro de gravedad y ofrece m\u00e1s de 600 horas de autonom\u00eda de la bater\u00eda. En \u00e9l conf\u00edan los profesionales de la aviaci\u00f3n, las fuerzas de seguridad y la log\u00edstica de flotas cuando el fracaso no es una opci\u00f3n.<\/p>","protected":false},"excerpt":{"rendered":"<div class=\"product-desc\">\n<p>AXA Axle Weigh Pads provide fast, convenient vehicle weighing in any location. The rugged, low-profile design is IP68-rated, exceptionally durable, and engineered for long-term field performance. Paired with the <a href=\"https:\/\/www.anyload.com\/es\/producto\/an560-axle-weighing-indicator\/\"><span style=\"color: #3366ff;\">ANYLOAD AN560<\/span><\/a><span style=\"color: #3366ff;\"><strong>,<\/strong><\/span> el sistema admite pesaje en movimiento, modo de centro de gravedad y ofrece m\u00e1s de 600 horas de autonom\u00eda de la bater\u00eda. En \u00e9l conf\u00edan los profesionales de la aviaci\u00f3n, las fuerzas de seguridad y la log\u00edstica de flotas cuando el fracaso no es una opci\u00f3n.<\/p>\n<div id=\"otter-more\" class=\"see-more-content\">\n<ul>\n<li>Bater\u00eda reemplazable y recargable de larga duraci\u00f3n<\/li>\n<li>Soporte de pesaje en movimiento (WIM) en el modelo AXA-8<\/li>\n<li>Pantalla LCD de 6 d\u00edgitos con retroiluminaci\u00f3n LED para una visualizaci\u00f3n clara del peso<\/li>\n<li>Dos robustos interruptores t\u00e1ctiles capacitivos de f\u00e1cil manejo<\/li>\n<li>Comunicaci\u00f3n inal\u00e1mbrica Zigbee para una configuraci\u00f3n fiable y sin cables<\/li>\n<li>Cuerpo de aluminio de alta durabilidad con clasificaci\u00f3n IP68 y revestimiento en tono martillo<\/li>\n<li>Hasta 600 horas de uso continuo por carga (seg\u00fan el modelo)<\/li>\n<li>Compacta y port\u00e1til, ideal para aplicaciones m\u00f3viles de pesaje de ejes<\/li>\n<\/ul>\n<\/div>\n<p>  <a id=\"otter-toggle\" class=\"see-more-toggle\">M\u00e1s informaci\u00f3n<\/a><\/p>\n<\/div>\n<div class=\"ds-btn-row\"><a class=\"ds-btn\" href=\"https:\/\/www.anyload.com\/wp-content\/uploads\/2025\/07\/ANYLOAD-AXA-Axle-Weigh-Pad.pdf\" target=\"_blank\" rel=\"noopener\">Ficha de datos<\/a><br \/>\n<a class=\"ds-btn\" href=\"https:\/\/www.anyload.com\/wp-content\/uploads\/2026\/03\/Anyload-Axle-Weigh-Pad-8PAGE-04.pdf\" target=\"_blank\" rel=\"noopener\">Folleto<\/a><\/div>","protected":false},"featured_media":38737,"template":"","meta":{"_acf_changed":false,"site-sidebar-layout":"default","site-content-layout":"default","ast-site-content-layout":"default","site-content-style":"default","site-sidebar-style":"default","ast-global-header-display":"","ast-banner-title-visibility":"","ast-main-header-display":"","ast-hfb-above-header-display":"","ast-hfb-below-header-display":"","ast-hfb-mobile-header-display":"","site-post-title":"","ast-breadcrumbs-content":"","ast-featured-img":"","footer-sml-layout":"","ast-disable-related-posts":"","theme-transparent-header-meta":"default","adv-header-id-meta":"","stick-header-meta":"default","header-above-stick-meta":"","header-main-stick-meta":"","header-below-stick-meta":"","astra-migrate-meta-layouts":"set","ast-page-background-enabled":"default","ast-page-background-meta":{"desktop":{"background-color":"var(--ast-global-color-4)","background-image":"","background-repeat":"repeat","background-position":"center center","background-size":"auto","background-attachment":"scroll","background-type":"","background-media":"","overlay-type":"","overlay-color":"","overlay-opacity":"","overlay-gradient":""},"tablet":{"background-color":"","background-image":"","background-repeat":"repeat","background-position":"center center","background-size":"auto","background-attachment":"scroll","background-type":"","background-media":"","overlay-type":"","overlay-color":"","overlay-opacity":"","overlay-gradient":""},"mobile":{"background-color":"","background-image":"","background-repeat":"repeat","background-position":"center center","background-size":"auto","background-attachment":"scroll","background-type":"","background-media":"","overlay-type":"","overlay-color":"","overlay-opacity":"","overlay-gradient":""}},"ast-content-background-meta":{"desktop":{"background-color":"var(--ast-global-color-5)","background-image":"","background-repeat":"repeat","background-position":"center center","background-size":"auto","background-attachment":"scroll","background-type":"","background-media":"","overlay-type":"","overlay-color":"","overlay-opacity":"","overlay-gradient":""},"tablet":{"background-color":"var(--ast-global-color-5)","background-image":"","background-repeat":"repeat","background-position":"center center","background-size":"auto","background-attachment":"scroll","background-type":"","background-media":"","overlay-type":"","overlay-color":"","overlay-opacity":"","overlay-gradient":""},"mobile":{"background-color":"var(--ast-global-color-5)","background-image":"","background-repeat":"repeat","background-position":"center center","background-size":"auto","background-attachment":"scroll","background-type":"","background-media":"","overlay-type":"","overlay-color":"","overlay-opacity":"","overlay-gradient":""}}},"product_brand":[],"product_cat":[3369],"product_tag":[],"industries_product":[],"application_product":[],"class_list":{"0":"post-38729","1":"product","2":"type-product","3":"status-publish","4":"has-post-thumbnail","6":"product_cat-vehicle-scales","7":"pa_part-number-axa-3-0-5t-1klb","8":"pa_part-number-axa-3-1t-2klb","9":"pa_part-number-axa-3-2t-4klb","10":"pa_part-number-axa-5-3t-6klb","11":"pa_part-number-axa-5-5t-11klb","12":"pa_part-number-axa-8-10t-22klb","13":"pa_part-number-axa-8-15t-33klb","14":"pa_part-number-axa-8-20t-44klb","15":"desktop-align-center","16":"tablet-align-left","17":"mobile-align-left","18":"ast-product-gallery-layout-horizontal-slider","19":"ast-magnify-disabled","20":"ast-product-single-variable","21":"ast-product-tabs-layout-horizontal","23":"first","24":"instock","25":"shipping-taxable","26":"purchasable","27":"product-type-variable"},"acf":[],"_links":{"self":[{"href":"https:\/\/www.anyload.com\/es\/wp-json\/wp\/v2\/product\/38729","targetHints":{"allow":["GET"]}}],"collection":[{"href":"https:\/\/www.anyload.com\/es\/wp-json\/wp\/v2\/product"}],"about":[{"href":"https:\/\/www.anyload.com\/es\/wp-json\/wp\/v2\/types\/product"}],"wp:featuredmedia":[{"embeddable":true,"href":"https:\/\/www.anyload.com\/es\/wp-json\/wp\/v2\/media\/38737"}],"wp:attachment":[{"href":"https:\/\/www.anyload.com\/es\/wp-json\/wp\/v2\/media?parent=38729"}],"wp:term":[{"taxonomy":"product_brand","embeddable":true,"href":"https:\/\/www.anyload.com\/es\/wp-json\/wp\/v2\/product_brand?post=38729"},{"taxonomy":"product_cat","embeddable":true,"href":"https:\/\/www.anyload.com\/es\/wp-json\/wp\/v2\/product_cat?post=38729"},{"taxonomy":"product_tag","embeddable":true,"href":"https:\/\/www.anyload.com\/es\/wp-json\/wp\/v2\/product_tag?post=38729"},{"taxonomy":"industries_product","embeddable":true,"href":"https:\/\/www.anyload.com\/es\/wp-json\/wp\/v2\/industries_product?post=38729"},{"taxonomy":"application_product","embeddable":true,"href":"https:\/\/www.anyload.com\/es\/wp-json\/wp\/v2\/application_product?post=38729"}],"curies":[{"name":"wp","href":"https:\/\/api.w.org\/{rel}","templated":true}]}}