{"id":31048,"date":"2024-05-27T15:10:15","date_gmt":"2024-05-27T22:10:15","guid":{"rendered":"https:\/\/www.anyload.com\/?post_type=product&#038;p=31048"},"modified":"2024-11-14T11:56:03","modified_gmt":"2024-11-14T19:56:03","slug":"custom-made-s-beam-load-cell","status":"publish","type":"product","link":"https:\/\/www.anyload.com\/es\/producto\/custom-made-s-beam-load-cell\/","title":{"rendered":"C\u00e9lula de carga de viga en S a medida"},"content":{"rendered":"","protected":false},"excerpt":{"rendered":"<div>\n<p><!--ScriptorStartFragment--><\/p>\n<div class=\"scriptor-paragraph\">\n<p><!--ScriptorStartFragment--><\/p>\n<div class=\"scriptor-paragraph\">\n<p><!--ScriptorStartFragment--><\/p>\n<div class=\"scriptor-paragraph\">\n<p><!--ScriptorStartFragment--><\/p>\n<div class=\"scriptor-paragraph\">\n<p>Las c\u00e9lulas de carga personalizadas tipo S de ANYLOAD, tambi\u00e9n conocidas como c\u00e9lulas de carga S-Beam, est\u00e1n dise\u00f1adas para un uso vers\u00e1til en diversas industrias. Estos dispositivos son ideales tanto para mediciones de tensi\u00f3n como de compresi\u00f3n, por lo que son adecuados para una amplia gama de aplicaciones, incluidos los sistemas de pesaje de precisi\u00f3n por compresi\u00f3n y tracci\u00f3n. Su exclusiva forma en S facilita la instalaci\u00f3n y la integraci\u00f3n en configuraciones existentes, y admite desde sencillas tareas de pesaje hasta complejos procesos industriales.<\/p>\n<p>Estos instrumentos se utilizan con frecuencia en ensayos de materiales, b\u00e1sculas de gr\u00faa y aplicaciones de medici\u00f3n de fuerza en las que es esencial una supervisi\u00f3n precisa. La flexibilidad y fiabilidad de los modelos de tipo S los convierten en una elecci\u00f3n popular para la medici\u00f3n de cargas din\u00e1micas con alta sensibilidad.<\/p>\n<p>ANYLOAD ofrece estas unidades en varias capacidades y puede personalizarlas para satisfacer requisitos espec\u00edficos, incluyendo diferentes grados de protecci\u00f3n IP, materiales de los elementos para protecci\u00f3n medioambiental y varias opciones de conectores para adaptarse a todo tipo de instrumentaci\u00f3n. Tanto si se utilizan en un laboratorio controlado como en un entorno industrial severo, los dispositivos de tipo S de ANYLOAD proporcionan mediciones fiables y precisas para satisfacer sus exigentes necesidades.<\/p>\n<\/div>\n<p><!--ScriptorEndFragment--><\/p>\n<\/div>\n<p><!--ScriptorEndFragment--><\/p>\n<\/div>\n<p><!--ScriptorEndFragment--><\/p>\n<\/div>\n<\/div>\n<p>Consulte las especificaciones est\u00e1ndar de nuestros <span style=\"text-decoration: underline;\"><span style=\"color: #3366ff;\"><a style=\"color: #3366ff; text-decoration: underline;\" href=\"https:\/\/www.anyload.com\/es\/products\/?swoof=1&amp;product_cat=s-beam\">productos<\/a><\/span><\/span> para comprobar si satisfacen sus necesidades y requisitos <em>o<\/em> env\u00ede su pedido de una c\u00e9lula de carga S-Beam personalizada<\/p>\n<p><strong>Env\u00ede su C\u00e9lula de carga de viga en S personalizada en la pesta\u00f1a siguiente o <span style=\"text-decoration: underline;\"><span style=\"color: #3366ff;\"><a style=\"color: #3366ff; text-decoration: underline;\" href=\"https:\/\/www.anyload.com\/es\/custom-solutions\/\">haga clic aqu\u00ed para obtener m\u00e1s informaci\u00f3n sobre nuestra soluci\u00f3n personalizada<\/a><\/span><\/span><\/strong><\/p>","protected":false},"featured_media":6715,"template":"","meta":{"_acf_changed":false,"site-sidebar-layout":"default","site-content-layout":"default","ast-site-content-layout":"default","site-content-style":"default","site-sidebar-style":"default","ast-global-header-display":"","ast-banner-title-visibility":"","ast-main-header-display":"","ast-hfb-above-header-display":"","ast-hfb-below-header-display":"","ast-hfb-mobile-header-display":"","site-post-title":"","ast-breadcrumbs-content":"","ast-featured-img":"","footer-sml-layout":"","ast-disable-related-posts":"","theme-transparent-header-meta":"default","adv-header-id-meta":"","stick-header-meta":"default","header-above-stick-meta":"","header-main-stick-meta":"","header-below-stick-meta":"","astra-migrate-meta-layouts":"set","ast-page-background-enabled":"default","ast-page-background-meta":{"desktop":{"background-color":"var(--ast-global-color-4)","background-image":"","background-repeat":"repeat","background-position":"center center","background-size":"auto","background-attachment":"scroll","background-type":"","background-media":"","overlay-type":"","overlay-color":"","overlay-opacity":"","overlay-gradient":""},"tablet":{"background-color":"","background-image":"","background-repeat":"repeat","background-position":"center center","background-size":"auto","background-attachment":"scroll","background-type":"","background-media":"","overlay-type":"","overlay-color":"","overlay-opacity":"","overlay-gradient":""},"mobile":{"background-color":"","background-image":"","background-repeat":"repeat","background-position":"center center","background-size":"auto","background-attachment":"scroll","background-type":"","background-media":"","overlay-type":"","overlay-color":"","overlay-opacity":"","overlay-gradient":""}},"ast-content-background-meta":{"desktop":{"background-color":"var(--ast-global-color-5)","background-image":"","background-repeat":"repeat","background-position":"center center","background-size":"auto","background-attachment":"scroll","background-type":"","background-media":"","overlay-type":"","overlay-color":"","overlay-opacity":"","overlay-gradient":""},"tablet":{"background-color":"var(--ast-global-color-5)","background-image":"","background-repeat":"repeat","background-position":"center center","background-size":"auto","background-attachment":"scroll","background-type":"","background-media":"","overlay-type":"","overlay-color":"","overlay-opacity":"","overlay-gradient":""},"mobile":{"background-color":"var(--ast-global-color-5)","background-image":"","background-repeat":"repeat","background-position":"center center","background-size":"auto","background-attachment":"scroll","background-type":"","background-media":"","overlay-type":"","overlay-color":"","overlay-opacity":"","overlay-gradient":""}}},"product_brand":[],"product_cat":[19,32],"product_tag":[],"industries_product":[],"application_product":[],"class_list":{"0":"post-31048","1":"product","2":"type-product","3":"status-publish","4":"has-post-thumbnail","6":"product_cat-load-cells-categories","7":"product_cat-s-beam","8":"desktop-align-center","9":"tablet-align-left","10":"mobile-align-left","11":"ast-product-gallery-layout-horizontal-slider","12":"ast-product-gallery-with-no-image","13":"ast-magnify-disabled","14":"ast-product-single-variable","15":"ast-product-tabs-layout-horizontal","17":"first","18":"onbackorder","19":"shipping-taxable","20":"product-type-variable"},"acf":[],"_links":{"self":[{"href":"https:\/\/www.anyload.com\/es\/wp-json\/wp\/v2\/product\/31048","targetHints":{"allow":["GET"]}}],"collection":[{"href":"https:\/\/www.anyload.com\/es\/wp-json\/wp\/v2\/product"}],"about":[{"href":"https:\/\/www.anyload.com\/es\/wp-json\/wp\/v2\/types\/product"}],"wp:featuredmedia":[{"embeddable":true,"href":"https:\/\/www.anyload.com\/es\/wp-json\/wp\/v2\/media\/6715"}],"wp:attachment":[{"href":"https:\/\/www.anyload.com\/es\/wp-json\/wp\/v2\/media?parent=31048"}],"wp:term":[{"taxonomy":"product_brand","embeddable":true,"href":"https:\/\/www.anyload.com\/es\/wp-json\/wp\/v2\/product_brand?post=31048"},{"taxonomy":"product_cat","embeddable":true,"href":"https:\/\/www.anyload.com\/es\/wp-json\/wp\/v2\/product_cat?post=31048"},{"taxonomy":"product_tag","embeddable":true,"href":"https:\/\/www.anyload.com\/es\/wp-json\/wp\/v2\/product_tag?post=31048"},{"taxonomy":"industries_product","embeddable":true,"href":"https:\/\/www.anyload.com\/es\/wp-json\/wp\/v2\/industries_product?post=31048"},{"taxonomy":"application_product","embeddable":true,"href":"https:\/\/www.anyload.com\/es\/wp-json\/wp\/v2\/application_product?post=31048"}],"curies":[{"name":"wp","href":"https:\/\/api.w.org\/{rel}","templated":true}]}}