{"id":31041,"date":"2024-05-27T14:34:51","date_gmt":"2024-05-27T21:34:51","guid":{"rendered":"https:\/\/www.anyload.com\/?post_type=product&#038;p=31041"},"modified":"2024-11-14T11:56:16","modified_gmt":"2024-11-14T19:56:16","slug":"custom-made-disk-load-cell","status":"publish","type":"product","link":"https:\/\/www.anyload.com\/es\/producto\/custom-made-disk-load-cell\/","title":{"rendered":"C\u00e9lula de carga de disco a medida"},"content":{"rendered":"","protected":false},"excerpt":{"rendered":"<div>\n<p><!--ScriptorStartFragment--><\/p>\n<div class=\"scriptor-paragraph\">\n<div><!--ScriptorStartFragment--><\/p>\n<div class=\"scriptor-paragraph\">ANYLOAD custom disk load cells are expertly engineered for precision across a wide range of applications, including calibration machines, testing setups, and torque measurement systems. These versatile load cells can be made to be easily integrated into in-line and through-hole configurations, which facilitate easy integration into existing equipment or assemblies.<\/div>\n<div class=\"scriptor-paragraph\">ANYLOAD disk load cells are regularly designed for situations requiring specialized integration, such as embedding within machinery or mounting in locations with complex configurations. They can be customized with different IP ratings to handle environmental conditions involving dust and water, making them adaptable to diverse operational needs.<\/div>\n<p><!--ScriptorEndFragment--><\/div>\n<\/div>\n<\/div>\n<p>Consulte las especificaciones est\u00e1ndar de nuestros <span style=\"text-decoration: underline;\"><span style=\"color: #3366ff;\"><a style=\"color: #3366ff; text-decoration: underline;\" href=\"https:\/\/www.anyload.com\/es\/products\/?swoof=1&amp;product_cat=canister-and-disk\">productos<\/a><\/span><\/span> para comprobar si satisfacen sus necesidades y requisitos <em>o<\/em> submit your order for a customized Disk Load Cell.<\/p>\n<p><strong>Submit your Custom Made Disk Load Cell in the tab below or <span style=\"text-decoration: underline;\"><span style=\"color: #3366ff;\"><a style=\"color: #3366ff; text-decoration: underline;\" href=\"https:\/\/www.anyload.com\/es\/custom-solutions\/\">haga clic aqu\u00ed para obtener m\u00e1s informaci\u00f3n sobre nuestra soluci\u00f3n personalizada<\/a><\/span><\/span><\/strong><\/p>","protected":false},"featured_media":6840,"template":"","meta":{"_acf_changed":false,"site-sidebar-layout":"default","site-content-layout":"default","ast-site-content-layout":"default","site-content-style":"default","site-sidebar-style":"default","ast-global-header-display":"","ast-banner-title-visibility":"","ast-main-header-display":"","ast-hfb-above-header-display":"","ast-hfb-below-header-display":"","ast-hfb-mobile-header-display":"","site-post-title":"","ast-breadcrumbs-content":"","ast-featured-img":"","footer-sml-layout":"","ast-disable-related-posts":"","theme-transparent-header-meta":"default","adv-header-id-meta":"","stick-header-meta":"default","header-above-stick-meta":"","header-main-stick-meta":"","header-below-stick-meta":"","astra-migrate-meta-layouts":"set","ast-page-background-enabled":"default","ast-page-background-meta":{"desktop":{"background-color":"var(--ast-global-color-4)","background-image":"","background-repeat":"repeat","background-position":"center center","background-size":"auto","background-attachment":"scroll","background-type":"","background-media":"","overlay-type":"","overlay-color":"","overlay-opacity":"","overlay-gradient":""},"tablet":{"background-color":"","background-image":"","background-repeat":"repeat","background-position":"center center","background-size":"auto","background-attachment":"scroll","background-type":"","background-media":"","overlay-type":"","overlay-color":"","overlay-opacity":"","overlay-gradient":""},"mobile":{"background-color":"","background-image":"","background-repeat":"repeat","background-position":"center center","background-size":"auto","background-attachment":"scroll","background-type":"","background-media":"","overlay-type":"","overlay-color":"","overlay-opacity":"","overlay-gradient":""}},"ast-content-background-meta":{"desktop":{"background-color":"var(--ast-global-color-5)","background-image":"","background-repeat":"repeat","background-position":"center center","background-size":"auto","background-attachment":"scroll","background-type":"","background-media":"","overlay-type":"","overlay-color":"","overlay-opacity":"","overlay-gradient":""},"tablet":{"background-color":"var(--ast-global-color-5)","background-image":"","background-repeat":"repeat","background-position":"center center","background-size":"auto","background-attachment":"scroll","background-type":"","background-media":"","overlay-type":"","overlay-color":"","overlay-opacity":"","overlay-gradient":""},"mobile":{"background-color":"var(--ast-global-color-5)","background-image":"","background-repeat":"repeat","background-position":"center center","background-size":"auto","background-attachment":"scroll","background-type":"","background-media":"","overlay-type":"","overlay-color":"","overlay-opacity":"","overlay-gradient":""}}},"product_brand":[],"product_cat":[19,34],"product_tag":[],"industries_product":[],"application_product":[],"class_list":{"0":"post-31041","1":"product","2":"type-product","3":"status-publish","4":"has-post-thumbnail","6":"product_cat-load-cells-categories","7":"product_cat-canister-and-disk","8":"desktop-align-center","9":"tablet-align-left","10":"mobile-align-left","11":"ast-product-gallery-layout-horizontal-slider","12":"ast-product-gallery-with-no-image","13":"ast-magnify-disabled","14":"ast-product-single-variable","15":"ast-product-tabs-layout-horizontal","17":"first","18":"onbackorder","19":"shipping-taxable","20":"product-type-variable"},"acf":[],"_links":{"self":[{"href":"https:\/\/www.anyload.com\/es\/wp-json\/wp\/v2\/product\/31041","targetHints":{"allow":["GET"]}}],"collection":[{"href":"https:\/\/www.anyload.com\/es\/wp-json\/wp\/v2\/product"}],"about":[{"href":"https:\/\/www.anyload.com\/es\/wp-json\/wp\/v2\/types\/product"}],"wp:featuredmedia":[{"embeddable":true,"href":"https:\/\/www.anyload.com\/es\/wp-json\/wp\/v2\/media\/6840"}],"wp:attachment":[{"href":"https:\/\/www.anyload.com\/es\/wp-json\/wp\/v2\/media?parent=31041"}],"wp:term":[{"taxonomy":"product_brand","embeddable":true,"href":"https:\/\/www.anyload.com\/es\/wp-json\/wp\/v2\/product_brand?post=31041"},{"taxonomy":"product_cat","embeddable":true,"href":"https:\/\/www.anyload.com\/es\/wp-json\/wp\/v2\/product_cat?post=31041"},{"taxonomy":"product_tag","embeddable":true,"href":"https:\/\/www.anyload.com\/es\/wp-json\/wp\/v2\/product_tag?post=31041"},{"taxonomy":"industries_product","embeddable":true,"href":"https:\/\/www.anyload.com\/es\/wp-json\/wp\/v2\/industries_product?post=31041"},{"taxonomy":"application_product","embeddable":true,"href":"https:\/\/www.anyload.com\/es\/wp-json\/wp\/v2\/application_product?post=31041"}],"curies":[{"name":"wp","href":"https:\/\/api.w.org\/{rel}","templated":true}]}}