{"id":18579,"date":"2021-06-14T12:20:27","date_gmt":"2021-06-14T19:20:27","guid":{"rendered":"https:\/\/www.anyload.com\/?post_type=product&#038;p=18579"},"modified":"2026-02-27T16:36:49","modified_gmt":"2026-02-28T00:36:49","slug":"mk4-102ehm2-weigh-module-kit","status":"publish","type":"product","link":"https:\/\/www.anyload.com\/es\/producto\/mk4-102ehm2-weigh-module-kit\/","title":{"rendered":"Kit de m\u00f3dulo de pesaje MK4-102EHM2"},"content":{"rendered":"<p>El kit de m\u00f3dulo de pesaje MK4-102EHM2 utiliza cuatro c\u00e9lulas de carga de doble viga que proporcionan un alto grado de durabilidad para sus aplicaciones de pesaje de tolvas y tanques. Las aplicaciones m\u00e1s comunes incluyen el pesaje de dep\u00f3sitos, tolvas y tanques de capacidad media a pesada, as\u00ed como otras necesidades de medici\u00f3n de materiales a granel. El kit es una soluci\u00f3n de pesaje estable para rangos de capacidad media a alta. Cada kit viene con una caja de conexiones resistente al agua IP67 y 65 pies de cable.<\/p>","protected":false},"excerpt":{"rendered":"<div class=\"product-desc\">\n<p>El kit de m\u00f3dulo de pesaje MK4-102EHM2 utiliza cuatro c\u00e9lulas de carga de doble viga que proporcionan un alto grado de durabilidad para sus aplicaciones de pesaje de tolvas y tanques. Las aplicaciones m\u00e1s comunes incluyen el pesaje de dep\u00f3sitos, tolvas y tanques de capacidad media a pesada, as\u00ed como otras necesidades de medici\u00f3n de materiales a granel. El kit es una soluci\u00f3n de pesaje estable para rangos de capacidad media a alta. Cada kit viene con una caja de conexiones resistente al agua IP67 y 65 pies de cable.<\/p>\n<\/div>\n<div class=\"ds-btn-row\">\n  <a class=\"ds-btn\" href=\"https:\/\/www.anyload.com\/wp-content\/uploads\/2014\/03\/ANYLOAD-102BH-load-cell-transducer.pdf\" target=\"_blank\" rel=\"noopener\">Ficha de datos<\/a><br \/>\n  <a class=\"ds-btn\" href=\"https:\/\/www.anyload.com\/wp-content\/uploads\/2025\/02\/102EHM2-Module-Kit.pdf\" target=\"_blank\" rel=\"noopener\">Folleto<\/a><\/p>\n<\/div>","protected":false},"featured_media":22361,"template":"","meta":{"_acf_changed":false,"site-sidebar-layout":"default","site-content-layout":"default","ast-site-content-layout":"default","site-content-style":"default","site-sidebar-style":"default","ast-global-header-display":"","ast-banner-title-visibility":"","ast-main-header-display":"","ast-hfb-above-header-display":"","ast-hfb-below-header-display":"","ast-hfb-mobile-header-display":"","site-post-title":"","ast-breadcrumbs-content":"","ast-featured-img":"","footer-sml-layout":"","ast-disable-related-posts":"","theme-transparent-header-meta":"default","adv-header-id-meta":"","stick-header-meta":"default","header-above-stick-meta":"","header-main-stick-meta":"","header-below-stick-meta":"","astra-migrate-meta-layouts":"set","ast-page-background-enabled":"default","ast-page-background-meta":{"desktop":{"background-color":"var(--ast-global-color-4)","background-image":"","background-repeat":"repeat","background-position":"center center","background-size":"auto","background-attachment":"scroll","background-type":"","background-media":"","overlay-type":"","overlay-color":"","overlay-opacity":"","overlay-gradient":""},"tablet":{"background-color":"","background-image":"","background-repeat":"repeat","background-position":"center center","background-size":"auto","background-attachment":"scroll","background-type":"","background-media":"","overlay-type":"","overlay-color":"","overlay-opacity":"","overlay-gradient":""},"mobile":{"background-color":"","background-image":"","background-repeat":"repeat","background-position":"center center","background-size":"auto","background-attachment":"scroll","background-type":"","background-media":"","overlay-type":"","overlay-color":"","overlay-opacity":"","overlay-gradient":""}},"ast-content-background-meta":{"desktop":{"background-color":"var(--ast-global-color-5)","background-image":"","background-repeat":"repeat","background-position":"center center","background-size":"auto","background-attachment":"scroll","background-type":"","background-media":"","overlay-type":"","overlay-color":"","overlay-opacity":"","overlay-gradient":""},"tablet":{"background-color":"var(--ast-global-color-5)","background-image":"","background-repeat":"repeat","background-position":"center center","background-size":"auto","background-attachment":"scroll","background-type":"","background-media":"","overlay-type":"","overlay-color":"","overlay-opacity":"","overlay-gradient":""},"mobile":{"background-color":"var(--ast-global-color-5)","background-image":"","background-repeat":"repeat","background-position":"center center","background-size":"auto","background-attachment":"scroll","background-type":"","background-media":"","overlay-type":"","overlay-color":"","overlay-opacity":"","overlay-gradient":""}}},"product_brand":[],"product_cat":[146,2848,22],"product_tag":[2815,2813,2817],"industries_product":[],"application_product":[3324,3322],"class_list":{"0":"post-18579","1":"product","2":"type-product","3":"status-publish","4":"has-post-thumbnail","6":"product_cat-compression-weigh-modules","7":"product_cat-module-kits","8":"product_cat-weigh-modules","9":"product_tag-compression-weigh-modules","10":"product_tag-double-ended-shear-beams","11":"product_tag-load-cell-kits","12":"pa_part-number-mk4-102ehm2-10klb-s","13":"pa_part-number-mk4-102ehm2-15klb-s","14":"pa_part-number-mk4-102ehm2-2-5klb-s","15":"pa_part-number-mk4-102ehm2-25klb-s","16":"pa_part-number-mk4-102ehm2-35klb-s","17":"pa_part-number-mk4-102ehm2-50klb-s","18":"pa_part-number-mk4-102ehm2-5klb-s","19":"pa_part-number-mk4-102ehm2-60klb-s","20":"application_product-application-platform-products","21":"application_product-application-tank-silo-products","22":"desktop-align-center","23":"tablet-align-left","24":"mobile-align-left","25":"ast-product-gallery-layout-horizontal-slider","26":"ast-product-gallery-with-no-image","27":"ast-magnify-disabled","28":"ast-product-single-variable","29":"ast-product-tabs-layout-horizontal","31":"first","32":"instock","33":"shipping-taxable","34":"purchasable","35":"product-type-variable"},"acf":[],"_links":{"self":[{"href":"https:\/\/www.anyload.com\/es\/wp-json\/wp\/v2\/product\/18579","targetHints":{"allow":["GET"]}}],"collection":[{"href":"https:\/\/www.anyload.com\/es\/wp-json\/wp\/v2\/product"}],"about":[{"href":"https:\/\/www.anyload.com\/es\/wp-json\/wp\/v2\/types\/product"}],"wp:featuredmedia":[{"embeddable":true,"href":"https:\/\/www.anyload.com\/es\/wp-json\/wp\/v2\/media\/22361"}],"wp:attachment":[{"href":"https:\/\/www.anyload.com\/es\/wp-json\/wp\/v2\/media?parent=18579"}],"wp:term":[{"taxonomy":"product_brand","embeddable":true,"href":"https:\/\/www.anyload.com\/es\/wp-json\/wp\/v2\/product_brand?post=18579"},{"taxonomy":"product_cat","embeddable":true,"href":"https:\/\/www.anyload.com\/es\/wp-json\/wp\/v2\/product_cat?post=18579"},{"taxonomy":"product_tag","embeddable":true,"href":"https:\/\/www.anyload.com\/es\/wp-json\/wp\/v2\/product_tag?post=18579"},{"taxonomy":"industries_product","embeddable":true,"href":"https:\/\/www.anyload.com\/es\/wp-json\/wp\/v2\/industries_product?post=18579"},{"taxonomy":"application_product","embeddable":true,"href":"https:\/\/www.anyload.com\/es\/wp-json\/wp\/v2\/application_product?post=18579"}],"curies":[{"name":"wp","href":"https:\/\/api.w.org\/{rel}","templated":true}]}}