{"id":17719,"date":"2020-08-05T09:22:40","date_gmt":"2020-08-05T16:22:40","guid":{"rendered":"https:\/\/www.anyload.com\/?post_type=product&#038;p=17719"},"modified":"2025-12-18T11:57:01","modified_gmt":"2025-12-18T19:57:01","slug":"wl900-wireless-rf-transmitter-receiver","status":"publish","type":"product","link":"https:\/\/www.anyload.com\/es\/producto\/wl900-wireless-rf-transmitter-receiver\/","title":{"rendered":"WL900 Wireless RF Transmitter \/ Receiver"},"content":{"rendered":"<ul>\n<li>Designed exclusively for weighing industry<\/li>\n<li>Easy connecting weight indicators to remote displays and secondary devices.<\/li>\n<li>Stainless steel tech friendly NEMA4\/IP65 enclosure<\/li>\n<li>Keypad and display for easy setup and configuration<\/li>\n<li>Screw terminal wiring and strain reliefs for data inputs<\/li>\n<li>Lightning ESD protection on communication lines<\/li>\n<li>AC wall adaptor with detachable connector<\/li>\n<li>Standard seven segments display for setup and diagnostics<\/li>\n<li>Modo de aprendizaje autom\u00e1tico para establecer la velocidad de comunicaci\u00f3n en baudios<\/li>\n<li>Modo de aprendizaje autom\u00e1tico para detectar el formato de las cadenas entrantes<\/li>\n<li>Funci\u00f3n de configuraci\u00f3n por men\u00fas mediante teclado de membrana<\/li>\n<li>Traffic light RED\/GREEN control<\/li>\n<li>Ventilaci\u00f3n para evitar la condensaci\u00f3n en el interior de la caja<\/li>\n<li>Designed and developed by Anyload Weigh &amp; Measure Inc. in Canada<\/li>\n<li>Universal worldwide emission approvals: FCC, IC, C-Tick<\/li>\n<\/ul>\n<table border=\"1\" cellspacing=\"0\" cellpadding=\"0\">\n<tbody>\n<tr>\n<td valign=\"top\" width=\"319\">Divisi\u00f3n<\/td>\n<td valign=\"top\" width=\"319\">1, 2, 5, 10<\/td>\n<\/tr>\n<tr>\n<td valign=\"top\" width=\"319\">Rango de tara<\/td>\n<td valign=\"top\" width=\"319\">100% of Cn<\/td>\n<\/tr>\n<tr>\n<td valign=\"top\" width=\"319\">Maximum Number of Load Cells<\/td>\n<td valign=\"top\" width=\"319\">8\u00d7350\u03a9 or 16\u00d7700\u03a9<\/td>\n<\/tr>\n<tr>\n<td valign=\"top\" width=\"319\">Maximum Power Consumption<\/td>\n<td valign=\"top\" width=\"319\">6VA<\/td>\n<\/tr>\n<tr>\n<td valign=\"top\" width=\"319\">Excitation Voltage<\/td>\n<td valign=\"top\" width=\"319\">5V DC \u00b1 5%<\/td>\n<\/tr>\n<tr>\n<td valign=\"top\" width=\"319\">Fusible Link Fuse (slow blow)<\/td>\n<td valign=\"top\" width=\"319\">1A<\/td>\n<\/tr>\n<tr>\n<td valign=\"top\" width=\"319\">Communication Interface<\/td>\n<td valign=\"top\" width=\"319\">RS232<\/td>\n<\/tr>\n<tr>\n<td valign=\"top\" width=\"319\">Print Interface<\/td>\n<td valign=\"top\" width=\"319\">Serial interface<\/td>\n<\/tr>\n<\/tbody>\n<\/table>\n<p style=\"text-align: justify;\"><img decoding=\"async\" class=\"alignnone size-full wp-image-3944\" src=\"\/wp-content\/uploads\/2014\/04\/pdf-.png\" alt=\"pdf-\" width=\"25\" height=\"25\" \/>\u00a0<a title=\"ANYLOAD | WL900 Wireless RF Transmitter \/ Receiver\" href=\"https:\/\/www.anyload.com\/wp-content\/uploads\/2020\/08\/Anyload-WL900-Wireless-RF-Transmitter.pdf\" target=\"_blank\" rel=\"noopener noreferrer\">Descargar ficha t\u00e9cnica<\/a><\/p>\n<p style=\"text-align: justify;\"><img decoding=\"async\" class=\"alignnone size-full wp-image-3944\" src=\"\/wp-content\/uploads\/2014\/04\/pdf-.png\" alt=\"pdf-\" width=\"25\" height=\"25\" \/>\u00a0<a title=\"ANYLOAD | WL900 Wireless RF Transmitter \/ Receiver Manual\" href=\"https:\/\/www.anyload.com\/wp-content\/uploads\/2024\/06\/Anyload-WL900-Technical-Manual-V2005.pdf\" target=\"_blank\" rel=\"noopener noreferrer\">Download\u00a0technical manual<\/a><\/p>\n<p style=\"text-align: justify;\"><img decoding=\"async\" class=\"alignnone size-full wp-image-3944\" src=\"\/wp-content\/uploads\/2014\/04\/pdf-.png\" alt=\"pdf-\" width=\"25\" height=\"25\" \/> <a title=\"ANYLOAD | CE Certificate of Conformity - Low Voltage Directive\" href=\"\/wp-content\/uploads\/2014\/02\/805BS-LVD.pdf\" target=\"_blank\" rel=\"noopener noreferrer\">CE Certificate of Conformity &#8211; Low Voltage Directive<\/a><\/p>","protected":false},"excerpt":{"rendered":"<ul>\n<li>Designed exclusively for weighing industry<\/li>\n<li>Easy connecting any standard weight indicators available in the market to <a style=\"color: #ca0020;\" href=\"https:\/\/www.anyload.com\/es\/producto\/808ah-remote-display\/\" target=\"_blank\" rel=\"noopener noreferrer\">808AH, <\/a><a style=\"color: #ca0020;\" href=\"https:\/\/www.anyload.com\/es\/producto\/808bh-remote-display-with-traffic-light\/\" target=\"_blank\" rel=\"noopener noreferrer\">808BH <\/a>o <a style=\"color: #ca0020;\" href=\"https:\/\/www.anyload.com\/es\/producto\/808ch-remote-display\/\" target=\"_blank\" rel=\"noopener noreferrer\">808CH <\/a>remote display and secondary devices.<\/li>\n<li>Stainless steel tech friendly NEMA4\/IP65 enclosure<\/li>\n<li>Keypad and display for easy setup and configuration<\/li>\n<li>Screw terminal wiring and strain reliefs for data inputs<\/li>\n<li>Lightning ESD protection on communication lines<\/li>\n<li>AC wall adaptor with detachable connector<\/li>\n<li>Standard seven segments display for setup and diagnostics<\/li>\n<li>Modo de aprendizaje autom\u00e1tico para establecer la velocidad de comunicaci\u00f3n en baudios<\/li>\n<li>Modo de aprendizaje autom\u00e1tico para detectar el formato de las cadenas entrantes<\/li>\n<li>Funci\u00f3n de configuraci\u00f3n por men\u00fas mediante teclado de membrana<\/li>\n<li>Traffic light RED\/GREEN control<\/li>\n<li>Ventilaci\u00f3n para evitar la condensaci\u00f3n en el interior de la caja<\/li>\n<li>Designed and developed by Anyload Weigh &amp; Measure Inc. in Canada<\/li>\n<li>Universal worldwide emission approvals: FCC, IC, C-Tick<\/li>\n<\/ul>","protected":false},"featured_media":30026,"template":"","meta":{"_acf_changed":false,"site-sidebar-layout":"default","site-content-layout":"default","ast-site-content-layout":"default","site-content-style":"default","site-sidebar-style":"default","ast-global-header-display":"","ast-banner-title-visibility":"","ast-main-header-display":"","ast-hfb-above-header-display":"","ast-hfb-below-header-display":"","ast-hfb-mobile-header-display":"","site-post-title":"","ast-breadcrumbs-content":"","ast-featured-img":"","footer-sml-layout":"","ast-disable-related-posts":"","theme-transparent-header-meta":"default","adv-header-id-meta":"","stick-header-meta":"default","header-above-stick-meta":"","header-main-stick-meta":"","header-below-stick-meta":"","astra-migrate-meta-layouts":"set","ast-page-background-enabled":"default","ast-page-background-meta":{"desktop":{"background-color":"var(--ast-global-color-4)","background-image":"","background-repeat":"repeat","background-position":"center center","background-size":"auto","background-attachment":"scroll","background-type":"","background-media":"","overlay-type":"","overlay-color":"","overlay-opacity":"","overlay-gradient":""},"tablet":{"background-color":"","background-image":"","background-repeat":"repeat","background-position":"center center","background-size":"auto","background-attachment":"scroll","background-type":"","background-media":"","overlay-type":"","overlay-color":"","overlay-opacity":"","overlay-gradient":""},"mobile":{"background-color":"","background-image":"","background-repeat":"repeat","background-position":"center center","background-size":"auto","background-attachment":"scroll","background-type":"","background-media":"","overlay-type":"","overlay-color":"","overlay-opacity":"","overlay-gradient":""}},"ast-content-background-meta":{"desktop":{"background-color":"var(--ast-global-color-5)","background-image":"","background-repeat":"repeat","background-position":"center center","background-size":"auto","background-attachment":"scroll","background-type":"","background-media":"","overlay-type":"","overlay-color":"","overlay-opacity":"","overlay-gradient":""},"tablet":{"background-color":"var(--ast-global-color-5)","background-image":"","background-repeat":"repeat","background-position":"center center","background-size":"auto","background-attachment":"scroll","background-type":"","background-media":"","overlay-type":"","overlay-color":"","overlay-opacity":"","overlay-gradient":""},"mobile":{"background-color":"var(--ast-global-color-5)","background-image":"","background-repeat":"repeat","background-position":"center center","background-size":"auto","background-attachment":"scroll","background-type":"","background-media":"","overlay-type":"","overlay-color":"","overlay-opacity":"","overlay-gradient":""}}},"product_brand":[],"product_cat":[151,2388],"product_tag":[],"industries_product":[],"application_product":[],"class_list":{"0":"post-17719","1":"product","2":"type-product","3":"status-publish","4":"has-post-thumbnail","6":"product_cat-remote-displays","7":"product_cat-wireless","8":"pa_part-number-receiver-aus-920mhz-wl900-02r","9":"pa_part-number-receiver-eu-2-4ghz-wl900-03r","10":"pa_part-number-receiver-us-can-900mhz-wl900-01r","11":"pa_part-number-transmitter-aus-920mhz-wl900-02t","12":"pa_part-number-transmitter-eu-2-4ghz-wl900-03t","13":"pa_part-number-transmitter-us-can-900mhz-wl900-01t","14":"desktop-align-center","15":"tablet-align-left","16":"mobile-align-left","17":"ast-product-gallery-layout-horizontal-slider","18":"ast-product-gallery-with-no-image","19":"ast-magnify-disabled","20":"ast-product-single-variable","21":"ast-product-tabs-layout-horizontal","23":"first","24":"instock","25":"shipping-taxable","26":"purchasable","27":"product-type-variable"},"acf":[],"_links":{"self":[{"href":"https:\/\/www.anyload.com\/es\/wp-json\/wp\/v2\/product\/17719","targetHints":{"allow":["GET"]}}],"collection":[{"href":"https:\/\/www.anyload.com\/es\/wp-json\/wp\/v2\/product"}],"about":[{"href":"https:\/\/www.anyload.com\/es\/wp-json\/wp\/v2\/types\/product"}],"wp:featuredmedia":[{"embeddable":true,"href":"https:\/\/www.anyload.com\/es\/wp-json\/wp\/v2\/media\/30026"}],"wp:attachment":[{"href":"https:\/\/www.anyload.com\/es\/wp-json\/wp\/v2\/media?parent=17719"}],"wp:term":[{"taxonomy":"product_brand","embeddable":true,"href":"https:\/\/www.anyload.com\/es\/wp-json\/wp\/v2\/product_brand?post=17719"},{"taxonomy":"product_cat","embeddable":true,"href":"https:\/\/www.anyload.com\/es\/wp-json\/wp\/v2\/product_cat?post=17719"},{"taxonomy":"product_tag","embeddable":true,"href":"https:\/\/www.anyload.com\/es\/wp-json\/wp\/v2\/product_tag?post=17719"},{"taxonomy":"industries_product","embeddable":true,"href":"https:\/\/www.anyload.com\/es\/wp-json\/wp\/v2\/industries_product?post=17719"},{"taxonomy":"application_product","embeddable":true,"href":"https:\/\/www.anyload.com\/es\/wp-json\/wp\/v2\/application_product?post=17719"}],"curies":[{"name":"wp","href":"https:\/\/api.w.org\/{rel}","templated":true}]}}