{"id":17192,"date":"2020-05-19T12:32:38","date_gmt":"2020-05-19T19:32:38","guid":{"rendered":"https:\/\/www.anyload.com\/?post_type=product&#038;p=17192"},"modified":"2025-12-24T11:35:40","modified_gmt":"2025-12-24T19:35:40","slug":"563yh-23-single-ended-beam-load-cell","status":"publish","type":"product","link":"https:\/\/www.anyload.com\/es\/producto\/563yh-23-single-ended-beam-load-cell\/","title":{"rendered":"563YH-23 C\u00e9lula de carga monohaz"},"content":{"rendered":"<p>M\u00f3dulos de pesaje por compresi\u00f3n (<span style=\"color: #3366ff;\"><a style=\"color: #3366ff;\" title=\"https:\/\/www.anyload.com\/product\/563yhm2-compression-weigh-module\/\" href=\"https:\/\/www.anyload.com\/es\/producto\/563yhm2-compression-weigh-module\/\" data-ogsc=\"\" data-outlook-id=\"c612e931-c9b9-4170-bb95-9181b24d5a78\">563YHM2<\/a><\/span>\u00a0\u00a0\/<span style=\"color: #3366ff;\">\u00a0<a style=\"color: #3366ff;\" title=\"https:\/\/www.anyload.com\/product\/563yhm4-02-compression-weigh-module\/\" href=\"https:\/\/www.anyload.com\/es\/producto\/563yhm4-02-compression-weigh-module\/\" data-ogsc=\"\" data-outlook-id=\"aeaf6291-835d-4d7c-ba0b-b774bf54b3c4\">563YHM4-02<\/a><\/span>) est\u00e1n disponibles para facilitar la instalaci\u00f3n para una carga ideal, con opciones de montaje f\u00e1ciles de instalar, tolerancia a la expansi\u00f3n t\u00e9rmica y protecci\u00f3n frente a cargas irregulares.<\/p>","protected":false},"excerpt":{"rendered":"<div class=\"product-desc\">\n<p>Rentable y resistente, la 563YH-23 es una c\u00e9lula de carga de viga simple. Su dise\u00f1o de perfil bajo con resistencia al agua IP67 y alta resistencia a sobrecargas y golpes y cargas laterales. Este modelo es popular en aplicaciones de mayor precisi\u00f3n, como b\u00e1sculas de plataforma, b\u00e1sculas de pal\u00e9s, pesaje de procesos, etc.<\/p>\n<p>M\u00f3dulos de pesaje por compresi\u00f3n (<span style=\"color: #3366ff;\"><a style=\"color: #3366ff;\" title=\"https:\/\/www.anyload.com\/product\/563yhm2-compression-weigh-module\/\" href=\"https:\/\/www.anyload.com\/es\/producto\/563yhm2-compression-weigh-module\/\" data-ogsc=\"\" data-outlook-id=\"c612e931-c9b9-4170-bb95-9181b24d5a78\">563YHM2<\/a><\/span>\u00a0\u00a0\/<span style=\"color: #3366ff;\">\u00a0<a style=\"color: #3366ff;\" title=\"https:\/\/www.anyload.com\/product\/563yhm4-02-compression-weigh-module\/\" href=\"https:\/\/www.anyload.com\/es\/producto\/563yhm4-02-compression-weigh-module\/\" data-ogsc=\"\" data-outlook-id=\"aeaf6291-835d-4d7c-ba0b-b774bf54b3c4\">563YHM4-02<\/a><\/span>) est\u00e1n disponibles para facilitar la instalaci\u00f3n para una carga ideal, con opciones de montaje f\u00e1ciles de instalar, tolerancia a la expansi\u00f3n t\u00e9rmica y protecci\u00f3n frente a cargas irregulares.\n<\/p>\n<div id=\"otter-more\" class=\"see-more-content\">\n<p>En\u00a0<a title=\"https:\/\/www.anyload.com\/product\/mk4-563yhm4-weigh-module-kit\/\" href=\"https:\/\/www.anyload.com\/es\/producto\/mk4-563yhm4-weigh-module-kit\/\" data-ogsc=\"\" data-outlook-id=\"81eb4969-1c36-4c2b-a36e-f96e938ba762\"><span style=\"color: #3366ff;\">Kit de m\u00f3dulo de pesaje MK4-563YHM4<\/span><\/a>\u00a0incluye cuatro c\u00e9lulas de carga tipo viga de cizallamiento 563YH-23 y cuatro m\u00f3dulos de pesaje 563YHM4-02, as\u00ed como un cable de conexi\u00f3n y una caja de empalmes.<\/p>\n<ul>\n<li>Material: Acero de aleaci\u00f3n<\/li>\n<li>Capacidades nominales: 250lb, 500lb, 750lb, 1Klb, 1.5Klb, 2Klb, 2.5Klb, 4Klb, SE5Klb, 5Klb, 10Klb, 15Klb, 20Klb<\/li>\n<li>Salida de escala completa: 3mV\/V\u00b1 0.25%<\/li>\n<li>Sobrecarga segura: 150%<\/li>\n<li>Sobrecarga de rotura: 300%<\/li>\n<li>Clasificaci\u00f3n IP: IP67<\/li>\n<li>250lb-2.5Klb: hasta NTEP 1:5 000 Clase III, Celda Simple; NTEP 1:9 500 Clase III, Celda M\u00faltiple<br \/>\n4Klb-20Klb: hasta NTEP 1:6 000 Clase III, c\u00e9lula \u00fanica; NTEP 1:10 000 Clase III, c\u00e9lula m\u00faltiple<\/li>\n<li>1Klb-5Klb: hasta OIML MAA C4, Y=15 000;<br \/>\n10Klb-20Klb: hasta OIML MAA C6, Y=8 500<\/li>\n<li>Certificado CE, RoHS y Ex(NEPSI)<\/li>\n<li>ATEX, FM, IECEx disponibles bajo pedido<\/li>\n<\/ul><\/div>\n<p>  <a id=\"otter-toggle\" class=\"see-more-toggle\">M\u00e1s informaci\u00f3n<\/a><\/p>\n<\/div>\n<div class=\"ds-btn-row\">\n  <a class=\"ds-btn\" href=\"https:\/\/www.anyload.com\/wp-content\/uploads\/2020\/05\/ANYLOAD-563YH-23-load-cell-transducer.pdf\" target=\"_blank\" rel=\"noopener\">Ficha de datos<\/a>\n<\/div>","protected":false},"featured_media":34231,"template":"","meta":{"_acf_changed":false,"site-sidebar-layout":"default","site-content-layout":"default","ast-site-content-layout":"default","site-content-style":"default","site-sidebar-style":"default","ast-global-header-display":"","ast-banner-title-visibility":"","ast-main-header-display":"","ast-hfb-above-header-display":"","ast-hfb-below-header-display":"","ast-hfb-mobile-header-display":"","site-post-title":"","ast-breadcrumbs-content":"","ast-featured-img":"","footer-sml-layout":"","ast-disable-related-posts":"","theme-transparent-header-meta":"default","adv-header-id-meta":"","stick-header-meta":"default","header-above-stick-meta":"","header-main-stick-meta":"","header-below-stick-meta":"","astra-migrate-meta-layouts":"set","ast-page-background-enabled":"default","ast-page-background-meta":{"desktop":{"background-color":"var(--ast-global-color-4)","background-image":"","background-repeat":"repeat","background-position":"center center","background-size":"auto","background-attachment":"scroll","background-type":"","background-media":"","overlay-type":"","overlay-color":"","overlay-opacity":"","overlay-gradient":""},"tablet":{"background-color":"","background-image":"","background-repeat":"repeat","background-position":"center center","background-size":"auto","background-attachment":"scroll","background-type":"","background-media":"","overlay-type":"","overlay-color":"","overlay-opacity":"","overlay-gradient":""},"mobile":{"background-color":"","background-image":"","background-repeat":"repeat","background-position":"center center","background-size":"auto","background-attachment":"scroll","background-type":"","background-media":"","overlay-type":"","overlay-color":"","overlay-opacity":"","overlay-gradient":""}},"ast-content-background-meta":{"desktop":{"background-color":"var(--ast-global-color-5)","background-image":"","background-repeat":"repeat","background-position":"center center","background-size":"auto","background-attachment":"scroll","background-type":"","background-media":"","overlay-type":"","overlay-color":"","overlay-opacity":"","overlay-gradient":""},"tablet":{"background-color":"var(--ast-global-color-5)","background-image":"","background-repeat":"repeat","background-position":"center center","background-size":"auto","background-attachment":"scroll","background-type":"","background-media":"","overlay-type":"","overlay-color":"","overlay-opacity":"","overlay-gradient":""},"mobile":{"background-color":"var(--ast-global-color-5)","background-image":"","background-repeat":"repeat","background-position":"center center","background-size":"auto","background-attachment":"scroll","background-type":"","background-media":"","overlay-type":"","overlay-color":"","overlay-opacity":"","overlay-gradient":""}}},"product_brand":[],"product_cat":[19,20],"product_tag":[2852],"industries_product":[],"application_product":[3327,3323,3328,3324,3322],"class_list":{"0":"post-17192","1":"product","2":"type-product","3":"status-publish","4":"has-post-thumbnail","6":"product_cat-load-cells-categories","7":"product_cat-single-ended-shear-beams","8":"product_tag-interchangeable","9":"pa_part-number-563yh-23-1-5klb","10":"pa_part-number-563yh-23-10klb","11":"pa_part-number-563yh-23-15klb","12":"pa_part-number-563yh-23-1klb","13":"pa_part-number-563yh-23-2-5klb","14":"pa_part-number-563yh-23-20klb","15":"pa_part-number-563yh-23-250lb","16":"pa_part-number-563yh-23-2klb","17":"pa_part-number-563yh-23-4klb","18":"pa_part-number-563yh-23-500lb","19":"pa_part-number-563yh-23-5klb","20":"pa_part-number-563yh-23-750lb","21":"pa_part-number-563yh-23-se5klb","22":"pa_part-number-563yh-23a-250lb","23":"pa_part-number-563yh-23a-500lb","24":"application_product-application-checkweighing-products","25":"application_product-application-low-capacity-hopper-products","26":"application_product-application-onboard-weighing-products","27":"application_product-application-platform-products","28":"application_product-application-tank-silo-products","29":"desktop-align-center","30":"tablet-align-left","31":"mobile-align-left","32":"ast-product-gallery-layout-horizontal-slider","33":"ast-product-gallery-with-no-image","34":"ast-magnify-disabled","35":"ast-product-single-variable","36":"ast-product-tabs-layout-horizontal","38":"first","39":"instock","40":"shipping-taxable","41":"purchasable","42":"product-type-variable"},"acf":[],"_links":{"self":[{"href":"https:\/\/www.anyload.com\/es\/wp-json\/wp\/v2\/product\/17192","targetHints":{"allow":["GET"]}}],"collection":[{"href":"https:\/\/www.anyload.com\/es\/wp-json\/wp\/v2\/product"}],"about":[{"href":"https:\/\/www.anyload.com\/es\/wp-json\/wp\/v2\/types\/product"}],"wp:featuredmedia":[{"embeddable":true,"href":"https:\/\/www.anyload.com\/es\/wp-json\/wp\/v2\/media\/34231"}],"wp:attachment":[{"href":"https:\/\/www.anyload.com\/es\/wp-json\/wp\/v2\/media?parent=17192"}],"wp:term":[{"taxonomy":"product_brand","embeddable":true,"href":"https:\/\/www.anyload.com\/es\/wp-json\/wp\/v2\/product_brand?post=17192"},{"taxonomy":"product_cat","embeddable":true,"href":"https:\/\/www.anyload.com\/es\/wp-json\/wp\/v2\/product_cat?post=17192"},{"taxonomy":"product_tag","embeddable":true,"href":"https:\/\/www.anyload.com\/es\/wp-json\/wp\/v2\/product_tag?post=17192"},{"taxonomy":"industries_product","embeddable":true,"href":"https:\/\/www.anyload.com\/es\/wp-json\/wp\/v2\/industries_product?post=17192"},{"taxonomy":"application_product","embeddable":true,"href":"https:\/\/www.anyload.com\/es\/wp-json\/wp\/v2\/application_product?post=17192"}],"curies":[{"name":"wp","href":"https:\/\/api.w.org\/{rel}","templated":true}]}}