{"id":1707,"date":"2014-03-06T17:04:42","date_gmt":"2014-03-07T01:04:42","guid":{"rendered":"http:\/\/anyloadgroup.com\/?post_type=product&#038;p=1707"},"modified":"2026-04-17T10:26:56","modified_gmt":"2026-04-17T17:26:56","slug":"106ts-canister-load-cell","status":"publish","type":"product","link":"https:\/\/www.anyload.com\/es\/producto\/106ts-canister-load-cell\/","title":{"rendered":"106TS C\u00e9lula de carga de bid\u00f3n"},"content":{"rendered":"<p>The 106TS is an OIML and NTEP-certified stainless steel IP68 canister load cell. The heavy-duty construction of the load cell offers excellent performance even under harsh conditions. Common applications include truck scales, rail scales, hopper &amp; silo weighing, and other high-capacity\/industrial needs. The 106TS is interchangeable with Coti-Global CG-26S7 and Mettler-Toledo 0782, PowerCell 760, MTX, PDX.*<\/p>","protected":false},"excerpt":{"rendered":"<div class=\"product-desc\">\n<p>La 106TS es una c\u00e9lula de carga de acero inoxidable IP68 con certificaci\u00f3n OIML y NTEP. La construcci\u00f3n de alta resistencia de la c\u00e9lula de carga ofrece un excelente rendimiento incluso en condiciones dif\u00edciles. Las aplicaciones m\u00e1s comunes incluyen b\u00e1sculas de camiones, b\u00e1sculas ferroviarias, pesaje de tolvas y silos, y otras necesidades industriales de alta capacidad. La 106TS es intercambiable con Coti-Global CG-26S7 y Mettler-Toledo 0782, PowerCell 760, MTX y PDX.<\/p>\n<\/div>\n<div class=\"ds-btn-row\"><a class=\"ds-btn\" href=\"https:\/\/www.anyload.com\/wp-content\/uploads\/2014\/03\/ANYLOAD-106TS-load-cell-transducer.pdf\" target=\"_blank\" rel=\"noopener\">Ficha de datos<\/a><br \/>\n<a class=\"ds-btn\" href=\"https:\/\/www.anyload.com\/wp-content\/uploads\/2026\/02\/106TS-Module-Kit.pdf\" target=\"_blank\" rel=\"noopener\">Folleto<\/a><\/div>","protected":false},"featured_media":31746,"template":"","meta":{"_acf_changed":false,"site-sidebar-layout":"default","site-content-layout":"default","ast-site-content-layout":"default","site-content-style":"default","site-sidebar-style":"default","ast-global-header-display":"","ast-banner-title-visibility":"","ast-main-header-display":"","ast-hfb-above-header-display":"","ast-hfb-below-header-display":"","ast-hfb-mobile-header-display":"","site-post-title":"","ast-breadcrumbs-content":"","ast-featured-img":"","footer-sml-layout":"","ast-disable-related-posts":"","theme-transparent-header-meta":"default","adv-header-id-meta":"","stick-header-meta":"default","header-above-stick-meta":"","header-main-stick-meta":"","header-below-stick-meta":"","astra-migrate-meta-layouts":"set","ast-page-background-enabled":"default","ast-page-background-meta":{"desktop":{"background-color":"var(--ast-global-color-4)","background-image":"","background-repeat":"repeat","background-position":"center center","background-size":"auto","background-attachment":"scroll","background-type":"","background-media":"","overlay-type":"","overlay-color":"","overlay-opacity":"","overlay-gradient":""},"tablet":{"background-color":"","background-image":"","background-repeat":"repeat","background-position":"center center","background-size":"auto","background-attachment":"scroll","background-type":"","background-media":"","overlay-type":"","overlay-color":"","overlay-opacity":"","overlay-gradient":""},"mobile":{"background-color":"","background-image":"","background-repeat":"repeat","background-position":"center center","background-size":"auto","background-attachment":"scroll","background-type":"","background-media":"","overlay-type":"","overlay-color":"","overlay-opacity":"","overlay-gradient":""}},"ast-content-background-meta":{"desktop":{"background-color":"var(--ast-global-color-5)","background-image":"","background-repeat":"repeat","background-position":"center center","background-size":"auto","background-attachment":"scroll","background-type":"","background-media":"","overlay-type":"","overlay-color":"","overlay-opacity":"","overlay-gradient":""},"tablet":{"background-color":"var(--ast-global-color-5)","background-image":"","background-repeat":"repeat","background-position":"center center","background-size":"auto","background-attachment":"scroll","background-type":"","background-media":"","overlay-type":"","overlay-color":"","overlay-opacity":"","overlay-gradient":""},"mobile":{"background-color":"var(--ast-global-color-5)","background-image":"","background-repeat":"repeat","background-position":"center center","background-size":"auto","background-attachment":"scroll","background-type":"","background-media":"","overlay-type":"","overlay-color":"","overlay-opacity":"","overlay-gradient":""}}},"product_brand":[],"product_cat":[34,19],"product_tag":[2852],"industries_product":[],"application_product":[3321],"class_list":{"0":"post-1707","1":"product","2":"type-product","3":"status-publish","4":"has-post-thumbnail","6":"product_cat-canister-and-disk","7":"product_cat-load-cells-categories","8":"product_tag-interchangeable","9":"pa_part-number-106ts-100klb-yz","10":"pa_part-number-106ts-30t-yz","11":"pa_part-number-106ts-50klb-yz","12":"pa_part-number-106ts-parts-a1","13":"pa_part-number-106ts-parts-b1","14":"pa_part-number-106ts-parts-c1","15":"pa_part-number-106ts-se30t-yz","16":"pa_part-number-106ts-se50t-yz","17":"pa_part-number-mk6-106ts","18":"application_product-application-truck-scale-products","19":"desktop-align-center","20":"tablet-align-left","21":"mobile-align-left","22":"ast-product-gallery-layout-horizontal-slider","23":"ast-magnify-disabled","24":"ast-product-single-variable","25":"ast-product-tabs-layout-horizontal","27":"first","28":"instock","29":"shipping-taxable","30":"purchasable","31":"product-type-variable"},"acf":[],"_links":{"self":[{"href":"https:\/\/www.anyload.com\/es\/wp-json\/wp\/v2\/product\/1707","targetHints":{"allow":["GET"]}}],"collection":[{"href":"https:\/\/www.anyload.com\/es\/wp-json\/wp\/v2\/product"}],"about":[{"href":"https:\/\/www.anyload.com\/es\/wp-json\/wp\/v2\/types\/product"}],"wp:featuredmedia":[{"embeddable":true,"href":"https:\/\/www.anyload.com\/es\/wp-json\/wp\/v2\/media\/31746"}],"wp:attachment":[{"href":"https:\/\/www.anyload.com\/es\/wp-json\/wp\/v2\/media?parent=1707"}],"wp:term":[{"taxonomy":"product_brand","embeddable":true,"href":"https:\/\/www.anyload.com\/es\/wp-json\/wp\/v2\/product_brand?post=1707"},{"taxonomy":"product_cat","embeddable":true,"href":"https:\/\/www.anyload.com\/es\/wp-json\/wp\/v2\/product_cat?post=1707"},{"taxonomy":"product_tag","embeddable":true,"href":"https:\/\/www.anyload.com\/es\/wp-json\/wp\/v2\/product_tag?post=1707"},{"taxonomy":"industries_product","embeddable":true,"href":"https:\/\/www.anyload.com\/es\/wp-json\/wp\/v2\/industries_product?post=1707"},{"taxonomy":"application_product","embeddable":true,"href":"https:\/\/www.anyload.com\/es\/wp-json\/wp\/v2\/application_product?post=1707"}],"curies":[{"name":"wp","href":"https:\/\/api.w.org\/{rel}","templated":true}]}}