{"id":17048,"date":"2020-05-05T14:11:23","date_gmt":"2020-05-05T21:11:23","guid":{"rendered":"https:\/\/www.anyload.com\/?post_type=product&#038;p=17048"},"modified":"2025-12-18T11:57:48","modified_gmt":"2025-12-18T19:57:48","slug":"808ch-remote-display","status":"publish","type":"product","link":"https:\/\/www.anyload.com\/es\/producto\/808ch-remote-display\/","title":{"rendered":"808CH Remote Display 2.5\u201d Compact Model"},"content":{"rendered":"<p>The ANYLOAD 808CH are the newest generation industrial remote displays designed to be versatile, rugged, durable, and easy to install:<\/p>\n<p><strong>Gran visibilidad:<\/strong><\/p>\n<ul>\n<li>LED discreto de una fila<\/li>\n<li>6 d\u00edgitos, 2,5\" de altura, 7 segmentos<\/li>\n<li>Gran \u00e1ngulo de visi\u00f3n de 120<\/li>\n<li>Dos niveles de ajuste de brillo<\/li>\n<li>Pantalla de espejo<\/li>\n<li>Cristal de seguridad delantero gris<\/li>\n<\/ul>\n<p><strong>Tecnolog\u00eda Auto-Learn:<\/strong><\/p>\n<ul>\n<li>Detecci\u00f3n autom\u00e1tica de protocolos de cadenas de indicadores<\/li>\n<li>Automatically set communication baud rates<\/li>\n<\/ul>\n<p><strong>Comunicaci\u00f3n multipuerto:<\/strong><\/p>\n<ul>\n<li>Entrada: RS232 independiente, RS422, RS485, bucle de corriente de 20 mA (activo o pasivo)<\/li>\n<li>Salida: Salida de eco y configuraci\u00f3n multipantalla direccionable<\/li>\n<li>Entradas de conmutador y salida de rel\u00e9 para controlar los sem\u00e1foros<\/li>\n<li>Protecci\u00f3n contra rayos ESD para l\u00edneas de comunicaci\u00f3n<\/li>\n<\/ul>\n<p><strong>Servicio amable:<\/strong><\/p>\n<ul>\n<li>Dise\u00f1o modular<\/li>\n<li>Teclado de membrana externo<\/li>\n<li>Hinged front cover<\/li>\n<li>Luces de diagn\u00f3stico a bordo para la localizaci\u00f3n de aver\u00edas<\/li>\n<li>Fuente de alimentaci\u00f3n interna encapsulada UL\/CSA de 100~240 VCA<\/li>\n<\/ul>\n<p><strong>Recinto:<\/strong><\/p>\n<ul>\n<li>Caja de acero templado con recubrimiento en polvo resistente a la intemperie<\/li>\n<li>Visera para protegerse del sol o de la lluvia<\/li>\n<li>Fijaci\u00f3n mural en la parte posterior<\/li>\n<li>Respiradero GORE<\/li>\n<\/ul>\n<p style=\"text-align: justify;\"><img decoding=\"async\" class=\"alignnone size-full wp-image-3944\" src=\"\/wp-content\/uploads\/2014\/04\/pdf-.png\" alt=\"pdf-\" width=\"25\" height=\"25\" \/>\u00a0<a title=\"ANYLOAD | 808CH Pantalla remota\" href=\"https:\/\/www.anyload.com\/wp-content\/uploads\/2020\/05\/Anyload-808CH-Remote-display.pdf\" target=\"_blank\" rel=\"noopener noreferrer\">Descargar ficha t\u00e9cnica<\/a><\/p>\n<p style=\"text-align: justify;\"><img decoding=\"async\" class=\"alignnone size-full wp-image-3944\" src=\"\/wp-content\/uploads\/2014\/04\/pdf-.png\" alt=\"pdf-\" width=\"25\" height=\"25\" \/>\u00a0<a title=\"ANYLOAD | 808CH Technical Manual\" href=\"https:\/\/www.anyload.com\/wp-content\/uploads\/2024\/06\/Anyload-808ABCH-Technical-Manual-V20-07.pdf\" target=\"_blank\" rel=\"noopener noreferrer\">Download\u00a0Technical Manual<\/a><\/p>","protected":false},"excerpt":{"rendered":"<p>The ANYLOAD 808CH are newest generation industrial remote displays designed to be versatile, rugged, durable, and easy to install:<\/p>\n<p><strong>Gran visibilidad:<\/strong><\/p>\n<ul>\n<li>LED discreto de una fila<\/li>\n<li>6 d\u00edgitos, 2,5\" de altura, 7 segmentos<\/li>\n<li>Gran \u00e1ngulo de visi\u00f3n de 120<\/li>\n<li>Dos niveles de ajuste de brillo<\/li>\n<li>Pantalla de espejo<\/li>\n<li>Cristal de seguridad delantero gris<\/li>\n<\/ul>\n<p><strong>Tecnolog\u00eda Auto-Learn:<\/strong><\/p>\n<ul>\n<li>Detecci\u00f3n autom\u00e1tica de protocolos de cadenas de indicadores<\/li>\n<li>Automatically set communication baud rates<\/li>\n<\/ul>\n<p><strong>Comunicaci\u00f3n multipuerto:<\/strong><\/p>\n<ul>\n<li>Entrada: RS232 independiente, RS422, RS485, bucle de corriente de 20 mA (activo o pasivo)<\/li>\n<li>Salida: Salida de eco y configuraci\u00f3n multipantalla direccionable<\/li>\n<li>Entradas de conmutador y salida de rel\u00e9 para controlar los sem\u00e1foros<\/li>\n<li>Protecci\u00f3n contra rayos ESD para l\u00edneas de comunicaci\u00f3n<\/li>\n<\/ul>\n<p><strong>Servicio amable:<\/strong><\/p>\n<ul>\n<li>Dise\u00f1o modular<\/li>\n<li>Teclado de membrana externo<\/li>\n<li>Hinged front cover<\/li>\n<li>Luces de diagn\u00f3stico a bordo para la localizaci\u00f3n de aver\u00edas<\/li>\n<li>Fuente de alimentaci\u00f3n interna encapsulada UL\/CSA de 100~240 VCA<\/li>\n<li>Opci\u00f3n inal\u00e1mbrica con <a style=\"color: #ca0020;\" href=\"https:\/\/www.anyload.com\/es\/producto\/wl900-wireless-rf-transmitter-receiver\/\" target=\"_blank\" rel=\"noopener noreferrer\">Transceptor inal\u00e1mbrico WL900<\/a><\/li>\n<\/ul>\n<p><strong>Recinto:<\/strong><\/p>\n<ul>\n<li>Caja de acero templado con recubrimiento en polvo resistente a la intemperie<\/li>\n<li>Visera para protegerse del sol o de la lluvia<\/li>\n<li>Fijaci\u00f3n mural en la parte posterior<\/li>\n<li>Respiradero GORE<\/li>\n<\/ul>","protected":false},"featured_media":22348,"template":"","meta":{"_acf_changed":false,"site-sidebar-layout":"default","site-content-layout":"default","ast-site-content-layout":"default","site-content-style":"default","site-sidebar-style":"default","ast-global-header-display":"","ast-banner-title-visibility":"","ast-main-header-display":"","ast-hfb-above-header-display":"","ast-hfb-below-header-display":"","ast-hfb-mobile-header-display":"","site-post-title":"","ast-breadcrumbs-content":"","ast-featured-img":"","footer-sml-layout":"","ast-disable-related-posts":"","theme-transparent-header-meta":"default","adv-header-id-meta":"","stick-header-meta":"default","header-above-stick-meta":"","header-main-stick-meta":"","header-below-stick-meta":"","astra-migrate-meta-layouts":"set","ast-page-background-enabled":"default","ast-page-background-meta":{"desktop":{"background-color":"var(--ast-global-color-4)","background-image":"","background-repeat":"repeat","background-position":"center center","background-size":"auto","background-attachment":"scroll","background-type":"","background-media":"","overlay-type":"","overlay-color":"","overlay-opacity":"","overlay-gradient":""},"tablet":{"background-color":"","background-image":"","background-repeat":"repeat","background-position":"center center","background-size":"auto","background-attachment":"scroll","background-type":"","background-media":"","overlay-type":"","overlay-color":"","overlay-opacity":"","overlay-gradient":""},"mobile":{"background-color":"","background-image":"","background-repeat":"repeat","background-position":"center center","background-size":"auto","background-attachment":"scroll","background-type":"","background-media":"","overlay-type":"","overlay-color":"","overlay-opacity":"","overlay-gradient":""}},"ast-content-background-meta":{"desktop":{"background-color":"var(--ast-global-color-5)","background-image":"","background-repeat":"repeat","background-position":"center center","background-size":"auto","background-attachment":"scroll","background-type":"","background-media":"","overlay-type":"","overlay-color":"","overlay-opacity":"","overlay-gradient":""},"tablet":{"background-color":"var(--ast-global-color-5)","background-image":"","background-repeat":"repeat","background-position":"center center","background-size":"auto","background-attachment":"scroll","background-type":"","background-media":"","overlay-type":"","overlay-color":"","overlay-opacity":"","overlay-gradient":""},"mobile":{"background-color":"var(--ast-global-color-5)","background-image":"","background-repeat":"repeat","background-position":"center center","background-size":"auto","background-attachment":"scroll","background-type":"","background-media":"","overlay-type":"","overlay-color":"","overlay-opacity":"","overlay-gradient":""}}},"product_brand":[],"product_cat":[2386,151],"product_tag":[],"industries_product":[],"application_product":[3321],"class_list":{"0":"post-17048","1":"product","2":"type-product","3":"status-publish","4":"has-post-thumbnail","6":"product_cat-instrumentation","7":"product_cat-remote-displays","8":"pa_part-number-808ch631-02","9":"application_product-application-truck-scale-products","10":"desktop-align-center","11":"tablet-align-left","12":"mobile-align-left","13":"ast-product-gallery-layout-horizontal-slider","14":"ast-product-gallery-with-no-image","15":"ast-magnify-disabled","16":"ast-product-single-variable","17":"ast-product-tabs-layout-horizontal","19":"first","20":"instock","21":"shipping-taxable","22":"purchasable","23":"product-type-variable"},"acf":[],"_links":{"self":[{"href":"https:\/\/www.anyload.com\/es\/wp-json\/wp\/v2\/product\/17048","targetHints":{"allow":["GET"]}}],"collection":[{"href":"https:\/\/www.anyload.com\/es\/wp-json\/wp\/v2\/product"}],"about":[{"href":"https:\/\/www.anyload.com\/es\/wp-json\/wp\/v2\/types\/product"}],"wp:featuredmedia":[{"embeddable":true,"href":"https:\/\/www.anyload.com\/es\/wp-json\/wp\/v2\/media\/22348"}],"wp:attachment":[{"href":"https:\/\/www.anyload.com\/es\/wp-json\/wp\/v2\/media?parent=17048"}],"wp:term":[{"taxonomy":"product_brand","embeddable":true,"href":"https:\/\/www.anyload.com\/es\/wp-json\/wp\/v2\/product_brand?post=17048"},{"taxonomy":"product_cat","embeddable":true,"href":"https:\/\/www.anyload.com\/es\/wp-json\/wp\/v2\/product_cat?post=17048"},{"taxonomy":"product_tag","embeddable":true,"href":"https:\/\/www.anyload.com\/es\/wp-json\/wp\/v2\/product_tag?post=17048"},{"taxonomy":"industries_product","embeddable":true,"href":"https:\/\/www.anyload.com\/es\/wp-json\/wp\/v2\/industries_product?post=17048"},{"taxonomy":"application_product","embeddable":true,"href":"https:\/\/www.anyload.com\/es\/wp-json\/wp\/v2\/application_product?post=17048"}],"curies":[{"name":"wp","href":"https:\/\/api.w.org\/{rel}","templated":true}]}}