{"id":15927,"date":"2019-06-26T12:41:16","date_gmt":"2019-06-26T19:41:16","guid":{"rendered":"http:\/\/www.anyload.com\/?post_type=product&#038;p=15927"},"modified":"2025-12-18T14:39:07","modified_gmt":"2025-12-18T22:39:07","slug":"808ah-remote-display","status":"publish","type":"product","link":"https:\/\/www.anyload.com\/es\/producto\/808ah-remote-display\/","title":{"rendered":"808AH Teledisplay 5\" Modelo est\u00e1ndar"},"content":{"rendered":"<p>El ANYLOAD 808AH es la \u00faltima generaci\u00f3n de visualizadores remotos industriales dise\u00f1ados para ser vers\u00e1tiles, robustos, duraderos y f\u00e1ciles de instalar. Incorporan la funci\u00f3n de comunicaci\u00f3n y protocolo Auto-Learn para compatibilidad con una amplia gama de indicadores e instrumentos de pesaje.<\/p>\n<ul>\n<li>Seis d\u00edgitos de 5\" (125 mm) de altura Pantalla LED industrial remota<\/li>\n<li>LED discretos de alta intensidad y gran \u00e1ngulo de visi\u00f3n<\/li>\n<li>Siete segmentos est\u00e1ndar<\/li>\n<li>Modo de aprendizaje autom\u00e1tico para establecer la velocidad de comunicaci\u00f3n en baudios<\/li>\n<li>Modo de aprendizaje autom\u00e1tico para detectar el formato de las cadenas entrantes<\/li>\n<li>Sensor de luz ambiental para controlar el brillo de d\u00eda y de noche<\/li>\n<li>Luminosidad regulable para el d\u00eda y la noche<\/li>\n<li>Configuraci\u00f3n del software para formatos de cadena personalizados<\/li>\n<li>Funci\u00f3n de configuraci\u00f3n por men\u00fas mediante teclado de membrana<\/li>\n<li>Entradas de interruptor y un m\u00f3dulo de salida de rel\u00e9 para controlar el sem\u00e1foro<\/li>\n<li>Programas de utilidad de software personalizados<\/li>\n<li>Configuraci\u00f3n direccionable personalizada<\/li>\n<li>Hasta dos decimales con opci\u00f3n de punto o coma<\/li>\n<li>Modo de d\u00edgitos invertidos para mayor visibilidad en los retrovisores<\/li>\n<li>Kits est\u00e1ndar de montaje en pared y en poste<\/li>\n<li>Parasol y parasol de serie<\/li>\n<li>Indicaci\u00f3n del estado GROSS (GR) o NET (NT) mediante anunciadores<\/li>\n<li>Indicaci\u00f3n de las unidades KG (kg) o LB (lb) mediante anunciadores<\/li>\n<li>RS232, RS422\/RS485 y 20 mA independientes con protecci\u00f3n ESD<\/li>\n<li>Puerto de salida de eco para RS-232 y RS-422\/RS-485<\/li>\n<li>Caja met\u00e1lica con tapa frontal abatible para facilitar el mantenimiento<\/li>\n<li>Cristal de seguridad delantero gris<\/li>\n<li>Caja de acero templado con recubrimiento en polvo resistente a la intemperie<\/li>\n<li>Placa electr\u00f3nica interna plegable para facilitar el cableado<\/li>\n<li>Fuente de alimentaci\u00f3n multitensi\u00f3n encapsulada con homologaci\u00f3n UL\/CSA<\/li>\n<li>Ventilaci\u00f3n para evitar la condensaci\u00f3n en el interior de la caja<\/li>\n<\/ul>\n<p style=\"text-align: justify;\"><img decoding=\"async\" class=\"alignnone size-full wp-image-3944\" src=\"\/wp-content\/uploads\/2014\/04\/pdf-.png\" alt=\"pdf-\" width=\"25\" height=\"25\" \/>\u00a0<a title=\"ANYLOAD | 808AH Remote Display\" href=\"https:\/\/www.anyload.com\/wp-content\/uploads\/2020\/05\/Anyload-808AH-Remote-display.pdf\" target=\"_blank\" rel=\"noopener noreferrer\">Descargar ficha t\u00e9cnica<\/a><\/p>\n<p style=\"text-align: justify;\"><img decoding=\"async\" class=\"alignnone size-full wp-image-3944\" src=\"\/wp-content\/uploads\/2014\/04\/pdf-.png\" alt=\"pdf-\" width=\"25\" height=\"25\" \/>\u00a0<a title=\"ANYLOAD | 808AH Technical Manual\" href=\"https:\/\/www.anyload.com\/wp-content\/uploads\/2024\/06\/Anyload-808ABCH-Technical-Manual-V20-07.pdf\" target=\"_blank\" rel=\"noopener noreferrer\">Download\u00a0Technical Manual<\/a><\/p>","protected":false},"excerpt":{"rendered":"<p>El ANYLOAD 808AH es la \u00faltima generaci\u00f3n de visualizadores remotos industriales dise\u00f1ados para ser vers\u00e1tiles, robustos, duraderos y f\u00e1ciles de instalar. Incorporan la funci\u00f3n de comunicaci\u00f3n y protocolo Auto-Learn para compatibilidad con una amplia gama de indicadores e instrumentos de pesaje.<\/p>\n<ul>\n<li>Seis d\u00edgitos de 5\" (125 mm) de altura Pantalla LED industrial remota<\/li>\n<li>LED discretos de alta intensidad y gran \u00e1ngulo de visi\u00f3n<\/li>\n<li>Siete segmentos est\u00e1ndar<\/li>\n<li>Modo de aprendizaje autom\u00e1tico para establecer la velocidad de comunicaci\u00f3n en baudios<\/li>\n<li>Modo de aprendizaje autom\u00e1tico para detectar el formato de las cadenas entrantes<\/li>\n<li>Sensor de luz ambiental para controlar el brillo de d\u00eda y de noche<\/li>\n<li>Luminosidad regulable para el d\u00eda y la noche<\/li>\n<li>Configuraci\u00f3n del software para formatos de cadena personalizados<\/li>\n<li>Funci\u00f3n de configuraci\u00f3n por men\u00fas mediante teclado de membrana<\/li>\n<li>Entradas de interruptor y un m\u00f3dulo de salida de rel\u00e9 para controlar el sem\u00e1foro<\/li>\n<li>Programas de utilidad de software personalizados<\/li>\n<li>Configuraci\u00f3n direccionable personalizada<\/li>\n<li>Hasta dos decimales con opci\u00f3n de punto o coma<\/li>\n<li>Modo de d\u00edgitos invertidos para mayor visibilidad en los retrovisores<\/li>\n<li>Kits est\u00e1ndar de montaje en pared y en poste<\/li>\n<li>Parasol y parasol de serie<\/li>\n<li>Indicaci\u00f3n del estado GROSS (GR) o NET (NT) mediante anunciadores<\/li>\n<li>Indicaci\u00f3n de las unidades KG (kg) o LB (lb) mediante anunciadores<\/li>\n<li>RS232, RS422\/RS485 y 20 mA independientes con protecci\u00f3n ESD<\/li>\n<li>Puerto de salida de eco para RS-232 y RS-422\/RS-485<\/li>\n<li>Caja met\u00e1lica con tapa frontal abatible para facilitar el mantenimiento<\/li>\n<li>Cristal de seguridad delantero gris<\/li>\n<li>Caja de acero templado con recubrimiento en polvo resistente a la intemperie<\/li>\n<li>Placa electr\u00f3nica interna plegable para facilitar el cableado<\/li>\n<li>Marcado CE, conformidad con las directivas CEM y LVD<\/li>\n<li>Fuente de alimentaci\u00f3n multitensi\u00f3n encapsulada con homologaci\u00f3n UL\/CSA<\/li>\n<li>Ventilaci\u00f3n para evitar la condensaci\u00f3n en el interior de la caja<\/li>\n<li>Opci\u00f3n inal\u00e1mbrica con <a style=\"color: #ca0020;\" href=\"https:\/\/www.anyload.com\/es\/producto\/wl900-wireless-rf-transmitter-receiver\/\" target=\"_blank\" rel=\"noopener noreferrer\">Transceptor inal\u00e1mbrico WL900<\/a><\/li>\n<\/ul>","protected":false},"featured_media":32224,"template":"","meta":{"_acf_changed":false,"site-sidebar-layout":"default","site-content-layout":"default","ast-site-content-layout":"default","site-content-style":"default","site-sidebar-style":"default","ast-global-header-display":"","ast-banner-title-visibility":"","ast-main-header-display":"","ast-hfb-above-header-display":"","ast-hfb-below-header-display":"","ast-hfb-mobile-header-display":"","site-post-title":"","ast-breadcrumbs-content":"","ast-featured-img":"","footer-sml-layout":"","ast-disable-related-posts":"","theme-transparent-header-meta":"default","adv-header-id-meta":"","stick-header-meta":"default","header-above-stick-meta":"","header-main-stick-meta":"","header-below-stick-meta":"","astra-migrate-meta-layouts":"set","ast-page-background-enabled":"default","ast-page-background-meta":{"desktop":{"background-color":"var(--ast-global-color-4)","background-image":"","background-repeat":"repeat","background-position":"center center","background-size":"auto","background-attachment":"scroll","background-type":"","background-media":"","overlay-type":"","overlay-color":"","overlay-opacity":"","overlay-gradient":""},"tablet":{"background-color":"","background-image":"","background-repeat":"repeat","background-position":"center center","background-size":"auto","background-attachment":"scroll","background-type":"","background-media":"","overlay-type":"","overlay-color":"","overlay-opacity":"","overlay-gradient":""},"mobile":{"background-color":"","background-image":"","background-repeat":"repeat","background-position":"center center","background-size":"auto","background-attachment":"scroll","background-type":"","background-media":"","overlay-type":"","overlay-color":"","overlay-opacity":"","overlay-gradient":""}},"ast-content-background-meta":{"desktop":{"background-color":"var(--ast-global-color-5)","background-image":"","background-repeat":"repeat","background-position":"center center","background-size":"auto","background-attachment":"scroll","background-type":"","background-media":"","overlay-type":"","overlay-color":"","overlay-opacity":"","overlay-gradient":""},"tablet":{"background-color":"var(--ast-global-color-5)","background-image":"","background-repeat":"repeat","background-position":"center center","background-size":"auto","background-attachment":"scroll","background-type":"","background-media":"","overlay-type":"","overlay-color":"","overlay-opacity":"","overlay-gradient":""},"mobile":{"background-color":"var(--ast-global-color-5)","background-image":"","background-repeat":"repeat","background-position":"center center","background-size":"auto","background-attachment":"scroll","background-type":"","background-media":"","overlay-type":"","overlay-color":"","overlay-opacity":"","overlay-gradient":""}}},"product_brand":[],"product_cat":[2386,151],"product_tag":[],"industries_product":[],"application_product":[3321],"class_list":{"0":"post-15927","1":"product","2":"type-product","3":"status-publish","4":"has-post-thumbnail","6":"product_cat-instrumentation","7":"product_cat-remote-displays","8":"pa_part-number-808ah651-02","9":"application_product-application-truck-scale-products","10":"desktop-align-center","11":"tablet-align-left","12":"mobile-align-left","13":"ast-product-gallery-layout-horizontal-slider","14":"ast-product-gallery-with-no-image","15":"ast-magnify-disabled","16":"ast-product-single-variable","17":"ast-product-tabs-layout-horizontal","19":"first","20":"instock","21":"shipping-taxable","22":"purchasable","23":"product-type-variable"},"acf":[],"_links":{"self":[{"href":"https:\/\/www.anyload.com\/es\/wp-json\/wp\/v2\/product\/15927","targetHints":{"allow":["GET"]}}],"collection":[{"href":"https:\/\/www.anyload.com\/es\/wp-json\/wp\/v2\/product"}],"about":[{"href":"https:\/\/www.anyload.com\/es\/wp-json\/wp\/v2\/types\/product"}],"wp:featuredmedia":[{"embeddable":true,"href":"https:\/\/www.anyload.com\/es\/wp-json\/wp\/v2\/media\/32224"}],"wp:attachment":[{"href":"https:\/\/www.anyload.com\/es\/wp-json\/wp\/v2\/media?parent=15927"}],"wp:term":[{"taxonomy":"product_brand","embeddable":true,"href":"https:\/\/www.anyload.com\/es\/wp-json\/wp\/v2\/product_brand?post=15927"},{"taxonomy":"product_cat","embeddable":true,"href":"https:\/\/www.anyload.com\/es\/wp-json\/wp\/v2\/product_cat?post=15927"},{"taxonomy":"product_tag","embeddable":true,"href":"https:\/\/www.anyload.com\/es\/wp-json\/wp\/v2\/product_tag?post=15927"},{"taxonomy":"industries_product","embeddable":true,"href":"https:\/\/www.anyload.com\/es\/wp-json\/wp\/v2\/industries_product?post=15927"},{"taxonomy":"application_product","embeddable":true,"href":"https:\/\/www.anyload.com\/es\/wp-json\/wp\/v2\/application_product?post=15927"}],"curies":[{"name":"wp","href":"https:\/\/api.w.org\/{rel}","templated":true}]}}