{"id":14989,"date":"2018-08-29T22:28:00","date_gmt":"2018-08-30T05:28:00","guid":{"rendered":"http:\/\/www.anyload.com\/?post_type=product&#038;p=14989"},"modified":"2026-03-20T15:36:03","modified_gmt":"2026-03-20T22:36:03","slug":"lb100-805hp-load-bars","status":"publish","type":"product","link":"https:\/\/www.anyload.com\/es\/producto\/lb100-805hp-load-bars\/","title":{"rendered":"LB100-FP1 Barras de carga"},"content":{"rendered":"<p>Las barras de carga ANYLOAD se utilizan normalmente en el pesaje de ganado y en entornos agr\u00edcolas en los que es necesario un equipo de pesaje flexible. Las barras de carga LB100 sirven como un bastidor de b\u00e1scula \u00f3ptimo ideal para pesar objetos de formas irregulares o dimensiones no fijas.<\/p>\n<ul>\n<li>Cada juego incluye 2 barras de carga y un <a style=\"color: #ca0020;\" href=\"http:\/\/www.anyload.com\/en\/product\/805hp-hand-held-indicator\/\" target=\"_blank\" rel=\"noopener noreferrer\"><span style=\"text-decoration: underline; color: #3366ff;\">Indicador 805HP-03<\/span><\/a> equipado con dos conectores hembra para conectar las dos barras de carga<\/li>\n<li>Cada barra de carga contiene 2 c\u00e9lulas de carga certificadas NTEP shear beam, 2 unidades de patas de montaje activas de fabricaci\u00f3n especial, 6 m de cable de protecci\u00f3n contra roedores con un conector macho para conectar al indicador 805HP-03 independiente, y un indicador de 2 v\u00edas <span style=\"text-decoration: underline;\"><span style=\"color: #3366ff;\"><a style=\"color: #3366ff; text-decoration: underline;\" href=\"http:\/\/www.anyload.com\/en\/product-category\/junction-boxes\/\" target=\"_blank\" rel=\"noopener noreferrer\">caja de empalmes<\/a><\/span><\/span> (J02EP-17 incorporado dentro de las barras de carga)<\/li>\n<li>Precalibrado de f\u00e1brica, listo para usar nada m\u00e1s sacarlo de la caja<\/li>\n<li>Port\u00e1til y f\u00e1cil de transportar gracias a sus asas resistentes<\/li>\n<li>Se puede poner una jaula\/tablero encima para formar una b\u00e1scula<\/li>\n<li>Capacidad: 5Klb | Construcci\u00f3n de aleaci\u00f3n de acero<\/li>\n<li>C\u00e9lulas de carga certificadas NTEP 1:6 000 Clase III de c\u00e9lula m\u00faltiple de 1Klb-10Klb | C\u00e9lulas de carga certificadas NTEP 1:3 500 Clase III de c\u00e9lula \u00fanica de 1Klb-10Klb<\/li>\n<li>C\u00e9lulas de carga con certificaci\u00f3n CE, RoHS y ExNepsi<\/li>\n<\/ul>\n<p><strong>El juego completo incluye:<\/strong><\/p>\n<ul>\n<li>2 piezas de barras de carga<\/li>\n<li>Un 805HP-03 independiente equipado con dos conectores hembra para conectar las dos barras de carga<\/li>\n<\/ul>\n<p><strong>Cada barra de carga consta de lo siguiente<\/strong><\/p>\n<ul>\n<li>2 unidades <span style=\"text-decoration: underline; color: #3366ff;\"><a style=\"color: #3366ff; text-decoration: underline;\" href=\"http:\/\/www.anyload.com\/en\/product\/563yh-single-ended-beam-load-cell\/\" target=\"_blank\" rel=\"noopener noreferrer\">563YH<\/a><\/span>C\u00e9lulas de carga de -2,5Klb<\/li>\n<li>Una caja de conexiones J02EP-17 integrada en la barra de carga<\/li>\n<li>Cable de protecci\u00f3n contra roedores de 6 m con un conector macho para conectar al <a style=\"color: #ca0020;\" href=\"http:\/\/www.anyload.com\/en\/product\/805hp-hand-held-indicator\/\" target=\"_blank\" rel=\"noopener noreferrer\">Indicador 805HP-03<\/a><\/li>\n<li>Dos pies de montaje activos especiales<\/li>\n<\/ul>\n<p style=\"text-align: justify;\"><img decoding=\"async\" class=\"alignnone size-full wp-image-3944\" src=\"\/wp-content\/uploads\/2014\/04\/pdf-.png\" alt=\"pdf-\" width=\"25\" height=\"25\" \/>\u00a0<a title=\"ANYLOAD | LB100 Load Bars\" href=\"http:\/\/www.anyload.com\/wp-content\/uploads\/2018\/02\/Anyload-LB100-features.pdf\" target=\"_blank\" rel=\"noopener noreferrer\">Product Features<\/a><\/p>\n<p style=\"text-align: justify;\"><img decoding=\"async\" class=\"alignnone size-full wp-image-3944\" src=\"\/wp-content\/uploads\/2014\/04\/pdf-.png\" alt=\"pdf-\" width=\"25\" height=\"25\" \/>\u00a0<a title=\"ANYLOAD | LB100 Load Bars\" href=\"https:\/\/www.anyload.com\/wp-content\/uploads\/2019\/07\/Anyload-LB100-FP1-load-bars.pdf\" target=\"_blank\" rel=\"noopener noreferrer\">Descargar ficha t\u00e9cnica<\/a><\/p>","protected":false},"excerpt":{"rendered":"<p>Las barras de carga ANYLOAD se utilizan normalmente en el pesaje de ganado y en entornos agr\u00edcolas en los que es necesario un equipo de pesaje flexible. Las barras de carga LB100 sirven como un bastidor de b\u00e1scula \u00f3ptimo ideal para pesar objetos de formas irregulares o dimensiones no fijas.<\/p>\n<ul>\n<li>Cada juego incluye 2 barras de carga y un <span style=\"text-decoration: underline; color: #3366ff;\"><a style=\"color: #3366ff; text-decoration: underline;\" href=\"http:\/\/www.anyload.com\/en\/product\/805hp-hand-held-indicator\/\" target=\"_blank\" rel=\"noopener noreferrer\">Indicador 805HP-03<\/a><\/span> equipado con dos conectores hembra para conectar las dos barras de carga<\/li>\n<li>Cada barra de carga contiene 2 c\u00e9lulas de carga certificadas NTEP shear beam, 2 unidades de patas de montaje activas de fabricaci\u00f3n especial, 6 m de cable de protecci\u00f3n contra roedores con un conector macho para conectar al indicador 805HP-03 independiente, y un indicador de 2 v\u00edas <a style=\"color: #ca0020;\" href=\"http:\/\/www.anyload.com\/en\/product-category\/junction-boxes\/\" target=\"_blank\" rel=\"noopener noreferrer\">caja de empalmes<\/a> (J02EP-17 incorporado dentro de las barras de carga)<\/li>\n<li>Precalibrado de f\u00e1brica, listo para usar nada m\u00e1s sacarlo de la caja<\/li>\n<li>Port\u00e1til y f\u00e1cil de transportar gracias a sus asas resistentes<\/li>\n<li>Se puede poner una jaula\/tablero encima para formar una b\u00e1scula<\/li>\n<li>Capacidad: 5Klb | Construcci\u00f3n de aleaci\u00f3n de acero<\/li>\n<li>C\u00e9lulas de carga certificadas NTEP 1:6 000 Clase III de c\u00e9lula m\u00faltiple de 1Klb-10Klb | C\u00e9lulas de carga certificadas NTEP 1:3 500 Clase III de c\u00e9lula \u00fanica de 1Klb-10Klb<\/li>\n<li>C\u00e9lulas de carga con certificaci\u00f3n CE, RoHS y ExNepsi<\/li>\n<\/ul>\n<p><strong>El juego completo incluye:<\/strong><\/p>\n<ul>\n<li>2 piezas de barras de carga<\/li>\n<li>Un 805HP-03 independiente equipado con dos conectores hembra para conectar las dos barras de carga<\/li>\n<\/ul>\n<p><strong>Cada barra de carga consta de lo siguiente<\/strong><\/p>\n<ul>\n<li>2 unidades <span style=\"text-decoration: underline;\"><span style=\"color: #3366ff;\"><a style=\"color: #3366ff; text-decoration: underline;\" href=\"http:\/\/www.anyload.com\/en\/product\/563yh-single-ended-beam-load-cell\/\" target=\"_blank\" rel=\"noopener noreferrer\">563YH<\/a><\/span><\/span>C\u00e9lulas de carga de -2,5Klb<\/li>\n<li>Una caja de conexiones J02EP-17 integrada en la barra de carga<\/li>\n<li>Cable de protecci\u00f3n contra roedores de 6 m con un conector macho para conectar al <span style=\"text-decoration: underline; color: #3366ff;\"><a style=\"color: #3366ff; text-decoration: underline;\" href=\"http:\/\/www.anyload.com\/en\/product\/805hp-hand-held-indicator\/\" target=\"_blank\" rel=\"noopener noreferrer\">Indicador 805HP-03<\/a><\/span><\/li>\n<li>Dos pies de montaje activos especiales<\/li>\n<\/ul>","protected":false},"featured_media":22334,"template":"","meta":{"_acf_changed":false,"site-sidebar-layout":"default","site-content-layout":"default","ast-site-content-layout":"default","site-content-style":"default","site-sidebar-style":"default","ast-global-header-display":"","ast-banner-title-visibility":"","ast-main-header-display":"","ast-hfb-above-header-display":"","ast-hfb-below-header-display":"","ast-hfb-mobile-header-display":"","site-post-title":"","ast-breadcrumbs-content":"","ast-featured-img":"","footer-sml-layout":"","ast-disable-related-posts":"","theme-transparent-header-meta":"default","adv-header-id-meta":"","stick-header-meta":"default","header-above-stick-meta":"","header-main-stick-meta":"","header-below-stick-meta":"","astra-migrate-meta-layouts":"set","ast-page-background-enabled":"default","ast-page-background-meta":{"desktop":{"background-color":"var(--ast-global-color-4)","background-image":"","background-repeat":"repeat","background-position":"center center","background-size":"auto","background-attachment":"scroll","background-type":"","background-media":"","overlay-type":"","overlay-color":"","overlay-opacity":"","overlay-gradient":""},"tablet":{"background-color":"","background-image":"","background-repeat":"repeat","background-position":"center center","background-size":"auto","background-attachment":"scroll","background-type":"","background-media":"","overlay-type":"","overlay-color":"","overlay-opacity":"","overlay-gradient":""},"mobile":{"background-color":"","background-image":"","background-repeat":"repeat","background-position":"center center","background-size":"auto","background-attachment":"scroll","background-type":"","background-media":"","overlay-type":"","overlay-color":"","overlay-opacity":"","overlay-gradient":""}},"ast-content-background-meta":{"desktop":{"background-color":"var(--ast-global-color-5)","background-image":"","background-repeat":"repeat","background-position":"center center","background-size":"auto","background-attachment":"scroll","background-type":"","background-media":"","overlay-type":"","overlay-color":"","overlay-opacity":"","overlay-gradient":""},"tablet":{"background-color":"var(--ast-global-color-5)","background-image":"","background-repeat":"repeat","background-position":"center center","background-size":"auto","background-attachment":"scroll","background-type":"","background-media":"","overlay-type":"","overlay-color":"","overlay-opacity":"","overlay-gradient":""},"mobile":{"background-color":"var(--ast-global-color-5)","background-image":"","background-repeat":"repeat","background-position":"center center","background-size":"auto","background-attachment":"scroll","background-type":"","background-media":"","overlay-type":"","overlay-color":"","overlay-opacity":"","overlay-gradient":""}}},"product_brand":[],"product_cat":[3003,28],"product_tag":[2864,2854],"industries_product":[],"application_product":[],"class_list":{"0":"post-14989","1":"product","2":"type-product","3":"status-publish","4":"has-post-thumbnail","6":"product_cat-other-scales","7":"product_cat-scales","8":"product_tag-oem","9":"product_tag-weigh-bar","10":"pa_part-number-lb100-5klb-01-fp1","11":"desktop-align-center","12":"tablet-align-left","13":"mobile-align-left","14":"ast-product-gallery-layout-horizontal-slider","15":"ast-product-gallery-with-no-image","16":"ast-magnify-disabled","17":"ast-product-single-variable","18":"ast-product-tabs-layout-horizontal","20":"first","21":"instock","22":"shipping-taxable","23":"purchasable","24":"product-type-variable"},"acf":[],"_links":{"self":[{"href":"https:\/\/www.anyload.com\/es\/wp-json\/wp\/v2\/product\/14989","targetHints":{"allow":["GET"]}}],"collection":[{"href":"https:\/\/www.anyload.com\/es\/wp-json\/wp\/v2\/product"}],"about":[{"href":"https:\/\/www.anyload.com\/es\/wp-json\/wp\/v2\/types\/product"}],"wp:featuredmedia":[{"embeddable":true,"href":"https:\/\/www.anyload.com\/es\/wp-json\/wp\/v2\/media\/22334"}],"wp:attachment":[{"href":"https:\/\/www.anyload.com\/es\/wp-json\/wp\/v2\/media?parent=14989"}],"wp:term":[{"taxonomy":"product_brand","embeddable":true,"href":"https:\/\/www.anyload.com\/es\/wp-json\/wp\/v2\/product_brand?post=14989"},{"taxonomy":"product_cat","embeddable":true,"href":"https:\/\/www.anyload.com\/es\/wp-json\/wp\/v2\/product_cat?post=14989"},{"taxonomy":"product_tag","embeddable":true,"href":"https:\/\/www.anyload.com\/es\/wp-json\/wp\/v2\/product_tag?post=14989"},{"taxonomy":"industries_product","embeddable":true,"href":"https:\/\/www.anyload.com\/es\/wp-json\/wp\/v2\/industries_product?post=14989"},{"taxonomy":"application_product","embeddable":true,"href":"https:\/\/www.anyload.com\/es\/wp-json\/wp\/v2\/application_product?post=14989"}],"curies":[{"name":"wp","href":"https:\/\/api.w.org\/{rel}","templated":true}]}}