{"id":13499,"date":"2017-06-13T16:50:23","date_gmt":"2017-06-13T23:50:23","guid":{"rendered":"http:\/\/www.anyload.com\/?post_type=product&#038;p=13499"},"modified":"2026-02-27T10:10:20","modified_gmt":"2026-02-27T18:10:20","slug":"110es-wl-hp-salt-waterproof-wireless-tension-link","status":"publish","type":"product","link":"https:\/\/www.anyload.com\/es\/producto\/110es-wl-hp-salt-waterproof-wireless-tension-link\/","title":{"rendered":"110ES-WL-HP Enlace de tensi\u00f3n inal\u00e1mbrico estanco a la sal"},"content":{"rendered":"<p><strong><span style=\"text-decoration: underline;\">Description<\/span><\/strong>:<\/p>\n<p>Probada sobre el terreno con pescadores canadienses, la 110ES es la b\u00e1scula perfecta para pesar pescado en el mar o para cualquier otra necesidad de pesaje bajo tensi\u00f3n en la que la m\u00e1xima prioridad sea un rendimiento preciso en entornos dif\u00edciles. M\u00e1s compacta que cualquier otra tensionadora de capacidad similar del mercado, m\u00e1s resistente con sobrecarga de seguridad 200% y sobrecarga de rotura 400%, y m\u00e1s robusta (resistente a la corrosi\u00f3n por agua salada y a prueba de inmersi\u00f3n total IP68\/IP69K), esta l\u00ednea de tensionadoras tiene pocos iguales. Este modelo puede emparejarse con un indicador inal\u00e1mbrico de mano resistente a la humedad. En todos los aspectos, desde la seguridad hasta el tama\u00f1o, pasando por la fiabilidad y la precisi\u00f3n, el 110ES supera a sus competidores.<\/p>\n<p><strong><span style=\"text-decoration: underline;\">Caracter\u00edsticas:<\/span><\/strong><\/p>\n<ul>\n<li style=\"list-style-type: none;\">\n<ul>\n<li>Material de la carcasa: Fundici\u00f3n de acero inoxidable<\/li>\n<li>Precisi\u00f3n: 1:5000 divisiones como m\u00e1ximo<\/li>\n<li>Capacidades: 1t, 2,5t, 5t, 10t, 20t, 30t, 50t, 100t<\/li>\n<li>Sobrecarga segura: 200% del fondo de escala<\/li>\n<li>Sobrecarga de rotura: 400% del fondo de escala<\/li>\n<li>Clasificaci\u00f3n IP: IP68\/IP69K<\/li>\n<li>Frecuencias:  433 Mhz, 915 Mhz<\/li>\n<li>Transmission range up to 30m without obstruction<\/li>\n<li>Salt waterproof power switch with indicating light<\/li>\n<li>Salt waterproof battery cap<\/li>\n<li>Antena protegida por una carcasa de silicona<\/li>\n<li><span style=\"color: #c9252c;\"><strong>Indicador (<a style=\"color: #ca0020; text-decoration: underline;\" href=\"http:\/\/www.anyload.com\/en\/product\/805hp-hand-held-wireless-digital-weight-indicator\/\" target=\"_blank\" rel=\"noopener noreferrer\">805HP-WL<\/a>) y <a style=\"color: #ca0020; text-decoration: underline;\" href=\"http:\/\/www.anyload.com\/en\/product-category\/hardware-and-accessories\/shackles\/\" target=\"_blank\" rel=\"noopener noreferrer\">Grilletes<\/a> se venden por separado<\/strong><\/span><\/li>\n<\/ul>\n<\/li>\n<\/ul>\n<p style=\"text-align: justify;\"><img decoding=\"async\" class=\"alignnone size-full wp-image-3944\" src=\"\/wp-content\/uploads\/2014\/04\/pdf-.png\" alt=\"pdf-\" width=\"25\" height=\"25\" \/>\u00a0<a title=\"ANYLOAD | 110ES-WL Salt Waterproof Wireless Crane Scale\" href=\"https:\/\/www.anyload.com\/wp-content\/uploads\/2021\/08\/110ES-WL-HP-load-cell-transducer.pdf\" target=\"_blank\" rel=\"noopener noreferrer\">Download datasheet<\/a><\/p>\n<p style=\"text-align: justify;\"><img decoding=\"async\" class=\"alignnone size-full wp-image-3944\" src=\"\/wp-content\/uploads\/2014\/04\/pdf-.png\" alt=\"pdf-\" width=\"25\" height=\"25\" \/>\u00a0<a title=\"ANYLOAD | 110ES-WL Salt Waterproof Wireless Crane Scale\" href=\"http:\/\/www.anyload.com\/wp-content\/uploads\/2017\/12\/Anyload-110ES-WL-HP-operations-manual-v1706.pdf\" target=\"_blank\" rel=\"noopener noreferrer\">Descargar manual<\/a><\/p>\n<p style=\"text-align: justify;\">\u00a0<img decoding=\"async\" class=\"alignnone size-full wp-image-3944\" src=\"\/wp-content\/uploads\/2014\/04\/pdf-.png\" alt=\"pdf-\" width=\"25\" height=\"25\" \/>\u00a0<a title=\"ANYLOAD | 805HP Handheld Digital Weight Indicator Manual v1703\" href=\"http:\/\/www.anyload.com\/wp-content\/uploads\/2017\/07\/Anyload-805HP-Handheld-indicator-manual-v1703.pdf\" target=\"_blank\" rel=\"noopener noreferrer\">Download manual for 805HP indicator<\/a><\/p>","protected":false},"excerpt":{"rendered":"<div class=\"product-desc\">\n<p>Probada sobre el terreno con pescadores canadienses, la 110ES es la b\u00e1scula perfecta para pesar pescado en el mar o para cualquier otra necesidad de pesaje bajo tensi\u00f3n en la que la m\u00e1xima prioridad sea un rendimiento preciso en entornos dif\u00edciles. M\u00e1s compacta que cualquier otra tensionadora de capacidad similar del mercado, m\u00e1s resistente con sobrecarga de seguridad 200% y sobrecarga de rotura 400%, y m\u00e1s robusta (resistente a la corrosi\u00f3n por agua salada y a prueba de inmersi\u00f3n total IP68\/IP69K), esta l\u00ednea de tensionadoras tiene pocos iguales. Este modelo puede emparejarse con un indicador inal\u00e1mbrico de mano resistente a la humedad. En todos los aspectos, desde la seguridad hasta el tama\u00f1o, pasando por la fiabilidad y la precisi\u00f3n, el 110ES supera a sus competidores.<\/p>\n<div id=\"otter-more\" class=\"see-more-content\">\n<ul>\n<li>Material de la carcasa: Fundici\u00f3n de acero inoxidable<\/li>\n<li>Precisi\u00f3n: 1:5000 divisiones como m\u00e1ximo<\/li>\n<li>Capacidades: 1t, 2,5t, 5t, 10t, 20t, 30t, 50t, 100t<\/li>\n<li>Sobrecarga de rotura: 400% del fondo de escala<\/li>\n<li>Clasificaci\u00f3n IP: IP68\/IP69K<\/li>\n<li>Frecuencias:  433 Mhz, 915 Mhz<\/li>\n<li>Alcance de transmisi\u00f3n de hasta 30 m sin obst\u00e1culos<\/li>\n<li>Interruptor de encendido resistente al agua salada con indicador luminoso<\/li>\n<li>Tapa de la pila resistente al agua salada<\/li>\n<li>Antena protegida por una carcasa de silicona<\/li>\n<li>Indicator and Shackles are sold separately<\/li>\n<\/ul><\/div>\n<p>  <a id=\"otter-toggle\" class=\"see-more-toggle\">M\u00e1s informaci\u00f3n<\/a><\/p>\n<\/div>\n<div class=\"ds-btn-row\">\n  <a class=\"ds-btn\" href=\"https:\/\/www.anyload.com\/wp-content\/uploads\/2017\/06\/ANYLOAD-110ES-WL-HP-load-cell-transducer.pdf\" target=\"_blank\" rel=\"noopener\">Ficha de datos<\/a>\n<\/div>","protected":false},"featured_media":34741,"template":"","meta":{"_acf_changed":false,"site-sidebar-layout":"default","site-content-layout":"default","ast-site-content-layout":"default","site-content-style":"default","site-sidebar-style":"default","ast-global-header-display":"","ast-banner-title-visibility":"","ast-main-header-display":"","ast-hfb-above-header-display":"","ast-hfb-below-header-display":"","ast-hfb-mobile-header-display":"","site-post-title":"","ast-breadcrumbs-content":"","ast-featured-img":"","footer-sml-layout":"","ast-disable-related-posts":"","theme-transparent-header-meta":"default","adv-header-id-meta":"","stick-header-meta":"default","header-above-stick-meta":"","header-main-stick-meta":"","header-below-stick-meta":"","astra-migrate-meta-layouts":"set","ast-page-background-enabled":"default","ast-page-background-meta":{"desktop":{"background-color":"var(--ast-global-color-4)","background-image":"","background-repeat":"repeat","background-position":"center center","background-size":"auto","background-attachment":"scroll","background-type":"","background-media":"","overlay-type":"","overlay-color":"","overlay-opacity":"","overlay-gradient":""},"tablet":{"background-color":"","background-image":"","background-repeat":"repeat","background-position":"center center","background-size":"auto","background-attachment":"scroll","background-type":"","background-media":"","overlay-type":"","overlay-color":"","overlay-opacity":"","overlay-gradient":""},"mobile":{"background-color":"","background-image":"","background-repeat":"repeat","background-position":"center center","background-size":"auto","background-attachment":"scroll","background-type":"","background-media":"","overlay-type":"","overlay-color":"","overlay-opacity":"","overlay-gradient":""}},"ast-content-background-meta":{"desktop":{"background-color":"var(--ast-global-color-5)","background-image":"","background-repeat":"repeat","background-position":"center center","background-size":"auto","background-attachment":"scroll","background-type":"","background-media":"","overlay-type":"","overlay-color":"","overlay-opacity":"","overlay-gradient":""},"tablet":{"background-color":"var(--ast-global-color-5)","background-image":"","background-repeat":"repeat","background-position":"center center","background-size":"auto","background-attachment":"scroll","background-type":"","background-media":"","overlay-type":"","overlay-color":"","overlay-opacity":"","overlay-gradient":""},"mobile":{"background-color":"var(--ast-global-color-5)","background-image":"","background-repeat":"repeat","background-position":"center center","background-size":"auto","background-attachment":"scroll","background-type":"","background-media":"","overlay-type":"","overlay-color":"","overlay-opacity":"","overlay-gradient":""}}},"product_brand":[],"product_cat":[42,19,28,147,38],"product_tag":[2850],"industries_product":[],"application_product":[3325],"class_list":{"0":"post-13499","1":"product","2":"type-product","3":"status-publish","4":"has-post-thumbnail","6":"product_cat-crane-scales","7":"product_cat-load-cells-categories","8":"product_cat-scales","9":"product_cat-tension","10":"product_cat-tension-links","11":"product_tag-patented","12":"pa_part-number-110es-100t-wl01-hp-frequency-433mhz","13":"pa_part-number-110es-100t-wl02-hp-frequency-915mhz","14":"pa_part-number-110es-10t-wl01-hp-frequency-433mhz","15":"pa_part-number-110es-10t-wl02-hp-frequency-915mhz","16":"pa_part-number-110es-1t-wl01-hp-frequency-433mhz","17":"pa_part-number-110es-1t-wl02-hp-frequency-915mhz","18":"pa_part-number-110es-2-5t-wl01-hp-frequency-433mhz","19":"pa_part-number-110es-2-5t-wl02-hp-frequency-915mhz","20":"pa_part-number-110es-20t-wl01-hp-frequency-433mhz","21":"pa_part-number-110es-20t-wl02-hp-frequency-915mhz","22":"pa_part-number-110es-30t-wl01-hp-frequency-433mhz","23":"pa_part-number-110es-30t-wl02-hp-frequency-915mhz","24":"pa_part-number-110es-50t-wl01-hp-frequency-433mhz","25":"pa_part-number-110es-50t-wl02-hp-frequency-915mhz","26":"pa_part-number-110es-5t-wl01-hp-frequency-433mhz","27":"pa_part-number-110es-5t-wl02-hp-frequency-915mhz","28":"application_product-application-overhead-weighing-products","29":"desktop-align-center","30":"tablet-align-left","31":"mobile-align-left","32":"ast-product-gallery-layout-horizontal-slider","33":"ast-product-gallery-with-no-image","34":"ast-magnify-disabled","35":"ast-product-single-variable","36":"ast-product-tabs-layout-horizontal","38":"first","39":"instock","40":"shipping-taxable","41":"purchasable","42":"product-type-variable"},"acf":[],"_links":{"self":[{"href":"https:\/\/www.anyload.com\/es\/wp-json\/wp\/v2\/product\/13499","targetHints":{"allow":["GET"]}}],"collection":[{"href":"https:\/\/www.anyload.com\/es\/wp-json\/wp\/v2\/product"}],"about":[{"href":"https:\/\/www.anyload.com\/es\/wp-json\/wp\/v2\/types\/product"}],"wp:featuredmedia":[{"embeddable":true,"href":"https:\/\/www.anyload.com\/es\/wp-json\/wp\/v2\/media\/34741"}],"wp:attachment":[{"href":"https:\/\/www.anyload.com\/es\/wp-json\/wp\/v2\/media?parent=13499"}],"wp:term":[{"taxonomy":"product_brand","embeddable":true,"href":"https:\/\/www.anyload.com\/es\/wp-json\/wp\/v2\/product_brand?post=13499"},{"taxonomy":"product_cat","embeddable":true,"href":"https:\/\/www.anyload.com\/es\/wp-json\/wp\/v2\/product_cat?post=13499"},{"taxonomy":"product_tag","embeddable":true,"href":"https:\/\/www.anyload.com\/es\/wp-json\/wp\/v2\/product_tag?post=13499"},{"taxonomy":"industries_product","embeddable":true,"href":"https:\/\/www.anyload.com\/es\/wp-json\/wp\/v2\/industries_product?post=13499"},{"taxonomy":"application_product","embeddable":true,"href":"https:\/\/www.anyload.com\/es\/wp-json\/wp\/v2\/application_product?post=13499"}],"curies":[{"name":"wp","href":"https:\/\/api.w.org\/{rel}","templated":true}]}}