{"id":1285,"date":"2014-03-05T15:39:08","date_gmt":"2014-03-05T23:39:08","guid":{"rendered":"http:\/\/anyloadgroup.com\/?post_type=product&#038;p=1285"},"modified":"2025-12-19T14:14:19","modified_gmt":"2025-12-19T22:14:19","slug":"110bh-tension-link-load-cell","status":"publish","type":"product","link":"https:\/\/www.anyload.com\/es\/producto\/110bh-tension-link-load-cell\/","title":{"rendered":"110BH Tension Link Load Cell"},"content":{"rendered":"<p><span style=\"text-decoration: underline;\"><strong>Descripci\u00f3n:<\/strong><\/span><\/p>\n<p>Leading the industry in tension link engineering, Anyload&#8217;s 110BH offers unparalleled accuracy and toughness all in a highly compact construction. The NTEP and OIML-certified design with a patented internal structure that achieves natural linearity with superior temperature compensation and resistance to vibration. The IP67 alloy steel construction with a breaking overload of 400% provides an excellent safety factor and years of problem-free service. Commonly used for crane scales and OEM applications, the 110BH is often found in the fishing, agricultural, construction, and manufacturing sectors.<\/p>\n<p><span style=\"text-decoration: underline;\"><strong>Caracter\u00edsticas:\u00a0<\/strong><\/span><\/p>\n<ul>\n<li>Material: Acero de aleaci\u00f3n<\/li>\n<li>Rated Capacities: 1t, 2t, 5t, 10t, 20t, 30t, 50t, 75t, 100t, 120t<\/li>\n<li>Full Scale Output: 3mV\/V \u00b1 10%<\/li>\n<li>Sobrecarga segura: 150% del fondo de escala<\/li>\n<li>Sobrecarga de rotura: 400% del fondo de escala<\/li>\n<li>Clasificaci\u00f3n IP: IP67<\/li>\n<li>NTEP 1:3000 Class III, Single Cell certified from 1t-2t<\/li>\n<li>NTEP 1:5000 Class III, Multiple Cell certified from 1t-2t<\/li>\n<li>NTEP 1:3000, hasta 1:6000 Clase III, certificado para c\u00e9lulas m\u00faltiples y c\u00e9lulas individuales de 5t-50t<\/li>\n<li>OIML MAA C3, Y=15 000 certificado de 1t-10t<\/li>\n<li>OIML MAA C3, hasta C6, Y=13 5000 certificados de 10t-50t<\/li>\n<li>Certificado CE y RoHS<\/li>\n<\/ul>\n<table border=\"1\" cellspacing=\"0\" cellpadding=\"0\">\n<tbody>\n<tr>\n<td valign=\"top\" width=\"319\">Capacidad nominal<\/td>\n<td valign=\"top\" width=\"319\">1t, 2t, 5t, 10t, 20t, 30t, 50t, 75t, 100t, 120t<\/td>\n<\/tr>\n<tr>\n<td valign=\"top\" width=\"319\">Salida a fondo de escala<\/td>\n<td valign=\"top\" width=\"319\">3mV\/V \u00b1 10%<\/td>\n<\/tr>\n<tr>\n<td valign=\"top\" width=\"319\">Saldo cero<\/td>\n<td valign=\"top\" width=\"319\">\u00b1 0,02mV\/V<\/td>\n<\/tr>\n<tr>\n<td valign=\"top\" width=\"319\">No linealidad<\/td>\n<td valign=\"top\" width=\"319\">&lt; \u00b1 0.017% FS<\/td>\n<\/tr>\n<tr>\n<td valign=\"top\" width=\"319\">Repetibilidad<\/td>\n<td valign=\"top\" width=\"319\">&lt; \u00b1 0.017% FS<\/td>\n<\/tr>\n<tr>\n<td valign=\"top\" width=\"319\">Error de hist\u00e9resis<\/td>\n<td valign=\"top\" width=\"319\">&lt; \u00b1 0.017% FS<\/td>\n<\/tr>\n<tr>\n<td valign=\"top\" width=\"319\">Creep en 30 minutos<\/td>\n<td valign=\"top\" width=\"319\">&lt; \u00b1 0.023% FS<\/td>\n<\/tr>\n<tr>\n<td valign=\"top\" width=\"319\">Resistencia de entrada<\/td>\n<td valign=\"top\" width=\"319\">400\u03a9 \u00b120\u03a9<\/td>\n<\/tr>\n<tr>\n<td valign=\"top\" width=\"319\">Resistencia de salida<\/td>\n<td valign=\"top\" width=\"319\">350\u03a9 \u00b1 3\u03a9<\/td>\n<\/tr>\n<tr>\n<td valign=\"top\" width=\"319\">Excitaci\u00f3n recomendada<\/td>\n<td valign=\"top\" width=\"319\">10 V (15 V m\u00e1ximo)<\/td>\n<\/tr>\n<tr>\n<td valign=\"top\" width=\"319\">Resistencia del aislamiento<\/td>\n<td valign=\"top\" width=\"319\">&gt; 2G\u03a9 (50V DC)<\/td>\n<\/tr>\n<tr>\n<td valign=\"top\" width=\"319\">Efecto de la temperatura en la sensibilidad<\/td>\n<td valign=\"top\" width=\"319\">&lt; \u00b10.0012% of Cn\/k<\/td>\n<\/tr>\n<tr>\n<td valign=\"top\" width=\"319\">Efecto de la temperatura en el balance cero<\/td>\n<td valign=\"top\" width=\"319\">&lt; \u00b1 0.0040% of Cn\/k<\/td>\n<\/tr>\n<tr>\n<td valign=\"top\" width=\"319\">Rango de temperatura compensado<\/td>\n<td valign=\"top\" width=\"319\"><b>&#8211;<\/b>10\u00b0C a 50\u00b0C\/14\u00b0F a 122\u00b0F<\/td>\n<\/tr>\n<tr>\n<td valign=\"top\" width=\"319\">Temperatura de servicio<\/td>\n<td valign=\"top\" width=\"319\">-30\u00b0C a 70\u00b0C\/-20\u00b0F a 160\u00b0F<\/td>\n<\/tr>\n<tr>\n<td valign=\"top\" width=\"319\">Temperatura de almacenamiento<\/td>\n<td valign=\"top\" width=\"319\">-50\u00b0C a 85\u00b0C\/-58\u00b0F a 185\u00b0F<\/td>\n<\/tr>\n<tr>\n<td valign=\"top\" width=\"319\">Nominal Temperature Range (\u00b0C)<\/td>\n<td valign=\"top\" width=\"319\"><b>&#8211;<\/b>10\u00b0C to 40\u00b0C<\/td>\n<\/tr>\n<tr>\n<td valign=\"top\" width=\"319\">Nominal Temperature Range (\u00b0F)<\/td>\n<td valign=\"top\" width=\"319\">14\u00b0F to 104\u00b0F<\/td>\n<\/tr>\n<tr>\n<td valign=\"top\" width=\"319\">Sobrecarga segura<\/td>\n<td valign=\"top\" width=\"319\">150% del fondo de escala<\/td>\n<\/tr>\n<tr>\n<td valign=\"top\" width=\"319\">Romper la sobrecarga<\/td>\n<td valign=\"top\" width=\"319\">400% del fondo de escala<\/td>\n<\/tr>\n<tr>\n<td valign=\"top\" width=\"319\">Tipo de junta<\/td>\n<td valign=\"top\" width=\"319\">Sellado ecol\u00f3gico<\/td>\n<\/tr>\n<tr>\n<td valign=\"top\" width=\"319\">Clasificaci\u00f3n IP<\/td>\n<td valign=\"top\" width=\"319\">IP67<\/td>\n<\/tr>\n<\/tbody>\n<\/table>\n<p style=\"text-align: justify;\"><img decoding=\"async\" class=\"alignnone size-full wp-image-3944\" src=\"\/wp-content\/uploads\/2014\/04\/pdf-.png\" alt=\"pdf-\" width=\"25\" height=\"25\" \/>\u00a0<a title=\"ANYLOAD | 110BH Tension Link Load Cell\" href=\"https:\/\/www.anyload.com\/wp-content\/uploads\/2021\/08\/110BH-load-cell-transducer.pdf\" target=\"_blank\" rel=\"noopener noreferrer\">Descargar ficha t\u00e9cnica<\/a><\/p>\n<p style=\"text-align: justify;\"><img decoding=\"async\" class=\"alignnone size-full wp-image-3944\" src=\"\/wp-content\/uploads\/2014\/04\/pdf-.png\" alt=\"pdf-\" width=\"25\" height=\"25\" \/> <a title=\"110 series NTEP\" href=\"http:\/\/www.anyload.com\/es\/approvals\/national-conference-on-weights-and-measures\/\" target=\"_blank\" rel=\"noopener noreferrer\">NTEP Certificate of Conformace<\/a><\/p>\n<p style=\"text-align: justify;\"><img decoding=\"async\" class=\"alignnone size-full wp-image-3944\" src=\"\/wp-content\/uploads\/2014\/04\/pdf-.png\" alt=\"pdf-\" width=\"25\" height=\"25\" \/> <a title=\"110 series OIML\" href=\"http:\/\/www.anyload.com\/es\/approvals\/international-organization-of-legal-meteorology\/\" target=\"_blank\" rel=\"noopener noreferrer\">Certificado de conformidad de la OIML<\/a><\/p>\n<p style=\"text-align: justify;\"><img decoding=\"async\" class=\"alignnone size-full wp-image-3944\" src=\"\/wp-content\/uploads\/2014\/04\/pdf-.png\" alt=\"pdf-\" width=\"25\" height=\"25\" \/> <a title=\"ANYLOAD | Load Cell CE certificate\" href=\"http:\/\/www.anyload.com\/es\/approvals\/conformite-europeenne\/\" target=\"_blank\" rel=\"noopener noreferrer\">Certificado de conformidad CE<\/a><\/p>\n<p style=\"text-align: justify;\"><img decoding=\"async\" class=\"alignnone size-full wp-image-3944\" src=\"\/wp-content\/uploads\/2014\/04\/pdf-.png\" alt=\"pdf-\" width=\"25\" height=\"25\" \/> <a title=\"ANYLOAD | Load Cell RoHS certificate\" href=\"http:\/\/www.anyload.com\/es\/approvals\/restriction-of-hazardous-substances-directive\/\" target=\"_blank\" rel=\"noopener noreferrer\">Certificado de conformidad RoHS<\/a><\/p>","protected":false},"excerpt":{"rendered":"<p><span style=\"text-decoration: underline; color: #000000;\"><strong>Descripci\u00f3n:<\/strong><\/span><\/p>\n<p>Leading the industry in tension link engineering, Anyload&#8217;s 110BH offers unparalleled accuracy and toughness all in a highly compact construction. The NTEP and OIML-certified design with a patented internal structure that achieves natural linearity with superior temperature compensation and resistance to vibration. The IP67 alloy steel construction with a breaking overload of 400% provides an excellent safety factor and years of problem-free service. Commonly used for crane scales and OEM applications, the 110BH is often found in the fishing, agricultural, construction, and manufacturing sectors.<\/p>\n<p><span style=\"text-decoration: underline; color: #000000;\"><strong>Caracter\u00edsticas:\u00a0<\/strong><\/span><\/p>\n<ul>\n<li><span style=\"color: #000000;\">Material: Acero de aleaci\u00f3n<\/span><\/li>\n<li><span style=\"color: #000000;\">Rated Capacities: 1t, 2t, 5t, 10t, 20t, 30t, 50t, 75t, 100t, 120t<\/span><\/li>\n<li><span style=\"color: #000000;\">Full Scale Output: 3mV\/V \u00b1 10%<\/span><\/li>\n<li><span style=\"color: #000000;\">Sobrecarga segura: 150% del fondo de escala<\/span><\/li>\n<li><span style=\"color: #000000;\">Sobrecarga de rotura: 400% del fondo de escala<\/span><\/li>\n<li><span style=\"color: #000000;\">Clasificaci\u00f3n IP: IP67<\/span><\/li>\n<li><span style=\"color: #000000;\">NTEP 1:3000 Class III, Single Cell certified from 1t-2t<\/span><\/li>\n<li><span style=\"color: #000000;\">NTEP 1:5000 Class III, Multiple Cell certified from 1t-2t<\/span><\/li>\n<li><span style=\"color: #000000;\">NTEP 1:3000, hasta 1:6000 Clase III, certificado para c\u00e9lulas m\u00faltiples y c\u00e9lulas individuales de 5t-50t<\/span><\/li>\n<li><span style=\"color: #000000;\">OIML MAA C3, Y=15 000 certificado de 1t-10t<\/span><\/li>\n<li><span style=\"color: #000000;\">OIML MAA C3, hasta C6, Y=13 5000 certificados de 10t-50t<\/span><\/li>\n<li><span style=\"color: #000000;\">Certificado CE y RoHS<\/span><\/li>\n<\/ul>","protected":false},"featured_media":32986,"template":"","meta":{"_acf_changed":false,"site-sidebar-layout":"default","site-content-layout":"default","ast-site-content-layout":"default","site-content-style":"default","site-sidebar-style":"default","ast-global-header-display":"","ast-banner-title-visibility":"","ast-main-header-display":"","ast-hfb-above-header-display":"","ast-hfb-below-header-display":"","ast-hfb-mobile-header-display":"","site-post-title":"","ast-breadcrumbs-content":"","ast-featured-img":"","footer-sml-layout":"","ast-disable-related-posts":"","theme-transparent-header-meta":"default","adv-header-id-meta":"","stick-header-meta":"default","header-above-stick-meta":"","header-main-stick-meta":"","header-below-stick-meta":"","astra-migrate-meta-layouts":"set","ast-page-background-enabled":"default","ast-page-background-meta":{"desktop":{"background-color":"var(--ast-global-color-4)","background-image":"","background-repeat":"repeat","background-position":"center center","background-size":"auto","background-attachment":"scroll","background-type":"","background-media":"","overlay-type":"","overlay-color":"","overlay-opacity":"","overlay-gradient":""},"tablet":{"background-color":"","background-image":"","background-repeat":"repeat","background-position":"center center","background-size":"auto","background-attachment":"scroll","background-type":"","background-media":"","overlay-type":"","overlay-color":"","overlay-opacity":"","overlay-gradient":""},"mobile":{"background-color":"","background-image":"","background-repeat":"repeat","background-position":"center center","background-size":"auto","background-attachment":"scroll","background-type":"","background-media":"","overlay-type":"","overlay-color":"","overlay-opacity":"","overlay-gradient":""}},"ast-content-background-meta":{"desktop":{"background-color":"var(--ast-global-color-5)","background-image":"","background-repeat":"repeat","background-position":"center center","background-size":"auto","background-attachment":"scroll","background-type":"","background-media":"","overlay-type":"","overlay-color":"","overlay-opacity":"","overlay-gradient":""},"tablet":{"background-color":"var(--ast-global-color-5)","background-image":"","background-repeat":"repeat","background-position":"center center","background-size":"auto","background-attachment":"scroll","background-type":"","background-media":"","overlay-type":"","overlay-color":"","overlay-opacity":"","overlay-gradient":""},"mobile":{"background-color":"var(--ast-global-color-5)","background-image":"","background-repeat":"repeat","background-position":"center center","background-size":"auto","background-attachment":"scroll","background-type":"","background-media":"","overlay-type":"","overlay-color":"","overlay-opacity":"","overlay-gradient":""}}},"product_brand":[],"product_cat":[30,147,38],"product_tag":[2850],"industries_product":[3317],"application_product":[3325],"class_list":{"0":"post-1285","1":"product","2":"type-product","3":"status-publish","4":"has-post-thumbnail","6":"product_cat-force-measurement","7":"product_cat-tension","8":"product_cat-tension-links","9":"product_tag-patented","10":"pa_part-number-110bh-100t","11":"pa_part-number-110bh-10t","12":"pa_part-number-110bh-120t","13":"pa_part-number-110bh-1t","14":"pa_part-number-110bh-20t","15":"pa_part-number-110bh-2t","16":"pa_part-number-110bh-30t","17":"pa_part-number-110bh-50t","18":"pa_part-number-110bh-5t","19":"pa_part-number-110bh-75t","20":"industries_product-industry-concrete-products","21":"application_product-application-overhead-weighing-products","22":"desktop-align-center","23":"tablet-align-left","24":"mobile-align-left","25":"ast-product-gallery-layout-horizontal-slider","26":"ast-product-gallery-with-no-image","27":"ast-magnify-disabled","28":"ast-product-single-variable","29":"ast-product-tabs-layout-horizontal","31":"first","32":"instock","33":"shipping-taxable","34":"purchasable","35":"product-type-variable"},"acf":[],"_links":{"self":[{"href":"https:\/\/www.anyload.com\/es\/wp-json\/wp\/v2\/product\/1285","targetHints":{"allow":["GET"]}}],"collection":[{"href":"https:\/\/www.anyload.com\/es\/wp-json\/wp\/v2\/product"}],"about":[{"href":"https:\/\/www.anyload.com\/es\/wp-json\/wp\/v2\/types\/product"}],"wp:featuredmedia":[{"embeddable":true,"href":"https:\/\/www.anyload.com\/es\/wp-json\/wp\/v2\/media\/32986"}],"wp:attachment":[{"href":"https:\/\/www.anyload.com\/es\/wp-json\/wp\/v2\/media?parent=1285"}],"wp:term":[{"taxonomy":"product_brand","embeddable":true,"href":"https:\/\/www.anyload.com\/es\/wp-json\/wp\/v2\/product_brand?post=1285"},{"taxonomy":"product_cat","embeddable":true,"href":"https:\/\/www.anyload.com\/es\/wp-json\/wp\/v2\/product_cat?post=1285"},{"taxonomy":"product_tag","embeddable":true,"href":"https:\/\/www.anyload.com\/es\/wp-json\/wp\/v2\/product_tag?post=1285"},{"taxonomy":"industries_product","embeddable":true,"href":"https:\/\/www.anyload.com\/es\/wp-json\/wp\/v2\/industries_product?post=1285"},{"taxonomy":"application_product","embeddable":true,"href":"https:\/\/www.anyload.com\/es\/wp-json\/wp\/v2\/application_product?post=1285"}],"curies":[{"name":"wp","href":"https:\/\/api.w.org\/{rel}","templated":true}]}}