{"id":11659,"date":"2016-06-09T10:50:59","date_gmt":"2016-06-09T17:50:59","guid":{"rendered":"http:\/\/www.anyload.com\/?post_type=product&#038;p=11659"},"modified":"2026-02-27T10:12:00","modified_gmt":"2026-02-27T18:12:00","slug":"110rh-wl-805hp-wl-tension-link-dynamometer","status":"publish","type":"product","link":"https:\/\/www.anyload.com\/es\/producto\/110rh-wl-805hp-wl-tension-link-dynamometer\/","title":{"rendered":"110RH-WL, 805HP-WL Tens\u00f3metro o dinam\u00f3metro inal\u00e1mbrico TENSLINK"},"content":{"rendered":"<p><span style=\"text-decoration: underline;\"><strong>Descripci\u00f3n:<\/strong><\/span><\/p>\n<p>Tenslink\u2122 de Anyload es una c\u00e9lula de carga de enlace de tensi\u00f3n de alta resistencia que proporciona una fiabilidad y comodidad sin precedentes en una variedad de necesidades. Completa con un indicador port\u00e1til resistente a la humedad, la Tenslink\u2122 es una soluci\u00f3n fiable para muchos dinam\u00f3metros, b\u00e1sculas de gr\u00faa y otras aplicaciones de pesaje bajo tensi\u00f3n. El dise\u00f1o elegante, la resistencia al agua de clase IP67, la alta tolerancia a la sobrecarga y la facilidad de uso general hacen de este modelo uno de los favoritos en las industrias de procesamiento de alimentos, agricultura, pesca y construcci\u00f3n.<\/p>\n<p><span style=\"text-decoration: underline;\"><strong>Caracter\u00edstica:\u00a0<\/strong><\/span><\/p>\n<ul>\n<li>Material: Acero de aleaci\u00f3n, recubrimiento en polvo<\/li>\n<li>Capacidades nominales: 500kg, 1t, 2t, 3t, 5t, 10t, 20t, 30t, 50t, 100t<\/li>\n<li>Sobrecarga de rotura: 500% del fondo de escala<\/li>\n<li>Sobrecarga segura: 200% del fondo de escala<\/li>\n<li>Wireless Distance (adjustible): Up to 30m (Power 1.26mW), Up to 40m (Power 1.56mW), Up to 55m (Power 3.13mW), Up to 75m(Power 6.25mW) \u2014 All distances stated without factoring for obstructions<\/li>\n<li>Operation Time: Up to 100 hours (at 20\u00b0C\/68\u00baF at the lowest power setting)<\/li>\n<li>Clasificaci\u00f3n IP: IP67<\/li>\n<li>Tare Range: 100% Full Scale<\/li>\n<li>Indicator Enclosure Material: ABS<\/li>\n<li>Units of Measurement: kg, g, t, lb, Klb, N, kN, oz, or a custom<br \/>\nunidad definida por el usuario<\/li>\n<li>Display Type: LCD with backlight<\/li>\n<li>Indicador Grado de protecci\u00f3n IP: IP65<\/li>\n<\/ul>\n<p style=\"text-align: justify;\"><img decoding=\"async\" class=\"alignnone size-full wp-image-3944\" src=\"\/wp-content\/uploads\/2014\/04\/pdf-.png\" alt=\"pdf-\" width=\"25\" height=\"25\" \/><a title=\"ANYLOAD | 110RH-WL Wireless Dynamometer and Tension Link Load Cell\" href=\"https:\/\/www.anyload.com\/wp-content\/uploads\/2021\/08\/110RH-WL-TENSLINK-load-cell-transducer.pdf\" target=\"_blank\" rel=\"noopener noreferrer\"> Descargar ficha t\u00e9cnica<\/a><\/p>\n<p style=\"text-align: justify;\"><img decoding=\"async\" class=\"alignnone size-full wp-image-3944\" src=\"\/wp-content\/uploads\/2014\/04\/pdf-.png\" alt=\"pdf-\" width=\"25\" height=\"25\" \/><a title=\"ANYLOAD | 110RH-WL Wireless Dynamometer and Tension Link Manual\" href=\"http:\/\/www.anyload.com\/wp-content\/uploads\/2017\/04\/110RH-TENSLINK-manual-v1703.pdf\" target=\"_blank\" rel=\"noopener noreferrer\"> Descargar manual<\/a><\/p>","protected":false},"excerpt":{"rendered":"<div class=\"product-desc\">\n<p>Tenslink\u2122 de Anyload es una c\u00e9lula de carga de enlace de tensi\u00f3n de alta resistencia que proporciona una fiabilidad y comodidad sin precedentes en una variedad de necesidades. Completa con un indicador port\u00e1til resistente a la humedad, la Tenslink\u2122 es una soluci\u00f3n fiable para muchos dinam\u00f3metros, b\u00e1sculas de gr\u00faa y otras aplicaciones de pesaje bajo tensi\u00f3n. El dise\u00f1o elegante, la resistencia al agua de clase IP67, la alta tolerancia a la sobrecarga y la facilidad de uso general hacen de este modelo uno de los favoritos en las industrias de procesamiento de alimentos, agricultura, pesca y construcci\u00f3n.\n<\/p>\n<div id=\"otter-more\" class=\"see-more-content\">\n<ul>\n<li>Material: Acero de aleaci\u00f3n, recubrimiento en polvo<\/li>\n<li>Capacidades nominales: 500kg, 1t, 2t, 3t, 5t, 10t, 20t, 30t, 50t, 100t<\/li>\n<li>Sobrecarga de rotura: 500% del fondo de escala<\/li>\n<li>Sobrecarga segura: 200% del fondo de escala<\/li>\n<li>Distancia inal\u00e1mbrica (ajustable): Hasta 30m(Potencia 1.26mW), Hasta 40m(Potencia 1.56mW), Hasta 55m(Potencia 3.13mW),Hasta 75m(Potencia 6.25mW) - Todas las distancias indicadas son si no hay obstrucci\u00f3n.<\/li>\n<li>Tiempo de funcionamiento: hasta 100 horas a 20\u00b0C con la potencia m\u00ednima configurada<\/li>\n<li>Clasificaci\u00f3n IP: IP67<\/li>\n<li>Rango de tara : 100% Escala completa<\/li>\n<li>Material de la caja del indicador : ABS<\/li>\n<li>Unidades de medida : kg, g, t, lb,Klb, N, kN, oz,<br \/>\nunidad definida por el usuario<\/li>\n<li>Tipo de pantalla:LCD con retroiluminaci\u00f3n<\/li>\n<li>Indicador Grado de protecci\u00f3n IP: IP65<\/li>\n<\/ul><\/div>\n<p>  <a id=\"otter-toggle\" class=\"see-more-toggle\">M\u00e1s informaci\u00f3n<\/a><\/p>\n<\/div>\n<div class=\"ds-btn-row\">\n  <a class=\"ds-btn\" href=\"https:\/\/www.anyload.com\/wp-content\/uploads\/2016\/06\/ANYLOAD-110RH-WL-TENSLINK-load-cell-transducer.pdf\" target=\"_blank\" rel=\"noopener\">Ficha de datos<\/a>\n<\/div>","protected":false},"featured_media":34742,"template":"","meta":{"_acf_changed":false,"site-sidebar-layout":"default","site-content-layout":"default","ast-site-content-layout":"default","site-content-style":"default","site-sidebar-style":"default","ast-global-header-display":"","ast-banner-title-visibility":"","ast-main-header-display":"","ast-hfb-above-header-display":"","ast-hfb-below-header-display":"","ast-hfb-mobile-header-display":"","site-post-title":"","ast-breadcrumbs-content":"","ast-featured-img":"","footer-sml-layout":"","ast-disable-related-posts":"","theme-transparent-header-meta":"default","adv-header-id-meta":"","stick-header-meta":"default","header-above-stick-meta":"","header-main-stick-meta":"","header-below-stick-meta":"","astra-migrate-meta-layouts":"set","ast-page-background-enabled":"default","ast-page-background-meta":{"desktop":{"background-color":"var(--ast-global-color-4)","background-image":"","background-repeat":"repeat","background-position":"center center","background-size":"auto","background-attachment":"scroll","background-type":"","background-media":"","overlay-type":"","overlay-color":"","overlay-opacity":"","overlay-gradient":""},"tablet":{"background-color":"","background-image":"","background-repeat":"repeat","background-position":"center center","background-size":"auto","background-attachment":"scroll","background-type":"","background-media":"","overlay-type":"","overlay-color":"","overlay-opacity":"","overlay-gradient":""},"mobile":{"background-color":"","background-image":"","background-repeat":"repeat","background-position":"center center","background-size":"auto","background-attachment":"scroll","background-type":"","background-media":"","overlay-type":"","overlay-color":"","overlay-opacity":"","overlay-gradient":""}},"ast-content-background-meta":{"desktop":{"background-color":"var(--ast-global-color-5)","background-image":"","background-repeat":"repeat","background-position":"center center","background-size":"auto","background-attachment":"scroll","background-type":"","background-media":"","overlay-type":"","overlay-color":"","overlay-opacity":"","overlay-gradient":""},"tablet":{"background-color":"var(--ast-global-color-5)","background-image":"","background-repeat":"repeat","background-position":"center center","background-size":"auto","background-attachment":"scroll","background-type":"","background-media":"","overlay-type":"","overlay-color":"","overlay-opacity":"","overlay-gradient":""},"mobile":{"background-color":"var(--ast-global-color-5)","background-image":"","background-repeat":"repeat","background-position":"center center","background-size":"auto","background-attachment":"scroll","background-type":"","background-media":"","overlay-type":"","overlay-color":"","overlay-opacity":"","overlay-gradient":""}}},"product_brand":[],"product_cat":[42,30,19,28,147,38],"product_tag":[1379,1413,1414,1622,1722,1720,1721],"industries_product":[],"application_product":[3325],"class_list":{"0":"post-11659","1":"product","2":"type-product","3":"status-publish","4":"has-post-thumbnail","6":"product_cat-crane-scales","7":"product_cat-force-measurement","8":"product_cat-load-cells-categories","9":"product_cat-scales","10":"product_cat-tension","11":"product_cat-tension-links","12":"product_tag-crane-scale","13":"product_tag-dynamometer","14":"product_tag-dynamometers","15":"product_tag-load-cell","16":"product_tag-load-cells","17":"product_tag-tension-link-load-cell","18":"product_tag-tension-link-load-cells","19":"pa_part-number-110rh-100t-wl01-433mhz","20":"pa_part-number-110rh-100t-wl02-915mhz","21":"pa_part-number-110rh-30t-wl01-433mhz","22":"pa_part-number-110rh-30t-wl02-915mhz","23":"pa_part-number-110rh-50t-wl01-433mhz","24":"pa_part-number-110rh-50t-wl02-915mhz","25":"pa_part-number-110rh-st-10t-wl01-433mhz","26":"pa_part-number-110rh-st-10t-wl02-915mhz","27":"pa_part-number-110rh-st-1t-wl01-433mhz","28":"pa_part-number-110rh-st-1t-wl02-915mhz","29":"pa_part-number-110rh-st-20t-wl01-433mhz","30":"pa_part-number-110rh-st-20t-wl02-915mhz","31":"pa_part-number-110rh-st-2t-wl01-433mhz","32":"pa_part-number-110rh-st-2t-wl02-915mhz","33":"pa_part-number-110rh-st-3t-wl01-433mhz","34":"pa_part-number-110rh-st-3t-wl02-915mhz","35":"pa_part-number-110rh-st-500kg-wl01-433mhz","36":"pa_part-number-110rh-st-500kg-wl02-915mhz","37":"pa_part-number-110rh-st-5t-wl01-433mhz","38":"pa_part-number-110rh-st-5t-wl02-915mhz","39":"application_product-application-overhead-weighing-products","40":"desktop-align-center","41":"tablet-align-left","42":"mobile-align-left","43":"ast-product-gallery-layout-horizontal-slider","44":"ast-product-gallery-with-no-image","45":"ast-magnify-disabled","46":"ast-product-single-variable","47":"ast-product-tabs-layout-horizontal","49":"first","50":"instock","51":"shipping-taxable","52":"purchasable","53":"product-type-variable","54":"has-default-attributes"},"acf":[],"_links":{"self":[{"href":"https:\/\/www.anyload.com\/es\/wp-json\/wp\/v2\/product\/11659","targetHints":{"allow":["GET"]}}],"collection":[{"href":"https:\/\/www.anyload.com\/es\/wp-json\/wp\/v2\/product"}],"about":[{"href":"https:\/\/www.anyload.com\/es\/wp-json\/wp\/v2\/types\/product"}],"wp:featuredmedia":[{"embeddable":true,"href":"https:\/\/www.anyload.com\/es\/wp-json\/wp\/v2\/media\/34742"}],"wp:attachment":[{"href":"https:\/\/www.anyload.com\/es\/wp-json\/wp\/v2\/media?parent=11659"}],"wp:term":[{"taxonomy":"product_brand","embeddable":true,"href":"https:\/\/www.anyload.com\/es\/wp-json\/wp\/v2\/product_brand?post=11659"},{"taxonomy":"product_cat","embeddable":true,"href":"https:\/\/www.anyload.com\/es\/wp-json\/wp\/v2\/product_cat?post=11659"},{"taxonomy":"product_tag","embeddable":true,"href":"https:\/\/www.anyload.com\/es\/wp-json\/wp\/v2\/product_tag?post=11659"},{"taxonomy":"industries_product","embeddable":true,"href":"https:\/\/www.anyload.com\/es\/wp-json\/wp\/v2\/industries_product?post=11659"},{"taxonomy":"application_product","embeddable":true,"href":"https:\/\/www.anyload.com\/es\/wp-json\/wp\/v2\/application_product?post=11659"}],"curies":[{"name":"wp","href":"https:\/\/api.w.org\/{rel}","templated":true}]}}