{"id":1141,"date":"2014-03-05T11:05:07","date_gmt":"2014-03-05T19:05:07","guid":{"rendered":"http:\/\/anyloadgroup.com\/?post_type=product&#038;p=1141"},"modified":"2026-02-27T16:40:07","modified_gmt":"2026-02-28T00:40:07","slug":"102dh-double-ended-beam-load-cell","status":"publish","type":"product","link":"https:\/\/www.anyload.com\/es\/producto\/102dh-double-ended-beam-load-cell\/","title":{"rendered":"102DH C\u00e9lula de carga de doble viga"},"content":{"rendered":"<p>La 102DH es una c\u00e9lula de carga de doble viga de cizallamiento con certificaci\u00f3n OIML y NTEP que ofrece una excelente precisi\u00f3n, fiabilidad y rentabilidad. Es intercambiable con Rice Lake RL70000, Vishay Revere 5103 y Sensortronics 60058. El producto es ideal para aplicaciones pesadas, como pesaje de silos y tanques, b\u00e1sculas puente, pesaje a bordo y pesaje de plataformas. A <a href=\"https:\/\/www.anyload.com\/es\/producto\/102dhm3-compression-weigh-module\/\"><span style=\"text-decoration: underline;\"><span style=\"color: #3366ff; text-decoration: underline;\">M\u00f3dulo de pesaje por compresi\u00f3n disponible<\/span><\/span><\/a> de Anyload que, protege la c\u00e9lula de carga, minimiza la carga descentrada y compensa la dilataci\u00f3n t\u00e9rmica, todo ello para proporcionar el entorno de pesaje ideal.<\/p>","protected":false},"excerpt":{"rendered":"<div class=\"product-desc\">\n<p>La 102DH es una c\u00e9lula de carga de doble viga de cizallamiento con certificaci\u00f3n OIML y NTEP que ofrece una excelente precisi\u00f3n, fiabilidad y rentabilidad. Es intercambiable con Rice Lake RL70000, Vishay Revere 5103 y Sensortronics 60058. El producto es ideal para aplicaciones pesadas, como pesaje de silos y tanques, b\u00e1sculas puente, pesaje a bordo y pesaje de plataformas. A <a href=\"https:\/\/www.anyload.com\/es\/producto\/102dhm3-compression-weigh-module\/\"><span style=\"text-decoration: underline;\"><span style=\"color: #3366ff; text-decoration: underline;\">M\u00f3dulo de pesaje por compresi\u00f3n disponible<\/span><\/span><\/a> de Anyload que, protege la c\u00e9lula de carga, minimiza la carga descentrada y compensa la dilataci\u00f3n t\u00e9rmica, todo ello para proporcionar el entorno de pesaje ideal.<\/p>\n<\/div>\n<div class=\"ds-btn-row\">\n  <a class=\"ds-btn\" href=\"https:\/\/www.anyload.com\/wp-content\/uploads\/2014\/03\/ANYLOAD-102DH-load-cell-transducer.pdf\" target=\"_blank\" rel=\"noopener\">Ficha de datos<\/a><br \/>\n  <a class=\"ds-btn\" href=\"https:\/\/www.anyload.com\/wp-content\/uploads\/2025\/02\/102DHM3-Module-Kit.pdf\" target=\"_blank\" rel=\"noopener\">Folleto<\/a><\/p>\n<\/div>","protected":false},"featured_media":34413,"template":"","meta":{"_acf_changed":false,"site-sidebar-layout":"default","site-content-layout":"default","ast-site-content-layout":"default","site-content-style":"default","site-sidebar-style":"default","ast-global-header-display":"","ast-banner-title-visibility":"","ast-main-header-display":"","ast-hfb-above-header-display":"","ast-hfb-below-header-display":"","ast-hfb-mobile-header-display":"","site-post-title":"","ast-breadcrumbs-content":"","ast-featured-img":"","footer-sml-layout":"","ast-disable-related-posts":"","theme-transparent-header-meta":"default","adv-header-id-meta":"","stick-header-meta":"default","header-above-stick-meta":"","header-main-stick-meta":"","header-below-stick-meta":"","astra-migrate-meta-layouts":"set","ast-page-background-enabled":"default","ast-page-background-meta":{"desktop":{"background-color":"var(--ast-global-color-4)","background-image":"","background-repeat":"repeat","background-position":"center center","background-size":"auto","background-attachment":"scroll","background-type":"","background-media":"","overlay-type":"","overlay-color":"","overlay-opacity":"","overlay-gradient":""},"tablet":{"background-color":"","background-image":"","background-repeat":"repeat","background-position":"center center","background-size":"auto","background-attachment":"scroll","background-type":"","background-media":"","overlay-type":"","overlay-color":"","overlay-opacity":"","overlay-gradient":""},"mobile":{"background-color":"","background-image":"","background-repeat":"repeat","background-position":"center center","background-size":"auto","background-attachment":"scroll","background-type":"","background-media":"","overlay-type":"","overlay-color":"","overlay-opacity":"","overlay-gradient":""}},"ast-content-background-meta":{"desktop":{"background-color":"var(--ast-global-color-5)","background-image":"","background-repeat":"repeat","background-position":"center center","background-size":"auto","background-attachment":"scroll","background-type":"","background-media":"","overlay-type":"","overlay-color":"","overlay-opacity":"","overlay-gradient":""},"tablet":{"background-color":"var(--ast-global-color-5)","background-image":"","background-repeat":"repeat","background-position":"center center","background-size":"auto","background-attachment":"scroll","background-type":"","background-media":"","overlay-type":"","overlay-color":"","overlay-opacity":"","overlay-gradient":""},"mobile":{"background-color":"var(--ast-global-color-5)","background-image":"","background-repeat":"repeat","background-position":"center center","background-size":"auto","background-attachment":"scroll","background-type":"","background-media":"","overlay-type":"","overlay-color":"","overlay-opacity":"","overlay-gradient":""}}},"product_brand":[],"product_cat":[31],"product_tag":[2852],"industries_product":[3312,3317,3314],"application_product":[3328,3322],"class_list":{"0":"post-1141","1":"product","2":"type-product","3":"status-publish","4":"has-post-thumbnail","6":"product_cat-double-ended-shear-beams","7":"product_tag-interchangeable","8":"pa_part-number-102dh-100klb","9":"pa_part-number-102dh-10klb","10":"pa_part-number-102dh-150klb","11":"pa_part-number-102dh-200klb","12":"pa_part-number-102dh-20klb","13":"pa_part-number-102dh-250klb","14":"pa_part-number-102dh-30klb","15":"pa_part-number-102dh-40klb","16":"pa_part-number-102dh-50klb","17":"pa_part-number-102dh-5klb","18":"pa_part-number-102dh-60klb","19":"pa_part-number-102dh-75klb","20":"industries_product-industry-agriculture-products","21":"industries_product-industry-concrete-products","22":"industries_product-livestock-products","23":"application_product-application-onboard-weighing-products","24":"application_product-application-tank-silo-products","25":"desktop-align-center","26":"tablet-align-left","27":"mobile-align-left","28":"ast-product-gallery-layout-horizontal-slider","29":"ast-product-gallery-with-no-image","30":"ast-magnify-disabled","31":"ast-product-single-variable","32":"ast-product-tabs-layout-horizontal","34":"first","35":"instock","36":"shipping-taxable","37":"purchasable","38":"product-type-variable"},"acf":[],"_links":{"self":[{"href":"https:\/\/www.anyload.com\/es\/wp-json\/wp\/v2\/product\/1141","targetHints":{"allow":["GET"]}}],"collection":[{"href":"https:\/\/www.anyload.com\/es\/wp-json\/wp\/v2\/product"}],"about":[{"href":"https:\/\/www.anyload.com\/es\/wp-json\/wp\/v2\/types\/product"}],"wp:featuredmedia":[{"embeddable":true,"href":"https:\/\/www.anyload.com\/es\/wp-json\/wp\/v2\/media\/34413"}],"wp:attachment":[{"href":"https:\/\/www.anyload.com\/es\/wp-json\/wp\/v2\/media?parent=1141"}],"wp:term":[{"taxonomy":"product_brand","embeddable":true,"href":"https:\/\/www.anyload.com\/es\/wp-json\/wp\/v2\/product_brand?post=1141"},{"taxonomy":"product_cat","embeddable":true,"href":"https:\/\/www.anyload.com\/es\/wp-json\/wp\/v2\/product_cat?post=1141"},{"taxonomy":"product_tag","embeddable":true,"href":"https:\/\/www.anyload.com\/es\/wp-json\/wp\/v2\/product_tag?post=1141"},{"taxonomy":"industries_product","embeddable":true,"href":"https:\/\/www.anyload.com\/es\/wp-json\/wp\/v2\/industries_product?post=1141"},{"taxonomy":"application_product","embeddable":true,"href":"https:\/\/www.anyload.com\/es\/wp-json\/wp\/v2\/application_product?post=1141"}],"curies":[{"name":"wp","href":"https:\/\/api.w.org\/{rel}","templated":true}]}}