{"id":10960,"date":"2016-03-07T09:21:04","date_gmt":"2016-03-07T17:21:04","guid":{"rendered":"http:\/\/www.anyload.com\/product\/102ds-double-ended-beam-load-cell\/"},"modified":"2026-02-27T16:37:12","modified_gmt":"2026-02-28T00:37:12","slug":"102ds-double-ended-beam-load-cell","status":"publish","type":"product","link":"https:\/\/www.anyload.com\/es\/producto\/102ds-double-ended-beam-load-cell\/","title":{"rendered":"102DS C\u00e9lula de carga de doble viga"},"content":{"rendered":"<p>La viga de cizallamiento de carga central de doble extremo de acero inoxidable IP68 resistente al agua y a la corrosi\u00f3n es una soluci\u00f3n de pesaje por compresi\u00f3n compacta, robusta y rentable para necesidades de pesaje de gran capacidad. Este producto se utiliza habitualmente en pesadoras de ejes, pesaje de tanques, b\u00e1sculas puente y muchas otras aplicaciones. A <span style=\"text-decoration: underline; color: #3366ff;\"><a style=\"color: #3366ff; text-decoration: underline;\" href=\"https:\/\/www.anyload.com\/es\/producto\/102dsm3-compression-weigh-module\/\">Tambi\u00e9n est\u00e1 disponible el m\u00f3dulo de pesaje por compresi\u00f3n (102DSM3)<\/a><\/span> de Anyload que, protege la c\u00e9lula de carga, minimiza la carga descentrada, protege del levantamiento y compensa la dilataci\u00f3n t\u00e9rmica, todo ello para proporcionar el entorno de pesaje ideal.<\/p>","protected":false},"excerpt":{"rendered":"<div class=\"product-desc\">\n<p>\nLa viga de cizallamiento de carga central de doble extremo de acero inoxidable IP68 resistente al agua y a la corrosi\u00f3n es una soluci\u00f3n de pesaje por compresi\u00f3n compacta, robusta y rentable para necesidades de pesaje de gran capacidad. Este producto se utiliza habitualmente en pesadoras de ejes, pesaje de tanques, b\u00e1sculas puente y muchas otras aplicaciones. A <span style=\"text-decoration: underline; color: #3366ff;\"><a style=\"color: #3366ff; text-decoration: underline;\" href=\"https:\/\/www.anyload.com\/es\/producto\/102dsm3-compression-weigh-module\/\">Tambi\u00e9n est\u00e1 disponible el m\u00f3dulo de pesaje por compresi\u00f3n (102DSM3)<\/a><\/span> de Anyload que, protege la c\u00e9lula de carga, minimiza la carga descentrada, protege del levantamiento y compensa la dilataci\u00f3n t\u00e9rmica, todo ello para proporcionar el entorno de pesaje ideal.\n<\/p>\n<\/div>\n<div class=\"ds-btn-row\">\n  <a class=\"ds-btn\" href=\"https:\/\/www.anyload.com\/wp-content\/uploads\/2016\/03\/ANYLOAD-102DS-load-cell-transducer.pdf\" target=\"_blank\" rel=\"noopener\">Ficha de datos<\/a><br \/>\n  <a class=\"ds-btn\" href=\"https:\/\/www.anyload.com\/wp-content\/uploads\/2025\/02\/102DSM3-Module-Kit.pdf\" target=\"_blank\" rel=\"noopener\">Folleto<\/a><\/p>\n<\/div>","protected":false},"featured_media":34414,"template":"","meta":{"_acf_changed":false,"site-sidebar-layout":"default","site-content-layout":"default","ast-site-content-layout":"default","site-content-style":"default","site-sidebar-style":"default","ast-global-header-display":"","ast-banner-title-visibility":"","ast-main-header-display":"","ast-hfb-above-header-display":"","ast-hfb-below-header-display":"","ast-hfb-mobile-header-display":"","site-post-title":"","ast-breadcrumbs-content":"","ast-featured-img":"","footer-sml-layout":"","ast-disable-related-posts":"","theme-transparent-header-meta":"default","adv-header-id-meta":"","stick-header-meta":"default","header-above-stick-meta":"","header-main-stick-meta":"","header-below-stick-meta":"","astra-migrate-meta-layouts":"set","ast-page-background-enabled":"default","ast-page-background-meta":{"desktop":{"background-color":"var(--ast-global-color-4)","background-image":"","background-repeat":"repeat","background-position":"center center","background-size":"auto","background-attachment":"scroll","background-type":"","background-media":"","overlay-type":"","overlay-color":"","overlay-opacity":"","overlay-gradient":""},"tablet":{"background-color":"","background-image":"","background-repeat":"repeat","background-position":"center center","background-size":"auto","background-attachment":"scroll","background-type":"","background-media":"","overlay-type":"","overlay-color":"","overlay-opacity":"","overlay-gradient":""},"mobile":{"background-color":"","background-image":"","background-repeat":"repeat","background-position":"center center","background-size":"auto","background-attachment":"scroll","background-type":"","background-media":"","overlay-type":"","overlay-color":"","overlay-opacity":"","overlay-gradient":""}},"ast-content-background-meta":{"desktop":{"background-color":"var(--ast-global-color-5)","background-image":"","background-repeat":"repeat","background-position":"center center","background-size":"auto","background-attachment":"scroll","background-type":"","background-media":"","overlay-type":"","overlay-color":"","overlay-opacity":"","overlay-gradient":""},"tablet":{"background-color":"var(--ast-global-color-5)","background-image":"","background-repeat":"repeat","background-position":"center center","background-size":"auto","background-attachment":"scroll","background-type":"","background-media":"","overlay-type":"","overlay-color":"","overlay-opacity":"","overlay-gradient":""},"mobile":{"background-color":"var(--ast-global-color-5)","background-image":"","background-repeat":"repeat","background-position":"center center","background-size":"auto","background-attachment":"scroll","background-type":"","background-media":"","overlay-type":"","overlay-color":"","overlay-opacity":"","overlay-gradient":""}}},"product_brand":[],"product_cat":[31,19],"product_tag":[2852],"industries_product":[],"application_product":[3328,3322],"class_list":{"0":"post-10960","1":"product","2":"type-product","3":"status-publish","4":"has-post-thumbnail","6":"product_cat-double-ended-shear-beams","7":"product_cat-load-cells-categories","8":"product_tag-interchangeable","9":"pa_part-number-102ds-100klb","10":"pa_part-number-102ds-10klb","11":"pa_part-number-102ds-150klb","12":"pa_part-number-102ds-15klb","13":"pa_part-number-102ds-200klb","14":"pa_part-number-102ds-20klb","15":"pa_part-number-102ds-30klb","16":"pa_part-number-102ds-40klb","17":"pa_part-number-102ds-50klb","18":"pa_part-number-102ds-5klb","19":"pa_part-number-102ds-60klb","20":"pa_part-number-102ds-75klb","21":"application_product-application-onboard-weighing-products","22":"application_product-application-tank-silo-products","23":"desktop-align-center","24":"tablet-align-left","25":"mobile-align-left","26":"ast-product-gallery-layout-horizontal-slider","27":"ast-product-gallery-with-no-image","28":"ast-magnify-disabled","29":"ast-product-single-variable","30":"ast-product-tabs-layout-horizontal","32":"first","33":"instock","34":"shipping-taxable","35":"purchasable","36":"product-type-variable"},"acf":[],"_links":{"self":[{"href":"https:\/\/www.anyload.com\/es\/wp-json\/wp\/v2\/product\/10960","targetHints":{"allow":["GET"]}}],"collection":[{"href":"https:\/\/www.anyload.com\/es\/wp-json\/wp\/v2\/product"}],"about":[{"href":"https:\/\/www.anyload.com\/es\/wp-json\/wp\/v2\/types\/product"}],"wp:featuredmedia":[{"embeddable":true,"href":"https:\/\/www.anyload.com\/es\/wp-json\/wp\/v2\/media\/34414"}],"wp:attachment":[{"href":"https:\/\/www.anyload.com\/es\/wp-json\/wp\/v2\/media?parent=10960"}],"wp:term":[{"taxonomy":"product_brand","embeddable":true,"href":"https:\/\/www.anyload.com\/es\/wp-json\/wp\/v2\/product_brand?post=10960"},{"taxonomy":"product_cat","embeddable":true,"href":"https:\/\/www.anyload.com\/es\/wp-json\/wp\/v2\/product_cat?post=10960"},{"taxonomy":"product_tag","embeddable":true,"href":"https:\/\/www.anyload.com\/es\/wp-json\/wp\/v2\/product_tag?post=10960"},{"taxonomy":"industries_product","embeddable":true,"href":"https:\/\/www.anyload.com\/es\/wp-json\/wp\/v2\/industries_product?post=10960"},{"taxonomy":"application_product","embeddable":true,"href":"https:\/\/www.anyload.com\/es\/wp-json\/wp\/v2\/application_product?post=10960"}],"curies":[{"name":"wp","href":"https:\/\/api.w.org\/{rel}","templated":true}]}}