{"id":1056,"date":"2014-03-05T10:28:47","date_gmt":"2014-03-05T18:28:47","guid":{"rendered":"http:\/\/anyloadgroup.com\/?post_type=product&#038;p=1056"},"modified":"2026-02-11T12:08:11","modified_gmt":"2026-02-11T20:08:11","slug":"563yh-single-ended-beam-load-cell","status":"publish","type":"product","link":"https:\/\/www.anyload.com\/es\/producto\/563yh-single-ended-beam-load-cell\/","title":{"rendered":"563YH C\u00e9lula de carga monohaz"},"content":{"rendered":"<p>The 563YH is an industry-standard and time-tested single-ended beam that is interchangeable with similar load cells on the market. The compact and low-profile design is suited for a variety of medium-capacity applications such as hopper weighing, platform scales, process weighing, and more. This cost-effective product is also frequently used in OEM applications. Compression weigh modules 563YHM2, 563YHM4-02 are available to facilitate installation for ideal loading, with easy-to-install mounting options, allowance for thermal expansion, and protection from irregular loading.<\/p>","protected":false},"excerpt":{"rendered":"<div class=\"product-desc\">\n<p>The 563YH is an industry-standard and time-tested single-ended beam that is interchangeable with similar load cells on the market. The compact and low-profile design is suited for a variety of medium-capacity applications such as hopper weighing, platform scales, process weighing, and more. This cost-effective product is also frequently used in OEM applications. Compression weigh modules (<span style=\"color: #333333;\"><a href=\"https:\/\/www.anyload.com\/es\/producto\/563yhm2-compression-weigh-module\/\"><span style=\"text-decoration: underline;\"><span style=\"color: #3366ff; text-decoration: underline;\">563YHM2<\/span><\/span><\/a> \/\u00a0<a href=\"https:\/\/www.anyload.com\/es\/producto\/563yhm4-02-compression-weigh-module\/\"><span style=\"text-decoration: underline;\"><span style=\"color: #3366ff; text-decoration: underline;\">563YHM4-02<\/span><\/span><\/a><\/span>) est\u00e1n disponibles para facilitar la instalaci\u00f3n para una carga ideal, con opciones de montaje f\u00e1ciles de instalar, tolerancia a la expansi\u00f3n t\u00e9rmica y protecci\u00f3n frente a cargas irregulares.\n<\/p>\n<div id=\"otter-more\" class=\"see-more-content\">\n<ul>\n<li>Material: Acero de aleaci\u00f3n<\/li>\n<li>Capacidades nominales: 100lb, 250lb, 500lb, 1Klb, 1.5Klb, 2Klb, 2.5Klb, LE2.5Klb, 4Klb, SE5Klb, 5Klb, 10Klb, 15Klb, 20Klb, 100kg, 200kg, 300kg, 500kg, 750kg, 1t, 1.5t, 2t, 2.5t, 3t, 5t, 10t, 20t<\/li>\n<li>Salida de escala completa: 3mV\/V\u00b1 0.25%<\/li>\n<li>Sobrecarga segura: 150%<\/li>\n<li>Sobrecarga de rotura: 300%<\/li>\n<li>Clasificaci\u00f3n IP: IP67<\/li>\n<li>250lb-2.5Klb &amp; 200kg-1t: hasta NTEP 1:5 000 Clase III, Celda Simple; NTEP 1:9 500 Clase III, Celda M\u00faltiple<br \/>\n4Klb-20Klb &amp; 2t-5t: hasta NTEP 1:6 000 Clase III, Celda \u00danica; NTEP 1:10 000 Clase III, Celda M\u00faltiple<\/li>\n<li>1Klb-5Klb &amp; 500kg-2,5t: hasta OIML MAA C4, Y=15 000;<br \/>\n10Klb-20Klb &amp; 3t-10t: hasta OIML MAA C6, Y=8 500<\/li>\n<li>Certificado CE, RoHS y Ex(NEPSI)<\/li>\n<li>ATEX, FM, IECEx disponibles bajo pedido<\/li>\n<\/ul><\/div>\n<p>  <a id=\"otter-toggle\" class=\"see-more-toggle\">M\u00e1s informaci\u00f3n<\/a><\/p>\n<\/div>\n<div class=\"ds-btn-row\">\n  <a class=\"ds-btn\" href=\"https:\/\/www.anyload.com\/wp-content\/uploads\/2014\/03\/ANYLOAD-563YH-load-cell-transducer.pdf\" target=\"_blank\" rel=\"noopener\">Ficha de datos<\/a>\n<\/div>","protected":false},"featured_media":34232,"template":"","meta":{"_acf_changed":false,"site-sidebar-layout":"default","site-content-layout":"default","ast-site-content-layout":"default","site-content-style":"default","site-sidebar-style":"default","ast-global-header-display":"","ast-banner-title-visibility":"","ast-main-header-display":"","ast-hfb-above-header-display":"","ast-hfb-below-header-display":"","ast-hfb-mobile-header-display":"","site-post-title":"","ast-breadcrumbs-content":"","ast-featured-img":"","footer-sml-layout":"","ast-disable-related-posts":"","theme-transparent-header-meta":"default","adv-header-id-meta":"","stick-header-meta":"default","header-above-stick-meta":"","header-main-stick-meta":"","header-below-stick-meta":"","astra-migrate-meta-layouts":"set","ast-page-background-enabled":"default","ast-page-background-meta":{"desktop":{"background-color":"var(--ast-global-color-4)","background-image":"","background-repeat":"repeat","background-position":"center center","background-size":"auto","background-attachment":"scroll","background-type":"","background-media":"","overlay-type":"","overlay-color":"","overlay-opacity":"","overlay-gradient":""},"tablet":{"background-color":"","background-image":"","background-repeat":"repeat","background-position":"center center","background-size":"auto","background-attachment":"scroll","background-type":"","background-media":"","overlay-type":"","overlay-color":"","overlay-opacity":"","overlay-gradient":""},"mobile":{"background-color":"","background-image":"","background-repeat":"repeat","background-position":"center center","background-size":"auto","background-attachment":"scroll","background-type":"","background-media":"","overlay-type":"","overlay-color":"","overlay-opacity":"","overlay-gradient":""}},"ast-content-background-meta":{"desktop":{"background-color":"var(--ast-global-color-5)","background-image":"","background-repeat":"repeat","background-position":"center center","background-size":"auto","background-attachment":"scroll","background-type":"","background-media":"","overlay-type":"","overlay-color":"","overlay-opacity":"","overlay-gradient":""},"tablet":{"background-color":"var(--ast-global-color-5)","background-image":"","background-repeat":"repeat","background-position":"center center","background-size":"auto","background-attachment":"scroll","background-type":"","background-media":"","overlay-type":"","overlay-color":"","overlay-opacity":"","overlay-gradient":""},"mobile":{"background-color":"var(--ast-global-color-5)","background-image":"","background-repeat":"repeat","background-position":"center center","background-size":"auto","background-attachment":"scroll","background-type":"","background-media":"","overlay-type":"","overlay-color":"","overlay-opacity":"","overlay-gradient":""}}},"product_brand":[],"product_cat":[19,20],"product_tag":[2852],"industries_product":[3317,3319],"application_product":[3327,3323,3328,3324,3322],"class_list":{"0":"post-1056","1":"product","2":"type-product","3":"status-publish","4":"has-post-thumbnail","6":"product_cat-load-cells-categories","7":"product_cat-single-ended-shear-beams","8":"product_tag-interchangeable","9":"pa_part-number-563yh-1-5klb","10":"pa_part-number-563yh-100kg","11":"pa_part-number-563yh-100lb","12":"pa_part-number-563yh-10klb","13":"pa_part-number-563yh-10t","14":"pa_part-number-563yh-15klb","15":"pa_part-number-563yh-1klb","16":"pa_part-number-563yh-1t","17":"pa_part-number-563yh-2-5klb","18":"pa_part-number-563yh-2-5t","19":"pa_part-number-563yh-200kg","20":"pa_part-number-563yh-20klb","21":"pa_part-number-563yh-20t","22":"pa_part-number-563yh-250lb","23":"pa_part-number-563yh-2klb","24":"pa_part-number-563yh-2t","25":"pa_part-number-563yh-300kg","26":"pa_part-number-563yh-3t","27":"pa_part-number-563yh-4klb","28":"pa_part-number-563yh-500kg","29":"pa_part-number-563yh-500lb","30":"pa_part-number-563yh-5klb","31":"pa_part-number-563yh-5t","32":"pa_part-number-563yh-750kg","33":"pa_part-number-563yh-le2-5klb","34":"pa_part-number-563yh-se5klb","35":"industries_product-industry-concrete-products","36":"industries_product-industry-packaging-products","37":"application_product-application-checkweighing-products","38":"application_product-application-low-capacity-hopper-products","39":"application_product-application-onboard-weighing-products","40":"application_product-application-platform-products","41":"application_product-application-tank-silo-products","42":"desktop-align-center","43":"tablet-align-left","44":"mobile-align-left","45":"ast-product-gallery-layout-horizontal-slider","46":"ast-product-gallery-with-no-image","47":"ast-magnify-disabled","48":"ast-product-single-variable","49":"ast-product-tabs-layout-horizontal","51":"first","52":"instock","53":"shipping-taxable","54":"purchasable","55":"product-type-variable"},"acf":[],"_links":{"self":[{"href":"https:\/\/www.anyload.com\/es\/wp-json\/wp\/v2\/product\/1056","targetHints":{"allow":["GET"]}}],"collection":[{"href":"https:\/\/www.anyload.com\/es\/wp-json\/wp\/v2\/product"}],"about":[{"href":"https:\/\/www.anyload.com\/es\/wp-json\/wp\/v2\/types\/product"}],"wp:featuredmedia":[{"embeddable":true,"href":"https:\/\/www.anyload.com\/es\/wp-json\/wp\/v2\/media\/34232"}],"wp:attachment":[{"href":"https:\/\/www.anyload.com\/es\/wp-json\/wp\/v2\/media?parent=1056"}],"wp:term":[{"taxonomy":"product_brand","embeddable":true,"href":"https:\/\/www.anyload.com\/es\/wp-json\/wp\/v2\/product_brand?post=1056"},{"taxonomy":"product_cat","embeddable":true,"href":"https:\/\/www.anyload.com\/es\/wp-json\/wp\/v2\/product_cat?post=1056"},{"taxonomy":"product_tag","embeddable":true,"href":"https:\/\/www.anyload.com\/es\/wp-json\/wp\/v2\/product_tag?post=1056"},{"taxonomy":"industries_product","embeddable":true,"href":"https:\/\/www.anyload.com\/es\/wp-json\/wp\/v2\/industries_product?post=1056"},{"taxonomy":"application_product","embeddable":true,"href":"https:\/\/www.anyload.com\/es\/wp-json\/wp\/v2\/application_product?post=1056"}],"curies":[{"name":"wp","href":"https:\/\/api.w.org\/{rel}","templated":true}]}}