{"id":35208,"date":"2025-01-15T13:00:17","date_gmt":"2025-01-15T21:00:17","guid":{"rendered":"https:\/\/www.anyload.com\/?page_id=35208"},"modified":"2026-01-06T11:56:50","modified_gmt":"2026-01-06T19:56:50","slug":"gravimetric-blender-weighing","status":"publish","type":"page","link":"https:\/\/www.anyload.com\/es\/case-studies\/gravimetric-blender-weighing\/","title":{"rendered":"Pesaje Gravim\u00e9trico de Mezclas"},"content":{"rendered":"<div data-elementor-type=\"wp-page\" data-elementor-id=\"35208\" class=\"elementor elementor-35208\" data-elementor-post-type=\"page\">\n\t\t\t\t<div class=\"elementor-element elementor-element-2d330d6 e-flex e-con-boxed e-con e-parent\" data-id=\"2d330d6\" data-element_type=\"container\" data-e-type=\"container\">\n\t\t\t\t\t<div class=\"e-con-inner\">\n\t\t<div class=\"elementor-element elementor-element-2a80b84 e-con-full e-flex e-con e-child\" data-id=\"2a80b84\" data-element_type=\"container\" data-e-type=\"container\">\n\t\t\t\t<div class=\"elementor-element elementor-element-99e36d6 elementor-widget elementor-widget-woocommerce-breadcrumb\" data-id=\"99e36d6\" data-element_type=\"widget\" data-e-type=\"widget\" data-widget_type=\"woocommerce-breadcrumb.default\">\n\t\t\t\t<div class=\"elementor-widget-container\">\n\t\t\t\t\t<nav class=\"woocommerce-breadcrumb\" aria-label=\"Breadcrumb\" data-no-translation=\"\" data-trp-gettext=\"\">Inicio<\/nav>\t\t\t\t<\/div>\n\t\t\t\t<\/div>\n\t\t\t\t<\/div>\n\t\t\t\t\t<\/div>\n\t\t\t\t<\/div>\n\t\t<div class=\"elementor-element elementor-element-cb1f4b0 e-grid e-con-boxed e-con e-parent\" data-id=\"cb1f4b0\" data-element_type=\"container\" data-e-type=\"container\">\n\t\t\t\t\t<div class=\"e-con-inner\">\n\t\t<div class=\"elementor-element elementor-element-bf98186 e-con-full e-flex e-con e-child\" data-id=\"bf98186\" data-element_type=\"container\" data-e-type=\"container\">\n\t\t\t\t<div class=\"elementor-element elementor-element-05f8a61 elementor-widget elementor-widget-heading\" data-id=\"05f8a61\" data-element_type=\"widget\" data-e-type=\"widget\" data-widget_type=\"heading.default\">\n\t\t\t\t<div class=\"elementor-widget-container\">\n\t\t\t\t\t<h1 class=\"elementor-heading-title elementor-size-xxl\">Mezclador gravim\u00e9trico<br> Pesaje<\/h1>\t\t\t\t<\/div>\n\t\t\t\t<\/div>\n\t\t\t\t<div class=\"elementor-element elementor-element-f3f98d4 elementor-widget elementor-widget-text-editor\" data-id=\"f3f98d4\" data-element_type=\"widget\" data-e-type=\"widget\" data-widget_type=\"text-editor.default\">\n\t\t\t\t<div class=\"elementor-widget-container\">\n\t\t\t\t\t\t\t\t\t<p><span data-teams=\"true\"><span class=\"ui-provider a b c d e f g h i j k l m n o p q r s t u v w x y z ab ac ae af ag ah ai aj ak\" dir=\"ltr\">Load Cell for Gravimetric Mixture Blender<\/span><\/span><\/p>\t\t\t\t\t\t\t\t<\/div>\n\t\t\t\t<\/div>\n\t\t\t\t<div class=\"elementor-element elementor-element-da33201 elementor-widget elementor-widget-text-editor\" data-id=\"da33201\" data-element_type=\"widget\" data-e-type=\"widget\" data-widget_type=\"text-editor.default\">\n\t\t\t\t<div class=\"elementor-widget-container\">\n\t\t\t\t\t\t\t\t\t<p>Gravimetric blenders play a crucial role in industries where precisely monitoring the mixture quantities is required, such as in plastics manufacturing or medicinal processing. Being able to accurately meter raw materials such as fine or coarse powders, resin, regrinds, colouring agents, and other additives ensures efficiency and consistency in the output product. The stringent accuracy requirements demand a load cell that excels in off-centre loading and precision weighing of hopper content.<\/p>\t\t\t\t\t\t\t\t<\/div>\n\t\t\t\t<\/div>\n\t\t\t\t<div class=\"elementor-element elementor-element-6e46c79 elementor-widget elementor-widget-heading\" data-id=\"6e46c79\" data-element_type=\"widget\" data-e-type=\"widget\" data-widget_type=\"heading.default\">\n\t\t\t\t<div class=\"elementor-widget-container\">\n\t\t\t\t\t<h2 class=\"elementor-heading-title elementor-size-default\">Desaf\u00edo<\/h2>\t\t\t\t<\/div>\n\t\t\t\t<\/div>\n\t\t\t\t<div class=\"elementor-element elementor-element-3b62c10 elementor-widget elementor-widget-text-editor\" data-id=\"3b62c10\" data-element_type=\"widget\" data-e-type=\"widget\" data-widget_type=\"text-editor.default\">\n\t\t\t\t<div class=\"elementor-widget-container\">\n\t\t\t\t\t\t\t\t\t<ol><li><strong>High Accuracy:<\/strong> The system must be able to consistently deliver precise ingredient doses of materials varying in density, constitution, and at variable flow rates.<\/li><li><strong>Vibration and Impact Management:<\/strong> Load cells must maintain accuracy in a dynamic environment susceptible to disturbance caused by the mixing chamber or adjacent machinery.<\/li><li><strong>Compact Form Factor:<\/strong> Load cells must mount to the hopper above the blender without exceeding the pre-existing packaging constraints imposed by the machine.<\/li><\/ol>\t\t\t\t\t\t\t\t<\/div>\n\t\t\t\t<\/div>\n\t\t\t\t<div class=\"elementor-element elementor-element-2a920aa elementor-widget elementor-widget-heading\" data-id=\"2a920aa\" data-element_type=\"widget\" data-e-type=\"widget\" data-widget_type=\"heading.default\">\n\t\t\t\t<div class=\"elementor-widget-container\">\n\t\t\t\t\t<h2 class=\"elementor-heading-title elementor-size-default\">Soluci\u00f3n<\/h2>\t\t\t\t<\/div>\n\t\t\t\t<\/div>\n\t\t\t\t<div class=\"elementor-element elementor-element-bd55d4e elementor-widget elementor-widget-text-editor\" data-id=\"bd55d4e\" data-element_type=\"widget\" data-e-type=\"widget\" data-widget_type=\"text-editor.default\">\n\t\t\t\t<div class=\"elementor-widget-container\">\n\t\t\t\t\t\t\t\t\t<ol>\n \t<li>El sensor utiliza galgas extensom\u00e9tricas personalizadas de alta y baja temperatura, con compensaci\u00f3n de temperatura a\u00f1adida y pruebas de fatiga para garantizar la estabilidad de los datos.<\/li><br>\n \t<li>Incorpora materiales especializados sellados al vac\u00edo con excelente aislamiento el\u00e9ctrico, estabilidad qu\u00edmica, amplio rango de temperaturas y baja volatilidad. Los materiales elast\u00f3meros se someten a un pulido e inspecci\u00f3n especiales, y se utilizan cables de vac\u00edo de calidad aeroespacial para que el sensor pueda funcionar en un entorno de vac\u00edo.<\/li><br>\n \t<li>Se emplea un sistema de sellado de tres capas, que incluye la protecci\u00f3n de la galga extensom\u00e9trica, dos capas de sellado de material al vac\u00edo y el sellado de la tapa. Esta protecci\u00f3n multicapa evita eficazmente que la humedad afecte al rendimiento del sensor.<\/li>\n<\/ol>\t\t\t\t\t\t\t\t<\/div>\n\t\t\t\t<\/div>\n\t\t\t\t<div class=\"elementor-element elementor-element-09dd477 elementor-button-warning elementor-align-justify elementor-widget__width-initial elementor-widget elementor-widget-button\" data-id=\"09dd477\" data-element_type=\"widget\" data-e-type=\"widget\" data-widget_type=\"button.default\">\n\t\t\t\t<div class=\"elementor-widget-container\">\n\t\t\t\t\t\t\t\t\t<div class=\"elementor-button-wrapper\">\n\t\t\t\t\t<a class=\"elementor-button elementor-button-link elementor-size-sm\" href=\"https:\/\/www.anyload.com\/es\/custom-solutions\/request-custom-solutions\/\">\n\t\t\t\t\t\t<span class=\"elementor-button-content-wrapper\">\n\t\t\t\t\t\t\t\t\t<span class=\"elementor-button-text\">ENVIAR CONSULTA<\/span>\n\t\t\t\t\t<\/span>\n\t\t\t\t\t<\/a>\n\t\t\t\t<\/div>\n\t\t\t\t\t\t\t\t<\/div>\n\t\t\t\t<\/div>\n\t\t\t\t<div class=\"elementor-element elementor-element-75343be elementor-widget elementor-widget-heading\" data-id=\"75343be\" data-element_type=\"widget\" data-e-type=\"widget\" data-widget_type=\"heading.default\">\n\t\t\t\t<div class=\"elementor-widget-container\">\n\t\t\t\t\t<h2 class=\"elementor-heading-title elementor-size-default\">Conclusi\u00f3n<\/h2>\t\t\t\t<\/div>\n\t\t\t\t<\/div>\n\t\t\t\t<div class=\"elementor-element elementor-element-35b7d8a elementor-widget elementor-widget-text-editor\" data-id=\"35b7d8a\" data-element_type=\"widget\" data-e-type=\"widget\" data-widget_type=\"text-editor.default\">\n\t\t\t\t<div class=\"elementor-widget-container\">\n\t\t\t\t\t\t\t\t\t<ol>\n \t<li>Ensures \u00b10.03% accuracy for consistent mixtures and efficiency.<\/li><br>\n \t<li>Compact design maximizes vertical space, minimizes horizontal area, and fits diverse hopper designs.<\/li><br>\n \t<li>Handles eccentric loading effectively.<\/li><br>\n \t<li>Constructed with high-strength aluminum alloy for durability, vibration resistance, and cost-efficiency.<\/li><br>\n \t<li>Single-point design eliminates the need for junction boxes, enabling easy installation with accurate readouts.<\/li><br>\n \t<li>Optimized structural aspect ratio enhances torsion resistance.<\/li>\n<\/ol>\t\t\t\t\t\t\t\t<\/div>\n\t\t\t\t<\/div>\n\t\t\t\t<\/div>\n\t\t<div class=\"elementor-element elementor-element-6edbe71 e-con-full e-flex e-con e-child\" data-id=\"6edbe71\" data-element_type=\"container\" data-e-type=\"container\">\n\t\t\t\t<div class=\"elementor-element elementor-element-c994d8e elementor-widget elementor-widget-image\" data-id=\"c994d8e\" data-element_type=\"widget\" data-e-type=\"widget\" data-widget_type=\"image.default\">\n\t\t\t\t<div class=\"elementor-widget-container\">\n\t\t\t\t\t\t\t\t\t\t\t\t<figure class=\"wp-caption\">\n\t\t\t\t\t\t\t\t\t\t<img decoding=\"async\" src=\"https:\/\/www.anyload.com\/wp-content\/uploads\/2025\/01\/Gravimetric-Blender-Mixture-Weighing.png\" title=\"Pesaje Gravim\u00e9trico de Mezclas\" alt=\"Pesaje Gravim\u00e9trico de Mezclas\" loading=\"lazy\" \/>\t\t\t\t\t\t\t\t\t\t\t<figcaption class=\"widget-image-caption wp-caption-text\"><\/figcaption>\n\t\t\t\t\t\t\t\t\t\t<\/figure>\n\t\t\t\t\t\t\t\t\t<\/div>\n\t\t\t\t<\/div>\n\t\t\t\t<div class=\"elementor-element elementor-element-434e718 elementor-widget elementor-widget-image\" data-id=\"434e718\" data-element_type=\"widget\" data-e-type=\"widget\" data-widget_type=\"image.default\">\n\t\t\t\t<div class=\"elementor-widget-container\">\n\t\t\t\t\t\t\t\t\t\t\t\t\t\t\t<img fetchpriority=\"high\" decoding=\"async\" width=\"1024\" height=\"576\" src=\"https:\/\/www.anyload.com\/wp-content\/uploads\/2025\/01\/Gravimetric-Blender-Grid-1024x576.webp\" class=\"attachment-large size-large wp-image-35201\" alt=\"\" srcset=\"https:\/\/www.anyload.com\/wp-content\/uploads\/2025\/01\/Gravimetric-Blender-Grid-1024x576.webp 1024w, https:\/\/www.anyload.com\/wp-content\/uploads\/2025\/01\/Gravimetric-Blender-Grid-450x253.webp 450w, https:\/\/www.anyload.com\/wp-content\/uploads\/2025\/01\/Gravimetric-Blender-Grid-768x432.webp 768w, https:\/\/www.anyload.com\/wp-content\/uploads\/2025\/01\/Gravimetric-Blender-Grid-1536x864.webp 1536w, https:\/\/www.anyload.com\/wp-content\/uploads\/2025\/01\/Gravimetric-Blender-Grid-2048x1152.webp 2048w, https:\/\/www.anyload.com\/wp-content\/uploads\/2025\/01\/Gravimetric-Blender-Grid-500x281.webp 500w\" sizes=\"(max-width: 1024px) 100vw, 1024px\" \/>\t\t\t\t\t\t\t\t\t\t\t\t\t\t\t<\/div>\n\t\t\t\t<\/div>\n\t\t\t\t<\/div>\n\t\t\t\t\t<\/div>\n\t\t\t\t<\/div>\n\t\t<div class=\"elementor-element elementor-element-48b47f9 e-con-full e-flex e-con e-parent\" data-id=\"48b47f9\" data-element_type=\"container\" data-e-type=\"container\">\n\t\t<div class=\"elementor-element elementor-element-06f3943 e-flex e-con-boxed e-con e-child\" data-id=\"06f3943\" data-element_type=\"container\" data-e-type=\"container\">\n\t\t\t\t\t<div class=\"e-con-inner\">\n\t\t\t\t<div class=\"elementor-element elementor-element-b2b8791 elementor-widget elementor-widget-heading\" data-id=\"b2b8791\" data-element_type=\"widget\" data-e-type=\"widget\" data-widget_type=\"heading.default\">\n\t\t\t\t<div class=\"elementor-widget-container\">\n\t\t\t\t\t<h3 class=\"elementor-heading-title elementor-size-default\">Productos destacados<\/h3>\t\t\t\t<\/div>\n\t\t\t\t<\/div>\n\t\t\t\t\t<\/div>\n\t\t\t\t<\/div>\n\t\t\t\t<\/div>\n\t\t<div class=\"elementor-element elementor-element-764358f e-con-full e-flex e-con e-parent\" data-id=\"764358f\" data-element_type=\"container\" data-e-type=\"container\">\n\t\t<div class=\"elementor-element elementor-element-18eddef e-con-full e-flex e-con e-child\" data-id=\"18eddef\" data-element_type=\"container\" data-e-type=\"container\">\n\t\t\t\t<div class=\"elementor-element elementor-element-3ada190 elementor-widget elementor-widget-heading\" data-id=\"3ada190\" data-element_type=\"widget\" data-e-type=\"widget\" data-widget_type=\"heading.default\">\n\t\t\t\t<div class=\"elementor-widget-container\">\n\t\t\t\t\t<h3 class=\"elementor-heading-title elementor-size-default\"><a href=\"https:\/\/www.anyload.com\/es\/producto\/108aa3mun-single-point-load-cell\/\" style=\"font-family: Pilat;font-size: 36px;color: #D52B1E;font-weight: 800\">108AA3MUN<\/a><br>\n\n<span style=\"font-family: Pilat;font-size: 28px;font-weight: 300;color: #2D2F36\">Single Ended Load Cell<\/span> \n\n\n<br>\n\n<a href=\"https:\/\/www.anyload.com\/es\/producto\/108aa3mun-single-point-load-cell\/\" style=\"font-family: AvenirLTStd;font-size: 15px;color: #1D4289;font-weight: normal\">V\u00e9ase la versi\u00f3n est\u00e1ndar.<\/a><br>\n\n\n<\/h3>\t\t\t\t<\/div>\n\t\t\t\t<\/div>\n\t\t\t\t<\/div>\n\t\t<div class=\"elementor-element elementor-element-82f9675 e-con-full e-flex e-con e-child\" data-id=\"82f9675\" data-element_type=\"container\" data-e-type=\"container\">\n\t\t\t\t<div class=\"elementor-element elementor-element-fb6e7db elementor-widget elementor-widget-image\" data-id=\"fb6e7db\" data-element_type=\"widget\" data-e-type=\"widget\" data-widget_type=\"image.default\">\n\t\t\t\t<div class=\"elementor-widget-container\">\n\t\t\t\t\t\t\t\t\t\t\t\t\t\t\t\t<a href=\"https:\/\/www.anyload.com\/es\/producto\/108aa3mun-single-point-load-cell\/\">\n\t\t\t\t\t\t\t<img decoding=\"async\" src=\"https:\/\/www.anyload.com\/wp-content\/uploads\/2020\/06\/108AA3MUN-ISO-scaled.jpg\" title=\"\" alt=\"\" loading=\"lazy\" \/>\t\t\t\t\t\t\t\t<\/a>\n\t\t\t\t\t\t\t\t\t\t\t\t\t\t\t<\/div>\n\t\t\t\t<\/div>\n\t\t\t\t<\/div>\n\t\t<div class=\"elementor-element elementor-element-0f763d2 e-con-full e-flex e-con e-child\" data-id=\"0f763d2\" data-element_type=\"container\" data-e-type=\"container\">\n\t\t\t\t<div class=\"elementor-element elementor-element-62830db elementor-widget elementor-widget-text-editor\" data-id=\"62830db\" data-element_type=\"widget\" data-e-type=\"widget\" data-widget_type=\"text-editor.default\">\n\t\t\t\t<div class=\"elementor-widget-container\">\n\t\t\t\t\t\t\t\t\t<p>Offering superior value and reliability, the 108AA3MUN is a robustly designed single-point load cell popularly used in packaging scales and other direct mounting applications. The 108AA3MUN is interchangeable with Vishay Tedea-Huntleigh 1010\/1015.<\/p><ul><li>Material: Aluminio, anodizado transparente<\/li><li>Rated Capacities: 3kg, 5kg, 10kg, 15kg, 20kg, 30kg, 50kg, 90kg<\/li><li>Salida a fondo de escala: 2mV\/V \u00b1 0,25%<\/li><li>Sobrecarga segura: 150% del fondo de escala<\/li><li>Sobrecarga de rotura: 300% del fondo de escala<\/li><li>Clasificaci\u00f3n IP: IP66<\/li><li>Certificado CE y RoHS<\/li><\/ul>\t\t\t\t\t\t\t\t<\/div>\n\t\t\t\t<\/div>\n\t\t\t\t<\/div>\n\t\t\t\t<\/div>\n\t\t<div class=\"elementor-element elementor-element-e4f22fd e-flex e-con-boxed e-con e-parent\" data-id=\"e4f22fd\" data-element_type=\"container\" data-e-type=\"container\" data-settings=\"{&quot;background_background&quot;:&quot;classic&quot;}\">\n\t\t\t\t\t<div class=\"e-con-inner\">\n\t\t<div class=\"elementor-element elementor-element-5ba5fba e-flex e-con-boxed e-con e-child\" data-id=\"5ba5fba\" data-element_type=\"container\" data-e-type=\"container\">\n\t\t\t\t\t<div class=\"e-con-inner\">\n\t\t\t\t<div class=\"elementor-element elementor-element-e49e170 elementor-widget elementor-widget-heading\" data-id=\"e49e170\" data-element_type=\"widget\" data-e-type=\"widget\" data-widget_type=\"heading.default\">\n\t\t\t\t<div class=\"elementor-widget-container\">\n\t\t\t\t\t<h4 class=\"elementor-heading-title elementor-size-xxl\"><a href=\"https:\/\/www.anyload.com\/es\/case-studies\/\" style=\"font-family: Pilat;font-weight: 600;font-size: 50px;text-decoration: none;color: inherit\">\n    Explorar casos pr\u00e1cticos\n<\/a><\/h4>\t\t\t\t<\/div>\n\t\t\t\t<\/div>\n\t\t\t\t\t<\/div>\n\t\t\t\t<\/div>\n\t\t<div class=\"elementor-element elementor-element-3aa123d e-grid e-con-boxed e-con e-child\" data-id=\"3aa123d\" data-element_type=\"container\" data-e-type=\"container\">\n\t\t\t\t\t<div class=\"e-con-inner\">\n\t\t\t\t<div class=\"elementor-element elementor-element-3243e25 elementor-position-top elementor-widget elementor-widget-image-box\" data-id=\"3243e25\" data-element_type=\"widget\" data-e-type=\"widget\" data-widget_type=\"image-box.default\">\n\t\t\t\t<div class=\"elementor-widget-container\">\n\t\t\t\t\t<div class=\"elementor-image-box-wrapper\"><figure class=\"elementor-image-box-img\"><a href=\"https:\/\/www.anyload.com\/es\/case-studies\/fertilizer-cart-weighing\/\" tabindex=\"-1\"><img decoding=\"async\" width=\"500\" height=\"330\" src=\"https:\/\/www.anyload.com\/wp-content\/uploads\/2024\/04\/Pull-Type-Fertilizer-Cart-Load-Cells-ANYLOAD-03-scaled-500x330.jpg\" class=\"attachment-woocommerce_single size-woocommerce_single wp-image-29072\" alt=\"Un carro de fertilizantes utilizando la c\u00e9lula de carga de viga de un solo extremo 563YS de Anyload.\" srcset=\"https:\/\/www.anyload.com\/wp-content\/uploads\/2024\/04\/Pull-Type-Fertilizer-Cart-Load-Cells-ANYLOAD-03-scaled-500x330.jpg 500w, https:\/\/www.anyload.com\/wp-content\/uploads\/2024\/04\/Pull-Type-Fertilizer-Cart-Load-Cells-ANYLOAD-03-scaled-450x297.jpg 450w, https:\/\/www.anyload.com\/wp-content\/uploads\/2024\/04\/Pull-Type-Fertilizer-Cart-Load-Cells-ANYLOAD-03-scaled-1024x677.jpg 1024w, https:\/\/www.anyload.com\/wp-content\/uploads\/2024\/04\/Pull-Type-Fertilizer-Cart-Load-Cells-ANYLOAD-03-scaled-768x508.jpg 768w, https:\/\/www.anyload.com\/wp-content\/uploads\/2024\/04\/Pull-Type-Fertilizer-Cart-Load-Cells-ANYLOAD-03-scaled-1536x1015.jpg 1536w, https:\/\/www.anyload.com\/wp-content\/uploads\/2024\/04\/Pull-Type-Fertilizer-Cart-Load-Cells-ANYLOAD-03-scaled-2048x1354.jpg 2048w\" sizes=\"(max-width: 500px) 100vw, 500px\" \/><\/a><\/figure><div class=\"elementor-image-box-content\"><h3 class=\"elementor-image-box-title\"><a href=\"https:\/\/www.anyload.com\/es\/case-studies\/fertilizer-cart-weighing\/\"><a href=\"https:\/\/www.anyload.com\/es\/case-studies\/fertilizer-cart-weighing\/\" style=\"font-family: Pilat;font-size: 20px;font-weight: 600\">Soluciones de pesaje agr\u00edcola<\/a><\/a><\/h3><p class=\"elementor-image-box-description\">C\u00f3mo utiliza la industria agr\u00edcola nuestra c\u00e9lula de carga para carros y equipos m\u00f3viles para obtener un resultado \u00f3ptimo<\/p><\/div><\/div>\t\t\t\t<\/div>\n\t\t\t\t<\/div>\n\t\t\t\t<div class=\"elementor-element elementor-element-ca32d98 elementor-position-top elementor-widget elementor-widget-image-box\" data-id=\"ca32d98\" data-element_type=\"widget\" data-e-type=\"widget\" data-widget_type=\"image-box.default\">\n\t\t\t\t<div class=\"elementor-widget-container\">\n\t\t\t\t\t<div class=\"elementor-image-box-wrapper\"><figure class=\"elementor-image-box-img\"><a href=\"https:\/\/www.anyload.com\/es\/case-studies\/wind-turbine-blades\/\" tabindex=\"-1\"><img decoding=\"async\" width=\"500\" height=\"329\" src=\"https:\/\/www.anyload.com\/wp-content\/uploads\/2024\/02\/Wind-Turbine-Weighing-Thumbnail-72-scaled.png\" class=\"attachment-woocommerce_single size-woocommerce_single wp-image-27878\" alt=\"\" srcset=\"https:\/\/www.anyload.com\/wp-content\/uploads\/2024\/02\/Wind-Turbine-Weighing-Thumbnail-72-scaled.png 2560w, https:\/\/www.anyload.com\/wp-content\/uploads\/2024\/02\/Wind-Turbine-Weighing-Thumbnail-72-450x296.png 450w\" sizes=\"(max-width: 500px) 100vw, 500px\" \/><\/a><\/figure><div class=\"elementor-image-box-content\"><h3 class=\"elementor-image-box-title\"><a href=\"https:\/\/www.anyload.com\/es\/case-studies\/wind-turbine-blades\/\"><a href=\"https:\/\/www.anyload.com\/es\/case-studies\/wind-turbine-blades\/\" style=\"font-family: Pilat;font-size: 20px;font-weight: 600\">Aumentar la vida \u00fatil de la turbina<\/a><\/a><\/h3><p class=\"elementor-image-box-description\">Soluci\u00f3n gravim\u00e9trica de garant\u00eda de calidad para estudios de palas de aerogeneradores<\/p><\/div><\/div>\t\t\t\t<\/div>\n\t\t\t\t<\/div>\n\t\t\t\t<div class=\"elementor-element elementor-element-c39cac7 elementor-position-top elementor-widget elementor-widget-image-box\" data-id=\"c39cac7\" data-element_type=\"widget\" data-e-type=\"widget\" data-widget_type=\"image-box.default\">\n\t\t\t\t<div class=\"elementor-widget-container\">\n\t\t\t\t\t<div class=\"elementor-image-box-wrapper\"><figure class=\"elementor-image-box-img\"><a href=\"https:\/\/www.anyload.com\/es\/case-studies\/bagging-machines\/\" tabindex=\"-1\"><img loading=\"lazy\" decoding=\"async\" width=\"2560\" height=\"1683\" src=\"https:\/\/www.anyload.com\/wp-content\/uploads\/2024\/02\/Explore-BaggingMachine.png\" class=\"attachment-full size-full wp-image-27886\" alt=\"\" srcset=\"https:\/\/www.anyload.com\/wp-content\/uploads\/2024\/02\/Explore-BaggingMachine.png 2560w, https:\/\/www.anyload.com\/wp-content\/uploads\/2024\/02\/Explore-BaggingMachine-500x329.png 500w, https:\/\/www.anyload.com\/wp-content\/uploads\/2024\/02\/Explore-BaggingMachine-450x296.png 450w, https:\/\/www.anyload.com\/wp-content\/uploads\/2024\/02\/Explore-BaggingMachine-1024x673.png 1024w, https:\/\/www.anyload.com\/wp-content\/uploads\/2024\/02\/Explore-BaggingMachine-768x505.png 768w, https:\/\/www.anyload.com\/wp-content\/uploads\/2024\/02\/Explore-BaggingMachine-1536x1010.png 1536w, https:\/\/www.anyload.com\/wp-content\/uploads\/2024\/02\/Explore-BaggingMachine-2048x1346.png 2048w\" sizes=\"(max-width: 2560px) 100vw, 2560px\" \/><\/a><\/figure><div class=\"elementor-image-box-content\"><h3 class=\"elementor-image-box-title\"><a href=\"https:\/\/www.anyload.com\/es\/case-studies\/bagging-machines\/\"><a href=\"https:\/\/www.anyload.com\/es\/case-studies\/bagging-machines\/\" style=\"font-family: Pilat;font-size: 20px;font-weight: 600\">C\u00e9lulas de carga para m\u00e1quinas llenadoras de bolsas<\/a><\/a><\/h3><p class=\"elementor-image-box-description\">Sistema de pesaje y control del llenado de bolsas y otros procesos para lograr la m\u00e1xima eficacia<\/p><\/div><\/div>\t\t\t\t<\/div>\n\t\t\t\t<\/div>\n\t\t\t\t<div class=\"elementor-element elementor-element-1b1b962 elementor-widget elementor-widget-spacer\" data-id=\"1b1b962\" data-element_type=\"widget\" data-e-type=\"widget\" data-widget_type=\"spacer.default\">\n\t\t\t\t<div class=\"elementor-widget-container\">\n\t\t\t\t\t\t\t<div class=\"elementor-spacer\">\n\t\t\t<div class=\"elementor-spacer-inner\"><\/div>\n\t\t<\/div>\n\t\t\t\t\t\t<\/div>\n\t\t\t\t<\/div>\n\t\t\t\t\t<\/div>\n\t\t\t\t<\/div>\n\t\t\t\t\t<\/div>\n\t\t\t\t<\/div>\n\t\t\t\t<\/div>","protected":false},"excerpt":{"rendered":"<p>Gravimetric Blender Weighing Load Cell for Gravimetric Mixture Blender Gravimetric blenders play a crucial role in industries where precisely monitoring [&hellip;]<\/p>","protected":false},"author":4,"featured_media":0,"parent":23213,"menu_order":0,"comment_status":"closed","ping_status":"closed","template":"","meta":{"_acf_changed":false,"site-sidebar-layout":"no-sidebar","site-content-layout":"page-builder","ast-site-content-layout":"full-width-container","site-content-style":"unboxed","site-sidebar-style":"unboxed","ast-global-header-display":"","ast-banner-title-visibility":"","ast-main-header-display":"","ast-hfb-above-header-display":"","ast-hfb-below-header-display":"","ast-hfb-mobile-header-display":"","site-post-title":"disabled","ast-breadcrumbs-content":"","ast-featured-img":"","footer-sml-layout":"","ast-disable-related-posts":"","theme-transparent-header-meta":"","adv-header-id-meta":"","stick-header-meta":"","header-above-stick-meta":"","header-main-stick-meta":"","header-below-stick-meta":"","astra-migrate-meta-layouts":"set","ast-page-background-enabled":"default","ast-page-background-meta":{"desktop":{"background-color":"var(--ast-global-color-4)","background-image":"","background-repeat":"repeat","background-position":"center center","background-size":"auto","background-attachment":"scroll","background-type":"","background-media":"","overlay-type":"","overlay-color":"","overlay-opacity":"","overlay-gradient":""},"tablet":{"background-color":"","background-image":"","background-repeat":"repeat","background-position":"center center","background-size":"auto","background-attachment":"scroll","background-type":"","background-media":"","overlay-type":"","overlay-color":"","overlay-opacity":"","overlay-gradient":""},"mobile":{"background-color":"","background-image":"","background-repeat":"repeat","background-position":"center center","background-size":"auto","background-attachment":"scroll","background-type":"","background-media":"","overlay-type":"","overlay-color":"","overlay-opacity":"","overlay-gradient":""}},"ast-content-background-meta":{"desktop":{"background-color":"var(--ast-global-color-5)","background-image":"","background-repeat":"repeat","background-position":"center center","background-size":"auto","background-attachment":"scroll","background-type":"","background-media":"","overlay-type":"","overlay-color":"","overlay-opacity":"","overlay-gradient":""},"tablet":{"background-color":"var(--ast-global-color-5)","background-image":"","background-repeat":"repeat","background-position":"center center","background-size":"auto","background-attachment":"scroll","background-type":"","background-media":"","overlay-type":"","overlay-color":"","overlay-opacity":"","overlay-gradient":""},"mobile":{"background-color":"var(--ast-global-color-5)","background-image":"","background-repeat":"repeat","background-position":"center center","background-size":"auto","background-attachment":"scroll","background-type":"","background-media":"","overlay-type":"","overlay-color":"","overlay-opacity":"","overlay-gradient":""}},"footnotes":""},"class_list":["post-35208","page","type-page","status-publish","hentry"],"acf":[],"_links":{"self":[{"href":"https:\/\/www.anyload.com\/es\/wp-json\/wp\/v2\/pages\/35208","targetHints":{"allow":["GET"]}}],"collection":[{"href":"https:\/\/www.anyload.com\/es\/wp-json\/wp\/v2\/pages"}],"about":[{"href":"https:\/\/www.anyload.com\/es\/wp-json\/wp\/v2\/types\/page"}],"author":[{"embeddable":true,"href":"https:\/\/www.anyload.com\/es\/wp-json\/wp\/v2\/users\/4"}],"replies":[{"embeddable":true,"href":"https:\/\/www.anyload.com\/es\/wp-json\/wp\/v2\/comments?post=35208"}],"version-history":[{"count":3,"href":"https:\/\/www.anyload.com\/es\/wp-json\/wp\/v2\/pages\/35208\/revisions"}],"predecessor-version":[{"id":41828,"href":"https:\/\/www.anyload.com\/es\/wp-json\/wp\/v2\/pages\/35208\/revisions\/41828"}],"up":[{"embeddable":true,"href":"https:\/\/www.anyload.com\/es\/wp-json\/wp\/v2\/pages\/23213"}],"wp:attachment":[{"href":"https:\/\/www.anyload.com\/es\/wp-json\/wp\/v2\/media?parent=35208"}],"curies":[{"name":"wp","href":"https:\/\/api.w.org\/{rel}","templated":true}]}}