{"id":32127,"date":"2024-06-24T09:48:27","date_gmt":"2024-06-24T16:48:27","guid":{"rendered":"https:\/\/www.anyload.com\/?page_id=32127"},"modified":"2026-01-06T11:30:31","modified_gmt":"2026-01-06T19:30:31","slug":"oil-rig-platform-weighing","status":"publish","type":"page","link":"https:\/\/www.anyload.com\/es\/case-studies\/oil-rig-platform-weighing\/","title":{"rendered":"Pesaje de plataformas petrol\u00edferas"},"content":{"rendered":"<div data-elementor-type=\"wp-page\" data-elementor-id=\"32127\" class=\"elementor elementor-32127\" data-elementor-post-type=\"page\">\n\t\t\t\t<div class=\"elementor-element elementor-element-2d330d6 e-flex e-con-boxed e-con e-parent\" data-id=\"2d330d6\" data-element_type=\"container\" data-e-type=\"container\">\n\t\t\t\t\t<div class=\"e-con-inner\">\n\t\t<div class=\"elementor-element elementor-element-2a80b84 e-con-full e-flex e-con e-child\" data-id=\"2a80b84\" data-element_type=\"container\" data-e-type=\"container\">\n\t\t\t\t<div class=\"elementor-element elementor-element-99e36d6 elementor-widget elementor-widget-woocommerce-breadcrumb\" data-id=\"99e36d6\" data-element_type=\"widget\" data-e-type=\"widget\" data-widget_type=\"woocommerce-breadcrumb.default\">\n\t\t\t\t<div class=\"elementor-widget-container\">\n\t\t\t\t\t<nav class=\"woocommerce-breadcrumb\" aria-label=\"Breadcrumb\" data-no-translation=\"\" data-trp-gettext=\"\">Inicio<\/nav>\t\t\t\t<\/div>\n\t\t\t\t<\/div>\n\t\t\t\t<\/div>\n\t\t\t\t\t<\/div>\n\t\t\t\t<\/div>\n\t\t<div class=\"elementor-element elementor-element-cb1f4b0 e-grid e-con-boxed e-con e-parent\" data-id=\"cb1f4b0\" data-element_type=\"container\" data-e-type=\"container\">\n\t\t\t\t\t<div class=\"e-con-inner\">\n\t\t<div class=\"elementor-element elementor-element-bf98186 e-con-full e-flex e-con e-child\" data-id=\"bf98186\" data-element_type=\"container\" data-e-type=\"container\">\n\t\t\t\t<div class=\"elementor-element elementor-element-05f8a61 elementor-widget elementor-widget-heading\" data-id=\"05f8a61\" data-element_type=\"widget\" data-e-type=\"widget\" data-widget_type=\"heading.default\">\n\t\t\t\t<div class=\"elementor-widget-container\">\n\t\t\t\t\t<h1 class=\"elementor-heading-title elementor-size-xxl\">Pesaje de plataformas de perforaci\u00f3n en alta mar<\/h1>\t\t\t\t<\/div>\n\t\t\t\t<\/div>\n\t\t\t\t<div class=\"elementor-element elementor-element-82a1b4e elementor-widget elementor-widget-heading\" data-id=\"82a1b4e\" data-element_type=\"widget\" data-e-type=\"widget\" data-widget_type=\"heading.default\">\n\t\t\t\t<div class=\"elementor-widget-container\">\n\t\t\t\t\t<h2 class=\"elementor-heading-title elementor-size-default\">Soluci\u00f3n de pesaje para la construcci\u00f3n en la industria petrolera y del gas<\/h2>\t\t\t\t<\/div>\n\t\t\t\t<\/div>\n\t\t\t\t<div class=\"elementor-element elementor-element-da33201 elementor-widget elementor-widget-text-editor\" data-id=\"da33201\" data-element_type=\"widget\" data-e-type=\"widget\" data-widget_type=\"text-editor.default\">\n\t\t\t\t<div class=\"elementor-widget-container\">\n\t\t\t\t\t\t\t\t\t<p>Las c\u00e9lulas de carga ANYLOAD se utilizan para medir el peso y el centro de gravedad de grandes plataformas de perforaci\u00f3n en alta mar para el control de calidad de la superestructura, el cumplimiento de la normativa y para garantizar la seguridad durante el transporte y la explotaci\u00f3n.<\/p>\t\t\t\t\t\t\t\t<\/div>\n\t\t\t\t<\/div>\n\t\t\t\t<div class=\"elementor-element elementor-element-6e46c79 elementor-widget elementor-widget-heading\" data-id=\"6e46c79\" data-element_type=\"widget\" data-e-type=\"widget\" data-widget_type=\"heading.default\">\n\t\t\t\t<div class=\"elementor-widget-container\">\n\t\t\t\t\t<h2 class=\"elementor-heading-title elementor-size-default\">C\u00f3mo funciona:<\/h2>\t\t\t\t<\/div>\n\t\t\t\t<\/div>\n\t\t\t\t<div class=\"elementor-element elementor-element-3ba86e1 elementor-widget elementor-widget-text-editor\" data-id=\"3ba86e1\" data-element_type=\"widget\" data-e-type=\"widget\" data-widget_type=\"text-editor.default\">\n\t\t\t\t<div class=\"elementor-widget-container\">\n\t\t\t\t\t\t\t\t\t<ol><li><span style=\"color: #2d2f36;\">El constructor de plataformas petrol\u00edferas en alta mar debe conocer el peso neto y el centro de todo su producto final.<\/span><\/li><li>Durante el transporte de plataformas petrol\u00edferas terminadas a su destino previsto, el buque de transporte debe contar con el lastre adecuado para garantizar la estabilidad y la seguridad general mientras se desplaza en mar abierto.<\/li><li>Se requiere una soluci\u00f3n de bajo perfil que sea estable y no requiera un levantamiento significativo de la superestructura.<\/li><li>Hydraulics at &gt;50 points allows the superstructure to be raised and load cells inserted underneath.<\/li><li>A summing system for &gt;50 pre-calibrated load cells allowing for weight measurements to be captured for sections and individual units.<\/li><\/ol>\t\t\t\t\t\t\t\t<\/div>\n\t\t\t\t<\/div>\n\t\t\t\t<div class=\"elementor-element elementor-element-2b9b7d2 elementor-widget elementor-widget-heading\" data-id=\"2b9b7d2\" data-element_type=\"widget\" data-e-type=\"widget\" data-widget_type=\"heading.default\">\n\t\t\t\t<div class=\"elementor-widget-container\">\n\t\t\t\t\t<h2 class=\"elementor-heading-title elementor-size-default\">Soluci\u00f3n a medida<\/h2>\t\t\t\t<\/div>\n\t\t\t\t<\/div>\n\t\t\t\t<div class=\"elementor-element elementor-element-bd55d4e elementor-widget elementor-widget-text-editor\" data-id=\"bd55d4e\" data-element_type=\"widget\" data-e-type=\"widget\" data-widget_type=\"text-editor.default\">\n\t\t\t\t<div class=\"elementor-widget-container\">\n\t\t\t\t\t\t\t\t\t<p>ANYLOAD suministr\u00f3 todas las c\u00e9lulas de carga y los medios para gestionar la adquisici\u00f3n de datos de &gt;50 c\u00e9lulas de carga de forma individual, por secci\u00f3n y por total para permitir la captura eficaz de informaci\u00f3n sobre el peso y el centro de gravedad en una plataforma de perforaci\u00f3n petrol\u00edfera en alta mar ya terminada. <br \/><br \/>ANYLOAD suministra regularmente soluciones de pesaje y medici\u00f3n de fuerza para la industria del petr\u00f3leo y el gas, desde aplicaciones de capacidad superpesada como la que se muestra aqu\u00ed hasta otros sistemas, incluidos productos intr\u00ednsecamente seguros.<\/p>\t\t\t\t\t\t\t\t<\/div>\n\t\t\t\t<\/div>\n\t\t\t\t<div class=\"elementor-element elementor-element-09dd477 elementor-button-warning elementor-align-justify elementor-widget__width-initial elementor-widget elementor-widget-button\" data-id=\"09dd477\" data-element_type=\"widget\" data-e-type=\"widget\" data-widget_type=\"button.default\">\n\t\t\t\t<div class=\"elementor-widget-container\">\n\t\t\t\t\t\t\t\t\t<div class=\"elementor-button-wrapper\">\n\t\t\t\t\t<a class=\"elementor-button elementor-button-link elementor-size-sm\" href=\"https:\/\/www.anyload.com\/es\/custom-solutions\/request-custom-solutions\/\">\n\t\t\t\t\t\t<span class=\"elementor-button-content-wrapper\">\n\t\t\t\t\t\t\t\t\t<span class=\"elementor-button-text\">ENVIAR CONSULTA<\/span>\n\t\t\t\t\t<\/span>\n\t\t\t\t\t<\/a>\n\t\t\t\t<\/div>\n\t\t\t\t\t\t\t\t<\/div>\n\t\t\t\t<\/div>\n\t\t\t\t<\/div>\n\t\t<div class=\"elementor-element elementor-element-6edbe71 e-con-full e-flex e-con e-child\" data-id=\"6edbe71\" data-element_type=\"container\" data-e-type=\"container\" data-settings=\"{&quot;sticky&quot;:&quot;top&quot;,&quot;sticky_parent&quot;:&quot;yes&quot;,&quot;sticky_on&quot;:[&quot;desktop&quot;,&quot;tablet&quot;,&quot;mobile&quot;],&quot;sticky_offset&quot;:0,&quot;sticky_effects_offset&quot;:0,&quot;sticky_anchor_link_offset&quot;:0}\">\n\t\t\t\t<div class=\"elementor-element elementor-element-c994d8e elementor-widget elementor-widget-image\" data-id=\"c994d8e\" data-element_type=\"widget\" data-e-type=\"widget\" data-widget_type=\"image.default\">\n\t\t\t\t<div class=\"elementor-widget-container\">\n\t\t\t\t\t\t\t\t\t\t\t\t\t\t\t<img decoding=\"async\" src=\"https:\/\/www.anyload.com\/wp-content\/uploads\/2024\/06\/Oil-Platform-Weighing-scaled.webp\" title=\"Plataforma de pesaje de aceite\" alt=\"Plataforma de pesaje de aceite\" loading=\"lazy\" \/>\t\t\t\t\t\t\t\t\t\t\t\t\t\t\t<\/div>\n\t\t\t\t<\/div>\n\t\t\t\t<div class=\"elementor-element elementor-element-bf55d3b elementor-widget elementor-widget-image\" data-id=\"bf55d3b\" data-element_type=\"widget\" data-e-type=\"widget\" data-widget_type=\"image.default\">\n\t\t\t\t<div class=\"elementor-widget-container\">\n\t\t\t\t\t\t\t\t\t\t\t\t\t\t\t<img fetchpriority=\"high\" decoding=\"async\" width=\"1024\" height=\"682\" src=\"https:\/\/www.anyload.com\/wp-content\/uploads\/2024\/06\/Platform-Weighing-Compression-Load-Cell-scaled-1024x682.webp\" class=\"attachment-large size-large wp-image-32131\" alt=\"\" srcset=\"https:\/\/www.anyload.com\/wp-content\/uploads\/2024\/06\/Platform-Weighing-Compression-Load-Cell-scaled-1024x682.webp 1024w, https:\/\/www.anyload.com\/wp-content\/uploads\/2024\/06\/Platform-Weighing-Compression-Load-Cell-scaled-450x300.webp 450w, https:\/\/www.anyload.com\/wp-content\/uploads\/2024\/06\/Platform-Weighing-Compression-Load-Cell-scaled-768x512.webp 768w, https:\/\/www.anyload.com\/wp-content\/uploads\/2024\/06\/Platform-Weighing-Compression-Load-Cell-scaled-1536x1024.webp 1536w, https:\/\/www.anyload.com\/wp-content\/uploads\/2024\/06\/Platform-Weighing-Compression-Load-Cell-scaled-2048x1365.webp 2048w, https:\/\/www.anyload.com\/wp-content\/uploads\/2024\/06\/Platform-Weighing-Compression-Load-Cell-scaled-500x333.webp 500w\" sizes=\"(max-width: 1024px) 100vw, 1024px\" \/>\t\t\t\t\t\t\t\t\t\t\t\t\t\t\t<\/div>\n\t\t\t\t<\/div>\n\t\t\t\t<\/div>\n\t\t\t\t\t<\/div>\n\t\t\t\t<\/div>\n\t\t<div class=\"elementor-element elementor-element-48b47f9 e-flex e-con-boxed e-con e-parent\" data-id=\"48b47f9\" data-element_type=\"container\" data-e-type=\"container\">\n\t\t\t\t\t<div class=\"e-con-inner\">\n\t\t<div class=\"elementor-element elementor-element-06f3943 e-flex e-con-boxed e-con e-child\" data-id=\"06f3943\" data-element_type=\"container\" data-e-type=\"container\">\n\t\t\t\t\t<div class=\"e-con-inner\">\n\t\t\t\t<div class=\"elementor-element elementor-element-b2b8791 elementor-widget elementor-widget-heading\" data-id=\"b2b8791\" data-element_type=\"widget\" data-e-type=\"widget\" data-widget_type=\"heading.default\">\n\t\t\t\t<div class=\"elementor-widget-container\">\n\t\t\t\t\t<h3 class=\"elementor-heading-title elementor-size-default\">Productos destacados<\/h3>\t\t\t\t<\/div>\n\t\t\t\t<\/div>\n\t\t\t\t\t<\/div>\n\t\t\t\t<\/div>\n\t\t\t\t\t<\/div>\n\t\t\t\t<\/div>\n\t\t<div class=\"elementor-element elementor-element-764358f e-con-full e-flex e-con e-parent\" data-id=\"764358f\" data-element_type=\"container\" data-e-type=\"container\">\n\t\t<div class=\"elementor-element elementor-element-18eddef e-con-full e-flex e-con e-child\" data-id=\"18eddef\" data-element_type=\"container\" data-e-type=\"container\">\n\t\t\t\t<div class=\"elementor-element elementor-element-3ada190 elementor-widget elementor-widget-heading\" data-id=\"3ada190\" data-element_type=\"widget\" data-e-type=\"widget\" data-widget_type=\"heading.default\">\n\t\t\t\t<div class=\"elementor-widget-container\">\n\t\t\t\t\t<h3 class=\"elementor-heading-title elementor-size-default\"><a href=\"https:\/\/www.anyload.com\/es\/producto\/363yh-load-cell\/\" style=\"font-family: Pilat;font-size: 36px;color: #D52B1E;font-weight: 800\">363YH<\/a><br>\n\n<span style=\"font-family: Pilat;font-size: 28px;font-weight: 300;color: #2D2F36\">C\u00e9lula de carga de compresi\u00f3n de gran capacidad<\/span> \n\n\n<br>\n\n<a href=\"https:\/\/www.anyload.com\/es\/producto\/363yh-load-cell\/\" style=\"font-family: Open Sans;font-size: 15px;color: #1D4289;font-weight: normal\">V\u00e9ase la versi\u00f3n est\u00e1ndar.<\/a><br>\n\n\n<\/h3>\t\t\t\t<\/div>\n\t\t\t\t<\/div>\n\t\t\t\t<\/div>\n\t\t<div class=\"elementor-element elementor-element-82f9675 e-con-full e-flex e-con e-child\" data-id=\"82f9675\" data-element_type=\"container\" data-e-type=\"container\">\n\t\t\t\t<div class=\"elementor-element elementor-element-fb6e7db elementor-widget elementor-widget-image\" data-id=\"fb6e7db\" data-element_type=\"widget\" data-e-type=\"widget\" data-widget_type=\"image.default\">\n\t\t\t\t<div class=\"elementor-widget-container\">\n\t\t\t\t\t\t\t\t\t\t\t\t\t\t\t\t<a href=\"https:\/\/www.anyload.com\/es\/producto\/363yh-load-cell\/\">\n\t\t\t\t\t\t\t<img decoding=\"async\" width=\"450\" height=\"450\" src=\"https:\/\/www.anyload.com\/wp-content\/uploads\/2014\/03\/363YH-ISO-450x450.png\" class=\"attachment-medium size-medium wp-image-33023\" alt=\"\" srcset=\"https:\/\/www.anyload.com\/wp-content\/uploads\/2014\/03\/363YH-ISO-450x450.png 450w, https:\/\/www.anyload.com\/wp-content\/uploads\/2014\/03\/363YH-ISO-1024x1024.png 1024w, https:\/\/www.anyload.com\/wp-content\/uploads\/2014\/03\/363YH-ISO-150x150.png 150w, https:\/\/www.anyload.com\/wp-content\/uploads\/2014\/03\/363YH-ISO-768x768.png 768w, https:\/\/www.anyload.com\/wp-content\/uploads\/2014\/03\/363YH-ISO-1536x1536.png 1536w, https:\/\/www.anyload.com\/wp-content\/uploads\/2014\/03\/363YH-ISO-2048x2048.png 2048w, https:\/\/www.anyload.com\/wp-content\/uploads\/2014\/03\/363YH-ISO-500x500.png 500w, https:\/\/www.anyload.com\/wp-content\/uploads\/2014\/03\/363YH-ISO-100x100.png 100w\" sizes=\"(max-width: 450px) 100vw, 450px\" \/>\t\t\t\t\t\t\t\t<\/a>\n\t\t\t\t\t\t\t\t\t\t\t\t\t\t\t<\/div>\n\t\t\t\t<\/div>\n\t\t\t\t<\/div>\n\t\t<div class=\"elementor-element elementor-element-0f763d2 e-con-full e-flex e-con e-child\" data-id=\"0f763d2\" data-element_type=\"container\" data-e-type=\"container\">\n\t\t\t\t<div class=\"elementor-element elementor-element-62830db elementor-widget elementor-widget-text-editor\" data-id=\"62830db\" data-element_type=\"widget\" data-e-type=\"widget\" data-widget_type=\"text-editor.default\">\n\t\t\t\t<div class=\"elementor-widget-container\">\n\t\t\t\t\t\t\t\t\t<ul>\n \t<li style=\"text-align: left;\"><span style=\"white-space-collapse: preserve;\">Compacta y de perfil bajo para capacidades muy elevadas<\/span><\/li>\n \t<li style=\"text-align: left;\">Instalaci\u00f3n y mantenimiento sencillos<\/li>\n \t<li style=\"text-align: left;\">Asas para un manejo ergon\u00f3mico<\/li>\n<li style=\"text-align: left;\">Pesaje de muy alta capacidad (hasta 300 t de capacidad por c\u00e9lula) <\/li>\n<\/ul>\n<p style=\"text-align: left;\">La c\u00e9lula de carga de disco de compresi\u00f3n 363YH es una c\u00e9lula de carga de bajo perfil y alto factor de seguridad dise\u00f1ada para ser vers\u00e1til y funcionar con fiabilidad en condiciones dif\u00edciles. <\/p>\t\t\t\t\t\t\t\t<\/div>\n\t\t\t\t<\/div>\n\t\t\t\t<\/div>\n\t\t\t\t<\/div>\n\t\t<div class=\"elementor-element elementor-element-7164c90 e-flex e-con-boxed e-con e-parent\" data-id=\"7164c90\" data-element_type=\"container\" data-e-type=\"container\">\n\t\t\t\t\t<div class=\"e-con-inner\">\n\t\t\t\t\t<\/div>\n\t\t\t\t<\/div>\n\t\t<div class=\"elementor-element elementor-element-e4f22fd e-flex e-con-boxed e-con e-parent\" data-id=\"e4f22fd\" data-element_type=\"container\" data-e-type=\"container\" data-settings=\"{&quot;background_background&quot;:&quot;classic&quot;}\">\n\t\t\t\t\t<div class=\"e-con-inner\">\n\t\t<div class=\"elementor-element elementor-element-5ba5fba e-flex e-con-boxed e-con e-child\" data-id=\"5ba5fba\" data-element_type=\"container\" data-e-type=\"container\">\n\t\t\t\t\t<div class=\"e-con-inner\">\n\t\t\t\t<div class=\"elementor-element elementor-element-e49e170 elementor-widget elementor-widget-heading\" data-id=\"e49e170\" data-element_type=\"widget\" data-e-type=\"widget\" data-widget_type=\"heading.default\">\n\t\t\t\t<div class=\"elementor-widget-container\">\n\t\t\t\t\t<h4 class=\"elementor-heading-title elementor-size-xxl\"><a href=\"https:\/\/www.anyload.com\/es\/case-studies\/\" style=\"font-family: Pilat;font-weight: 600;font-size: 50px;text-decoration: none;color: inherit\">\n    Explorar casos pr\u00e1cticos\n<\/a><\/h4>\t\t\t\t<\/div>\n\t\t\t\t<\/div>\n\t\t\t\t\t<\/div>\n\t\t\t\t<\/div>\n\t\t<div class=\"elementor-element elementor-element-3aa123d e-grid e-con-boxed e-con e-child\" data-id=\"3aa123d\" data-element_type=\"container\" data-e-type=\"container\">\n\t\t\t\t\t<div class=\"e-con-inner\">\n\t\t\t\t<div class=\"elementor-element elementor-element-3243e25 elementor-position-top elementor-widget elementor-widget-image-box\" data-id=\"3243e25\" data-element_type=\"widget\" data-e-type=\"widget\" data-widget_type=\"image-box.default\">\n\t\t\t\t<div class=\"elementor-widget-container\">\n\t\t\t\t\t<div class=\"elementor-image-box-wrapper\"><figure class=\"elementor-image-box-img\"><a href=\"https:\/\/www.anyload.com\/es\/case-studies\/fertilizer-cart-weighing\/\" tabindex=\"-1\"><img decoding=\"async\" width=\"500\" height=\"330\" src=\"https:\/\/www.anyload.com\/wp-content\/uploads\/2024\/04\/Pull-Type-Fertilizer-Cart-Load-Cells-ANYLOAD-03-scaled-500x330.jpg\" class=\"attachment-woocommerce_single size-woocommerce_single wp-image-29072\" alt=\"Un carro de fertilizantes utilizando la c\u00e9lula de carga de viga de un solo extremo 563YS de Anyload.\" srcset=\"https:\/\/www.anyload.com\/wp-content\/uploads\/2024\/04\/Pull-Type-Fertilizer-Cart-Load-Cells-ANYLOAD-03-scaled-500x330.jpg 500w, https:\/\/www.anyload.com\/wp-content\/uploads\/2024\/04\/Pull-Type-Fertilizer-Cart-Load-Cells-ANYLOAD-03-scaled-450x297.jpg 450w, https:\/\/www.anyload.com\/wp-content\/uploads\/2024\/04\/Pull-Type-Fertilizer-Cart-Load-Cells-ANYLOAD-03-scaled-1024x677.jpg 1024w, https:\/\/www.anyload.com\/wp-content\/uploads\/2024\/04\/Pull-Type-Fertilizer-Cart-Load-Cells-ANYLOAD-03-scaled-768x508.jpg 768w, https:\/\/www.anyload.com\/wp-content\/uploads\/2024\/04\/Pull-Type-Fertilizer-Cart-Load-Cells-ANYLOAD-03-scaled-1536x1015.jpg 1536w, https:\/\/www.anyload.com\/wp-content\/uploads\/2024\/04\/Pull-Type-Fertilizer-Cart-Load-Cells-ANYLOAD-03-scaled-2048x1354.jpg 2048w\" sizes=\"(max-width: 500px) 100vw, 500px\" \/><\/a><\/figure><div class=\"elementor-image-box-content\"><h3 class=\"elementor-image-box-title\"><a href=\"https:\/\/www.anyload.com\/es\/case-studies\/fertilizer-cart-weighing\/\"><a href=\"https:\/\/www.anyload.com\/es\/case-studies\/fertilizer-cart-weighing\/\" style=\"font-family: Pilat;font-size: 20px;font-weight: 600\">Soluciones de pesaje agr\u00edcola<\/a><\/a><\/h3><p class=\"elementor-image-box-description\">C\u00f3mo utiliza la industria agr\u00edcola nuestra c\u00e9lula de carga para carros y equipos m\u00f3viles para obtener un resultado \u00f3ptimo<\/p><\/div><\/div>\t\t\t\t<\/div>\n\t\t\t\t<\/div>\n\t\t\t\t<div class=\"elementor-element elementor-element-ca32d98 elementor-position-top elementor-widget elementor-widget-image-box\" data-id=\"ca32d98\" data-element_type=\"widget\" data-e-type=\"widget\" data-widget_type=\"image-box.default\">\n\t\t\t\t<div class=\"elementor-widget-container\">\n\t\t\t\t\t<div class=\"elementor-image-box-wrapper\"><figure class=\"elementor-image-box-img\"><a href=\"https:\/\/www.anyload.com\/es\/case-studies\/wind-turbine-blades\/\" tabindex=\"-1\"><img loading=\"lazy\" decoding=\"async\" width=\"500\" height=\"329\" src=\"https:\/\/www.anyload.com\/wp-content\/uploads\/2024\/02\/Wind-Turbine-Weighing-Thumbnail-72-scaled.png\" class=\"attachment-woocommerce_single size-woocommerce_single wp-image-27878\" alt=\"\" srcset=\"https:\/\/www.anyload.com\/wp-content\/uploads\/2024\/02\/Wind-Turbine-Weighing-Thumbnail-72-scaled.png 2560w, https:\/\/www.anyload.com\/wp-content\/uploads\/2024\/02\/Wind-Turbine-Weighing-Thumbnail-72-450x296.png 450w\" sizes=\"(max-width: 500px) 100vw, 500px\" \/><\/a><\/figure><div class=\"elementor-image-box-content\"><h3 class=\"elementor-image-box-title\"><a href=\"https:\/\/www.anyload.com\/es\/case-studies\/wind-turbine-blades\/\"><a href=\"https:\/\/www.anyload.com\/es\/case-studies\/wind-turbine-blades\/\" style=\"font-family: Pilat;font-size: 20px;font-weight: 600\">Aumentar la vida \u00fatil de la turbina<\/a><\/a><\/h3><p class=\"elementor-image-box-description\">Soluci\u00f3n gravim\u00e9trica de garant\u00eda de calidad para estudios de palas de aerogeneradores<\/p><\/div><\/div>\t\t\t\t<\/div>\n\t\t\t\t<\/div>\n\t\t\t\t<div class=\"elementor-element elementor-element-c39cac7 elementor-position-top elementor-widget elementor-widget-image-box\" data-id=\"c39cac7\" data-element_type=\"widget\" data-e-type=\"widget\" data-widget_type=\"image-box.default\">\n\t\t\t\t<div class=\"elementor-widget-container\">\n\t\t\t\t\t<div class=\"elementor-image-box-wrapper\"><figure class=\"elementor-image-box-img\"><a href=\"https:\/\/www.anyload.com\/es\/case-studies\/bagging-machines\/\" tabindex=\"-1\"><img loading=\"lazy\" decoding=\"async\" width=\"2560\" height=\"1683\" src=\"https:\/\/www.anyload.com\/wp-content\/uploads\/2024\/02\/Explore-BaggingMachine.png\" class=\"attachment-full size-full wp-image-27886\" alt=\"\" srcset=\"https:\/\/www.anyload.com\/wp-content\/uploads\/2024\/02\/Explore-BaggingMachine.png 2560w, https:\/\/www.anyload.com\/wp-content\/uploads\/2024\/02\/Explore-BaggingMachine-500x329.png 500w, https:\/\/www.anyload.com\/wp-content\/uploads\/2024\/02\/Explore-BaggingMachine-450x296.png 450w, https:\/\/www.anyload.com\/wp-content\/uploads\/2024\/02\/Explore-BaggingMachine-1024x673.png 1024w, https:\/\/www.anyload.com\/wp-content\/uploads\/2024\/02\/Explore-BaggingMachine-768x505.png 768w, https:\/\/www.anyload.com\/wp-content\/uploads\/2024\/02\/Explore-BaggingMachine-1536x1010.png 1536w, https:\/\/www.anyload.com\/wp-content\/uploads\/2024\/02\/Explore-BaggingMachine-2048x1346.png 2048w\" sizes=\"(max-width: 2560px) 100vw, 2560px\" \/><\/a><\/figure><div class=\"elementor-image-box-content\"><h3 class=\"elementor-image-box-title\"><a href=\"https:\/\/www.anyload.com\/es\/case-studies\/bagging-machines\/\"><a href=\"https:\/\/www.anyload.com\/es\/case-studies\/bagging-machines\/\" style=\"font-family: Pilat;font-size: 20px;font-weight: 600\">C\u00e9lulas de carga para m\u00e1quinas llenadoras de bolsas<\/a><\/a><\/h3><p class=\"elementor-image-box-description\">Sistema de pesaje y control del llenado de bolsas y otros procesos para lograr la m\u00e1xima eficacia<\/p><\/div><\/div>\t\t\t\t<\/div>\n\t\t\t\t<\/div>\n\t\t\t\t<div class=\"elementor-element elementor-element-1b1b962 elementor-widget elementor-widget-spacer\" data-id=\"1b1b962\" data-element_type=\"widget\" data-e-type=\"widget\" data-widget_type=\"spacer.default\">\n\t\t\t\t<div class=\"elementor-widget-container\">\n\t\t\t\t\t\t\t<div class=\"elementor-spacer\">\n\t\t\t<div class=\"elementor-spacer-inner\"><\/div>\n\t\t<\/div>\n\t\t\t\t\t\t<\/div>\n\t\t\t\t<\/div>\n\t\t\t\t\t<\/div>\n\t\t\t\t<\/div>\n\t\t\t\t\t<\/div>\n\t\t\t\t<\/div>\n\t\t\t\t<\/div>","protected":false},"excerpt":{"rendered":"<p>Offshore Drilling Platform Weighing Oil &amp; Gas Industry Construction Weighing Solution ANYLOAD load cells are used to measure the weight [&hellip;]<\/p>","protected":false},"author":4,"featured_media":0,"parent":23213,"menu_order":0,"comment_status":"closed","ping_status":"closed","template":"","meta":{"_acf_changed":false,"site-sidebar-layout":"no-sidebar","site-content-layout":"page-builder","ast-site-content-layout":"full-width-container","site-content-style":"unboxed","site-sidebar-style":"unboxed","ast-global-header-display":"","ast-banner-title-visibility":"","ast-main-header-display":"","ast-hfb-above-header-display":"","ast-hfb-below-header-display":"","ast-hfb-mobile-header-display":"","site-post-title":"disabled","ast-breadcrumbs-content":"","ast-featured-img":"","footer-sml-layout":"","ast-disable-related-posts":"","theme-transparent-header-meta":"","adv-header-id-meta":"","stick-header-meta":"","header-above-stick-meta":"","header-main-stick-meta":"","header-below-stick-meta":"","astra-migrate-meta-layouts":"set","ast-page-background-enabled":"default","ast-page-background-meta":{"desktop":{"background-color":"var(--ast-global-color-4)","background-image":"","background-repeat":"repeat","background-position":"center center","background-size":"auto","background-attachment":"scroll","background-type":"","background-media":"","overlay-type":"","overlay-color":"","overlay-opacity":"","overlay-gradient":""},"tablet":{"background-color":"","background-image":"","background-repeat":"repeat","background-position":"center center","background-size":"auto","background-attachment":"scroll","background-type":"","background-media":"","overlay-type":"","overlay-color":"","overlay-opacity":"","overlay-gradient":""},"mobile":{"background-color":"","background-image":"","background-repeat":"repeat","background-position":"center center","background-size":"auto","background-attachment":"scroll","background-type":"","background-media":"","overlay-type":"","overlay-color":"","overlay-opacity":"","overlay-gradient":""}},"ast-content-background-meta":{"desktop":{"background-color":"var(--ast-global-color-5)","background-image":"","background-repeat":"repeat","background-position":"center center","background-size":"auto","background-attachment":"scroll","background-type":"","background-media":"","overlay-type":"","overlay-color":"","overlay-opacity":"","overlay-gradient":""},"tablet":{"background-color":"var(--ast-global-color-5)","background-image":"","background-repeat":"repeat","background-position":"center center","background-size":"auto","background-attachment":"scroll","background-type":"","background-media":"","overlay-type":"","overlay-color":"","overlay-opacity":"","overlay-gradient":""},"mobile":{"background-color":"var(--ast-global-color-5)","background-image":"","background-repeat":"repeat","background-position":"center center","background-size":"auto","background-attachment":"scroll","background-type":"","background-media":"","overlay-type":"","overlay-color":"","overlay-opacity":"","overlay-gradient":""}},"footnotes":""},"class_list":["post-32127","page","type-page","status-publish","hentry"],"acf":[],"_links":{"self":[{"href":"https:\/\/www.anyload.com\/es\/wp-json\/wp\/v2\/pages\/32127","targetHints":{"allow":["GET"]}}],"collection":[{"href":"https:\/\/www.anyload.com\/es\/wp-json\/wp\/v2\/pages"}],"about":[{"href":"https:\/\/www.anyload.com\/es\/wp-json\/wp\/v2\/types\/page"}],"author":[{"embeddable":true,"href":"https:\/\/www.anyload.com\/es\/wp-json\/wp\/v2\/users\/4"}],"replies":[{"embeddable":true,"href":"https:\/\/www.anyload.com\/es\/wp-json\/wp\/v2\/comments?post=32127"}],"version-history":[{"count":3,"href":"https:\/\/www.anyload.com\/es\/wp-json\/wp\/v2\/pages\/32127\/revisions"}],"predecessor-version":[{"id":41805,"href":"https:\/\/www.anyload.com\/es\/wp-json\/wp\/v2\/pages\/32127\/revisions\/41805"}],"up":[{"embeddable":true,"href":"https:\/\/www.anyload.com\/es\/wp-json\/wp\/v2\/pages\/23213"}],"wp:attachment":[{"href":"https:\/\/www.anyload.com\/es\/wp-json\/wp\/v2\/media?parent=32127"}],"curies":[{"name":"wp","href":"https:\/\/api.w.org\/{rel}","templated":true}]}}