{"id":28855,"date":"2024-03-28T14:17:42","date_gmt":"2024-03-28T21:17:42","guid":{"rendered":"https:\/\/www.anyload.com\/?page_id=28855"},"modified":"2026-01-26T15:30:25","modified_gmt":"2026-01-26T23:30:25","slug":"scale-troubleshooting","status":"publish","type":"page","link":"https:\/\/www.anyload.com\/es\/scale-troubleshooting\/","title":{"rendered":"Soluci\u00f3n de problemas de b\u00e1sculas"},"content":{"rendered":"<div data-elementor-type=\"wp-page\" data-elementor-id=\"28855\" class=\"elementor elementor-28855\" data-elementor-post-type=\"page\">\n\t\t\t\t<div class=\"elementor-element elementor-element-a3af3a3 e-flex e-con-boxed e-con e-parent\" data-id=\"a3af3a3\" data-element_type=\"container\" data-e-type=\"container\">\n\t\t\t\t\t<div class=\"e-con-inner\">\n\t\t<div class=\"elementor-element elementor-element-b49d166 e-con-full e-flex e-con e-child\" data-id=\"b49d166\" data-element_type=\"container\" data-e-type=\"container\">\n\t\t\t\t<div class=\"elementor-element elementor-element-adb4157 elementor-widget elementor-widget-text-editor\" data-id=\"adb4157\" data-element_type=\"widget\" data-e-type=\"widget\" data-widget_type=\"text-editor.default\">\n\t\t\t\t<div class=\"elementor-widget-container\">\n\t\t\t\t\t\t\t\t\t<p><span class=\"eckb-meta-data-feature-text\">Last Updated On March 22<\/span><span class=\"eckb-meta-data-feature-value\"><time class=\"entry-date\" datetime=\"2023-12-13T19:16:53-07:00\">, 2024<\/time><\/span>\u00a0- 10 minutos de lectura<\/p>\t\t\t\t\t\t\t\t<\/div>\n\t\t\t\t<\/div>\n\t\t<div class=\"elementor-element elementor-element-89d0643 e-flex e-con-boxed e-con e-child\" data-id=\"89d0643\" data-element_type=\"container\" data-e-type=\"container\">\n\t\t\t\t\t<div class=\"e-con-inner\">\n\t\t\t\t<div class=\"elementor-element elementor-element-53c407c elementor-widget elementor-widget-text-editor\" data-id=\"53c407c\" data-element_type=\"widget\" data-e-type=\"widget\" data-widget_type=\"text-editor.default\">\n\t\t\t\t<div class=\"elementor-widget-container\">\n\t\t\t\t\t\t\t\t\t<p>\u26a0\ufe0e Safety Notice:<\/p><p>When working with weighing systems, maintaining safety is paramount. These systems demand careful handling to avert electrical shocks, equipment damage, or personal injuries. Maintenance should be exclusively undertaken by individuals who are not only qualified but also possess a comprehensive understanding of safety and system protocols.<\/p><p>Before initiating any maintenance work, it is essential to ensure that the system is entirely powered down and effectively isolated to prevent accidental reactivation. Utilizing insulated tools and wearing appropriate protective gear are fundamental practices. It is also important to adhere to safety guidelines provided by the equipment manufacturer and familiarize oneself with electrical safety measures. Special attention should be given to legal-for-trade scales, as unauthorized tampering may necessitate recertification. Seeking professional assistance is strongly advised.<\/p>\t\t\t\t\t\t\t\t<\/div>\n\t\t\t\t<\/div>\n\t\t\t\t<div class=\"elementor-element elementor-element-c23cb63 elementor-widget elementor-widget-text-editor\" data-id=\"c23cb63\" data-element_type=\"widget\" data-e-type=\"widget\" data-widget_type=\"text-editor.default\">\n\t\t\t\t<div class=\"elementor-widget-container\">\n\t\t\t\t\t\t\t\t\t<p>Contenido:<\/p><ol><li><span style=\"text-decoration: underline;\"><a style=\"color: #d52b1e; text-decoration: underline;\" href=\"#basic-steps-for-troubleshooting-scales\">Basic Steps for Troubleshooting Scales<\/a><\/span><\/li><li><span style=\"text-decoration: underline;\"><a style=\"color: #d52b1e; text-decoration: underline;\" href=\"#seeking-professional-assistance-for-scales\">Seeking Professional Assistance for Scales<\/a><\/span><\/li><li><span style=\"text-decoration: underline;\"><a style=\"color: #d52b1e; text-decoration: underline;\" href=\"#guide-to-mechanical-tests-for-scale-troubleshooting\">Guide to Mechanical Tests for Scale Troubleshooting<\/a><\/span><\/li><\/ol>\t\t\t\t\t\t\t\t<\/div>\n\t\t\t\t<\/div>\n\t\t\t\t\t<\/div>\n\t\t\t\t<\/div>\n\t\t<div class=\"elementor-element elementor-element-aca1ce7 e-flex e-con-boxed e-con e-child\" data-id=\"aca1ce7\" data-element_type=\"container\" data-e-type=\"container\">\n\t\t\t\t\t<div class=\"e-con-inner\">\n\t\t\t\t<div class=\"elementor-element elementor-element-3b3f72a elementor-widget elementor-widget-text-editor\" data-id=\"3b3f72a\" data-element_type=\"widget\" data-e-type=\"widget\" id=\"basic-steps-for-troubleshooting-scales\" data-widget_type=\"text-editor.default\">\n\t\t\t\t<div class=\"elementor-widget-container\">\n\t\t\t\t\t\t\t\t\t<p>1. Basic Steps for Troubleshooting Scales<\/p>\t\t\t\t\t\t\t\t<\/div>\n\t\t\t\t<\/div>\n\t\t\t\t<div class=\"elementor-element elementor-element-5e54579 elementor-widget elementor-widget-html\" data-id=\"5e54579\" data-element_type=\"widget\" data-e-type=\"widget\" data-widget_type=\"html.default\">\n\t\t\t\t<div class=\"elementor-widget-container\">\n\t\t\t\t\t<div class=\"stroke\" style=\"position: relative; width: 100%;\">\n<div class=\"stroke-line\" style=\"position: absolute; left: 0; width: 100%; height: 1px; background: linear-gradient(to right, rgba(242, 48, 55, 0) 0%, rgba(242, 48, 55, 1) 10%, rgba(242, 48, 55, 0) 100%); z-index: 1;\"><\/div><\/div>\t\t\t\t<\/div>\n\t\t\t\t<\/div>\n\t\t<div class=\"elementor-element elementor-element-0b3626d e-flex e-con-boxed e-con e-child\" data-id=\"0b3626d\" data-element_type=\"container\" data-e-type=\"container\">\n\t\t\t\t\t<div class=\"e-con-inner\">\n\t\t\t\t<div class=\"elementor-element elementor-element-5e7aeed elementor-widget elementor-widget-text-editor\" data-id=\"5e7aeed\" data-element_type=\"widget\" data-e-type=\"widget\" data-widget_type=\"text-editor.default\">\n\t\t\t\t<div class=\"elementor-widget-container\">\n\t\t\t\t\t\t\t\t\t<p>Before beginning the troubleshooting process, it is helpful to take note of any environmental or operational factors that could contribute to scale issues. Aggravating factors can include:<\/p><ul><li>High moisture\/humidity environment, pressure washing<\/li><li>Exposure to corrosive chemicals (salt, chlorine, acids, bleach, ammonia, fertilizer, etc.)<\/li><li>Temperatures exceeding 50\u00b0C or 122\u00b0F<\/li><li>Rodent presence<br \/>Significant vibration<\/li><li>Power source prone to electrical surges<\/li><li>Dust or debris around the scale<\/li><li>Possibility of shock, overloading conditions<\/li><li>Very significant electrical or magnetic fields, rapid air pressure changes<\/li><\/ul><p>Keeping these factors in mind can provide crucial context for diagnosing issues. The following are some basic steps in troubleshooting a weighing system.<\/p><ol><li><strong>Inspecci\u00f3n visual:<\/strong> Begin with a visual inspection of the entire scale. Look for obvious signs of damage, wear, or interference that could affect system performance. This includes inspecting load cells, weighing platforms, and indicators for any physical damage or anomalies. Clear any debris from underneath the weighing platform.<\/li><li><strong>System Check:<\/strong> Verify that all electronic components of the scale are properly powered and operational. Check for any error messages on indicators or control units, which can provide immediate clues to the nature of the problem.<\/li><li><strong>Connection and Wiring:<\/strong> Ensure that all connections between components, such as load cells to junction boxes and indicators, are secure and free from corrosion or damage. Loose or damaged connections can lead to inaccurate readings or failures.<\/li><li><strong>Functional Testing:<\/strong> Perform basic functional tests, such as applying a known weight to the scale and verifying the accuracy of the readout. This can help identify whether the issue lies with the measurement accuracy or another aspect of the system.<\/li><li><strong>Consult Documentation:<\/strong> Refer to the manufacturer&#8217;s documentation for troubleshooting tips and recommended practices specific to your equipment. This can provide valuable insights into common issues and their resolutions.<\/li><\/ol><p><strong>NOTE:<\/strong> Maintaining detailed documentation throughout the troubleshooting process is very helpful. Clear records of tests performed, observations made, and any error messages encountered can greatly assist technical support or service personnel in diagnosing and resolving issues faster and more efficiently.<\/p>\t\t\t\t\t\t\t\t<\/div>\n\t\t\t\t<\/div>\n\t\t\t\t\t<\/div>\n\t\t\t\t<\/div>\n\t\t\t\t\t<\/div>\n\t\t\t\t<\/div>\n\t\t<div class=\"elementor-element elementor-element-292b3c5 e-flex e-con-boxed e-con e-child\" data-id=\"292b3c5\" data-element_type=\"container\" data-e-type=\"container\">\n\t\t\t\t\t<div class=\"e-con-inner\">\n\t\t\t\t<div class=\"elementor-element elementor-element-7bbf9d7 elementor-widget elementor-widget-text-editor\" data-id=\"7bbf9d7\" data-element_type=\"widget\" data-e-type=\"widget\" id=\"seeking-professional-assistance-for-scales\" data-widget_type=\"text-editor.default\">\n\t\t\t\t<div class=\"elementor-widget-container\">\n\t\t\t\t\t\t\t\t\t<p>2. Seeking Professional Assistance for Scales<\/p>\t\t\t\t\t\t\t\t<\/div>\n\t\t\t\t<\/div>\n\t\t\t\t<div class=\"elementor-element elementor-element-1567288 elementor-widget elementor-widget-html\" data-id=\"1567288\" data-element_type=\"widget\" data-e-type=\"widget\" data-widget_type=\"html.default\">\n\t\t\t\t<div class=\"elementor-widget-container\">\n\t\t\t\t\t<div class=\"stroke\" style=\"position: relative; width: 100%;\">\n<div class=\"stroke-line\" style=\"position: absolute; left: 0; width: 100%; height: 1px; background: linear-gradient(to right, rgba(242, 48, 55, 0) 0%, rgba(242, 48, 55, 1) 10%, rgba(242, 48, 55, 0) 100%); z-index: 1;\"><\/div><\/div>\t\t\t\t<\/div>\n\t\t\t\t<\/div>\n\t\t<div class=\"elementor-element elementor-element-f01f977 e-flex e-con-boxed e-con e-child\" data-id=\"f01f977\" data-element_type=\"container\" data-e-type=\"container\">\n\t\t\t\t\t<div class=\"e-con-inner\">\n\t\t\t\t<div class=\"elementor-element elementor-element-60f083a elementor-widget elementor-widget-text-editor\" data-id=\"60f083a\" data-element_type=\"widget\" data-e-type=\"widget\" data-widget_type=\"text-editor.default\">\n\t\t\t\t<div class=\"elementor-widget-container\">\n\t\t\t\t\t\t\t\t\t<p>While the basic steps outlined above can help identify common issues with weighing systems, some problems may require the expertise and equipment of a professional scale service company. Attempting to resolve complex issues without the necessary qualifications can lead to extended downtime, additional complications, and unnecessary risk to equipment and safety.<\/p><p>Professionals in scale service possess the expertise, tools, and experience to diagnose and resolve issues efficiently. They can provide comprehensive services, from calibration and maintenance to repairs and parts replacement.<\/p><p>We understand the urgency of resolving scale issues promptly to avoid operational disruptions. That is why we offer a global network of qualified service providers through our <a href=\"https:\/\/www.anyload.com\/es\/find-a-dealer\/\">Find-A-Dealer<\/a> page. No matter where you are in the world, our platform can connect you with a qualified professional ready to assist with your weighing system needs.<\/p>\t\t\t\t\t\t\t\t<\/div>\n\t\t\t\t<\/div>\n\t\t\t\t<div class=\"elementor-element elementor-element-c4c8a70 elementor-align-justify elementor-widget elementor-widget-button\" data-id=\"c4c8a70\" data-element_type=\"widget\" data-e-type=\"widget\" data-widget_type=\"button.default\">\n\t\t\t\t<div class=\"elementor-widget-container\">\n\t\t\t\t\t\t\t\t\t<div class=\"elementor-button-wrapper\">\n\t\t\t\t\t<a class=\"elementor-button elementor-button-link elementor-size-sm\" href=\"https:\/\/www.anyload.com\/es\/find-a-dealer\/\">\n\t\t\t\t\t\t<span class=\"elementor-button-content-wrapper\">\n\t\t\t\t\t\t\t\t\t<span class=\"elementor-button-text\">Find A Dealer<\/span>\n\t\t\t\t\t<\/span>\n\t\t\t\t\t<\/a>\n\t\t\t\t<\/div>\n\t\t\t\t\t\t\t\t<\/div>\n\t\t\t\t<\/div>\n\t\t\t\t\t<\/div>\n\t\t\t\t<\/div>\n\t\t\t\t\t<\/div>\n\t\t\t\t<\/div>\n\t\t<div class=\"elementor-element elementor-element-d57ac28 e-flex e-con-boxed e-con e-child\" data-id=\"d57ac28\" data-element_type=\"container\" data-e-type=\"container\">\n\t\t\t\t\t<div class=\"e-con-inner\">\n\t\t\t\t<div class=\"elementor-element elementor-element-30698b0 elementor-widget elementor-widget-text-editor\" data-id=\"30698b0\" data-element_type=\"widget\" data-e-type=\"widget\" id=\"guide-to-mechanical-tests-for-scale-troubleshooting\" data-widget_type=\"text-editor.default\">\n\t\t\t\t<div class=\"elementor-widget-container\">\n\t\t\t\t\t\t\t\t\t<p>3. Guide to Mechanical Tests for Scale Troubleshooting<\/p>\t\t\t\t\t\t\t\t<\/div>\n\t\t\t\t<\/div>\n\t\t\t\t<div class=\"elementor-element elementor-element-0db805d elementor-widget elementor-widget-html\" data-id=\"0db805d\" data-element_type=\"widget\" data-e-type=\"widget\" data-widget_type=\"html.default\">\n\t\t\t\t<div class=\"elementor-widget-container\">\n\t\t\t\t\t<div class=\"stroke\" style=\"position: relative; width: 100%;\">\n<div class=\"stroke-line\" style=\"position: absolute; left: 0; width: 100%; height: 1px; background: linear-gradient(to right, rgba(242, 48, 55, 0) 0%, rgba(242, 48, 55, 1) 10%, rgba(242, 48, 55, 0) 100%); z-index: 1;\"><\/div><\/div>\t\t\t\t<\/div>\n\t\t\t\t<\/div>\n\t\t\t\t<div class=\"elementor-element elementor-element-12ff3e7 elementor-widget elementor-widget-text-editor\" data-id=\"12ff3e7\" data-element_type=\"widget\" data-e-type=\"widget\" data-widget_type=\"text-editor.default\">\n\t\t\t\t<div class=\"elementor-widget-container\">\n\t\t\t\t\t\t\t\t\t<p>Si bien la resoluci\u00f3n de problemas b\u00e1sicos puede ser realizada por personas familiarizadas con el sistema, los problemas complejos o persistentes deben ser abordados por profesionales. Los diagn\u00f3sticos o reparaciones incorrectos no s\u00f3lo pueden provocar m\u00e1s da\u00f1os en el sistema, sino tambi\u00e9n poner en peligro la seguridad. Si no est\u00e1 seguro o si el problema va m\u00e1s all\u00e1 de las soluciones b\u00e1sicas, es aconsejable buscar la ayuda de un experto.<\/p><p>Le recomendamos encarecidamente que consulte a un profesional para obtener asistencia in situ. Nuestra red mundial de distribuidores est\u00e1 preparada para proporcionarle la asistencia que necesita, garantizando que sus sistemas de pesaje funcionen sin problemas y de forma segura. Para obtener ayuda experta en su zona, visite nuestra <a href=\"https:\/\/www.anyload.com\/es\/find-a-dealer\/\">Encuentre un distribuidor<\/a>\u00a0p\u00e1gina.<\/p>\t\t\t\t\t\t\t\t<\/div>\n\t\t\t\t<\/div>\n\t\t\t\t<div class=\"elementor-element elementor-element-3d295d2 elementor-widget elementor-widget-n-accordion\" data-id=\"3d295d2\" data-element_type=\"widget\" data-e-type=\"widget\" data-settings=\"{&quot;default_state&quot;:&quot;expanded&quot;,&quot;max_items_expended&quot;:&quot;one&quot;,&quot;n_accordion_animation_duration&quot;:{&quot;unit&quot;:&quot;ms&quot;,&quot;size&quot;:400,&quot;sizes&quot;:[]}}\" data-widget_type=\"nested-accordion.default\">\n\t\t\t\t<div class=\"elementor-widget-container\">\n\t\t\t\t\t\t\t<div class=\"e-n-accordion\" aria-label=\"Acorde\u00f3n. Abra los enlaces con Intro o Espacio, ci\u00e9rrelos con Escape y navegue con las teclas de flecha.\">\n\t\t\t\t\t\t<details id=\"e-n-accordion-item-6410\" class=\"e-n-accordion-item\" open>\n\t\t\t\t<summary class=\"e-n-accordion-item-title\" data-accordion-index=\"1\" tabindex=\"0\" aria-expanded=\"true\" aria-controls=\"e-n-accordion-item-6410\" >\n\t\t\t\t\t<span class='e-n-accordion-item-title-header'><div class=\"e-n-accordion-item-title-text\"> Corner Test: <\/div><\/span>\n\t\t\t\t\t\t\t<span class='e-n-accordion-item-title-icon'>\n\t\t\t<span class='e-opened' ><svg aria-hidden=\"true\" class=\"e-font-icon-svg e-fas-minus\" viewbox=\"0 0 448 512\" xmlns=\"http:\/\/www.w3.org\/2000\/svg\"><path d=\"M416 208H32c-17.67 0-32 14.33-32 32v32c0 17.67 14.33 32 32 32h384c17.67 0 32-14.33 32-32v-32c0-17.67-14.33-32-32-32z\"><\/path><\/svg><\/span>\n\t\t\t<span class='e-closed'><svg aria-hidden=\"true\" class=\"e-font-icon-svg e-fas-plus\" viewbox=\"0 0 448 512\" xmlns=\"http:\/\/www.w3.org\/2000\/svg\"><path d=\"M416 208H272V64c0-17.67-14.33-32-32-32h-32c-17.67 0-32 14.33-32 32v144H32c-17.67 0-32 14.33-32 32v32c0 17.67 14.33 32 32 32h144v144c0 17.67 14.33 32 32 32h32c17.67 0 32-14.33 32-32V304h144c17.67 0 32-14.33 32-32v-32c0-17.67-14.33-32-32-32z\"><\/path><\/svg><\/span>\n\t\t<\/span>\n\n\t\t\t\t\t\t<\/summary>\n\t\t\t\t<div role=\"region\" aria-labelledby=\"e-n-accordion-item-6410\" class=\"elementor-element elementor-element-690ffea e-con-full e-flex e-con e-child\" data-id=\"690ffea\" data-element_type=\"container\" data-e-type=\"container\">\n\t\t\t\t<div class=\"elementor-element elementor-element-15ba408 elementor-widget elementor-widget-text-editor\" data-id=\"15ba408\" data-element_type=\"widget\" data-e-type=\"widget\" data-widget_type=\"text-editor.default\">\n\t\t\t\t<div class=\"elementor-widget-container\">\n\t\t\t\t\t\t\t\t\t<p><strong>Purpose:<\/strong><\/p><p>Corner testing is a basic technique to detect potential issues within a scale, such as a malfunctioning load cell or mechanical obstructions. It can be conducted using a suitable standard test weight, any known weight, or even the technician&#8217;s body weight, provided it does not surpass the load cell&#8217;s capacity.<\/p><p><strong>Instructions:<\/strong><\/p><ol><li>Note the initial weight reading on the indicator.<\/li><li>Apply a known weight directly onto a load cell (not exceeding each load cell&#8217;s rated capacity).<\/li><li>Observe the change in the indicator reading; it should correspond to the added weight.<\/li><li>Remove the weight and verify that the indicator reading returns to the initial weight value.<\/li><li>Repeat this test on each corner to identify any discrepancies. Compare all four corners.<\/li><\/ol><p><strong>Result 1: <\/strong>If each load cell accurately reflects the added weight and returns to the initial reading upon weight removal, the system is functioning correctly and is properly calibrated.<\/p><p><strong>Result 2:\u00a0<\/strong>If all load cells show the same incorrect value but return to zero correctly, the system likely requires recalibration. Uniform readings across all corners suggest no load cell or mechanical issues.<\/p><p><strong>Result 3:\u00a0<\/strong>If one load cell shows a different reading from the rest but resets correctly, this indicates potential mechanical interference at that specific corner. A shift test can further diagnose the issue.<\/p><p><strong>Result 4: <\/strong>If a load cell matches the others when weight is added but fails to return to the initial value, it may be damaged, possibly due to overload, and might need replacement.<\/p>\t\t\t\t\t\t\t\t<\/div>\n\t\t\t\t<\/div>\n\t\t\t\t<\/div>\n\t\t\t\t\t<\/details>\n\t\t\t\t\t\t<details id=\"e-n-accordion-item-6411\" class=\"e-n-accordion-item\" >\n\t\t\t\t<summary class=\"e-n-accordion-item-title\" data-accordion-index=\"2\" tabindex=\"-1\" aria-expanded=\"false\" aria-controls=\"e-n-accordion-item-6411\" >\n\t\t\t\t\t<span class='e-n-accordion-item-title-header'><div class=\"e-n-accordion-item-title-text\"> Shift Test: <\/div><\/span>\n\t\t\t\t\t\t\t<span class='e-n-accordion-item-title-icon'>\n\t\t\t<span class='e-opened' ><svg aria-hidden=\"true\" class=\"e-font-icon-svg e-fas-minus\" viewbox=\"0 0 448 512\" xmlns=\"http:\/\/www.w3.org\/2000\/svg\"><path d=\"M416 208H32c-17.67 0-32 14.33-32 32v32c0 17.67 14.33 32 32 32h384c17.67 0 32-14.33 32-32v-32c0-17.67-14.33-32-32-32z\"><\/path><\/svg><\/span>\n\t\t\t<span class='e-closed'><svg aria-hidden=\"true\" class=\"e-font-icon-svg e-fas-plus\" viewbox=\"0 0 448 512\" xmlns=\"http:\/\/www.w3.org\/2000\/svg\"><path d=\"M416 208H272V64c0-17.67-14.33-32-32-32h-32c-17.67 0-32 14.33-32 32v144H32c-17.67 0-32 14.33-32 32v32c0 17.67 14.33 32 32 32h144v144c0 17.67 14.33 32 32 32h32c17.67 0 32-14.33 32-32V304h144c17.67 0 32-14.33 32-32v-32c0-17.67-14.33-32-32-32z\"><\/path><\/svg><\/span>\n\t\t<\/span>\n\n\t\t\t\t\t\t<\/summary>\n\t\t\t\t<div role=\"region\" aria-labelledby=\"e-n-accordion-item-6411\" class=\"elementor-element elementor-element-8c6a9be e-con-full e-flex e-con e-child\" data-id=\"8c6a9be\" data-element_type=\"container\" data-e-type=\"container\">\n\t\t\t\t<div class=\"elementor-element elementor-element-87047c3 elementor-widget elementor-widget-text-editor\" data-id=\"87047c3\" data-element_type=\"widget\" data-e-type=\"widget\" data-widget_type=\"text-editor.default\">\n\t\t\t\t<div class=\"elementor-widget-container\">\n\t\t\t\t\t\t\t\t\t<p><strong>Purpose:<\/strong><\/p><p>Shift testing is designed to detect mechanical interferences within a weighing system, assessing the cooperative function of adjacent load cells. This method is especially useful for pinpointing issues that might not be evident through individual load cell testing. It can be performed with a standard weight, any known mass, or even the technician&#8217;s body weight, provided it doesn&#8217;t surpass the capacity of the load cells.<\/p><p><strong>Instructions:<\/strong><\/p><ol><li>Note the initial weight reading on the indicator<\/li><li>Apply a known weight directly onto each load cell (not exceeding each load cell&#8217;s rated capacity)<\/li><li>Observe the change in the indicator reading; it should correspond to the added weight.<\/li><li>Remove the weight and verify that the indicator reading returns to the initial weight value.<\/li><li>Repeat this test on each corner to identify any discrepancies. Compare all four corners.<\/li><\/ol><p><strong>Result 1:<\/strong> If each load cell accurately reflects the added weight and returns to the initial reading upon weight removal, the system is functioning correctly and is properly calibrated.<\/p><p><strong>Result 2:<\/strong> If all load cells show the same incorrect value but return to zero correctly, the system likely requires recalibration. Uniform readings across all corners suggest no load cell or mechanical issues.<\/p><p><strong>Result 3:\u00a0<\/strong>If one load cell shows a different reading from the rest but resets correctly, this indicates potential mechanical interference at that specific corner. A shift test can further diagnose the issue.<\/p><p><strong>Result 4:\u00a0<\/strong>If a load cell matches the others when weight is added but fails to return to the initial value, it may be damaged, possibly due to overload, and might need replacement.<br \/><\/p>\t\t\t\t\t\t\t\t<\/div>\n\t\t\t\t<\/div>\n\t\t\t\t<\/div>\n\t\t\t\t\t<\/details>\n\t\t\t\t\t<\/div>\n\t\t\t\t\t\t<\/div>\n\t\t\t\t<\/div>\n\t\t\t\t\t<\/div>\n\t\t\t\t<\/div>\n\t\t\t\t<\/div>\n\t\t\t\t\t<\/div>\n\t\t\t\t<\/div>\n\t\t\t\t<\/div>","protected":false},"excerpt":{"rendered":"<p>Last Updated On March 22, 2024\u00a0\u2022 10 min read \u26a0\ufe0e Safety Notice: When working with weighing systems, maintaining safety is [&hellip;]<\/p>","protected":false},"author":4,"featured_media":0,"parent":0,"menu_order":0,"comment_status":"closed","ping_status":"closed","template":"","meta":{"_acf_changed":false,"site-sidebar-layout":"left-sidebar","site-content-layout":"","ast-site-content-layout":"default","site-content-style":"default","site-sidebar-style":"default","ast-global-header-display":"","ast-banner-title-visibility":"","ast-main-header-display":"","ast-hfb-above-header-display":"","ast-hfb-below-header-display":"","ast-hfb-mobile-header-display":"","site-post-title":"","ast-breadcrumbs-content":"","ast-featured-img":"","footer-sml-layout":"","ast-disable-related-posts":"","theme-transparent-header-meta":"","adv-header-id-meta":"","stick-header-meta":"","header-above-stick-meta":"","header-main-stick-meta":"","header-below-stick-meta":"","astra-migrate-meta-layouts":"set","ast-page-background-enabled":"default","ast-page-background-meta":{"desktop":{"background-color":"var(--ast-global-color-4)","background-image":"","background-repeat":"repeat","background-position":"center center","background-size":"auto","background-attachment":"scroll","background-type":"","background-media":"","overlay-type":"","overlay-color":"","overlay-opacity":"","overlay-gradient":""},"tablet":{"background-color":"","background-image":"","background-repeat":"repeat","background-position":"center center","background-size":"auto","background-attachment":"scroll","background-type":"","background-media":"","overlay-type":"","overlay-color":"","overlay-opacity":"","overlay-gradient":""},"mobile":{"background-color":"","background-image":"","background-repeat":"repeat","background-position":"center center","background-size":"auto","background-attachment":"scroll","background-type":"","background-media":"","overlay-type":"","overlay-color":"","overlay-opacity":"","overlay-gradient":""}},"ast-content-background-meta":{"desktop":{"background-color":"var(--ast-global-color-5)","background-image":"","background-repeat":"repeat","background-position":"center center","background-size":"auto","background-attachment":"scroll","background-type":"","background-media":"","overlay-type":"","overlay-color":"","overlay-opacity":"","overlay-gradient":""},"tablet":{"background-color":"var(--ast-global-color-5)","background-image":"","background-repeat":"repeat","background-position":"center center","background-size":"auto","background-attachment":"scroll","background-type":"","background-media":"","overlay-type":"","overlay-color":"","overlay-opacity":"","overlay-gradient":""},"mobile":{"background-color":"var(--ast-global-color-5)","background-image":"","background-repeat":"repeat","background-position":"center center","background-size":"auto","background-attachment":"scroll","background-type":"","background-media":"","overlay-type":"","overlay-color":"","overlay-opacity":"","overlay-gradient":""}},"footnotes":""},"class_list":["post-28855","page","type-page","status-publish","hentry"],"acf":[],"_links":{"self":[{"href":"https:\/\/www.anyload.com\/es\/wp-json\/wp\/v2\/pages\/28855","targetHints":{"allow":["GET"]}}],"collection":[{"href":"https:\/\/www.anyload.com\/es\/wp-json\/wp\/v2\/pages"}],"about":[{"href":"https:\/\/www.anyload.com\/es\/wp-json\/wp\/v2\/types\/page"}],"author":[{"embeddable":true,"href":"https:\/\/www.anyload.com\/es\/wp-json\/wp\/v2\/users\/4"}],"replies":[{"embeddable":true,"href":"https:\/\/www.anyload.com\/es\/wp-json\/wp\/v2\/comments?post=28855"}],"version-history":[{"count":9,"href":"https:\/\/www.anyload.com\/es\/wp-json\/wp\/v2\/pages\/28855\/revisions"}],"predecessor-version":[{"id":42636,"href":"https:\/\/www.anyload.com\/es\/wp-json\/wp\/v2\/pages\/28855\/revisions\/42636"}],"wp:attachment":[{"href":"https:\/\/www.anyload.com\/es\/wp-json\/wp\/v2\/media?parent=28855"}],"curies":[{"name":"wp","href":"https:\/\/api.w.org\/{rel}","templated":true}]}}