{"id":27615,"date":"2024-02-08T14:54:13","date_gmt":"2024-02-08T22:54:13","guid":{"rendered":"https:\/\/www.anyload.com\/?page_id=27615"},"modified":"2024-02-08T14:54:17","modified_gmt":"2024-02-08T22:54:17","slug":"legal-disclaimer","status":"publish","type":"page","link":"https:\/\/www.anyload.com\/es\/legal-disclaimer\/","title":{"rendered":"Aviso legal"},"content":{"rendered":"<div data-elementor-type=\"wp-page\" data-elementor-id=\"27615\" class=\"elementor elementor-27615\" data-elementor-post-type=\"page\">\n\t\t\t\t<div class=\"elementor-element elementor-element-300f2d8 e-flex e-con-boxed e-con e-parent\" data-id=\"300f2d8\" data-element_type=\"container\" data-e-type=\"container\">\n\t\t\t\t\t<div class=\"e-con-inner\">\n\t\t\t\t<div class=\"elementor-element elementor-element-e53ca5b elementor-position-inline-start elementor-view-default elementor-mobile-position-block-start elementor-widget elementor-widget-icon-box\" data-id=\"e53ca5b\" data-element_type=\"widget\" data-e-type=\"widget\" data-widget_type=\"icon-box.default\">\n\t\t\t\t<div class=\"elementor-widget-container\">\n\t\t\t\t\t\t\t<div class=\"elementor-icon-box-wrapper\">\n\n\t\t\t\t\t\t<div class=\"elementor-icon-box-icon\">\n\t\t\t\t<span  class=\"elementor-icon\">\n\t\t\t\t<svg aria-hidden=\"true\" class=\"e-font-icon-svg e-fas-bullhorn\" viewbox=\"0 0 576 512\" xmlns=\"http:\/\/www.w3.org\/2000\/svg\"><path d=\"M576 240c0-23.63-12.95-44.04-32-55.12V32.01C544 23.26 537.02 0 512 0c-7.12 0-14.19 2.38-19.98 7.02l-85.03 68.03C364.28 109.19 310.66 128 256 128H64c-35.35 0-64 28.65-64 64v96c0 35.35 28.65 64 64 64h33.7c-1.39 10.48-2.18 21.14-2.18 32 0 39.77 9.26 77.35 25.56 110.94 5.19 10.69 16.52 17.06 28.4 17.06h74.28c26.05 0 41.69-29.84 25.9-50.56-16.4-21.52-26.15-48.36-26.15-77.44 0-11.11 1.62-21.79 4.41-32H256c54.66 0 108.28 18.81 150.98 52.95l85.03 68.03a32.023 32.023 0 0 0 19.98 7.02c24.92 0 32-22.78 32-32V295.13C563.05 284.04 576 263.63 576 240zm-96 141.42l-33.05-26.44C392.95 311.78 325.12 288 256 288v-96c69.12 0 136.95-23.78 190.95-66.98L480 98.58v282.84z\"><\/path><\/svg>\t\t\t\t<\/span>\n\t\t\t<\/div>\n\t\t\t\n\t\t\t\t\t\t<div class=\"elementor-icon-box-content\">\n\n\t\t\t\t\t\t\t\t\t<h3 class=\"elementor-icon-box-title\">\n\t\t\t\t\t\t<span  >\n\t\t\t\t\t\t\tExenci\u00f3n de responsabilidad de la base de conocimientos\t\t\t\t\t\t<\/span>\n\t\t\t\t\t<\/h3>\n\t\t\t\t\n\t\t\t\t\n\t\t\t<\/div>\n\t\t\t\n\t\t<\/div>\n\t\t\t\t\t\t<\/div>\n\t\t\t\t<\/div>\n\t\t\t\t<div class=\"elementor-element elementor-element-72dac34 elementor-widget elementor-widget-html\" data-id=\"72dac34\" data-element_type=\"widget\" data-e-type=\"widget\" data-widget_type=\"html.default\">\n\t\t\t\t<div class=\"elementor-widget-container\">\n\t\t\t\t\t<div class=\"stroke\" style=\"position: relative; width: 100%;\">\n<div class=\"stroke-line\" style=\"position: absolute; left: 0; width: 100%; height: 1px; background: linear-gradient(to right, rgba(242, 48, 55, 0) 0%, rgba(242, 48, 55, 1) 10%, rgba(242, 48, 55, 0) 100%); z-index: 1;\"><\/div><\/div>\t\t\t\t<\/div>\n\t\t\t\t<\/div>\n\t\t\t\t<div class=\"elementor-element elementor-element-da34b3c elementor-widget elementor-widget-text-editor\" data-id=\"da34b3c\" data-element_type=\"widget\" data-e-type=\"widget\" data-widget_type=\"text-editor.default\">\n\t\t\t\t<div class=\"elementor-widget-container\">\n\t\t\t\t\t\t\t\t\t<p>Bienvenido a la secci\u00f3n Base de conocimientos del sitio web de Anyload. Esta \u00e1rea est\u00e1 dise\u00f1ada para ofrecer a nuestros usuarios, clientes y a la comunidad en general valiosos conocimientos, orientaci\u00f3n e informaci\u00f3n sobre c\u00e9lulas de carga, sistemas de pesaje y componentes relacionados. Es importante tener en cuenta que todo el contenido disponible en esta Base de conocimientos tiene \u00fanicamente fines informativos y se proporciona con la intenci\u00f3n de apoyar la toma de decisiones informadas en la industria.\u00a0<\/p><p>Anyload hace todo lo posible para garantizar que la informaci\u00f3n aqu\u00ed presentada sea actual, precisa y relevante. Sin embargo, no ofrecemos ninguna garant\u00eda, ya sea expresa o impl\u00edcita, con respecto a la exactitud, fiabilidad o integridad de esta informaci\u00f3n. El campo de la tecnolog\u00eda de c\u00e9lulas de carga y sistemas de pesaje es din\u00e1mico, con continuos avances y actualizaciones. Por ello, Anyload no puede garantizar que todo el contenido de esta Base de conocimientos est\u00e9 actualizado en todo momento.<\/p>\t\t\t\t\t\t\t\t<\/div>\n\t\t\t\t<\/div>\n\t\t\t\t<div class=\"elementor-element elementor-element-16b96bb elementor-position-inline-start elementor-view-default elementor-mobile-position-block-start elementor-widget elementor-widget-icon-box\" data-id=\"16b96bb\" data-element_type=\"widget\" data-e-type=\"widget\" data-widget_type=\"icon-box.default\">\n\t\t\t\t<div class=\"elementor-widget-container\">\n\t\t\t\t\t\t\t<div class=\"elementor-icon-box-wrapper\">\n\n\t\t\t\t\t\t<div class=\"elementor-icon-box-icon\">\n\t\t\t\t<span  class=\"elementor-icon\">\n\t\t\t\t<svg aria-hidden=\"true\" class=\"e-font-icon-svg e-fas-bullhorn\" viewbox=\"0 0 576 512\" xmlns=\"http:\/\/www.w3.org\/2000\/svg\"><path d=\"M576 240c0-23.63-12.95-44.04-32-55.12V32.01C544 23.26 537.02 0 512 0c-7.12 0-14.19 2.38-19.98 7.02l-85.03 68.03C364.28 109.19 310.66 128 256 128H64c-35.35 0-64 28.65-64 64v96c0 35.35 28.65 64 64 64h33.7c-1.39 10.48-2.18 21.14-2.18 32 0 39.77 9.26 77.35 25.56 110.94 5.19 10.69 16.52 17.06 28.4 17.06h74.28c26.05 0 41.69-29.84 25.9-50.56-16.4-21.52-26.15-48.36-26.15-77.44 0-11.11 1.62-21.79 4.41-32H256c54.66 0 108.28 18.81 150.98 52.95l85.03 68.03a32.023 32.023 0 0 0 19.98 7.02c24.92 0 32-22.78 32-32V295.13C563.05 284.04 576 263.63 576 240zm-96 141.42l-33.05-26.44C392.95 311.78 325.12 288 256 288v-96c69.12 0 136.95-23.78 190.95-66.98L480 98.58v282.84z\"><\/path><\/svg>\t\t\t\t<\/span>\n\t\t\t<\/div>\n\t\t\t\n\t\t\t\t\t\t<div class=\"elementor-icon-box-content\">\n\n\t\t\t\t\t\t\t\t\t<h3 class=\"elementor-icon-box-title\">\n\t\t\t\t\t\t<span  >\n\t\t\t\t\t\t\tNota de precauci\u00f3n\t\t\t\t\t\t<\/span>\n\t\t\t\t\t<\/h3>\n\t\t\t\t\n\t\t\t\t\n\t\t\t<\/div>\n\t\t\t\n\t\t<\/div>\n\t\t\t\t\t\t<\/div>\n\t\t\t\t<\/div>\n\t\t\t\t<div class=\"elementor-element elementor-element-0c9e12a elementor-widget elementor-widget-html\" data-id=\"0c9e12a\" data-element_type=\"widget\" data-e-type=\"widget\" data-widget_type=\"html.default\">\n\t\t\t\t<div class=\"elementor-widget-container\">\n\t\t\t\t\t<div class=\"stroke\" style=\"position: relative; width: 100%;\">\n<div class=\"stroke-line\" style=\"position: absolute; left: 0; width: 100%; height: 1px; background: linear-gradient(to right, rgba(242, 48, 55, 0) 0%, rgba(242, 48, 55, 1) 10%, rgba(242, 48, 55, 0) 100%); z-index: 1;\"><\/div><\/div>\t\t\t\t<\/div>\n\t\t\t\t<\/div>\n\t\t\t\t<div class=\"elementor-element elementor-element-8e45da4 elementor-widget elementor-widget-text-editor\" data-id=\"8e45da4\" data-element_type=\"widget\" data-e-type=\"widget\" data-widget_type=\"text-editor.default\">\n\t\t\t\t<div class=\"elementor-widget-container\">\n\t\t\t\t\t\t\t\t\t<p>Es importante reconocer que trabajar con sistemas de pesaje y electr\u00f3nica conlleva riesgos inherentes. Estos sistemas son sofisticados y requieren un cierto nivel de conocimientos t\u00e9cnicos y experiencia para una manipulaci\u00f3n, instalaci\u00f3n y mantenimiento seguros y eficaces. La manipulaci\u00f3n incorrecta o el uso indebido de estos sistemas pueden provocar un funcionamiento defectuoso, lecturas inexactas o incluso plantear riesgos para la seguridad.<\/p><p>Aconsejamos encarecidamente que cualquier actividad que implique la instalaci\u00f3n, calibraci\u00f3n, mantenimiento o reparaci\u00f3n de c\u00e9lulas de carga y sistemas de pesaje sea realizada \u00fanicamente por profesionales cualificados que cuenten con la formaci\u00f3n y experiencia necesarias en este campo especializado. Anyload enfatiza la importancia de adherirse a todas las normas de seguridad y mejores pr\u00e1cticas de la industria para garantizar no s\u00f3lo la longevidad y fiabilidad del equipo, sino tambi\u00e9n la seguridad de todas las personas involucradas.\u00a0<\/p><p>Al acceder y utilizar la informaci\u00f3n proporcionada en esta Base de conocimientos, los usuarios reconocen y aceptan que son responsables de sus propias acciones y decisiones. Cualquier confianza depositada en la informaci\u00f3n aqu\u00ed proporcionada es estrictamente por cuenta y riesgo del usuario. En caso de duda o necesidad de asistencia t\u00e9cnica espec\u00edfica, le recomendamos que se ponga en contacto directamente con Anyload o consulte con profesionales certificados del sector.<\/p><p>Para m\u00e1s asistencia o consultas, s\u00edrvase <span style=\"text-decoration: underline;\"><a class=\"fui-Link ___1rxvrpe f2hkw1w f3rmtva f1ewtqcl fyind8e f1k6fduh f1w7gpdv fk6fouc fjoy568 figsok6 f1hu3pq6 f11qmguv f19f4twv f1tyq0we f1g0x7ka fhxju0i f1qch9an f1cnd47f fqv5qza f1vmzxwi f1o700av f13mvf36 f1cmlufx f9n3di6 f1ids18y f1tx3yz7 f1deo86v f1eh06m1 f1iescvh fhgqx19 f1olyrje f1p93eir f1nev41a f1h8hb77 f1lqvz6u f10aw75t fsle3fq f17ae5zn\" title=\"https:\/\/www.anyload.com\/contact\/\" href=\"https:\/\/www.anyload.com\/es\/contact\/\" target=\"_blank\" rel=\"noreferrer noopener\" aria-label=\"Enlace de contacto\">p\u00f3ngase en contacto con nosotros<\/a>.<\/span><\/p>\t\t\t\t\t\t\t\t<\/div>\n\t\t\t\t<\/div>\n\t\t\t\t\t<\/div>\n\t\t\t\t<\/div>\n\t\t\t\t<\/div>","protected":false},"excerpt":{"rendered":"<p>Knowledge Base Disclaimer Welcome to the Knowledge Base section of the Anyload website. This area is designed to offer our [&hellip;]<\/p>","protected":false},"author":4,"featured_media":0,"parent":0,"menu_order":0,"comment_status":"closed","ping_status":"closed","template":"","meta":{"_acf_changed":false,"site-sidebar-layout":"left-sidebar","site-content-layout":"","ast-site-content-layout":"default","site-content-style":"default","site-sidebar-style":"default","ast-global-header-display":"","ast-banner-title-visibility":"","ast-main-header-display":"","ast-hfb-above-header-display":"","ast-hfb-below-header-display":"","ast-hfb-mobile-header-display":"","site-post-title":"","ast-breadcrumbs-content":"","ast-featured-img":"","footer-sml-layout":"","ast-disable-related-posts":"","theme-transparent-header-meta":"","adv-header-id-meta":"","stick-header-meta":"","header-above-stick-meta":"","header-main-stick-meta":"","header-below-stick-meta":"","astra-migrate-meta-layouts":"default","ast-page-background-enabled":"default","ast-page-background-meta":{"desktop":{"background-color":"var(--ast-global-color-4)","background-image":"","background-repeat":"repeat","background-position":"center center","background-size":"auto","background-attachment":"scroll","background-type":"","background-media":"","overlay-type":"","overlay-color":"","overlay-opacity":"","overlay-gradient":""},"tablet":{"background-color":"","background-image":"","background-repeat":"repeat","background-position":"center center","background-size":"auto","background-attachment":"scroll","background-type":"","background-media":"","overlay-type":"","overlay-color":"","overlay-opacity":"","overlay-gradient":""},"mobile":{"background-color":"","background-image":"","background-repeat":"repeat","background-position":"center center","background-size":"auto","background-attachment":"scroll","background-type":"","background-media":"","overlay-type":"","overlay-color":"","overlay-opacity":"","overlay-gradient":""}},"ast-content-background-meta":{"desktop":{"background-color":"var(--ast-global-color-5)","background-image":"","background-repeat":"repeat","background-position":"center center","background-size":"auto","background-attachment":"scroll","background-type":"","background-media":"","overlay-type":"","overlay-color":"","overlay-opacity":"","overlay-gradient":""},"tablet":{"background-color":"var(--ast-global-color-5)","background-image":"","background-repeat":"repeat","background-position":"center center","background-size":"auto","background-attachment":"scroll","background-type":"","background-media":"","overlay-type":"","overlay-color":"","overlay-opacity":"","overlay-gradient":""},"mobile":{"background-color":"var(--ast-global-color-5)","background-image":"","background-repeat":"repeat","background-position":"center center","background-size":"auto","background-attachment":"scroll","background-type":"","background-media":"","overlay-type":"","overlay-color":"","overlay-opacity":"","overlay-gradient":""}},"footnotes":""},"class_list":["post-27615","page","type-page","status-publish","hentry"],"acf":[],"_links":{"self":[{"href":"https:\/\/www.anyload.com\/es\/wp-json\/wp\/v2\/pages\/27615","targetHints":{"allow":["GET"]}}],"collection":[{"href":"https:\/\/www.anyload.com\/es\/wp-json\/wp\/v2\/pages"}],"about":[{"href":"https:\/\/www.anyload.com\/es\/wp-json\/wp\/v2\/types\/page"}],"author":[{"embeddable":true,"href":"https:\/\/www.anyload.com\/es\/wp-json\/wp\/v2\/users\/4"}],"replies":[{"embeddable":true,"href":"https:\/\/www.anyload.com\/es\/wp-json\/wp\/v2\/comments?post=27615"}],"version-history":[{"count":0,"href":"https:\/\/www.anyload.com\/es\/wp-json\/wp\/v2\/pages\/27615\/revisions"}],"wp:attachment":[{"href":"https:\/\/www.anyload.com\/es\/wp-json\/wp\/v2\/media?parent=27615"}],"curies":[{"name":"wp","href":"https:\/\/api.w.org\/{rel}","templated":true}]}}