{"id":25794,"date":"2024-01-08T15:25:53","date_gmt":"2024-01-08T23:25:53","guid":{"rendered":"https:\/\/www.anyload.com\/?page_id=25794"},"modified":"2025-08-13T14:48:09","modified_gmt":"2025-08-13T21:48:09","slug":"instrumentation-categories","status":"publish","type":"page","link":"https:\/\/www.anyload.com\/es\/instrumentation-categories\/","title":{"rendered":"INSTRUMENTATION"},"content":{"rendered":"<div data-elementor-type=\"wp-page\" data-elementor-id=\"25794\" class=\"elementor elementor-25794\" data-elementor-post-type=\"page\">\n\t\t\t\t<div class=\"elementor-element elementor-element-1b3ba07 e-flex e-con-boxed e-con e-parent\" data-id=\"1b3ba07\" data-element_type=\"container\">\n\t\t\t\t\t<div class=\"e-con-inner\">\n\t\t\t\t<div class=\"elementor-element elementor-element-6a02d67 elementor-widget elementor-widget-woocommerce-breadcrumb\" data-id=\"6a02d67\" data-element_type=\"widget\" data-widget_type=\"woocommerce-breadcrumb.default\">\n\t\t\t\t<div class=\"elementor-widget-container\">\n\t\t\t\t\t<nav class=\"woocommerce-breadcrumb\" aria-label=\"Breadcrumb\" data-no-translation=\"\" data-trp-gettext=\"\">Inicio<\/nav>\t\t\t\t<\/div>\n\t\t\t\t<\/div>\n\t\t\t\t<div class=\"elementor-element elementor-element-5e660ef elementor-widget elementor-widget-text-editor\" data-id=\"5e660ef\" data-element_type=\"widget\" data-widget_type=\"text-editor.default\">\n\t\t\t\t<div class=\"elementor-widget-container\">\n\t\t\t\t\t\t\t\t\t<p>Los amplificadores de c\u00e9lula de carga ANYLOAD acondicionan la se\u00f1al de la c\u00e9lula de carga y del transductor y pueden alojar todas las c\u00e9lulas de carga de tipo extensom\u00e9trico, mientras que las cajas de uni\u00f3n y suma aceptan entradas de m\u00faltiples c\u00e9lulas de carga y suman las se\u00f1ales generadas en una \u00fanica salida para garantizar un ajuste preciso de la balanza multic\u00e9lula.<\/p>\t\t\t\t\t\t\t\t<\/div>\n\t\t\t\t<\/div>\n\t\t\t\t\t<\/div>\n\t\t\t\t<\/div>\n\t\t<div class=\"elementor-element elementor-element-ae5e873 e-grid e-con-boxed e-con e-parent\" data-id=\"ae5e873\" data-element_type=\"container\">\n\t\t\t\t\t<div class=\"e-con-inner\">\n\t\t\t\t<div class=\"elementor-element elementor-element-93c378c elementor-widget elementor-widget-image\" data-id=\"93c378c\" data-element_type=\"widget\" data-settings=\"{&quot;_animation&quot;:&quot;none&quot;}\" data-widget_type=\"image.default\">\n\t\t\t\t<div class=\"elementor-widget-container\">\n\t\t\t\t\t\t\t\t\t\t\t\t<figure class=\"wp-caption\">\n\t\t\t\t\t\t\t\t\t\t\t<a href=\"https:\/\/www.anyload.com\/es\/products\/?swoof=1&#038;product_cat=junction-boxes\">\n\t\t\t\t\t\t\t<img fetchpriority=\"high\" decoding=\"async\" width=\"1024\" height=\"1024\" src=\"https:\/\/www.anyload.com\/wp-content\/uploads\/2025\/08\/Junction-Boxes-IMG-1-1024x1024.webp\" class=\"elementor-animation-float attachment-large size-large wp-image-39194\" alt=\"\" srcset=\"https:\/\/www.anyload.com\/wp-content\/uploads\/2025\/08\/Junction-Boxes-IMG-1-1024x1024.webp 1024w, https:\/\/www.anyload.com\/wp-content\/uploads\/2025\/08\/Junction-Boxes-IMG-1-450x450.webp 450w, https:\/\/www.anyload.com\/wp-content\/uploads\/2025\/08\/Junction-Boxes-IMG-1-150x150.webp 150w, https:\/\/www.anyload.com\/wp-content\/uploads\/2025\/08\/Junction-Boxes-IMG-1-768x768.webp 768w, https:\/\/www.anyload.com\/wp-content\/uploads\/2025\/08\/Junction-Boxes-IMG-1-500x500.webp 500w, https:\/\/www.anyload.com\/wp-content\/uploads\/2025\/08\/Junction-Boxes-IMG-1-100x100.webp 100w, https:\/\/www.anyload.com\/wp-content\/uploads\/2025\/08\/Junction-Boxes-IMG-1.webp 1080w\" sizes=\"(max-width: 1024px) 100vw, 1024px\" \/>\t\t\t\t\t\t\t\t<\/a>\n\t\t\t\t\t\t\t\t\t\t\t<figcaption class=\"widget-image-caption wp-caption-text\">Cajas de derivaci\u00f3n<\/figcaption>\n\t\t\t\t\t\t\t\t\t\t<\/figure>\n\t\t\t\t\t\t\t\t\t<\/div>\n\t\t\t\t<\/div>\n\t\t\t\t<div class=\"elementor-element elementor-element-c60d112 elementor-widget elementor-widget-image\" data-id=\"c60d112\" data-element_type=\"widget\" data-settings=\"{&quot;_animation&quot;:&quot;none&quot;}\" data-widget_type=\"image.default\">\n\t\t\t\t<div class=\"elementor-widget-container\">\n\t\t\t\t\t\t\t\t\t\t\t\t<figure class=\"wp-caption\">\n\t\t\t\t\t\t\t\t\t\t\t<a href=\"https:\/\/www.anyload.com\/es\/products\/?swoof=1&#038;product_cat=amplifiers\">\n\t\t\t\t\t\t\t<img decoding=\"async\" width=\"1024\" height=\"1024\" src=\"https:\/\/www.anyload.com\/wp-content\/uploads\/2025\/08\/Amplifiers-IMG-1024x1024.webp\" class=\"elementor-animation-float attachment-large size-large wp-image-39190\" alt=\"\" srcset=\"https:\/\/www.anyload.com\/wp-content\/uploads\/2025\/08\/Amplifiers-IMG-1024x1024.webp 1024w, https:\/\/www.anyload.com\/wp-content\/uploads\/2025\/08\/Amplifiers-IMG-450x450.webp 450w, https:\/\/www.anyload.com\/wp-content\/uploads\/2025\/08\/Amplifiers-IMG-150x150.webp 150w, https:\/\/www.anyload.com\/wp-content\/uploads\/2025\/08\/Amplifiers-IMG-768x768.webp 768w, https:\/\/www.anyload.com\/wp-content\/uploads\/2025\/08\/Amplifiers-IMG-500x500.webp 500w, https:\/\/www.anyload.com\/wp-content\/uploads\/2025\/08\/Amplifiers-IMG-100x100.webp 100w, https:\/\/www.anyload.com\/wp-content\/uploads\/2025\/08\/Amplifiers-IMG.webp 1080w\" sizes=\"(max-width: 1024px) 100vw, 1024px\" \/>\t\t\t\t\t\t\t\t<\/a>\n\t\t\t\t\t\t\t\t\t\t\t<figcaption class=\"widget-image-caption wp-caption-text\">Amplificadores<\/figcaption>\n\t\t\t\t\t\t\t\t\t\t<\/figure>\n\t\t\t\t\t\t\t\t\t<\/div>\n\t\t\t\t<\/div>\n\t\t\t\t<div class=\"elementor-element elementor-element-3eadb13 elementor-widget elementor-widget-image\" data-id=\"3eadb13\" data-element_type=\"widget\" data-widget_type=\"image.default\">\n\t\t\t\t<div class=\"elementor-widget-container\">\n\t\t\t\t\t\t\t\t\t\t\t\t<figure class=\"wp-caption\">\n\t\t\t\t\t\t\t\t\t\t\t<a href=\"https:\/\/www.anyload.com\/es\/products\/?swoof=1&#038;product_cat=indicators\">\n\t\t\t\t\t\t\t<img decoding=\"async\" width=\"1024\" height=\"1024\" src=\"https:\/\/www.anyload.com\/wp-content\/uploads\/2025\/08\/Indicators-IMG-1024x1024.webp\" class=\"elementor-animation-float attachment-large size-large wp-image-39192\" alt=\"\" srcset=\"https:\/\/www.anyload.com\/wp-content\/uploads\/2025\/08\/Indicators-IMG-1024x1024.webp 1024w, https:\/\/www.anyload.com\/wp-content\/uploads\/2025\/08\/Indicators-IMG-450x450.webp 450w, https:\/\/www.anyload.com\/wp-content\/uploads\/2025\/08\/Indicators-IMG-150x150.webp 150w, https:\/\/www.anyload.com\/wp-content\/uploads\/2025\/08\/Indicators-IMG-768x768.webp 768w, https:\/\/www.anyload.com\/wp-content\/uploads\/2025\/08\/Indicators-IMG-500x500.webp 500w, https:\/\/www.anyload.com\/wp-content\/uploads\/2025\/08\/Indicators-IMG-100x100.webp 100w, https:\/\/www.anyload.com\/wp-content\/uploads\/2025\/08\/Indicators-IMG.webp 1080w\" sizes=\"(max-width: 1024px) 100vw, 1024px\" \/>\t\t\t\t\t\t\t\t<\/a>\n\t\t\t\t\t\t\t\t\t\t\t<figcaption class=\"widget-image-caption wp-caption-text\">Indicadores<\/figcaption>\n\t\t\t\t\t\t\t\t\t\t<\/figure>\n\t\t\t\t\t\t\t\t\t<\/div>\n\t\t\t\t<\/div>\n\t\t\t\t<div class=\"elementor-element elementor-element-c8e2200 elementor-widget elementor-widget-image\" data-id=\"c8e2200\" data-element_type=\"widget\" data-widget_type=\"image.default\">\n\t\t\t\t<div class=\"elementor-widget-container\">\n\t\t\t\t\t\t\t\t\t\t\t\t<figure class=\"wp-caption\">\n\t\t\t\t\t\t\t\t\t\t\t<a href=\"https:\/\/www.anyload.com\/es\/products\/?swoof=1&#038;product_cat=remote-displays\">\n\t\t\t\t\t\t\t<img loading=\"lazy\" decoding=\"async\" width=\"450\" height=\"450\" src=\"https:\/\/www.anyload.com\/wp-content\/uploads\/2023\/08\/Anyload-808BH-Remote-Display.jpg\" class=\"elementor-animation-float attachment-large size-large wp-image-22347\" alt=\"\" srcset=\"https:\/\/www.anyload.com\/wp-content\/uploads\/2023\/08\/Anyload-808BH-Remote-Display.jpg 450w, https:\/\/www.anyload.com\/wp-content\/uploads\/2023\/08\/Anyload-808BH-Remote-Display-100x100.jpg 100w, https:\/\/www.anyload.com\/wp-content\/uploads\/2023\/08\/Anyload-808BH-Remote-Display-300x300.jpg 300w, https:\/\/www.anyload.com\/wp-content\/uploads\/2023\/08\/Anyload-808BH-Remote-Display-150x150.jpg 150w, https:\/\/www.anyload.com\/wp-content\/uploads\/2023\/08\/Anyload-808BH-Remote-Display-421x421.jpg 421w\" sizes=\"(max-width: 450px) 100vw, 450px\" \/>\t\t\t\t\t\t\t\t<\/a>\n\t\t\t\t\t\t\t\t\t\t\t<figcaption class=\"widget-image-caption wp-caption-text\">Pantallas remotas<\/figcaption>\n\t\t\t\t\t\t\t\t\t\t<\/figure>\n\t\t\t\t\t\t\t\t\t<\/div>\n\t\t\t\t<\/div>\n\t\t\t\t<div class=\"elementor-element elementor-element-0cb2fa9 elementor-widget elementor-widget-image\" data-id=\"0cb2fa9\" data-element_type=\"widget\" data-widget_type=\"image.default\">\n\t\t\t\t<div class=\"elementor-widget-container\">\n\t\t\t\t\t\t\t\t\t\t\t\t<figure class=\"wp-caption\">\n\t\t\t\t\t\t\t\t\t\t\t<a href=\"https:\/\/www.anyload.com\/es\/products\/?swoof=1&#038;product_cat=wireless\">\n\t\t\t\t\t\t\t<img loading=\"lazy\" decoding=\"async\" width=\"450\" height=\"450\" src=\"https:\/\/www.anyload.com\/wp-content\/uploads\/2023\/08\/Anyload-WL-RF-17-External-Wireless-Module.jpg\" class=\"elementor-animation-float attachment-large size-large wp-image-22324\" alt=\"\" srcset=\"https:\/\/www.anyload.com\/wp-content\/uploads\/2023\/08\/Anyload-WL-RF-17-External-Wireless-Module.jpg 450w, https:\/\/www.anyload.com\/wp-content\/uploads\/2023\/08\/Anyload-WL-RF-17-External-Wireless-Module-100x100.jpg 100w, https:\/\/www.anyload.com\/wp-content\/uploads\/2023\/08\/Anyload-WL-RF-17-External-Wireless-Module-300x300.jpg 300w, https:\/\/www.anyload.com\/wp-content\/uploads\/2023\/08\/Anyload-WL-RF-17-External-Wireless-Module-150x150.jpg 150w, https:\/\/www.anyload.com\/wp-content\/uploads\/2023\/08\/Anyload-WL-RF-17-External-Wireless-Module-421x421.jpg 421w\" sizes=\"(max-width: 450px) 100vw, 450px\" \/>\t\t\t\t\t\t\t\t<\/a>\n\t\t\t\t\t\t\t\t\t\t\t<figcaption class=\"widget-image-caption wp-caption-text\">Inal\u00e1mbrico<\/figcaption>\n\t\t\t\t\t\t\t\t\t\t<\/figure>\n\t\t\t\t\t\t\t\t\t<\/div>\n\t\t\t\t<\/div>\n\t\t\t\t<div class=\"elementor-element elementor-element-f7532c5 elementor-widget elementor-widget-image\" data-id=\"f7532c5\" data-element_type=\"widget\" data-widget_type=\"image.default\">\n\t\t\t\t<div class=\"elementor-widget-container\">\n\t\t\t\t\t\t\t\t\t\t\t\t<figure class=\"wp-caption\">\n\t\t\t\t\t\t\t\t\t\t\t<a href=\"https:\/\/www.anyload.com\/es\/products\/?swoof=1&#038;product_cat=other-instruments\">\n\t\t\t\t\t\t\t<img loading=\"lazy\" decoding=\"async\" width=\"1024\" height=\"1024\" src=\"https:\/\/www.anyload.com\/wp-content\/uploads\/2025\/08\/Other-Instruments-IMG-1024x1024.webp\" class=\"elementor-animation-float attachment-large size-large wp-image-39193\" alt=\"\" srcset=\"https:\/\/www.anyload.com\/wp-content\/uploads\/2025\/08\/Other-Instruments-IMG-1024x1024.webp 1024w, https:\/\/www.anyload.com\/wp-content\/uploads\/2025\/08\/Other-Instruments-IMG-450x450.webp 450w, https:\/\/www.anyload.com\/wp-content\/uploads\/2025\/08\/Other-Instruments-IMG-150x150.webp 150w, https:\/\/www.anyload.com\/wp-content\/uploads\/2025\/08\/Other-Instruments-IMG-768x768.webp 768w, https:\/\/www.anyload.com\/wp-content\/uploads\/2025\/08\/Other-Instruments-IMG-500x500.webp 500w, https:\/\/www.anyload.com\/wp-content\/uploads\/2025\/08\/Other-Instruments-IMG-100x100.webp 100w, https:\/\/www.anyload.com\/wp-content\/uploads\/2025\/08\/Other-Instruments-IMG.webp 1080w\" sizes=\"(max-width: 1024px) 100vw, 1024px\" \/>\t\t\t\t\t\t\t\t<\/a>\n\t\t\t\t\t\t\t\t\t\t\t<figcaption class=\"widget-image-caption wp-caption-text\">Otros instrumentos<\/figcaption>\n\t\t\t\t\t\t\t\t\t\t<\/figure>\n\t\t\t\t\t\t\t\t\t<\/div>\n\t\t\t\t<\/div>\n\t\t\t\t<div class=\"elementor-element elementor-element-112aa59 elementor-widget elementor-widget-spacer\" data-id=\"112aa59\" data-element_type=\"widget\" data-widget_type=\"spacer.default\">\n\t\t\t\t<div class=\"elementor-widget-container\">\n\t\t\t\t\t\t\t<div class=\"elementor-spacer\">\n\t\t\t<div class=\"elementor-spacer-inner\"><\/div>\n\t\t<\/div>\n\t\t\t\t\t\t<\/div>\n\t\t\t\t<\/div>\n\t\t\t\t\t<\/div>\n\t\t\t\t<\/div>\n\t\t<div class=\"elementor-element elementor-element-460d077 e-grid e-con-boxed e-con e-parent\" data-id=\"460d077\" data-element_type=\"container\">\n\t\t\t\t\t<div class=\"e-con-inner\">\n\t\t\t\t<div class=\"elementor-element elementor-element-ff4e175 elementor-widget elementor-widget-sidebar\" data-id=\"ff4e175\" data-element_type=\"widget\" data-widget_type=\"sidebar.default\">\n\t\t\t\t<div class=\"elementor-widget-container\">\n\t\t\t\t\t<div id=\"modelsearch_widget-8\" class=\"widget widget_modelsearch_widget\"><div class=\"form-wrap\"><h2 class=\"widget-title\">C\u00e9lula de carga<\/h2><div class=\"inner-wrap\"><select id=\"make-drop\"><option>Marca<\/option><option>Y<\/option><option>Cualquier carga<\/option><option>Artech<\/option><option>Avery Weigh-Tronix<\/option><option>Bilanciai<\/option><option>BIM<\/option><option>Cardenal<\/option><option>CAS<\/option><option>Coti Global<\/option><option>Epelsa<\/option><option>Fairbanks<\/option><option>Flintec<\/option><option>HBM<\/option><option>Kelba<\/option><option>Mettler Toledo<\/option><option>PT Global<\/option><option>Lago Rice<\/option><option>Sartorius<\/option><option>Totalcomp<\/option><option>Vishay Sensortronics<\/option><option>Vishay Celtron<\/option><option>Vishay Tedea-Huntleigh<\/option><option>Vishay Revere<\/option><option>Yamato<\/option><option>Carga masiva<\/option><\/select><div id=\"model-wrap\"><select id=\"model-drop\"><option>Modelo<\/option><\/select><\/div><button id=\"reset\">Restablecer<\/button><\/div><\/div><div id=\"result-wrap\"><div id=\"model-link\"><\/div><\/div><\/div>\t\t\t\t<\/div>\n\t\t\t\t<\/div>\n\t\t<div class=\"elementor-element elementor-element-acca7af e-flex e-con-boxed e-con e-child\" data-id=\"acca7af\" data-element_type=\"container\">\n\t\t\t\t\t<div class=\"e-con-inner\">\n\t\t\t\t\t<\/div>\n\t\t\t\t<\/div>\n\t\t\t\t<div class=\"elementor-element elementor-element-7dffee3 elementor-widget elementor-widget-spacer\" data-id=\"7dffee3\" data-element_type=\"widget\" data-widget_type=\"spacer.default\">\n\t\t\t\t<div class=\"elementor-widget-container\">\n\t\t\t\t\t\t\t<div class=\"elementor-spacer\">\n\t\t\t<div class=\"elementor-spacer-inner\"><\/div>\n\t\t<\/div>\n\t\t\t\t\t\t<\/div>\n\t\t\t\t<\/div>\n\t\t\t\t\t<\/div>\n\t\t\t\t<\/div>\n\t\t\t\t<\/div>","protected":false},"excerpt":{"rendered":"<p>ANYLOAD load cell amplifiers provide load cell and transducer signal conditioning and can accommodate all strain gauge type load cells [&hellip;]<\/p>","protected":false},"author":4,"featured_media":0,"parent":0,"menu_order":3,"comment_status":"closed","ping_status":"closed","template":"","meta":{"_acf_changed":false,"site-sidebar-layout":"no-sidebar","site-content-layout":"page-builder","ast-site-content-layout":"default","site-content-style":"default","site-sidebar-style":"default","ast-global-header-display":"","ast-banner-title-visibility":"","ast-main-header-display":"","ast-hfb-above-header-display":"","ast-hfb-below-header-display":"","ast-hfb-mobile-header-display":"","site-post-title":"disabled","ast-breadcrumbs-content":"","ast-featured-img":"disabled","footer-sml-layout":"","ast-disable-related-posts":"","theme-transparent-header-meta":"","adv-header-id-meta":"","stick-header-meta":"","header-above-stick-meta":"","header-main-stick-meta":"","header-below-stick-meta":"","astra-migrate-meta-layouts":"default","ast-page-background-enabled":"default","ast-page-background-meta":{"desktop":{"background-color":"var(--ast-global-color-4)","background-image":"","background-repeat":"repeat","background-position":"center center","background-size":"auto","background-attachment":"scroll","background-type":"","background-media":"","overlay-type":"","overlay-color":"","overlay-opacity":"","overlay-gradient":""},"tablet":{"background-color":"","background-image":"","background-repeat":"repeat","background-position":"center center","background-size":"auto","background-attachment":"scroll","background-type":"","background-media":"","overlay-type":"","overlay-color":"","overlay-opacity":"","overlay-gradient":""},"mobile":{"background-color":"","background-image":"","background-repeat":"repeat","background-position":"center center","background-size":"auto","background-attachment":"scroll","background-type":"","background-media":"","overlay-type":"","overlay-color":"","overlay-opacity":"","overlay-gradient":""}},"ast-content-background-meta":{"desktop":{"background-color":"var(--ast-global-color-5)","background-image":"","background-repeat":"repeat","background-position":"center center","background-size":"auto","background-attachment":"scroll","background-type":"","background-media":"","overlay-type":"","overlay-color":"","overlay-opacity":"","overlay-gradient":""},"tablet":{"background-color":"var(--ast-global-color-5)","background-image":"","background-repeat":"repeat","background-position":"center center","background-size":"auto","background-attachment":"scroll","background-type":"","background-media":"","overlay-type":"","overlay-color":"","overlay-opacity":"","overlay-gradient":""},"mobile":{"background-color":"var(--ast-global-color-5)","background-image":"","background-repeat":"repeat","background-position":"center center","background-size":"auto","background-attachment":"scroll","background-type":"","background-media":"","overlay-type":"","overlay-color":"","overlay-opacity":"","overlay-gradient":""}},"footnotes":""},"class_list":["post-25794","page","type-page","status-publish","hentry"],"acf":[],"_links":{"self":[{"href":"https:\/\/www.anyload.com\/es\/wp-json\/wp\/v2\/pages\/25794","targetHints":{"allow":["GET"]}}],"collection":[{"href":"https:\/\/www.anyload.com\/es\/wp-json\/wp\/v2\/pages"}],"about":[{"href":"https:\/\/www.anyload.com\/es\/wp-json\/wp\/v2\/types\/page"}],"author":[{"embeddable":true,"href":"https:\/\/www.anyload.com\/es\/wp-json\/wp\/v2\/users\/4"}],"replies":[{"embeddable":true,"href":"https:\/\/www.anyload.com\/es\/wp-json\/wp\/v2\/comments?post=25794"}],"version-history":[{"count":0,"href":"https:\/\/www.anyload.com\/es\/wp-json\/wp\/v2\/pages\/25794\/revisions"}],"wp:attachment":[{"href":"https:\/\/www.anyload.com\/es\/wp-json\/wp\/v2\/media?parent=25794"}],"curies":[{"name":"wp","href":"https:\/\/api.w.org\/{rel}","templated":true}]}}