{"id":25782,"date":"2024-01-08T15:18:51","date_gmt":"2024-01-08T23:18:51","guid":{"rendered":"https:\/\/www.anyload.com\/?page_id=25782"},"modified":"2026-03-20T14:16:48","modified_gmt":"2026-03-20T21:16:48","slug":"scales-categories","status":"publish","type":"page","link":"https:\/\/www.anyload.com\/es\/scales-categories\/","title":{"rendered":"ESCALAS"},"content":{"rendered":"<div data-elementor-type=\"wp-page\" data-elementor-id=\"25782\" class=\"elementor elementor-25782\" data-elementor-post-type=\"page\">\n\t\t\t\t<div class=\"elementor-element elementor-element-1b3ba07 e-flex e-con-boxed e-con e-parent\" data-id=\"1b3ba07\" data-element_type=\"container\" data-e-type=\"container\">\n\t\t\t\t\t<div class=\"e-con-inner\">\n\t\t\t\t<div class=\"elementor-element elementor-element-6a02d67 elementor-widget elementor-widget-woocommerce-breadcrumb\" data-id=\"6a02d67\" data-element_type=\"widget\" data-e-type=\"widget\" data-widget_type=\"woocommerce-breadcrumb.default\">\n\t\t\t\t<div class=\"elementor-widget-container\">\n\t\t\t\t\t<nav class=\"woocommerce-breadcrumb\" aria-label=\"Breadcrumb\" data-no-translation=\"\" data-trp-gettext=\"\">Inicio<\/nav>\t\t\t\t<\/div>\n\t\t\t\t<\/div>\n\t\t\t\t<div class=\"elementor-element elementor-element-e3fe676 elementor-widget elementor-widget-text-editor\" data-id=\"e3fe676\" data-element_type=\"widget\" data-e-type=\"widget\" data-widget_type=\"text-editor.default\">\n\t\t\t\t<div class=\"elementor-widget-container\">\n\t\t\t\t\t\t\t\t\t<p>ANYLOAD dispone de una amplia variedad de balanzas, entre las que se incluyen: balanzas para animales y veterinarias, balanzas, balanzas de mesa, balanzas cuentapiezas, balanzas gr\u00faa, dinam\u00f3metros, balanzas de esfera y de muelle, balanzas de suelo, barras de carga, transpaletas y balanzas de expedici\u00f3n.<\/p>\t\t\t\t\t\t\t\t<\/div>\n\t\t\t\t<\/div>\n\t\t\t\t\t<\/div>\n\t\t\t\t<\/div>\n\t\t<div class=\"elementor-element elementor-element-ae5e873 e-grid e-con-boxed e-con e-parent\" data-id=\"ae5e873\" data-element_type=\"container\" data-e-type=\"container\">\n\t\t\t\t\t<div class=\"e-con-inner\">\n\t\t\t\t<div class=\"elementor-element elementor-element-93c378c elementor-widget elementor-widget-image\" data-id=\"93c378c\" data-element_type=\"widget\" data-e-type=\"widget\" data-settings=\"{&quot;_animation&quot;:&quot;none&quot;}\" data-widget_type=\"image.default\">\n\t\t\t\t<div class=\"elementor-widget-container\">\n\t\t\t\t\t\t\t\t\t\t\t\t<figure class=\"wp-caption\">\n\t\t\t\t\t\t\t\t\t\t\t<a href=\"https:\/\/www.anyload.com\/es\/products\/?swoof=1&#038;product_cat=vehicle-scales\">\n\t\t\t\t\t\t\t<img fetchpriority=\"high\" decoding=\"async\" width=\"800\" height=\"800\" src=\"https:\/\/www.anyload.com\/wp-content\/uploads\/2025\/11\/Otter-Render-Square.jpg\" class=\"elementor-animation-float attachment-large size-large wp-image-40557\" alt=\"\" srcset=\"https:\/\/www.anyload.com\/wp-content\/uploads\/2025\/11\/Otter-Render-Square.jpg 800w, https:\/\/www.anyload.com\/wp-content\/uploads\/2025\/11\/Otter-Render-Square-450x450.jpg 450w, https:\/\/www.anyload.com\/wp-content\/uploads\/2025\/11\/Otter-Render-Square-150x150.jpg 150w, https:\/\/www.anyload.com\/wp-content\/uploads\/2025\/11\/Otter-Render-Square-768x768.jpg 768w, https:\/\/www.anyload.com\/wp-content\/uploads\/2025\/11\/Otter-Render-Square-12x12.jpg 12w, https:\/\/www.anyload.com\/wp-content\/uploads\/2025\/11\/Otter-Render-Square-500x500.jpg 500w, https:\/\/www.anyload.com\/wp-content\/uploads\/2025\/11\/Otter-Render-Square-100x100.jpg 100w\" sizes=\"(max-width: 800px) 100vw, 800px\" \/>\t\t\t\t\t\t\t\t<\/a>\n\t\t\t\t\t\t\t\t\t\t\t<figcaption class=\"widget-image-caption wp-caption-text\">Escala de veh\u00edculos<\/figcaption>\n\t\t\t\t\t\t\t\t\t\t<\/figure>\n\t\t\t\t\t\t\t\t\t<\/div>\n\t\t\t\t<\/div>\n\t\t\t\t<div class=\"elementor-element elementor-element-ff78d0e elementor-widget elementor-widget-image\" data-id=\"ff78d0e\" data-element_type=\"widget\" data-e-type=\"widget\" data-settings=\"{&quot;_animation&quot;:&quot;none&quot;}\" data-widget_type=\"image.default\">\n\t\t\t\t<div class=\"elementor-widget-container\">\n\t\t\t\t\t\t\t\t\t\t\t\t<figure class=\"wp-caption\">\n\t\t\t\t\t\t\t\t\t\t\t<a href=\"https:\/\/www.anyload.com\/es\/products\/?swoof=1&#038;product_cat=bench-scales\">\n\t\t\t\t\t\t\t<img decoding=\"async\" width=\"1024\" height=\"1024\" src=\"https:\/\/www.anyload.com\/wp-content\/uploads\/2014\/03\/TNS-ISO-min-1024x1024.png\" class=\"elementor-animation-float attachment-large size-large wp-image-33100\" alt=\"\" srcset=\"https:\/\/www.anyload.com\/wp-content\/uploads\/2014\/03\/TNS-ISO-min-1024x1024.png 1024w, https:\/\/www.anyload.com\/wp-content\/uploads\/2014\/03\/TNS-ISO-min-450x450.png 450w, https:\/\/www.anyload.com\/wp-content\/uploads\/2014\/03\/TNS-ISO-min-150x150.png 150w, https:\/\/www.anyload.com\/wp-content\/uploads\/2014\/03\/TNS-ISO-min-768x768.png 768w, https:\/\/www.anyload.com\/wp-content\/uploads\/2014\/03\/TNS-ISO-min-1536x1536.png 1536w, https:\/\/www.anyload.com\/wp-content\/uploads\/2014\/03\/TNS-ISO-min-2048x2048.png 2048w, https:\/\/www.anyload.com\/wp-content\/uploads\/2014\/03\/TNS-ISO-min-500x500.png 500w, https:\/\/www.anyload.com\/wp-content\/uploads\/2014\/03\/TNS-ISO-min-100x100.png 100w\" sizes=\"(max-width: 1024px) 100vw, 1024px\" \/>\t\t\t\t\t\t\t\t<\/a>\n\t\t\t\t\t\t\t\t\t\t\t<figcaption class=\"widget-image-caption wp-caption-text\">Balanzas de mesa<\/figcaption>\n\t\t\t\t\t\t\t\t\t\t<\/figure>\n\t\t\t\t\t\t\t\t\t<\/div>\n\t\t\t\t<\/div>\n\t\t\t\t<div class=\"elementor-element elementor-element-7ce320a elementor-widget elementor-widget-image\" data-id=\"7ce320a\" data-element_type=\"widget\" data-e-type=\"widget\" data-settings=\"{&quot;_animation&quot;:&quot;none&quot;}\" data-widget_type=\"image.default\">\n\t\t\t\t<div class=\"elementor-widget-container\">\n\t\t\t\t\t\t\t\t\t\t\t\t<figure class=\"wp-caption\">\n\t\t\t\t\t\t\t\t\t\t\t<a href=\"https:\/\/www.anyload.com\/es\/products\/?swoof=1&#038;product_cat=conveyor-scales\">\n\t\t\t\t\t\t\t<img decoding=\"async\" src=\"https:\/\/www.anyload.com\/wp-content\/uploads\/elementor\/thumbs\/Belt-scale3-scaled-rkntq4ofkl3fy8ulv9dnatd7dxdc6vc01bhvww3zu8.webp\" title=\"Belt-scale3\" alt=\"Belt-scale3\" class=\"elementor-animation-float\" loading=\"lazy\" \/>\t\t\t\t\t\t\t\t<\/a>\n\t\t\t\t\t\t\t\t\t\t\t<figcaption class=\"widget-image-caption wp-caption-text\">B\u00e1sculas transportadoras<\/figcaption>\n\t\t\t\t\t\t\t\t\t\t<\/figure>\n\t\t\t\t\t\t\t\t\t<\/div>\n\t\t\t\t<\/div>\n\t\t\t\t<div class=\"elementor-element elementor-element-c8e2200 elementor-widget elementor-widget-image\" data-id=\"c8e2200\" data-element_type=\"widget\" data-e-type=\"widget\" data-widget_type=\"image.default\">\n\t\t\t\t<div class=\"elementor-widget-container\">\n\t\t\t\t\t\t\t\t\t\t\t\t<figure class=\"wp-caption\">\n\t\t\t\t\t\t\t\t\t\t\t<a href=\"https:\/\/www.anyload.com\/es\/products\/?swoof=1&#038;product_cat=crane-scales\">\n\t\t\t\t\t\t\t<img decoding=\"async\" width=\"450\" height=\"450\" src=\"https:\/\/www.anyload.com\/wp-content\/uploads\/2023\/08\/OCSA3-crane-scale.jpg\" class=\"elementor-animation-float attachment-large size-large wp-image-22209\" alt=\"\" srcset=\"https:\/\/www.anyload.com\/wp-content\/uploads\/2023\/08\/OCSA3-crane-scale.jpg 450w, https:\/\/www.anyload.com\/wp-content\/uploads\/2023\/08\/OCSA3-crane-scale-100x100.jpg 100w, https:\/\/www.anyload.com\/wp-content\/uploads\/2023\/08\/OCSA3-crane-scale-300x300.jpg 300w, https:\/\/www.anyload.com\/wp-content\/uploads\/2023\/08\/OCSA3-crane-scale-150x150.jpg 150w, https:\/\/www.anyload.com\/wp-content\/uploads\/2023\/08\/OCSA3-crane-scale-421x421.jpg 421w\" sizes=\"(max-width: 450px) 100vw, 450px\" \/>\t\t\t\t\t\t\t\t<\/a>\n\t\t\t\t\t\t\t\t\t\t\t<figcaption class=\"widget-image-caption wp-caption-text\">B\u00e1sculas para gr\u00faas y dinam\u00f3metros<\/figcaption>\n\t\t\t\t\t\t\t\t\t\t<\/figure>\n\t\t\t\t\t\t\t\t\t<\/div>\n\t\t\t\t<\/div>\n\t\t\t\t<div class=\"elementor-element elementor-element-d217ab3 elementor-widget elementor-widget-image\" data-id=\"d217ab3\" data-element_type=\"widget\" data-e-type=\"widget\" data-widget_type=\"image.default\">\n\t\t\t\t<div class=\"elementor-widget-container\">\n\t\t\t\t\t\t\t\t\t\t\t\t<figure class=\"wp-caption\">\n\t\t\t\t\t\t\t\t\t\t\t<a href=\"https:\/\/www.anyload.com\/es\/products\/?swoof=1&#038;product_cat=floor-scales\">\n\t\t\t\t\t\t\t<img loading=\"lazy\" decoding=\"async\" width=\"450\" height=\"450\" src=\"https:\/\/www.anyload.com\/wp-content\/uploads\/2014\/07\/FSP-mild-steel-industrial-floor-scale.jpg\" class=\"elementor-animation-float attachment-large size-large wp-image-8490\" alt=\"B\u00e1scula de suelo de acero dulce FSP, c\u00e9lulas de carga con certificaci\u00f3n NTEP\" srcset=\"https:\/\/www.anyload.com\/wp-content\/uploads\/2014\/07\/FSP-mild-steel-industrial-floor-scale.jpg 450w, https:\/\/www.anyload.com\/wp-content\/uploads\/2014\/07\/FSP-mild-steel-industrial-floor-scale-100x100.jpg 100w, https:\/\/www.anyload.com\/wp-content\/uploads\/2014\/07\/FSP-mild-steel-industrial-floor-scale-300x300.jpg 300w, https:\/\/www.anyload.com\/wp-content\/uploads\/2014\/07\/FSP-mild-steel-industrial-floor-scale-421x421.jpg 421w, https:\/\/www.anyload.com\/wp-content\/uploads\/2014\/07\/FSP-mild-steel-industrial-floor-scale-150x150.jpg 150w\" sizes=\"(max-width: 450px) 100vw, 450px\" \/>\t\t\t\t\t\t\t\t<\/a>\n\t\t\t\t\t\t\t\t\t\t\t<figcaption class=\"widget-image-caption wp-caption-text\">Balanzas de suelo<\/figcaption>\n\t\t\t\t\t\t\t\t\t\t<\/figure>\n\t\t\t\t\t\t\t\t\t<\/div>\n\t\t\t\t<\/div>\n\t\t\t\t<div class=\"elementor-element elementor-element-0cb2fa9 elementor-widget elementor-widget-image\" data-id=\"0cb2fa9\" data-element_type=\"widget\" data-e-type=\"widget\" data-widget_type=\"image.default\">\n\t\t\t\t<div class=\"elementor-widget-container\">\n\t\t\t\t\t\t\t\t\t\t\t\t<figure class=\"wp-caption\">\n\t\t\t\t\t\t\t\t\t\t\t<a href=\"https:\/\/www.anyload.com\/es\/products\/?swoof=1&#038;product_cat=load-bars\">\n\t\t\t\t\t\t\t<img loading=\"lazy\" decoding=\"async\" width=\"450\" height=\"450\" src=\"https:\/\/www.anyload.com\/wp-content\/uploads\/2018\/09\/Anyload-LB100-FP1-load-bars.jpg\" class=\"elementor-animation-float attachment-large size-large wp-image-15018\" alt=\"ANYLOAD | LB100-FP Barras de carga\" srcset=\"https:\/\/www.anyload.com\/wp-content\/uploads\/2018\/09\/Anyload-LB100-FP1-load-bars.jpg 450w, https:\/\/www.anyload.com\/wp-content\/uploads\/2018\/09\/Anyload-LB100-FP1-load-bars-100x100.jpg 100w, https:\/\/www.anyload.com\/wp-content\/uploads\/2018\/09\/Anyload-LB100-FP1-load-bars-150x150.jpg 150w, https:\/\/www.anyload.com\/wp-content\/uploads\/2018\/09\/Anyload-LB100-FP1-load-bars-300x300.jpg 300w, https:\/\/www.anyload.com\/wp-content\/uploads\/2018\/09\/Anyload-LB100-FP1-load-bars-421x421.jpg 421w\" sizes=\"(max-width: 450px) 100vw, 450px\" \/>\t\t\t\t\t\t\t\t<\/a>\n\t\t\t\t\t\t\t\t\t\t\t<figcaption class=\"widget-image-caption wp-caption-text\">Barras de carga<\/figcaption>\n\t\t\t\t\t\t\t\t\t\t<\/figure>\n\t\t\t\t\t\t\t\t\t<\/div>\n\t\t\t\t<\/div>\n\t\t\t\t<div class=\"elementor-element elementor-element-7c494e4 elementor-widget elementor-widget-image\" data-id=\"7c494e4\" data-element_type=\"widget\" data-e-type=\"widget\" data-widget_type=\"image.default\">\n\t\t\t\t<div class=\"elementor-widget-container\">\n\t\t\t\t\t\t\t\t\t\t\t\t<figure class=\"wp-caption\">\n\t\t\t\t\t\t\t\t\t\t\t<a href=\"https:\/\/www.anyload.com\/es\/products\/?swoof=1&#038;product_cat=other-scales\">\n\t\t\t\t\t\t\t<img loading=\"lazy\" decoding=\"async\" width=\"450\" height=\"450\" src=\"https:\/\/www.anyload.com\/wp-content\/uploads\/2023\/08\/ES300-shipping-scale.jpg\" class=\"elementor-animation-float attachment-large size-large wp-image-22068\" alt=\"\" srcset=\"https:\/\/www.anyload.com\/wp-content\/uploads\/2023\/08\/ES300-shipping-scale.jpg 450w, https:\/\/www.anyload.com\/wp-content\/uploads\/2023\/08\/ES300-shipping-scale-100x100.jpg 100w, https:\/\/www.anyload.com\/wp-content\/uploads\/2023\/08\/ES300-shipping-scale-300x300.jpg 300w, https:\/\/www.anyload.com\/wp-content\/uploads\/2023\/08\/ES300-shipping-scale-150x150.jpg 150w, https:\/\/www.anyload.com\/wp-content\/uploads\/2023\/08\/ES300-shipping-scale-421x421.jpg 421w\" sizes=\"(max-width: 450px) 100vw, 450px\" \/>\t\t\t\t\t\t\t\t<\/a>\n\t\t\t\t\t\t\t\t\t\t\t<figcaption class=\"widget-image-caption wp-caption-text\">Otras escalas<\/figcaption>\n\t\t\t\t\t\t\t\t\t\t<\/figure>\n\t\t\t\t\t\t\t\t\t<\/div>\n\t\t\t\t<\/div>\n\t\t\t\t<div class=\"elementor-element elementor-element-112aa59 elementor-widget elementor-widget-spacer\" data-id=\"112aa59\" data-element_type=\"widget\" data-e-type=\"widget\" data-widget_type=\"spacer.default\">\n\t\t\t\t<div class=\"elementor-widget-container\">\n\t\t\t\t\t\t\t<div class=\"elementor-spacer\">\n\t\t\t<div class=\"elementor-spacer-inner\"><\/div>\n\t\t<\/div>\n\t\t\t\t\t\t<\/div>\n\t\t\t\t<\/div>\n\t\t\t\t\t<\/div>\n\t\t\t\t<\/div>\n\t\t<div class=\"elementor-element elementor-element-c9f04b4 e-grid e-con-boxed e-con e-parent\" data-id=\"c9f04b4\" data-element_type=\"container\" data-e-type=\"container\">\n\t\t\t\t\t<div class=\"e-con-inner\">\n\t\t\t\t<div class=\"elementor-element elementor-element-593bbf8 elementor-widget elementor-widget-sidebar\" data-id=\"593bbf8\" data-element_type=\"widget\" data-e-type=\"widget\" data-widget_type=\"sidebar.default\">\n\t\t\t\t<div class=\"elementor-widget-container\">\n\t\t\t\t\t<div id=\"modelsearch_widget-8\" class=\"widget widget_modelsearch_widget\"><div class=\"form-wrap\"><h2 class=\"widget-title\">C\u00e9lula de carga<\/h2><div class=\"inner-wrap\"><select id=\"make-drop\"><option>Marca<\/option><option>Y<\/option><option>Cualquier carga<\/option><option>Artech<\/option><option>Avery Weigh-Tronix<\/option><option>Bilanciai<\/option><option>BIM<\/option><option>Cardenal<\/option><option>CAS<\/option><option>Coti Global<\/option><option>Epelsa<\/option><option>Fairbanks<\/option><option>Flintec<\/option><option>HBM<\/option><option>Kelba<\/option><option>Mettler Toledo<\/option><option>PT Global<\/option><option>Lago Rice<\/option><option>Sartorius<\/option><option>Totalcomp<\/option><option>Vishay Sensortronics<\/option><option>Vishay Celtron<\/option><option>Vishay Tedea-Huntleigh<\/option><option>Vishay Revere<\/option><option>Yamato<\/option><option>Carga masiva<\/option><\/select><div id=\"model-wrap\"><select id=\"model-drop\"><option>Modelo<\/option><\/select><\/div><button id=\"reset\">Restablecer<\/button><\/div><\/div><div id=\"result-wrap\"><div id=\"model-link\"><\/div><\/div><\/div>\t\t\t\t<\/div>\n\t\t\t\t<\/div>\n\t\t<div class=\"elementor-element elementor-element-4aa97ac e-flex e-con-boxed e-con e-child\" data-id=\"4aa97ac\" data-element_type=\"container\" data-e-type=\"container\">\n\t\t\t\t\t<div class=\"e-con-inner\">\n\t\t\t\t\t<\/div>\n\t\t\t\t<\/div>\n\t\t\t\t<div class=\"elementor-element elementor-element-05850d7 elementor-widget elementor-widget-spacer\" data-id=\"05850d7\" data-element_type=\"widget\" data-e-type=\"widget\" data-widget_type=\"spacer.default\">\n\t\t\t\t<div class=\"elementor-widget-container\">\n\t\t\t\t\t\t\t<div class=\"elementor-spacer\">\n\t\t\t<div class=\"elementor-spacer-inner\"><\/div>\n\t\t<\/div>\n\t\t\t\t\t\t<\/div>\n\t\t\t\t<\/div>\n\t\t\t\t\t<\/div>\n\t\t\t\t<\/div>\n\t\t\t\t<\/div>","protected":false},"excerpt":{"rendered":"<p>ANYLOAD has a wide variety of scales that include: animal and vet scales, balances, bench scales, counting scales, crane scales, [&hellip;]<\/p>","protected":false},"author":4,"featured_media":0,"parent":0,"menu_order":3,"comment_status":"closed","ping_status":"closed","template":"","meta":{"_acf_changed":false,"site-sidebar-layout":"no-sidebar","site-content-layout":"page-builder","ast-site-content-layout":"default","site-content-style":"default","site-sidebar-style":"default","ast-global-header-display":"","ast-banner-title-visibility":"","ast-main-header-display":"","ast-hfb-above-header-display":"","ast-hfb-below-header-display":"","ast-hfb-mobile-header-display":"","site-post-title":"disabled","ast-breadcrumbs-content":"","ast-featured-img":"disabled","footer-sml-layout":"","ast-disable-related-posts":"","theme-transparent-header-meta":"","adv-header-id-meta":"","stick-header-meta":"","header-above-stick-meta":"","header-main-stick-meta":"","header-below-stick-meta":"","astra-migrate-meta-layouts":"default","ast-page-background-enabled":"default","ast-page-background-meta":{"desktop":{"background-color":"var(--ast-global-color-4)","background-image":"","background-repeat":"repeat","background-position":"center center","background-size":"auto","background-attachment":"scroll","background-type":"","background-media":"","overlay-type":"","overlay-color":"","overlay-opacity":"","overlay-gradient":""},"tablet":{"background-color":"","background-image":"","background-repeat":"repeat","background-position":"center center","background-size":"auto","background-attachment":"scroll","background-type":"","background-media":"","overlay-type":"","overlay-color":"","overlay-opacity":"","overlay-gradient":""},"mobile":{"background-color":"","background-image":"","background-repeat":"repeat","background-position":"center center","background-size":"auto","background-attachment":"scroll","background-type":"","background-media":"","overlay-type":"","overlay-color":"","overlay-opacity":"","overlay-gradient":""}},"ast-content-background-meta":{"desktop":{"background-color":"var(--ast-global-color-5)","background-image":"","background-repeat":"repeat","background-position":"center center","background-size":"auto","background-attachment":"scroll","background-type":"","background-media":"","overlay-type":"","overlay-color":"","overlay-opacity":"","overlay-gradient":""},"tablet":{"background-color":"var(--ast-global-color-5)","background-image":"","background-repeat":"repeat","background-position":"center center","background-size":"auto","background-attachment":"scroll","background-type":"","background-media":"","overlay-type":"","overlay-color":"","overlay-opacity":"","overlay-gradient":""},"mobile":{"background-color":"var(--ast-global-color-5)","background-image":"","background-repeat":"repeat","background-position":"center center","background-size":"auto","background-attachment":"scroll","background-type":"","background-media":"","overlay-type":"","overlay-color":"","overlay-opacity":"","overlay-gradient":""}},"footnotes":""},"class_list":["post-25782","page","type-page","status-publish","hentry"],"acf":[],"_links":{"self":[{"href":"https:\/\/www.anyload.com\/es\/wp-json\/wp\/v2\/pages\/25782","targetHints":{"allow":["GET"]}}],"collection":[{"href":"https:\/\/www.anyload.com\/es\/wp-json\/wp\/v2\/pages"}],"about":[{"href":"https:\/\/www.anyload.com\/es\/wp-json\/wp\/v2\/types\/page"}],"author":[{"embeddable":true,"href":"https:\/\/www.anyload.com\/es\/wp-json\/wp\/v2\/users\/4"}],"replies":[{"embeddable":true,"href":"https:\/\/www.anyload.com\/es\/wp-json\/wp\/v2\/comments?post=25782"}],"version-history":[{"count":6,"href":"https:\/\/www.anyload.com\/es\/wp-json\/wp\/v2\/pages\/25782\/revisions"}],"predecessor-version":[{"id":43723,"href":"https:\/\/www.anyload.com\/es\/wp-json\/wp\/v2\/pages\/25782\/revisions\/43723"}],"wp:attachment":[{"href":"https:\/\/www.anyload.com\/es\/wp-json\/wp\/v2\/media?parent=25782"}],"curies":[{"name":"wp","href":"https:\/\/api.w.org\/{rel}","templated":true}]}}