{"id":25773,"date":"2024-01-08T14:40:12","date_gmt":"2024-01-08T22:40:12","guid":{"rendered":"https:\/\/www.anyload.com\/?page_id=25773"},"modified":"2024-07-18T15:42:28","modified_gmt":"2024-07-18T22:42:28","slug":"hardware-and-accessories-categories","status":"publish","type":"page","link":"https:\/\/www.anyload.com\/es\/hardware-and-accessories-categories\/","title":{"rendered":"HARDWARE AND ACCESSORIES"},"content":{"rendered":"<div data-elementor-type=\"wp-page\" data-elementor-id=\"25773\" class=\"elementor elementor-25773\" data-elementor-post-type=\"page\">\n\t\t\t\t<div class=\"elementor-element elementor-element-1b3ba07 e-flex e-con-boxed e-con e-parent\" data-id=\"1b3ba07\" data-element_type=\"container\">\n\t\t\t\t\t<div class=\"e-con-inner\">\n\t\t\t\t<div class=\"elementor-element elementor-element-6a02d67 elementor-widget elementor-widget-woocommerce-breadcrumb\" data-id=\"6a02d67\" data-element_type=\"widget\" data-widget_type=\"woocommerce-breadcrumb.default\">\n\t\t\t\t<div class=\"elementor-widget-container\">\n\t\t\t\t\t<nav class=\"woocommerce-breadcrumb\" aria-label=\"Breadcrumb\" data-no-translation=\"\" data-trp-gettext=\"\">Inicio<\/nav>\t\t\t\t<\/div>\n\t\t\t\t<\/div>\n\t\t\t\t<div class=\"elementor-element elementor-element-bbf0659 elementor-widget elementor-widget-text-editor\" data-id=\"bbf0659\" data-element_type=\"widget\" data-widget_type=\"text-editor.default\">\n\t\t\t\t<div class=\"elementor-widget-container\">\n\t\t\t\t\t\t\t\t\t<p>Nuestra l\u00ednea de herrajes y accesorios para cargas incluye kits de c\u00e9lulas de carga, pies de montaje y nivelaci\u00f3n de c\u00e9lulas de carga, espaciadores y cu\u00f1as, cabezas de r\u00f3tula, c\u00e1ncamos, cable de c\u00e9lula de carga, conectores de c\u00e9lula de carga, kits de empalme de cable, pararrayos, grilletes, protectores de b\u00e1scula de suelo, protecci\u00f3n de parachoques de b\u00e1scula de suelo y rampas de b\u00e1scula de suelo.<\/p>\t\t\t\t\t\t\t\t<\/div>\n\t\t\t\t<\/div>\n\t\t\t\t\t<\/div>\n\t\t\t\t<\/div>\n\t\t<div class=\"elementor-element elementor-element-ae5e873 e-grid e-con-boxed e-con e-parent\" data-id=\"ae5e873\" data-element_type=\"container\">\n\t\t\t\t\t<div class=\"e-con-inner\">\n\t\t\t\t<div class=\"elementor-element elementor-element-93c378c elementor-widget elementor-widget-image\" data-id=\"93c378c\" data-element_type=\"widget\" data-settings=\"{&quot;_animation&quot;:&quot;none&quot;}\" data-widget_type=\"image.default\">\n\t\t\t\t<div class=\"elementor-widget-container\">\n\t\t\t\t\t\t\t\t\t\t\t\t<figure class=\"wp-caption\">\n\t\t\t\t\t\t\t\t\t\t\t<a href=\"https:\/\/www.anyload.com\/es\/products\/?swoof=1&#038;product_cat=cable-and-cable-connectors-accessories\">\n\t\t\t\t\t\t\t<img fetchpriority=\"high\" decoding=\"async\" width=\"450\" height=\"450\" src=\"https:\/\/www.anyload.com\/wp-content\/uploads\/2015\/09\/cable-and-cable-accessories-category-compressed.jpg\" class=\"elementor-animation-float attachment-large size-large wp-image-10155\" alt=\"Cables y accesorios\" srcset=\"https:\/\/www.anyload.com\/wp-content\/uploads\/2015\/09\/cable-and-cable-accessories-category-compressed.jpg 450w, https:\/\/www.anyload.com\/wp-content\/uploads\/2015\/09\/cable-and-cable-accessories-category-compressed-100x100.jpg 100w, https:\/\/www.anyload.com\/wp-content\/uploads\/2015\/09\/cable-and-cable-accessories-category-compressed-300x300.jpg 300w, https:\/\/www.anyload.com\/wp-content\/uploads\/2015\/09\/cable-and-cable-accessories-category-compressed-421x421.jpg 421w, https:\/\/www.anyload.com\/wp-content\/uploads\/2015\/09\/cable-and-cable-accessories-category-compressed-150x150.jpg 150w\" sizes=\"(max-width: 450px) 100vw, 450px\" \/>\t\t\t\t\t\t\t\t<\/a>\n\t\t\t\t\t\t\t\t\t\t\t<figcaption class=\"widget-image-caption wp-caption-text\">Cable, Cable Connectors and Accessories<\/figcaption>\n\t\t\t\t\t\t\t\t\t\t<\/figure>\n\t\t\t\t\t\t\t\t\t<\/div>\n\t\t\t\t<\/div>\n\t\t\t\t<div class=\"elementor-element elementor-element-c8e2200 elementor-widget elementor-widget-image\" data-id=\"c8e2200\" data-element_type=\"widget\" data-widget_type=\"image.default\">\n\t\t\t\t<div class=\"elementor-widget-container\">\n\t\t\t\t\t\t\t\t\t\t\t\t<figure class=\"wp-caption\">\n\t\t\t\t\t\t\t\t\t\t\t<a href=\"https:\/\/www.anyload.com\/es\/products\/?swoof=1&#038;product_cat=shackles\">\n\t\t\t\t\t\t\t<img decoding=\"async\" width=\"450\" height=\"450\" src=\"https:\/\/www.anyload.com\/wp-content\/uploads\/2023\/08\/RBXS-shackle.jpg\" class=\"elementor-animation-float attachment-large size-large wp-image-22220\" alt=\"\" srcset=\"https:\/\/www.anyload.com\/wp-content\/uploads\/2023\/08\/RBXS-shackle.jpg 450w, https:\/\/www.anyload.com\/wp-content\/uploads\/2023\/08\/RBXS-shackle-100x100.jpg 100w, https:\/\/www.anyload.com\/wp-content\/uploads\/2023\/08\/RBXS-shackle-300x300.jpg 300w, https:\/\/www.anyload.com\/wp-content\/uploads\/2023\/08\/RBXS-shackle-150x150.jpg 150w, https:\/\/www.anyload.com\/wp-content\/uploads\/2023\/08\/RBXS-shackle-421x421.jpg 421w\" sizes=\"(max-width: 450px) 100vw, 450px\" \/>\t\t\t\t\t\t\t\t<\/a>\n\t\t\t\t\t\t\t\t\t\t\t<figcaption class=\"widget-image-caption wp-caption-text\">Grilletes<\/figcaption>\n\t\t\t\t\t\t\t\t\t\t<\/figure>\n\t\t\t\t\t\t\t\t\t<\/div>\n\t\t\t\t<\/div>\n\t\t\t\t<div class=\"elementor-element elementor-element-d217ab3 elementor-widget elementor-widget-image\" data-id=\"d217ab3\" data-element_type=\"widget\" data-widget_type=\"image.default\">\n\t\t\t\t<div class=\"elementor-widget-container\">\n\t\t\t\t\t\t\t\t\t\t\t\t<figure class=\"wp-caption\">\n\t\t\t\t\t\t\t\t\t\t\t<a href=\"https:\/\/www.anyload.com\/es\/products\/?swoof=1&#038;product_cat=floor-scale-accessories\">\n\t\t\t\t\t\t\t<img decoding=\"async\" width=\"450\" height=\"450\" src=\"https:\/\/www.anyload.com\/wp-content\/uploads\/2014\/04\/QS3-load-cell-kit1.jpg\" class=\"elementor-animation-float attachment-large size-large wp-image-4768\" alt=\"QS5 Load Cell Kit, Stainless Steel, Full Scale Output: 3mV\/V, NTEP Certified Load Cells\" srcset=\"https:\/\/www.anyload.com\/wp-content\/uploads\/2014\/04\/QS3-load-cell-kit1.jpg 450w, https:\/\/www.anyload.com\/wp-content\/uploads\/2014\/04\/QS3-load-cell-kit1-100x100.jpg 100w, https:\/\/www.anyload.com\/wp-content\/uploads\/2014\/04\/QS3-load-cell-kit1-300x300.jpg 300w, https:\/\/www.anyload.com\/wp-content\/uploads\/2014\/04\/QS3-load-cell-kit1-421x421.jpg 421w, https:\/\/www.anyload.com\/wp-content\/uploads\/2014\/04\/QS3-load-cell-kit1-150x150.jpg 150w\" sizes=\"(max-width: 450px) 100vw, 450px\" \/>\t\t\t\t\t\t\t\t<\/a>\n\t\t\t\t\t\t\t\t\t\t\t<figcaption class=\"widget-image-caption wp-caption-text\">Accesorios para balanzas de suelo<\/figcaption>\n\t\t\t\t\t\t\t\t\t\t<\/figure>\n\t\t\t\t\t\t\t\t\t<\/div>\n\t\t\t\t<\/div>\n\t\t\t\t<div class=\"elementor-element elementor-element-0cb2fa9 elementor-widget elementor-widget-image\" data-id=\"0cb2fa9\" data-element_type=\"widget\" data-widget_type=\"image.default\">\n\t\t\t\t<div class=\"elementor-widget-container\">\n\t\t\t\t\t\t\t\t\t\t\t\t<figure class=\"wp-caption\">\n\t\t\t\t\t\t\t\t\t\t\t<a href=\"https:\/\/www.anyload.com\/es\/products\/?swoof=1&#038;product_cat=hardware-and-miscellaneous\">\n\t\t\t\t\t\t\t<img loading=\"lazy\" decoding=\"async\" width=\"450\" height=\"450\" src=\"https:\/\/www.anyload.com\/wp-content\/uploads\/2014\/04\/EYE-eye-bolt.jpg\" class=\"elementor-animation-float attachment-large size-large wp-image-4760\" alt=\"EYE Eye Bolt, Cast Alloy Steel\" srcset=\"https:\/\/www.anyload.com\/wp-content\/uploads\/2014\/04\/EYE-eye-bolt.jpg 450w, https:\/\/www.anyload.com\/wp-content\/uploads\/2014\/04\/EYE-eye-bolt-100x100.jpg 100w, https:\/\/www.anyload.com\/wp-content\/uploads\/2014\/04\/EYE-eye-bolt-300x300.jpg 300w, https:\/\/www.anyload.com\/wp-content\/uploads\/2014\/04\/EYE-eye-bolt-421x421.jpg 421w, https:\/\/www.anyload.com\/wp-content\/uploads\/2014\/04\/EYE-eye-bolt-150x150.jpg 150w\" sizes=\"(max-width: 450px) 100vw, 450px\" \/>\t\t\t\t\t\t\t\t<\/a>\n\t\t\t\t\t\t\t\t\t\t\t<figcaption class=\"widget-image-caption wp-caption-text\">Hardware y varios<\/figcaption>\n\t\t\t\t\t\t\t\t\t\t<\/figure>\n\t\t\t\t\t\t\t\t\t<\/div>\n\t\t\t\t<\/div>\n\t\t\t\t<div class=\"elementor-element elementor-element-112aa59 elementor-widget elementor-widget-spacer\" data-id=\"112aa59\" data-element_type=\"widget\" data-widget_type=\"spacer.default\">\n\t\t\t\t<div class=\"elementor-widget-container\">\n\t\t\t\t\t\t\t<div class=\"elementor-spacer\">\n\t\t\t<div class=\"elementor-spacer-inner\"><\/div>\n\t\t<\/div>\n\t\t\t\t\t\t<\/div>\n\t\t\t\t<\/div>\n\t\t\t\t\t<\/div>\n\t\t\t\t<\/div>\n\t\t<div class=\"elementor-element elementor-element-16051a0 e-grid e-con-boxed e-con e-parent\" data-id=\"16051a0\" data-element_type=\"container\">\n\t\t\t\t\t<div class=\"e-con-inner\">\n\t\t\t\t<div class=\"elementor-element elementor-element-850fb55 elementor-widget elementor-widget-sidebar\" data-id=\"850fb55\" data-element_type=\"widget\" data-widget_type=\"sidebar.default\">\n\t\t\t\t<div class=\"elementor-widget-container\">\n\t\t\t\t\t<div id=\"modelsearch_widget-8\" class=\"widget widget_modelsearch_widget\"><div class=\"form-wrap\"><h2 class=\"widget-title\">C\u00e9lula de carga<\/h2><div class=\"inner-wrap\"><select id=\"make-drop\"><option>Marca<\/option><option>Y<\/option><option>Cualquier carga<\/option><option>Artech<\/option><option>Avery Weigh-Tronix<\/option><option>Bilanciai<\/option><option>BIM<\/option><option>Cardenal<\/option><option>CAS<\/option><option>Coti Global<\/option><option>Epelsa<\/option><option>Fairbanks<\/option><option>Flintec<\/option><option>HBM<\/option><option>Kelba<\/option><option>Mettler Toledo<\/option><option>PT Global<\/option><option>Lago Rice<\/option><option>Sartorius<\/option><option>Totalcomp<\/option><option>Vishay Sensortronics<\/option><option>Vishay Celtron<\/option><option>Vishay Tedea-Huntleigh<\/option><option>Vishay Revere<\/option><option>Yamato<\/option><option>Carga masiva<\/option><\/select><div id=\"model-wrap\"><select id=\"model-drop\"><option>Modelo<\/option><\/select><\/div><button id=\"reset\">Restablecer<\/button><\/div><\/div><div id=\"result-wrap\"><div id=\"model-link\"><\/div><\/div><\/div>\t\t\t\t<\/div>\n\t\t\t\t<\/div>\n\t\t<div class=\"elementor-element elementor-element-f5b8b1b e-flex e-con-boxed e-con e-child\" data-id=\"f5b8b1b\" data-element_type=\"container\">\n\t\t\t\t\t<div class=\"e-con-inner\">\n\t\t\t\t\t<\/div>\n\t\t\t\t<\/div>\n\t\t\t\t<div class=\"elementor-element elementor-element-fe06adc elementor-widget elementor-widget-spacer\" data-id=\"fe06adc\" data-element_type=\"widget\" data-widget_type=\"spacer.default\">\n\t\t\t\t<div class=\"elementor-widget-container\">\n\t\t\t\t\t\t\t<div class=\"elementor-spacer\">\n\t\t\t<div class=\"elementor-spacer-inner\"><\/div>\n\t\t<\/div>\n\t\t\t\t\t\t<\/div>\n\t\t\t\t<\/div>\n\t\t\t\t\t<\/div>\n\t\t\t\t<\/div>\n\t\t\t\t<\/div>","protected":false},"excerpt":{"rendered":"<p>Our line of load hardware and accessories includes load cell kits, load cell mounting and leveling feet, spacers and shims, [&hellip;]<\/p>","protected":false},"author":4,"featured_media":0,"parent":0,"menu_order":3,"comment_status":"closed","ping_status":"closed","template":"","meta":{"_acf_changed":false,"site-sidebar-layout":"no-sidebar","site-content-layout":"page-builder","ast-site-content-layout":"default","site-content-style":"default","site-sidebar-style":"default","ast-global-header-display":"","ast-banner-title-visibility":"","ast-main-header-display":"","ast-hfb-above-header-display":"","ast-hfb-below-header-display":"","ast-hfb-mobile-header-display":"","site-post-title":"disabled","ast-breadcrumbs-content":"","ast-featured-img":"disabled","footer-sml-layout":"","ast-disable-related-posts":"","theme-transparent-header-meta":"","adv-header-id-meta":"","stick-header-meta":"","header-above-stick-meta":"","header-main-stick-meta":"","header-below-stick-meta":"","astra-migrate-meta-layouts":"default","ast-page-background-enabled":"default","ast-page-background-meta":{"desktop":{"background-color":"var(--ast-global-color-4)","background-image":"","background-repeat":"repeat","background-position":"center center","background-size":"auto","background-attachment":"scroll","background-type":"","background-media":"","overlay-type":"","overlay-color":"","overlay-opacity":"","overlay-gradient":""},"tablet":{"background-color":"","background-image":"","background-repeat":"repeat","background-position":"center center","background-size":"auto","background-attachment":"scroll","background-type":"","background-media":"","overlay-type":"","overlay-color":"","overlay-opacity":"","overlay-gradient":""},"mobile":{"background-color":"","background-image":"","background-repeat":"repeat","background-position":"center center","background-size":"auto","background-attachment":"scroll","background-type":"","background-media":"","overlay-type":"","overlay-color":"","overlay-opacity":"","overlay-gradient":""}},"ast-content-background-meta":{"desktop":{"background-color":"var(--ast-global-color-5)","background-image":"","background-repeat":"repeat","background-position":"center center","background-size":"auto","background-attachment":"scroll","background-type":"","background-media":"","overlay-type":"","overlay-color":"","overlay-opacity":"","overlay-gradient":""},"tablet":{"background-color":"var(--ast-global-color-5)","background-image":"","background-repeat":"repeat","background-position":"center center","background-size":"auto","background-attachment":"scroll","background-type":"","background-media":"","overlay-type":"","overlay-color":"","overlay-opacity":"","overlay-gradient":""},"mobile":{"background-color":"var(--ast-global-color-5)","background-image":"","background-repeat":"repeat","background-position":"center center","background-size":"auto","background-attachment":"scroll","background-type":"","background-media":"","overlay-type":"","overlay-color":"","overlay-opacity":"","overlay-gradient":""}},"footnotes":""},"class_list":["post-25773","page","type-page","status-publish","hentry"],"acf":[],"_links":{"self":[{"href":"https:\/\/www.anyload.com\/es\/wp-json\/wp\/v2\/pages\/25773","targetHints":{"allow":["GET"]}}],"collection":[{"href":"https:\/\/www.anyload.com\/es\/wp-json\/wp\/v2\/pages"}],"about":[{"href":"https:\/\/www.anyload.com\/es\/wp-json\/wp\/v2\/types\/page"}],"author":[{"embeddable":true,"href":"https:\/\/www.anyload.com\/es\/wp-json\/wp\/v2\/users\/4"}],"replies":[{"embeddable":true,"href":"https:\/\/www.anyload.com\/es\/wp-json\/wp\/v2\/comments?post=25773"}],"version-history":[{"count":0,"href":"https:\/\/www.anyload.com\/es\/wp-json\/wp\/v2\/pages\/25773\/revisions"}],"wp:attachment":[{"href":"https:\/\/www.anyload.com\/es\/wp-json\/wp\/v2\/media?parent=25773"}],"curies":[{"name":"wp","href":"https:\/\/api.w.org\/{rel}","templated":true}]}}