{"id":25760,"date":"2024-01-08T14:32:18","date_gmt":"2024-01-08T22:32:18","guid":{"rendered":"https:\/\/www.anyload.com\/?page_id=25760"},"modified":"2024-07-15T11:24:32","modified_gmt":"2024-07-15T18:24:32","slug":"weigh-modules-categories","status":"publish","type":"page","link":"https:\/\/www.anyload.com\/es\/weigh-modules-categories\/","title":{"rendered":"M\u00d3DULOS DE PESAJE"},"content":{"rendered":"<div data-elementor-type=\"wp-page\" data-elementor-id=\"25760\" class=\"elementor elementor-25760\" data-elementor-post-type=\"page\">\n\t\t\t\t<div class=\"elementor-element elementor-element-1b3ba07 e-flex e-con-boxed e-con e-parent\" data-id=\"1b3ba07\" data-element_type=\"container\" data-e-type=\"container\">\n\t\t\t\t\t<div class=\"e-con-inner\">\n\t\t\t\t<div class=\"elementor-element elementor-element-6a02d67 elementor-widget elementor-widget-woocommerce-breadcrumb\" data-id=\"6a02d67\" data-element_type=\"widget\" data-e-type=\"widget\" data-widget_type=\"woocommerce-breadcrumb.default\">\n\t\t\t\t<div class=\"elementor-widget-container\">\n\t\t\t\t\t<nav class=\"woocommerce-breadcrumb\" aria-label=\"Breadcrumb\" data-no-translation=\"\" data-trp-gettext=\"\">Inicio<\/nav>\t\t\t\t<\/div>\n\t\t\t\t<\/div>\n\t\t\t\t<div class=\"elementor-element elementor-element-8cf15cb elementor-widget elementor-widget-text-editor\" data-id=\"8cf15cb\" data-element_type=\"widget\" data-e-type=\"widget\" data-widget_type=\"text-editor.default\">\n\t\t\t\t<div class=\"elementor-widget-container\">\n\t\t\t\t\t\t\t\t\t<p>ANYLOAD tiene una l\u00ednea completa de m\u00f3dulos de pesaje de tensi\u00f3n y compresi\u00f3n que proporcionan una excelente protecci\u00f3n de la c\u00e9lula de carga y permiten un rendimiento \u00f3ptimo de la c\u00e9lula de carga. Los m\u00f3dulos de pesaje ANYLOAD est\u00e1n respaldados por gu\u00edas de montaje y planos en l\u00ednea para facilitar la instalaci\u00f3n.<\/p>\t\t\t\t\t\t\t\t<\/div>\n\t\t\t\t<\/div>\n\t\t\t\t\t<\/div>\n\t\t\t\t<\/div>\n\t\t<div class=\"elementor-element elementor-element-ae5e873 e-grid e-con-boxed e-con e-parent\" data-id=\"ae5e873\" data-element_type=\"container\" data-e-type=\"container\">\n\t\t\t\t\t<div class=\"e-con-inner\">\n\t\t\t\t<div class=\"elementor-element elementor-element-93c378c elementor-widget elementor-widget-image\" data-id=\"93c378c\" data-element_type=\"widget\" data-e-type=\"widget\" data-settings=\"{&quot;_animation&quot;:&quot;none&quot;}\" data-widget_type=\"image.default\">\n\t\t\t\t<div class=\"elementor-widget-container\">\n\t\t\t\t\t\t\t\t\t\t\t\t<figure class=\"wp-caption\">\n\t\t\t\t\t\t\t\t\t\t\t<a href=\"https:\/\/www.anyload.com\/es\/products\/?swoof=1&#038;product_cat=compression-weigh-modules\">\n\t\t\t\t\t\t\t<img fetchpriority=\"high\" decoding=\"async\" width=\"1024\" height=\"1024\" src=\"https:\/\/www.anyload.com\/wp-content\/uploads\/2016\/03\/102DSM3-ISO-scaled-1024x1024.jpg\" class=\"elementor-animation-float attachment-large size-large wp-image-30336\" alt=\"\" srcset=\"https:\/\/www.anyload.com\/wp-content\/uploads\/2016\/03\/102DSM3-ISO-scaled-1024x1024.jpg 1024w, https:\/\/www.anyload.com\/wp-content\/uploads\/2016\/03\/102DSM3-ISO-scaled-450x450.jpg 450w, https:\/\/www.anyload.com\/wp-content\/uploads\/2016\/03\/102DSM3-ISO-scaled-150x150.jpg 150w, https:\/\/www.anyload.com\/wp-content\/uploads\/2016\/03\/102DSM3-ISO-scaled-768x768.jpg 768w, https:\/\/www.anyload.com\/wp-content\/uploads\/2016\/03\/102DSM3-ISO-scaled-1536x1536.jpg 1536w, https:\/\/www.anyload.com\/wp-content\/uploads\/2016\/03\/102DSM3-ISO-scaled-2048x2048.jpg 2048w, https:\/\/www.anyload.com\/wp-content\/uploads\/2016\/03\/102DSM3-ISO-scaled-500x500.jpg 500w, https:\/\/www.anyload.com\/wp-content\/uploads\/2016\/03\/102DSM3-ISO-scaled-100x100.jpg 100w\" sizes=\"(max-width: 1024px) 100vw, 1024px\" \/>\t\t\t\t\t\t\t\t<\/a>\n\t\t\t\t\t\t\t\t\t\t\t<figcaption class=\"widget-image-caption wp-caption-text\">M\u00f3dulos de pesaje por compresi\u00f3n<\/figcaption>\n\t\t\t\t\t\t\t\t\t\t<\/figure>\n\t\t\t\t\t\t\t\t\t<\/div>\n\t\t\t\t<\/div>\n\t\t\t\t<div class=\"elementor-element elementor-element-3eadb13 elementor-widget elementor-widget-image\" data-id=\"3eadb13\" data-element_type=\"widget\" data-e-type=\"widget\" data-widget_type=\"image.default\">\n\t\t\t\t<div class=\"elementor-widget-container\">\n\t\t\t\t\t\t\t\t\t\t\t\t<figure class=\"wp-caption\">\n\t\t\t\t\t\t\t\t\t\t\t<a href=\"https:\/\/www.anyload.com\/es\/products\/?swoof=1&#038;product_cat=tension-weigh-modules\">\n\t\t\t\t\t\t\t<img decoding=\"async\" width=\"1024\" height=\"1024\" src=\"https:\/\/www.anyload.com\/wp-content\/uploads\/2024\/07\/101BHM2-1024x1024.png\" class=\"elementor-animation-float attachment-large size-large wp-image-32441\" alt=\"\" srcset=\"https:\/\/www.anyload.com\/wp-content\/uploads\/2024\/07\/101BHM2-1024x1024.png 1024w, https:\/\/www.anyload.com\/wp-content\/uploads\/2024\/07\/101BHM2-450x450.png 450w, https:\/\/www.anyload.com\/wp-content\/uploads\/2024\/07\/101BHM2-150x150.png 150w, https:\/\/www.anyload.com\/wp-content\/uploads\/2024\/07\/101BHM2-768x768.png 768w, https:\/\/www.anyload.com\/wp-content\/uploads\/2024\/07\/101BHM2-1536x1536.png 1536w, https:\/\/www.anyload.com\/wp-content\/uploads\/2024\/07\/101BHM2-2048x2048.png 2048w, https:\/\/www.anyload.com\/wp-content\/uploads\/2024\/07\/101BHM2-500x500.png 500w, https:\/\/www.anyload.com\/wp-content\/uploads\/2024\/07\/101BHM2-100x100.png 100w\" sizes=\"(max-width: 1024px) 100vw, 1024px\" \/>\t\t\t\t\t\t\t\t<\/a>\n\t\t\t\t\t\t\t\t\t\t\t<figcaption class=\"widget-image-caption wp-caption-text\">M\u00f3dulos de pesaje bajo tensi\u00f3n<\/figcaption>\n\t\t\t\t\t\t\t\t\t\t<\/figure>\n\t\t\t\t\t\t\t\t\t<\/div>\n\t\t\t\t<\/div>\n\t\t\t\t<div class=\"elementor-element elementor-element-c8e2200 elementor-widget elementor-widget-image\" data-id=\"c8e2200\" data-element_type=\"widget\" data-e-type=\"widget\" data-widget_type=\"image.default\">\n\t\t\t\t<div class=\"elementor-widget-container\">\n\t\t\t\t\t\t\t\t\t\t\t\t<figure class=\"wp-caption\">\n\t\t\t\t\t\t\t\t\t\t\t<a href=\"https:\/\/www.anyload.com\/es\/products\/?swoof=1&#038;product_cat=module-kits\">\n\t\t\t\t\t\t\t<img decoding=\"async\" width=\"450\" height=\"450\" src=\"https:\/\/www.anyload.com\/wp-content\/uploads\/2023\/08\/MK4-563RSM5-Weigh-Module-Kit.jpg\" class=\"elementor-animation-float attachment-large size-large wp-image-22362\" alt=\"\" srcset=\"https:\/\/www.anyload.com\/wp-content\/uploads\/2023\/08\/MK4-563RSM5-Weigh-Module-Kit.jpg 450w, https:\/\/www.anyload.com\/wp-content\/uploads\/2023\/08\/MK4-563RSM5-Weigh-Module-Kit-100x100.jpg 100w, https:\/\/www.anyload.com\/wp-content\/uploads\/2023\/08\/MK4-563RSM5-Weigh-Module-Kit-300x300.jpg 300w, https:\/\/www.anyload.com\/wp-content\/uploads\/2023\/08\/MK4-563RSM5-Weigh-Module-Kit-150x150.jpg 150w, https:\/\/www.anyload.com\/wp-content\/uploads\/2023\/08\/MK4-563RSM5-Weigh-Module-Kit-421x421.jpg 421w\" sizes=\"(max-width: 450px) 100vw, 450px\" \/>\t\t\t\t\t\t\t\t<\/a>\n\t\t\t\t\t\t\t\t\t\t\t<figcaption class=\"widget-image-caption wp-caption-text\">Kits de m\u00f3dulos de pesaje<\/figcaption>\n\t\t\t\t\t\t\t\t\t\t<\/figure>\n\t\t\t\t\t\t\t\t\t<\/div>\n\t\t\t\t<\/div>\n\t\t\t\t<div class=\"elementor-element elementor-element-112aa59 elementor-widget elementor-widget-spacer\" data-id=\"112aa59\" data-element_type=\"widget\" data-e-type=\"widget\" data-widget_type=\"spacer.default\">\n\t\t\t\t<div class=\"elementor-widget-container\">\n\t\t\t\t\t\t\t<div class=\"elementor-spacer\">\n\t\t\t<div class=\"elementor-spacer-inner\"><\/div>\n\t\t<\/div>\n\t\t\t\t\t\t<\/div>\n\t\t\t\t<\/div>\n\t\t\t\t\t<\/div>\n\t\t\t\t<\/div>\n\t\t<div class=\"elementor-element elementor-element-7c56fb6 e-grid e-con-boxed e-con e-parent\" data-id=\"7c56fb6\" data-element_type=\"container\" data-e-type=\"container\">\n\t\t\t\t\t<div class=\"e-con-inner\">\n\t\t\t\t<div class=\"elementor-element elementor-element-d4f95a1 elementor-widget elementor-widget-sidebar\" data-id=\"d4f95a1\" data-element_type=\"widget\" data-e-type=\"widget\" data-widget_type=\"sidebar.default\">\n\t\t\t\t<div class=\"elementor-widget-container\">\n\t\t\t\t\t<div id=\"modelsearch_widget-8\" class=\"widget widget_modelsearch_widget\"><div class=\"form-wrap\"><h2 class=\"widget-title\">C\u00e9lula de carga<\/h2><div class=\"inner-wrap\"><select id=\"make-drop\"><option>Marca<\/option><option>Y<\/option><option>Cualquier carga<\/option><option>Artech<\/option><option>Avery Weigh-Tronix<\/option><option>Bilanciai<\/option><option>BIM<\/option><option>Cardenal<\/option><option>CAS<\/option><option>Coti Global<\/option><option>Epelsa<\/option><option>Fairbanks<\/option><option>Flintec<\/option><option>HBM<\/option><option>Kelba<\/option><option>Mettler Toledo<\/option><option>PT Global<\/option><option>Lago Rice<\/option><option>Sartorius<\/option><option>Totalcomp<\/option><option>Vishay Sensortronics<\/option><option>Vishay Celtron<\/option><option>Vishay Tedea-Huntleigh<\/option><option>Vishay Revere<\/option><option>Yamato<\/option><option>Carga masiva<\/option><\/select><div id=\"model-wrap\"><select id=\"model-drop\"><option>Modelo<\/option><\/select><\/div><button id=\"reset\">Restablecer<\/button><\/div><\/div><div id=\"result-wrap\"><div id=\"model-link\"><\/div><\/div><\/div>\t\t\t\t<\/div>\n\t\t\t\t<\/div>\n\t\t\t\t<div class=\"elementor-element elementor-element-230529b elementor-widget elementor-widget-spacer\" data-id=\"230529b\" data-element_type=\"widget\" data-e-type=\"widget\" data-widget_type=\"spacer.default\">\n\t\t\t\t<div class=\"elementor-widget-container\">\n\t\t\t\t\t\t\t<div class=\"elementor-spacer\">\n\t\t\t<div class=\"elementor-spacer-inner\"><\/div>\n\t\t<\/div>\n\t\t\t\t\t\t<\/div>\n\t\t\t\t<\/div>\n\t\t\t\t<div class=\"elementor-element elementor-element-d1cfc70 elementor-widget elementor-widget-spacer\" data-id=\"d1cfc70\" data-element_type=\"widget\" data-e-type=\"widget\" data-widget_type=\"spacer.default\">\n\t\t\t\t<div class=\"elementor-widget-container\">\n\t\t\t\t\t\t\t<div class=\"elementor-spacer\">\n\t\t\t<div class=\"elementor-spacer-inner\"><\/div>\n\t\t<\/div>\n\t\t\t\t\t\t<\/div>\n\t\t\t\t<\/div>\n\t\t\t\t\t<\/div>\n\t\t\t\t<\/div>\n\t\t\t\t<\/div>","protected":false},"excerpt":{"rendered":"<p>ANYLOAD has a comprehensive line of tension and compression weigh modules that provide excellent load cell protection and allow for [&hellip;]<\/p>","protected":false},"author":4,"featured_media":0,"parent":0,"menu_order":3,"comment_status":"closed","ping_status":"closed","template":"","meta":{"_acf_changed":false,"site-sidebar-layout":"no-sidebar","site-content-layout":"page-builder","ast-site-content-layout":"default","site-content-style":"default","site-sidebar-style":"default","ast-global-header-display":"","ast-banner-title-visibility":"","ast-main-header-display":"","ast-hfb-above-header-display":"","ast-hfb-below-header-display":"","ast-hfb-mobile-header-display":"","site-post-title":"disabled","ast-breadcrumbs-content":"","ast-featured-img":"disabled","footer-sml-layout":"","ast-disable-related-posts":"","theme-transparent-header-meta":"","adv-header-id-meta":"","stick-header-meta":"","header-above-stick-meta":"","header-main-stick-meta":"","header-below-stick-meta":"","astra-migrate-meta-layouts":"default","ast-page-background-enabled":"default","ast-page-background-meta":{"desktop":{"background-color":"var(--ast-global-color-4)","background-image":"","background-repeat":"repeat","background-position":"center center","background-size":"auto","background-attachment":"scroll","background-type":"","background-media":"","overlay-type":"","overlay-color":"","overlay-opacity":"","overlay-gradient":""},"tablet":{"background-color":"","background-image":"","background-repeat":"repeat","background-position":"center center","background-size":"auto","background-attachment":"scroll","background-type":"","background-media":"","overlay-type":"","overlay-color":"","overlay-opacity":"","overlay-gradient":""},"mobile":{"background-color":"","background-image":"","background-repeat":"repeat","background-position":"center center","background-size":"auto","background-attachment":"scroll","background-type":"","background-media":"","overlay-type":"","overlay-color":"","overlay-opacity":"","overlay-gradient":""}},"ast-content-background-meta":{"desktop":{"background-color":"var(--ast-global-color-5)","background-image":"","background-repeat":"repeat","background-position":"center center","background-size":"auto","background-attachment":"scroll","background-type":"","background-media":"","overlay-type":"","overlay-color":"","overlay-opacity":"","overlay-gradient":""},"tablet":{"background-color":"var(--ast-global-color-5)","background-image":"","background-repeat":"repeat","background-position":"center center","background-size":"auto","background-attachment":"scroll","background-type":"","background-media":"","overlay-type":"","overlay-color":"","overlay-opacity":"","overlay-gradient":""},"mobile":{"background-color":"var(--ast-global-color-5)","background-image":"","background-repeat":"repeat","background-position":"center center","background-size":"auto","background-attachment":"scroll","background-type":"","background-media":"","overlay-type":"","overlay-color":"","overlay-opacity":"","overlay-gradient":""}},"footnotes":""},"class_list":["post-25760","page","type-page","status-publish","hentry"],"acf":[],"_links":{"self":[{"href":"https:\/\/www.anyload.com\/es\/wp-json\/wp\/v2\/pages\/25760","targetHints":{"allow":["GET"]}}],"collection":[{"href":"https:\/\/www.anyload.com\/es\/wp-json\/wp\/v2\/pages"}],"about":[{"href":"https:\/\/www.anyload.com\/es\/wp-json\/wp\/v2\/types\/page"}],"author":[{"embeddable":true,"href":"https:\/\/www.anyload.com\/es\/wp-json\/wp\/v2\/users\/4"}],"replies":[{"embeddable":true,"href":"https:\/\/www.anyload.com\/es\/wp-json\/wp\/v2\/comments?post=25760"}],"version-history":[{"count":0,"href":"https:\/\/www.anyload.com\/es\/wp-json\/wp\/v2\/pages\/25760\/revisions"}],"wp:attachment":[{"href":"https:\/\/www.anyload.com\/es\/wp-json\/wp\/v2\/media?parent=25760"}],"curies":[{"name":"wp","href":"https:\/\/api.w.org\/{rel}","templated":true}]}}