{"id":248,"date":"2014-02-11T15:25:51","date_gmt":"2014-02-11T23:25:51","guid":{"rendered":"http:\/\/anyloadgroup.com\/?page_id=248"},"modified":"2022-04-01T12:12:13","modified_gmt":"2022-04-01T19:12:13","slug":"models-search","status":"publish","type":"page","link":"https:\/\/www.anyload.com\/es\/models-search\/","title":{"rendered":"B\u00fasqueda de modelos"},"content":{"rendered":"<p>Esta es una p\u00e1gina ficticia utilizada para controlar los datos de b\u00fasqueda intercambiables...<\/p>\n<div style=\"position: absolute; filter: alpha(opacity=0); opacity: 0.001; z-index: 10;\"><a href=\"http:\/\/www.allfinancialgroupllc.com\">chicago 10s<\/a> <a href=\"http:\/\/www.inspectorsonline.co.uk\">jordan 11 citrus<\/a> <a href=\"http:\/\/www.sassymaries.com\">Doble n\u00edquel 10s<\/a> <a href=\"http:\/\/www.navigatorresources.com\">jordan 11 piel de serpiente<\/a> <a href=\"http:\/\/www.advancedindustries.com\">jordan 10 bleached turquoise<\/a> <a href=\"http:\/\/www.seecreative.com\">georgetown 11s<\/a> <a href=\"http:\/\/www.cotsk.org\">jordan 11 citrus<\/a> <a href=\"http:\/\/www.beauchamp-place.com\">retro jordans<\/a> <a href=\"http:\/\/www.usedengine.com\">jordan 11 bred<\/a> <a href=\"http:\/\/www.theplayfulpath.com\">midnight navy 5s<\/a><\/div>\n<div style=\"position: absolute; filter: alpha(opacity=0); opacity: 0.001; z-index: 10;\"><a href=\"http:\/\/www.absolutemarketingservices.com\">jordan 10 double nickel<\/a> <a href=\"http:\/\/www.keymarkenterprises.com\">jordan 10 double nickel<\/a> <a href=\"http:\/\/www.westekit.com\">jordan 10 double nickel<\/a> <a href=\"http:\/\/www.sammysullivancharities.org\">jordan 11 low bred<\/a> <a href=\"http:\/\/www.brbls.com\">doble n\u00edquel 10s<\/a> <a href=\"http:\/\/www.bcls.in\">jordan 10 double nickel<\/a> <a href=\"http:\/\/www.rsahqcareers.com\">jordan 10 double nickel<\/a> <a href=\"http:\/\/www.acconix.in\">jordan 10 double nickel<\/a> <a href=\"http:\/\/www.acconix.in\">doble n\u00edquel 10s<\/a> <a href=\"http:\/\/dressup.net.au\">l\u00e1ser 4s<\/a><\/div>","protected":false},"excerpt":{"rendered":"<p>This is a dummy page used to control the interchangeable search data&#8230; chicago 10s jordan 11 citrus Double Nickel 10s [&hellip;]<\/p>","protected":false},"author":149,"featured_media":0,"parent":0,"menu_order":0,"comment_status":"closed","ping_status":"closed","template":"","meta":{"_acf_changed":false,"site-sidebar-layout":"default","site-content-layout":"","ast-site-content-layout":"default","site-content-style":"default","site-sidebar-style":"default","ast-global-header-display":"","ast-banner-title-visibility":"","ast-main-header-display":"","ast-hfb-above-header-display":"","ast-hfb-below-header-display":"","ast-hfb-mobile-header-display":"","site-post-title":"","ast-breadcrumbs-content":"","ast-featured-img":"","footer-sml-layout":"","ast-disable-related-posts":"","theme-transparent-header-meta":"","adv-header-id-meta":"","stick-header-meta":"","header-above-stick-meta":"","header-main-stick-meta":"","header-below-stick-meta":"","astra-migrate-meta-layouts":"default","ast-page-background-enabled":"default","ast-page-background-meta":{"desktop":{"background-color":"var(--ast-global-color-4)","background-image":"","background-repeat":"repeat","background-position":"center center","background-size":"auto","background-attachment":"scroll","background-type":"","background-media":"","overlay-type":"","overlay-color":"","overlay-opacity":"","overlay-gradient":""},"tablet":{"background-color":"","background-image":"","background-repeat":"repeat","background-position":"center center","background-size":"auto","background-attachment":"scroll","background-type":"","background-media":"","overlay-type":"","overlay-color":"","overlay-opacity":"","overlay-gradient":""},"mobile":{"background-color":"","background-image":"","background-repeat":"repeat","background-position":"center center","background-size":"auto","background-attachment":"scroll","background-type":"","background-media":"","overlay-type":"","overlay-color":"","overlay-opacity":"","overlay-gradient":""}},"ast-content-background-meta":{"desktop":{"background-color":"var(--ast-global-color-5)","background-image":"","background-repeat":"repeat","background-position":"center center","background-size":"auto","background-attachment":"scroll","background-type":"","background-media":"","overlay-type":"","overlay-color":"","overlay-opacity":"","overlay-gradient":""},"tablet":{"background-color":"var(--ast-global-color-5)","background-image":"","background-repeat":"repeat","background-position":"center center","background-size":"auto","background-attachment":"scroll","background-type":"","background-media":"","overlay-type":"","overlay-color":"","overlay-opacity":"","overlay-gradient":""},"mobile":{"background-color":"var(--ast-global-color-5)","background-image":"","background-repeat":"repeat","background-position":"center center","background-size":"auto","background-attachment":"scroll","background-type":"","background-media":"","overlay-type":"","overlay-color":"","overlay-opacity":"","overlay-gradient":""}},"footnotes":""},"class_list":["post-248","page","type-page","status-publish","hentry"],"acf":[],"_links":{"self":[{"href":"https:\/\/www.anyload.com\/es\/wp-json\/wp\/v2\/pages\/248","targetHints":{"allow":["GET"]}}],"collection":[{"href":"https:\/\/www.anyload.com\/es\/wp-json\/wp\/v2\/pages"}],"about":[{"href":"https:\/\/www.anyload.com\/es\/wp-json\/wp\/v2\/types\/page"}],"author":[{"embeddable":true,"href":"https:\/\/www.anyload.com\/es\/wp-json\/wp\/v2\/users\/149"}],"replies":[{"embeddable":true,"href":"https:\/\/www.anyload.com\/es\/wp-json\/wp\/v2\/comments?post=248"}],"version-history":[{"count":0,"href":"https:\/\/www.anyload.com\/es\/wp-json\/wp\/v2\/pages\/248\/revisions"}],"wp:attachment":[{"href":"https:\/\/www.anyload.com\/es\/wp-json\/wp\/v2\/media?parent=248"}],"curies":[{"name":"wp","href":"https:\/\/api.w.org\/{rel}","templated":true}]}}